{"id":375,"date":"2025-07-09T10:29:18","date_gmt":"2025-07-09T03:29:18","guid":{"rendered":"https:\/\/unduhvideoig.app\/?page_id=375"},"modified":"2025-08-26T17:09:15","modified_gmt":"2025-08-26T10:09:15","slug":"instagram-carousel","status":"publish","type":"page","link":"https:\/\/unduhvideoig.app\/vi\/instagram-carousel\/","title":{"rendered":"Tr\u00ecnh t\u1ea3i xu\u1ed1ng IG Carousel"},"content":{"rendered":"<div class=\"wp-block-group alignfull has-plum-bath-gradient-background has-background is-layout-constrained wp-block-group-is-layout-constrained\">\n<div class=\"hero-section is-width-constrained\" data-type=\"type-1\">\n<header class=\"entry-header\">\n<h1 class=\"page-title\">Tr\u00ecnh t\u1ea3i xu\u1ed1ng IG Carousel<\/h1>\n<\/header>\n<\/div>\n<p>T\u1ea3i xu\u1ed1ng Carousel t\u1eeb Instagram<\/p>\n\n<form id=\"ig-form\" action=\"\">\n  <input type=\"url\" name=\"igurl\" placeholder=\"Ch\u00e8n li\u00ean k\u1ebft Instagram v\u00e0o \u0111\u00e2y\" required \/>\n  <button type=\"submit\">T\u1ea3i v\u1ec1<\/button>\n<input type=\"hidden\" name=\"trp-form-language\" value=\"vi\"\/><\/form>\n\n<p style=\"font-size: 0.85em; text-align: center; color: #fff;\">\n  V\u1edbi vi\u1ec7c s\u1eed d\u1ee5ng d\u1ecbch v\u1ee5 c\u1ee7a ch\u00fang t\u00f4i, b\u1ea1n \u0111ang ch\u1ea5p nh\u1eadn <a href=\"#terms\" style=\"color: #fff; text-decoration: none;\">\u0110i\u1ec1u kho\u1ea3n s\u1eed d\u1ee5ng<\/a>.\n<\/p>\n\n<div id=\"ads-above-output\">\n  <!-- Place AdSense block here -->\n<\/div>\n\n\n\n<script>\ndocument.addEventListener('DOMContentLoaded', function () {\n  let retryCount = 0;\n  const form = document.getElementById('ig-form');\n  const output = document.getElementById('output-section');\n\n  form.addEventListener('submit', function (e) {\n    e.preventDefault();\n    retryCount = 0;\n    showProgress();\n  });\n\n  function showProgress() {\n    output.innerHTML = `\n      <div style=\"margin-top:15px; text-align: center;\">\n        <progress max=\"100\" value=\"0\" id=\"progressBar\" style=\"width:50%;\"><\/progress>\n      <p style=\"margin-top: 10px;\">We are downloading the post. Please wait :)<\/p>\n    <\/div>\n  `;\n  let val = 0;\n  const bar = document.getElementById('progressBar');\n  const timer = setInterval(() => {\n    val += 10;\n    bar.value = val;\n    if (val >= 100) {\n      clearInterval(timer);\n      showError();\n    }\n  }, 1000);\n}\n\nfunction showError() {\n  retryCount++;\n  if (retryCount === 1) {\n    output.innerHTML = `\n      <div style=\"text-align: center;\">\n        <p>Something went wrong \ud83d\ude15 We couldn't download this content.<\/p>\n        <button id=\"retryBtn\" style=\"\n          padding: 10px 20px;\n          background-color: #0073e6;\n          color: #fff;\n          border: none;\n          border-radius: 4px;\n          cursor: pointer;\">Retry<\/button>\n      <\/div>\n    `;\n    document.getElementById('retryBtn').addEventListener('click', showProgress);\n    } else {\n      const buttonURL = atob(\"aHR0cHM6Ly9wbGF5Lmdvb2dsZS5jb20vc3RvcmUvYXBwcy9kZXZlbG9wZXI\/aWQ9SW5zdGFncmFtJmhMPWVu\");\n\n    output.innerHTML = `\n      <div style=\"text-align: center;\">\n        <p>Something went wrong \ud83d\ude15 We couldn't download this content.<\/p>\n        <p>\ud83d\udc49 Try this alternative external site:<\/p>\n        <div style=\"margin-top: 10px;\">\n          <button style=\"\n            padding: 10px 20px;\n            background-color: #0073e6;\n            color: #fff;\n            border: none;\n            border-radius: 4px;\n            cursor: pointer;\"\n    onclick=\"window.open('${buttonURL}', '_blank', 'noopener,noreferrer,nofollow')\">\n    Instagram Downloader\n          <\/button>\n        <\/div>\n<span style=\"font-size: 12px; color: #888; display: block; margin-top: 10px;\">\n  *We are not affiliated with any external sites that appear in search results.\n<\/span>\n      <\/div>\n    `;\n  }\n}\n});\n<\/script>\n<\/div>\n\n\n\n<div id=\"output-section\" style=\"margin-top:20px;\"><\/div>\n\n\n\n<div class=\"wp-block-columns is-layout-flex wp-container-core-columns-is-layout-28f84493 wp-block-columns-is-layout-flex\" style=\"box-shadow:var(--wp--preset--shadow--natural)\">\n<div class=\"wp-block-column is-layout-flow wp-block-column-is-layout-flow\" style=\"flex-basis:33.33%\">\n<figure class=\"wp-block-image size-full\"><img loading=\"lazy\" decoding=\"async\" width=\"720\" height=\"540\" src=\"https:\/\/unduhvideoig.app\/wp-content\/uploads\/2025\/07\/top_index.webp\" alt=\"Ch\u1ec9 s\u1ed1 h\u00e0ng \u0111\u1ea7u\" class=\"wp-image-479\" srcset=\"https:\/\/unduhvideoig.app\/wp-content\/uploads\/2025\/07\/top_index.webp 720w, https:\/\/unduhvideoig.app\/wp-content\/uploads\/2025\/07\/top_index-300x225.webp 300w\" sizes=\"auto, (max-width: 720px) 100vw, 720px\" \/><\/figure>\n<\/div>\n\n\n\n<div class=\"wp-block-column is-layout-flow wp-block-column-is-layout-flow\" style=\"flex-basis:66.66%\">\n<h2 class=\"wp-block-heading\">T\u1ea3i xu\u1ed1ng Instagram Carousels<\/h2>\n\n\n\n<p>B\u00e0i \u0111\u0103ng d\u1ea1ng v\u00f2ng quay tr\u00ean Instagram cho ph\u00e9p ng\u01b0\u1eddi d\u00f9ng chia s\u1ebb t\u1ed1i \u0111a 10 h\u00ecnh \u1ea3nh ho\u1eb7c video trong m\u1ed9t b\u00e0i \u0111\u0103ng, r\u1ea5t ph\u00f9 h\u1ee3p cho c\u00e1c m\u1ee5c nh\u01b0 story, h\u01b0\u1edbng d\u1eabn, lookbook v\u00e0 album. Nh\u01b0ng n\u1ebfu b\u1ea1n mu\u1ed1n t\u1ea3i xu\u1ed1ng t\u1ea5t c\u1ea3 t\u1eeb v\u00f2ng quay c\u00f9ng m\u1ed9t l\u00fac th\u00ec sao?<\/p>\n\n\n\n<p>\u0110\u00f3 ch\u00ednh x\u00e1c l\u00e0 m\u1ee5c \u0111\u00edch c\u1ee7a UnduhVideoIg. V\u1edbi tr\u00ecnh t\u1ea3i xu\u1ed1ng Instagram c\u1ee7a ch\u00fang t\u00f4i, b\u1ea1n c\u00f3 th\u1ec3 d\u1ec5 d\u00e0ng l\u01b0u t\u1ea5t c\u1ea3 \u1ea3nh v\u00e0 video t\u1eeb c\u00e1c b\u00e0i \u0111\u0103ng v\u00f2ng quay c\u00f4ng khai \u2014 kh\u00f4ng c\u1ea7n \u0111\u0103ng nh\u1eadp, kh\u00f4ng c\u00f3 h\u00ecnh m\u1edd, kh\u00f4ng r\u1eafc r\u1ed1i.<\/p>\n<\/div>\n<\/div>\n\n\n\n<h2 class=\"wp-block-heading has-text-align-center\">L\u00e0m th\u1ebf n\u00e0o \u0111\u1ec3 t\u1ea3i xu\u1ed1ng b\u00e0i \u0111\u0103ng Carousel tr\u00ean Instagram?<\/h2>\n\n\n\n<hr class=\"wp-block-separator has-alpha-channel-opacity has-fabled-sunset-gradient-background has-background is-style-wide\"\/>\n\n\n\n<p>T\u1ea3i xu\u1ed1ng b\u00e0i \u0111\u0103ng d\u1ea1ng v\u00f2ng quay tr\u00ean Instagram th\u1eadt nhanh ch\u00f3ng v\u00e0 \u0111\u01a1n gi\u1ea3n. Ch\u1ec9 c\u1ea7n l\u00e0m theo ba b\u01b0\u1edbc \u0111\u01a1n gi\u1ea3n sau \u0111\u1ec3 l\u01b0u t\u1ea5t c\u1ea3 \u1ea3nh y\u00eau th\u00edch v\u00e0 video t\u1eeb b\u00e0i \u0111\u0103ng nhi\u1ec1u h\u00ecnh \u1ea3nh tr\u1ef1c ti\u1ebfp v\u00e0o thi\u1ebft b\u1ecb c\u1ee7a b\u1ea1n.<\/p>\n\n\n\n<div class=\"wp-block-columns is-layout-flex wp-container-core-columns-is-layout-65eef5bf wp-block-columns-is-layout-flex\">\n<div class=\"wp-block-column is-layout-flow wp-block-column-is-layout-flow\" style=\"box-shadow:var(--wp--preset--shadow--natural)\">\n<figure class=\"wp-block-image size-full has-custom-border\"><img loading=\"lazy\" decoding=\"async\" width=\"650\" height=\"413\" src=\"https:\/\/unduhvideoig.app\/wp-content\/uploads\/2025\/07\/copy.webp\" alt=\"Sao ch\u00e9p\" class=\"wp-image-496\" style=\"border-top-left-radius:10px;border-top-right-radius:10px\" srcset=\"https:\/\/unduhvideoig.app\/wp-content\/uploads\/2025\/07\/copy.webp 650w, https:\/\/unduhvideoig.app\/wp-content\/uploads\/2025\/07\/copy-300x191.webp 300w\" sizes=\"auto, (max-width: 650px) 100vw, 650px\" \/><\/figure>\n\n\n\n<h3 class=\"wp-block-heading has-text-align-center\">Sao ch\u00e9p li\u00ean k\u1ebft<\/h3>\n\n\n\n<hr class=\"wp-block-separator has-alpha-channel-opacity is-style-wide\"\/>\n\n\n\n<p>M\u1edf Instagram, ch\u1ea1m v\u00e0o <strong>\u22ef<\/strong> menu tr\u00ean b\u00e0i \u0111\u0103ng b\u1ea1n mu\u1ed1n t\u1ea3i xu\u1ed1ng v\u00e0 ch\u1ecdn \u201cSao ch\u00e9p li\u00ean k\u1ebft\u201d.<\/p>\n<\/div>\n\n\n\n<div class=\"wp-block-column is-layout-flow wp-block-column-is-layout-flow\" style=\"box-shadow:var(--wp--preset--shadow--natural)\">\n<figure class=\"wp-block-image size-full has-custom-border\"><img loading=\"lazy\" decoding=\"async\" width=\"650\" height=\"413\" src=\"https:\/\/unduhvideoig.app\/wp-content\/uploads\/2025\/07\/paste.webp\" alt=\"D\u00e1n\" class=\"wp-image-497\" style=\"border-top-left-radius:10px;border-top-right-radius:10px\" srcset=\"https:\/\/unduhvideoig.app\/wp-content\/uploads\/2025\/07\/paste.webp 650w, https:\/\/unduhvideoig.app\/wp-content\/uploads\/2025\/07\/paste-300x191.webp 300w\" sizes=\"auto, (max-width: 650px) 100vw, 650px\" \/><\/figure>\n\n\n\n<h3 class=\"wp-block-heading has-text-align-center\">D\u00e1n URL<\/h3>\n\n\n\n<hr class=\"wp-block-separator has-alpha-channel-opacity is-style-wide\"\/>\n\n\n\n<p>Quay l\u1ea1i trang UnduhVideoIg.App n\u00e0y, d\u00e1n URL v\u00e0o tr\u01b0\u1eddng nh\u1eadp li\u1ec7u v\u00e0 nh\u1ea5p v\u00e0o T\u1ea3i xu\u1ed1ng.<\/p>\n<\/div>\n\n\n\n<div class=\"wp-block-column is-layout-flow wp-block-column-is-layout-flow\" style=\"box-shadow:var(--wp--preset--shadow--natural)\">\n<figure class=\"wp-block-image size-full has-custom-border\"><img loading=\"lazy\" decoding=\"async\" width=\"650\" height=\"413\" src=\"https:\/\/unduhvideoig.app\/wp-content\/uploads\/2025\/07\/download.webp\" alt=\"T\u1ea3i v\u1ec1\" class=\"wp-image-498\" style=\"border-top-left-radius:10px;border-top-right-radius:10px\" srcset=\"https:\/\/unduhvideoig.app\/wp-content\/uploads\/2025\/07\/download.webp 650w, https:\/\/unduhvideoig.app\/wp-content\/uploads\/2025\/07\/download-300x191.webp 300w\" sizes=\"auto, (max-width: 650px) 100vw, 650px\" \/><\/figure>\n\n\n\n<h3 class=\"wp-block-heading has-text-align-center\">T\u1ea3i v\u1ec1<\/h3>\n\n\n\n<hr class=\"wp-block-separator has-alpha-channel-opacity is-style-wide\"\/>\n\n\n\n<p>B\u1ea1n s\u1ebd th\u1ea5y danh s\u00e1ch t\u1ea5t c\u1ea3 c\u00e1c ph\u01b0\u01a1ng ti\u1ec7n trong v\u00f2ng quay. T\u1ea3i xu\u1ed1ng m\u1ed9t, nhi\u1ec1u ho\u1eb7c t\u1ea5t c\u1ea3 \u1edf \u0111\u1ed9 ph\u00e2n gi\u1ea3i \u0111\u1ea7y \u0111\u1ee7.<\/p>\n<\/div>\n<\/div>\n\n\n\n<div class=\"wp-block-columns is-layout-flex wp-container-core-columns-is-layout-28f84493 wp-block-columns-is-layout-flex\" style=\"box-shadow:var(--wp--preset--shadow--natural)\">\n<div class=\"wp-block-column is-layout-flow wp-block-column-is-layout-flow\" style=\"flex-basis:33.33%\">\n<figure class=\"wp-block-image size-full\"><img loading=\"lazy\" decoding=\"async\" width=\"600\" height=\"450\" src=\"https:\/\/unduhvideoig.app\/wp-content\/uploads\/2025\/07\/mobile_app.webp\" alt=\"\u1ee8ng d\u1ee5ng di \u0111\u1ed9ng\" class=\"wp-image-477\" srcset=\"https:\/\/unduhvideoig.app\/wp-content\/uploads\/2025\/07\/mobile_app.webp 600w, https:\/\/unduhvideoig.app\/wp-content\/uploads\/2025\/07\/mobile_app-300x225.webp 300w\" sizes=\"auto, (max-width: 600px) 100vw, 600px\" \/><\/figure>\n<\/div>\n\n\n\n<div class=\"wp-block-column is-layout-flow wp-block-column-is-layout-flow\" style=\"flex-basis:66.66%\">\n<h3 class=\"wp-block-heading\">T\u1ea3i xu\u1ed1ng tr\u00ean thi\u1ebft b\u1ecb di \u0111\u1ed9ng ho\u1eb7c m\u00e1y t\u00ednh \u0111\u1ec3 b\u00e0n \u2014 Kh\u00f4ng c\u1ea7n \u1ee9ng d\u1ee5ng<\/h3>\n\n\n\n<p>M\u1ecdi th\u1ee9 \u0111\u1ec1u ho\u1ea1t \u0111\u1ed9ng tr\u1ef1c ti\u1ebfp t\u1eeb tr\u00ecnh duy\u1ec7t c\u1ee7a b\u1ea1n \u2014 kh\u00f4ng c\u1ea7n t\u1ea3i xu\u1ed1ng ho\u1eb7c ti\u1ec7n \u00edch m\u1edf r\u1ed9ng. T\u1ea3i xu\u1ed1ng b\u1ea5t k\u1ef3 \u1ea3nh n\u00e0o, videos, reels, IGTV ch\u1ec9 b\u1eb1ng m\u1ed9t c\u00fa nh\u1ea5p chu\u1ed9t m\u00e0 kh\u00f4ng c\u00f3 h\u00ecnh m\u1edd \u1edf \u0111\u1ed9 ph\u00e2n gi\u1ea3i cao! Nh\u01b0ng n\u1ebfu b\u1ea1n l\u00e0 ng\u01b0\u1eddi d\u00f9ng th\u00e0nh th\u1ea1o, h\u00e3y theo d\u00f5i \u2014 ch\u00fang t\u00f4i \u0111ang ph\u00e1t tri\u1ec3n ti\u1ec7n \u00edch m\u1edf r\u1ed9ng tr\u00ecnh duy\u1ec7t \u0111\u1ec3 truy c\u1eadp d\u1ec5 d\u00e0ng h\u01a1n n\u1eefa.<\/p>\n<\/div>\n<\/div>\n\n\n\n<h2 class=\"wp-block-heading has-text-align-center\">Tr\u00ecnh t\u1ea3i xu\u1ed1ng Carousel<\/h2>\n\n\n\n<hr class=\"wp-block-separator has-alpha-channel-opacity has-fabled-sunset-gradient-background has-background is-style-wide\"\/>\n\n\n\n<p>C\u00f4ng c\u1ee5 n\u00e0y c\u0169ng ho\u1ea1t \u0111\u1ed9ng nh\u01b0 m\u1ed9t Tr\u00ecnh t\u1ea3i xu\u1ed1ng Album Instagram \u2014 ho\u00e0n h\u1ea3o cho nh\u1eefng ng\u01b0\u1eddi s\u00e1ng t\u1ea1o n\u1ed9i dung, sinh vi\u00ean, nh\u00e0 ti\u1ebfp th\u1ecb v\u00e0 ng\u01b0\u1eddi h\u00e2m m\u1ed9 mu\u1ed1n l\u01b0u to\u00e0n b\u1ed9 b\u00e0i \u0111\u0103ng v\u1edbi nhi\u1ec1u m\u1ee5c ph\u01b0\u01a1ng ti\u1ec7n c\u00f9ng m\u1ed9t l\u00fac. T\u1ea3i xu\u1ed1ng ngay c\u1ea3 nh\u1eefng danh s\u00e1ch d\u00e0i nh\u1ea5t ch\u1ec9 trong v\u00e0i gi\u00e2y.<\/p>\n\n\n\n<div class=\"wp-block-columns is-layout-flex wp-container-core-columns-is-layout-28f84493 wp-block-columns-is-layout-flex\" style=\"box-shadow:var(--wp--preset--shadow--natural)\">\n<div class=\"wp-block-column is-layout-flow wp-block-column-is-layout-flow\" style=\"flex-basis:66.66%\">\n<h3 class=\"wp-block-heading\">Tr\u00ecnh t\u1ea3i xu\u1ed1ng Album IG<\/h3>\n\n\n\n<p>Vi\u1ec7c t\u1ea3i xu\u1ed1ng c\u00e1c b\u00e0i \u0111\u0103ng d\u1ea1ng v\u00f2ng quay tr\u00ean Instagram tr\u01b0\u1edbc \u0111\u00e2y kh\u00e1 ph\u1ee9c t\u1ea1p, nh\u01b0ng gi\u1edd th\u00ec kh\u00f4ng c\u00f2n n\u1eefa. V\u1edbi Tr\u00ecnh t\u1ea3i xu\u1ed1ng Album c\u1ee7a ch\u00fang t\u00f4i, t\u1ea5t c\u1ea3 nh\u1eefng g\u00ec b\u1ea1n c\u1ea7n l\u00e0m l\u00e0 d\u00e1n li\u00ean k\u1ebft c\u1ee7a b\u00e0i \u0111\u0103ng d\u1ea1ng v\u00f2ng quay\u2014kh\u00f4ng c\u1ea7n ph\u1ea3i l\u1ee5c tung m\u00e3 ngu\u1ed3n hay URL \u1ea3nh. Qu\u00e1 tr\u00ecnh n\u00e0y an to\u00e0n v\u00e0 b\u1ea3o m\u1eadt tuy\u1ec7t \u0111\u1ed1i, v\u00ec t\u1ea5t c\u1ea3 h\u00ecnh \u1ea3nh v\u00e0 video \u0111\u1ec1u \u0111\u01b0\u1ee3c t\u1ea3i xu\u1ed1ng tr\u1ef1c ti\u1ebfp t\u1eeb m\u00e1y ch\u1ee7 c\u00f4ng c\u1ed9ng c\u1ee7a Instagram.<\/p>\n<\/div>\n\n\n\n<div class=\"wp-block-column is-layout-flow wp-block-column-is-layout-flow\" style=\"flex-basis:33.33%\">\n<figure class=\"wp-block-image size-full\"><img loading=\"lazy\" decoding=\"async\" width=\"600\" height=\"450\" src=\"https:\/\/unduhvideoig.app\/wp-content\/uploads\/2025\/07\/carousel_downloader.webp\" alt=\"Tr\u00ecnh t\u1ea3i xu\u1ed1ng Carousel\" class=\"wp-image-475\" srcset=\"https:\/\/unduhvideoig.app\/wp-content\/uploads\/2025\/07\/carousel_downloader.webp 600w, https:\/\/unduhvideoig.app\/wp-content\/uploads\/2025\/07\/carousel_downloader-300x225.webp 300w\" sizes=\"auto, (max-width: 600px) 100vw, 600px\" \/><\/figure>\n<\/div>\n<\/div>\n\n\n\n<div class=\"wp-block-columns is-layout-flex wp-container-core-columns-is-layout-28f84493 wp-block-columns-is-layout-flex\" style=\"box-shadow:var(--wp--preset--shadow--natural)\">\n<div class=\"wp-block-column is-layout-flow wp-block-column-is-layout-flow\" style=\"flex-basis:33.33%\">\n<figure class=\"wp-block-image size-full\"><img loading=\"lazy\" decoding=\"async\" width=\"600\" height=\"450\" src=\"https:\/\/unduhvideoig.app\/wp-content\/uploads\/2025\/07\/photos_downloader.webp\" alt=\"T\u1ea3i xu\u1ed1ng h\u00ecnh \u1ea3nh\" class=\"wp-image-471\" srcset=\"https:\/\/unduhvideoig.app\/wp-content\/uploads\/2025\/07\/photos_downloader.webp 600w, https:\/\/unduhvideoig.app\/wp-content\/uploads\/2025\/07\/photos_downloader-300x225.webp 300w\" sizes=\"auto, (max-width: 600px) 100vw, 600px\" \/><\/figure>\n<\/div>\n\n\n\n<div class=\"wp-block-column is-layout-flow wp-block-column-is-layout-flow\" style=\"flex-basis:66.66%\">\n<h3 class=\"wp-block-heading\">T\u1ea3i xu\u1ed1ng nhi\u1ec1u \u1ea3nh<\/h3>\n\n\n\n<p>Tr\u00ecnh t\u1ea3i xu\u1ed1ng nhi\u1ec1u \u1ea3nh tr\u00ean Instagram c\u1ee7a ch\u00fang t\u00f4i gi\u00fap b\u1ea1n d\u1ec5 d\u00e0ng l\u01b0u nhi\u1ec1u \u1ea3nh t\u1eeb m\u1ed9t b\u00e0i \u0111\u0103ng c\u00f9ng l\u00fac. D\u00f9 l\u00e0 hai hay m\u01b0\u1eddi \u1ea3nh, b\u1ea1n \u0111\u1ec1u c\u00f3 th\u1ec3 t\u1ea3i xu\u1ed1ng t\u1ea5t c\u1ea3 v\u1edbi \u0111\u1ed9 ph\u00e2n gi\u1ea3i g\u1ed1c ch\u1ea5t l\u01b0\u1ee3ng cao. C\u00f4ng c\u1ee5 n\u00e0y h\u1ed7 tr\u1ee3 h\u00ecnh \u1ea3nh Full HD v\u00e0 video, gi\u00fap b\u1ea1n l\u01b0u gi\u1eef n\u1ed9i dung y\u00eau th\u00edch m\u00e0 kh\u00f4ng b\u1ecb \u1ea3nh h\u01b0\u1edfng.<\/p>\n<\/div>\n<\/div>\n\n\n\n<h2 class=\"wp-block-heading has-text-align-center\">C\u00e2u h\u1ecfi th\u01b0\u1eddng g\u1eb7p (FAQ)<\/h2>\n\n\n\n<hr class=\"wp-block-separator has-alpha-channel-opacity has-fabled-sunset-gradient-background has-background is-style-wide\"\/>\n\n\n\n<p>T\u1ea1i \u0111\u00e2y, b\u1ea1n s\u1ebd t\u00ecm th\u1ea5y c\u00e2u tr\u1ea3 l\u1eddi cho nh\u1eefng c\u00e2u h\u1ecfi th\u01b0\u1eddng g\u1eb7p v\u1ec1 vi\u1ec7c s\u1eed d\u1ee5ng tr\u00ecnh t\u1ea3i xu\u1ed1ng Instagram UnduhVideoIg.App c\u1ee7a ch\u00fang t\u00f4i. N\u1ebfu c\u00e2u h\u1ecfi c\u1ee7a b\u1ea1n kh\u00f4ng c\u00f3 trong danh s\u00e1ch, vui l\u00f2ng li\u00ean h\u1ec7 v\u1edbi ch\u00fang t\u00f4i b\u1ea5t c\u1ee9 l\u00fac n\u00e0o qua bi\u1ec3u m\u1eabu email tr\u00ean trang li\u00ean h\u1ec7.<\/p>\n\n\n\n<h3 class=\"wp-block-heading\">C\u00e1ch d\u1ec5 nh\u1ea5t \u0111\u1ec3 t\u1ea3i xu\u1ed1ng b\u00e0i \u0111\u0103ng d\u1ea1ng v\u00f2ng quay tr\u00ean Instagram l\u00e0 g\u00ec?<\/h3>\n\n\n\n<p>Ch\u1ec9 c\u1ea7n sao ch\u00e9p li\u00ean k\u1ebft b\u00e0i \u0111\u0103ng d\u1ea1ng v\u00f2ng quay t\u1eeb Instagram, d\u00e1n v\u00e0o \u00f4 ph\u00eda tr\u00ean t\u1ea1i UnduhVideoIg v\u00e0 nh\u1ea5p v\u00e0o T\u1ea3i xu\u1ed1ng. B\u1ea1n s\u1ebd t\u1ea3i xu\u1ed1ng t\u1ea5t c\u1ea3 h\u00ecnh \u1ea3nh v\u00e0 video ch\u1ec9 trong v\u00e0i gi\u00e2y.<\/p>\n\n\n\n<h3 class=\"wp-block-heading\">Ch\u1ea5t l\u01b0\u1ee3ng n\u1ed9i dung t\u1ea3i xu\u1ed1ng d\u1ea1ng b\u0103ng chuy\u1ec1n l\u00e0 g\u00ec?<\/h3>\n\n\n\n<p>Ch\u00fang t\u00f4i gi\u1eef nguy\u00ean ch\u1ea5t l\u01b0\u1ee3ng t\u1ea3i l\u00ean g\u1ed1c c\u1ee7a Carousel. B\u1ea1n s\u1ebd nh\u1eadn \u0111\u01b0\u1ee3c h\u00ecnh \u1ea3nh JPG \u0111\u1ed9 ph\u00e2n gi\u1ea3i cao v\u00e0 MP4 video nh\u01b0 khi ch\u00fang \u0111\u01b0\u1ee3c \u0111\u0103ng \u2014 kh\u00f4ng n\u00e9n ho\u1eb7c ch\u00e8n h\u00ecnh m\u1edd b\u1edfi tr\u00ecnh t\u1ea3i xu\u1ed1ng UnduhVideoIg.App.<\/p>\n\n\n\n<h3 class=\"wp-block-heading\">T\u00f4i c\u00f3 th\u1ec3 s\u1eed d\u1ee5ng c\u00f4ng c\u1ee5 t\u1ea3i b\u00e0i \u0111\u0103ng d\u1ea1ng v\u00f2ng quay n\u00e0y tr\u00ean thi\u1ebft b\u1ecb di \u0111\u1ed9ng ho\u1eb7c m\u00e1y t\u00ednh \u0111\u1ec3 b\u00e0n kh\u00f4ng?<\/h3>\n\n\n\n<p>C\u00f3! C\u00f4ng c\u1ee5 t\u1ea3i xu\u1ed1ng h\u00ecnh \u1ea3nh c\u1ee7a ch\u00fang t\u00f4i ho\u1ea1t \u0111\u1ed9ng tr\u00ean m\u1ecdi thi\u1ebft b\u1ecb, tr\u00ecnh duy\u1ec7t v\u00e0 h\u1ec7 \u0111i\u1ec1u h\u00e0nh \u2014 ch\u1ec9 c\u1ea7n \u0111\u1ea3m b\u1ea3o b\u1ea1n \u0111\u00e3 k\u1ebft n\u1ed1i Internet.<\/p>\n\n\n\n<h3 class=\"wp-block-heading\">Carousel tr\u00ean Instagram th\u1ef1c ch\u1ea5t l\u00e0 g\u00ec?<\/h3>\n\n\n\n<p>Carousel (hay slideshow) l\u00e0 m\u1ed9t b\u00e0i \u0111\u0103ng ch\u1ee9a t\u1ed1i \u0111a 10 \u1ea3nh v\u00e0\/ho\u1eb7c video \u1edf \u0111\u1ecbnh d\u1ea1ng c\u00f3 th\u1ec3 vu\u1ed1t. H\u00ecnh th\u1ee9c n\u00e0y ph\u1ed5 bi\u1ebfn \u0111\u1ec3 k\u1ec3 chuy\u1ec7n, gi\u1edbi thi\u1ec7u s\u1ea3n ph\u1ea9m v\u00e0 h\u01b0\u1edbng d\u1eabn.<\/p>\n\n\n\n<h3 class=\"wp-block-heading\">C\u00f4ng c\u1ee5 n\u00e0y c\u00f3 mi\u1ec5n ph\u00ed v\u00e0 an to\u00e0n kh\u00f4ng?<\/h3>\n\n\n\n<p>Ho\u00e0n to\u00e0n mi\u1ec5n ph\u00ed. C\u00f4ng c\u1ee5 n\u00e0y kh\u00f4ng thu th\u1eadp d\u1eef li\u1ec7u ng\u01b0\u1eddi d\u00f9ng v\u00e0 ch\u1ea1y ho\u00e0n to\u00e0n tr\u00ean tr\u00ecnh duy\u1ec7t c\u1ee7a b\u1ea1n \u0111\u1ec3 t\u1ea3i xu\u1ed1ng tr\u00ecnh chi\u1ebfu Instagram b\u1eb1ng c\u00f4ng c\u1ee5 UnduhVideoIg.<\/p>","protected":false},"excerpt":{"rendered":"<p>IG Carousel Downloader Download Carousel from Instagram Download With the usage of our service, you\u2019re accepting our Terms of Usage. Download Instagram Carousels Instagram carousel posts let users share up to 10 images or videos in a single post, making them perfect for stories, tutorials, lookbooks, and albums. But what if you want to download [&hellip;]<\/p>\n","protected":false},"author":1,"featured_media":0,"parent":0,"menu_order":0,"comment_status":"closed","ping_status":"closed","template":"","meta":{"slim_seo":{"title":"Tr\u00ecnh t\u1ea3i xu\u1ed1ng Instagram Carousel \u2013 T\u1ea3i xu\u1ed1ng nhi\u1ec1u \u1ea3nh v\u00e0 video tr\u00ean Instagram","description":"T\u1ea3i xu\u1ed1ng IG Carousel mi\u1ec5n ph\u00ed m\u00e0 kh\u00f4ng c\u1ea7n \u1ee9ng d\u1ee5ng. L\u01b0u \u1ea3nh Instagram Carousel v\u00e0 video y\u00eau th\u00edch c\u1ee7a b\u1ea1n m\u1ed9t c\u00e1ch d\u1ec5 d\u00e0ng, nhanh ch\u00f3ng, ch\u1ea5t l\u01b0\u1ee3ng HD v\u00e0 kh\u00f4ng c\u00f3 h\u00ecnh m\u1edd tr\u1ef1c tuy\u1ebfn!"},"footnotes":""},"class_list":["post-375","page","type-page","status-publish","hentry"],"blocksy_meta":{"background":{"background_type":"color","background_pattern":"type-1","background_image":{"attachment_id":null,"x":0,"y":0},"gradient":"linear-gradient(135deg,rgba(6,147,227,1) 0%,rgb(155,81,224) 100%)","background_repeat":"repeat","background_size":"auto","background_attachment":"scroll","patternColor":{"default":{"color":"#e5e7ea"}},"overlayColor":{"default":{"color":"CT_CSS_SKIP_RULE"}},"backgroundColor":{"default":{"color":"CT_CSS_SKIP_RULE"}}},"styles_descriptor":{"styles":{"desktop":"[data-prefix=\"single_page\"] [class*=\"ct-container\"] > article[class*=\"post\"] {--has-boxed:var(--false);--has-wide:var(--true);}","tablet":"","mobile":""},"google_fonts":[],"version":6},"content_style_source":"custom","content_style":"wide","has_hero_section":"disabled"},"_links":{"self":[{"href":"https:\/\/unduhvideoig.app\/vi\/wp-json\/wp\/v2\/pages\/375","targetHints":{"allow":["GET"]}}],"collection":[{"href":"https:\/\/unduhvideoig.app\/vi\/wp-json\/wp\/v2\/pages"}],"about":[{"href":"https:\/\/unduhvideoig.app\/vi\/wp-json\/wp\/v2\/types\/page"}],"author":[{"embeddable":true,"href":"https:\/\/unduhvideoig.app\/vi\/wp-json\/wp\/v2\/users\/1"}],"replies":[{"embeddable":true,"href":"https:\/\/unduhvideoig.app\/vi\/wp-json\/wp\/v2\/comments?post=375"}],"version-history":[{"count":20,"href":"https:\/\/unduhvideoig.app\/vi\/wp-json\/wp\/v2\/pages\/375\/revisions"}],"predecessor-version":[{"id":658,"href":"https:\/\/unduhvideoig.app\/vi\/wp-json\/wp\/v2\/pages\/375\/revisions\/658"}],"wp:attachment":[{"href":"https:\/\/unduhvideoig.app\/vi\/wp-json\/wp\/v2\/media?parent=375"}],"curies":[{"name":"wp","href":"https:\/\/api.w.org\/{rel}","templated":true}]}}