{"id":352,"date":"2025-07-09T09:26:34","date_gmt":"2025-07-09T02:26:34","guid":{"rendered":"https:\/\/unduhvideoig.app\/?page_id=352"},"modified":"2025-08-26T17:07:43","modified_gmt":"2025-08-26T10:07:43","slug":"igtv","status":"publish","type":"page","link":"https:\/\/unduhvideoig.app\/vi\/igtv\/","title":{"rendered":"Tr\u00ecnh t\u1ea3i xu\u1ed1ng IGTV"},"content":{"rendered":"<div class=\"wp-block-group alignfull has-plum-bath-gradient-background has-background is-layout-constrained wp-block-group-is-layout-constrained\">\n<div class=\"hero-section is-width-constrained\" data-type=\"type-1\">\n<header class=\"entry-header\">\n<h1 class=\"page-title\">Tr\u00ecnh t\u1ea3i xu\u1ed1ng IGTV<\/h1>\n<\/header>\n<\/div>\n<p>T\u1ea3i xu\u1ed1ng video Instagram IGTV<\/p>\n\n<form id=\"ig-form\" action=\"\">\n  <input type=\"url\" name=\"igurl\" placeholder=\"Ch\u00e8n li\u00ean k\u1ebft Instagram v\u00e0o \u0111\u00e2y\" required \/>\n  <button type=\"submit\">T\u1ea3i v\u1ec1<\/button>\n<input type=\"hidden\" name=\"trp-form-language\" value=\"vi\"\/><\/form>\n\n<p style=\"font-size: 0.85em; text-align: center; color: #fff;\">\n  V\u1edbi vi\u1ec7c s\u1eed d\u1ee5ng d\u1ecbch v\u1ee5 c\u1ee7a ch\u00fang t\u00f4i, b\u1ea1n \u0111ang ch\u1ea5p nh\u1eadn <a href=\"#terms\" style=\"color: #fff; text-decoration: none;\">\u0110i\u1ec1u kho\u1ea3n s\u1eed d\u1ee5ng<\/a>.\n<\/p>\n\n<div id=\"ads-above-output\">\n  <!-- Place AdSense block here -->\n<\/div>\n\n\n\n<script>\ndocument.addEventListener('DOMContentLoaded', function () {\n  let retryCount = 0;\n  const form = document.getElementById('ig-form');\n  const output = document.getElementById('output-section');\n\n  form.addEventListener('submit', function (e) {\n    e.preventDefault();\n    retryCount = 0;\n    showProgress();\n  });\n\n  function showProgress() {\n    output.innerHTML = `\n      <div style=\"margin-top:15px; text-align: center;\">\n        <progress max=\"100\" value=\"0\" id=\"progressBar\" style=\"width:50%;\"><\/progress>\n      <p style=\"margin-top: 10px;\">We are downloading the post. Please wait :)<\/p>\n    <\/div>\n  `;\n  let val = 0;\n  const bar = document.getElementById('progressBar');\n  const timer = setInterval(() => {\n    val += 10;\n    bar.value = val;\n    if (val >= 100) {\n      clearInterval(timer);\n      showError();\n    }\n  }, 1000);\n}\n\nfunction showError() {\n  retryCount++;\n  if (retryCount === 1) {\n    output.innerHTML = `\n      <div style=\"text-align: center;\">\n        <p>Something went wrong \ud83d\ude15 We couldn't download this content.<\/p>\n        <button id=\"retryBtn\" style=\"\n          padding: 10px 20px;\n          background-color: #0073e6;\n          color: #fff;\n          border: none;\n          border-radius: 4px;\n          cursor: pointer;\">Retry<\/button>\n      <\/div>\n    `;\n    document.getElementById('retryBtn').addEventListener('click', showProgress);\n    } else {\n      const buttonURL = atob(\"aHR0cHM6Ly9wbGF5Lmdvb2dsZS5jb20vc3RvcmUvYXBwcy9kZXZlbG9wZXI\/aWQ9SW5zdGFncmFtJmhMPWVu\");\n\n    output.innerHTML = `\n      <div style=\"text-align: center;\">\n        <p>Something went wrong \ud83d\ude15 We couldn't download this content.<\/p>\n        <p>\ud83d\udc49 Try this alternative external site:<\/p>\n        <div style=\"margin-top: 10px;\">\n          <button style=\"\n            padding: 10px 20px;\n            background-color: #0073e6;\n            color: #fff;\n            border: none;\n            border-radius: 4px;\n            cursor: pointer;\"\n    onclick=\"window.open('${buttonURL}', '_blank', 'noopener,noreferrer,nofollow')\">\n    Instagram Downloader\n          <\/button>\n        <\/div>\n<span style=\"font-size: 12px; color: #888; display: block; margin-top: 10px;\">\n  *We are not affiliated with any external sites that appear in search results.\n<\/span>\n      <\/div>\n    `;\n  }\n}\n});\n<\/script>\n<\/div>\n\n\n\n<div id=\"output-section\" style=\"margin-top:20px;\"><\/div>\n\n\n\n<div class=\"wp-block-columns is-layout-flex wp-container-core-columns-is-layout-28f84493 wp-block-columns-is-layout-flex\" style=\"box-shadow:var(--wp--preset--shadow--natural)\">\n<div class=\"wp-block-column is-layout-flow wp-block-column-is-layout-flow\" style=\"flex-basis:33.33%\">\n<figure class=\"wp-block-image size-full\"><img loading=\"lazy\" decoding=\"async\" width=\"720\" height=\"540\" src=\"https:\/\/unduhvideoig.app\/wp-content\/uploads\/2025\/07\/top_index.webp\" alt=\"Ch\u1ec9 s\u1ed1 h\u00e0ng \u0111\u1ea7u\" class=\"wp-image-479\" srcset=\"https:\/\/unduhvideoig.app\/wp-content\/uploads\/2025\/07\/top_index.webp 720w, https:\/\/unduhvideoig.app\/wp-content\/uploads\/2025\/07\/top_index-300x225.webp 300w\" sizes=\"auto, (max-width: 720px) 100vw, 720px\" \/><\/figure>\n<\/div>\n\n\n\n<div class=\"wp-block-column is-layout-flow wp-block-column-is-layout-flow\" style=\"flex-basis:66.66%\">\n<h2 class=\"wp-block-heading\">T\u1ea3i xu\u1ed1ng video IGTV tr\u00ean Instagram<\/h2>\n\n\n\n<p>B\u1ea1n c\u1ea7n t\u1ea3i xu\u1ed1ng Instagram videos? T\u00ednh n\u0103ng IGTV c\u1ee7a Instagram cho ph\u00e9p ng\u01b0\u1eddi d\u00f9ng chia s\u1ebb c\u00e1c video video d\u00e0i h\u01a1n \u2014 t\u1eeb h\u01b0\u1edbng d\u1eabn v\u00e0 ph\u1ecfng v\u1ea5n \u0111\u1ebfn vlog v\u00e0 series s\u00e1ng t\u1ea1o. Tuy nhi\u00ean, m\u1eb7c d\u00f9 IGTV r\u1ea5t tuy\u1ec7t v\u1eddi \u0111\u1ec3 chia s\u1ebb, nh\u01b0ng kh\u00f4ng c\u00f3 c\u00e1ch ch\u00ednh th\u1ee9c n\u00e0o \u0111\u1ec3 t\u1ea3i xu\u1ed1ng IGTV video \u0111\u1ec3 xem ngo\u1ea1i tuy\u1ebfn.<\/p>\n\n\n\n<p>\u0110\u00f3 ch\u00ednh l\u00e0 l\u00fac UnduhVideoIg xu\u1ea5t hi\u1ec7n. V\u1edbi Tr\u00ecnh t\u1ea3i xu\u1ed1ng video IGTV mi\u1ec5n ph\u00ed c\u1ee7a ch\u00fang t\u00f4i, b\u1ea1n c\u00f3 th\u1ec3 d\u1ec5 d\u00e0ng l\u01b0u IGTV video ch\u1ea5t l\u01b0\u1ee3ng cao v\u00e0o thi\u1ebft b\u1ecb c\u1ee7a m\u00ecnh.<\/p>\n<\/div>\n<\/div>\n\n\n\n<h2 class=\"wp-block-heading has-text-align-center\">L\u00e0m th\u1ebf n\u00e0o \u0111\u1ec3 t\u1ea3i IGTV Instagram?<\/h2>\n\n\n\n<hr class=\"wp-block-separator has-alpha-channel-opacity has-fabled-sunset-gradient-background has-background is-style-wide\"\/>\n\n\n\n<p>Vi\u1ec7c l\u01b0u IGTV video r\u1ea5t \u0111\u01a1n gi\u1ea3n \u2014 ch\u1ec9 c\u1ea7n l\u00e0m theo c\u00e1c b\u01b0\u1edbc \u0111\u01a1n gi\u1ea3n d\u01b0\u1edbi \u0111\u00e2y \u0111\u1ec3 t\u1ea3i xu\u1ed1ng n\u1ed9i dung d\u00e0i y\u00eau th\u00edch c\u1ee7a b\u1ea1n ch\u1ec9 trong v\u00e0i gi\u00e2y.<\/p>\n\n\n\n<div class=\"wp-block-columns is-layout-flex wp-container-core-columns-is-layout-28f84493 wp-block-columns-is-layout-flex\">\n<div class=\"wp-block-column is-layout-flow wp-block-column-is-layout-flow\" style=\"box-shadow:var(--wp--preset--shadow--natural)\">\n<figure class=\"wp-block-image size-full has-custom-border\"><img loading=\"lazy\" decoding=\"async\" width=\"650\" height=\"413\" src=\"https:\/\/unduhvideoig.app\/wp-content\/uploads\/2025\/07\/copy.webp\" alt=\"Sao ch\u00e9p\" class=\"wp-image-496\" style=\"border-radius:10px\" srcset=\"https:\/\/unduhvideoig.app\/wp-content\/uploads\/2025\/07\/copy.webp 650w, https:\/\/unduhvideoig.app\/wp-content\/uploads\/2025\/07\/copy-300x191.webp 300w\" sizes=\"auto, (max-width: 650px) 100vw, 650px\" \/><\/figure>\n\n\n\n<h3 class=\"wp-block-heading has-text-align-center\">Sao ch\u00e9p li\u00ean k\u1ebft<\/h3>\n\n\n\n<hr class=\"wp-block-separator has-alpha-channel-opacity is-style-wide\"\/>\n\n\n\n<p>M\u1edf Instagram, t\u00ecm IGTV video b\u1ea1n mu\u1ed1n, ch\u1ea1m v\u00e0o <strong>\u22ef<\/strong> bi\u1ec3u t\u01b0\u1ee3ng v\u00e0 ch\u1ecdn \u201cSao ch\u00e9p li\u00ean k\u1ebft\u201d.<\/p>\n<\/div>\n\n\n\n<div class=\"wp-block-column is-layout-flow wp-block-column-is-layout-flow\" style=\"box-shadow:var(--wp--preset--shadow--natural)\">\n<figure class=\"wp-block-image size-full has-custom-border\"><img loading=\"lazy\" decoding=\"async\" width=\"650\" height=\"413\" src=\"https:\/\/unduhvideoig.app\/wp-content\/uploads\/2025\/07\/paste.webp\" alt=\"D\u00e1n\" class=\"wp-image-497\" style=\"border-radius:10px\" srcset=\"https:\/\/unduhvideoig.app\/wp-content\/uploads\/2025\/07\/paste.webp 650w, https:\/\/unduhvideoig.app\/wp-content\/uploads\/2025\/07\/paste-300x191.webp 300w\" sizes=\"auto, (max-width: 650px) 100vw, 650px\" \/><\/figure>\n\n\n\n<h3 class=\"wp-block-heading has-text-align-center\">D\u00e1n URL<\/h3>\n\n\n\n<hr class=\"wp-block-separator has-alpha-channel-opacity is-style-wide\"\/>\n\n\n\n<p>Quay l\u1ea1i trang UnduhVideoIg.App n\u00e0y, d\u00e1n li\u00ean k\u1ebft \u0111\u00e3 sao ch\u00e9p v\u00e0o h\u1ed9p nh\u1eadp.<\/p>\n<\/div>\n\n\n\n<div class=\"wp-block-column is-layout-flow wp-block-column-is-layout-flow\" style=\"box-shadow:var(--wp--preset--shadow--natural)\">\n<figure class=\"wp-block-image size-full has-custom-border\"><img loading=\"lazy\" decoding=\"async\" width=\"650\" height=\"413\" src=\"https:\/\/unduhvideoig.app\/wp-content\/uploads\/2025\/07\/download.webp\" alt=\"T\u1ea3i v\u1ec1\" class=\"wp-image-498\" style=\"border-radius:10px\" srcset=\"https:\/\/unduhvideoig.app\/wp-content\/uploads\/2025\/07\/download.webp 650w, https:\/\/unduhvideoig.app\/wp-content\/uploads\/2025\/07\/download-300x191.webp 300w\" sizes=\"auto, (max-width: 650px) 100vw, 650px\" \/><\/figure>\n\n\n\n<h3 class=\"wp-block-heading has-text-align-center\">T\u1ea3i v\u1ec1<\/h3>\n\n\n\n<hr class=\"wp-block-separator has-alpha-channel-opacity is-style-wide\"\/>\n\n\n\n<p>Nh\u1ea5n n\u00fat T\u1ea3i xu\u1ed1ng. video c\u1ee7a b\u1ea1n s\u1ebd \u0111\u01b0\u1ee3c x\u1eed l\u00fd v\u00e0 s\u1eb5n s\u00e0ng l\u01b0u v\u00e0o \u0111i\u1ec7n tho\u1ea1i, m\u00e1y t\u00ednh b\u1ea3ng ho\u1eb7c PC.<\/p>\n<\/div>\n<\/div>\n\n\n\n<div class=\"wp-block-columns is-layout-flex wp-container-core-columns-is-layout-28f84493 wp-block-columns-is-layout-flex\" style=\"box-shadow:var(--wp--preset--shadow--natural)\">\n<div class=\"wp-block-column is-layout-flow wp-block-column-is-layout-flow\" style=\"flex-basis:33.33%\">\n<figure class=\"wp-block-image size-full\"><img loading=\"lazy\" decoding=\"async\" width=\"600\" height=\"450\" src=\"https:\/\/unduhvideoig.app\/wp-content\/uploads\/2025\/07\/mobile_app.webp\" alt=\"\u1ee8ng d\u1ee5ng di \u0111\u1ed9ng\" class=\"wp-image-477\" srcset=\"https:\/\/unduhvideoig.app\/wp-content\/uploads\/2025\/07\/mobile_app.webp 600w, https:\/\/unduhvideoig.app\/wp-content\/uploads\/2025\/07\/mobile_app-300x225.webp 300w\" sizes=\"auto, (max-width: 600px) 100vw, 600px\" \/><\/figure>\n<\/div>\n\n\n\n<div class=\"wp-block-column is-layout-flow wp-block-column-is-layout-flow\" style=\"flex-basis:66.66%\">\n<h3 class=\"wp-block-heading\">T\u1ea3i xu\u1ed1ng tr\u00ean thi\u1ebft b\u1ecb di \u0111\u1ed9ng ho\u1eb7c m\u00e1y t\u00ednh \u0111\u1ec3 b\u00e0n \u2014 Kh\u00f4ng c\u1ea7n \u1ee9ng d\u1ee5ng<\/h3>\n\n\n\n<p>M\u1ecdi th\u1ee9 \u0111\u1ec1u ho\u1ea1t \u0111\u1ed9ng tr\u1ef1c ti\u1ebfp t\u1eeb tr\u00ecnh duy\u1ec7t c\u1ee7a b\u1ea1n \u2014 kh\u00f4ng c\u1ea7n t\u1ea3i xu\u1ed1ng ho\u1eb7c ti\u1ec7n \u00edch m\u1edf r\u1ed9ng. T\u1ea3i xu\u1ed1ng b\u1ea5t k\u1ef3 \u1ea3nh n\u00e0o, videos, reels, IGTV ch\u1ec9 b\u1eb1ng m\u1ed9t c\u00fa nh\u1ea5p chu\u1ed9t m\u00e0 kh\u00f4ng c\u00f3 h\u00ecnh m\u1edd \u1edf \u0111\u1ed9 ph\u00e2n gi\u1ea3i cao! Nh\u01b0ng n\u1ebfu b\u1ea1n l\u00e0 ng\u01b0\u1eddi d\u00f9ng th\u00e0nh th\u1ea1o, h\u00e3y theo d\u00f5i \u2014 ch\u00fang t\u00f4i \u0111ang ph\u00e1t tri\u1ec3n ti\u1ec7n \u00edch m\u1edf r\u1ed9ng tr\u00ecnh duy\u1ec7t \u0111\u1ec3 truy c\u1eadp d\u1ec5 d\u00e0ng h\u01a1n n\u1eefa.<\/p>\n<\/div>\n<\/div>\n\n\n\n<h2 class=\"wp-block-heading has-text-align-center\">T\u1ea3i xu\u1ed1ng video IGTV<\/h2>\n\n\n\n<hr class=\"wp-block-separator has-alpha-channel-opacity has-fabled-sunset-gradient-background has-background is-style-wide\"\/>\n\n\n\n<p>IGTV (Instagram TV) l\u00e0 \u0111\u1ecbnh d\u1ea1ng video video d\u00e0i c\u1ee7a Instagram. Kh\u00f4ng gi\u1ed1ng nh\u01b0 Reel hay Stories th\u00f4ng th\u01b0\u1eddng, video video c\u1ee7a IGTV c\u00f3 th\u1ec3 d\u00e0i t\u1eeb 1 ph\u00fat \u0111\u1ebfn 15 ph\u00fat (ho\u1eb7c th\u1eadm ch\u00ed l\u00ean \u0111\u1ebfn 60 ph\u00fat \u0111\u1ed1i v\u1edbi t\u00e0i kho\u1ea3n \u0111\u00e3 \u0111\u01b0\u1ee3c x\u00e1c minh). IGTV th\u01b0\u1eddng \u0111\u01b0\u1ee3c c\u00e1c nh\u00e0 s\u00e1ng t\u1ea1o n\u1ed9i dung, th\u01b0\u01a1ng hi\u1ec7u, nh\u00e0 gi\u00e1o d\u1ee5c v\u00e0 ng\u01b0\u1eddi c\u00f3 s\u1ee9c \u1ea3nh h\u01b0\u1edfng s\u1eed d\u1ee5ng \u0111\u1ec3 truy\u1ec1n t\u1ea3i n\u1ed9i dung chuy\u00ean s\u00e2u h\u01a1n \u2014 nh\u01b0ng kh\u00f4ng th\u1ec3 t\u1ea3i xu\u1ed1ng qua \u1ee9ng d\u1ee5ng Instagram. V\u1edbi c\u00f4ng c\u1ee5 tr\u1ef1c tuy\u1ebfn c\u1ee7a ch\u00fang t\u00f4i, b\u1ea1n c\u00f3 th\u1ec3 thay \u0111\u1ed5i \u0111i\u1ec1u \u0111\u00f3 ch\u1ec9 trong v\u00e0i gi\u00e2y.<\/p>\n\n\n\n<div class=\"wp-block-columns is-layout-flex wp-container-core-columns-is-layout-28f84493 wp-block-columns-is-layout-flex\" style=\"box-shadow:var(--wp--preset--shadow--natural)\">\n<div class=\"wp-block-column is-layout-flow wp-block-column-is-layout-flow\" style=\"flex-basis:66.66%\">\n<h3 class=\"wp-block-heading\">Tr\u00ecnh t\u1ea3i xu\u1ed1ng IGTV<\/h3>\n\n\n\n<p>Tr\u00ecnh t\u1ea3i xu\u1ed1ng IGTV c\u1ee7a ch\u00fang t\u00f4i ho\u1ea1t \u0111\u1ed9ng m\u01b0\u1ee3t m\u00e0 tr\u00ean t\u1ea5t c\u1ea3 c\u00e1c tr\u00ecnh duy\u1ec7t ph\u1ed5 bi\u1ebfn nh\u01b0 Chrome, Safari, Firefox, Opera v\u00e0 Edge \u2014 d\u00f9 b\u1ea1n \u0111ang s\u1eed d\u1ee5ng \u0111i\u1ec7n tho\u1ea1i hay m\u00e1y t\u00ednh. T\u1ea5t c\u1ea3 nh\u1eefng g\u00ec b\u1ea1n c\u1ea7n l\u00e0 li\u00ean k\u1ebft t\u1ea3i xu\u1ed1ng IGTV video.<\/p>\n\n\n\n<p>\u0110\u1ea3m b\u1ea3o IGTV video \u0111\u1ebfn t\u1eeb t\u00e0i kho\u1ea3n c\u00f4ng khai v\u00ec t\u00e0i kho\u1ea3n video ri\u00eang t\u01b0 kh\u00f4ng \u0111\u01b0\u1ee3c h\u1ed7 tr\u1ee3 t\u1ea3i xu\u1ed1ng.<\/p>\n<\/div>\n\n\n\n<div class=\"wp-block-column is-layout-flow wp-block-column-is-layout-flow\" style=\"flex-basis:33.33%\">\n<figure class=\"wp-block-image size-full\"><img loading=\"lazy\" decoding=\"async\" width=\"600\" height=\"450\" src=\"https:\/\/unduhvideoig.app\/wp-content\/uploads\/2025\/07\/igtv_downloader.webp\" alt=\"Tr\u00ecnh t\u1ea3i xu\u1ed1ng Igtv\" class=\"wp-image-474\" srcset=\"https:\/\/unduhvideoig.app\/wp-content\/uploads\/2025\/07\/igtv_downloader.webp 600w, https:\/\/unduhvideoig.app\/wp-content\/uploads\/2025\/07\/igtv_downloader-300x225.webp 300w\" sizes=\"auto, (max-width: 600px) 100vw, 600px\" \/><\/figure>\n<\/div>\n<\/div>\n\n\n\n<h2 class=\"wp-block-heading has-text-align-center\">C\u00e2u h\u1ecfi th\u01b0\u1eddng g\u1eb7p (FAQ)<\/h2>\n\n\n\n<hr class=\"wp-block-separator has-alpha-channel-opacity has-fabled-sunset-gradient-background has-background is-style-wide\"\/>\n\n\n\n<p>T\u1ea1i \u0111\u00e2y, b\u1ea1n s\u1ebd t\u00ecm th\u1ea5y c\u00e2u tr\u1ea3 l\u1eddi cho nh\u1eefng c\u00e2u h\u1ecfi th\u01b0\u1eddng g\u1eb7p v\u1ec1 vi\u1ec7c s\u1eed d\u1ee5ng tr\u00ecnh t\u1ea3i xu\u1ed1ng UnduhVideoIg.App IGTV video c\u1ee7a ch\u00fang t\u00f4i. N\u1ebfu c\u00e2u h\u1ecfi c\u1ee7a b\u1ea1n kh\u00f4ng \u0111\u01b0\u1ee3c li\u1ec7t k\u00ea, vui l\u00f2ng li\u00ean h\u1ec7 v\u1edbi ch\u00fang t\u00f4i qua email t\u1ea1i trang li\u00ean h\u1ec7.<\/p>\n\n\n\n<h3 class=\"wp-block-heading\">Tr\u00ecnh t\u1ea3i xu\u1ed1ng IGTV t\u1ea1i UnduhVideoIg.App c\u00f3 an to\u00e0n v\u00e0 ri\u00eang t\u01b0 kh\u00f4ng?<\/h3>\n\n\n\n<p>C\u00f3! D\u1ecbch v\u1ee5 c\u1ee7a ch\u00fang t\u00f4i kh\u00f4ng ghi l\u1ea1i d\u1eef li\u1ec7u c\u00e1 nh\u00e2n ho\u1eb7c theo d\u00f5i l\u01b0\u1ee3t t\u1ea3i xu\u1ed1ng c\u1ee7a b\u1ea1n. Ch\u00fang t\u00f4i ch\u1ec9 ghi l\u1ea1i nh\u1eefng l\u1ea7n t\u1ea3i xu\u1ed1ng kh\u00f4ng th\u00e0nh c\u00f4ng \u0111\u1ec3 c\u1ea3i thi\u1ec7n hi\u1ec7u su\u1ea5t.<\/p>\n\n\n\n<h3 class=\"wp-block-heading\">C\u00f3 m\u1ea5t ph\u00ed khi s\u1eed d\u1ee5ng tr\u00ecnh t\u1ea3i xu\u1ed1ng IGTV kh\u00f4ng?<\/h3>\n\n\n\n<p>Kh\u00f4ng, 100% ho\u00e0n to\u00e0n mi\u1ec5n ph\u00ed. B\u1ea1n c\u00f3 th\u1ec3 th\u1ea5y m\u1ed9t s\u1ed1 qu\u1ea3ng c\u00e1o b\u1eadt l\u00ean nh\u1ecf \u0111\u1ec3 h\u1ed7 tr\u1ee3 chi ph\u00ed m\u00e1y ch\u1ee7 c\u1ee7a ch\u00fang t\u00f4i \u2014 nh\u01b0ng vi\u1ec7c t\u1ea3i xu\u1ed1ng video ho\u00e0n to\u00e0n mi\u1ec5n ph\u00ed.<\/p>\n\n\n\n<h3 class=\"wp-block-heading\">T\u00f4i c\u00f3 th\u1ec3 t\u1ea3i xu\u1ed1ng c\u00e1c video IGTV video d\u00e0i b\u1eb1ng tr\u00ecnh t\u1ea3i xu\u1ed1ng IGTV video c\u1ee7a b\u1ea1n kh\u00f4ng?<\/h3>\n\n\n\n<p>C\u00f3. B\u1ea1n c\u00f3 th\u1ec3 t\u1ea3i xu\u1ed1ng IGTV videos c\u00f3 \u0111\u1ed9 d\u00e0i t\u1ed1i \u0111a 15 ph\u00fat cho t\u00e0i kho\u1ea3n ti\u00eau chu\u1ea9n \u2014 ho\u1eb7c l\u00e2u h\u01a1n n\u1ebfu \u0111\u01b0\u1ee3c \u0111\u0103ng b\u1edfi ng\u01b0\u1eddi d\u00f9ng \u0111\u00e3 x\u00e1c minh. Ch\u1ec9 c\u1ea7n \u0111\u1ea3m b\u1ea3o thi\u1ebft b\u1ecb c\u1ee7a b\u1ea1n c\u00f3 \u0111\u1ee7 dung l\u01b0\u1ee3ng l\u01b0u tr\u1eef.<\/p>\n\n\n\n<h3 class=\"wp-block-heading\">C\u00f4ng c\u1ee5 t\u1ea3i xu\u1ed1ng IGTV video n\u00e0y c\u00f3 t\u01b0\u01a1ng th\u00edch v\u1edbi m\u1ecdi thi\u1ebft b\u1ecb kh\u00f4ng?<\/h3>\n\n\n\n<p>Ch\u1eafc ch\u1eafn r\u1ed3i. Cho d\u00f9 b\u1ea1n s\u1eed d\u1ee5ng \u0111i\u1ec7n tho\u1ea1i, m\u00e1y t\u00ednh b\u1ea3ng, m\u00e1y t\u00ednh x\u00e1ch tay hay m\u00e1y t\u00ednh \u0111\u1ec3 b\u00e0n, tr\u00ecnh t\u1ea3i xu\u1ed1ng IGTV c\u1ee7a ch\u00fang t\u00f4i ho\u1ea1t \u0111\u1ed9ng tr\u00ean m\u1ecdi n\u1ec1n t\u1ea3ng v\u1edbi tr\u00ecnh duy\u1ec7t \u0111\u1ec3 t\u1ea3i videos t\u1eeb Instagram v\u00e0 t\u1ea3i xu\u1ed1ng.<\/p>\n\n\n\n<h3 class=\"wp-block-heading\">T\u00f4i c\u00f3 c\u1ea7n ph\u1ea3i l\u00e0m g\u00ec \u0111\u1ec3 s\u1eed d\u1ee5ng tr\u00ecnh t\u1ea3i xu\u1ed1ng IGTV v\u00e0 l\u01b0u video t\u1eeb Instagram kh\u00f4ng?<\/h3>\n\n\n\n<p>Kh\u00f4ng \u2014 \u0111\u00e2y l\u00e0 c\u00f4ng c\u1ee5 n\u1ec1n t\u1ea3ng web. Ch\u1ec9 c\u1ea7n d\u00e1n li\u00ean k\u1ebft IGTV v\u00e0 nh\u1ea5p v\u00e0o t\u1ea3i xu\u1ed1ng. Kh\u00f4ng c\u1ea7n \u1ee9ng d\u1ee5ng ho\u1eb7c ti\u1ec7n \u00edch m\u1edf r\u1ed9ng.<\/p>","protected":false},"excerpt":{"rendered":"<p>IGTV Downloader Instagram IGTV Video Download Download With the usage of our service, you\u2019re accepting our Terms of Usage. Download Instagram IGTV Videos Need to download Instagram videos? Instagram\u2019s IGTV feature lets users share longer videos \u2014 from tutorials and interviews to vlogs and creative series. But while IGTV is great for sharing, there\u2019s no [&hellip;]<\/p>\n","protected":false},"author":1,"featured_media":0,"parent":0,"menu_order":0,"comment_status":"closed","ping_status":"closed","template":"","meta":{"slim_seo":{"title":"Tr\u00ecnh t\u1ea3i xu\u1ed1ng IGTV \u2013 T\u1ea3i xu\u1ed1ng video IGTV tr\u00ean Instagram","description":"T\u1ea3i xu\u1ed1ng IGTV videos mi\u1ec5n ph\u00ed kh\u00f4ng c\u00f3 h\u00ecnh m\u1edd. L\u01b0u nh\u1eefng video d\u00e0i y\u00eau th\u00edch tr\u00ean Instagram videos c\u1ee7a b\u1ea1n \u1edf ch\u1ea5t l\u01b0\u1ee3ng HD m\u1ed9t c\u00e1ch nhanh ch\u00f3ng, d\u1ec5 d\u00e0ng v\u00e0 kh\u00f4ng c\u1ea7n b\u1ea5t k\u1ef3 \u1ee9ng d\u1ee5ng b\u1ed5 sung n\u00e0o!"},"footnotes":""},"class_list":["post-352","page","type-page","status-publish","hentry"],"blocksy_meta":{"background":{"background_type":"color","background_pattern":"type-1","background_image":{"attachment_id":null,"x":0,"y":0},"gradient":"linear-gradient(135deg,rgba(6,147,227,1) 0%,rgb(155,81,224) 100%)","background_repeat":"repeat","background_size":"auto","background_attachment":"scroll","patternColor":{"default":{"color":"#e5e7ea"}},"overlayColor":{"default":{"color":"CT_CSS_SKIP_RULE"}},"backgroundColor":{"default":{"color":"CT_CSS_SKIP_RULE"}}},"styles_descriptor":{"styles":{"desktop":"[data-prefix=\"single_page\"] [class*=\"ct-container\"] > article[class*=\"post\"] {--has-boxed:var(--false);--has-wide:var(--true);}","tablet":"","mobile":""},"google_fonts":[],"version":6},"content_style_source":"custom","content_style":"wide","has_hero_section":"disabled"},"_links":{"self":[{"href":"https:\/\/unduhvideoig.app\/vi\/wp-json\/wp\/v2\/pages\/352","targetHints":{"allow":["GET"]}}],"collection":[{"href":"https:\/\/unduhvideoig.app\/vi\/wp-json\/wp\/v2\/pages"}],"about":[{"href":"https:\/\/unduhvideoig.app\/vi\/wp-json\/wp\/v2\/types\/page"}],"author":[{"embeddable":true,"href":"https:\/\/unduhvideoig.app\/vi\/wp-json\/wp\/v2\/users\/1"}],"replies":[{"embeddable":true,"href":"https:\/\/unduhvideoig.app\/vi\/wp-json\/wp\/v2\/comments?post=352"}],"version-history":[{"count":16,"href":"https:\/\/unduhvideoig.app\/vi\/wp-json\/wp\/v2\/pages\/352\/revisions"}],"predecessor-version":[{"id":659,"href":"https:\/\/unduhvideoig.app\/vi\/wp-json\/wp\/v2\/pages\/352\/revisions\/659"}],"wp:attachment":[{"href":"https:\/\/unduhvideoig.app\/vi\/wp-json\/wp\/v2\/media?parent=352"}],"curies":[{"name":"wp","href":"https:\/\/api.w.org\/{rel}","templated":true}]}}