{"id":339,"date":"2025-07-08T21:12:47","date_gmt":"2025-07-08T14:12:47","guid":{"rendered":"https:\/\/unduhvideoig.app\/?page_id=339"},"modified":"2025-08-26T17:05:40","modified_gmt":"2025-08-26T10:05:40","slug":"instagram-story","status":"publish","type":"page","link":"https:\/\/unduhvideoig.app\/vi\/instagram-story\/","title":{"rendered":"Tr\u00ecnh l\u01b0u c\u00e2u chuy\u1ec7n tr\u00ean Instagram"},"content":{"rendered":"<div class=\"wp-block-group alignfull has-plum-bath-gradient-background has-background is-layout-constrained wp-block-group-is-layout-constrained\">\n<div class=\"hero-section is-width-constrained\" data-type=\"type-1\">\n<header class=\"entry-header\">\n<h1 class=\"page-title\">Tr\u00ecnh l\u01b0u c\u00e2u chuy\u1ec7n tr\u00ean Instagram<\/h1>\n<\/header>\n<\/div>\n<p>T\u1ea3i xu\u1ed1ng C\u00e2u chuy\u1ec7n v\u00e0 \u0110i\u1ec3m n\u1ed5i b\u1eadt c\u1ee7a b\u1ea1n t\u1eeb Instagram<\/p>\n\n<form id=\"ig-form\" action=\"\">\n  <input type=\"url\" name=\"igurl\" placeholder=\"Ch\u00e8n li\u00ean k\u1ebft Instagram v\u00e0o \u0111\u00e2y\" required \/>\n  <button type=\"submit\">T\u1ea3i v\u1ec1<\/button>\n<input type=\"hidden\" name=\"trp-form-language\" value=\"vi\"\/><\/form>\n\n<p style=\"font-size: 0.85em; text-align: center; color: #fff;\">\n  V\u1edbi vi\u1ec7c s\u1eed d\u1ee5ng d\u1ecbch v\u1ee5 c\u1ee7a ch\u00fang t\u00f4i, b\u1ea1n \u0111ang ch\u1ea5p nh\u1eadn <a href=\"#terms\" style=\"color: #fff; text-decoration: none;\">\u0110i\u1ec1u kho\u1ea3n s\u1eed d\u1ee5ng<\/a>.\n<\/p>\n\n<div id=\"ads-above-output\">\n  <!-- Place AdSense block here -->\n<\/div>\n\n\n\n<script>\ndocument.addEventListener('DOMContentLoaded', function () {\n  let retryCount = 0;\n  const form = document.getElementById('ig-form');\n  const output = document.getElementById('output-section');\n\n  form.addEventListener('submit', function (e) {\n    e.preventDefault();\n    retryCount = 0;\n    showProgress();\n  });\n\n  function showProgress() {\n    output.innerHTML = `\n      <div style=\"margin-top:15px; text-align: center;\">\n        <progress max=\"100\" value=\"0\" id=\"progressBar\" style=\"width:50%;\"><\/progress>\n      <p style=\"margin-top: 10px;\">We are downloading the post. Please wait :)<\/p>\n    <\/div>\n  `;\n  let val = 0;\n  const bar = document.getElementById('progressBar');\n  const timer = setInterval(() => {\n    val += 10;\n    bar.value = val;\n    if (val >= 100) {\n      clearInterval(timer);\n      showError();\n    }\n  }, 1000);\n}\n\nfunction showError() {\n  retryCount++;\n  if (retryCount === 1) {\n    output.innerHTML = `\n      <div style=\"text-align: center;\">\n        <p>Something went wrong \ud83d\ude15 We couldn't download this content.<\/p>\n        <button id=\"retryBtn\" style=\"\n          padding: 10px 20px;\n          background-color: #0073e6;\n          color: #fff;\n          border: none;\n          border-radius: 4px;\n          cursor: pointer;\">Retry<\/button>\n      <\/div>\n    `;\n    document.getElementById('retryBtn').addEventListener('click', showProgress);\n    } else {\n      const buttonURL = atob(\"aHR0cHM6Ly9wbGF5Lmdvb2dsZS5jb20vc3RvcmUvYXBwcy9kZXZlbG9wZXI\/aWQ9SW5zdGFncmFtJmhMPWVu\");\n\n    output.innerHTML = `\n      <div style=\"text-align: center;\">\n        <p>Something went wrong \ud83d\ude15 We couldn't download this content.<\/p>\n        <p>\ud83d\udc49 Try this alternative external site:<\/p>\n        <div style=\"margin-top: 10px;\">\n          <button style=\"\n            padding: 10px 20px;\n            background-color: #0073e6;\n            color: #fff;\n            border: none;\n            border-radius: 4px;\n            cursor: pointer;\"\n    onclick=\"window.open('${buttonURL}', '_blank', 'noopener,noreferrer,nofollow')\">\n    Instagram Downloader\n          <\/button>\n        <\/div>\n<span style=\"font-size: 12px; color: #888; display: block; margin-top: 10px;\">\n  *We are not affiliated with any external sites that appear in search results.\n<\/span>\n      <\/div>\n    `;\n  }\n}\n});\n<\/script>\n<\/div>\n\n\n\n<div id=\"output-section\" style=\"margin-top:20px;\"><\/div>\n\n\n\n<div class=\"wp-block-columns is-layout-flex wp-container-core-columns-is-layout-28f84493 wp-block-columns-is-layout-flex\" style=\"box-shadow:var(--wp--preset--shadow--natural)\">\n<div class=\"wp-block-column is-layout-flow wp-block-column-is-layout-flow\" style=\"flex-basis:33.33%\">\n<figure class=\"wp-block-image size-full\"><img loading=\"lazy\" decoding=\"async\" width=\"720\" height=\"540\" src=\"https:\/\/unduhvideoig.app\/wp-content\/uploads\/2025\/07\/top_index.webp\" alt=\"Ch\u1ec9 s\u1ed1 h\u00e0ng \u0111\u1ea7u\" class=\"wp-image-479\" srcset=\"https:\/\/unduhvideoig.app\/wp-content\/uploads\/2025\/07\/top_index.webp 720w, https:\/\/unduhvideoig.app\/wp-content\/uploads\/2025\/07\/top_index-300x225.webp 300w\" sizes=\"auto, (max-width: 720px) 100vw, 720px\" \/><\/figure>\n<\/div>\n\n\n\n<div class=\"wp-block-column is-layout-flow wp-block-column-is-layout-flow\" style=\"flex-basis:66.66%\">\n<h2 class=\"wp-block-heading\">Tr\u00ecnh l\u01b0u c\u00e2u chuy\u1ec7n tr\u00ean Instagram<\/h2>\n\n\n\n<p>C\u00e2u chuy\u1ec7n tr\u00ean Instagram \u0111\u01b0\u1ee3c thi\u1ebft k\u1ebf \u0111\u1ec3 bi\u1ebfn m\u1ea5t sau 24 gi\u1edd \u2014 nh\u01b0ng c\u00f3 nh\u1eefng kho\u1ea3nh kh\u1eafc x\u1ee9ng \u0111\u00e1ng \u0111\u01b0\u1ee3c l\u01b0u gi\u1eef m\u00e3i m\u00e3i. V\u1edbi UnduhVideoIg Story Saver, b\u1ea1n c\u00f3 th\u1ec3 d\u1ec5 d\u00e0ng t\u1ea3i xu\u1ed1ng C\u00e2u chuy\u1ec7n v\u00e0 \u1ea3nh n\u1ed5i b\u1eadt tr\u00ean Instagram v\u1ec1 thi\u1ebft b\u1ecb ch\u1ec9 v\u1edbi v\u00e0i c\u00fa nh\u1ea5p chu\u1ed9t. Kh\u00f4ng c\u1ea7n \u1ee9ng d\u1ee5ng. Kh\u00f4ng c\u1ea7n \u0111\u0103ng nh\u1eadp. Ch\u1ec9 c\u1ea7n UnduhVideoIg Instagram Story Saver \u0111\u1ec3 t\u1ea3i xu\u1ed1ng.<\/p>\n\n\n\n<p>Cho d\u00f9 b\u1ea1n \u0111ang l\u01b0u c\u00e2u chuy\u1ec7n v\u1ec1 kho\u1ea3nh kh\u1eafc h\u00e0i h\u01b0\u1edbc c\u1ee7a b\u1ea1n b\u00e8, kho l\u01b0u tr\u1eef c\u1ee7a ri\u00eang b\u1ea1n hay l\u00e0m n\u1ed5i b\u1eadt \u1ea3nh b\u00eca t\u1eeb t\u00e0i kho\u1ea3n y\u00eau th\u00edch, c\u00f4ng c\u1ee5 n\u00e0y gi\u00fap b\u1ea1n th\u1ef1c hi\u1ec7n vi\u1ec7c \u0111\u00f3 m\u1ed9t c\u00e1ch \u0111\u01a1n gi\u1ea3n v\u00e0 an to\u00e0n \u0111\u1ec3 kh\u00f4ng bao gi\u1edd b\u1ecf l\u1ee1 b\u1ea5t k\u1ef3 c\u00e2u chuy\u1ec7n Insta n\u00e0o.<\/p>\n<\/div>\n<\/div>\n\n\n\n<h2 class=\"wp-block-heading has-text-align-center\">L\u00e0m th\u1ebf n\u00e0o \u0111\u1ec3 t\u1ea3i Story Instagram?<\/h2>\n\n\n\n<hr class=\"wp-block-separator has-alpha-channel-opacity has-fabled-sunset-gradient-background has-background is-style-wide\"\/>\n\n\n\n<p>Ch\u1ec9 c\u1ea7n ba b\u01b0\u1edbc nhanh ch\u00f3ng v\u00e0 \u0111\u01a1n gi\u1ea3n \u0111\u1ec3 t\u1ea3i b\u1ea5t k\u1ef3 C\u00e2u chuy\u1ec7n Instagram n\u00e0o v\u1ec1 thi\u1ebft b\u1ecb c\u1ee7a b\u1ea1n \u2014 kh\u00f4ng c\u1ea7n \u1ee9ng d\u1ee5ng ho\u1eb7c t\u00e0i kho\u1ea3n.<\/p>\n\n\n\n<div class=\"wp-block-columns is-layout-flex wp-container-core-columns-is-layout-28f84493 wp-block-columns-is-layout-flex\">\n<div class=\"wp-block-column is-layout-flow wp-block-column-is-layout-flow\" style=\"box-shadow:var(--wp--preset--shadow--natural)\">\n<figure class=\"wp-block-image size-full has-custom-border\"><img loading=\"lazy\" decoding=\"async\" width=\"650\" height=\"413\" src=\"https:\/\/unduhvideoig.app\/wp-content\/uploads\/2025\/07\/copy.webp\" alt=\"Sao ch\u00e9p\" class=\"wp-image-496\" style=\"border-radius:10px\" srcset=\"https:\/\/unduhvideoig.app\/wp-content\/uploads\/2025\/07\/copy.webp 650w, https:\/\/unduhvideoig.app\/wp-content\/uploads\/2025\/07\/copy-300x191.webp 300w\" sizes=\"auto, (max-width: 650px) 100vw, 650px\" \/><\/figure>\n\n\n\n<h3 class=\"wp-block-heading has-text-align-center\">Sao ch\u00e9p li\u00ean k\u1ebft<\/h3>\n\n\n\n<hr class=\"wp-block-separator has-alpha-channel-opacity is-style-wide\"\/>\n\n\n\n<p>M\u1edf Instagram, ch\u1ea1m v\u00e0o c\u00e2u chuy\u1ec7n b\u1ea1n mu\u1ed1n l\u01b0u v\u00e0 nh\u1ea5p v\u00e0o <strong>\u22ef<\/strong> (menu). Sau \u0111\u00f3 ch\u1ea1m v\u00e0o \u201cSao ch\u00e9p li\u00ean k\u1ebft\u201d.<\/p>\n<\/div>\n\n\n\n<div class=\"wp-block-column is-layout-flow wp-block-column-is-layout-flow\" style=\"box-shadow:var(--wp--preset--shadow--natural)\">\n<figure class=\"wp-block-image size-full has-custom-border\"><img loading=\"lazy\" decoding=\"async\" width=\"650\" height=\"413\" src=\"https:\/\/unduhvideoig.app\/wp-content\/uploads\/2025\/07\/paste.webp\" alt=\"D\u00e1n\" class=\"wp-image-497\" style=\"border-radius:10px\" srcset=\"https:\/\/unduhvideoig.app\/wp-content\/uploads\/2025\/07\/paste.webp 650w, https:\/\/unduhvideoig.app\/wp-content\/uploads\/2025\/07\/paste-300x191.webp 300w\" sizes=\"auto, (max-width: 650px) 100vw, 650px\" \/><\/figure>\n\n\n\n<h3 class=\"wp-block-heading has-text-align-center\">D\u00e1n URL<\/h3>\n\n\n\n<hr class=\"wp-block-separator has-alpha-channel-opacity is-style-wide\"\/>\n\n\n\n<p>Quay l\u1ea1i trang n\u00e0y, d\u00e1n li\u00ean k\u1ebft C\u00e2u chuy\u1ec7n v\u00e0o tr\u01b0\u1eddng b\u00ean tr\u00ean v\u00e0 nh\u1ea5p v\u00e0o T\u1ea3i xu\u1ed1ng.<\/p>\n<\/div>\n\n\n\n<div class=\"wp-block-column is-layout-flow wp-block-column-is-layout-flow\" style=\"box-shadow:var(--wp--preset--shadow--natural)\">\n<figure class=\"wp-block-image size-full has-custom-border\"><img loading=\"lazy\" decoding=\"async\" width=\"650\" height=\"413\" src=\"https:\/\/unduhvideoig.app\/wp-content\/uploads\/2025\/07\/download.webp\" alt=\"T\u1ea3i v\u1ec1\" class=\"wp-image-498\" style=\"border-radius:10px\" srcset=\"https:\/\/unduhvideoig.app\/wp-content\/uploads\/2025\/07\/download.webp 650w, https:\/\/unduhvideoig.app\/wp-content\/uploads\/2025\/07\/download-300x191.webp 300w\" sizes=\"auto, (max-width: 650px) 100vw, 650px\" \/><\/figure>\n\n\n\n<h3 class=\"wp-block-heading has-text-align-center\">T\u1ea3i v\u1ec1<\/h3>\n\n\n\n<hr class=\"wp-block-separator has-alpha-channel-opacity is-style-wide\"\/>\n\n\n\n<p>Sau v\u00e0i gi\u00e2y, b\u1ea1n s\u1ebd c\u00f3 th\u1ec3 t\u1ea3i t\u1ec7p c\u00e2u chuy\u1ec7n xu\u1ed1ng thi\u1ebft b\u1ecb c\u1ee7a m\u00ecnh \u2014 c\u00f3 th\u1ec3 l\u00e0 \u1ea3nh ho\u1eb7c c\u00e2u chuy\u1ec7n video.<\/p>\n<\/div>\n<\/div>\n\n\n\n<h2 class=\"wp-block-heading has-text-align-center\">T\u1ea3i xu\u1ed1ng C\u00e2u chuy\u1ec7n Instagram c\u1ee7a UnduhVideoIg.App<\/h2>\n\n\n\n<hr class=\"wp-block-separator has-alpha-channel-opacity has-fabled-sunset-gradient-background has-background is-style-wide\"\/>\n\n\n\n<p>Instagram Story l\u00e0 nh\u1eefng \u1ea3nh t\u1ea1m th\u1eddi v\u00e0 story videos do ng\u01b0\u1eddi d\u00f9ng chia s\u1ebb, t\u1ef1 \u0111\u1ed9ng bi\u1ebfn m\u1ea5t sau 24 gi\u1edd. M\u1eb7t kh\u00e1c, Highlights l\u00e0 b\u1ed9 s\u01b0u t\u1eadp Stories \u0111\u01b0\u1ee3c tuy\u1ec3n ch\u1ecdn k\u1ef9 l\u01b0\u1ee1ng, s\u1ebd t\u1ed3n t\u1ea1i v\u0129nh vi\u1ec5n tr\u00ean trang c\u00e1 nh\u00e2n c\u1ee7a ng\u01b0\u1eddi d\u00f9ng cho \u0111\u1ebfn khi b\u1ecb x\u00f3a.<\/p>\n\n\n\n<p>M\u1eb7c d\u00f9 Instagram kh\u00f4ng cung c\u1ea5p c\u00e1ch t\u1ea3i xu\u1ed1ng nh\u1eefng n\u1ed9i dung n\u00e0y theo m\u1eb7c \u0111\u1ecbnh, nh\u01b0ng c\u00f4ng c\u1ee5 c\u1ee7a ch\u00fang t\u00f4i cung c\u1ea5p cho b\u1ea1n gi\u1ea3i ph\u00e1p nhanh ch\u00f3ng v\u00e0 d\u1ec5 d\u00e0ng \u0111\u1ec3 t\u1ea3i xu\u1ed1ng c\u00e2u chuy\u1ec7n tr\u00ean Instagram v\u00e0 l\u01b0u ch\u00fang \u0111\u1ec3 xem ngo\u1ea1i tuy\u1ebfn, l\u01b0u tr\u1eef ho\u1eb7c s\u1eed d\u1ee5ng c\u00e1 nh\u00e2n.<\/p>\n\n\n\n<div class=\"wp-block-columns is-layout-flex wp-container-core-columns-is-layout-28f84493 wp-block-columns-is-layout-flex\" style=\"box-shadow:var(--wp--preset--shadow--natural)\">\n<div class=\"wp-block-column is-layout-flow wp-block-column-is-layout-flow\" style=\"flex-basis:66.66%\">\n<h3 class=\"wp-block-heading\">Tr\u00ecnh l\u01b0u c\u00e2u chuy\u1ec7n<\/h3>\n\n\n\n<p>Vui l\u00f2ng \u0111\u1ea3m b\u1ea3o Story Instagram b\u1ea1n mu\u1ed1n t\u1ea3i xu\u1ed1ng l\u00e0 t\u1eeb t\u00e0i kho\u1ea3n c\u00f4ng khai c\u1ee7a b\u1ea1n. C\u00f4ng c\u1ee5 c\u1ee7a ch\u00fang t\u00f4i ch\u1ec9 h\u1ed7 tr\u1ee3 c\u00e1c Story v\u00e0 Highlight c\u00f3 th\u1ec3 xem c\u00f4ng khai \u0111\u1ec3 t\u00f4n tr\u1ecdng c\u00e1c nguy\u00ean t\u1eafc v\u1ec1 quy\u1ec1n ri\u00eang t\u01b0. Lu\u00f4n s\u1eed d\u1ee5ng tr\u00ecnh t\u1ea3i xu\u1ed1ng m\u1ed9t c\u00e1ch c\u00f3 tr\u00e1ch nhi\u1ec7m v\u00e0 tu\u00e2n th\u1ee7 c\u00e1c quy t\u1eafc c\u1ee7a n\u1ec1n t\u1ea3ng khi t\u1ea3i xu\u1ed1ng Story ho\u1eb7c Highlight t\u1eeb t\u00e0i kho\u1ea3n c\u1ee7a b\u1ea1n.<\/p>\n<\/div>\n\n\n\n<div class=\"wp-block-column is-layout-flow wp-block-column-is-layout-flow\" style=\"flex-basis:33.33%\">\n<figure class=\"wp-block-image size-full\"><img loading=\"lazy\" decoding=\"async\" width=\"600\" height=\"450\" src=\"https:\/\/unduhvideoig.app\/wp-content\/uploads\/2025\/07\/save_video.webp\" alt=\"L\u01b0u video\" class=\"wp-image-483\" srcset=\"https:\/\/unduhvideoig.app\/wp-content\/uploads\/2025\/07\/save_video.webp 600w, https:\/\/unduhvideoig.app\/wp-content\/uploads\/2025\/07\/save_video-300x225.webp 300w\" sizes=\"auto, (max-width: 600px) 100vw, 600px\" \/><\/figure>\n<\/div>\n<\/div>\n\n\n\n<div class=\"wp-block-columns is-layout-flex wp-container-core-columns-is-layout-28f84493 wp-block-columns-is-layout-flex\" style=\"box-shadow:var(--wp--preset--shadow--natural)\">\n<div class=\"wp-block-column is-layout-flow wp-block-column-is-layout-flow\" style=\"flex-basis:33.33%\">\n<figure class=\"wp-block-image size-full\"><img loading=\"lazy\" decoding=\"async\" width=\"600\" height=\"450\" src=\"https:\/\/unduhvideoig.app\/wp-content\/uploads\/2025\/07\/reels_downloader.webp\" alt=\"Tr\u00ecnh t\u1ea3i xu\u1ed1ng Reels\" class=\"wp-image-472\" srcset=\"https:\/\/unduhvideoig.app\/wp-content\/uploads\/2025\/07\/reels_downloader.webp 600w, https:\/\/unduhvideoig.app\/wp-content\/uploads\/2025\/07\/reels_downloader-300x225.webp 300w\" sizes=\"auto, (max-width: 600px) 100vw, 600px\" \/><\/figure>\n<\/div>\n\n\n\n<div class=\"wp-block-column is-layout-flow wp-block-column-is-layout-flow\" style=\"flex-basis:66.66%\">\n<h3 class=\"wp-block-heading\">Tr\u00ecnh t\u1ea3i xu\u1ed1ng c\u00e2u chuy\u1ec7n<\/h3>\n\n\n\n<p>B\u1ea1n c\u00f3 th\u1ec3 t\u1ea3i xu\u1ed1ng Instagram Stories tr\u1ef1c tuy\u1ebfn b\u1eb1ng c\u00e1ch ch\u1ec9 c\u1ea7n d\u00e1n li\u00ean k\u1ebft c\u00e2u chuy\u1ec7n v\u00e0o \u00f4 b\u00ean tr\u00ean. C\u00f4ng c\u1ee5 Instagram Story Saver n\u00e0y ho\u00e0n to\u00e0n mi\u1ec5n ph\u00ed, kh\u00f4ng y\u00eau c\u1ea7u \u0111\u0103ng k\u00fd v\u00e0 ho\u1ea1t \u0111\u1ed9ng \u1ea9n danh \u2014 kh\u00f4ng c\u1ea7n \u0111\u0103ng nh\u1eadp c\u00e1 nh\u00e2n ho\u1eb7c \u1ee9ng d\u1ee5ng installation.<\/p>\n<\/div>\n<\/div>\n\n\n\n<div class=\"wp-block-columns is-layout-flex wp-container-core-columns-is-layout-28f84493 wp-block-columns-is-layout-flex\" style=\"box-shadow:var(--wp--preset--shadow--natural)\">\n<div class=\"wp-block-column is-layout-flow wp-block-column-is-layout-flow\" style=\"flex-basis:66.66%\">\n<h3 class=\"wp-block-heading\">T\u1ea3i xu\u1ed1ng tr\u00ean thi\u1ebft b\u1ecb di \u0111\u1ed9ng ho\u1eb7c m\u00e1y t\u00ednh \u0111\u1ec3 b\u00e0n \u2014 Kh\u00f4ng c\u1ea7n \u1ee9ng d\u1ee5ng<\/h3>\n\n\n\n<p>M\u1ecdi th\u1ee9 \u0111\u1ec1u ho\u1ea1t \u0111\u1ed9ng tr\u1ef1c ti\u1ebfp t\u1eeb tr\u00ecnh duy\u1ec7t c\u1ee7a b\u1ea1n \u2014 kh\u00f4ng c\u1ea7n t\u1ea3i xu\u1ed1ng ho\u1eb7c ti\u1ec7n \u00edch m\u1edf r\u1ed9ng. T\u1ea3i xu\u1ed1ng b\u1ea5t k\u1ef3 \u1ea3nh n\u00e0o, videos, reels, IGTV ch\u1ec9 b\u1eb1ng m\u1ed9t c\u00fa nh\u1ea5p chu\u1ed9t m\u00e0 kh\u00f4ng c\u00f3 h\u00ecnh m\u1edd \u1edf \u0111\u1ed9 ph\u00e2n gi\u1ea3i cao! Nh\u01b0ng n\u1ebfu b\u1ea1n l\u00e0 ng\u01b0\u1eddi d\u00f9ng th\u00e0nh th\u1ea1o, h\u00e3y theo d\u00f5i \u2014 ch\u00fang t\u00f4i \u0111ang ph\u00e1t tri\u1ec3n ti\u1ec7n \u00edch m\u1edf r\u1ed9ng tr\u00ecnh duy\u1ec7t \u0111\u1ec3 truy c\u1eadp d\u1ec5 d\u00e0ng h\u01a1n n\u1eefa.<\/p>\n<\/div>\n\n\n\n<div class=\"wp-block-column is-layout-flow wp-block-column-is-layout-flow\" style=\"flex-basis:33.33%\">\n<figure class=\"wp-block-image size-full\"><img loading=\"lazy\" decoding=\"async\" width=\"600\" height=\"450\" src=\"https:\/\/unduhvideoig.app\/wp-content\/uploads\/2025\/07\/mobile_app.webp\" alt=\"\u1ee8ng d\u1ee5ng di \u0111\u1ed9ng\" class=\"wp-image-477\" srcset=\"https:\/\/unduhvideoig.app\/wp-content\/uploads\/2025\/07\/mobile_app.webp 600w, https:\/\/unduhvideoig.app\/wp-content\/uploads\/2025\/07\/mobile_app-300x225.webp 300w\" sizes=\"auto, (max-width: 600px) 100vw, 600px\" \/><\/figure>\n<\/div>\n<\/div>\n\n\n\n<h2 class=\"wp-block-heading has-text-align-center\">C\u00e2u h\u1ecfi th\u01b0\u1eddng g\u1eb7p (FAQ)<\/h2>\n\n\n\n<hr class=\"wp-block-separator has-alpha-channel-opacity has-fabled-sunset-gradient-background has-background is-style-wide\"\/>\n\n\n\n<p>D\u01b0\u1edbi \u0111\u00e2y l\u00e0 c\u00e2u tr\u1ea3 l\u1eddi cho nh\u1eefng c\u00e2u h\u1ecfi th\u01b0\u1eddng g\u1eb7p nh\u1ea5t v\u1ec1 vi\u1ec7c s\u1eed d\u1ee5ng UnduhVideoIg.App Instagram Story Downloader c\u1ee7a ch\u00fang t\u00f4i. N\u1ebfu c\u00e2u h\u1ecfi c\u1ee7a b\u1ea1n kh\u00f4ng c\u00f3 trong danh s\u00e1ch, vui l\u00f2ng li\u00ean h\u1ec7 v\u1edbi ch\u00fang t\u00f4i b\u1ea5t c\u1ee9 l\u00fac n\u00e0o qua email t\u1ea1i trang li\u00ean h\u1ec7.<\/p>\n\n\n\n<h3 class=\"wp-block-heading\">Instagram Stories v\u00e0 Highlights l\u00e0 g\u00ec?<\/h3>\n\n\n\n<p>C\u00e2u chuy\u1ec7n l\u00e0 c\u00e1c \u0111o\u1ea1n video ng\u1eafn ho\u1eb7c \u1ea3nh s\u1ebd bi\u1ebfn m\u1ea5t sau 24 gi\u1edd. \u0110i\u1ec3m n\u1ed5i b\u1eadt l\u00e0 t\u1eadp h\u1ee3p c\u00e1c c\u00e2u chuy\u1ec7n \u0111\u01b0\u1ee3c l\u01b0u v\u0129nh vi\u1ec5n tr\u00ean h\u1ed3 s\u01a1 c\u1ee7a ng\u01b0\u1eddi d\u00f9ng. C\u00f4ng c\u1ee5 c\u1ee7a ch\u00fang t\u00f4i cho ph\u00e9p b\u1ea1n t\u1ea3i xu\u1ed1ng c\u1ea3 hai \u0111\u1ecbnh d\u1ea1ng m\u1ed9t c\u00e1ch nhanh ch\u00f3ng v\u00e0 d\u1ec5 d\u00e0ng.<\/p>\n\n\n\n<h3 class=\"wp-block-heading\">L\u00e0m th\u1ebf n\u00e0o \u0111\u1ec3 t\u1ea3i xu\u1ed1ng Story tr\u00ean Instagram?<\/h3>\n\n\n\n<p>\u0110\u1ec3 t\u1ea3i xu\u1ed1ng C\u00e2u chuy\u1ec7n tr\u00ean Instagram, h\u00e3y l\u00e0m theo c\u00e1c b\u01b0\u1edbc \u0111\u01a1n gi\u1ea3n sau:<\/p>\n\n\n\n<ul class=\"wp-block-list\">\n<li>M\u1edf Instagram v\u00e0 ch\u1ea1m v\u00e0o h\u00ecnh thu nh\u1ecf c\u1ee7a c\u00e2u chuy\u1ec7n \u1edf \u0111\u1ea7u ngu\u1ed3n c\u1ea5p d\u1eef li\u1ec7u c\u1ee7a b\u1ea1n.<\/li>\n\n\n\n<li>Khi c\u00e2u chuy\u1ec7n \u0111\u00e3 m\u1edf, h\u00e3y ch\u1ea1m v\u00e0o bi\u1ec3u t\u01b0\u1ee3ng menu ba ch\u1ea5m (<strong>\u22ef<\/strong>) \u1edf g\u00f3c tr\u00ean b\u00ean ph\u1ea3i.<\/li>\n\n\n\n<li>Ch\u1ecdn \u201cSao ch\u00e9p li\u00ean k\u1ebft\u201d t\u1eeb menu xu\u1ea5t hi\u1ec7n.<\/li>\n\n\n\n<li>Truy c\u1eadp UnduhVideoIg.App v\u00e0 d\u00e1n li\u00ean k\u1ebft \u0111\u00e3 sao ch\u00e9p v\u00e0o tr\u01b0\u1eddng nh\u1eadp.<\/li>\n\n\n\n<li>Nh\u1ea5p v\u00e0o n\u00fat T\u1ea3i xu\u1ed1ng \u2014 c\u00e2u chuy\u1ec7n c\u1ee7a b\u1ea1n s\u1ebd s\u1eb5n s\u00e0ng \u0111\u1ec3 l\u01b0u v\u00e0o thi\u1ebft b\u1ecb ch\u1ec9 trong v\u00e0i gi\u00e2y.<\/li>\n<\/ul>\n\n\n\n<h3 class=\"wp-block-heading\">T\u00f4i c\u00f3 th\u1ec3 t\u1ea3i xu\u1ed1ng Stories tr\u00ean Instagram tr\u00ean Android ho\u1eb7c iPhone kh\u00f4ng?<\/h3>\n\n\n\n<p>V\u00e2ng, t\u1ea3i xu\u1ed1ng Instagram Stories th\u1eadt d\u1ec5 d\u00e0ng v\u1edbi ch\u00fang t\u00f4i! Tr\u00ecnh t\u1ea3i xu\u1ed1ng Instagram Stories c\u1ee7a ch\u00fang t\u00f4i ho\u00e0n to\u00e0n t\u01b0\u01a1ng th\u00edch v\u1edbi c\u00e1c thi\u1ebft b\u1ecb di \u0111\u1ed9ng. B\u1ea1n c\u00f3 th\u1ec3 s\u1eed d\u1ee5ng tr\u00ean Android v\u00e0 iOS th\u00f4ng qua Chrome, Safari ho\u1eb7c b\u1ea5t k\u1ef3 tr\u00ecnh duy\u1ec7t n\u00e0o \u0111\u1ec3 t\u1ea3i xu\u1ed1ng b\u1ea5t k\u1ef3 story ho\u1eb7c highlight n\u00e0o.<\/p>\n\n\n\n<h3 class=\"wp-block-heading\">C\u00f3 gi\u1edbi h\u1ea1n s\u1ed1 l\u01b0\u1ee3ng tin Instagram m\u00e0 t\u00f4i c\u00f3 th\u1ec3 l\u01b0u kh\u00f4ng?<\/h3>\n\n\n\n<p>Kh\u00f4ng, kh\u00f4ng c\u00f3 gi\u1edbi h\u1ea1n n\u00e0o cho vi\u1ec7c t\u1ea3i xu\u1ed1ng b\u1ea5t k\u1ef3 Story n\u00e0o tr\u00ean Instagram. B\u1ea1n c\u00f3 th\u1ec3 t\u1ea3i xu\u1ed1ng bao nhi\u00eau Story ho\u1eb7c Highlight t\u00f9y th\u00edch \u2014 mi\u1ec5n ph\u00ed v\u00e0 kh\u00f4ng gi\u1edbi h\u1ea1n.<\/p>\n\n\n\n<h3 class=\"wp-block-heading\">C\u00f4ng c\u1ee5 n\u00e0y c\u00f3 th\u1ef1c s\u1ef1 mi\u1ec5n ph\u00ed v\u00e0 an to\u00e0n \u0111\u1ec3 s\u1eed d\u1ee5ng kh\u00f4ng?<\/h3>\n\n\n\n<p>D\u1ecbch v\u1ee5 t\u1ea3i xu\u1ed1ng Instagram Story ho\u00e0n to\u00e0n mi\u1ec5n ph\u00ed. Tr\u00ecnh t\u1ea3i xu\u1ed1ng Instagram Story n\u00e0y ho\u00e0n to\u00e0n mi\u1ec5n ph\u00ed, \u1ea9n danh v\u00e0 an to\u00e0n. Ch\u00fang t\u00f4i kh\u00f4ng l\u01b0u tr\u1eef li\u00ean k\u1ebft, ghi l\u1ea1i ho\u1ea1t \u0111\u1ed9ng ho\u1eb7c y\u00eau c\u1ea7u b\u1ea5t k\u1ef3 th\u00f4ng tin c\u00e1 nh\u00e2n n\u00e0o khi b\u1ea1n t\u1ea3i xu\u1ed1ng Instagram Story.<\/p>","protected":false},"excerpt":{"rendered":"<p>Instagram Story Saver Download Your Story and Highlights from Instagram Download With the usage of our service, you\u2019re accepting our Terms of Usage. Instagram Story Saver Instagram story is designed to disappear after 24 hours \u2014 but some moments deserve to be saved forever. With UnduhVideoIg Story Saver, you can easily download Instagram Story and [&hellip;]<\/p>\n","protected":false},"author":1,"featured_media":0,"parent":0,"menu_order":0,"comment_status":"closed","ping_status":"closed","template":"","meta":{"slim_seo":{"title":"Story Saver \u2013 T\u1ea3i xu\u1ed1ng Story tr\u00ean Instagram","description":"T\u1ea3i xu\u1ed1ng IG Stories mi\u1ec5n ph\u00ed m\u00e0 kh\u00f4ng c\u1ea7n \u1ee9ng d\u1ee5ng. L\u01b0u nh\u1eefng c\u00e2u chuy\u1ec7n Instagram y\u00eau th\u00edch c\u1ee7a b\u1ea1n m\u1ed9t c\u00e1ch d\u1ec5 d\u00e0ng, nhanh ch\u00f3ng, ch\u1ea5t l\u01b0\u1ee3ng HD v\u00e0 kh\u00f4ng c\u00f3 h\u00ecnh m\u1edd, tr\u1ef1c tuy\u1ebfn!"},"footnotes":""},"class_list":["post-339","page","type-page","status-publish","hentry"],"blocksy_meta":{"background":{"background_type":"color","background_pattern":"type-1","background_image":{"attachment_id":null,"x":0,"y":0},"gradient":"linear-gradient(135deg,rgba(6,147,227,1) 0%,rgb(155,81,224) 100%)","background_repeat":"repeat","background_size":"auto","background_attachment":"scroll","patternColor":{"default":{"color":"#e5e7ea"}},"overlayColor":{"default":{"color":"CT_CSS_SKIP_RULE"}},"backgroundColor":{"default":{"color":"CT_CSS_SKIP_RULE"}}},"styles_descriptor":{"styles":{"desktop":"[data-prefix=\"single_page\"] [class*=\"ct-container\"] > article[class*=\"post\"] {--has-boxed:var(--false);--has-wide:var(--true);}","tablet":"","mobile":""},"google_fonts":[],"version":6},"content_style_source":"custom","content_style":"wide","has_hero_section":"disabled"},"_links":{"self":[{"href":"https:\/\/unduhvideoig.app\/vi\/wp-json\/wp\/v2\/pages\/339","targetHints":{"allow":["GET"]}}],"collection":[{"href":"https:\/\/unduhvideoig.app\/vi\/wp-json\/wp\/v2\/pages"}],"about":[{"href":"https:\/\/unduhvideoig.app\/vi\/wp-json\/wp\/v2\/types\/page"}],"author":[{"embeddable":true,"href":"https:\/\/unduhvideoig.app\/vi\/wp-json\/wp\/v2\/users\/1"}],"replies":[{"embeddable":true,"href":"https:\/\/unduhvideoig.app\/vi\/wp-json\/wp\/v2\/comments?post=339"}],"version-history":[{"count":16,"href":"https:\/\/unduhvideoig.app\/vi\/wp-json\/wp\/v2\/pages\/339\/revisions"}],"predecessor-version":[{"id":660,"href":"https:\/\/unduhvideoig.app\/vi\/wp-json\/wp\/v2\/pages\/339\/revisions\/660"}],"wp:attachment":[{"href":"https:\/\/unduhvideoig.app\/vi\/wp-json\/wp\/v2\/media?parent=339"}],"curies":[{"name":"wp","href":"https:\/\/api.w.org\/{rel}","templated":true}]}}