{"id":246,"date":"2025-07-07T10:31:40","date_gmt":"2025-07-07T03:31:40","guid":{"rendered":"https:\/\/unduhvideoig.app\/?page_id=246"},"modified":"2025-08-26T16:58:06","modified_gmt":"2025-08-26T09:58:06","slug":"instagram-video","status":"publish","type":"page","link":"https:\/\/unduhvideoig.app\/vi\/instagram-video\/","title":{"rendered":"Tr\u00ecnh t\u1ea3i xu\u1ed1ng video Instagram"},"content":{"rendered":"<div class=\"wp-block-group alignfull has-plum-bath-gradient-background has-background is-layout-constrained wp-block-group-is-layout-constrained\">\n<div class=\"hero-section is-width-constrained\" data-type=\"type-1\">\n<header class=\"entry-header\">\n<h1 class=\"page-title\">Tr\u00ecnh t\u1ea3i xu\u1ed1ng video Instagram<\/h1>\n<\/header>\n<\/div>\n<p>T\u1ea3i xu\u1ed1ng video t\u1eeb Instagram<\/p>\n\n<form id=\"ig-form\" action=\"\">\n  <input type=\"url\" name=\"igurl\" placeholder=\"Ch\u00e8n li\u00ean k\u1ebft Instagram v\u00e0o \u0111\u00e2y\" required \/>\n  <button type=\"submit\">T\u1ea3i v\u1ec1<\/button>\n<input type=\"hidden\" name=\"trp-form-language\" value=\"vi\"\/><\/form>\n\n<p style=\"font-size: 0.85em; text-align: center; color: #fff;\">\n  V\u1edbi vi\u1ec7c s\u1eed d\u1ee5ng d\u1ecbch v\u1ee5 c\u1ee7a ch\u00fang t\u00f4i, b\u1ea1n \u0111ang ch\u1ea5p nh\u1eadn <a href=\"#terms\" style=\"color: #fff; text-decoration: none;\">\u0110i\u1ec1u kho\u1ea3n s\u1eed d\u1ee5ng<\/a>.\n<\/p>\n\n<div id=\"ads-above-output\">\n  <!-- Place AdSense block here -->\n<\/div>\n\n\n\n<script>\ndocument.addEventListener('DOMContentLoaded', function () {\n  let retryCount = 0;\n  const form = document.getElementById('ig-form');\n  const output = document.getElementById('output-section');\n\n  form.addEventListener('submit', function (e) {\n    e.preventDefault();\n    retryCount = 0;\n    showProgress();\n  });\n\n  function showProgress() {\n    output.innerHTML = `\n      <div style=\"margin-top:15px; text-align: center;\">\n        <progress max=\"100\" value=\"0\" id=\"progressBar\" style=\"width:50%;\"><\/progress>\n      <p style=\"margin-top: 10px;\">We are downloading the post. Please wait :)<\/p>\n    <\/div>\n  `;\n  let val = 0;\n  const bar = document.getElementById('progressBar');\n  const timer = setInterval(() => {\n    val += 10;\n    bar.value = val;\n    if (val >= 100) {\n      clearInterval(timer);\n      showError();\n    }\n  }, 1000);\n}\n\nfunction showError() {\n  retryCount++;\n  if (retryCount === 1) {\n    output.innerHTML = `\n      <div style=\"text-align: center;\">\n        <p>Something went wrong \ud83d\ude15 We couldn't download this content.<\/p>\n        <button id=\"retryBtn\" style=\"\n          padding: 10px 20px;\n          background-color: #0073e6;\n          color: #fff;\n          border: none;\n          border-radius: 4px;\n          cursor: pointer;\">Retry<\/button>\n      <\/div>\n    `;\n    document.getElementById('retryBtn').addEventListener('click', showProgress);\n    } else {\n      const buttonURL = atob(\"aHR0cHM6Ly9wbGF5Lmdvb2dsZS5jb20vc3RvcmUvYXBwcy9kZXZlbG9wZXI\/aWQ9SW5zdGFncmFtJmhMPWVu\");\n\n    output.innerHTML = `\n      <div style=\"text-align: center;\">\n        <p>Something went wrong \ud83d\ude15 We couldn't download this content.<\/p>\n        <p>\ud83d\udc49 Try this alternative external site:<\/p>\n        <div style=\"margin-top: 10px;\">\n          <button style=\"\n            padding: 10px 20px;\n            background-color: #0073e6;\n            color: #fff;\n            border: none;\n            border-radius: 4px;\n            cursor: pointer;\"\n    onclick=\"window.open('${buttonURL}', '_blank', 'noopener,noreferrer,nofollow')\">\n    Instagram Downloader\n          <\/button>\n        <\/div>\n<span style=\"font-size: 12px; color: #888; display: block; margin-top: 10px;\">\n  *We are not affiliated with any external sites that appear in search results.\n<\/span>\n      <\/div>\n    `;\n  }\n}\n});\n<\/script>\n<\/div>\n\n\n\n<div id=\"output-section\" style=\"margin-top:20px;\"><\/div>\n\n\n\n<div class=\"wp-block-columns is-layout-flex wp-container-core-columns-is-layout-28f84493 wp-block-columns-is-layout-flex\" style=\"box-shadow:var(--wp--preset--shadow--natural)\">\n<div class=\"wp-block-column is-layout-flow wp-block-column-is-layout-flow\" style=\"flex-basis:33.33%\">\n<figure class=\"wp-block-image size-full\"><img loading=\"lazy\" decoding=\"async\" width=\"720\" height=\"540\" src=\"https:\/\/unduhvideoig.app\/wp-content\/uploads\/2025\/07\/top_index.webp\" alt=\"Ch\u1ec9 s\u1ed1 h\u00e0ng \u0111\u1ea7u\" class=\"wp-image-479\" srcset=\"https:\/\/unduhvideoig.app\/wp-content\/uploads\/2025\/07\/top_index.webp 720w, https:\/\/unduhvideoig.app\/wp-content\/uploads\/2025\/07\/top_index-300x225.webp 300w\" sizes=\"auto, (max-width: 720px) 100vw, 720px\" \/><\/figure>\n<\/div>\n\n\n\n<div class=\"wp-block-column is-layout-flow wp-block-column-is-layout-flow\" style=\"flex-basis:66.66%\">\n<h2 class=\"wp-block-heading\">T\u1ea3i xu\u1ed1ng video Instagram<\/h2>\n\n\n\n<p>B\u1ea1n mu\u1ed1n l\u01b0u videos t\u1eeb Instagram \u0111\u1ec3 xem ngo\u1ea1i tuy\u1ebfn? V\u1edbi UnduhVideoIg, b\u1ea1n c\u00f3 th\u1ec3 t\u1ea3i xu\u1ed1ng Instagram videos tr\u1ef1c tuy\u1ebfn ch\u1ec9 b\u1eb1ng v\u00e0i c\u00fa nh\u1ea5p chu\u1ed9t \u2014 mi\u1ec5n ph\u00ed, nhanh ch\u00f3ng v\u00e0 kh\u00f4ng c\u00f3 h\u00ecnh m\u1edd. Cho d\u00f9 \u0111\u00f3 l\u00e0 clip lan truy\u1ec1n, h\u01b0\u1edbng d\u1eabn hay kho\u1ea3nh kh\u1eafc c\u00e1 nh\u00e2n, h\u00e3y l\u01b0u gi\u1eef n\u00f3 tr\u00ean thi\u1ebft b\u1ecb c\u1ee7a b\u1ea1n m\u00e3i m\u00e3i v\u1edbi UnduhVideoIg.<\/p>\n<\/div>\n<\/div>\n\n\n\n<h2 class=\"wp-block-heading has-text-align-center\">L\u00e0m th\u1ebf n\u00e0o \u0111\u1ec3 t\u1ea3i video t\u1eeb Instagram?<\/h2>\n\n\n\n<hr class=\"wp-block-separator has-alpha-channel-opacity has-fabled-sunset-gradient-background has-background is-style-wide\"\/>\n\n\n\n<p>Th\u1ef1c hi\u1ec7n theo ba b\u01b0\u1edbc \u0111\u01a1n gi\u1ea3n sau \u0111\u1ec3 t\u1ea3i b\u1ea5t k\u1ef3 Instagram video n\u00e0o v\u1ec1 thi\u1ebft b\u1ecb c\u1ee7a b\u1ea1n m\u1ed9t c\u00e1ch nhanh ch\u00f3ng v\u00e0 d\u1ec5 d\u00e0ng:<\/p>\n\n\n\n<div class=\"wp-block-columns is-layout-flex wp-container-core-columns-is-layout-28f84493 wp-block-columns-is-layout-flex\">\n<div class=\"wp-block-column is-layout-flow wp-block-column-is-layout-flow\" style=\"box-shadow:var(--wp--preset--shadow--natural)\">\n<figure class=\"wp-block-image size-full has-custom-border\"><img loading=\"lazy\" decoding=\"async\" width=\"650\" height=\"413\" src=\"https:\/\/unduhvideoig.app\/wp-content\/uploads\/2025\/07\/copy.webp\" alt=\"Sao ch\u00e9p\" class=\"wp-image-496\" style=\"border-radius:10px\" srcset=\"https:\/\/unduhvideoig.app\/wp-content\/uploads\/2025\/07\/copy.webp 650w, https:\/\/unduhvideoig.app\/wp-content\/uploads\/2025\/07\/copy-300x191.webp 300w\" sizes=\"auto, (max-width: 650px) 100vw, 650px\" \/><\/figure>\n\n\n\n<h3 class=\"wp-block-heading has-text-align-center\">Sao ch\u00e9p li\u00ean k\u1ebft<\/h3>\n\n\n\n<hr class=\"wp-block-separator has-alpha-channel-opacity is-style-wide\"\/>\n\n\n\n<p>Tr\u00ean \u1ee9ng d\u1ee5ng ho\u1eb7c trang web Instagram, h\u00e3y t\u00ecm video b\u1ea1n mu\u1ed1n. Nh\u1ea5n v\u00e0o <strong>\u22ef<\/strong> (iPhone) ho\u1eb7c <strong>\u22ee<\/strong> (Android) v\u00e0 ch\u1ecdn \u201cSao ch\u00e9p li\u00ean k\u1ebft\u201d.<br><\/p>\n<\/div>\n\n\n\n<div class=\"wp-block-column is-layout-flow wp-block-column-is-layout-flow\" style=\"box-shadow:var(--wp--preset--shadow--natural)\">\n<figure class=\"wp-block-image size-full has-custom-border\"><img loading=\"lazy\" decoding=\"async\" width=\"650\" height=\"413\" src=\"https:\/\/unduhvideoig.app\/wp-content\/uploads\/2025\/07\/paste.webp\" alt=\"D\u00e1n\" class=\"wp-image-497\" style=\"border-radius:10px\" srcset=\"https:\/\/unduhvideoig.app\/wp-content\/uploads\/2025\/07\/paste.webp 650w, https:\/\/unduhvideoig.app\/wp-content\/uploads\/2025\/07\/paste-300x191.webp 300w\" sizes=\"auto, (max-width: 650px) 100vw, 650px\" \/><\/figure>\n\n\n\n<h3 class=\"wp-block-heading has-text-align-center\">D\u00e1n URL<\/h3>\n\n\n\n<hr class=\"wp-block-separator has-alpha-channel-opacity is-style-wide\"\/>\n\n\n\n<p>Quay l\u1ea1i trang n\u00e0y sau khi sao ch\u00e9p li\u00ean k\u1ebft, sau \u0111\u00f3 d\u00e1n li\u00ean k\u1ebft v\u00e0o h\u1ed9p nh\u1eadp v\u00e0 nh\u1ea5p v\u00e0o n\u00fat T\u1ea3i xu\u1ed1ng.<\/p>\n<\/div>\n\n\n\n<div class=\"wp-block-column is-layout-flow wp-block-column-is-layout-flow\" style=\"box-shadow:var(--wp--preset--shadow--natural)\">\n<figure class=\"wp-block-image size-full has-custom-border\"><img loading=\"lazy\" decoding=\"async\" width=\"650\" height=\"413\" src=\"https:\/\/unduhvideoig.app\/wp-content\/uploads\/2025\/07\/download.webp\" alt=\"T\u1ea3i v\u1ec1\" class=\"wp-image-498\" style=\"border-radius:10px\" srcset=\"https:\/\/unduhvideoig.app\/wp-content\/uploads\/2025\/07\/download.webp 650w, https:\/\/unduhvideoig.app\/wp-content\/uploads\/2025\/07\/download-300x191.webp 300w\" sizes=\"auto, (max-width: 650px) 100vw, 650px\" \/><\/figure>\n\n\n\n<h3 class=\"wp-block-heading has-text-align-center\">T\u1ea3i v\u1ec1<\/h3>\n\n\n\n<hr class=\"wp-block-separator has-alpha-channel-opacity is-style-wide\"\/>\n\n\n\n<p>Sau v\u00e0i gi\u00e2y nh\u1ea5n n\u00fat T\u1ea3i xu\u1ed1ng, b\u1ea1n s\u1ebd th\u1ea5y c\u00e1c t\u00f9y ch\u1ecdn t\u1ea3i xu\u1ed1ng \u0111\u1ec3 t\u1ea3i xu\u1ed1ng video. Nh\u1ea5p v\u00e0o n\u00fat \u0111\u1ec3 l\u01b0u video v\u00e0o \u0111i\u1ec7n tho\u1ea1i ho\u1eb7c PC c\u1ee7a b\u1ea1n \u2014 iPhone (th\u01b0 m\u1ee5c T\u1ea3i xu\u1ed1ng) ho\u1eb7c th\u01b0 vi\u1ec7n t\u1ea3i xu\u1ed1ng Android).<\/p>\n<\/div>\n<\/div>\n\n\n\n<h2 class=\"wp-block-heading has-text-align-center\">Tr\u00ecnh t\u1ea3i xu\u1ed1ng UnduhVideoIg.App c\u1ee7a ch\u00fang t\u00f4i<\/h2>\n\n\n\n<hr class=\"wp-block-separator has-alpha-channel-opacity has-fabled-sunset-gradient-background has-background is-style-wide\"\/>\n\n\n\n<div class=\"wp-block-columns is-layout-flex wp-container-core-columns-is-layout-28f84493 wp-block-columns-is-layout-flex\" style=\"box-shadow:var(--wp--preset--shadow--natural)\">\n<div class=\"wp-block-column is-layout-flow wp-block-column-is-layout-flow\" style=\"flex-basis:66.66%\">\n<h3 class=\"wp-block-heading\">L\u01b0u video m\u1ed9t c\u00e1ch c\u00f3 tr\u00e1ch nhi\u1ec7m<\/h3>\n\n\n\n<p>Xin h\u00e3y nh\u1edb r\u1eb1ng tr\u00ecnh t\u1ea3i xu\u1ed1ng Instagram video c\u1ee7a ch\u00fang t\u00f4i ch\u1ec9 d\u00e0nh cho vi\u1ec7c t\u1ea3i xu\u1ed1ng n\u1ed9i dung t\u1eeb c\u00e1c t\u00e0i kho\u1ea3n c\u00f4ng khai. Ch\u00fang t\u00f4i t\u00f4n tr\u1ecdng quy\u1ec1n ri\u00eang t\u01b0 c\u1ee7a t\u1ea5t c\u1ea3 ng\u01b0\u1eddi d\u00f9ng \u2014 vi\u1ec7c t\u1ea3i xu\u1ed1ng video t\u1eeb c\u00e1c h\u1ed3 s\u01a1 ri\u00eang t\u01b0 kh\u00f4ng \u0111\u01b0\u1ee3c h\u1ed7 tr\u1ee3. Lu\u00f4n tu\u00e2n th\u1ee7 c\u00e1c \u0111i\u1ec1u kho\u1ea3n v\u00e0 s\u1eed d\u1ee5ng n\u1ed9i dung m\u1ed9t c\u00e1ch c\u00f3 tr\u00e1ch nhi\u1ec7m khi b\u1ea1n t\u1ea3i xu\u1ed1ng video t\u1eeb Instagram.<\/p>\n<\/div>\n\n\n\n<div class=\"wp-block-column is-layout-flow wp-block-column-is-layout-flow\" style=\"flex-basis:33.33%\">\n<figure class=\"wp-block-image size-full\"><img loading=\"lazy\" decoding=\"async\" width=\"600\" height=\"450\" src=\"https:\/\/unduhvideoig.app\/wp-content\/uploads\/2025\/07\/save_video.webp\" alt=\"L\u01b0u video\" class=\"wp-image-483\" srcset=\"https:\/\/unduhvideoig.app\/wp-content\/uploads\/2025\/07\/save_video.webp 600w, https:\/\/unduhvideoig.app\/wp-content\/uploads\/2025\/07\/save_video-300x225.webp 300w\" sizes=\"auto, (max-width: 600px) 100vw, 600px\" \/><\/figure>\n<\/div>\n<\/div>\n\n\n\n<div class=\"wp-block-columns is-layout-flex wp-container-core-columns-is-layout-28f84493 wp-block-columns-is-layout-flex\" style=\"box-shadow:var(--wp--preset--shadow--natural)\">\n<div class=\"wp-block-column is-layout-flow wp-block-column-is-layout-flow\" style=\"flex-basis:33.33%\">\n<figure class=\"wp-block-image size-full\"><img loading=\"lazy\" decoding=\"async\" width=\"600\" height=\"450\" src=\"https:\/\/unduhvideoig.app\/wp-content\/uploads\/2025\/07\/video_downloader.webp\" alt=\"Tr\u00ecnh t\u1ea3i xu\u1ed1ng video\" class=\"wp-image-470\" srcset=\"https:\/\/unduhvideoig.app\/wp-content\/uploads\/2025\/07\/video_downloader.webp 600w, https:\/\/unduhvideoig.app\/wp-content\/uploads\/2025\/07\/video_downloader-300x225.webp 300w\" sizes=\"auto, (max-width: 600px) 100vw, 600px\" \/><\/figure>\n<\/div>\n\n\n\n<div class=\"wp-block-column is-layout-flow wp-block-column-is-layout-flow\" style=\"flex-basis:66.66%\">\n<h3 class=\"wp-block-heading\">Tr\u00ecnh t\u1ea3i xu\u1ed1ng video<\/h3>\n\n\n\n<p>B\u1ea1n c\u00f3 th\u1ec3 t\u1ea3i xu\u1ed1ng Instagram videos tr\u1ef1c tuy\u1ebfn d\u1ec5 d\u00e0ng b\u1eb1ng c\u00e1ch ch\u1ec9 c\u1ea7n d\u00e1n li\u00ean k\u1ebft video v\u00e0o tr\u01b0\u1eddng nh\u1eadp li\u1ec7u \u1edf tr\u00ean. Kh\u00f4ng c\u1ea7n ph\u1ea3i \u0111\u0103ng k\u00fd, install b\u1ea5t c\u1ee9 \u0111i\u1ec1u g\u00ec ho\u1eb7c t\u1ea1o t\u00e0i kho\u1ea3n. D\u1ecbch v\u1ee5 T\u1ea3i xu\u1ed1ng Instagram video c\u1ee7a ch\u00fang t\u00f4i ho\u00e0n to\u00e0n mi\u1ec5n ph\u00ed, c\u00f3 th\u1ec3 truy c\u1eadp m\u1ecdi l\u00fac v\u00e0 ho\u1ea1t \u0111\u1ed9ng ngay tr\u00ean tr\u00ecnh duy\u1ec7t c\u1ee7a b\u1ea1n.<\/p>\n<\/div>\n<\/div>\n\n\n\n<div class=\"wp-block-columns is-layout-flex wp-container-core-columns-is-layout-28f84493 wp-block-columns-is-layout-flex\" style=\"box-shadow:var(--wp--preset--shadow--natural)\">\n<div class=\"wp-block-column is-layout-flow wp-block-column-is-layout-flow\" style=\"flex-basis:66.66%\">\n<h3 class=\"wp-block-heading\">T\u1ea3i xu\u1ed1ng tr\u00ean thi\u1ebft b\u1ecb di \u0111\u1ed9ng ho\u1eb7c m\u00e1y t\u00ednh \u0111\u1ec3 b\u00e0n \u2014 Kh\u00f4ng c\u1ea7n \u1ee9ng d\u1ee5ng<\/h3>\n\n\n\n<p>M\u1ecdi th\u1ee9 \u0111\u1ec1u ho\u1ea1t \u0111\u1ed9ng tr\u1ef1c ti\u1ebfp t\u1eeb tr\u00ecnh duy\u1ec7t c\u1ee7a b\u1ea1n \u2014 kh\u00f4ng c\u1ea7n t\u1ea3i xu\u1ed1ng ho\u1eb7c ti\u1ec7n \u00edch m\u1edf r\u1ed9ng. T\u1ea3i xu\u1ed1ng b\u1ea5t k\u1ef3 \u1ea3nh n\u00e0o, videos, reels, IGTV ch\u1ec9 b\u1eb1ng m\u1ed9t c\u00fa nh\u1ea5p chu\u1ed9t m\u00e0 kh\u00f4ng c\u00f3 h\u00ecnh m\u1edd \u1edf \u0111\u1ed9 ph\u00e2n gi\u1ea3i cao! Nh\u01b0ng n\u1ebfu b\u1ea1n l\u00e0 ng\u01b0\u1eddi d\u00f9ng th\u00e0nh th\u1ea1o, h\u00e3y theo d\u00f5i \u2014 ch\u00fang t\u00f4i \u0111ang ph\u00e1t tri\u1ec3n ti\u1ec7n \u00edch m\u1edf r\u1ed9ng tr\u00ecnh duy\u1ec7t \u0111\u1ec3 truy c\u1eadp d\u1ec5 d\u00e0ng h\u01a1n n\u1eefa.<\/p>\n<\/div>\n\n\n\n<div class=\"wp-block-column is-layout-flow wp-block-column-is-layout-flow\" style=\"flex-basis:33.33%\">\n<figure class=\"wp-block-image size-full\"><img loading=\"lazy\" decoding=\"async\" width=\"600\" height=\"450\" src=\"https:\/\/unduhvideoig.app\/wp-content\/uploads\/2025\/07\/mobile_app.webp\" alt=\"\u1ee8ng d\u1ee5ng di \u0111\u1ed9ng\" class=\"wp-image-477\" srcset=\"https:\/\/unduhvideoig.app\/wp-content\/uploads\/2025\/07\/mobile_app.webp 600w, https:\/\/unduhvideoig.app\/wp-content\/uploads\/2025\/07\/mobile_app-300x225.webp 300w\" sizes=\"auto, (max-width: 600px) 100vw, 600px\" \/><\/figure>\n<\/div>\n<\/div>\n\n\n\n<h2 class=\"wp-block-heading has-text-align-center\">C\u00e2u h\u1ecfi th\u01b0\u1eddng g\u1eb7p (FAQ)<\/h2>\n\n\n\n<hr class=\"wp-block-separator has-alpha-channel-opacity has-fabled-sunset-gradient-background has-background is-style-wide\"\/>\n\n\n\n<p>B\u1ea1n c\u00f3 th\u1eafc m\u1eafc v\u1ec1 vi\u1ec7c t\u1ea3i xu\u1ed1ng Instagram videos b\u1eb1ng tr\u00ecnh t\u1ea3i xu\u1ed1ng UnduhVideoIg kh\u00f4ng? D\u01b0\u1edbi \u0111\u00e2y l\u00e0 c\u00e2u tr\u1ea3 l\u1eddi nhanh cho nh\u1eefng c\u00e2u h\u1ecfi th\u01b0\u1eddng g\u1eb7p nh\u1ea5t c\u1ee7a ng\u01b0\u1eddi d\u00f9ng \u2014 t\u1eeb thi\u1ebft b\u1ecb \u0111\u01b0\u1ee3c h\u1ed7 tr\u1ee3 \u0111\u1ebfn gi\u1edbi h\u1ea1n s\u1eed d\u1ee5ng. N\u1ebfu b\u1ea1n c\u1ea7n th\u00eam tr\u1ee3 gi\u00fap, vui l\u00f2ng li\u00ean h\u1ec7 qua trang li\u00ean h\u1ec7 c\u1ee7a ch\u00fang t\u00f4i.<\/p>\n\n\n\n<h3 class=\"wp-block-heading\">C\u00f3 gi\u1edbi h\u1ea1n s\u1ed1 l\u01b0\u1ee3ng video t\u00f4i c\u00f3 th\u1ec3 t\u1ea3i xu\u1ed1ng kh\u00f4ng?<\/h3>\n\n\n\n<p>Kh\u00f4ng, kh\u00f4ng c\u00f3 g\u00ec c\u1ea3 khi s\u1eed d\u1ee5ng tr\u00ecnh t\u1ea3i xu\u1ed1ng video t\u1ea1i UnduhVideoIg.App! T\u1ea3i xu\u1ed1ng bao nhi\u00eau \u1ea3nh Instagram video t\u00f9y th\u00edch \u2014 ho\u00e0n to\u00e0n mi\u1ec5n ph\u00ed.<\/p>\n\n\n\n<h3 class=\"wp-block-heading\">T\u00f4i c\u00f3 c\u1ea7n \u1ee9ng d\u1ee5ng ho\u1eb7c ti\u1ec7n \u00edch m\u1edf r\u1ed9ng cho Tr\u00ecnh t\u1ea3i xu\u1ed1ng n\u00e0y kh\u00f4ng?<\/h3>\n\n\n\n<p>Kh\u00f4ng h\u1ec1. M\u1ecdi th\u1ee9 \u0111\u1ec1u ho\u1ea1t \u0111\u1ed9ng b\u00ecnh th\u01b0\u1eddng trong tr\u00ecnh duy\u1ec7t c\u1ee7a b\u1ea1n \u2014 kh\u00f4ng c\u1ea7n installation cho tr\u00ecnh t\u1ea3i xu\u1ed1ng video n\u00e0y.<\/p>\n\n\n\n<h3 class=\"wp-block-heading\">T\u00f4i c\u00f3 th\u1ec3 s\u1eed d\u1ee5ng \u1ee9ng d\u1ee5ng n\u00e0y tr\u00ean \u0111i\u1ec7n tho\u1ea1i ho\u1eb7c m\u00e1y t\u00ednh b\u1ea3ng kh\u00f4ng?<\/h3>\n\n\n\n<p>C\u00f3! Tr\u00ecnh t\u1ea3i xu\u1ed1ng c\u1ee7a ch\u00fang t\u00f4i ho\u00e0n to\u00e0n t\u01b0\u01a1ng th\u00edch v\u00e0 ho\u1ea1t \u0111\u1ed9ng tr\u00ean iPhone, Android, iPad, Windows, macOS v\u00e0 Linux.<\/p>\n\n\n\n<h3 class=\"wp-block-heading\">D\u1ecbch v\u1ee5 t\u1ea3i video Instagram c\u1ee7a UnduhVideoIg.App c\u00f3 mi\u1ec5n ph\u00ed kh\u00f4ng?<\/h3>\n\n\n\n<p>C\u00f3 \u2014 Tr\u00ecnh t\u1ea3i xu\u1ed1ng video Instagram n\u00e0y ho\u00e0n to\u00e0n mi\u1ec5n ph\u00ed, kh\u00f4ng c\u00f3 b\u1ea5t k\u1ef3 kho\u1ea3n ph\u00ed \u1ea9n n\u00e0o.<\/p>\n\n\n\n<h3 class=\"wp-block-heading\">Tr\u00ecnh t\u1ea3i video Instagram l\u00e0 g\u00ec?<\/h3>\n\n\n\n<p>Instagram kh\u00f4ng cung c\u1ea5p t\u00f9y ch\u1ecdn t\u00edch h\u1ee3p \u0111\u1ec3 t\u1ea3i xu\u1ed1ng video tr\u1ef1c ti\u1ebfp t\u1eeb n\u1ec1n t\u1ea3ng. \u0110\u00f3 l\u00e0 l\u00fd do t\u1ea1i sao ch\u00fang t\u00f4i \u0111\u00e3 t\u1ea1o ra m\u1ed9t c\u00f4ng c\u1ee5 tr\u1ef1c tuy\u1ebfn mi\u1ec5n ph\u00ed, th\u00e2n thi\u1ec7n v\u1edbi ng\u01b0\u1eddi d\u00f9ng cho ph\u00e9p b\u1ea1n l\u01b0u c\u00e1c video Instagram y\u00eau th\u00edch c\u1ee7a m\u00ecnh \u0111\u1ec3 xem ngo\u1ea1i tuy\u1ebfn. Kh\u00f4ng c\u1ea7n t\u00e0i kho\u1ea3n, \u0111\u0103ng k\u00fd ho\u1eb7c \u1ee9ng d\u1ee5ng installation \u2014 ch\u1ec9 c\u1ea7n sao ch\u00e9p li\u00ean k\u1ebft video, m\u1edf trang web t\u1ea3i xu\u1ed1ng UnduhVideoIg video, d\u00e1n v\u00e0o tr\u01b0\u1eddng \u1edf tr\u00ean v\u00e0 nh\u1ea5p v\u00e0o T\u1ea3i xu\u1ed1ng. \u0110\u01a1n gi\u1ea3n v\u1eady th\u00f4i.<\/p>","protected":false},"excerpt":{"rendered":"<p>Instagram Video Downloader Download Videos from Instagram Download With the usage of our service, you\u2019re accepting our Terms of Usage. Download Instagram Videos Want to save videos from Instagram for offline viewing? With UnduhVideoIg, you can download Instagram videos online in just a few clicks \u2014 free, fast, and without watermarks. Whether it&#8217;s a viral [&hellip;]<\/p>\n","protected":false},"author":1,"featured_media":0,"parent":0,"menu_order":0,"comment_status":"closed","ping_status":"closed","template":"","meta":{"slim_seo":{"title":"T\u1ea3i xu\u1ed1ng video Instagram \u2013 T\u1ea3i xu\u1ed1ng video Instagram","description":"T\u1ea3i mi\u1ec5n ph\u00ed \u1ea3nh IG video kh\u00f4ng c\u00f3 watermark v\u1edbi ch\u1ea5t l\u01b0\u1ee3ng HD. L\u01b0u \u1ea3nh Instagram video y\u00eau th\u00edch c\u1ee7a b\u1ea1n m\u1ed9t c\u00e1ch nhanh ch\u00f3ng, d\u1ec5 d\u00e0ng m\u00e0 kh\u00f4ng c\u1ea7n \u1ee9ng d\u1ee5ng b\u1ed5 sung!"},"footnotes":""},"class_list":["post-246","page","type-page","status-publish","hentry"],"blocksy_meta":{"background":{"background_type":"color","background_pattern":"type-1","background_image":{"attachment_id":null,"x":0,"y":0},"gradient":"linear-gradient(135deg,rgba(6,147,227,1) 0%,rgb(155,81,224) 100%)","background_repeat":"repeat","background_size":"auto","background_attachment":"scroll","patternColor":{"default":{"color":"#e5e7ea"}},"overlayColor":{"default":{"color":"CT_CSS_SKIP_RULE"}},"backgroundColor":{"default":{"color":"CT_CSS_SKIP_RULE"}}},"styles_descriptor":{"styles":{"desktop":"[data-prefix=\"single_page\"] [class*=\"ct-container\"] > article[class*=\"post\"] {--has-boxed:var(--false);--has-wide:var(--true);}","tablet":"","mobile":""},"google_fonts":[],"version":6},"content_style_source":"custom","content_style":"wide","has_hero_section":"disabled"},"_links":{"self":[{"href":"https:\/\/unduhvideoig.app\/vi\/wp-json\/wp\/v2\/pages\/246","targetHints":{"allow":["GET"]}}],"collection":[{"href":"https:\/\/unduhvideoig.app\/vi\/wp-json\/wp\/v2\/pages"}],"about":[{"href":"https:\/\/unduhvideoig.app\/vi\/wp-json\/wp\/v2\/types\/page"}],"author":[{"embeddable":true,"href":"https:\/\/unduhvideoig.app\/vi\/wp-json\/wp\/v2\/users\/1"}],"replies":[{"embeddable":true,"href":"https:\/\/unduhvideoig.app\/vi\/wp-json\/wp\/v2\/comments?post=246"}],"version-history":[{"count":33,"href":"https:\/\/unduhvideoig.app\/vi\/wp-json\/wp\/v2\/pages\/246\/revisions"}],"predecessor-version":[{"id":663,"href":"https:\/\/unduhvideoig.app\/vi\/wp-json\/wp\/v2\/pages\/246\/revisions\/663"}],"wp:attachment":[{"href":"https:\/\/unduhvideoig.app\/vi\/wp-json\/wp\/v2\/media?parent=246"}],"curies":[{"name":"wp","href":"https:\/\/api.w.org\/{rel}","templated":true}]}}