{"id":393,"date":"2025-07-09T15:05:57","date_gmt":"2025-07-09T08:05:57","guid":{"rendered":"https:\/\/unduhvideoig.app\/?page_id=393"},"modified":"2025-08-26T17:12:23","modified_gmt":"2025-08-26T10:12:23","slug":"faq","status":"publish","type":"page","link":"https:\/\/unduhvideoig.app\/tr\/faq\/","title":{"rendered":"SSS \u2013 S\u0131k\u00e7a sorulan sorular"},"content":{"rendered":"<hr class=\"wp-block-separator has-alpha-channel-opacity has-fabled-sunset-gradient-background has-background is-style-wide\"\/>\n\n\n\n<p>UnduhVideoIG.App&#039;in SSS b\u00f6l\u00fcm\u00fcne ho\u015f geldiniz. Instagram foto\u011fraflar\u0131, video&#039;ler, Reels, Hikayeler, IGTV ve d\u00f6nen g\u00f6nderileri indirme hakk\u0131nda yan\u0131tlar i\u00e7in do\u011fru yerdesiniz. A\u015fa\u011f\u0131da, kullan\u0131c\u0131lar\u0131n \u00fccretsiz Instagram indirme arac\u0131m\u0131z\u0131 kullanma konusunda en s\u0131k sordu\u011fu sorular\u0131n net ve ayr\u0131nt\u0131l\u0131 yan\u0131tlar\u0131n\u0131 bulacaks\u0131n\u0131z.<\/p>\n\n\n\n<h3 class=\"wp-block-heading\">UnduhVideoIG.App nedir ve neden ihtiyac\u0131m var?<\/h3>\n\n\n\n<p>UnduhVideoIG.App, Instagram&#039;dan foto\u011fraf, video, reels, hikayeler, IGTV ve d\u00f6nen g\u00f6nderiler dahil olmak \u00fczere i\u00e7erik indirmenize olanak tan\u0131yan \u00fccretsiz bir \u00e7evrimi\u00e7i ara\u00e7t\u0131r. \u0130ster an\u0131lar\u0131n\u0131z\u0131 kaydedin, ister i\u00e7erikleri d\u00fczenleyin veya kendi g\u00f6nderilerinizi yedekleyin, arac\u0131m\u0131z size \u00e7evrimd\u0131\u015f\u0131 kullan\u0131m i\u00e7in video ve g\u00f6rselleri indirmenin h\u0131zl\u0131 ve g\u00fcvenilir bir yolunu sunar.<\/p>\n\n\n\n<h3 class=\"wp-block-heading\">UnduhVideoIG kullanman\u0131n ba\u015fl\u0131ca avantajlar\u0131 nelerdir?<\/h3>\n\n\n\n<ul class=\"wp-block-list\">\n<li>installation&#039;a gerek yok \u2014 100% web tabanl\u0131d\u0131r, herhangi bir taray\u0131c\u0131da \u00e7al\u0131\u015f\u0131r<\/li>\n\n\n\n<li>Herkese a\u00e7\u0131k Instagram hesaplar\u0131ndan foto\u011fraf, reels, video ve d\u00f6nen resimler indirin<\/li>\n\n\n\n<li>H\u0131zl\u0131 ve hafif \u2014 sadece ba\u011flant\u0131y\u0131 yap\u0131\u015ft\u0131r\u0131n ve \u0130ndir&#039;e t\u0131klay\u0131n<\/li>\n\n\n\n<li>Orijinal kaliteyi korur; s\u0131k\u0131\u015ft\u0131rma veya filigran yoktur<\/li>\n\n\n\n<li>T\u00fcm cihazlar\u0131 ve i\u015fletim sistemlerini destekler<\/li>\n\n\n\n<li>G\u00fcvenli ve gizli \u2014 hi\u00e7bir indirmeyi izlemiyoruz veya saklam\u0131yoruz<\/li>\n<\/ul>\n\n\n\n<h3 class=\"wp-block-heading\">\u0130ndirilen dosyalar nerede saklan\u0131yor?<\/h3>\n\n\n\n<p>\u0130ndirilen dosyalar taray\u0131c\u0131n\u0131z\u0131n varsay\u0131lan \u0130ndirilenler klas\u00f6r\u00fcne kaydedilir.<br>Bunlar\u0131 genellikle \u015fu \u015fekilde bulabilirsiniz:<\/p>\n\n\n\n<ul class=\"wp-block-list\">\n<li>Ctrl + J (Windows) veya Command + J (Mac) tu\u015flar\u0131na basmak<\/li>\n\n\n\n<li>Taray\u0131c\u0131n\u0131z\u0131n indirme b\u00f6l\u00fcm\u00fcn\u00fc kontrol edin<\/li>\n\n\n\n<li>Mobil cihazlarda dosyalar genellikle telefonunuzun \u0130ndirilenler veya Galeri b\u00f6l\u00fcm\u00fcnde g\u00f6r\u00fcn\u00fcr<\/li>\n<\/ul>\n\n\n\n<h3 class=\"wp-block-heading\">\u0130ndirdi\u011fim i\u00e7eri\u011fin kalitesi nedir?<\/h3>\n\n\n\n<p>UnduhVideoIG.App ile indirilen t\u00fcm medya dosyalar\u0131, orijinal Instagram y\u00fcklemesiyle ayn\u0131 kalitede kal\u0131r. \u0130ster foto\u011fraf ister video olsun, en iyi \u00e7\u00f6z\u00fcn\u00fcrl\u00fckte (\u00f6rne\u011fin JPG, MP4, AVI, MOV vb.) al\u0131rs\u0131n\u0131z.<\/p>\n\n\n\n<h3 class=\"wp-block-heading\">\u00d6zel Instagram g\u00f6nderilerini indirebilir miyim?<\/h3>\n\n\n\n<p>Hay\u0131r, kullan\u0131c\u0131lar\u0131n gizlili\u011fine sayg\u0131 g\u00f6stermek ad\u0131na yaln\u0131zca herkese a\u00e7\u0131k Instagram i\u00e7eriklerinin indirilmesini destekliyoruz. Bir g\u00f6nderi gizliyse, arac\u0131m\u0131z arac\u0131l\u0131\u011f\u0131yla eri\u015filemez veya indirilemez.<\/p>\n\n\n\n<blockquote class=\"wp-block-quote is-layout-flow wp-block-quote-is-layout-flow\">\n<p>Ba\u015fkas\u0131n\u0131n i\u00e7eri\u011fini indiriyorsan\u0131z l\u00fctfen bunu yaln\u0131zca ki\u015fisel kullan\u0131m\u0131n\u0131z i\u00e7in kullan\u0131n ve payla\u015fmay\u0131 planl\u0131yorsan\u0131z orijinal yarat\u0131c\u0131ya at\u0131fta bulunun.<\/p>\n<\/blockquote>\n\n\n\n<h3 class=\"wp-block-heading\">Hangi i\u015fletim sistemleri ve taray\u0131c\u0131lar destekleniyor?<\/h3>\n\n\n\n<p>\u0130ndiricimiz t\u00fcm modern cihazlarda ve taray\u0131c\u0131larda \u00e7al\u0131\u015f\u0131r, bunlar \u015funlard\u0131r:<\/p>\n\n\n\n<ul class=\"wp-block-list\">\n<li>\u0130\u015fletim Sistemleri: iOS, Android, Windows, macOS, Linux<\/li>\n\n\n\n<li>Taray\u0131c\u0131lar: Chrome, Safari, Firefox, Edge, Opera<\/li>\n<\/ul>\n\n\n\n<p>Sadece bir taray\u0131c\u0131ya ve internet ba\u011flant\u0131s\u0131na ihtiyac\u0131n\u0131z var; herhangi bir uygulamaya veya eklentiye gerek yok.<\/p>\n\n\n\n<h3 class=\"wp-block-heading\">Ayn\u0131 anda birden fazla video indirebilir miyim?<\/h3>\n\n\n\n<p>\u015eu anda arac\u0131m\u0131z tek seferde bir adet video indirmenize izin veriyor.<br>Zamandan tasarruf etmek i\u00e7in \u015funlar\u0131 \u00f6neriyoruz:<\/p>\n\n\n\n<ul class=\"wp-block-list\">\n<li>Instagram ba\u011flant\u0131lar\u0131n\u0131n bir listesini bir belgede tutma<\/li>\n\n\n\n<li>Toplu olarak manuel olarak kaydetmek i\u00e7in bunlar\u0131 tek tek yap\u0131\u015ft\u0131r\u0131n<\/li>\n<\/ul>\n\n\n\n<p>Bu sayede indirmek istedi\u011finiz hi\u00e7bir i\u00e7eri\u011fi ka\u00e7\u0131rmazs\u0131n\u0131z.<\/p>\n\n\n\n<h3 class=\"wp-block-heading\">Hangi t\u00fcr cihazlar\u0131 kullanabilirim?<\/h3>\n\n\n\n<p>Web taray\u0131c\u0131s\u0131 olan herhangi bir cihaz\u0131 kullanabilirsiniz, bunlar aras\u0131nda \u015funlar yer al\u0131r:<\/p>\n\n\n\n<ul class=\"wp-block-list\">\n<li>Masa\u00fcst\u00fc veya diz\u00fcst\u00fc bilgisayar (Windows, Mac)<\/li>\n\n\n\n<li>Ak\u0131ll\u0131 telefonlar (iPhone, Android)<\/li>\n\n\n\n<li>Tabletler (iPad, Android tabletler)<\/li>\n<\/ul>\n\n\n\n<p>UnduhVideoIG tamamen mobil uyumludur ve installation veya oturum a\u00e7ma gerektirmez.<\/p>\n\n\n\n<h3 class=\"wp-block-heading\">video kalitesi ayn\u0131 kalacak m\u0131?<\/h3>\n\n\n\n<p>Evet! Arac\u0131m\u0131z\u0131 kullanarak indirdi\u011finiz her video, Instagram&#039;a y\u00fcklendi\u011fi format ve \u00e7\u00f6z\u00fcn\u00fcrl\u00fckte kaydedilir. \u0130\u00e7eri\u011fi de\u011fi\u015ftirmez veya s\u0131k\u0131\u015ft\u0131rmay\u0131z. \u0130ndirmeleriniz ister 720p, ister 1080p veya di\u011fer HD formatlarda olsun, orijinal kalitesini korur.<\/p>\n\n\n\n<h3 class=\"wp-block-heading\">Telif Hakk\u0131 Sahiplerine Not<\/h3>\n\n\n\n<p>Sunucular\u0131m\u0131zda hi\u00e7bir Instagram i\u00e7eri\u011fi bar\u0131nd\u0131rm\u0131yor veya depolam\u0131yoruz. T\u00fcm indirmeler do\u011frudan herkese a\u00e7\u0131k Instagram sunucular\u0131ndan i\u015flenir. \u0130\u00e7eri\u011finizin uygunsuz \u015fekilde kullan\u0131ld\u0131\u011f\u0131n\u0131 veya indirildi\u011fini d\u00fc\u015f\u00fcn\u00fcyorsan\u0131z, l\u00fctfen yard\u0131m i\u00e7in do\u011frudan instagram.com adresinden Instagram ile ileti\u015fime ge\u00e7in.<\/p>\n\n\n\n<h3 class=\"wp-block-heading\">Daha \u0130yi Bir Deneyim \u0130\u00e7in \u0130pucu<\/h3>\n\n\n\n<p>Instagram&#039;dan istedi\u011finiz zaman h\u0131zl\u0131 eri\u015fim i\u00e7in UnduhVideoIG.App uygulamas\u0131n\u0131 yer imlerinize ekleyin. Bu, Instagram i\u00e7eriklerini karma\u015fa, oturum a\u00e7ma veya s\u0131n\u0131rlama olmadan kaydetmenin en kolay yoludur.<\/p>","protected":false},"excerpt":{"rendered":"<p>Welcome to the FAQ section of UnduhVideoIG.App \u2014 your go-to place for answers about download Instagram photos and videos, Reels, Stories, IGTV, and carousel posts. Below you&#8217;ll find clear, detailed answers to the most common questions users ask about using our free Instagram downloader tool. What is UnduhVideoIG.App and why would I need it? UnduhVideoIG.App [&hellip;]<\/p>\n","protected":false},"author":1,"featured_media":0,"parent":0,"menu_order":0,"comment_status":"closed","ping_status":"closed","template":"","meta":{"slim_seo":{"title":"SSS \u2013 S\u0131k\u00e7a Sorulan Sorular - UnduhVideoIg.App","description":"UnduhVideoIG ile ilgili sorular\u0131n\u0131z\u0131n yan\u0131tlar\u0131n\u0131 bulun. Instagram videos, foto\u011fraflar, Reels, Hikayeler ve IGTV&#039;yi nas\u0131l kolay, h\u0131zl\u0131 ve \u00fccretsiz indirece\u011finizi \u00f6\u011frenin!"},"footnotes":""},"class_list":["post-393","page","type-page","status-publish","hentry"],"blocksy_meta":[],"_links":{"self":[{"href":"https:\/\/unduhvideoig.app\/tr\/wp-json\/wp\/v2\/pages\/393","targetHints":{"allow":["GET"]}}],"collection":[{"href":"https:\/\/unduhvideoig.app\/tr\/wp-json\/wp\/v2\/pages"}],"about":[{"href":"https:\/\/unduhvideoig.app\/tr\/wp-json\/wp\/v2\/types\/page"}],"author":[{"embeddable":true,"href":"https:\/\/unduhvideoig.app\/tr\/wp-json\/wp\/v2\/users\/1"}],"replies":[{"embeddable":true,"href":"https:\/\/unduhvideoig.app\/tr\/wp-json\/wp\/v2\/comments?post=393"}],"version-history":[{"count":10,"href":"https:\/\/unduhvideoig.app\/tr\/wp-json\/wp\/v2\/pages\/393\/revisions"}],"predecessor-version":[{"id":646,"href":"https:\/\/unduhvideoig.app\/tr\/wp-json\/wp\/v2\/pages\/393\/revisions\/646"}],"wp:attachment":[{"href":"https:\/\/unduhvideoig.app\/tr\/wp-json\/wp\/v2\/media?parent=393"}],"curies":[{"name":"wp","href":"https:\/\/api.w.org\/{rel}","templated":true}]}}