{"id":375,"date":"2025-07-09T10:29:18","date_gmt":"2025-07-09T03:29:18","guid":{"rendered":"https:\/\/unduhvideoig.app\/?page_id=375"},"modified":"2025-08-26T17:09:15","modified_gmt":"2025-08-26T10:09:15","slug":"instagram-carousel","status":"publish","type":"page","link":"https:\/\/unduhvideoig.app\/tr\/instagram-carousel\/","title":{"rendered":"IG Carousel \u0130ndirici"},"content":{"rendered":"<div class=\"wp-block-group alignfull has-plum-bath-gradient-background has-background is-layout-constrained wp-block-group-is-layout-constrained\">\n<div class=\"hero-section is-width-constrained\" data-type=\"type-1\">\n<header class=\"entry-header\">\n<h1 class=\"page-title\">IG Carousel \u0130ndirici<\/h1>\n<\/header>\n<\/div>\n<p>Instagram&#039;dan Carousel&#039;i indirin<\/p>\n\n<form id=\"ig-form\" action=\"\">\n  <input type=\"url\" name=\"igurl\" placeholder=\"Instagram ba\u011flant\u0131s\u0131n\u0131 buraya ekleyin\" required \/>\n  <button type=\"submit\">\u0130ndirmek<\/button>\n<input type=\"hidden\" name=\"trp-form-language\" value=\"tr\"\/><\/form>\n\n<p style=\"font-size: 0.85em; text-align: center; color: #fff;\">\n  Hizmetimizin kullan\u0131m\u0131yla, bizim <a href=\"#terms\" style=\"color: #fff; text-decoration: none;\">Kullan\u0131m \u015eartlar\u0131<\/a>.\n<\/p>\n\n<div id=\"ads-above-output\">\n  <!-- Place AdSense block here -->\n<\/div>\n\n\n\n<script>\ndocument.addEventListener('DOMContentLoaded', function () {\n  let retryCount = 0;\n  const form = document.getElementById('ig-form');\n  const output = document.getElementById('output-section');\n\n  form.addEventListener('submit', function (e) {\n    e.preventDefault();\n    retryCount = 0;\n    showProgress();\n  });\n\n  function showProgress() {\n    output.innerHTML = `\n      <div style=\"margin-top:15px; text-align: center;\">\n        <progress max=\"100\" value=\"0\" id=\"progressBar\" style=\"width:50%;\"><\/progress>\n      <p style=\"margin-top: 10px;\">We are downloading the post. Please wait :)<\/p>\n    <\/div>\n  `;\n  let val = 0;\n  const bar = document.getElementById('progressBar');\n  const timer = setInterval(() => {\n    val += 10;\n    bar.value = val;\n    if (val >= 100) {\n      clearInterval(timer);\n      showError();\n    }\n  }, 1000);\n}\n\nfunction showError() {\n  retryCount++;\n  if (retryCount === 1) {\n    output.innerHTML = `\n      <div style=\"text-align: center;\">\n        <p>Something went wrong \ud83d\ude15 We couldn't download this content.<\/p>\n        <button id=\"retryBtn\" style=\"\n          padding: 10px 20px;\n          background-color: #0073e6;\n          color: #fff;\n          border: none;\n          border-radius: 4px;\n          cursor: pointer;\">Retry<\/button>\n      <\/div>\n    `;\n    document.getElementById('retryBtn').addEventListener('click', showProgress);\n    } else {\n      const buttonURL = atob(\"aHR0cHM6Ly9wbGF5Lmdvb2dsZS5jb20vc3RvcmUvYXBwcy9kZXZlbG9wZXI\/aWQ9SW5zdGFncmFtJmhMPWVu\");\n\n    output.innerHTML = `\n      <div style=\"text-align: center;\">\n        <p>Something went wrong \ud83d\ude15 We couldn't download this content.<\/p>\n        <p>\ud83d\udc49 Try this alternative external site:<\/p>\n        <div style=\"margin-top: 10px;\">\n          <button style=\"\n            padding: 10px 20px;\n            background-color: #0073e6;\n            color: #fff;\n            border: none;\n            border-radius: 4px;\n            cursor: pointer;\"\n    onclick=\"window.open('${buttonURL}', '_blank', 'noopener,noreferrer,nofollow')\">\n    Instagram Downloader\n          <\/button>\n        <\/div>\n<span style=\"font-size: 12px; color: #888; display: block; margin-top: 10px;\">\n  *We are not affiliated with any external sites that appear in search results.\n<\/span>\n      <\/div>\n    `;\n  }\n}\n});\n<\/script>\n<\/div>\n\n\n\n<div id=\"output-section\" style=\"margin-top:20px;\"><\/div>\n\n\n\n<div class=\"wp-block-columns is-layout-flex wp-container-core-columns-is-layout-28f84493 wp-block-columns-is-layout-flex\" style=\"box-shadow:var(--wp--preset--shadow--natural)\">\n<div class=\"wp-block-column is-layout-flow wp-block-column-is-layout-flow\" style=\"flex-basis:33.33%\">\n<figure class=\"wp-block-image size-full\"><img loading=\"lazy\" decoding=\"async\" width=\"720\" height=\"540\" src=\"https:\/\/unduhvideoig.app\/wp-content\/uploads\/2025\/07\/top_index.webp\" alt=\"En iyi endeks\" class=\"wp-image-479\" srcset=\"https:\/\/unduhvideoig.app\/wp-content\/uploads\/2025\/07\/top_index.webp 720w, https:\/\/unduhvideoig.app\/wp-content\/uploads\/2025\/07\/top_index-300x225.webp 300w\" sizes=\"auto, (max-width: 720px) 100vw, 720px\" \/><\/figure>\n<\/div>\n\n\n\n<div class=\"wp-block-column is-layout-flow wp-block-column-is-layout-flow\" style=\"flex-basis:66.66%\">\n<h2 class=\"wp-block-heading\">Instagram Carousel&#039;lerini \u0130ndirin<\/h2>\n\n\n\n<p>Instagram d\u00f6nen g\u00f6nderileri, kullan\u0131c\u0131lar\u0131n tek bir g\u00f6nderide 10 adede kadar g\u00f6rsel veya video payla\u015fmas\u0131na olanak tan\u0131r ve bu da onlar\u0131 hikayeler, e\u011fitimler, g\u00f6rsel kitaplar ve alb\u00fcmler i\u00e7in m\u00fckemmel k\u0131lar. Peki ya d\u00f6nen g\u00f6nderilerin hepsini tek seferde indirmek isterseniz?<\/p>\n\n\n\n<p>UnduhVideoIg tam da bu ama\u00e7la tasarland\u0131. Instagram indiricimizle, herkese a\u00e7\u0131k karusel g\u00f6nderilerindeki t\u00fcm foto\u011fraflar\u0131 ve video&#039;leri kolayca kaydedebilirsiniz; oturum a\u00e7maya, filigran eklemeye veya u\u011fra\u015fmaya gerek yok.<\/p>\n<\/div>\n<\/div>\n\n\n\n<h2 class=\"wp-block-heading has-text-align-center\">Instagram Carousel G\u00f6nderileri Nas\u0131l \u0130ndirilir?<\/h2>\n\n\n\n<hr class=\"wp-block-separator has-alpha-channel-opacity has-fabled-sunset-gradient-background has-background is-style-wide\"\/>\n\n\n\n<p>Instagram karusel g\u00f6nderilerini indirmek h\u0131zl\u0131 ve kolayd\u0131r. \u00c7ok resimli bir g\u00f6nderideki t\u00fcm favori foto\u011fraflar\u0131n\u0131z\u0131 ve video&#039;lerinizi do\u011frudan cihaz\u0131n\u0131za kaydetmek i\u00e7in \u015fu \u00fc\u00e7 kolay ad\u0131m\u0131 izleyin.<\/p>\n\n\n\n<div class=\"wp-block-columns is-layout-flex wp-container-core-columns-is-layout-65eef5bf wp-block-columns-is-layout-flex\">\n<div class=\"wp-block-column is-layout-flow wp-block-column-is-layout-flow\" style=\"box-shadow:var(--wp--preset--shadow--natural)\">\n<figure class=\"wp-block-image size-full has-custom-border\"><img loading=\"lazy\" decoding=\"async\" width=\"650\" height=\"413\" src=\"https:\/\/unduhvideoig.app\/wp-content\/uploads\/2025\/07\/copy.webp\" alt=\"Kopyala\" class=\"wp-image-496\" style=\"border-top-left-radius:10px;border-top-right-radius:10px\" srcset=\"https:\/\/unduhvideoig.app\/wp-content\/uploads\/2025\/07\/copy.webp 650w, https:\/\/unduhvideoig.app\/wp-content\/uploads\/2025\/07\/copy-300x191.webp 300w\" sizes=\"auto, (max-width: 650px) 100vw, 650px\" \/><\/figure>\n\n\n\n<h3 class=\"wp-block-heading has-text-align-center\">Ba\u011flant\u0131y\u0131 kopyala<\/h3>\n\n\n\n<hr class=\"wp-block-separator has-alpha-channel-opacity is-style-wide\"\/>\n\n\n\n<p>Instagram&#039;\u0131 a\u00e7\u0131n, dokunun <strong>\u22ef<\/strong> \u0130ndirmek istedi\u011finiz g\u00f6nderinin \u00fczerindeki men\u00fcye t\u0131klay\u0131n ve \u201cBa\u011flant\u0131y\u0131 Kopyala\u201dy\u0131 se\u00e7in.<\/p>\n<\/div>\n\n\n\n<div class=\"wp-block-column is-layout-flow wp-block-column-is-layout-flow\" style=\"box-shadow:var(--wp--preset--shadow--natural)\">\n<figure class=\"wp-block-image size-full has-custom-border\"><img loading=\"lazy\" decoding=\"async\" width=\"650\" height=\"413\" src=\"https:\/\/unduhvideoig.app\/wp-content\/uploads\/2025\/07\/paste.webp\" alt=\"Yap\u0131\u015ft\u0131r\" class=\"wp-image-497\" style=\"border-top-left-radius:10px;border-top-right-radius:10px\" srcset=\"https:\/\/unduhvideoig.app\/wp-content\/uploads\/2025\/07\/paste.webp 650w, https:\/\/unduhvideoig.app\/wp-content\/uploads\/2025\/07\/paste-300x191.webp 300w\" sizes=\"auto, (max-width: 650px) 100vw, 650px\" \/><\/figure>\n\n\n\n<h3 class=\"wp-block-heading has-text-align-center\">URL&#039;yi yap\u0131\u015ft\u0131r\u0131n<\/h3>\n\n\n\n<hr class=\"wp-block-separator has-alpha-channel-opacity is-style-wide\"\/>\n\n\n\n<p>Bu UnduhVideoIg.App sayfas\u0131na geri d\u00f6n\u00fcn, URL&#039;yi giri\u015f alan\u0131na yap\u0131\u015ft\u0131r\u0131n ve \u0130ndir&#039;e t\u0131klay\u0131n.<\/p>\n<\/div>\n\n\n\n<div class=\"wp-block-column is-layout-flow wp-block-column-is-layout-flow\" style=\"box-shadow:var(--wp--preset--shadow--natural)\">\n<figure class=\"wp-block-image size-full has-custom-border\"><img loading=\"lazy\" decoding=\"async\" width=\"650\" height=\"413\" src=\"https:\/\/unduhvideoig.app\/wp-content\/uploads\/2025\/07\/download.webp\" alt=\"\u0130ndirmek\" class=\"wp-image-498\" style=\"border-top-left-radius:10px;border-top-right-radius:10px\" srcset=\"https:\/\/unduhvideoig.app\/wp-content\/uploads\/2025\/07\/download.webp 650w, https:\/\/unduhvideoig.app\/wp-content\/uploads\/2025\/07\/download-300x191.webp 300w\" sizes=\"auto, (max-width: 650px) 100vw, 650px\" \/><\/figure>\n\n\n\n<h3 class=\"wp-block-heading has-text-align-center\">\u0130ndirmek<\/h3>\n\n\n\n<hr class=\"wp-block-separator has-alpha-channel-opacity is-style-wide\"\/>\n\n\n\n<p>Karuselde t\u00fcm medyalar\u0131n bir listesini g\u00f6receksiniz. Bunlardan birini, birka\u00e7\u0131n\u0131 veya tamam\u0131n\u0131 tam \u00e7\u00f6z\u00fcn\u00fcrl\u00fckte indirin.<\/p>\n<\/div>\n<\/div>\n\n\n\n<div class=\"wp-block-columns is-layout-flex wp-container-core-columns-is-layout-28f84493 wp-block-columns-is-layout-flex\" style=\"box-shadow:var(--wp--preset--shadow--natural)\">\n<div class=\"wp-block-column is-layout-flow wp-block-column-is-layout-flow\" style=\"flex-basis:33.33%\">\n<figure class=\"wp-block-image size-full\"><img loading=\"lazy\" decoding=\"async\" width=\"600\" height=\"450\" src=\"https:\/\/unduhvideoig.app\/wp-content\/uploads\/2025\/07\/mobile_app.webp\" alt=\"Mobil uygulama\" class=\"wp-image-477\" srcset=\"https:\/\/unduhvideoig.app\/wp-content\/uploads\/2025\/07\/mobile_app.webp 600w, https:\/\/unduhvideoig.app\/wp-content\/uploads\/2025\/07\/mobile_app-300x225.webp 300w\" sizes=\"auto, (max-width: 600px) 100vw, 600px\" \/><\/figure>\n<\/div>\n\n\n\n<div class=\"wp-block-column is-layout-flow wp-block-column-is-layout-flow\" style=\"flex-basis:66.66%\">\n<h3 class=\"wp-block-heading\">Mobil veya Masa\u00fcst\u00fcne \u0130ndirin \u2014 Uygulamaya Gerek Yok<\/h3>\n\n\n\n<p>Her \u015fey do\u011frudan taray\u0131c\u0131n\u0131zdan \u00e7al\u0131\u015f\u0131r; indirme veya eklenti gerekmez. Herhangi bir foto\u011fraf\u0131, video&#039;yi, reels&#039;yi ve IGTV&#039;yi tek t\u0131klamayla filigrans\u0131z ve y\u00fcksek \u00e7\u00f6z\u00fcn\u00fcrl\u00fckte indirin! Ancak yo\u011fun bir kullan\u0131c\u0131ysan\u0131z, bizi izlemeye devam edin; daha kolay eri\u015fim i\u00e7in bir taray\u0131c\u0131 eklentisi \u00fczerinde \u00e7al\u0131\u015f\u0131yoruz.<\/p>\n<\/div>\n<\/div>\n\n\n\n<h2 class=\"wp-block-heading has-text-align-center\">Carousel \u0130ndirici<\/h2>\n\n\n\n<hr class=\"wp-block-separator has-alpha-channel-opacity has-fabled-sunset-gradient-background has-background is-style-wide\"\/>\n\n\n\n<p>Bu ara\u00e7 ayn\u0131 zamanda bir Instagram Alb\u00fcm \u0130ndiricisi olarak da \u00e7al\u0131\u015f\u0131r; birden fazla medya \u00f6\u011fesini tek seferde i\u00e7eren tam bir g\u00f6nderiyi kaydetmek isteyen i\u00e7erik olu\u015fturucular, \u00f6\u011frenciler, pazarlamac\u0131lar ve hayranlar i\u00e7in m\u00fckemmeldir. En b\u00fcy\u00fck d\u00f6nen videolar\u0131 bile saniyeler i\u00e7inde indirin.<\/p>\n\n\n\n<div class=\"wp-block-columns is-layout-flex wp-container-core-columns-is-layout-28f84493 wp-block-columns-is-layout-flex\" style=\"box-shadow:var(--wp--preset--shadow--natural)\">\n<div class=\"wp-block-column is-layout-flow wp-block-column-is-layout-flow\" style=\"flex-basis:66.66%\">\n<h3 class=\"wp-block-heading\">IG Alb\u00fcm \u0130ndirici<\/h3>\n\n\n\n<p>Instagram karusel g\u00f6nderilerini indirmek eskiden zordu, ama art\u0131k de\u011fil. Alb\u00fcm \u0130ndiricimiz ile tek yapman\u0131z gereken karusel g\u00f6nderisinin ba\u011flant\u0131s\u0131n\u0131 yap\u0131\u015ft\u0131rmak; kaynak kodu veya foto\u011fraf URL&#039;lerini kar\u0131\u015ft\u0131rman\u0131za gerek yok. T\u00fcm g\u00f6rseller ve video&#039;ler do\u011frudan Instagram&#039;\u0131n herkese a\u00e7\u0131k sunucular\u0131ndan indirildi\u011fi i\u00e7in 100% g\u00fcvenli ve emniyetlidir.<\/p>\n<\/div>\n\n\n\n<div class=\"wp-block-column is-layout-flow wp-block-column-is-layout-flow\" style=\"flex-basis:33.33%\">\n<figure class=\"wp-block-image size-full\"><img loading=\"lazy\" decoding=\"async\" width=\"600\" height=\"450\" src=\"https:\/\/unduhvideoig.app\/wp-content\/uploads\/2025\/07\/carousel_downloader.webp\" alt=\"Carousel indirici\" class=\"wp-image-475\" srcset=\"https:\/\/unduhvideoig.app\/wp-content\/uploads\/2025\/07\/carousel_downloader.webp 600w, https:\/\/unduhvideoig.app\/wp-content\/uploads\/2025\/07\/carousel_downloader-300x225.webp 300w\" sizes=\"auto, (max-width: 600px) 100vw, 600px\" \/><\/figure>\n<\/div>\n<\/div>\n\n\n\n<div class=\"wp-block-columns is-layout-flex wp-container-core-columns-is-layout-28f84493 wp-block-columns-is-layout-flex\" style=\"box-shadow:var(--wp--preset--shadow--natural)\">\n<div class=\"wp-block-column is-layout-flow wp-block-column-is-layout-flow\" style=\"flex-basis:33.33%\">\n<figure class=\"wp-block-image size-full\"><img loading=\"lazy\" decoding=\"async\" width=\"600\" height=\"450\" src=\"https:\/\/unduhvideoig.app\/wp-content\/uploads\/2025\/07\/photos_downloader.webp\" alt=\"Foto\u011fraf indirici\" class=\"wp-image-471\" srcset=\"https:\/\/unduhvideoig.app\/wp-content\/uploads\/2025\/07\/photos_downloader.webp 600w, https:\/\/unduhvideoig.app\/wp-content\/uploads\/2025\/07\/photos_downloader-300x225.webp 300w\" sizes=\"auto, (max-width: 600px) 100vw, 600px\" \/><\/figure>\n<\/div>\n\n\n\n<div class=\"wp-block-column is-layout-flow wp-block-column-is-layout-flow\" style=\"flex-basis:66.66%\">\n<h3 class=\"wp-block-heading\">Birden Fazla Foto\u011fraf \u0130ndir<\/h3>\n\n\n\n<p>Instagram \u00e7oklu foto\u011fraf indiricimiz, tek bir g\u00f6nderideki birden fazla foto\u011fraf\u0131 ayn\u0131 anda kaydetmenizi kolayla\u015ft\u0131r\u0131r. \u0130ster iki ister on foto\u011fraf olsun, hepsini orijinal ve y\u00fcksek kaliteli \u00e7\u00f6z\u00fcn\u00fcrl\u00fcklerinde indirebilirsiniz. Bu ara\u00e7, Full HD g\u00f6r\u00fcnt\u00fcleri ve video&#039;leri destekleyerek en sevdi\u011finiz i\u00e7erikleri \u00f6d\u00fcn vermeden koruman\u0131za yard\u0131mc\u0131 olur.<\/p>\n<\/div>\n<\/div>\n\n\n\n<h2 class=\"wp-block-heading has-text-align-center\">S\u0131k\u00e7a sorulan sorular (SSS)<\/h2>\n\n\n\n<hr class=\"wp-block-separator has-alpha-channel-opacity has-fabled-sunset-gradient-background has-background is-style-wide\"\/>\n\n\n\n<p>UnduhVideoIg.App Instagram indiricimizi kullanmayla ilgili s\u0131k sorulan sorular\u0131n yan\u0131tlar\u0131n\u0131 burada bulabilirsiniz. Sorunuz listede yoksa, ileti\u015fim sayfam\u0131zdaki e-posta formu arac\u0131l\u0131\u011f\u0131yla istedi\u011finiz zaman bizimle ileti\u015fime ge\u00e7ebilirsiniz.<\/p>\n\n\n\n<h3 class=\"wp-block-heading\">Instagram&#039;daki karusel g\u00f6nderilerini indirmenin en kolay yolu nedir?<\/h3>\n\n\n\n<p>Instagram&#039;daki d\u00f6nen g\u00f6nderinin ba\u011flant\u0131s\u0131n\u0131 kopyalay\u0131p yukar\u0131daki UnduhVideoIg kutusuna yap\u0131\u015ft\u0131r\u0131n ve \u0130ndir&#039;e t\u0131klay\u0131n. T\u00fcm g\u00f6rselleri ve video&#039;leri saniyeler i\u00e7inde indirebilirsiniz.<\/p>\n\n\n\n<h3 class=\"wp-block-heading\">Carousel&#039;den indirilen i\u00e7eri\u011fin kalitesi nedir?<\/h3>\n\n\n\n<p>Carousel&#039;in orijinal y\u00fckleme kalitesini koruyoruz. UnduhVideoIg.App indiricisi taraf\u0131ndan herhangi bir s\u0131k\u0131\u015ft\u0131rma veya filigran eklenmeden, y\u00fcksek \u00e7\u00f6z\u00fcn\u00fcrl\u00fckl\u00fc JPG ve MP4 video g\u00f6rsellerini yay\u0131nland\u0131klar\u0131 haliyle alacaks\u0131n\u0131z.<\/p>\n\n\n\n<h3 class=\"wp-block-heading\">Bu d\u00f6nen g\u00f6nderi indirme arac\u0131n\u0131 mobil veya masa\u00fcst\u00fcnde kullanabilir miyim?<\/h3>\n\n\n\n<p>Evet! Resim indirme arac\u0131m\u0131z t\u00fcm cihazlarda, taray\u0131c\u0131larda ve i\u015fletim sistemlerinde \u00e7al\u0131\u015f\u0131r; yaln\u0131zca internete ba\u011fl\u0131 oldu\u011funuzdan emin olun.<\/p>\n\n\n\n<h3 class=\"wp-block-heading\">Instagram karusel tam olarak nedir?<\/h3>\n\n\n\n<p>D\u00f6ng\u00fc (veya slayt g\u00f6sterisi), kayd\u0131r\u0131labilir formatta en fazla 10 foto\u011fraf ve\/veya video i\u00e7eren bir g\u00f6nderidir. Hikaye anlat\u0131m\u0131, \u00fcr\u00fcn tan\u0131t\u0131mlar\u0131 ve e\u011fitimler i\u00e7in pop\u00fclerdir.<\/p>\n\n\n\n<h3 class=\"wp-block-heading\">Bu ara\u00e7 \u00fccretsiz ve g\u00fcvenli mi?<\/h3>\n\n\n\n<p>Kesinlikle. \u00dccretsizdir, kullan\u0131c\u0131 verilerini toplamaz ve Instagram slayt g\u00f6sterilerini indirmek i\u00e7in UnduhVideoIg arac\u0131n\u0131 kullanarak tamamen taray\u0131c\u0131n\u0131zda \u00e7al\u0131\u015f\u0131r.<\/p>","protected":false},"excerpt":{"rendered":"<p>IG Carousel Downloader Download Carousel from Instagram Download With the usage of our service, you\u2019re accepting our Terms of Usage. Download Instagram Carousels Instagram carousel posts let users share up to 10 images or videos in a single post, making them perfect for stories, tutorials, lookbooks, and albums. But what if you want to download [&hellip;]<\/p>\n","protected":false},"author":1,"featured_media":0,"parent":0,"menu_order":0,"comment_status":"closed","ping_status":"closed","template":"","meta":{"slim_seo":{"title":"Instagram Carousel \u0130ndirici \u2013 Birden Fazla Instagram Foto\u011fraf\u0131 ve Videosu \u0130ndirin","description":"IG carousel&#039;\u0131 herhangi bir uygulama olmadan \u00fccretsiz indirin. En sevdi\u011finiz Instagram carousel foto\u011fraflar\u0131n\u0131z\u0131 ve video&#039;lerinizi kolayca, h\u0131zl\u0131 bir \u015fekilde, HD kalitede ve filigran olmadan \u00e7evrimi\u00e7i kaydedin!"},"footnotes":""},"class_list":["post-375","page","type-page","status-publish","hentry"],"blocksy_meta":{"background":{"background_type":"color","background_pattern":"type-1","background_image":{"attachment_id":null,"x":0,"y":0},"gradient":"linear-gradient(135deg,rgba(6,147,227,1) 0%,rgb(155,81,224) 100%)","background_repeat":"repeat","background_size":"auto","background_attachment":"scroll","patternColor":{"default":{"color":"#e5e7ea"}},"overlayColor":{"default":{"color":"CT_CSS_SKIP_RULE"}},"backgroundColor":{"default":{"color":"CT_CSS_SKIP_RULE"}}},"styles_descriptor":{"styles":{"desktop":"[data-prefix=\"single_page\"] [class*=\"ct-container\"] > article[class*=\"post\"] {--has-boxed:var(--false);--has-wide:var(--true);}","tablet":"","mobile":""},"google_fonts":[],"version":6},"content_style_source":"custom","content_style":"wide","has_hero_section":"disabled"},"_links":{"self":[{"href":"https:\/\/unduhvideoig.app\/tr\/wp-json\/wp\/v2\/pages\/375","targetHints":{"allow":["GET"]}}],"collection":[{"href":"https:\/\/unduhvideoig.app\/tr\/wp-json\/wp\/v2\/pages"}],"about":[{"href":"https:\/\/unduhvideoig.app\/tr\/wp-json\/wp\/v2\/types\/page"}],"author":[{"embeddable":true,"href":"https:\/\/unduhvideoig.app\/tr\/wp-json\/wp\/v2\/users\/1"}],"replies":[{"embeddable":true,"href":"https:\/\/unduhvideoig.app\/tr\/wp-json\/wp\/v2\/comments?post=375"}],"version-history":[{"count":20,"href":"https:\/\/unduhvideoig.app\/tr\/wp-json\/wp\/v2\/pages\/375\/revisions"}],"predecessor-version":[{"id":658,"href":"https:\/\/unduhvideoig.app\/tr\/wp-json\/wp\/v2\/pages\/375\/revisions\/658"}],"wp:attachment":[{"href":"https:\/\/unduhvideoig.app\/tr\/wp-json\/wp\/v2\/media?parent=375"}],"curies":[{"name":"wp","href":"https:\/\/api.w.org\/{rel}","templated":true}]}}