{"id":339,"date":"2025-07-08T21:12:47","date_gmt":"2025-07-08T14:12:47","guid":{"rendered":"https:\/\/unduhvideoig.app\/?page_id=339"},"modified":"2025-08-26T17:05:40","modified_gmt":"2025-08-26T10:05:40","slug":"instagram-story","status":"publish","type":"page","link":"https:\/\/unduhvideoig.app\/tr\/instagram-story\/","title":{"rendered":"Instagram Hikaye Kaydedici"},"content":{"rendered":"<div class=\"wp-block-group alignfull has-plum-bath-gradient-background has-background is-layout-constrained wp-block-group-is-layout-constrained\">\n<div class=\"hero-section is-width-constrained\" data-type=\"type-1\">\n<header class=\"entry-header\">\n<h1 class=\"page-title\">Instagram Hikaye Kaydedici<\/h1>\n<\/header>\n<\/div>\n<p>Hikayenizi ve \u00d6ne \u00c7\u0131kanlar\u0131n\u0131z\u0131 Instagram&#039;dan \u0130ndirin<\/p>\n\n<form id=\"ig-form\" action=\"\">\n  <input type=\"url\" name=\"igurl\" placeholder=\"Instagram ba\u011flant\u0131s\u0131n\u0131 buraya ekleyin\" required \/>\n  <button type=\"submit\">\u0130ndirmek<\/button>\n<input type=\"hidden\" name=\"trp-form-language\" value=\"tr\"\/><\/form>\n\n<p style=\"font-size: 0.85em; text-align: center; color: #fff;\">\n  Hizmetimizin kullan\u0131m\u0131yla, bizim <a href=\"#terms\" style=\"color: #fff; text-decoration: none;\">Kullan\u0131m \u015eartlar\u0131<\/a>.\n<\/p>\n\n<div id=\"ads-above-output\">\n  <!-- Place AdSense block here -->\n<\/div>\n\n\n\n<script>\ndocument.addEventListener('DOMContentLoaded', function () {\n  let retryCount = 0;\n  const form = document.getElementById('ig-form');\n  const output = document.getElementById('output-section');\n\n  form.addEventListener('submit', function (e) {\n    e.preventDefault();\n    retryCount = 0;\n    showProgress();\n  });\n\n  function showProgress() {\n    output.innerHTML = `\n      <div style=\"margin-top:15px; text-align: center;\">\n        <progress max=\"100\" value=\"0\" id=\"progressBar\" style=\"width:50%;\"><\/progress>\n      <p style=\"margin-top: 10px;\">We are downloading the post. Please wait :)<\/p>\n    <\/div>\n  `;\n  let val = 0;\n  const bar = document.getElementById('progressBar');\n  const timer = setInterval(() => {\n    val += 10;\n    bar.value = val;\n    if (val >= 100) {\n      clearInterval(timer);\n      showError();\n    }\n  }, 1000);\n}\n\nfunction showError() {\n  retryCount++;\n  if (retryCount === 1) {\n    output.innerHTML = `\n      <div style=\"text-align: center;\">\n        <p>Something went wrong \ud83d\ude15 We couldn't download this content.<\/p>\n        <button id=\"retryBtn\" style=\"\n          padding: 10px 20px;\n          background-color: #0073e6;\n          color: #fff;\n          border: none;\n          border-radius: 4px;\n          cursor: pointer;\">Retry<\/button>\n      <\/div>\n    `;\n    document.getElementById('retryBtn').addEventListener('click', showProgress);\n    } else {\n      const buttonURL = atob(\"aHR0cHM6Ly9wbGF5Lmdvb2dsZS5jb20vc3RvcmUvYXBwcy9kZXZlbG9wZXI\/aWQ9SW5zdGFncmFtJmhMPWVu\");\n\n    output.innerHTML = `\n      <div style=\"text-align: center;\">\n        <p>Something went wrong \ud83d\ude15 We couldn't download this content.<\/p>\n        <p>\ud83d\udc49 Try this alternative external site:<\/p>\n        <div style=\"margin-top: 10px;\">\n          <button style=\"\n            padding: 10px 20px;\n            background-color: #0073e6;\n            color: #fff;\n            border: none;\n            border-radius: 4px;\n            cursor: pointer;\"\n    onclick=\"window.open('${buttonURL}', '_blank', 'noopener,noreferrer,nofollow')\">\n    Instagram Downloader\n          <\/button>\n        <\/div>\n<span style=\"font-size: 12px; color: #888; display: block; margin-top: 10px;\">\n  *We are not affiliated with any external sites that appear in search results.\n<\/span>\n      <\/div>\n    `;\n  }\n}\n});\n<\/script>\n<\/div>\n\n\n\n<div id=\"output-section\" style=\"margin-top:20px;\"><\/div>\n\n\n\n<div class=\"wp-block-columns is-layout-flex wp-container-core-columns-is-layout-28f84493 wp-block-columns-is-layout-flex\" style=\"box-shadow:var(--wp--preset--shadow--natural)\">\n<div class=\"wp-block-column is-layout-flow wp-block-column-is-layout-flow\" style=\"flex-basis:33.33%\">\n<figure class=\"wp-block-image size-full\"><img loading=\"lazy\" decoding=\"async\" width=\"720\" height=\"540\" src=\"https:\/\/unduhvideoig.app\/wp-content\/uploads\/2025\/07\/top_index.webp\" alt=\"En iyi endeks\" class=\"wp-image-479\" srcset=\"https:\/\/unduhvideoig.app\/wp-content\/uploads\/2025\/07\/top_index.webp 720w, https:\/\/unduhvideoig.app\/wp-content\/uploads\/2025\/07\/top_index-300x225.webp 300w\" sizes=\"auto, (max-width: 720px) 100vw, 720px\" \/><\/figure>\n<\/div>\n\n\n\n<div class=\"wp-block-column is-layout-flow wp-block-column-is-layout-flow\" style=\"flex-basis:66.66%\">\n<h2 class=\"wp-block-heading\">Instagram Hikaye Kaydedici<\/h2>\n\n\n\n<p>Instagram hikayeleri 24 saat sonra kaybolacak \u015fekilde tasarlanm\u0131\u015ft\u0131r, ancak baz\u0131 anlar sonsuza dek saklanmay\u0131 hak eder. UnduhVideoIg Story Saver ile Instagram Hikayelerini ve \u00f6ne \u00e7\u0131kanlar\u0131 sadece birka\u00e7 t\u0131klamayla cihaz\u0131n\u0131za kolayca indirebilirsiniz. Uygulamaya gerek yok. Oturum a\u00e7maya gerek yok. \u0130ndirmek i\u00e7in UnduhVideoIg Instagram Story Saver&#039;\u0131 kullanman\u0131z yeterli.<\/p>\n\n\n\n<p>Arkada\u015f\u0131n\u0131z\u0131n komik an\u0131yla ilgili bir hikayeyi kaydedin, kendi ar\u015fivinizi olu\u015fturun veya favori hesaplar\u0131n\u0131zdaki kapaklar\u0131 vurgulay\u0131n, bu ara\u00e7 hi\u00e7bir Insta hikayesini ka\u00e7\u0131rmaman\u0131z\u0131 sa\u011flayarak i\u015fi basit ve g\u00fcvenli hale getirir.<\/p>\n<\/div>\n<\/div>\n\n\n\n<h2 class=\"wp-block-heading has-text-align-center\">Story Instagram nas\u0131l indirilir?<\/h2>\n\n\n\n<hr class=\"wp-block-separator has-alpha-channel-opacity has-fabled-sunset-gradient-background has-background is-style-wide\"\/>\n\n\n\n<p>Herhangi bir Instagram Hikayesini cihaz\u0131n\u0131za indirmek i\u00e7in sadece \u00fc\u00e7 h\u0131zl\u0131 ve basit ad\u0131m yeterli; herhangi bir uygulamaya veya hesaba gerek yok.<\/p>\n\n\n\n<div class=\"wp-block-columns is-layout-flex wp-container-core-columns-is-layout-28f84493 wp-block-columns-is-layout-flex\">\n<div class=\"wp-block-column is-layout-flow wp-block-column-is-layout-flow\" style=\"box-shadow:var(--wp--preset--shadow--natural)\">\n<figure class=\"wp-block-image size-full has-custom-border\"><img loading=\"lazy\" decoding=\"async\" width=\"650\" height=\"413\" src=\"https:\/\/unduhvideoig.app\/wp-content\/uploads\/2025\/07\/copy.webp\" alt=\"Kopyala\" class=\"wp-image-496\" style=\"border-radius:10px\" srcset=\"https:\/\/unduhvideoig.app\/wp-content\/uploads\/2025\/07\/copy.webp 650w, https:\/\/unduhvideoig.app\/wp-content\/uploads\/2025\/07\/copy-300x191.webp 300w\" sizes=\"auto, (max-width: 650px) 100vw, 650px\" \/><\/figure>\n\n\n\n<h3 class=\"wp-block-heading has-text-align-center\">Ba\u011flant\u0131y\u0131 kopyala<\/h3>\n\n\n\n<hr class=\"wp-block-separator has-alpha-channel-opacity is-style-wide\"\/>\n\n\n\n<p>Instagram&#039;\u0131 a\u00e7\u0131n, kaydetmek istedi\u011finiz hikayeye dokunun ve <strong>\u22ef<\/strong> (men\u00fc). Ard\u0131ndan \u201cBa\u011flant\u0131y\u0131 Kopyala\u201dya dokunun.<\/p>\n<\/div>\n\n\n\n<div class=\"wp-block-column is-layout-flow wp-block-column-is-layout-flow\" style=\"box-shadow:var(--wp--preset--shadow--natural)\">\n<figure class=\"wp-block-image size-full has-custom-border\"><img loading=\"lazy\" decoding=\"async\" width=\"650\" height=\"413\" src=\"https:\/\/unduhvideoig.app\/wp-content\/uploads\/2025\/07\/paste.webp\" alt=\"Yap\u0131\u015ft\u0131r\" class=\"wp-image-497\" style=\"border-radius:10px\" srcset=\"https:\/\/unduhvideoig.app\/wp-content\/uploads\/2025\/07\/paste.webp 650w, https:\/\/unduhvideoig.app\/wp-content\/uploads\/2025\/07\/paste-300x191.webp 300w\" sizes=\"auto, (max-width: 650px) 100vw, 650px\" \/><\/figure>\n\n\n\n<h3 class=\"wp-block-heading has-text-align-center\">URL&#039;yi yap\u0131\u015ft\u0131r\u0131n<\/h3>\n\n\n\n<hr class=\"wp-block-separator has-alpha-channel-opacity is-style-wide\"\/>\n\n\n\n<p>Bu sayfaya geri d\u00f6n\u00fcn, Hikaye ba\u011flant\u0131s\u0131n\u0131 yukar\u0131daki alana yap\u0131\u015ft\u0131r\u0131n ve \u0130ndir&#039;e t\u0131klay\u0131n.<\/p>\n<\/div>\n\n\n\n<div class=\"wp-block-column is-layout-flow wp-block-column-is-layout-flow\" style=\"box-shadow:var(--wp--preset--shadow--natural)\">\n<figure class=\"wp-block-image size-full has-custom-border\"><img loading=\"lazy\" decoding=\"async\" width=\"650\" height=\"413\" src=\"https:\/\/unduhvideoig.app\/wp-content\/uploads\/2025\/07\/download.webp\" alt=\"\u0130ndirmek\" class=\"wp-image-498\" style=\"border-radius:10px\" srcset=\"https:\/\/unduhvideoig.app\/wp-content\/uploads\/2025\/07\/download.webp 650w, https:\/\/unduhvideoig.app\/wp-content\/uploads\/2025\/07\/download-300x191.webp 300w\" sizes=\"auto, (max-width: 650px) 100vw, 650px\" \/><\/figure>\n\n\n\n<h3 class=\"wp-block-heading has-text-align-center\">\u0130ndirmek<\/h3>\n\n\n\n<hr class=\"wp-block-separator has-alpha-channel-opacity is-style-wide\"\/>\n\n\n\n<p>Birka\u00e7 saniye sonra hikaye dosyas\u0131n\u0131 cihaz\u0131n\u0131za indirebileceksiniz; ister foto\u011fraf, ister video hikayesi olsun.<\/p>\n<\/div>\n<\/div>\n\n\n\n<h2 class=\"wp-block-heading has-text-align-center\">UnduhVideoIg.App Instagram Hikaye \u0130ndirme<\/h2>\n\n\n\n<hr class=\"wp-block-separator has-alpha-channel-opacity has-fabled-sunset-gradient-background has-background is-style-wide\"\/>\n\n\n\n<p>Instagram Hikayeleri, kullan\u0131c\u0131lar taraf\u0131ndan payla\u015f\u0131lan ve 24 saat sonra otomatik olarak kaybolan ge\u00e7ici foto\u011fraflar ve videos hikayeleridir. \u00d6ne \u00c7\u0131kanlar ise silinene kadar kullan\u0131c\u0131n\u0131n profilinde kal\u0131c\u0131 olarak kalan, \u00f6zenle se\u00e7ilmi\u015f Hikaye koleksiyonlar\u0131d\u0131r.<\/p>\n\n\n\n<p>Instagram bunlar\u0131 varsay\u0131lan olarak indirmenin bir yolunu sunmasa da, arac\u0131m\u0131z Instagram hikayelerini indirmeniz ve \u00e7evrimd\u0131\u015f\u0131 g\u00f6r\u00fcnt\u00fcleme, ar\u015fivleme veya ki\u015fisel kullan\u0131m i\u00e7in kaydetmeniz i\u00e7in h\u0131zl\u0131 ve kolay bir \u00e7\u00f6z\u00fcm sunar.<\/p>\n\n\n\n<div class=\"wp-block-columns is-layout-flex wp-container-core-columns-is-layout-28f84493 wp-block-columns-is-layout-flex\" style=\"box-shadow:var(--wp--preset--shadow--natural)\">\n<div class=\"wp-block-column is-layout-flow wp-block-column-is-layout-flow\" style=\"flex-basis:66.66%\">\n<h3 class=\"wp-block-heading\">Hikaye Tasarrufu<\/h3>\n\n\n\n<p>L\u00fctfen indirmek istedi\u011finiz Instagram Hikayesi&#039;nin herkese a\u00e7\u0131k hesab\u0131n\u0131zdan oldu\u011fundan emin olun. Arac\u0131m\u0131z, gizlilik kurallar\u0131na uymak i\u00e7in yaln\u0131zca herkese a\u00e7\u0131k olarak g\u00f6r\u00fcnt\u00fclenebilen hikayeleri ve \u00f6ne \u00e7\u0131kanlar\u0131 destekler. Hesaplar\u0131n\u0131zdan hikaye veya \u00f6ne \u00e7\u0131kanlar\u0131 indirirken her zaman indiriciyi sorumlu bir \u015fekilde kullan\u0131n ve platform kurallar\u0131na uyun.<\/p>\n<\/div>\n\n\n\n<div class=\"wp-block-column is-layout-flow wp-block-column-is-layout-flow\" style=\"flex-basis:33.33%\">\n<figure class=\"wp-block-image size-full\"><img loading=\"lazy\" decoding=\"async\" width=\"600\" height=\"450\" src=\"https:\/\/unduhvideoig.app\/wp-content\/uploads\/2025\/07\/save_video.webp\" alt=\"video&#039;yi kaydedin\" class=\"wp-image-483\" srcset=\"https:\/\/unduhvideoig.app\/wp-content\/uploads\/2025\/07\/save_video.webp 600w, https:\/\/unduhvideoig.app\/wp-content\/uploads\/2025\/07\/save_video-300x225.webp 300w\" sizes=\"auto, (max-width: 600px) 100vw, 600px\" \/><\/figure>\n<\/div>\n<\/div>\n\n\n\n<div class=\"wp-block-columns is-layout-flex wp-container-core-columns-is-layout-28f84493 wp-block-columns-is-layout-flex\" style=\"box-shadow:var(--wp--preset--shadow--natural)\">\n<div class=\"wp-block-column is-layout-flow wp-block-column-is-layout-flow\" style=\"flex-basis:33.33%\">\n<figure class=\"wp-block-image size-full\"><img loading=\"lazy\" decoding=\"async\" width=\"600\" height=\"450\" src=\"https:\/\/unduhvideoig.app\/wp-content\/uploads\/2025\/07\/reels_downloader.webp\" alt=\"Makara indirici\" class=\"wp-image-472\" srcset=\"https:\/\/unduhvideoig.app\/wp-content\/uploads\/2025\/07\/reels_downloader.webp 600w, https:\/\/unduhvideoig.app\/wp-content\/uploads\/2025\/07\/reels_downloader-300x225.webp 300w\" sizes=\"auto, (max-width: 600px) 100vw, 600px\" \/><\/figure>\n<\/div>\n\n\n\n<div class=\"wp-block-column is-layout-flow wp-block-column-is-layout-flow\" style=\"flex-basis:66.66%\">\n<h3 class=\"wp-block-heading\">Hikaye \u0130ndirici<\/h3>\n\n\n\n<p>Hikaye ba\u011flant\u0131s\u0131n\u0131 yukar\u0131daki alana yap\u0131\u015ft\u0131rarak Instagram Hikayelerini \u00e7evrimi\u00e7i olarak indirebilirsiniz. Bu Instagram Hikaye Tasarrufu arac\u0131 tamamen \u00fccretsizdir, kay\u0131t gerektirmez ve anonim olarak \u00e7al\u0131\u015f\u0131r; ki\u015fisel oturum a\u00e7ma veya uygulama installation gerektirmez.<\/p>\n<\/div>\n<\/div>\n\n\n\n<div class=\"wp-block-columns is-layout-flex wp-container-core-columns-is-layout-28f84493 wp-block-columns-is-layout-flex\" style=\"box-shadow:var(--wp--preset--shadow--natural)\">\n<div class=\"wp-block-column is-layout-flow wp-block-column-is-layout-flow\" style=\"flex-basis:66.66%\">\n<h3 class=\"wp-block-heading\">Mobil veya Masa\u00fcst\u00fcne \u0130ndirin \u2014 Uygulamaya Gerek Yok<\/h3>\n\n\n\n<p>Her \u015fey do\u011frudan taray\u0131c\u0131n\u0131zdan \u00e7al\u0131\u015f\u0131r; indirme veya eklenti gerekmez. Herhangi bir foto\u011fraf\u0131, video&#039;yi, reels&#039;yi ve IGTV&#039;yi tek t\u0131klamayla filigrans\u0131z ve y\u00fcksek \u00e7\u00f6z\u00fcn\u00fcrl\u00fckte indirin! Ancak yo\u011fun bir kullan\u0131c\u0131ysan\u0131z, bizi izlemeye devam edin; daha kolay eri\u015fim i\u00e7in bir taray\u0131c\u0131 eklentisi \u00fczerinde \u00e7al\u0131\u015f\u0131yoruz.<\/p>\n<\/div>\n\n\n\n<div class=\"wp-block-column is-layout-flow wp-block-column-is-layout-flow\" style=\"flex-basis:33.33%\">\n<figure class=\"wp-block-image size-full\"><img loading=\"lazy\" decoding=\"async\" width=\"600\" height=\"450\" src=\"https:\/\/unduhvideoig.app\/wp-content\/uploads\/2025\/07\/mobile_app.webp\" alt=\"Mobil uygulama\" class=\"wp-image-477\" srcset=\"https:\/\/unduhvideoig.app\/wp-content\/uploads\/2025\/07\/mobile_app.webp 600w, https:\/\/unduhvideoig.app\/wp-content\/uploads\/2025\/07\/mobile_app-300x225.webp 300w\" sizes=\"auto, (max-width: 600px) 100vw, 600px\" \/><\/figure>\n<\/div>\n<\/div>\n\n\n\n<h2 class=\"wp-block-heading has-text-align-center\">S\u0131k\u00e7a sorulan sorular (SSS)<\/h2>\n\n\n\n<hr class=\"wp-block-separator has-alpha-channel-opacity has-fabled-sunset-gradient-background has-background is-style-wide\"\/>\n\n\n\n<p>A\u015fa\u011f\u0131da UnduhVideoIg.App Instagram Hikaye \u0130ndiricimizi kullanmayla ilgili en s\u0131k sorulan sorular\u0131n yan\u0131tlar\u0131n\u0131 bulabilirsiniz. Sorunuz listede yoksa, ileti\u015fim sayfam\u0131z arac\u0131l\u0131\u011f\u0131yla istedi\u011finiz zaman e-posta yoluyla bizimle ileti\u015fime ge\u00e7ebilirsiniz.<\/p>\n\n\n\n<h3 class=\"wp-block-heading\">Instagram Hikayeleri ve \u00d6ne \u00c7\u0131kanlar Nedir?<\/h3>\n\n\n\n<p>Hikayeler, 24 saat sonra kaybolan k\u0131sa video&#039;ler veya foto\u011fraflard\u0131r. \u00d6ne \u00c7\u0131kanlar, bir kullan\u0131c\u0131n\u0131n profiline kal\u0131c\u0131 olarak kaydedilen hikaye koleksiyonlar\u0131d\u0131r. Arac\u0131m\u0131z, her iki format\u0131 da h\u0131zl\u0131 ve kolay bir \u015fekilde indirmenize olanak tan\u0131r.<\/p>\n\n\n\n<h3 class=\"wp-block-heading\">Instagram hikayesini nas\u0131l indirebilirim?<\/h3>\n\n\n\n<p>Bir Instagram Hikayesi indirmek i\u00e7in \u015fu basit ad\u0131mlar\u0131 izleyin:<\/p>\n\n\n\n<ul class=\"wp-block-list\">\n<li>Instagram&#039;\u0131 a\u00e7\u0131n ve ak\u0131\u015f\u0131n\u0131z\u0131n \u00fcst k\u0131sm\u0131ndaki hikaye k\u00fc\u00e7\u00fck resmine dokunun.<\/li>\n\n\n\n<li>Hikaye a\u00e7\u0131ld\u0131ktan sonra \u00fc\u00e7 nokta men\u00fc simgesine ( dokunun<strong>\u22ef<\/strong>) sa\u011f \u00fcst k\u00f6\u015fede.<\/li>\n\n\n\n<li>A\u00e7\u0131lan men\u00fcden \u201cBa\u011flant\u0131y\u0131 Kopyala\u201d se\u00e7ene\u011fini se\u00e7in.<\/li>\n\n\n\n<li>UnduhVideoIg.App adresine gidin ve kopyalad\u0131\u011f\u0131n\u0131z ba\u011flant\u0131y\u0131 giri\u015f alan\u0131na yap\u0131\u015ft\u0131r\u0131n.<\/li>\n\n\n\n<li>\u0130ndir butonuna t\u0131klay\u0131n; hikayeniz saniyeler i\u00e7inde cihaz\u0131n\u0131za kaydedilmeye haz\u0131r olacak.<\/li>\n<\/ul>\n\n\n\n<h3 class=\"wp-block-heading\">Instagram hikayelerini Android veya iPhone&#039;a indirebilir miyim?<\/h3>\n\n\n\n<p>Evet, Instagram hikayelerini indirmek bizimle \u00e7ok kolay! Instagram hikaye indiricimiz mobil cihazlarla tamamen uyumludur. Android ve iOS&#039;ta Chrome, Safari veya herhangi bir taray\u0131c\u0131 \u00fczerinden kullanarak istedi\u011finiz hikayeyi veya \u00f6ne \u00e7\u0131kanlar\u0131 indirebilirsiniz.<\/p>\n\n\n\n<h3 class=\"wp-block-heading\">Instagram&#039;da kaydedebilece\u011fim hikaye say\u0131s\u0131n\u0131n bir s\u0131n\u0131r\u0131 var m\u0131?<\/h3>\n\n\n\n<p>Hay\u0131r, herhangi bir Instagram hikayesini indirmenin bir s\u0131n\u0131r\u0131 yok. Diledi\u011finiz kadar hikaye veya \u00f6ne \u00e7\u0131kan\u0131 \u00fccretsiz ve k\u0131s\u0131tlamas\u0131z indirebilirsiniz.<\/p>\n\n\n\n<h3 class=\"wp-block-heading\">Bu ara\u00e7 ger\u00e7ekten \u00fccretsiz ve kullan\u0131m\u0131 g\u00fcvenli mi?<\/h3>\n\n\n\n<p>Kesinlikle \u00fccretsiz Instagram hikaye indirme hizmeti. Bu Instagram hikaye indiricisi tamamen \u00fccretsiz, anonim ve g\u00fcvenlidir. Instagram hikayenizi indirdi\u011finizde ba\u011flant\u0131 saklam\u0131yoruz, etkinlik kayd\u0131 tutmuyoruz veya herhangi bir ki\u015fisel bilgi istemiyoruz.<\/p>","protected":false},"excerpt":{"rendered":"<p>Instagram Story Saver Download Your Story and Highlights from Instagram Download With the usage of our service, you\u2019re accepting our Terms of Usage. Instagram Story Saver Instagram story is designed to disappear after 24 hours \u2014 but some moments deserve to be saved forever. With UnduhVideoIg Story Saver, you can easily download Instagram Story and [&hellip;]<\/p>\n","protected":false},"author":1,"featured_media":0,"parent":0,"menu_order":0,"comment_status":"closed","ping_status":"closed","template":"","meta":{"slim_seo":{"title":"Hikaye Tasarrufu \u2013 Instagram Hikaye \u0130ndirme","description":"IG Hikayeleri&#039;ni herhangi bir uygulamaya ihtiya\u00e7 duymadan \u00fccretsiz indirin. En sevdi\u011finiz Instagram hikayelerinizi kolayca, h\u0131zl\u0131 bir \u015fekilde, HD kalitede ve filigran olmadan, do\u011frudan \u00e7evrimi\u00e7i olarak kaydedin!"},"footnotes":""},"class_list":["post-339","page","type-page","status-publish","hentry"],"blocksy_meta":{"background":{"background_type":"color","background_pattern":"type-1","background_image":{"attachment_id":null,"x":0,"y":0},"gradient":"linear-gradient(135deg,rgba(6,147,227,1) 0%,rgb(155,81,224) 100%)","background_repeat":"repeat","background_size":"auto","background_attachment":"scroll","patternColor":{"default":{"color":"#e5e7ea"}},"overlayColor":{"default":{"color":"CT_CSS_SKIP_RULE"}},"backgroundColor":{"default":{"color":"CT_CSS_SKIP_RULE"}}},"styles_descriptor":{"styles":{"desktop":"[data-prefix=\"single_page\"] [class*=\"ct-container\"] > article[class*=\"post\"] {--has-boxed:var(--false);--has-wide:var(--true);}","tablet":"","mobile":""},"google_fonts":[],"version":6},"content_style_source":"custom","content_style":"wide","has_hero_section":"disabled"},"_links":{"self":[{"href":"https:\/\/unduhvideoig.app\/tr\/wp-json\/wp\/v2\/pages\/339","targetHints":{"allow":["GET"]}}],"collection":[{"href":"https:\/\/unduhvideoig.app\/tr\/wp-json\/wp\/v2\/pages"}],"about":[{"href":"https:\/\/unduhvideoig.app\/tr\/wp-json\/wp\/v2\/types\/page"}],"author":[{"embeddable":true,"href":"https:\/\/unduhvideoig.app\/tr\/wp-json\/wp\/v2\/users\/1"}],"replies":[{"embeddable":true,"href":"https:\/\/unduhvideoig.app\/tr\/wp-json\/wp\/v2\/comments?post=339"}],"version-history":[{"count":16,"href":"https:\/\/unduhvideoig.app\/tr\/wp-json\/wp\/v2\/pages\/339\/revisions"}],"predecessor-version":[{"id":660,"href":"https:\/\/unduhvideoig.app\/tr\/wp-json\/wp\/v2\/pages\/339\/revisions\/660"}],"wp:attachment":[{"href":"https:\/\/unduhvideoig.app\/tr\/wp-json\/wp\/v2\/media?parent=339"}],"curies":[{"name":"wp","href":"https:\/\/api.w.org\/{rel}","templated":true}]}}