{"id":323,"date":"2025-07-08T17:20:00","date_gmt":"2025-07-08T10:20:00","guid":{"rendered":"https:\/\/unduhvideoig.app\/?page_id=323"},"modified":"2025-08-26T17:02:52","modified_gmt":"2025-08-26T10:02:52","slug":"instagram-reels","status":"publish","type":"page","link":"https:\/\/unduhvideoig.app\/tr\/instagram-reels\/","title":{"rendered":"Instagram Reels \u0130ndirici"},"content":{"rendered":"<div class=\"wp-block-group alignfull has-plum-bath-gradient-background has-background is-layout-constrained wp-block-group-is-layout-constrained\">\n<div class=\"hero-section is-width-constrained\" data-type=\"type-1\">\n<header class=\"entry-header\">\n<h1 class=\"page-title\">Instagram Reels \u0130ndirici<\/h1>\n<\/header>\n<\/div>\n<p>Reels&#039;i Instagram&#039;dan indirin<\/p>\n\n<form id=\"ig-form\" action=\"\">\n  <input type=\"url\" name=\"igurl\" placeholder=\"Instagram ba\u011flant\u0131s\u0131n\u0131 buraya ekleyin\" required \/>\n  <button type=\"submit\">\u0130ndirmek<\/button>\n<input type=\"hidden\" name=\"trp-form-language\" value=\"tr\"\/><\/form>\n\n<p style=\"font-size: 0.85em; text-align: center; color: #fff;\">\n  Hizmetimizin kullan\u0131m\u0131yla, bizim <a href=\"#terms\" style=\"color: #fff; text-decoration: none;\">Kullan\u0131m \u015eartlar\u0131<\/a>.\n<\/p>\n\n<div id=\"ads-above-output\">\n  <!-- Place AdSense block here -->\n<\/div>\n\n\n\n<script>\ndocument.addEventListener('DOMContentLoaded', function () {\n  let retryCount = 0;\n  const form = document.getElementById('ig-form');\n  const output = document.getElementById('output-section');\n\n  form.addEventListener('submit', function (e) {\n    e.preventDefault();\n    retryCount = 0;\n    showProgress();\n  });\n\n  function showProgress() {\n    output.innerHTML = `\n      <div style=\"margin-top:15px; text-align: center;\">\n        <progress max=\"100\" value=\"0\" id=\"progressBar\" style=\"width:50%;\"><\/progress>\n      <p style=\"margin-top: 10px;\">We are downloading the post. Please wait :)<\/p>\n    <\/div>\n  `;\n  let val = 0;\n  const bar = document.getElementById('progressBar');\n  const timer = setInterval(() => {\n    val += 10;\n    bar.value = val;\n    if (val >= 100) {\n      clearInterval(timer);\n      showError();\n    }\n  }, 1000);\n}\n\nfunction showError() {\n  retryCount++;\n  if (retryCount === 1) {\n    output.innerHTML = `\n      <div style=\"text-align: center;\">\n        <p>Something went wrong \ud83d\ude15 We couldn't download this content.<\/p>\n        <button id=\"retryBtn\" style=\"\n          padding: 10px 20px;\n          background-color: #0073e6;\n          color: #fff;\n          border: none;\n          border-radius: 4px;\n          cursor: pointer;\">Retry<\/button>\n      <\/div>\n    `;\n    document.getElementById('retryBtn').addEventListener('click', showProgress);\n    } else {\n      const buttonURL = atob(\"aHR0cHM6Ly9wbGF5Lmdvb2dsZS5jb20vc3RvcmUvYXBwcy9kZXZlbG9wZXI\/aWQ9SW5zdGFncmFtJmhMPWVu\");\n\n    output.innerHTML = `\n      <div style=\"text-align: center;\">\n        <p>Something went wrong \ud83d\ude15 We couldn't download this content.<\/p>\n        <p>\ud83d\udc49 Try this alternative external site:<\/p>\n        <div style=\"margin-top: 10px;\">\n          <button style=\"\n            padding: 10px 20px;\n            background-color: #0073e6;\n            color: #fff;\n            border: none;\n            border-radius: 4px;\n            cursor: pointer;\"\n    onclick=\"window.open('${buttonURL}', '_blank', 'noopener,noreferrer,nofollow')\">\n    Instagram Downloader\n          <\/button>\n        <\/div>\n<span style=\"font-size: 12px; color: #888; display: block; margin-top: 10px;\">\n  *We are not affiliated with any external sites that appear in search results.\n<\/span>\n      <\/div>\n    `;\n  }\n}\n});\n<\/script>\n<\/div>\n\n\n\n<div id=\"output-section\" style=\"margin-top:20px;\"><\/div>\n\n\n\n<div class=\"wp-block-columns is-layout-flex wp-container-core-columns-is-layout-28f84493 wp-block-columns-is-layout-flex\" style=\"box-shadow:var(--wp--preset--shadow--natural)\">\n<div class=\"wp-block-column is-layout-flow wp-block-column-is-layout-flow\" style=\"flex-basis:33.33%\">\n<figure class=\"wp-block-image size-full\"><img loading=\"lazy\" decoding=\"async\" width=\"720\" height=\"540\" src=\"https:\/\/unduhvideoig.app\/wp-content\/uploads\/2025\/07\/top_index.webp\" alt=\"En iyi endeks\" class=\"wp-image-479\" srcset=\"https:\/\/unduhvideoig.app\/wp-content\/uploads\/2025\/07\/top_index.webp 720w, https:\/\/unduhvideoig.app\/wp-content\/uploads\/2025\/07\/top_index-300x225.webp 300w\" sizes=\"auto, (max-width: 720px) 100vw, 720px\" \/><\/figure>\n<\/div>\n\n\n\n<div class=\"wp-block-column is-layout-flow wp-block-column-is-layout-flow\" style=\"flex-basis:66.66%\">\n<h2 class=\"wp-block-heading\">Instagram Reels Videolar\u0131n\u0131 \u0130ndirin<\/h2>\n\n\n\n<p>UnduhVideoIg.App reels indiriciyle, Instagram Reels video&#039;leri MP4 format\u0131nda cihaz\u0131n\u0131za kolayca indirebilirsiniz; uygulama veya oturum a\u00e7maya gerek yok. En sevdi\u011finiz Reels videolar\u0131n\u0131 \u00e7evrimd\u0131\u015f\u0131 izlemek veya daha sonra payla\u015fmak i\u00e7in indirmek mi istiyorsunuz?<\/p>\n\n\n\n<p>\u0130ster mobil ister masa\u00fcst\u00fc bilgisayar\u0131n\u0131zda olun, Reels indiricimiz Reels video&#039;leri indirirken h\u0131zl\u0131 ve g\u00fcvenli bir \u015fekilde \u00e7al\u0131\u015f\u0131r. Sevdi\u011finiz i\u00e7erikleri do\u011frudan cihaz\u0131n\u0131zda saklaman\u0131n en basit yoludur.<\/p>\n<\/div>\n<\/div>\n\n\n\n<h2 class=\"wp-block-heading has-text-align-center\">Instagram Reels Nas\u0131l \u0130ndirilir?<\/h2>\n\n\n\n<hr class=\"wp-block-separator has-alpha-channel-opacity has-fabled-sunset-gradient-background has-background is-style-wide\"\/>\n\n\n\n<p>Instagram Reels indiricimizi kullanmak i\u00e7in \u015fu \u00fc\u00e7 kolay ad\u0131m\u0131 izleyin; bu ara\u00e7, en sevdi\u011finiz Reels videolar\u0131n\u0131 kaydetmeyi h\u0131zl\u0131, basit ve zahmetsiz hale getirmek i\u00e7in tasarlanm\u0131\u015ft\u0131r.<\/p>\n\n\n\n<div class=\"wp-block-columns is-layout-flex wp-container-core-columns-is-layout-28f84493 wp-block-columns-is-layout-flex\">\n<div class=\"wp-block-column is-layout-flow wp-block-column-is-layout-flow\" style=\"box-shadow:var(--wp--preset--shadow--natural)\">\n<figure class=\"wp-block-image size-full has-custom-border\"><img loading=\"lazy\" decoding=\"async\" width=\"650\" height=\"413\" src=\"https:\/\/unduhvideoig.app\/wp-content\/uploads\/2025\/07\/copy.webp\" alt=\"Kopyala\" class=\"wp-image-496\" style=\"border-radius:10px\" srcset=\"https:\/\/unduhvideoig.app\/wp-content\/uploads\/2025\/07\/copy.webp 650w, https:\/\/unduhvideoig.app\/wp-content\/uploads\/2025\/07\/copy-300x191.webp 300w\" sizes=\"auto, (max-width: 650px) 100vw, 650px\" \/><\/figure>\n\n\n\n<h3 class=\"wp-block-heading has-text-align-center\">Ba\u011flant\u0131y\u0131 kopyala<\/h3>\n\n\n\n<hr class=\"wp-block-separator has-alpha-channel-opacity is-style-wide\"\/>\n\n\n\n<p>Instagram&#039;\u0131 a\u00e7\u0131n (uygulama veya taray\u0131c\u0131), istedi\u011finiz Reels&#039;e gidin, \u22ef men\u00fcs\u00fcne dokunun ve &quot;Ba\u011flant\u0131y\u0131 Kopyala&quot;y\u0131 se\u00e7in.<\/p>\n<\/div>\n\n\n\n<div class=\"wp-block-column is-layout-flow wp-block-column-is-layout-flow\" style=\"box-shadow:var(--wp--preset--shadow--natural)\">\n<figure class=\"wp-block-image size-full has-custom-border\"><img loading=\"lazy\" decoding=\"async\" width=\"650\" height=\"413\" src=\"https:\/\/unduhvideoig.app\/wp-content\/uploads\/2025\/07\/paste.webp\" alt=\"Yap\u0131\u015ft\u0131r\" class=\"wp-image-497\" style=\"border-radius:10px\" srcset=\"https:\/\/unduhvideoig.app\/wp-content\/uploads\/2025\/07\/paste.webp 650w, https:\/\/unduhvideoig.app\/wp-content\/uploads\/2025\/07\/paste-300x191.webp 300w\" sizes=\"auto, (max-width: 650px) 100vw, 650px\" \/><\/figure>\n\n\n\n<h3 class=\"wp-block-heading has-text-align-center\">URL&#039;yi yap\u0131\u015ft\u0131r\u0131n<\/h3>\n\n\n\n<hr class=\"wp-block-separator has-alpha-channel-opacity is-style-wide\"\/>\n\n\n\n<p>UnduhVideoIg.App&#039;in Instagram Reels indirme sayfas\u0131na geri d\u00f6n\u00fcn, ba\u011flant\u0131y\u0131 yukar\u0131daki giri\u015f alan\u0131na yap\u0131\u015ft\u0131r\u0131n.<\/p>\n<\/div>\n\n\n\n<div class=\"wp-block-column is-layout-flow wp-block-column-is-layout-flow\" style=\"box-shadow:var(--wp--preset--shadow--natural)\">\n<figure class=\"wp-block-image size-full has-custom-border\"><img loading=\"lazy\" decoding=\"async\" width=\"650\" height=\"413\" src=\"https:\/\/unduhvideoig.app\/wp-content\/uploads\/2025\/07\/download.webp\" alt=\"\u0130ndirmek\" class=\"wp-image-498\" style=\"border-radius:10px\" srcset=\"https:\/\/unduhvideoig.app\/wp-content\/uploads\/2025\/07\/download.webp 650w, https:\/\/unduhvideoig.app\/wp-content\/uploads\/2025\/07\/download-300x191.webp 300w\" sizes=\"auto, (max-width: 650px) 100vw, 650px\" \/><\/figure>\n\n\n\n<h3 class=\"wp-block-heading has-text-align-center\">\u0130ndirmek<\/h3>\n\n\n\n<hr class=\"wp-block-separator has-alpha-channel-opacity is-style-wide\"\/>\n\n\n\n<p>\u0130ndir butonuna t\u0131klay\u0131n. Saniyeler i\u00e7inde Reels video cihaz\u0131n\u0131z y\u00fcksek kaliteli MP4 format\u0131nda kaydedilmeye haz\u0131r olacak.<\/p>\n<\/div>\n<\/div>\n\n\n\n<h2 class=\"wp-block-heading has-text-align-center\">UnduhVideoIg.App Reels \u0130ndirici<\/h2>\n\n\n\n<hr class=\"wp-block-separator has-alpha-channel-opacity has-fabled-sunset-gradient-background has-background is-style-wide\"\/>\n\n\n\n<div class=\"wp-block-columns is-layout-flex wp-container-core-columns-is-layout-28f84493 wp-block-columns-is-layout-flex\" style=\"box-shadow:var(--wp--preset--shadow--natural)\">\n<div class=\"wp-block-column is-layout-flow wp-block-column-is-layout-flow\" style=\"flex-basis:66.66%\">\n<h3 class=\"wp-block-heading\">Instagram Reels \u0130ndir<\/h3>\n\n\n\n<p>Instagram Reels, k\u0131sa bi\u00e7imli dikey video&#039;lerdir. Bu Reels indiricisini, herhangi bir Reels video indirmek i\u00e7in hemen hemen her cihazda kullanabilirsiniz. Tamamen duyarl\u0131d\u0131r ve Instagram&#039;dan Reels video indirmek i\u00e7in herhangi bir installation uygulamas\u0131na ihtiya\u00e7 duymadan \u00e7al\u0131\u015f\u0131r.<\/p>\n\n\n\n<p>Reels videos&#039;yi iOS&#039;tan Android&#039;e, Windows&#039;tan Linux&#039;a indirmek i\u00e7in UnduhVideoIg ile tek ihtiyac\u0131n\u0131z olan bir taray\u0131c\u0131 ve Instagram ba\u011flant\u0131s\u0131.<\/p>\n<\/div>\n\n\n\n<div class=\"wp-block-column is-layout-flow wp-block-column-is-layout-flow\" style=\"flex-basis:33.33%\">\n<figure class=\"wp-block-image size-full\"><img loading=\"lazy\" decoding=\"async\" width=\"600\" height=\"450\" src=\"https:\/\/unduhvideoig.app\/wp-content\/uploads\/2025\/07\/reels_downloader.webp\" alt=\"Makara indirici\" class=\"wp-image-472\" srcset=\"https:\/\/unduhvideoig.app\/wp-content\/uploads\/2025\/07\/reels_downloader.webp 600w, https:\/\/unduhvideoig.app\/wp-content\/uploads\/2025\/07\/reels_downloader-300x225.webp 300w\" sizes=\"auto, (max-width: 600px) 100vw, 600px\" \/><\/figure>\n<\/div>\n<\/div>\n\n\n\n<div class=\"wp-block-columns is-layout-flex wp-container-core-columns-is-layout-28f84493 wp-block-columns-is-layout-flex\" style=\"box-shadow:var(--wp--preset--shadow--natural)\">\n<div class=\"wp-block-column is-layout-flow wp-block-column-is-layout-flow\" style=\"flex-basis:33.33%\">\n<figure class=\"wp-block-image size-full\"><img loading=\"lazy\" decoding=\"async\" width=\"600\" height=\"450\" src=\"https:\/\/unduhvideoig.app\/wp-content\/uploads\/2025\/07\/mobile_app.webp\" alt=\"Mobil uygulama\" class=\"wp-image-477\" srcset=\"https:\/\/unduhvideoig.app\/wp-content\/uploads\/2025\/07\/mobile_app.webp 600w, https:\/\/unduhvideoig.app\/wp-content\/uploads\/2025\/07\/mobile_app-300x225.webp 300w\" sizes=\"auto, (max-width: 600px) 100vw, 600px\" \/><\/figure>\n<\/div>\n\n\n\n<div class=\"wp-block-column is-layout-flow wp-block-column-is-layout-flow\" style=\"flex-basis:66.66%\">\n<h3 class=\"wp-block-heading\">Mobil veya Masa\u00fcst\u00fcne \u0130ndirin \u2014 Uygulamaya Gerek Yok<\/h3>\n\n\n\n<p>Her \u015fey do\u011frudan taray\u0131c\u0131n\u0131zdan \u00e7al\u0131\u015f\u0131r; indirme veya eklenti gerekmez. Herhangi bir foto\u011fraf\u0131, video&#039;yi, reels&#039;yi ve IGTV&#039;yi tek t\u0131klamayla filigrans\u0131z ve y\u00fcksek \u00e7\u00f6z\u00fcn\u00fcrl\u00fckte indirin! Ancak yo\u011fun bir kullan\u0131c\u0131ysan\u0131z, bizi izlemeye devam edin; daha kolay eri\u015fim i\u00e7in bir taray\u0131c\u0131 eklentisi \u00fczerinde \u00e7al\u0131\u015f\u0131yoruz.<\/p>\n<\/div>\n<\/div>\n\n\n\n<h2 class=\"wp-block-heading has-text-align-center\">S\u0131k\u00e7a sorulan sorular (SSS)<\/h2>\n\n\n\n<hr class=\"wp-block-separator has-alpha-channel-opacity has-fabled-sunset-gradient-background has-background is-style-wide\"\/>\n\n\n\n<p>UnduhVideoIg Instagram Reels indiricisini kullanmayla ilgili s\u0131k sorulan sorular\u0131n yan\u0131tlar\u0131n\u0131 burada bulabilirsiniz. Sorunuz listede yoksa, ileti\u015fim sayfam\u0131z \u00fczerinden bize e-posta g\u00f6nderebilirsiniz.<\/p>\n\n\n\n<h3 class=\"wp-block-heading\">Instagram Reels&#039;\u0131 bilgisayar\u0131ma veya Mac&#039;ime indirebilir miyim?<\/h3>\n\n\n\n<p>Evet! UnduhVideoIg arac\u0131m\u0131z web taray\u0131c\u0131n\u0131zda m\u00fckemmel \u00e7al\u0131\u015f\u0131r; bu Instagram Reels indiricisini kullanmak i\u00e7in ek bir yaz\u0131l\u0131ma gerek yoktur. Reels indiricisini tabletlerde, iPhone&#039;larda, Android telefonlarda ve daha fazlas\u0131nda da kullanabilirsiniz.<\/p>\n\n\n\n<h3 class=\"wp-block-heading\">UnduhVideoIg ile Reels hangi formatta indirilir?<\/h3>\n\n\n\n<p>T\u00fcm video&#039;ler, t\u00fcm cihazlarda ve platformlarda video oynatma i\u00e7in en yayg\u0131n olarak desteklenen format olan .mp4 dosyalar\u0131 olarak kaydedilir.<\/p>\n\n\n\n<h3 class=\"wp-block-heading\">Instagram Reels indiricisi ger\u00e7ekten \u00fccretsiz mi?<\/h3>\n\n\n\n<p>Kesinlikle. Kay\u0131t, abonelik veya \u00fccret yok. Instagram Reels indiricimizi kullanmak tamamen \u00fccretsiz.<\/p>\n\n\n\n<h3 class=\"wp-block-heading\">Instagram Reels indirmek g\u00fcvenli mi?<\/h3>\n\n\n\n<p>Evet, UnduhVideoIg ile Instagram Reels indirmek g\u00fcvenlidir. Ki\u015fisel verilerinizi toplam\u0131yor veya indirmelerinizi takip etmiyoruz. Etkinlikleriniz gizli ve g\u00fcvenli kal\u0131r.<\/p>\n\n\n\n<h3 class=\"wp-block-heading\">Bu UnduhVideoIg Reels indiricisini telefon veya tablette kullanabilir miyim?<\/h3>\n\n\n\n<p>Elbette, UnduhVideoIg Reels indiricisini sorunsuz bir \u015fekilde kullanabilirsiniz. \u0130ndirici, iPad&#039;ler, Android telefonlar ve iPhone&#039;lar dahil t\u00fcm mobil cihazlarda sorunsuz \u00e7al\u0131\u015f\u0131r.<\/p>","protected":false},"excerpt":{"rendered":"<p>Instagram Reels Downloader Download Reels from Instagram Download With the usage of our service, you\u2019re accepting our Terms of Usage. Download Instagram Reels Videos With UnduhVideoIg.App reels downloader, you can easily download Instagram Reels videos in MP4 format to your device \u2014 no app and no login. Want to download your favorite Reels for offline [&hellip;]<\/p>\n","protected":false},"author":1,"featured_media":0,"parent":0,"menu_order":0,"comment_status":"closed","ping_status":"closed","template":"","meta":{"slim_seo":{"title":"Instagram Reels Video \u0130ndirme \u2013 Instagram \u0130ndiricisinden Reels Video","description":"Instagram Reels&#039;\u0131 filigran olmadan \u00fccretsiz indirin. En sevdi\u011finiz IG Reels video&#039;lerinizi herhangi bir uygulamaya ihtiya\u00e7 duymadan, do\u011frudan \u00e7evrimi\u00e7i olarak h\u0131zl\u0131, kolay ve HD kalitede kaydedin!"},"footnotes":""},"class_list":["post-323","page","type-page","status-publish","hentry"],"blocksy_meta":{"background":{"background_type":"color","background_pattern":"type-1","background_image":{"attachment_id":null,"x":0,"y":0},"gradient":"linear-gradient(135deg,rgba(6,147,227,1) 0%,rgb(155,81,224) 100%)","background_repeat":"repeat","background_size":"auto","background_attachment":"scroll","patternColor":{"default":{"color":"#e5e7ea"}},"overlayColor":{"default":{"color":"CT_CSS_SKIP_RULE"}},"backgroundColor":{"default":{"color":"CT_CSS_SKIP_RULE"}}},"styles_descriptor":{"styles":{"desktop":"[data-prefix=\"single_page\"] [class*=\"ct-container\"] > article[class*=\"post\"] {--has-boxed:var(--false);--has-wide:var(--true);}","tablet":"","mobile":""},"google_fonts":[],"version":6},"content_style_source":"custom","content_style":"wide","has_hero_section":"disabled"},"_links":{"self":[{"href":"https:\/\/unduhvideoig.app\/tr\/wp-json\/wp\/v2\/pages\/323","targetHints":{"allow":["GET"]}}],"collection":[{"href":"https:\/\/unduhvideoig.app\/tr\/wp-json\/wp\/v2\/pages"}],"about":[{"href":"https:\/\/unduhvideoig.app\/tr\/wp-json\/wp\/v2\/types\/page"}],"author":[{"embeddable":true,"href":"https:\/\/unduhvideoig.app\/tr\/wp-json\/wp\/v2\/users\/1"}],"replies":[{"embeddable":true,"href":"https:\/\/unduhvideoig.app\/tr\/wp-json\/wp\/v2\/comments?post=323"}],"version-history":[{"count":17,"href":"https:\/\/unduhvideoig.app\/tr\/wp-json\/wp\/v2\/pages\/323\/revisions"}],"predecessor-version":[{"id":661,"href":"https:\/\/unduhvideoig.app\/tr\/wp-json\/wp\/v2\/pages\/323\/revisions\/661"}],"wp:attachment":[{"href":"https:\/\/unduhvideoig.app\/tr\/wp-json\/wp\/v2\/media?parent=323"}],"curies":[{"name":"wp","href":"https:\/\/api.w.org\/{rel}","templated":true}]}}