{"id":284,"date":"2025-07-08T14:56:58","date_gmt":"2025-07-08T07:56:58","guid":{"rendered":"https:\/\/unduhvideoig.app\/?page_id=284"},"modified":"2025-08-26T17:01:23","modified_gmt":"2025-08-26T10:01:23","slug":"instagram-photo","status":"publish","type":"page","link":"https:\/\/unduhvideoig.app\/tr\/instagram-photo\/","title":{"rendered":"Instagram Foto\u011fraf \u0130ndirici"},"content":{"rendered":"<div class=\"wp-block-group alignfull has-plum-bath-gradient-background has-background is-layout-constrained wp-block-group-is-layout-constrained\">\n<div class=\"hero-section is-width-constrained\" data-type=\"type-1\">\n<header class=\"entry-header\">\n<h1 class=\"page-title\">Instagram Foto\u011fraf \u0130ndirici<\/h1>\n<\/header>\n<\/div>\n<p>Instagram&#039;dan Foto\u011fraf \u0130ndir<\/p>\n\n<form id=\"ig-form\" action=\"\">\n  <input type=\"url\" name=\"igurl\" placeholder=\"Instagram ba\u011flant\u0131s\u0131n\u0131 buraya ekleyin\" required \/>\n  <button type=\"submit\">\u0130ndirmek<\/button>\n<input type=\"hidden\" name=\"trp-form-language\" value=\"tr\"\/><\/form>\n\n<p style=\"font-size: 0.85em; text-align: center; color: #fff;\">\n  Hizmetimizin kullan\u0131m\u0131yla, bizim <a href=\"#terms\" style=\"color: #fff; text-decoration: none;\">Kullan\u0131m \u015eartlar\u0131<\/a>.\n<\/p>\n\n<div id=\"ads-above-output\">\n  <!-- Place AdSense block here -->\n<\/div>\n\n\n\n<script>\ndocument.addEventListener('DOMContentLoaded', function () {\n  let retryCount = 0;\n  const form = document.getElementById('ig-form');\n  const output = document.getElementById('output-section');\n\n  form.addEventListener('submit', function (e) {\n    e.preventDefault();\n    retryCount = 0;\n    showProgress();\n  });\n\n  function showProgress() {\n    output.innerHTML = `\n      <div style=\"margin-top:15px; text-align: center;\">\n        <progress max=\"100\" value=\"0\" id=\"progressBar\" style=\"width:50%;\"><\/progress>\n      <p style=\"margin-top: 10px;\">We are downloading the post. Please wait :)<\/p>\n    <\/div>\n  `;\n  let val = 0;\n  const bar = document.getElementById('progressBar');\n  const timer = setInterval(() => {\n    val += 10;\n    bar.value = val;\n    if (val >= 100) {\n      clearInterval(timer);\n      showError();\n    }\n  }, 1000);\n}\n\nfunction showError() {\n  retryCount++;\n  if (retryCount === 1) {\n    output.innerHTML = `\n      <div style=\"text-align: center;\">\n        <p>Something went wrong \ud83d\ude15 We couldn't download this content.<\/p>\n        <button id=\"retryBtn\" style=\"\n          padding: 10px 20px;\n          background-color: #0073e6;\n          color: #fff;\n          border: none;\n          border-radius: 4px;\n          cursor: pointer;\">Retry<\/button>\n      <\/div>\n    `;\n    document.getElementById('retryBtn').addEventListener('click', showProgress);\n    } else {\n      const buttonURL = atob(\"aHR0cHM6Ly9wbGF5Lmdvb2dsZS5jb20vc3RvcmUvYXBwcy9kZXZlbG9wZXI\/aWQ9SW5zdGFncmFtJmhMPWVu\");\n\n    output.innerHTML = `\n      <div style=\"text-align: center;\">\n        <p>Something went wrong \ud83d\ude15 We couldn't download this content.<\/p>\n        <p>\ud83d\udc49 Try this alternative external site:<\/p>\n        <div style=\"margin-top: 10px;\">\n          <button style=\"\n            padding: 10px 20px;\n            background-color: #0073e6;\n            color: #fff;\n            border: none;\n            border-radius: 4px;\n            cursor: pointer;\"\n    onclick=\"window.open('${buttonURL}', '_blank', 'noopener,noreferrer,nofollow')\">\n    Instagram Downloader\n          <\/button>\n        <\/div>\n<span style=\"font-size: 12px; color: #888; display: block; margin-top: 10px;\">\n  *We are not affiliated with any external sites that appear in search results.\n<\/span>\n      <\/div>\n    `;\n  }\n}\n});\n<\/script>\n<\/div>\n\n\n\n<div id=\"output-section\" style=\"margin-top:20px;\"><\/div>\n\n\n\n<div class=\"wp-block-columns is-layout-flex wp-container-core-columns-is-layout-28f84493 wp-block-columns-is-layout-flex\" style=\"box-shadow:var(--wp--preset--shadow--natural)\">\n<div class=\"wp-block-column is-layout-flow wp-block-column-is-layout-flow\" style=\"flex-basis:33.33%\">\n<figure class=\"wp-block-image size-full\"><img loading=\"lazy\" decoding=\"async\" width=\"720\" height=\"540\" src=\"https:\/\/unduhvideoig.app\/wp-content\/uploads\/2025\/07\/top_index.webp\" alt=\"En iyi endeks\" class=\"wp-image-479\" srcset=\"https:\/\/unduhvideoig.app\/wp-content\/uploads\/2025\/07\/top_index.webp 720w, https:\/\/unduhvideoig.app\/wp-content\/uploads\/2025\/07\/top_index-300x225.webp 300w\" sizes=\"auto, (max-width: 720px) 100vw, 720px\" \/><\/figure>\n<\/div>\n\n\n\n<div class=\"wp-block-column is-layout-flow wp-block-column-is-layout-flow\" style=\"flex-basis:66.66%\">\n<h2 class=\"wp-block-heading\">Instagram Foto\u011fraflar\u0131n\u0131 \u0130ndir<\/h2>\n\n\n\n<p>Instagram, estetik d\u00fcz \u00e7ekimlerden seyahat foto\u011fraflar\u0131na, ilham verici s\u00f6zlerden \u00fcr\u00fcn g\u00f6rsellerine kadar milyonlarca foto\u011fraf an\u0131n\u0131n yakaland\u0131\u011f\u0131 yerdir. UnduhVideoIg ile, ister tek bir g\u00f6rsel ister bir d\u00f6nen g\u00f6nderi olsun, Instagram foto\u011fraflar\u0131n\u0131 do\u011frudan cihaz\u0131n\u0131za indirebilirsiniz.<\/p>\n\n\n\n<p>Hesab\u0131n\u0131z yok mu? Sorun de\u011fil. Bu ara\u00e7 \u00e7evrimi\u00e7i \u00e7al\u0131\u015f\u0131r ve Instagram&#039;dan be\u011fendi\u011finiz herhangi bir foto\u011fraf\u0131 indirip kaydetmek i\u00e7in bir uygulama veya kay\u0131t gerektirmez.<\/p>\n<\/div>\n<\/div>\n\n\n\n<h2 class=\"wp-block-heading has-text-align-center\">Instagram Foto\u011fraflar\u0131 Nas\u0131l \u0130ndirilir?<\/h2>\n\n\n\n<hr class=\"wp-block-separator has-alpha-channel-opacity has-fabled-sunset-gradient-background has-background is-style-wide\"\/>\n\n\n\n<p>Instagram foto\u011fraf indiricimizi kullanmak i\u00e7in \u015fu \u00fc\u00e7 h\u0131zl\u0131 ve kolay ad\u0131m\u0131 izleyin: H\u0131zl\u0131d\u0131r, zahmetsizdir ve size zaman kazand\u0131r\u0131r.<\/p>\n\n\n\n<div class=\"wp-block-columns is-layout-flex wp-container-core-columns-is-layout-28f84493 wp-block-columns-is-layout-flex\">\n<div class=\"wp-block-column is-layout-flow wp-block-column-is-layout-flow\" style=\"box-shadow:var(--wp--preset--shadow--natural)\">\n<figure class=\"wp-block-image size-full has-custom-border\"><img loading=\"lazy\" decoding=\"async\" width=\"650\" height=\"413\" src=\"https:\/\/unduhvideoig.app\/wp-content\/uploads\/2025\/07\/copy.webp\" alt=\"Kopyala\" class=\"wp-image-496\" style=\"border-radius:10px\" srcset=\"https:\/\/unduhvideoig.app\/wp-content\/uploads\/2025\/07\/copy.webp 650w, https:\/\/unduhvideoig.app\/wp-content\/uploads\/2025\/07\/copy-300x191.webp 300w\" sizes=\"auto, (max-width: 650px) 100vw, 650px\" \/><\/figure>\n\n\n\n<h3 class=\"wp-block-heading has-text-align-center\">Ba\u011flant\u0131y\u0131 kopyala<\/h3>\n\n\n\n<hr class=\"wp-block-separator has-alpha-channel-opacity is-style-wide\"\/>\n\n\n\n<p>Instagram uygulamas\u0131n\u0131 veya web sitesini a\u00e7\u0131n, istedi\u011finiz favori Instagram resmine gidin, \u22ef simgesine (veya \u22ee) dokunun ve \u201cBa\u011flant\u0131y\u0131 Kopyala\u201dy\u0131 se\u00e7in.<\/p>\n<\/div>\n\n\n\n<div class=\"wp-block-column is-layout-flow wp-block-column-is-layout-flow\" style=\"box-shadow:var(--wp--preset--shadow--natural)\">\n<figure class=\"wp-block-image size-full has-custom-border\"><img loading=\"lazy\" decoding=\"async\" width=\"650\" height=\"413\" src=\"https:\/\/unduhvideoig.app\/wp-content\/uploads\/2025\/07\/paste.webp\" alt=\"Yap\u0131\u015ft\u0131r\" class=\"wp-image-497\" style=\"border-radius:10px\" srcset=\"https:\/\/unduhvideoig.app\/wp-content\/uploads\/2025\/07\/paste.webp 650w, https:\/\/unduhvideoig.app\/wp-content\/uploads\/2025\/07\/paste-300x191.webp 300w\" sizes=\"auto, (max-width: 650px) 100vw, 650px\" \/><\/figure>\n\n\n\n<h3 class=\"wp-block-heading has-text-align-center\">URL&#039;yi yap\u0131\u015ft\u0131r\u0131n<\/h3>\n\n\n\n<hr class=\"wp-block-separator has-alpha-channel-opacity is-style-wide\"\/>\n\n\n\n<p>UnduhVideoIg.App web sitesindeki bu Instagram resim indirme sayfas\u0131na geri d\u00f6n\u00fcn, ba\u011flant\u0131y\u0131 giri\u015f alan\u0131na yap\u0131\u015ft\u0131r\u0131n ve \u0130ndir&#039;e t\u0131klay\u0131n.<\/p>\n<\/div>\n\n\n\n<div class=\"wp-block-column is-layout-flow wp-block-column-is-layout-flow\" style=\"box-shadow:var(--wp--preset--shadow--natural)\">\n<figure class=\"wp-block-image size-full has-custom-border\"><img loading=\"lazy\" decoding=\"async\" width=\"650\" height=\"413\" src=\"https:\/\/unduhvideoig.app\/wp-content\/uploads\/2025\/07\/download.webp\" alt=\"\u0130ndirmek\" class=\"wp-image-498\" style=\"border-radius:10px\" srcset=\"https:\/\/unduhvideoig.app\/wp-content\/uploads\/2025\/07\/download.webp 650w, https:\/\/unduhvideoig.app\/wp-content\/uploads\/2025\/07\/download-300x191.webp 300w\" sizes=\"auto, (max-width: 650px) 100vw, 650px\" \/><\/figure>\n\n\n\n<h3 class=\"wp-block-heading has-text-align-center\">\u0130ndirmek<\/h3>\n\n\n\n<hr class=\"wp-block-separator has-alpha-channel-opacity is-style-wide\"\/>\n\n\n\n<p>\u0130ndir butonuna t\u0131klad\u0131ktan sadece birka\u00e7 saniye sonra, y\u00fcksek \u00e7\u00f6z\u00fcn\u00fcrl\u00fckl\u00fc JPG format\u0131nda bir veya daha fazla foto\u011fraf\u0131 indirme se\u00e7eneklerinin bulundu\u011fu bir \u00f6nizleme g\u00f6receksiniz.<\/p>\n<\/div>\n<\/div>\n\n\n\n<h2 class=\"wp-block-heading has-text-align-center\">UnduhVideoIg.App \u0130ndiricimiz<\/h2>\n\n\n\n<hr class=\"wp-block-separator has-alpha-channel-opacity has-fabled-sunset-gradient-background has-background is-style-wide\"\/>\n\n\n\n<div class=\"wp-block-columns is-layout-flex wp-container-core-columns-is-layout-28f84493 wp-block-columns-is-layout-flex\" style=\"box-shadow:var(--wp--preset--shadow--natural)\">\n<div class=\"wp-block-column is-layout-flow wp-block-column-is-layout-flow\" style=\"flex-basis:66.66%\">\n<h3 class=\"wp-block-heading\">Foto\u011fraf \u0130ndirici<\/h3>\n\n\n\n<p>\u0130ster ak\u0131ll\u0131 telefon, ister tablet veya bilgisayar kullan\u0131n, foto\u011fraflar\u0131n\u0131z\u0131 indirebilece\u011finiz UnduhVideoIg indirici, t\u00fcm platformlarda sorunsuz \u00e7al\u0131\u015facak \u015fekilde tasarlanm\u0131\u015ft\u0131r. Bir uygulama indirmenize gerek yok; sadece foto\u011fraf\u0131 kopyalay\u0131p yap\u0131\u015ft\u0131r\u0131n ve kaydedin. Tam \u00e7\u00f6z\u00fcn\u00fcrl\u00fckl\u00fc indirmeleri destekledi\u011fi i\u00e7in, kalite kayb\u0131 olmadan i\u00e7erik kaydetmek i\u00e7in m\u00fckemmeldir.<\/p>\n\n\n\n<p>Ve evet, Safari, Chrome, Firefox ve di\u011fer taray\u0131c\u0131larda m\u00fckemmel bir \u015fekilde \u00e7al\u0131\u015f\u0131yor.<\/p>\n<\/div>\n\n\n\n<div class=\"wp-block-column is-layout-flow wp-block-column-is-layout-flow\" style=\"flex-basis:33.33%\">\n<figure class=\"wp-block-image size-full\"><img loading=\"lazy\" decoding=\"async\" width=\"600\" height=\"450\" src=\"https:\/\/unduhvideoig.app\/wp-content\/uploads\/2025\/07\/photos_downloader.webp\" alt=\"Foto\u011fraf indirici\" class=\"wp-image-471\" srcset=\"https:\/\/unduhvideoig.app\/wp-content\/uploads\/2025\/07\/photos_downloader.webp 600w, https:\/\/unduhvideoig.app\/wp-content\/uploads\/2025\/07\/photos_downloader-300x225.webp 300w\" sizes=\"auto, (max-width: 600px) 100vw, 600px\" \/><\/figure>\n<\/div>\n<\/div>\n\n\n\n<div class=\"wp-block-columns is-layout-flex wp-container-core-columns-is-layout-28f84493 wp-block-columns-is-layout-flex\" style=\"box-shadow:var(--wp--preset--shadow--natural)\">\n<div class=\"wp-block-column is-layout-flow wp-block-column-is-layout-flow\" style=\"flex-basis:33.33%\">\n<figure class=\"wp-block-image size-full\"><img loading=\"lazy\" decoding=\"async\" width=\"600\" height=\"450\" src=\"https:\/\/unduhvideoig.app\/wp-content\/uploads\/2025\/07\/mobile_app.webp\" alt=\"Mobil uygulama\" class=\"wp-image-477\" srcset=\"https:\/\/unduhvideoig.app\/wp-content\/uploads\/2025\/07\/mobile_app.webp 600w, https:\/\/unduhvideoig.app\/wp-content\/uploads\/2025\/07\/mobile_app-300x225.webp 300w\" sizes=\"auto, (max-width: 600px) 100vw, 600px\" \/><\/figure>\n<\/div>\n\n\n\n<div class=\"wp-block-column is-layout-flow wp-block-column-is-layout-flow\" style=\"flex-basis:66.66%\">\n<h3 class=\"wp-block-heading\">Mobil veya Masa\u00fcst\u00fcne \u0130ndirin \u2014 Uygulamaya Gerek Yok<\/h3>\n\n\n\n<p>Her \u015fey do\u011frudan taray\u0131c\u0131n\u0131zdan \u00e7al\u0131\u015f\u0131r; indirme veya eklenti gerekmez. Herhangi bir foto\u011fraf\u0131, video&#039;yi, reels&#039;yi ve IGTV&#039;yi tek t\u0131klamayla filigrans\u0131z ve y\u00fcksek \u00e7\u00f6z\u00fcn\u00fcrl\u00fckte indirin! Ancak yo\u011fun bir kullan\u0131c\u0131ysan\u0131z, bizi izlemeye devam edin; daha kolay eri\u015fim i\u00e7in bir taray\u0131c\u0131 eklentisi \u00fczerinde \u00e7al\u0131\u015f\u0131yoruz.<\/p>\n<\/div>\n<\/div>\n\n\n\n<h2 class=\"wp-block-heading has-text-align-center\">S\u0131k\u00e7a sorulan sorular (SSS)<\/h2>\n\n\n\n<hr class=\"wp-block-separator has-alpha-channel-opacity has-fabled-sunset-gradient-background has-background is-style-wide\"\/>\n\n\n\n<p>A\u015fa\u011f\u0131da UnduhVideoIg Instagram foto\u011fraf indiricisini kullanmayla ilgili s\u0131k sorulan sorular\u0131n yan\u0131tlar\u0131n\u0131 bulabilirsiniz. Arad\u0131\u011f\u0131n\u0131z\u0131 bulamazsan\u0131z, ileti\u015fim sayfam\u0131z \u00fczerinden bize e-posta g\u00f6nderebilirsiniz.<\/p>\n\n\n\n<h3 class=\"wp-block-heading\">Instagram foto\u011fraflar\u0131n\u0131 bilgisayar\u0131ma veya Mac&#039;ime indirebilir miyim?<\/h3>\n\n\n\n<p>Evet! UnduhVideoIg foto\u011fraf indiricisi hem PC hem de Mac&#039;inizdeki taray\u0131c\u0131n\u0131zda do\u011frudan \u00e7al\u0131\u015f\u0131r. Foto\u011fraf indirmeye ba\u015flamak i\u00e7in Instagram g\u00f6nderi URL&#039;sini kopyalay\u0131p yukar\u0131daki Instagram indiricisine yap\u0131\u015ft\u0131rman\u0131z yeterlidir.<\/p>\n\n\n\n<h3 class=\"wp-block-heading\">UnduhVideoIg&#039;de hangi dosya bi\u00e7imi kullan\u0131l\u0131yor? <strong>indirmeler i\u00e7in mi?<\/strong><\/h3>\n\n\n\n<p>T\u00fcm Instagram g\u00f6rselleri, g\u00f6r\u00fcnt\u00fcleri indirmek i\u00e7in hafif ve y\u00fcksek kaliteli olan JPG format\u0131nda indirilir; kaydetmek veya payla\u015fmak i\u00e7in m\u00fckemmeldir.<\/p>\n\n\n\n<h3 class=\"wp-block-heading\">Bu Instagram foto\u011fraf indirme servisi ger\u00e7ekten \u00fccretsiz mi?<\/h3>\n\n\n\n<p>Evet, Instagram foto\u011fraf indiricimiz i\u00e7in 100%! Kay\u0131t olman\u0131za, abone olman\u0131za veya \u00f6deme yapman\u0131za gerek yok. Instagram foto\u011fraflar\u0131n\u0131z\u0131 indirmek i\u00e7in tamamen \u00fccretsiz bir ara\u00e7.<\/p>\n\n\n\n<h3 class=\"wp-block-heading\">Bu UnduhVideoIg.App foto\u011fraf indiricisini kullanmak g\u00fcvenli mi?<\/h3>\n\n\n\n<p>Kesinlikle Instagram foto\u011fraflar\u0131n\u0131 indirmek i\u00e7in. UnduhVideoIg olarak hi\u00e7bir ki\u015fisel veriyi saklam\u0131yoruz, izlemiyoruz veya toplam\u0131yoruz. \u0130ndirmeleriniz gizli ve g\u00fcvenlidir.<\/p>\n\n\n\n<h3 class=\"wp-block-heading\">UnduhVideoIg indiricisini telefonumda veya tabletimde kullanabilir miyim?<\/h3>\n\n\n\n<p>Kesinlikle foto\u011fraf indiricimiz i\u00e7in. Bu UnduhVideoIg resim indirme arac\u0131, Android telefonlarda, iPhone&#039;larda, iPad&#039;lerde ve Instagram foto\u011fraflar\u0131 i\u00e7in di\u011fer mobil taray\u0131c\u0131larda m\u00fckemmel bir \u015fekilde \u00e7al\u0131\u015f\u0131r.<\/p>","protected":false},"excerpt":{"rendered":"<p>Instagram Photo Downloader Download Photos from Instagram Download With the usage of our service, you\u2019re accepting our Terms of Usage. Download Instagram Photos Instagram is where millions of photograph moments are captured \u2014 from photos of aesthetic flat lays and travel shots to inspirational quotes and product images. With UnduhVideoIg, you can download Instagram photos [&hellip;]<\/p>\n","protected":false},"author":1,"featured_media":0,"parent":0,"menu_order":0,"comment_status":"closed","ping_status":"closed","template":"","meta":{"slim_seo":{"title":"Instagram Foto\u011fraf \u0130ndirici \u2013 Instagram&#039;dan Resim \u0130ndirin","description":"Instagram foto\u011fraflar\u0131n\u0131 uygulama olmadan \u00fccretsiz indirin. En sevdi\u011finiz IG g\u00f6rsellerinizi filigran olmadan do\u011frudan \u00e7evrimi\u00e7i olarak kolayca, h\u0131zl\u0131 bir \u015fekilde ve HD kalitede kaydedin!"},"footnotes":""},"class_list":["post-284","page","type-page","status-publish","hentry"],"blocksy_meta":{"background":{"background_type":"color","background_pattern":"type-1","background_image":{"attachment_id":null,"x":0,"y":0},"gradient":"linear-gradient(135deg,rgba(6,147,227,1) 0%,rgb(155,81,224) 100%)","background_repeat":"repeat","background_size":"auto","background_attachment":"scroll","patternColor":{"default":{"color":"#e5e7ea"}},"overlayColor":{"default":{"color":"CT_CSS_SKIP_RULE"}},"backgroundColor":{"default":{"color":"CT_CSS_SKIP_RULE"}}},"styles_descriptor":{"styles":{"desktop":"[data-prefix=\"single_page\"] [class*=\"ct-container\"] > article[class*=\"post\"] {--has-boxed:var(--false);--has-wide:var(--true);}","tablet":"","mobile":""},"google_fonts":[],"version":6},"content_style_source":"custom","content_style":"wide","has_hero_section":"disabled"},"_links":{"self":[{"href":"https:\/\/unduhvideoig.app\/tr\/wp-json\/wp\/v2\/pages\/284","targetHints":{"allow":["GET"]}}],"collection":[{"href":"https:\/\/unduhvideoig.app\/tr\/wp-json\/wp\/v2\/pages"}],"about":[{"href":"https:\/\/unduhvideoig.app\/tr\/wp-json\/wp\/v2\/types\/page"}],"author":[{"embeddable":true,"href":"https:\/\/unduhvideoig.app\/tr\/wp-json\/wp\/v2\/users\/1"}],"replies":[{"embeddable":true,"href":"https:\/\/unduhvideoig.app\/tr\/wp-json\/wp\/v2\/comments?post=284"}],"version-history":[{"count":30,"href":"https:\/\/unduhvideoig.app\/tr\/wp-json\/wp\/v2\/pages\/284\/revisions"}],"predecessor-version":[{"id":662,"href":"https:\/\/unduhvideoig.app\/tr\/wp-json\/wp\/v2\/pages\/284\/revisions\/662"}],"wp:attachment":[{"href":"https:\/\/unduhvideoig.app\/tr\/wp-json\/wp\/v2\/media?parent=284"}],"curies":[{"name":"wp","href":"https:\/\/api.w.org\/{rel}","templated":true}]}}