{"id":246,"date":"2025-07-07T10:31:40","date_gmt":"2025-07-07T03:31:40","guid":{"rendered":"https:\/\/unduhvideoig.app\/?page_id=246"},"modified":"2025-08-26T16:58:06","modified_gmt":"2025-08-26T09:58:06","slug":"instagram-video","status":"publish","type":"page","link":"https:\/\/unduhvideoig.app\/tr\/instagram-video\/","title":{"rendered":"Instagram Video \u0130ndirici"},"content":{"rendered":"<div class=\"wp-block-group alignfull has-plum-bath-gradient-background has-background is-layout-constrained wp-block-group-is-layout-constrained\">\n<div class=\"hero-section is-width-constrained\" data-type=\"type-1\">\n<header class=\"entry-header\">\n<h1 class=\"page-title\">Instagram Video \u0130ndirici<\/h1>\n<\/header>\n<\/div>\n<p>Instagram&#039;dan Video \u0130ndir<\/p>\n\n<form id=\"ig-form\" action=\"\">\n  <input type=\"url\" name=\"igurl\" placeholder=\"Instagram ba\u011flant\u0131s\u0131n\u0131 buraya ekleyin\" required \/>\n  <button type=\"submit\">\u0130ndirmek<\/button>\n<input type=\"hidden\" name=\"trp-form-language\" value=\"tr\"\/><\/form>\n\n<p style=\"font-size: 0.85em; text-align: center; color: #fff;\">\n  Hizmetimizin kullan\u0131m\u0131yla, bizim <a href=\"#terms\" style=\"color: #fff; text-decoration: none;\">Kullan\u0131m \u015eartlar\u0131<\/a>.\n<\/p>\n\n<div id=\"ads-above-output\">\n  <!-- Place AdSense block here -->\n<\/div>\n\n\n\n<script>\ndocument.addEventListener('DOMContentLoaded', function () {\n  let retryCount = 0;\n  const form = document.getElementById('ig-form');\n  const output = document.getElementById('output-section');\n\n  form.addEventListener('submit', function (e) {\n    e.preventDefault();\n    retryCount = 0;\n    showProgress();\n  });\n\n  function showProgress() {\n    output.innerHTML = `\n      <div style=\"margin-top:15px; text-align: center;\">\n        <progress max=\"100\" value=\"0\" id=\"progressBar\" style=\"width:50%;\"><\/progress>\n      <p style=\"margin-top: 10px;\">We are downloading the post. Please wait :)<\/p>\n    <\/div>\n  `;\n  let val = 0;\n  const bar = document.getElementById('progressBar');\n  const timer = setInterval(() => {\n    val += 10;\n    bar.value = val;\n    if (val >= 100) {\n      clearInterval(timer);\n      showError();\n    }\n  }, 1000);\n}\n\nfunction showError() {\n  retryCount++;\n  if (retryCount === 1) {\n    output.innerHTML = `\n      <div style=\"text-align: center;\">\n        <p>Something went wrong \ud83d\ude15 We couldn't download this content.<\/p>\n        <button id=\"retryBtn\" style=\"\n          padding: 10px 20px;\n          background-color: #0073e6;\n          color: #fff;\n          border: none;\n          border-radius: 4px;\n          cursor: pointer;\">Retry<\/button>\n      <\/div>\n    `;\n    document.getElementById('retryBtn').addEventListener('click', showProgress);\n    } else {\n      const buttonURL = atob(\"aHR0cHM6Ly9wbGF5Lmdvb2dsZS5jb20vc3RvcmUvYXBwcy9kZXZlbG9wZXI\/aWQ9SW5zdGFncmFtJmhMPWVu\");\n\n    output.innerHTML = `\n      <div style=\"text-align: center;\">\n        <p>Something went wrong \ud83d\ude15 We couldn't download this content.<\/p>\n        <p>\ud83d\udc49 Try this alternative external site:<\/p>\n        <div style=\"margin-top: 10px;\">\n          <button style=\"\n            padding: 10px 20px;\n            background-color: #0073e6;\n            color: #fff;\n            border: none;\n            border-radius: 4px;\n            cursor: pointer;\"\n    onclick=\"window.open('${buttonURL}', '_blank', 'noopener,noreferrer,nofollow')\">\n    Instagram Downloader\n          <\/button>\n        <\/div>\n<span style=\"font-size: 12px; color: #888; display: block; margin-top: 10px;\">\n  *We are not affiliated with any external sites that appear in search results.\n<\/span>\n      <\/div>\n    `;\n  }\n}\n});\n<\/script>\n<\/div>\n\n\n\n<div id=\"output-section\" style=\"margin-top:20px;\"><\/div>\n\n\n\n<div class=\"wp-block-columns is-layout-flex wp-container-core-columns-is-layout-28f84493 wp-block-columns-is-layout-flex\" style=\"box-shadow:var(--wp--preset--shadow--natural)\">\n<div class=\"wp-block-column is-layout-flow wp-block-column-is-layout-flow\" style=\"flex-basis:33.33%\">\n<figure class=\"wp-block-image size-full\"><img loading=\"lazy\" decoding=\"async\" width=\"720\" height=\"540\" src=\"https:\/\/unduhvideoig.app\/wp-content\/uploads\/2025\/07\/top_index.webp\" alt=\"En iyi endeks\" class=\"wp-image-479\" srcset=\"https:\/\/unduhvideoig.app\/wp-content\/uploads\/2025\/07\/top_index.webp 720w, https:\/\/unduhvideoig.app\/wp-content\/uploads\/2025\/07\/top_index-300x225.webp 300w\" sizes=\"auto, (max-width: 720px) 100vw, 720px\" \/><\/figure>\n<\/div>\n\n\n\n<div class=\"wp-block-column is-layout-flow wp-block-column-is-layout-flow\" style=\"flex-basis:66.66%\">\n<h2 class=\"wp-block-heading\">Instagram Videolar\u0131n\u0131 \u0130ndirin<\/h2>\n\n\n\n<p>Instagram&#039;daki video videolar\u0131n\u0131 \u00e7evrimd\u0131\u015f\u0131 izlemek i\u00e7in kaydetmek mi istiyorsunuz? UnduhVideoIg ile Instagram video videolar\u0131n\u0131 sadece birka\u00e7 t\u0131klamayla \u00e7evrimi\u00e7i olarak indirebilirsiniz; \u00fccretsiz, h\u0131zl\u0131 ve filigrans\u0131z. \u0130ster viral bir klip, ister bir e\u011fitim videosu, ister ki\u015fisel bir an olsun, UnduhVideoIg ile sonsuza dek cihaz\u0131n\u0131zda saklay\u0131n.<\/p>\n<\/div>\n<\/div>\n\n\n\n<h2 class=\"wp-block-heading has-text-align-center\">Instagram&#039;dan Video Nas\u0131l \u0130ndirilir?<\/h2>\n\n\n\n<hr class=\"wp-block-separator has-alpha-channel-opacity has-fabled-sunset-gradient-background has-background is-style-wide\"\/>\n\n\n\n<p>Herhangi bir Instagram video&#039;yi cihaz\u0131n\u0131za h\u0131zl\u0131 ve zahmetsizce indirmek i\u00e7in \u015fu \u00fc\u00e7 basit ad\u0131m\u0131 izleyin:<\/p>\n\n\n\n<div class=\"wp-block-columns is-layout-flex wp-container-core-columns-is-layout-28f84493 wp-block-columns-is-layout-flex\">\n<div class=\"wp-block-column is-layout-flow wp-block-column-is-layout-flow\" style=\"box-shadow:var(--wp--preset--shadow--natural)\">\n<figure class=\"wp-block-image size-full has-custom-border\"><img loading=\"lazy\" decoding=\"async\" width=\"650\" height=\"413\" src=\"https:\/\/unduhvideoig.app\/wp-content\/uploads\/2025\/07\/copy.webp\" alt=\"Kopyala\" class=\"wp-image-496\" style=\"border-radius:10px\" srcset=\"https:\/\/unduhvideoig.app\/wp-content\/uploads\/2025\/07\/copy.webp 650w, https:\/\/unduhvideoig.app\/wp-content\/uploads\/2025\/07\/copy-300x191.webp 300w\" sizes=\"auto, (max-width: 650px) 100vw, 650px\" \/><\/figure>\n\n\n\n<h3 class=\"wp-block-heading has-text-align-center\">Ba\u011flant\u0131y\u0131 kopyala<\/h3>\n\n\n\n<hr class=\"wp-block-separator has-alpha-channel-opacity is-style-wide\"\/>\n\n\n\n<p>Instagram uygulamas\u0131nda veya web sitesinde istedi\u011finiz video&#039;yi bulun. <strong>\u22ef<\/strong> (iPhone) veya <strong>\u22ee<\/strong> (Android) ve \u201cBa\u011flant\u0131y\u0131 Kopyala\u201d se\u00e7ene\u011fini se\u00e7in.<br><\/p>\n<\/div>\n\n\n\n<div class=\"wp-block-column is-layout-flow wp-block-column-is-layout-flow\" style=\"box-shadow:var(--wp--preset--shadow--natural)\">\n<figure class=\"wp-block-image size-full has-custom-border\"><img loading=\"lazy\" decoding=\"async\" width=\"650\" height=\"413\" src=\"https:\/\/unduhvideoig.app\/wp-content\/uploads\/2025\/07\/paste.webp\" alt=\"Yap\u0131\u015ft\u0131r\" class=\"wp-image-497\" style=\"border-radius:10px\" srcset=\"https:\/\/unduhvideoig.app\/wp-content\/uploads\/2025\/07\/paste.webp 650w, https:\/\/unduhvideoig.app\/wp-content\/uploads\/2025\/07\/paste-300x191.webp 300w\" sizes=\"auto, (max-width: 650px) 100vw, 650px\" \/><\/figure>\n\n\n\n<h3 class=\"wp-block-heading has-text-align-center\">URL&#039;yi yap\u0131\u015ft\u0131r\u0131n<\/h3>\n\n\n\n<hr class=\"wp-block-separator has-alpha-channel-opacity is-style-wide\"\/>\n\n\n\n<p>Ba\u011flant\u0131y\u0131 kopyalay\u0131p giri\u015f kutusuna yap\u0131\u015ft\u0131rd\u0131ktan sonra bu sayfaya geri d\u00f6n\u00fcn ve \u0130ndir butonuna t\u0131klay\u0131n.<\/p>\n<\/div>\n\n\n\n<div class=\"wp-block-column is-layout-flow wp-block-column-is-layout-flow\" style=\"box-shadow:var(--wp--preset--shadow--natural)\">\n<figure class=\"wp-block-image size-full has-custom-border\"><img loading=\"lazy\" decoding=\"async\" width=\"650\" height=\"413\" src=\"https:\/\/unduhvideoig.app\/wp-content\/uploads\/2025\/07\/download.webp\" alt=\"\u0130ndirmek\" class=\"wp-image-498\" style=\"border-radius:10px\" srcset=\"https:\/\/unduhvideoig.app\/wp-content\/uploads\/2025\/07\/download.webp 650w, https:\/\/unduhvideoig.app\/wp-content\/uploads\/2025\/07\/download-300x191.webp 300w\" sizes=\"auto, (max-width: 650px) 100vw, 650px\" \/><\/figure>\n\n\n\n<h3 class=\"wp-block-heading has-text-align-center\">\u0130ndirmek<\/h3>\n\n\n\n<hr class=\"wp-block-separator has-alpha-channel-opacity is-style-wide\"\/>\n\n\n\n<p>\u0130ndir d\u00fc\u011fmesine birka\u00e7 saniye bast\u0131ktan sonra, video&#039;yi indirmek i\u00e7in indirme se\u00e7eneklerini g\u00f6receksiniz. video&#039;yi telefonunuza veya bilgisayar\u0131n\u0131za (iPhone&#039;da &quot;\u0130ndirilenler&quot; klas\u00f6r\u00fc veya Android&#039;de &quot;\u0130ndirilenler&quot; galerisi) kaydetmek i\u00e7in d\u00fc\u011fmeye t\u0131klay\u0131n.<\/p>\n<\/div>\n<\/div>\n\n\n\n<h2 class=\"wp-block-heading has-text-align-center\">UnduhVideoIg.App \u0130ndiricimiz<\/h2>\n\n\n\n<hr class=\"wp-block-separator has-alpha-channel-opacity has-fabled-sunset-gradient-background has-background is-style-wide\"\/>\n\n\n\n<div class=\"wp-block-columns is-layout-flex wp-container-core-columns-is-layout-28f84493 wp-block-columns-is-layout-flex\" style=\"box-shadow:var(--wp--preset--shadow--natural)\">\n<div class=\"wp-block-column is-layout-flow wp-block-column-is-layout-flow\" style=\"flex-basis:66.66%\">\n<h3 class=\"wp-block-heading\">Videolar\u0131 Sorumlu Bir \u015eekilde Kaydedin<\/h3>\n\n\n\n<p>L\u00fctfen Instagram video indiricimizin yaln\u0131zca herkese a\u00e7\u0131k hesaplardan i\u00e7erik indirmek i\u00e7in tasarland\u0131\u011f\u0131n\u0131 unutmay\u0131n. T\u00fcm kullan\u0131c\u0131lar\u0131n gizlili\u011fine sayg\u0131 duyuyoruz; \u00f6zel profillerden video indirilmesi desteklenmemektedir. video&#039;yi Instagram&#039;dan indirirken her zaman \u015fartlara uyun ve i\u00e7eri\u011fi sorumlu bir \u015fekilde kullan\u0131n.<\/p>\n<\/div>\n\n\n\n<div class=\"wp-block-column is-layout-flow wp-block-column-is-layout-flow\" style=\"flex-basis:33.33%\">\n<figure class=\"wp-block-image size-full\"><img loading=\"lazy\" decoding=\"async\" width=\"600\" height=\"450\" src=\"https:\/\/unduhvideoig.app\/wp-content\/uploads\/2025\/07\/save_video.webp\" alt=\"video&#039;yi kaydedin\" class=\"wp-image-483\" srcset=\"https:\/\/unduhvideoig.app\/wp-content\/uploads\/2025\/07\/save_video.webp 600w, https:\/\/unduhvideoig.app\/wp-content\/uploads\/2025\/07\/save_video-300x225.webp 300w\" sizes=\"auto, (max-width: 600px) 100vw, 600px\" \/><\/figure>\n<\/div>\n<\/div>\n\n\n\n<div class=\"wp-block-columns is-layout-flex wp-container-core-columns-is-layout-28f84493 wp-block-columns-is-layout-flex\" style=\"box-shadow:var(--wp--preset--shadow--natural)\">\n<div class=\"wp-block-column is-layout-flow wp-block-column-is-layout-flow\" style=\"flex-basis:33.33%\">\n<figure class=\"wp-block-image size-full\"><img loading=\"lazy\" decoding=\"async\" width=\"600\" height=\"450\" src=\"https:\/\/unduhvideoig.app\/wp-content\/uploads\/2025\/07\/video_downloader.webp\" alt=\"Video indirici\" class=\"wp-image-470\" srcset=\"https:\/\/unduhvideoig.app\/wp-content\/uploads\/2025\/07\/video_downloader.webp 600w, https:\/\/unduhvideoig.app\/wp-content\/uploads\/2025\/07\/video_downloader-300x225.webp 300w\" sizes=\"auto, (max-width: 600px) 100vw, 600px\" \/><\/figure>\n<\/div>\n\n\n\n<div class=\"wp-block-column is-layout-flow wp-block-column-is-layout-flow\" style=\"flex-basis:66.66%\">\n<h3 class=\"wp-block-heading\">Video \u0130ndirici<\/h3>\n\n\n\n<p>Yukar\u0131daki giri\u015f alan\u0131na video ba\u011flant\u0131s\u0131n\u0131 yap\u0131\u015ft\u0131rarak Instagram video&#039;leri \u00e7evrimi\u00e7i olarak kolayca indirebilirsiniz. Kaydolman\u0131za, herhangi bir install yapman\u0131za veya hesap olu\u015fturman\u0131za gerek yok. Instagram video \u0130ndirici hizmetimiz tamamen \u00fccretsizdir, istedi\u011finiz zaman eri\u015filebilir ve do\u011frudan taray\u0131c\u0131n\u0131zda \u00e7al\u0131\u015f\u0131r.<\/p>\n<\/div>\n<\/div>\n\n\n\n<div class=\"wp-block-columns is-layout-flex wp-container-core-columns-is-layout-28f84493 wp-block-columns-is-layout-flex\" style=\"box-shadow:var(--wp--preset--shadow--natural)\">\n<div class=\"wp-block-column is-layout-flow wp-block-column-is-layout-flow\" style=\"flex-basis:66.66%\">\n<h3 class=\"wp-block-heading\">Mobil veya Masa\u00fcst\u00fcne \u0130ndirin \u2014 Uygulamaya Gerek Yok<\/h3>\n\n\n\n<p>Her \u015fey do\u011frudan taray\u0131c\u0131n\u0131zdan \u00e7al\u0131\u015f\u0131r; indirme veya eklenti gerekmez. Herhangi bir foto\u011fraf\u0131, video&#039;yi, reels&#039;yi ve IGTV&#039;yi tek t\u0131klamayla filigrans\u0131z ve y\u00fcksek \u00e7\u00f6z\u00fcn\u00fcrl\u00fckte indirin! Ancak yo\u011fun bir kullan\u0131c\u0131ysan\u0131z, bizi izlemeye devam edin; daha kolay eri\u015fim i\u00e7in bir taray\u0131c\u0131 eklentisi \u00fczerinde \u00e7al\u0131\u015f\u0131yoruz.<\/p>\n<\/div>\n\n\n\n<div class=\"wp-block-column is-layout-flow wp-block-column-is-layout-flow\" style=\"flex-basis:33.33%\">\n<figure class=\"wp-block-image size-full\"><img loading=\"lazy\" decoding=\"async\" width=\"600\" height=\"450\" src=\"https:\/\/unduhvideoig.app\/wp-content\/uploads\/2025\/07\/mobile_app.webp\" alt=\"Mobil uygulama\" class=\"wp-image-477\" srcset=\"https:\/\/unduhvideoig.app\/wp-content\/uploads\/2025\/07\/mobile_app.webp 600w, https:\/\/unduhvideoig.app\/wp-content\/uploads\/2025\/07\/mobile_app-300x225.webp 300w\" sizes=\"auto, (max-width: 600px) 100vw, 600px\" \/><\/figure>\n<\/div>\n<\/div>\n\n\n\n<h2 class=\"wp-block-heading has-text-align-center\">S\u0131k\u00e7a sorulan sorular (SSS)<\/h2>\n\n\n\n<hr class=\"wp-block-separator has-alpha-channel-opacity has-fabled-sunset-gradient-background has-background is-style-wide\"\/>\n\n\n\n<p>UnduhVideoIg indiricisiyle Instagram videos indirme hakk\u0131nda sorular\u0131n\u0131z m\u0131 var? A\u015fa\u011f\u0131da, desteklenen cihazlardan kullan\u0131m s\u0131n\u0131rlar\u0131na kadar kullan\u0131c\u0131lar\u0131n en s\u0131k sordu\u011fu sorular\u0131n k\u0131sa yan\u0131tlar\u0131 bulunmaktad\u0131r. Daha fazla yard\u0131ma ihtiyac\u0131n\u0131z olursa, ileti\u015fim sayfam\u0131z arac\u0131l\u0131\u011f\u0131yla bize ula\u015fabilirsiniz.<\/p>\n\n\n\n<h3 class=\"wp-block-heading\">\u0130ndirebilece\u011fim video say\u0131s\u0131n\u0131n bir s\u0131n\u0131r\u0131 var m\u0131?<\/h3>\n\n\n\n<p>Hay\u0131r, UnduhVideoIg.App&#039;deki video indiricisini kulland\u0131\u011f\u0131n\u0131zda hi\u00e7bir sorun yok! \u0130stedi\u011finiz kadar Instagram video indirin - tamamen \u00fccretsiz.<\/p>\n\n\n\n<h3 class=\"wp-block-heading\">Bu \u0130ndirici i\u00e7in bir uygulamaya veya uzant\u0131ya ihtiyac\u0131m var m\u0131?<\/h3>\n\n\n\n<p>Hay\u0131r, hi\u00e7 de de\u011fil. Her \u015fey taray\u0131c\u0131n\u0131zda do\u011fru \u00e7al\u0131\u015f\u0131yor; bu video indirici i\u00e7in instalation&#039;a gerek yok.<\/p>\n\n\n\n<h3 class=\"wp-block-heading\">Bunu telefonumda veya tabletimde kullanabilir miyim?<\/h3>\n\n\n\n<p>Evet! \u0130ndiricimiz tamamen duyarl\u0131d\u0131r ve iPhone, Android, iPad, Windows, macOS ve Linux&#039;ta \u00e7al\u0131\u015f\u0131r.<\/p>\n\n\n\n<h3 class=\"wp-block-heading\">UnduhVideoIg.App&#039;in bu Instagram Video \u0130ndirme hizmeti \u00fccretsiz mi?<\/h3>\n\n\n\n<p>Evet, bu Instagram Video \u0130ndiricisi tamamen \u00fccretsizdir ve hi\u00e7bir gizli \u00fccret yoktur.<\/p>\n\n\n\n<h3 class=\"wp-block-heading\">Instagram Video \u0130ndirici Nedir?<\/h3>\n\n\n\n<p>Instagram, video videolar\u0131n\u0131 do\u011frudan platformdan indirmek i\u00e7in yerle\u015fik bir se\u00e7enek sunmuyor. Bu nedenle, en sevdi\u011finiz Instagram video videolar\u0131n\u0131 \u00e7evrimd\u0131\u015f\u0131 g\u00f6r\u00fcnt\u00fclemeniz i\u00e7in kaydetmenize olanak tan\u0131yan \u00fccretsiz ve kullan\u0131c\u0131 dostu bir \u00e7evrimi\u00e7i ara\u00e7 geli\u015ftirdik. Hesap, abonelik veya uygulama video indirme gerekmez; sadece video ba\u011flant\u0131s\u0131n\u0131 kopyalay\u0131n, UnduhVideoIg video indirme web sitesini a\u00e7\u0131n, yukar\u0131daki alana yap\u0131\u015ft\u0131r\u0131n ve \u0130ndir&#039;e t\u0131klay\u0131n. \u0130\u015fte bu kadar basit.<\/p>","protected":false},"excerpt":{"rendered":"<p>Instagram Video Downloader Download Videos from Instagram Download With the usage of our service, you\u2019re accepting our Terms of Usage. Download Instagram Videos Want to save videos from Instagram for offline viewing? With UnduhVideoIg, you can download Instagram videos online in just a few clicks \u2014 free, fast, and without watermarks. Whether it&#8217;s a viral [&hellip;]<\/p>\n","protected":false},"author":1,"featured_media":0,"parent":0,"menu_order":0,"comment_status":"closed","ping_status":"closed","template":"","meta":{"slim_seo":{"title":"Instagram Video \u0130ndirme \u2013 Instagram Video \u0130ndirici","description":"Filigrans\u0131z IG video&#039;leri HD kalitede \u00fccretsiz indirin. Favori Instagram video&#039;lerinizi ek uygulamalara ihtiya\u00e7 duymadan h\u0131zl\u0131, kolay ve g\u00fcvenli bir \u015fekilde kaydedin!"},"footnotes":""},"class_list":["post-246","page","type-page","status-publish","hentry"],"blocksy_meta":{"background":{"background_type":"color","background_pattern":"type-1","background_image":{"attachment_id":null,"x":0,"y":0},"gradient":"linear-gradient(135deg,rgba(6,147,227,1) 0%,rgb(155,81,224) 100%)","background_repeat":"repeat","background_size":"auto","background_attachment":"scroll","patternColor":{"default":{"color":"#e5e7ea"}},"overlayColor":{"default":{"color":"CT_CSS_SKIP_RULE"}},"backgroundColor":{"default":{"color":"CT_CSS_SKIP_RULE"}}},"styles_descriptor":{"styles":{"desktop":"[data-prefix=\"single_page\"] [class*=\"ct-container\"] > article[class*=\"post\"] {--has-boxed:var(--false);--has-wide:var(--true);}","tablet":"","mobile":""},"google_fonts":[],"version":6},"content_style_source":"custom","content_style":"wide","has_hero_section":"disabled"},"_links":{"self":[{"href":"https:\/\/unduhvideoig.app\/tr\/wp-json\/wp\/v2\/pages\/246","targetHints":{"allow":["GET"]}}],"collection":[{"href":"https:\/\/unduhvideoig.app\/tr\/wp-json\/wp\/v2\/pages"}],"about":[{"href":"https:\/\/unduhvideoig.app\/tr\/wp-json\/wp\/v2\/types\/page"}],"author":[{"embeddable":true,"href":"https:\/\/unduhvideoig.app\/tr\/wp-json\/wp\/v2\/users\/1"}],"replies":[{"embeddable":true,"href":"https:\/\/unduhvideoig.app\/tr\/wp-json\/wp\/v2\/comments?post=246"}],"version-history":[{"count":33,"href":"https:\/\/unduhvideoig.app\/tr\/wp-json\/wp\/v2\/pages\/246\/revisions"}],"predecessor-version":[{"id":663,"href":"https:\/\/unduhvideoig.app\/tr\/wp-json\/wp\/v2\/pages\/246\/revisions\/663"}],"wp:attachment":[{"href":"https:\/\/unduhvideoig.app\/tr\/wp-json\/wp\/v2\/media?parent=246"}],"curies":[{"name":"wp","href":"https:\/\/api.w.org\/{rel}","templated":true}]}}