{"id":375,"date":"2025-07-09T10:29:18","date_gmt":"2025-07-09T03:29:18","guid":{"rendered":"https:\/\/unduhvideoig.app\/?page_id=375"},"modified":"2025-08-26T17:09:15","modified_gmt":"2025-08-26T10:09:15","slug":"instagram-carousel","status":"publish","type":"page","link":"https:\/\/unduhvideoig.app\/sv\/instagram-carousel\/","title":{"rendered":"IG Carousel Downloader"},"content":{"rendered":"<div class=\"wp-block-group alignfull has-plum-bath-gradient-background has-background is-layout-constrained wp-block-group-is-layout-constrained\">\n<div class=\"hero-section is-width-constrained\" data-type=\"type-1\">\n<header class=\"entry-header\">\n<h1 class=\"page-title\">IG Carousel Downloader<\/h1>\n<\/header>\n<\/div>\n<p>Ladda ner Carousel fr\u00e5n Instagram<\/p>\n\n<form id=\"ig-form\" action=\"\">\n  <input type=\"url\" name=\"igurl\" placeholder=\"L\u00e4gg in Instagram-l\u00e4nk h\u00e4r\" required \/>\n  <button type=\"submit\">Ladda ner<\/button>\n<input type=\"hidden\" name=\"trp-form-language\" value=\"sv\"\/><\/form>\n\n<p style=\"font-size: 0.85em; text-align: center; color: #fff;\">\n  Genom att anv\u00e4nda v\u00e5r tj\u00e4nst accepterar du v\u00e5ra <a href=\"#terms\" style=\"color: #fff; text-decoration: none;\">Anv\u00e4ndarvillkor<\/a>.\n<\/p>\n\n<div id=\"ads-above-output\">\n  <!-- Place AdSense block here -->\n<\/div>\n\n\n\n<script>\ndocument.addEventListener('DOMContentLoaded', function () {\n  let retryCount = 0;\n  const form = document.getElementById('ig-form');\n  const output = document.getElementById('output-section');\n\n  form.addEventListener('submit', function (e) {\n    e.preventDefault();\n    retryCount = 0;\n    showProgress();\n  });\n\n  function showProgress() {\n    output.innerHTML = `\n      <div style=\"margin-top:15px; text-align: center;\">\n        <progress max=\"100\" value=\"0\" id=\"progressBar\" style=\"width:50%;\"><\/progress>\n      <p style=\"margin-top: 10px;\">We are downloading the post. Please wait :)<\/p>\n    <\/div>\n  `;\n  let val = 0;\n  const bar = document.getElementById('progressBar');\n  const timer = setInterval(() => {\n    val += 10;\n    bar.value = val;\n    if (val >= 100) {\n      clearInterval(timer);\n      showError();\n    }\n  }, 1000);\n}\n\nfunction showError() {\n  retryCount++;\n  if (retryCount === 1) {\n    output.innerHTML = `\n      <div style=\"text-align: center;\">\n        <p>Something went wrong \ud83d\ude15 We couldn't download this content.<\/p>\n        <button id=\"retryBtn\" style=\"\n          padding: 10px 20px;\n          background-color: #0073e6;\n          color: #fff;\n          border: none;\n          border-radius: 4px;\n          cursor: pointer;\">Retry<\/button>\n      <\/div>\n    `;\n    document.getElementById('retryBtn').addEventListener('click', showProgress);\n    } else {\n      const buttonURL = atob(\"aHR0cHM6Ly9wbGF5Lmdvb2dsZS5jb20vc3RvcmUvYXBwcy9kZXZlbG9wZXI\/aWQ9SW5zdGFncmFtJmhMPWVu\");\n\n    output.innerHTML = `\n      <div style=\"text-align: center;\">\n        <p>Something went wrong \ud83d\ude15 We couldn't download this content.<\/p>\n        <p>\ud83d\udc49 Try this alternative external site:<\/p>\n        <div style=\"margin-top: 10px;\">\n          <button style=\"\n            padding: 10px 20px;\n            background-color: #0073e6;\n            color: #fff;\n            border: none;\n            border-radius: 4px;\n            cursor: pointer;\"\n    onclick=\"window.open('${buttonURL}', '_blank', 'noopener,noreferrer,nofollow')\">\n    Instagram Downloader\n          <\/button>\n        <\/div>\n<span style=\"font-size: 12px; color: #888; display: block; margin-top: 10px;\">\n  *We are not affiliated with any external sites that appear in search results.\n<\/span>\n      <\/div>\n    `;\n  }\n}\n});\n<\/script>\n<\/div>\n\n\n\n<div id=\"output-section\" style=\"margin-top:20px;\"><\/div>\n\n\n\n<div class=\"wp-block-columns is-layout-flex wp-container-core-columns-is-layout-28f84493 wp-block-columns-is-layout-flex\" style=\"box-shadow:var(--wp--preset--shadow--natural)\">\n<div class=\"wp-block-column is-layout-flow wp-block-column-is-layout-flow\" style=\"flex-basis:33.33%\">\n<figure class=\"wp-block-image size-full\"><img loading=\"lazy\" decoding=\"async\" width=\"720\" height=\"540\" src=\"https:\/\/unduhvideoig.app\/wp-content\/uploads\/2025\/07\/top_index.webp\" alt=\"Toppindex\" class=\"wp-image-479\" srcset=\"https:\/\/unduhvideoig.app\/wp-content\/uploads\/2025\/07\/top_index.webp 720w, https:\/\/unduhvideoig.app\/wp-content\/uploads\/2025\/07\/top_index-300x225.webp 300w\" sizes=\"auto, (max-width: 720px) 100vw, 720px\" \/><\/figure>\n<\/div>\n\n\n\n<div class=\"wp-block-column is-layout-flow wp-block-column-is-layout-flow\" style=\"flex-basis:66.66%\">\n<h2 class=\"wp-block-heading\">Ladda ner Instagram-karuseller<\/h2>\n\n\n\n<p>Med Instagram-karusell-inl\u00e4gg kan anv\u00e4ndare dela upp till 10 bilder eller video i ett enda inl\u00e4gg, vilket g\u00f6r dem perfekta f\u00f6r stories, handledningar, lookbooks och album. Men t\u00e4nk om du vill ladda ner allt fr\u00e5n en karusell p\u00e5 en g\u00e5ng?<\/p>\n\n\n\n<p>Det \u00e4r precis vad UnduhVideoIg \u00e4r byggt f\u00f6r. Med v\u00e5r Instagram-nedladdare kan du enkelt spara alla foton och video:er fr\u00e5n offentliga karusell-inl\u00e4gg \u2013 ingen inloggning, inget vattenst\u00e4mpel, inget kr\u00e5ngel.<\/p>\n<\/div>\n<\/div>\n\n\n\n<h2 class=\"wp-block-heading has-text-align-center\">Hur laddar man ner Instagram Carousel-inl\u00e4gg?<\/h2>\n\n\n\n<hr class=\"wp-block-separator has-alpha-channel-opacity has-fabled-sunset-gradient-background has-background is-style-wide\"\/>\n\n\n\n<p>Att ladda ner Instagram-karusellinl\u00e4gg \u00e4r snabbt och enkelt. F\u00f6lj bara dessa tre enkla steg f\u00f6r att spara alla dina favoritfoton och video:er fr\u00e5n ett inl\u00e4gg med flera bilder direkt till din enhet.<\/p>\n\n\n\n<div class=\"wp-block-columns is-layout-flex wp-container-core-columns-is-layout-65eef5bf wp-block-columns-is-layout-flex\">\n<div class=\"wp-block-column is-layout-flow wp-block-column-is-layout-flow\" style=\"box-shadow:var(--wp--preset--shadow--natural)\">\n<figure class=\"wp-block-image size-full has-custom-border\"><img loading=\"lazy\" decoding=\"async\" width=\"650\" height=\"413\" src=\"https:\/\/unduhvideoig.app\/wp-content\/uploads\/2025\/07\/copy.webp\" alt=\"Kopiera\" class=\"wp-image-496\" style=\"border-top-left-radius:10px;border-top-right-radius:10px\" srcset=\"https:\/\/unduhvideoig.app\/wp-content\/uploads\/2025\/07\/copy.webp 650w, https:\/\/unduhvideoig.app\/wp-content\/uploads\/2025\/07\/copy-300x191.webp 300w\" sizes=\"auto, (max-width: 650px) 100vw, 650px\" \/><\/figure>\n\n\n\n<h3 class=\"wp-block-heading has-text-align-center\">Kopiera l\u00e4nken<\/h3>\n\n\n\n<hr class=\"wp-block-separator has-alpha-channel-opacity is-style-wide\"\/>\n\n\n\n<p>\u00d6ppna Instagram, tryck p\u00e5 <strong>\u22ef<\/strong> menyn p\u00e5 inl\u00e4gget du vill ladda ner och v\u00e4lj &quot;Kopiera l\u00e4nk&quot;.<\/p>\n<\/div>\n\n\n\n<div class=\"wp-block-column is-layout-flow wp-block-column-is-layout-flow\" style=\"box-shadow:var(--wp--preset--shadow--natural)\">\n<figure class=\"wp-block-image size-full has-custom-border\"><img loading=\"lazy\" decoding=\"async\" width=\"650\" height=\"413\" src=\"https:\/\/unduhvideoig.app\/wp-content\/uploads\/2025\/07\/paste.webp\" alt=\"Klistra\" class=\"wp-image-497\" style=\"border-top-left-radius:10px;border-top-right-radius:10px\" srcset=\"https:\/\/unduhvideoig.app\/wp-content\/uploads\/2025\/07\/paste.webp 650w, https:\/\/unduhvideoig.app\/wp-content\/uploads\/2025\/07\/paste-300x191.webp 300w\" sizes=\"auto, (max-width: 650px) 100vw, 650px\" \/><\/figure>\n\n\n\n<h3 class=\"wp-block-heading has-text-align-center\">Klistra in URL:en<\/h3>\n\n\n\n<hr class=\"wp-block-separator has-alpha-channel-opacity is-style-wide\"\/>\n\n\n\n<p>G\u00e5 tillbaka till den h\u00e4r UnduhVideoIg.App-sidan, klistra in URL:en i inmatningsf\u00e4ltet och klicka p\u00e5 Ladda ner.<\/p>\n<\/div>\n\n\n\n<div class=\"wp-block-column is-layout-flow wp-block-column-is-layout-flow\" style=\"box-shadow:var(--wp--preset--shadow--natural)\">\n<figure class=\"wp-block-image size-full has-custom-border\"><img loading=\"lazy\" decoding=\"async\" width=\"650\" height=\"413\" src=\"https:\/\/unduhvideoig.app\/wp-content\/uploads\/2025\/07\/download.webp\" alt=\"Ladda ner\" class=\"wp-image-498\" style=\"border-top-left-radius:10px;border-top-right-radius:10px\" srcset=\"https:\/\/unduhvideoig.app\/wp-content\/uploads\/2025\/07\/download.webp 650w, https:\/\/unduhvideoig.app\/wp-content\/uploads\/2025\/07\/download-300x191.webp 300w\" sizes=\"auto, (max-width: 650px) 100vw, 650px\" \/><\/figure>\n\n\n\n<h3 class=\"wp-block-heading has-text-align-center\">Ladda ner<\/h3>\n\n\n\n<hr class=\"wp-block-separator has-alpha-channel-opacity is-style-wide\"\/>\n\n\n\n<p>Du f\u00e5r se en lista \u00f6ver alla medier i karusellen. Ladda ner en, flera eller alla i full uppl\u00f6sning.<\/p>\n<\/div>\n<\/div>\n\n\n\n<div class=\"wp-block-columns is-layout-flex wp-container-core-columns-is-layout-28f84493 wp-block-columns-is-layout-flex\" style=\"box-shadow:var(--wp--preset--shadow--natural)\">\n<div class=\"wp-block-column is-layout-flow wp-block-column-is-layout-flow\" style=\"flex-basis:33.33%\">\n<figure class=\"wp-block-image size-full\"><img loading=\"lazy\" decoding=\"async\" width=\"600\" height=\"450\" src=\"https:\/\/unduhvideoig.app\/wp-content\/uploads\/2025\/07\/mobile_app.webp\" alt=\"Mobilapp\" class=\"wp-image-477\" srcset=\"https:\/\/unduhvideoig.app\/wp-content\/uploads\/2025\/07\/mobile_app.webp 600w, https:\/\/unduhvideoig.app\/wp-content\/uploads\/2025\/07\/mobile_app-300x225.webp 300w\" sizes=\"auto, (max-width: 600px) 100vw, 600px\" \/><\/figure>\n<\/div>\n\n\n\n<div class=\"wp-block-column is-layout-flow wp-block-column-is-layout-flow\" style=\"flex-basis:66.66%\">\n<h3 class=\"wp-block-heading\">Ladda ner p\u00e5 mobil eller dator \u2014 Ingen app beh\u00f6vs<\/h3>\n\n\n\n<p>Allt fungerar direkt fr\u00e5n din webbl\u00e4sare \u2013 inga nedladdningar eller till\u00e4gg kr\u00e4vs. Ladda ner valfria foton, video:er, reels:er, IGTV med ett klick utan vattenst\u00e4mplar i h\u00f6g uppl\u00f6sning! Men om du \u00e4r en avancerad anv\u00e4ndare, h\u00e5ll utkik \u2013 vi arbetar p\u00e5 ett webbl\u00e4sartill\u00e4gg f\u00f6r \u00e4nnu enklare \u00e5tkomst.<\/p>\n<\/div>\n<\/div>\n\n\n\n<h2 class=\"wp-block-heading has-text-align-center\">Karusellnedladdare<\/h2>\n\n\n\n<hr class=\"wp-block-separator has-alpha-channel-opacity has-fabled-sunset-gradient-background has-background is-style-wide\"\/>\n\n\n\n<p>Det h\u00e4r verktyget fungerar \u00e4ven som en nedladdare f\u00f6r Instagram-album \u2013 perfekt f\u00f6r kreat\u00f6rer, studenter, marknadsf\u00f6rare och fans som vill spara ett helt inl\u00e4gg med flera medieobjekt p\u00e5 en g\u00e5ng. Ladda ner \u00e4ven de st\u00f6rsta karusellerna p\u00e5 bara n\u00e5gra sekunder.<\/p>\n\n\n\n<div class=\"wp-block-columns is-layout-flex wp-container-core-columns-is-layout-28f84493 wp-block-columns-is-layout-flex\" style=\"box-shadow:var(--wp--preset--shadow--natural)\">\n<div class=\"wp-block-column is-layout-flow wp-block-column-is-layout-flow\" style=\"flex-basis:66.66%\">\n<h3 class=\"wp-block-heading\">IG Album Nedladdare<\/h3>\n\n\n\n<p>Att ladda ner karusell-inl\u00e4gg fr\u00e5n Instagram brukade vara knepigt, men inte l\u00e4ngre. Med v\u00e5r Album Downloader beh\u00f6ver du bara klistra in l\u00e4nken till karusell-inl\u00e4gget \u2013 du beh\u00f6ver inte gr\u00e4va igenom k\u00e4llkod eller bild-URL:er. Det \u00e4r 100% s\u00e4kert och tryggt, eftersom alla bilder och video:er laddas ner direkt fr\u00e5n Instagrams offentliga servrar.<\/p>\n<\/div>\n\n\n\n<div class=\"wp-block-column is-layout-flow wp-block-column-is-layout-flow\" style=\"flex-basis:33.33%\">\n<figure class=\"wp-block-image size-full\"><img loading=\"lazy\" decoding=\"async\" width=\"600\" height=\"450\" src=\"https:\/\/unduhvideoig.app\/wp-content\/uploads\/2025\/07\/carousel_downloader.webp\" alt=\"Karusellnedladdare\" class=\"wp-image-475\" srcset=\"https:\/\/unduhvideoig.app\/wp-content\/uploads\/2025\/07\/carousel_downloader.webp 600w, https:\/\/unduhvideoig.app\/wp-content\/uploads\/2025\/07\/carousel_downloader-300x225.webp 300w\" sizes=\"auto, (max-width: 600px) 100vw, 600px\" \/><\/figure>\n<\/div>\n<\/div>\n\n\n\n<div class=\"wp-block-columns is-layout-flex wp-container-core-columns-is-layout-28f84493 wp-block-columns-is-layout-flex\" style=\"box-shadow:var(--wp--preset--shadow--natural)\">\n<div class=\"wp-block-column is-layout-flow wp-block-column-is-layout-flow\" style=\"flex-basis:33.33%\">\n<figure class=\"wp-block-image size-full\"><img loading=\"lazy\" decoding=\"async\" width=\"600\" height=\"450\" src=\"https:\/\/unduhvideoig.app\/wp-content\/uploads\/2025\/07\/photos_downloader.webp\" alt=\"Fotonedladdare\" class=\"wp-image-471\" srcset=\"https:\/\/unduhvideoig.app\/wp-content\/uploads\/2025\/07\/photos_downloader.webp 600w, https:\/\/unduhvideoig.app\/wp-content\/uploads\/2025\/07\/photos_downloader-300x225.webp 300w\" sizes=\"auto, (max-width: 600px) 100vw, 600px\" \/><\/figure>\n<\/div>\n\n\n\n<div class=\"wp-block-column is-layout-flow wp-block-column-is-layout-flow\" style=\"flex-basis:66.66%\">\n<h3 class=\"wp-block-heading\">Ladda ner flera foton<\/h3>\n\n\n\n<p>V\u00e5rt program f\u00f6r att ladda ner flera bilder p\u00e5 Instagram g\u00f6r det enkelt att spara flera bilder fr\u00e5n ett enda inl\u00e4gg samtidigt. Oavsett om det \u00e4r tv\u00e5 eller tio foton kan du ladda ner dem alla i deras ursprungliga, h\u00f6gkvalitativa uppl\u00f6sning. Det h\u00e4r verktyget st\u00f6der full HD-bilder och videos, vilket hj\u00e4lper dig att bevara ditt favoritinneh\u00e5ll utan kompromisser.<\/p>\n<\/div>\n<\/div>\n\n\n\n<h2 class=\"wp-block-heading has-text-align-center\">Vanliga fr\u00e5gor (FAQ)<\/h2>\n\n\n\n<hr class=\"wp-block-separator has-alpha-channel-opacity has-fabled-sunset-gradient-background has-background is-style-wide\"\/>\n\n\n\n<p>H\u00e4r hittar du svar p\u00e5 vanliga fr\u00e5gor om hur du anv\u00e4nder v\u00e5r nedladdningsfunktion UnduhVideoIg.App f\u00f6r Instagram. Om din fr\u00e5ga inte finns med i listan \u00e4r du v\u00e4lkommen att kontakta oss n\u00e4r som helst via e-postformul\u00e4ret p\u00e5 v\u00e5r kontaktsida.<\/p>\n\n\n\n<h3 class=\"wp-block-heading\">Vilket \u00e4r det enklaste s\u00e4ttet att ladda ner Instagram-karusellinl\u00e4gg?<\/h3>\n\n\n\n<p>Kopiera bara l\u00e4nken till karusellen fr\u00e5n Instagram, klistra in den i rutan ovan p\u00e5 UnduhVideoIg och klicka p\u00e5 Ladda ner. Du kan ladda ner alla bilder och video:er p\u00e5 n\u00e5gra sekunder.<\/p>\n\n\n\n<h3 class=\"wp-block-heading\">Vilken \u00e4r kvaliteten p\u00e5 nedladdat inneh\u00e5ll fr\u00e5n karusellen?<\/h3>\n\n\n\n<p>Vi bevarar den ursprungliga uppladdningskvaliteten f\u00f6r Carousel. Du f\u00e5r h\u00f6guppl\u00f6sta JPG-bilder och MP4-filer som de publicerades \u2013 ingen komprimering eller vattenst\u00e4mpel tillagd av UnduhVideoIg.App-nedladdaren.<\/p>\n\n\n\n<h3 class=\"wp-block-heading\">Kan jag anv\u00e4nda det h\u00e4r verktyget f\u00f6r nedladdning av karusellposter p\u00e5 mobilen eller datorn?<\/h3>\n\n\n\n<p>Ja! V\u00e5rt verktyg f\u00f6r bildnedladdning fungerar p\u00e5 alla enheter, webbl\u00e4sare och operativsystem \u2013 se bara till att du \u00e4r ansluten till internet.<\/p>\n\n\n\n<h3 class=\"wp-block-heading\">Vad \u00e4r egentligen en Instagram-karusell?<\/h3>\n\n\n\n<p>En karusell (eller bildspel) \u00e4r ett inl\u00e4gg som inneh\u00e5ller upp till 10 foton och\/eller video i ett svepbart format. De \u00e4r popul\u00e4ra f\u00f6r storytelling, produktpresentationer och handledningar.<\/p>\n\n\n\n<h3 class=\"wp-block-heading\">\u00c4r det h\u00e4r verktyget gratis och s\u00e4kert?<\/h3>\n\n\n\n<p>Absolut. Det \u00e4r gratis, samlar inte in anv\u00e4ndardata och k\u00f6rs helt i din webbl\u00e4sare f\u00f6r att ladda ner Instagram-bildspel med hj\u00e4lp av verktyget UnduhVideoIg.<\/p>","protected":false},"excerpt":{"rendered":"<p>IG Carousel Downloader Download Carousel from Instagram Download With the usage of our service, you\u2019re accepting our Terms of Usage. Download Instagram Carousels Instagram carousel posts let users share up to 10 images or videos in a single post, making them perfect for stories, tutorials, lookbooks, and albums. But what if you want to download [&hellip;]<\/p>\n","protected":false},"author":1,"featured_media":0,"parent":0,"menu_order":0,"comment_status":"closed","ping_status":"closed","template":"","meta":{"slim_seo":{"title":"Instagram Carousel Downloader \u2013 Ladda ner flera Instagram-foton och -videor","description":"Ladda ner IG-karusellen gratis utan app. Spara dina favoritbilder och video-bilder fr\u00e5n Instagram-karusellen enkelt, snabbt, i HD-kvalitet och utan vattenst\u00e4mpel online!"},"footnotes":""},"class_list":["post-375","page","type-page","status-publish","hentry"],"blocksy_meta":{"background":{"background_type":"color","background_pattern":"type-1","background_image":{"attachment_id":null,"x":0,"y":0},"gradient":"linear-gradient(135deg,rgba(6,147,227,1) 0%,rgb(155,81,224) 100%)","background_repeat":"repeat","background_size":"auto","background_attachment":"scroll","patternColor":{"default":{"color":"#e5e7ea"}},"overlayColor":{"default":{"color":"CT_CSS_SKIP_RULE"}},"backgroundColor":{"default":{"color":"CT_CSS_SKIP_RULE"}}},"styles_descriptor":{"styles":{"desktop":"[data-prefix=\"single_page\"] [class*=\"ct-container\"] > article[class*=\"post\"] {--has-boxed:var(--false);--has-wide:var(--true);}","tablet":"","mobile":""},"google_fonts":[],"version":6},"content_style_source":"custom","content_style":"wide","has_hero_section":"disabled"},"_links":{"self":[{"href":"https:\/\/unduhvideoig.app\/sv\/wp-json\/wp\/v2\/pages\/375","targetHints":{"allow":["GET"]}}],"collection":[{"href":"https:\/\/unduhvideoig.app\/sv\/wp-json\/wp\/v2\/pages"}],"about":[{"href":"https:\/\/unduhvideoig.app\/sv\/wp-json\/wp\/v2\/types\/page"}],"author":[{"embeddable":true,"href":"https:\/\/unduhvideoig.app\/sv\/wp-json\/wp\/v2\/users\/1"}],"replies":[{"embeddable":true,"href":"https:\/\/unduhvideoig.app\/sv\/wp-json\/wp\/v2\/comments?post=375"}],"version-history":[{"count":20,"href":"https:\/\/unduhvideoig.app\/sv\/wp-json\/wp\/v2\/pages\/375\/revisions"}],"predecessor-version":[{"id":658,"href":"https:\/\/unduhvideoig.app\/sv\/wp-json\/wp\/v2\/pages\/375\/revisions\/658"}],"wp:attachment":[{"href":"https:\/\/unduhvideoig.app\/sv\/wp-json\/wp\/v2\/media?parent=375"}],"curies":[{"name":"wp","href":"https:\/\/api.w.org\/{rel}","templated":true}]}}