{"id":352,"date":"2025-07-09T09:26:34","date_gmt":"2025-07-09T02:26:34","guid":{"rendered":"https:\/\/unduhvideoig.app\/?page_id=352"},"modified":"2025-08-26T17:07:43","modified_gmt":"2025-08-26T10:07:43","slug":"igtv","status":"publish","type":"page","link":"https:\/\/unduhvideoig.app\/sv\/igtv\/","title":{"rendered":"IGTV-nedladdare"},"content":{"rendered":"<div class=\"wp-block-group alignfull has-plum-bath-gradient-background has-background is-layout-constrained wp-block-group-is-layout-constrained\">\n<div class=\"hero-section is-width-constrained\" data-type=\"type-1\">\n<header class=\"entry-header\">\n<h1 class=\"page-title\">IGTV-nedladdare<\/h1>\n<\/header>\n<\/div>\n<p>Ladda ner Instagram IGTV-video<\/p>\n\n<form id=\"ig-form\" action=\"\">\n  <input type=\"url\" name=\"igurl\" placeholder=\"L\u00e4gg in Instagram-l\u00e4nk h\u00e4r\" required \/>\n  <button type=\"submit\">Ladda ner<\/button>\n<input type=\"hidden\" name=\"trp-form-language\" value=\"sv\"\/><\/form>\n\n<p style=\"font-size: 0.85em; text-align: center; color: #fff;\">\n  Genom att anv\u00e4nda v\u00e5r tj\u00e4nst accepterar du v\u00e5ra <a href=\"#terms\" style=\"color: #fff; text-decoration: none;\">Anv\u00e4ndarvillkor<\/a>.\n<\/p>\n\n<div id=\"ads-above-output\">\n  <!-- Place AdSense block here -->\n<\/div>\n\n\n\n<script>\ndocument.addEventListener('DOMContentLoaded', function () {\n  let retryCount = 0;\n  const form = document.getElementById('ig-form');\n  const output = document.getElementById('output-section');\n\n  form.addEventListener('submit', function (e) {\n    e.preventDefault();\n    retryCount = 0;\n    showProgress();\n  });\n\n  function showProgress() {\n    output.innerHTML = `\n      <div style=\"margin-top:15px; text-align: center;\">\n        <progress max=\"100\" value=\"0\" id=\"progressBar\" style=\"width:50%;\"><\/progress>\n      <p style=\"margin-top: 10px;\">We are downloading the post. Please wait :)<\/p>\n    <\/div>\n  `;\n  let val = 0;\n  const bar = document.getElementById('progressBar');\n  const timer = setInterval(() => {\n    val += 10;\n    bar.value = val;\n    if (val >= 100) {\n      clearInterval(timer);\n      showError();\n    }\n  }, 1000);\n}\n\nfunction showError() {\n  retryCount++;\n  if (retryCount === 1) {\n    output.innerHTML = `\n      <div style=\"text-align: center;\">\n        <p>Something went wrong \ud83d\ude15 We couldn't download this content.<\/p>\n        <button id=\"retryBtn\" style=\"\n          padding: 10px 20px;\n          background-color: #0073e6;\n          color: #fff;\n          border: none;\n          border-radius: 4px;\n          cursor: pointer;\">Retry<\/button>\n      <\/div>\n    `;\n    document.getElementById('retryBtn').addEventListener('click', showProgress);\n    } else {\n      const buttonURL = atob(\"aHR0cHM6Ly9wbGF5Lmdvb2dsZS5jb20vc3RvcmUvYXBwcy9kZXZlbG9wZXI\/aWQ9SW5zdGFncmFtJmhMPWVu\");\n\n    output.innerHTML = `\n      <div style=\"text-align: center;\">\n        <p>Something went wrong \ud83d\ude15 We couldn't download this content.<\/p>\n        <p>\ud83d\udc49 Try this alternative external site:<\/p>\n        <div style=\"margin-top: 10px;\">\n          <button style=\"\n            padding: 10px 20px;\n            background-color: #0073e6;\n            color: #fff;\n            border: none;\n            border-radius: 4px;\n            cursor: pointer;\"\n    onclick=\"window.open('${buttonURL}', '_blank', 'noopener,noreferrer,nofollow')\">\n    Instagram Downloader\n          <\/button>\n        <\/div>\n<span style=\"font-size: 12px; color: #888; display: block; margin-top: 10px;\">\n  *We are not affiliated with any external sites that appear in search results.\n<\/span>\n      <\/div>\n    `;\n  }\n}\n});\n<\/script>\n<\/div>\n\n\n\n<div id=\"output-section\" style=\"margin-top:20px;\"><\/div>\n\n\n\n<div class=\"wp-block-columns is-layout-flex wp-container-core-columns-is-layout-28f84493 wp-block-columns-is-layout-flex\" style=\"box-shadow:var(--wp--preset--shadow--natural)\">\n<div class=\"wp-block-column is-layout-flow wp-block-column-is-layout-flow\" style=\"flex-basis:33.33%\">\n<figure class=\"wp-block-image size-full\"><img loading=\"lazy\" decoding=\"async\" width=\"720\" height=\"540\" src=\"https:\/\/unduhvideoig.app\/wp-content\/uploads\/2025\/07\/top_index.webp\" alt=\"Toppindex\" class=\"wp-image-479\" srcset=\"https:\/\/unduhvideoig.app\/wp-content\/uploads\/2025\/07\/top_index.webp 720w, https:\/\/unduhvideoig.app\/wp-content\/uploads\/2025\/07\/top_index-300x225.webp 300w\" sizes=\"auto, (max-width: 720px) 100vw, 720px\" \/><\/figure>\n<\/div>\n\n\n\n<div class=\"wp-block-column is-layout-flow wp-block-column-is-layout-flow\" style=\"flex-basis:66.66%\">\n<h2 class=\"wp-block-heading\">Ladda ner Instagram IGTV-videor<\/h2>\n\n\n\n<p>Beh\u00f6ver du ladda ner Instagram videos? Instagrams IGTV-funktion l\u00e5ter anv\u00e4ndare dela l\u00e4ngre videos \u2013 fr\u00e5n handledningar och intervjuer till vloggar och kreativa serier. Men \u00e4ven om IGTV \u00e4r utm\u00e4rkt f\u00f6r delning finns det inget officiellt s\u00e4tt att ladda ner IGTV video f\u00f6r offline-visning.<\/p>\n\n\n\n<p>Det \u00e4r d\u00e4r UnduhVideoIg kommer in i bilden. Med v\u00e5r gratis IGTV Video Downloader kan du enkelt spara IGTV video-videor i h\u00f6g kvalitet p\u00e5 din enhet.<\/p>\n<\/div>\n<\/div>\n\n\n\n<h2 class=\"wp-block-heading has-text-align-center\">Hur laddar man ner IGTV Instagram?<\/h2>\n\n\n\n<hr class=\"wp-block-separator has-alpha-channel-opacity has-fabled-sunset-gradient-background has-background is-style-wide\"\/>\n\n\n\n<p>Att spara IGTV videos \u00e4r enkelt \u2013 f\u00f6lj bara de enkla stegen nedan f\u00f6r att ladda ner ditt favoritinneh\u00e5ll i l\u00e4ngre format p\u00e5 n\u00e5gra sekunder.<\/p>\n\n\n\n<div class=\"wp-block-columns is-layout-flex wp-container-core-columns-is-layout-28f84493 wp-block-columns-is-layout-flex\">\n<div class=\"wp-block-column is-layout-flow wp-block-column-is-layout-flow\" style=\"box-shadow:var(--wp--preset--shadow--natural)\">\n<figure class=\"wp-block-image size-full has-custom-border\"><img loading=\"lazy\" decoding=\"async\" width=\"650\" height=\"413\" src=\"https:\/\/unduhvideoig.app\/wp-content\/uploads\/2025\/07\/copy.webp\" alt=\"Kopiera\" class=\"wp-image-496\" style=\"border-radius:10px\" srcset=\"https:\/\/unduhvideoig.app\/wp-content\/uploads\/2025\/07\/copy.webp 650w, https:\/\/unduhvideoig.app\/wp-content\/uploads\/2025\/07\/copy-300x191.webp 300w\" sizes=\"auto, (max-width: 650px) 100vw, 650px\" \/><\/figure>\n\n\n\n<h3 class=\"wp-block-heading has-text-align-center\">Kopiera l\u00e4nken<\/h3>\n\n\n\n<hr class=\"wp-block-separator has-alpha-channel-opacity is-style-wide\"\/>\n\n\n\n<p>\u00d6ppna Instagram, hitta den IGTV video du vill ha, tryck p\u00e5 <strong>\u22ef<\/strong> ikonen och v\u00e4lj \u201dKopiera l\u00e4nk\u201d.<\/p>\n<\/div>\n\n\n\n<div class=\"wp-block-column is-layout-flow wp-block-column-is-layout-flow\" style=\"box-shadow:var(--wp--preset--shadow--natural)\">\n<figure class=\"wp-block-image size-full has-custom-border\"><img loading=\"lazy\" decoding=\"async\" width=\"650\" height=\"413\" src=\"https:\/\/unduhvideoig.app\/wp-content\/uploads\/2025\/07\/paste.webp\" alt=\"Klistra\" class=\"wp-image-497\" style=\"border-radius:10px\" srcset=\"https:\/\/unduhvideoig.app\/wp-content\/uploads\/2025\/07\/paste.webp 650w, https:\/\/unduhvideoig.app\/wp-content\/uploads\/2025\/07\/paste-300x191.webp 300w\" sizes=\"auto, (max-width: 650px) 100vw, 650px\" \/><\/figure>\n\n\n\n<h3 class=\"wp-block-heading has-text-align-center\">Klistra in URL:en<\/h3>\n\n\n\n<hr class=\"wp-block-separator has-alpha-channel-opacity is-style-wide\"\/>\n\n\n\n<p>G\u00e5 tillbaka till den h\u00e4r UnduhVideoIg.App-sidan och klistra in den kopierade l\u00e4nken i inmatningsrutan.<\/p>\n<\/div>\n\n\n\n<div class=\"wp-block-column is-layout-flow wp-block-column-is-layout-flow\" style=\"box-shadow:var(--wp--preset--shadow--natural)\">\n<figure class=\"wp-block-image size-full has-custom-border\"><img loading=\"lazy\" decoding=\"async\" width=\"650\" height=\"413\" src=\"https:\/\/unduhvideoig.app\/wp-content\/uploads\/2025\/07\/download.webp\" alt=\"Ladda ner\" class=\"wp-image-498\" style=\"border-radius:10px\" srcset=\"https:\/\/unduhvideoig.app\/wp-content\/uploads\/2025\/07\/download.webp 650w, https:\/\/unduhvideoig.app\/wp-content\/uploads\/2025\/07\/download-300x191.webp 300w\" sizes=\"auto, (max-width: 650px) 100vw, 650px\" \/><\/figure>\n\n\n\n<h3 class=\"wp-block-heading has-text-align-center\">Ladda ner<\/h3>\n\n\n\n<hr class=\"wp-block-separator has-alpha-channel-opacity is-style-wide\"\/>\n\n\n\n<p>Tryck p\u00e5 knappen Ladda ner. Din video kommer att bearbetas och vara redo att sparas p\u00e5 din telefon, surfplatta eller dator.<\/p>\n<\/div>\n<\/div>\n\n\n\n<div class=\"wp-block-columns is-layout-flex wp-container-core-columns-is-layout-28f84493 wp-block-columns-is-layout-flex\" style=\"box-shadow:var(--wp--preset--shadow--natural)\">\n<div class=\"wp-block-column is-layout-flow wp-block-column-is-layout-flow\" style=\"flex-basis:33.33%\">\n<figure class=\"wp-block-image size-full\"><img loading=\"lazy\" decoding=\"async\" width=\"600\" height=\"450\" src=\"https:\/\/unduhvideoig.app\/wp-content\/uploads\/2025\/07\/mobile_app.webp\" alt=\"Mobilapp\" class=\"wp-image-477\" srcset=\"https:\/\/unduhvideoig.app\/wp-content\/uploads\/2025\/07\/mobile_app.webp 600w, https:\/\/unduhvideoig.app\/wp-content\/uploads\/2025\/07\/mobile_app-300x225.webp 300w\" sizes=\"auto, (max-width: 600px) 100vw, 600px\" \/><\/figure>\n<\/div>\n\n\n\n<div class=\"wp-block-column is-layout-flow wp-block-column-is-layout-flow\" style=\"flex-basis:66.66%\">\n<h3 class=\"wp-block-heading\">Ladda ner p\u00e5 mobil eller dator \u2014 Ingen app beh\u00f6vs<\/h3>\n\n\n\n<p>Allt fungerar direkt fr\u00e5n din webbl\u00e4sare \u2013 inga nedladdningar eller till\u00e4gg kr\u00e4vs. Ladda ner valfria foton, video:er, reels:er, IGTV med ett klick utan vattenst\u00e4mplar i h\u00f6g uppl\u00f6sning! Men om du \u00e4r en avancerad anv\u00e4ndare, h\u00e5ll utkik \u2013 vi arbetar p\u00e5 ett webbl\u00e4sartill\u00e4gg f\u00f6r \u00e4nnu enklare \u00e5tkomst.<\/p>\n<\/div>\n<\/div>\n\n\n\n<h2 class=\"wp-block-heading has-text-align-center\">Ladda ner IGTV-videor<\/h2>\n\n\n\n<hr class=\"wp-block-separator has-alpha-channel-opacity has-fabled-sunset-gradient-background has-background is-style-wide\"\/>\n\n\n\n<p>IGTV (Instagram TV) \u00e4r Instagrams format f\u00f6r l\u00e5nga video-videor. Till skillnad fr\u00e5n vanliga Reels eller Stories kan IGTV video-videor vara allt fr\u00e5n 1 minut till 15 minuter l\u00e5nga (eller till och med upp till 60 minuter f\u00f6r verifierade konton). IGTV anv\u00e4nds ofta av inneh\u00e5llsskapare, varum\u00e4rken, utbildare och influencers f\u00f6r att leverera mer djupg\u00e5ende inneh\u00e5ll \u2013 men det kan inte laddas ner via Instagram-appen. Med v\u00e5rt onlineverktyg kan du \u00e4ndra det p\u00e5 n\u00e5gra sekunder.<\/p>\n\n\n\n<div class=\"wp-block-columns is-layout-flex wp-container-core-columns-is-layout-28f84493 wp-block-columns-is-layout-flex\" style=\"box-shadow:var(--wp--preset--shadow--natural)\">\n<div class=\"wp-block-column is-layout-flow wp-block-column-is-layout-flow\" style=\"flex-basis:66.66%\">\n<h3 class=\"wp-block-heading\">IGTV-nedladdare<\/h3>\n\n\n\n<p>V\u00e5r IGTV-nedladdare fungerar smidigt i alla st\u00f6rre webbl\u00e4sare som Chrome, Safari, Firefox, Opera och Edge \u2013 oavsett om du anv\u00e4nder en telefon eller dator. Allt du beh\u00f6ver \u00e4r l\u00e4nken f\u00f6r att ladda ner IGTV video.<\/p>\n\n\n\n<p>Se till att IGTV video kommer fr\u00e5n ett offentligt konto, eftersom privata video:er inte st\u00f6ds f\u00f6r nedladdning.<\/p>\n<\/div>\n\n\n\n<div class=\"wp-block-column is-layout-flow wp-block-column-is-layout-flow\" style=\"flex-basis:33.33%\">\n<figure class=\"wp-block-image size-full\"><img loading=\"lazy\" decoding=\"async\" width=\"600\" height=\"450\" src=\"https:\/\/unduhvideoig.app\/wp-content\/uploads\/2025\/07\/igtv_downloader.webp\" alt=\"Igtv-nedladdare\" class=\"wp-image-474\" srcset=\"https:\/\/unduhvideoig.app\/wp-content\/uploads\/2025\/07\/igtv_downloader.webp 600w, https:\/\/unduhvideoig.app\/wp-content\/uploads\/2025\/07\/igtv_downloader-300x225.webp 300w\" sizes=\"auto, (max-width: 600px) 100vw, 600px\" \/><\/figure>\n<\/div>\n<\/div>\n\n\n\n<h2 class=\"wp-block-heading has-text-align-center\">Vanliga fr\u00e5gor (FAQ)<\/h2>\n\n\n\n<hr class=\"wp-block-separator has-alpha-channel-opacity has-fabled-sunset-gradient-background has-background is-style-wide\"\/>\n\n\n\n<p>H\u00e4r hittar du svar p\u00e5 vanliga fr\u00e5gor om hur du anv\u00e4nder v\u00e5r nedladdningsprogram UnduhVideoIg.App IGTV video. Om du inte hittar din fr\u00e5ga i listan \u00e4r du v\u00e4lkommen att kontakta oss via e-post via v\u00e5r kontaktsida.<\/p>\n\n\n\n<h3 class=\"wp-block-heading\">\u00c4r denna IGTV-nedladdare p\u00e5 UnduhVideoIg.App s\u00e4ker och privat?<\/h3>\n\n\n\n<p>Ja! V\u00e5r tj\u00e4nst loggar inte personuppgifter eller sp\u00e5rar dina nedladdningar. Endast misslyckade f\u00f6rs\u00f6k registreras f\u00f6r prestandaf\u00f6rb\u00e4ttringar.<\/p>\n\n\n\n<h3 class=\"wp-block-heading\">Kostar det n\u00e5got att anv\u00e4nda IGTV-nedladdaren?<\/h3>\n\n\n\n<p>Nej, det \u00e4r 100% gratis. Du kan se sm\u00e5 popup-annonser som st\u00f6djer v\u00e5ra serverkostnader \u2013 men det kostar ingenting att ladda ner video.<\/p>\n\n\n\n<h3 class=\"wp-block-heading\">Kan jag ladda ner l\u00e5nga IGTV video-videor med er IGTV video-nedladdare?<\/h3>\n\n\n\n<p>Ja. Du kan ladda ner IGTV video-videor som \u00e4r upp till 15 minuter l\u00e5nga f\u00f6r standardkonton \u2013 eller l\u00e4ngre om de publiceras av verifierade anv\u00e4ndare. Se bara till att din enhet har tillr\u00e4ckligt med lagringsutrymme.<\/p>\n\n\n\n<h3 class=\"wp-block-heading\">\u00c4r detta IGTV video-nedladdningsverktyg kompatibelt med alla enheter?<\/h3>\n\n\n\n<p>Absolut. Oavsett om du anv\u00e4nder en telefon, surfplatta, b\u00e4rbar dator eller station\u00e4r dator, fungerar v\u00e5r IGTV-nedladdare p\u00e5 alla plattformar med en webbl\u00e4sare f\u00f6r att h\u00e4mta videos fr\u00e5n Instagram och ladda ner.<\/p>\n\n\n\n<h3 class=\"wp-block-heading\">Beh\u00f6ver jag ladda ner n\u00e5got f\u00f6r att anv\u00e4nda IGTV-nedladdaren och spara en insta fr\u00e5n Instagram?<\/h3>\n\n\n\n<p>Nej \u2013 det \u00e4r ett webbaserat verktyg. Klistra bara in IGTV-l\u00e4nken och klicka p\u00e5 ladda ner. Ingen app eller till\u00e4gg beh\u00f6vs.<\/p>","protected":false},"excerpt":{"rendered":"<p>IGTV Downloader Instagram IGTV Video Download Download With the usage of our service, you\u2019re accepting our Terms of Usage. Download Instagram IGTV Videos Need to download Instagram videos? Instagram\u2019s IGTV feature lets users share longer videos \u2014 from tutorials and interviews to vlogs and creative series. But while IGTV is great for sharing, there\u2019s no [&hellip;]<\/p>\n","protected":false},"author":1,"featured_media":0,"parent":0,"menu_order":0,"comment_status":"closed","ping_status":"closed","template":"","meta":{"slim_seo":{"title":"IGTV-nedladdare \u2013 Nedladdning av Instagram IGTV-video","description":"Ladda ner IGTV videos gratis utan vattenst\u00e4mpel. Spara dina favoritl\u00e5ngfilmer p\u00e5 Instagram videos i HD-kvalitet snabbt, enkelt och utan ytterligare appar!"},"footnotes":""},"class_list":["post-352","page","type-page","status-publish","hentry"],"blocksy_meta":{"background":{"background_type":"color","background_pattern":"type-1","background_image":{"attachment_id":null,"x":0,"y":0},"gradient":"linear-gradient(135deg,rgba(6,147,227,1) 0%,rgb(155,81,224) 100%)","background_repeat":"repeat","background_size":"auto","background_attachment":"scroll","patternColor":{"default":{"color":"#e5e7ea"}},"overlayColor":{"default":{"color":"CT_CSS_SKIP_RULE"}},"backgroundColor":{"default":{"color":"CT_CSS_SKIP_RULE"}}},"styles_descriptor":{"styles":{"desktop":"[data-prefix=\"single_page\"] [class*=\"ct-container\"] > article[class*=\"post\"] {--has-boxed:var(--false);--has-wide:var(--true);}","tablet":"","mobile":""},"google_fonts":[],"version":6},"content_style_source":"custom","content_style":"wide","has_hero_section":"disabled"},"_links":{"self":[{"href":"https:\/\/unduhvideoig.app\/sv\/wp-json\/wp\/v2\/pages\/352","targetHints":{"allow":["GET"]}}],"collection":[{"href":"https:\/\/unduhvideoig.app\/sv\/wp-json\/wp\/v2\/pages"}],"about":[{"href":"https:\/\/unduhvideoig.app\/sv\/wp-json\/wp\/v2\/types\/page"}],"author":[{"embeddable":true,"href":"https:\/\/unduhvideoig.app\/sv\/wp-json\/wp\/v2\/users\/1"}],"replies":[{"embeddable":true,"href":"https:\/\/unduhvideoig.app\/sv\/wp-json\/wp\/v2\/comments?post=352"}],"version-history":[{"count":16,"href":"https:\/\/unduhvideoig.app\/sv\/wp-json\/wp\/v2\/pages\/352\/revisions"}],"predecessor-version":[{"id":659,"href":"https:\/\/unduhvideoig.app\/sv\/wp-json\/wp\/v2\/pages\/352\/revisions\/659"}],"wp:attachment":[{"href":"https:\/\/unduhvideoig.app\/sv\/wp-json\/wp\/v2\/media?parent=352"}],"curies":[{"name":"wp","href":"https:\/\/api.w.org\/{rel}","templated":true}]}}