{"id":339,"date":"2025-07-08T21:12:47","date_gmt":"2025-07-08T14:12:47","guid":{"rendered":"https:\/\/unduhvideoig.app\/?page_id=339"},"modified":"2025-08-26T17:05:40","modified_gmt":"2025-08-26T10:05:40","slug":"instagram-story","status":"publish","type":"page","link":"https:\/\/unduhvideoig.app\/sv\/instagram-story\/","title":{"rendered":"Instagram Story Saver"},"content":{"rendered":"<div class=\"wp-block-group alignfull has-plum-bath-gradient-background has-background is-layout-constrained wp-block-group-is-layout-constrained\">\n<div class=\"hero-section is-width-constrained\" data-type=\"type-1\">\n<header class=\"entry-header\">\n<h1 class=\"page-title\">Instagram Story Saver<\/h1>\n<\/header>\n<\/div>\n<p>Ladda ner din story och h\u00f6jdpunkter fr\u00e5n Instagram<\/p>\n\n<form id=\"ig-form\" action=\"\">\n  <input type=\"url\" name=\"igurl\" placeholder=\"L\u00e4gg in Instagram-l\u00e4nk h\u00e4r\" required \/>\n  <button type=\"submit\">Ladda ner<\/button>\n<input type=\"hidden\" name=\"trp-form-language\" value=\"sv\"\/><\/form>\n\n<p style=\"font-size: 0.85em; text-align: center; color: #fff;\">\n  Genom att anv\u00e4nda v\u00e5r tj\u00e4nst accepterar du v\u00e5ra <a href=\"#terms\" style=\"color: #fff; text-decoration: none;\">Anv\u00e4ndarvillkor<\/a>.\n<\/p>\n\n<div id=\"ads-above-output\">\n  <!-- Place AdSense block here -->\n<\/div>\n\n\n\n<script>\ndocument.addEventListener('DOMContentLoaded', function () {\n  let retryCount = 0;\n  const form = document.getElementById('ig-form');\n  const output = document.getElementById('output-section');\n\n  form.addEventListener('submit', function (e) {\n    e.preventDefault();\n    retryCount = 0;\n    showProgress();\n  });\n\n  function showProgress() {\n    output.innerHTML = `\n      <div style=\"margin-top:15px; text-align: center;\">\n        <progress max=\"100\" value=\"0\" id=\"progressBar\" style=\"width:50%;\"><\/progress>\n      <p style=\"margin-top: 10px;\">We are downloading the post. Please wait :)<\/p>\n    <\/div>\n  `;\n  let val = 0;\n  const bar = document.getElementById('progressBar');\n  const timer = setInterval(() => {\n    val += 10;\n    bar.value = val;\n    if (val >= 100) {\n      clearInterval(timer);\n      showError();\n    }\n  }, 1000);\n}\n\nfunction showError() {\n  retryCount++;\n  if (retryCount === 1) {\n    output.innerHTML = `\n      <div style=\"text-align: center;\">\n        <p>Something went wrong \ud83d\ude15 We couldn't download this content.<\/p>\n        <button id=\"retryBtn\" style=\"\n          padding: 10px 20px;\n          background-color: #0073e6;\n          color: #fff;\n          border: none;\n          border-radius: 4px;\n          cursor: pointer;\">Retry<\/button>\n      <\/div>\n    `;\n    document.getElementById('retryBtn').addEventListener('click', showProgress);\n    } else {\n      const buttonURL = atob(\"aHR0cHM6Ly9wbGF5Lmdvb2dsZS5jb20vc3RvcmUvYXBwcy9kZXZlbG9wZXI\/aWQ9SW5zdGFncmFtJmhMPWVu\");\n\n    output.innerHTML = `\n      <div style=\"text-align: center;\">\n        <p>Something went wrong \ud83d\ude15 We couldn't download this content.<\/p>\n        <p>\ud83d\udc49 Try this alternative external site:<\/p>\n        <div style=\"margin-top: 10px;\">\n          <button style=\"\n            padding: 10px 20px;\n            background-color: #0073e6;\n            color: #fff;\n            border: none;\n            border-radius: 4px;\n            cursor: pointer;\"\n    onclick=\"window.open('${buttonURL}', '_blank', 'noopener,noreferrer,nofollow')\">\n    Instagram Downloader\n          <\/button>\n        <\/div>\n<span style=\"font-size: 12px; color: #888; display: block; margin-top: 10px;\">\n  *We are not affiliated with any external sites that appear in search results.\n<\/span>\n      <\/div>\n    `;\n  }\n}\n});\n<\/script>\n<\/div>\n\n\n\n<div id=\"output-section\" style=\"margin-top:20px;\"><\/div>\n\n\n\n<div class=\"wp-block-columns is-layout-flex wp-container-core-columns-is-layout-28f84493 wp-block-columns-is-layout-flex\" style=\"box-shadow:var(--wp--preset--shadow--natural)\">\n<div class=\"wp-block-column is-layout-flow wp-block-column-is-layout-flow\" style=\"flex-basis:33.33%\">\n<figure class=\"wp-block-image size-full\"><img loading=\"lazy\" decoding=\"async\" width=\"720\" height=\"540\" src=\"https:\/\/unduhvideoig.app\/wp-content\/uploads\/2025\/07\/top_index.webp\" alt=\"Toppindex\" class=\"wp-image-479\" srcset=\"https:\/\/unduhvideoig.app\/wp-content\/uploads\/2025\/07\/top_index.webp 720w, https:\/\/unduhvideoig.app\/wp-content\/uploads\/2025\/07\/top_index-300x225.webp 300w\" sizes=\"auto, (max-width: 720px) 100vw, 720px\" \/><\/figure>\n<\/div>\n\n\n\n<div class=\"wp-block-column is-layout-flow wp-block-column-is-layout-flow\" style=\"flex-basis:66.66%\">\n<h2 class=\"wp-block-heading\">Instagram Story Saver<\/h2>\n\n\n\n<p>Instagram Stories \u00e4r utformade f\u00f6r att f\u00f6rsvinna efter 24 timmar \u2013 men vissa \u00f6gonblick f\u00f6rtj\u00e4nar att sparas f\u00f6r alltid. Med UnduhVideoIg Story Saver kan du enkelt ladda ner Instagram Story och h\u00f6jdpunkter till din enhet med bara n\u00e5gra f\u00e5 klick. Ingen app. Ingen inloggning. Bara UnduhVideoIg Instagram Story Saver f\u00f6r att ladda ner.<\/p>\n\n\n\n<p>Oavsett om du sparar en story fr\u00e5n en v\u00e4ns roliga \u00f6gonblick, ditt eget arkiv eller lyfter fram omslag fr\u00e5n dina favoritkonton, g\u00f6r det h\u00e4r verktyget det enkelt och s\u00e4kert att aldrig missa n\u00e5gon Insta-story.<\/p>\n<\/div>\n<\/div>\n\n\n\n<h2 class=\"wp-block-heading has-text-align-center\">Hur laddar man ner Instagram Stories?<\/h2>\n\n\n\n<hr class=\"wp-block-separator has-alpha-channel-opacity has-fabled-sunset-gradient-background has-background is-style-wide\"\/>\n\n\n\n<p>Det tar bara tre snabba och enkla steg att ladda ner valfri Instagram Story till din enhet \u2013 ingen app eller konto kr\u00e4vs.<\/p>\n\n\n\n<div class=\"wp-block-columns is-layout-flex wp-container-core-columns-is-layout-28f84493 wp-block-columns-is-layout-flex\">\n<div class=\"wp-block-column is-layout-flow wp-block-column-is-layout-flow\" style=\"box-shadow:var(--wp--preset--shadow--natural)\">\n<figure class=\"wp-block-image size-full has-custom-border\"><img loading=\"lazy\" decoding=\"async\" width=\"650\" height=\"413\" src=\"https:\/\/unduhvideoig.app\/wp-content\/uploads\/2025\/07\/copy.webp\" alt=\"Kopiera\" class=\"wp-image-496\" style=\"border-radius:10px\" srcset=\"https:\/\/unduhvideoig.app\/wp-content\/uploads\/2025\/07\/copy.webp 650w, https:\/\/unduhvideoig.app\/wp-content\/uploads\/2025\/07\/copy-300x191.webp 300w\" sizes=\"auto, (max-width: 650px) 100vw, 650px\" \/><\/figure>\n\n\n\n<h3 class=\"wp-block-heading has-text-align-center\">Kopiera l\u00e4nken<\/h3>\n\n\n\n<hr class=\"wp-block-separator has-alpha-channel-opacity is-style-wide\"\/>\n\n\n\n<p>\u00d6ppna Instagram, tryck p\u00e5 den story du vill spara och klicka p\u00e5 <strong>\u22ef<\/strong> (meny). Tryck sedan p\u00e5 \u201dKopiera l\u00e4nk\u201d.<\/p>\n<\/div>\n\n\n\n<div class=\"wp-block-column is-layout-flow wp-block-column-is-layout-flow\" style=\"box-shadow:var(--wp--preset--shadow--natural)\">\n<figure class=\"wp-block-image size-full has-custom-border\"><img loading=\"lazy\" decoding=\"async\" width=\"650\" height=\"413\" src=\"https:\/\/unduhvideoig.app\/wp-content\/uploads\/2025\/07\/paste.webp\" alt=\"Klistra\" class=\"wp-image-497\" style=\"border-radius:10px\" srcset=\"https:\/\/unduhvideoig.app\/wp-content\/uploads\/2025\/07\/paste.webp 650w, https:\/\/unduhvideoig.app\/wp-content\/uploads\/2025\/07\/paste-300x191.webp 300w\" sizes=\"auto, (max-width: 650px) 100vw, 650px\" \/><\/figure>\n\n\n\n<h3 class=\"wp-block-heading has-text-align-center\">Klistra in URL:en<\/h3>\n\n\n\n<hr class=\"wp-block-separator has-alpha-channel-opacity is-style-wide\"\/>\n\n\n\n<p>G\u00e5 tillbaka till den h\u00e4r sidan, klistra in l\u00e4nken till ber\u00e4ttelsen i f\u00e4ltet ovan och klicka p\u00e5 Ladda ner.<\/p>\n<\/div>\n\n\n\n<div class=\"wp-block-column is-layout-flow wp-block-column-is-layout-flow\" style=\"box-shadow:var(--wp--preset--shadow--natural)\">\n<figure class=\"wp-block-image size-full has-custom-border\"><img loading=\"lazy\" decoding=\"async\" width=\"650\" height=\"413\" src=\"https:\/\/unduhvideoig.app\/wp-content\/uploads\/2025\/07\/download.webp\" alt=\"Ladda ner\" class=\"wp-image-498\" style=\"border-radius:10px\" srcset=\"https:\/\/unduhvideoig.app\/wp-content\/uploads\/2025\/07\/download.webp 650w, https:\/\/unduhvideoig.app\/wp-content\/uploads\/2025\/07\/download-300x191.webp 300w\" sizes=\"auto, (max-width: 650px) 100vw, 650px\" \/><\/figure>\n\n\n\n<h3 class=\"wp-block-heading has-text-align-center\">Ladda ner<\/h3>\n\n\n\n<hr class=\"wp-block-separator has-alpha-channel-opacity is-style-wide\"\/>\n\n\n\n<p>Efter n\u00e5gra sekunder kan du ladda ner ber\u00e4ttelsefilen till din enhet \u2013 oavsett om det \u00e4r ett foto eller en video-ber\u00e4ttelse.<\/p>\n<\/div>\n<\/div>\n\n\n\n<h2 class=\"wp-block-heading has-text-align-center\">Ladda ner VideoIg.App Instagram Story<\/h2>\n\n\n\n<hr class=\"wp-block-separator has-alpha-channel-opacity has-fabled-sunset-gradient-background has-background is-style-wide\"\/>\n\n\n\n<p>Instagram Stories \u00e4r tillf\u00e4lliga foton och videos-stories som delas av anv\u00e4ndare och som automatiskt f\u00f6rsvinner efter 24 timmar. Highlights, \u00e5 andra sidan, \u00e4r kurerade samlingar av Stories som finns kvar p\u00e5 en anv\u00e4ndares profil permanent tills de raderas.<\/p>\n\n\n\n<p>\u00c4ven om Instagram inte erbjuder ett s\u00e4tt att ladda ner dessa som standard, ger v\u00e5rt verktyg dig en snabb och enkel l\u00f6sning f\u00f6r att ladda ner Instagram Stories och spara dem f\u00f6r offlinevisning, arkivering eller personligt bruk.<\/p>\n\n\n\n<div class=\"wp-block-columns is-layout-flex wp-container-core-columns-is-layout-28f84493 wp-block-columns-is-layout-flex\" style=\"box-shadow:var(--wp--preset--shadow--natural)\">\n<div class=\"wp-block-column is-layout-flow wp-block-column-is-layout-flow\" style=\"flex-basis:66.66%\">\n<h3 class=\"wp-block-heading\">Story Saver<\/h3>\n\n\n\n<p>Se till att Instagram Story du vill ladda ner kommer fr\u00e5n ditt offentliga konto. V\u00e5rt verktyg st\u00f6der endast offentligt synliga Stories och Highlights f\u00f6r att respektera sekretessriktlinjerna. Anv\u00e4nd alltid nedladdningsverktyget ansvarsfullt och f\u00f6lj plattformens regler n\u00e4r du laddar ner Stories eller Highlights fr\u00e5n dina konton.<\/p>\n<\/div>\n\n\n\n<div class=\"wp-block-column is-layout-flow wp-block-column-is-layout-flow\" style=\"flex-basis:33.33%\">\n<figure class=\"wp-block-image size-full\"><img loading=\"lazy\" decoding=\"async\" width=\"600\" height=\"450\" src=\"https:\/\/unduhvideoig.app\/wp-content\/uploads\/2025\/07\/save_video.webp\" alt=\"Spara video\" class=\"wp-image-483\" srcset=\"https:\/\/unduhvideoig.app\/wp-content\/uploads\/2025\/07\/save_video.webp 600w, https:\/\/unduhvideoig.app\/wp-content\/uploads\/2025\/07\/save_video-300x225.webp 300w\" sizes=\"auto, (max-width: 600px) 100vw, 600px\" \/><\/figure>\n<\/div>\n<\/div>\n\n\n\n<div class=\"wp-block-columns is-layout-flex wp-container-core-columns-is-layout-28f84493 wp-block-columns-is-layout-flex\" style=\"box-shadow:var(--wp--preset--shadow--natural)\">\n<div class=\"wp-block-column is-layout-flow wp-block-column-is-layout-flow\" style=\"flex-basis:33.33%\">\n<figure class=\"wp-block-image size-full\"><img loading=\"lazy\" decoding=\"async\" width=\"600\" height=\"450\" src=\"https:\/\/unduhvideoig.app\/wp-content\/uploads\/2025\/07\/reels_downloader.webp\" alt=\"Nedladdare f\u00f6r rullar\" class=\"wp-image-472\" srcset=\"https:\/\/unduhvideoig.app\/wp-content\/uploads\/2025\/07\/reels_downloader.webp 600w, https:\/\/unduhvideoig.app\/wp-content\/uploads\/2025\/07\/reels_downloader-300x225.webp 300w\" sizes=\"auto, (max-width: 600px) 100vw, 600px\" \/><\/figure>\n<\/div>\n\n\n\n<div class=\"wp-block-column is-layout-flow wp-block-column-is-layout-flow\" style=\"flex-basis:66.66%\">\n<h3 class=\"wp-block-heading\">Ber\u00e4ttelsenedladdare<\/h3>\n\n\n\n<p>Du kan ladda ner Instagram Stories online genom att helt enkelt klistra in storyl\u00e4nken i f\u00e4ltet ovan. Det h\u00e4r Instagram Story Saver-verktyget \u00e4r helt gratis att anv\u00e4nda, kr\u00e4ver ingen registrering och fungerar anonymt \u2013 ingen personlig inloggning eller appanv\u00e4ndning beh\u00f6vs.<\/p>\n<\/div>\n<\/div>\n\n\n\n<div class=\"wp-block-columns is-layout-flex wp-container-core-columns-is-layout-28f84493 wp-block-columns-is-layout-flex\" style=\"box-shadow:var(--wp--preset--shadow--natural)\">\n<div class=\"wp-block-column is-layout-flow wp-block-column-is-layout-flow\" style=\"flex-basis:66.66%\">\n<h3 class=\"wp-block-heading\">Ladda ner p\u00e5 mobil eller dator \u2014 Ingen app beh\u00f6vs<\/h3>\n\n\n\n<p>Allt fungerar direkt fr\u00e5n din webbl\u00e4sare \u2013 inga nedladdningar eller till\u00e4gg kr\u00e4vs. Ladda ner valfria foton, video:er, reels:er, IGTV med ett klick utan vattenst\u00e4mplar i h\u00f6g uppl\u00f6sning! Men om du \u00e4r en avancerad anv\u00e4ndare, h\u00e5ll utkik \u2013 vi arbetar p\u00e5 ett webbl\u00e4sartill\u00e4gg f\u00f6r \u00e4nnu enklare \u00e5tkomst.<\/p>\n<\/div>\n\n\n\n<div class=\"wp-block-column is-layout-flow wp-block-column-is-layout-flow\" style=\"flex-basis:33.33%\">\n<figure class=\"wp-block-image size-full\"><img loading=\"lazy\" decoding=\"async\" width=\"600\" height=\"450\" src=\"https:\/\/unduhvideoig.app\/wp-content\/uploads\/2025\/07\/mobile_app.webp\" alt=\"Mobilapp\" class=\"wp-image-477\" srcset=\"https:\/\/unduhvideoig.app\/wp-content\/uploads\/2025\/07\/mobile_app.webp 600w, https:\/\/unduhvideoig.app\/wp-content\/uploads\/2025\/07\/mobile_app-300x225.webp 300w\" sizes=\"auto, (max-width: 600px) 100vw, 600px\" \/><\/figure>\n<\/div>\n<\/div>\n\n\n\n<h2 class=\"wp-block-heading has-text-align-center\">Vanliga fr\u00e5gor (FAQ)<\/h2>\n\n\n\n<hr class=\"wp-block-separator has-alpha-channel-opacity has-fabled-sunset-gradient-background has-background is-style-wide\"\/>\n\n\n\n<p>Nedan hittar du svar p\u00e5 de vanligaste fr\u00e5gorna om hur du anv\u00e4nder v\u00e5r UnduhVideoIg.App Instagram Story Downloader. Om din fr\u00e5ga inte finns med i listan \u00e4r du v\u00e4lkommen att kontakta oss n\u00e4r som helst via e-post via v\u00e5r kontaktsida.<\/p>\n\n\n\n<h3 class=\"wp-block-heading\">Vad \u00e4r Instagram Stories och Highlights?<\/h3>\n\n\n\n<p>Stories \u00e4r korta video-bilder eller foton som f\u00f6rsvinner efter 24 timmar. Highlights \u00e4r samlingar av ber\u00e4ttelser som sparas permanent p\u00e5 en anv\u00e4ndares profil. V\u00e5rt verktyg l\u00e5ter dig ladda ner b\u00e5da formaten snabbt och enkelt.<\/p>\n\n\n\n<h3 class=\"wp-block-heading\">Hur kan jag ladda ner Instagram Stories?<\/h3>\n\n\n\n<p>F\u00f6r att ladda ner en Instagram Story, f\u00f6lj dessa enkla steg:<\/p>\n\n\n\n<ul class=\"wp-block-list\">\n<li>\u00d6ppna Instagram och tryck p\u00e5 miniatyrbilden f\u00f6r ber\u00e4ttelsen h\u00f6gst upp i ditt fl\u00f6de.<\/li>\n\n\n\n<li>N\u00e4r ber\u00e4ttelsen \u00e4r \u00f6ppen trycker du p\u00e5 menyikonen med tre punkter (<strong>\u22ef<\/strong>) i det \u00f6vre h\u00f6gra h\u00f6rnet.<\/li>\n\n\n\n<li>V\u00e4lj &quot;Kopiera l\u00e4nk&quot; fr\u00e5n menyn som visas.<\/li>\n\n\n\n<li>G\u00e5 till UnduhVideoIg.App och klistra in den kopierade l\u00e4nken i inmatningsf\u00e4ltet.<\/li>\n\n\n\n<li>Klicka p\u00e5 knappen Ladda ner \u2013 din ber\u00e4ttelse kan sparas p\u00e5 din enhet p\u00e5 n\u00e5gra sekunder.<\/li>\n<\/ul>\n\n\n\n<h3 class=\"wp-block-heading\">Kan jag ladda ner Instagram Stories p\u00e5 Android eller iPhone?<\/h3>\n\n\n\n<p>Ja, det \u00e4r enkelt att ladda ner Instagram Stories med oss! V\u00e5rt program f\u00f6r nedladdning av Instagram Stories \u00e4r helt kompatibelt med mobila enheter. Du kan anv\u00e4nda det p\u00e5 Android och iOS via Chrome, Safari eller vilken webbl\u00e4sare som helst f\u00f6r att ladda ner valfria stories eller h\u00f6jdpunkter.<\/p>\n\n\n\n<h3 class=\"wp-block-heading\">Finns det en gr\u00e4ns f\u00f6r hur m\u00e5nga Instagram Stories jag kan spara?<\/h3>\n\n\n\n<p>Nej, det finns inga begr\u00e4nsningar f\u00f6r nedladdning av Instagram-stories. Du kan ladda ner s\u00e5 m\u00e5nga stories eller h\u00f6jdpunkter som du vill \u2013 gratis och utan begr\u00e4nsningar.<\/p>\n\n\n\n<h3 class=\"wp-block-heading\">\u00c4r det h\u00e4r verktyget verkligen gratis och s\u00e4kert att anv\u00e4nda?<\/h3>\n\n\n\n<p>Helt gratis nedladdningstj\u00e4nst f\u00f6r Instagram-stories. Denna nedladdningstj\u00e4nst f\u00f6r Instagram-stories \u00e4r gratis, anonym och s\u00e4ker. Vi lagrar inte l\u00e4nkar, loggar aktivitet eller ber om n\u00e5gon personlig information n\u00e4r du laddar ner din Instagram-story.<\/p>","protected":false},"excerpt":{"rendered":"<p>Instagram Story Saver Download Your Story and Highlights from Instagram Download With the usage of our service, you\u2019re accepting our Terms of Usage. Instagram Story Saver Instagram story is designed to disappear after 24 hours \u2014 but some moments deserve to be saved forever. With UnduhVideoIg Story Saver, you can easily download Instagram Story and [&hellip;]<\/p>\n","protected":false},"author":1,"featured_media":0,"parent":0,"menu_order":0,"comment_status":"closed","ping_status":"closed","template":"","meta":{"slim_seo":{"title":"Story Saver \u2013 Nedladdning av Instagram Stories","description":"Ladda ner IG Stories gratis utan app. Spara dina favorit Instagram Stories enkelt, snabbt, i HD-kvalitet och utan vattenst\u00e4mplar, direkt online!"},"footnotes":""},"class_list":["post-339","page","type-page","status-publish","hentry"],"blocksy_meta":{"background":{"background_type":"color","background_pattern":"type-1","background_image":{"attachment_id":null,"x":0,"y":0},"gradient":"linear-gradient(135deg,rgba(6,147,227,1) 0%,rgb(155,81,224) 100%)","background_repeat":"repeat","background_size":"auto","background_attachment":"scroll","patternColor":{"default":{"color":"#e5e7ea"}},"overlayColor":{"default":{"color":"CT_CSS_SKIP_RULE"}},"backgroundColor":{"default":{"color":"CT_CSS_SKIP_RULE"}}},"styles_descriptor":{"styles":{"desktop":"[data-prefix=\"single_page\"] [class*=\"ct-container\"] > article[class*=\"post\"] {--has-boxed:var(--false);--has-wide:var(--true);}","tablet":"","mobile":""},"google_fonts":[],"version":6},"content_style_source":"custom","content_style":"wide","has_hero_section":"disabled"},"_links":{"self":[{"href":"https:\/\/unduhvideoig.app\/sv\/wp-json\/wp\/v2\/pages\/339","targetHints":{"allow":["GET"]}}],"collection":[{"href":"https:\/\/unduhvideoig.app\/sv\/wp-json\/wp\/v2\/pages"}],"about":[{"href":"https:\/\/unduhvideoig.app\/sv\/wp-json\/wp\/v2\/types\/page"}],"author":[{"embeddable":true,"href":"https:\/\/unduhvideoig.app\/sv\/wp-json\/wp\/v2\/users\/1"}],"replies":[{"embeddable":true,"href":"https:\/\/unduhvideoig.app\/sv\/wp-json\/wp\/v2\/comments?post=339"}],"version-history":[{"count":16,"href":"https:\/\/unduhvideoig.app\/sv\/wp-json\/wp\/v2\/pages\/339\/revisions"}],"predecessor-version":[{"id":660,"href":"https:\/\/unduhvideoig.app\/sv\/wp-json\/wp\/v2\/pages\/339\/revisions\/660"}],"wp:attachment":[{"href":"https:\/\/unduhvideoig.app\/sv\/wp-json\/wp\/v2\/media?parent=339"}],"curies":[{"name":"wp","href":"https:\/\/api.w.org\/{rel}","templated":true}]}}