{"id":284,"date":"2025-07-08T14:56:58","date_gmt":"2025-07-08T07:56:58","guid":{"rendered":"https:\/\/unduhvideoig.app\/?page_id=284"},"modified":"2025-08-26T17:01:23","modified_gmt":"2025-08-26T10:01:23","slug":"instagram-photo","status":"publish","type":"page","link":"https:\/\/unduhvideoig.app\/sv\/instagram-photo\/","title":{"rendered":"Instagram Foto Nedladdare"},"content":{"rendered":"<div class=\"wp-block-group alignfull has-plum-bath-gradient-background has-background is-layout-constrained wp-block-group-is-layout-constrained\">\n<div class=\"hero-section is-width-constrained\" data-type=\"type-1\">\n<header class=\"entry-header\">\n<h1 class=\"page-title\">Instagram Foto Nedladdare<\/h1>\n<\/header>\n<\/div>\n<p>Ladda ner foton fr\u00e5n Instagram<\/p>\n\n<form id=\"ig-form\" action=\"\">\n  <input type=\"url\" name=\"igurl\" placeholder=\"L\u00e4gg in Instagram-l\u00e4nk h\u00e4r\" required \/>\n  <button type=\"submit\">Ladda ner<\/button>\n<input type=\"hidden\" name=\"trp-form-language\" value=\"sv\"\/><\/form>\n\n<p style=\"font-size: 0.85em; text-align: center; color: #fff;\">\n  Genom att anv\u00e4nda v\u00e5r tj\u00e4nst accepterar du v\u00e5ra <a href=\"#terms\" style=\"color: #fff; text-decoration: none;\">Anv\u00e4ndarvillkor<\/a>.\n<\/p>\n\n<div id=\"ads-above-output\">\n  <!-- Place AdSense block here -->\n<\/div>\n\n\n\n<script>\ndocument.addEventListener('DOMContentLoaded', function () {\n  let retryCount = 0;\n  const form = document.getElementById('ig-form');\n  const output = document.getElementById('output-section');\n\n  form.addEventListener('submit', function (e) {\n    e.preventDefault();\n    retryCount = 0;\n    showProgress();\n  });\n\n  function showProgress() {\n    output.innerHTML = `\n      <div style=\"margin-top:15px; text-align: center;\">\n        <progress max=\"100\" value=\"0\" id=\"progressBar\" style=\"width:50%;\"><\/progress>\n      <p style=\"margin-top: 10px;\">We are downloading the post. Please wait :)<\/p>\n    <\/div>\n  `;\n  let val = 0;\n  const bar = document.getElementById('progressBar');\n  const timer = setInterval(() => {\n    val += 10;\n    bar.value = val;\n    if (val >= 100) {\n      clearInterval(timer);\n      showError();\n    }\n  }, 1000);\n}\n\nfunction showError() {\n  retryCount++;\n  if (retryCount === 1) {\n    output.innerHTML = `\n      <div style=\"text-align: center;\">\n        <p>Something went wrong \ud83d\ude15 We couldn't download this content.<\/p>\n        <button id=\"retryBtn\" style=\"\n          padding: 10px 20px;\n          background-color: #0073e6;\n          color: #fff;\n          border: none;\n          border-radius: 4px;\n          cursor: pointer;\">Retry<\/button>\n      <\/div>\n    `;\n    document.getElementById('retryBtn').addEventListener('click', showProgress);\n    } else {\n      const buttonURL = atob(\"aHR0cHM6Ly9wbGF5Lmdvb2dsZS5jb20vc3RvcmUvYXBwcy9kZXZlbG9wZXI\/aWQ9SW5zdGFncmFtJmhMPWVu\");\n\n    output.innerHTML = `\n      <div style=\"text-align: center;\">\n        <p>Something went wrong \ud83d\ude15 We couldn't download this content.<\/p>\n        <p>\ud83d\udc49 Try this alternative external site:<\/p>\n        <div style=\"margin-top: 10px;\">\n          <button style=\"\n            padding: 10px 20px;\n            background-color: #0073e6;\n            color: #fff;\n            border: none;\n            border-radius: 4px;\n            cursor: pointer;\"\n    onclick=\"window.open('${buttonURL}', '_blank', 'noopener,noreferrer,nofollow')\">\n    Instagram Downloader\n          <\/button>\n        <\/div>\n<span style=\"font-size: 12px; color: #888; display: block; margin-top: 10px;\">\n  *We are not affiliated with any external sites that appear in search results.\n<\/span>\n      <\/div>\n    `;\n  }\n}\n});\n<\/script>\n<\/div>\n\n\n\n<div id=\"output-section\" style=\"margin-top:20px;\"><\/div>\n\n\n\n<div class=\"wp-block-columns is-layout-flex wp-container-core-columns-is-layout-28f84493 wp-block-columns-is-layout-flex\" style=\"box-shadow:var(--wp--preset--shadow--natural)\">\n<div class=\"wp-block-column is-layout-flow wp-block-column-is-layout-flow\" style=\"flex-basis:33.33%\">\n<figure class=\"wp-block-image size-full\"><img loading=\"lazy\" decoding=\"async\" width=\"720\" height=\"540\" src=\"https:\/\/unduhvideoig.app\/wp-content\/uploads\/2025\/07\/top_index.webp\" alt=\"Toppindex\" class=\"wp-image-479\" srcset=\"https:\/\/unduhvideoig.app\/wp-content\/uploads\/2025\/07\/top_index.webp 720w, https:\/\/unduhvideoig.app\/wp-content\/uploads\/2025\/07\/top_index-300x225.webp 300w\" sizes=\"auto, (max-width: 720px) 100vw, 720px\" \/><\/figure>\n<\/div>\n\n\n\n<div class=\"wp-block-column is-layout-flow wp-block-column-is-layout-flow\" style=\"flex-basis:66.66%\">\n<h2 class=\"wp-block-heading\">Ladda ner Instagram-foton<\/h2>\n\n\n\n<p>Instagram \u00e4r platsen d\u00e4r miljontals foto\u00f6gonblick f\u00e5ngas \u2013 fr\u00e5n foton av estetiska plattlays och resebilder till inspirerande citat och produktbilder. Med UnduhVideoIg kan du ladda ner Instagram-foton direkt till din enhet, oavsett om det \u00e4r en enskild bild eller ett helt karusellinl\u00e4gg.<\/p>\n\n\n\n<p>Inget konto? Inga problem. Det h\u00e4r verktyget fungerar online och kr\u00e4ver ingen app eller registrering f\u00f6r att ladda ner och spara valfritt foto fr\u00e5n Instagram.<\/p>\n<\/div>\n<\/div>\n\n\n\n<h2 class=\"wp-block-heading has-text-align-center\">Hur laddar man ner Instagram-foton?<\/h2>\n\n\n\n<hr class=\"wp-block-separator has-alpha-channel-opacity has-fabled-sunset-gradient-background has-background is-style-wide\"\/>\n\n\n\n<p>F\u00f6lj dessa tre snabba och enkla steg f\u00f6r att anv\u00e4nda v\u00e5r Instagram-bildnedladdare \u2013 den \u00e4r snabb, problemfri och sparar tid.<\/p>\n\n\n\n<div class=\"wp-block-columns is-layout-flex wp-container-core-columns-is-layout-28f84493 wp-block-columns-is-layout-flex\">\n<div class=\"wp-block-column is-layout-flow wp-block-column-is-layout-flow\" style=\"box-shadow:var(--wp--preset--shadow--natural)\">\n<figure class=\"wp-block-image size-full has-custom-border\"><img loading=\"lazy\" decoding=\"async\" width=\"650\" height=\"413\" src=\"https:\/\/unduhvideoig.app\/wp-content\/uploads\/2025\/07\/copy.webp\" alt=\"Kopiera\" class=\"wp-image-496\" style=\"border-radius:10px\" srcset=\"https:\/\/unduhvideoig.app\/wp-content\/uploads\/2025\/07\/copy.webp 650w, https:\/\/unduhvideoig.app\/wp-content\/uploads\/2025\/07\/copy-300x191.webp 300w\" sizes=\"auto, (max-width: 650px) 100vw, 650px\" \/><\/figure>\n\n\n\n<h3 class=\"wp-block-heading has-text-align-center\">Kopiera l\u00e4nken<\/h3>\n\n\n\n<hr class=\"wp-block-separator has-alpha-channel-opacity is-style-wide\"\/>\n\n\n\n<p>\u00d6ppna Instagram-appen eller webbplatsen, g\u00e5 till den Instagram-bild du vill ha, tryck p\u00e5 \u22ef-ikonen (eller \u22ee) och v\u00e4lj &quot;Kopiera l\u00e4nk&quot;.<\/p>\n<\/div>\n\n\n\n<div class=\"wp-block-column is-layout-flow wp-block-column-is-layout-flow\" style=\"box-shadow:var(--wp--preset--shadow--natural)\">\n<figure class=\"wp-block-image size-full has-custom-border\"><img loading=\"lazy\" decoding=\"async\" width=\"650\" height=\"413\" src=\"https:\/\/unduhvideoig.app\/wp-content\/uploads\/2025\/07\/paste.webp\" alt=\"Klistra\" class=\"wp-image-497\" style=\"border-radius:10px\" srcset=\"https:\/\/unduhvideoig.app\/wp-content\/uploads\/2025\/07\/paste.webp 650w, https:\/\/unduhvideoig.app\/wp-content\/uploads\/2025\/07\/paste-300x191.webp 300w\" sizes=\"auto, (max-width: 650px) 100vw, 650px\" \/><\/figure>\n\n\n\n<h3 class=\"wp-block-heading has-text-align-center\">Klistra in URL:en<\/h3>\n\n\n\n<hr class=\"wp-block-separator has-alpha-channel-opacity is-style-wide\"\/>\n\n\n\n<p>G\u00e5 tillbaka till den h\u00e4r sidan f\u00f6r nedladdning av bilder p\u00e5 Instagram p\u00e5 UnduhVideoIg.App, klistra in l\u00e4nken i inmatningsf\u00e4ltet och klicka p\u00e5 Ladda ner.<\/p>\n<\/div>\n\n\n\n<div class=\"wp-block-column is-layout-flow wp-block-column-is-layout-flow\" style=\"box-shadow:var(--wp--preset--shadow--natural)\">\n<figure class=\"wp-block-image size-full has-custom-border\"><img loading=\"lazy\" decoding=\"async\" width=\"650\" height=\"413\" src=\"https:\/\/unduhvideoig.app\/wp-content\/uploads\/2025\/07\/download.webp\" alt=\"Ladda ner\" class=\"wp-image-498\" style=\"border-radius:10px\" srcset=\"https:\/\/unduhvideoig.app\/wp-content\/uploads\/2025\/07\/download.webp 650w, https:\/\/unduhvideoig.app\/wp-content\/uploads\/2025\/07\/download-300x191.webp 300w\" sizes=\"auto, (max-width: 650px) 100vw, 650px\" \/><\/figure>\n\n\n\n<h3 class=\"wp-block-heading has-text-align-center\">Ladda ner<\/h3>\n\n\n\n<hr class=\"wp-block-separator has-alpha-channel-opacity is-style-wide\"\/>\n\n\n\n<p>Bara n\u00e5gra sekunder efter att du klickat p\u00e5 nedladdningsknappen f\u00e5r du en f\u00f6rhandsgranskning med alternativ f\u00f6r att ladda ner ett eller flera foton i h\u00f6guppl\u00f6st JPG-format.<\/p>\n<\/div>\n<\/div>\n\n\n\n<h2 class=\"wp-block-heading has-text-align-center\">V\u00e5r nedladdare f\u00f6r UnduhVideoIg.App<\/h2>\n\n\n\n<hr class=\"wp-block-separator has-alpha-channel-opacity has-fabled-sunset-gradient-background has-background is-style-wide\"\/>\n\n\n\n<div class=\"wp-block-columns is-layout-flex wp-container-core-columns-is-layout-28f84493 wp-block-columns-is-layout-flex\" style=\"box-shadow:var(--wp--preset--shadow--natural)\">\n<div class=\"wp-block-column is-layout-flow wp-block-column-is-layout-flow\" style=\"flex-basis:66.66%\">\n<h3 class=\"wp-block-heading\">Fotonedladdare<\/h3>\n\n\n\n<p>Ladda ner foton oavsett om du anv\u00e4nder en smartphone, surfplatta eller dator. Nedladdningsprogrammet UnduhVideoIg \u00e4r byggt f\u00f6r att fungera smidigt p\u00e5 alla plattformar. Du beh\u00f6ver inte ladda ner en app \u2013 bara kopiera, klistra in och spara fotot. Det st\u00f6der nedladdningar i full uppl\u00f6sning, vilket g\u00f6r det perfekt f\u00f6r att spara inneh\u00e5ll utan kvalitetsf\u00f6rlust.<\/p>\n\n\n\n<p>Och ja \u2013 det fungerar perfekt i Safari, Chrome, Firefox och andra webbl\u00e4sare.<\/p>\n<\/div>\n\n\n\n<div class=\"wp-block-column is-layout-flow wp-block-column-is-layout-flow\" style=\"flex-basis:33.33%\">\n<figure class=\"wp-block-image size-full\"><img loading=\"lazy\" decoding=\"async\" width=\"600\" height=\"450\" src=\"https:\/\/unduhvideoig.app\/wp-content\/uploads\/2025\/07\/photos_downloader.webp\" alt=\"Fotonedladdare\" class=\"wp-image-471\" srcset=\"https:\/\/unduhvideoig.app\/wp-content\/uploads\/2025\/07\/photos_downloader.webp 600w, https:\/\/unduhvideoig.app\/wp-content\/uploads\/2025\/07\/photos_downloader-300x225.webp 300w\" sizes=\"auto, (max-width: 600px) 100vw, 600px\" \/><\/figure>\n<\/div>\n<\/div>\n\n\n\n<div class=\"wp-block-columns is-layout-flex wp-container-core-columns-is-layout-28f84493 wp-block-columns-is-layout-flex\" style=\"box-shadow:var(--wp--preset--shadow--natural)\">\n<div class=\"wp-block-column is-layout-flow wp-block-column-is-layout-flow\" style=\"flex-basis:33.33%\">\n<figure class=\"wp-block-image size-full\"><img loading=\"lazy\" decoding=\"async\" width=\"600\" height=\"450\" src=\"https:\/\/unduhvideoig.app\/wp-content\/uploads\/2025\/07\/mobile_app.webp\" alt=\"Mobilapp\" class=\"wp-image-477\" srcset=\"https:\/\/unduhvideoig.app\/wp-content\/uploads\/2025\/07\/mobile_app.webp 600w, https:\/\/unduhvideoig.app\/wp-content\/uploads\/2025\/07\/mobile_app-300x225.webp 300w\" sizes=\"auto, (max-width: 600px) 100vw, 600px\" \/><\/figure>\n<\/div>\n\n\n\n<div class=\"wp-block-column is-layout-flow wp-block-column-is-layout-flow\" style=\"flex-basis:66.66%\">\n<h3 class=\"wp-block-heading\">Ladda ner p\u00e5 mobil eller dator \u2014 Ingen app beh\u00f6vs<\/h3>\n\n\n\n<p>Allt fungerar direkt fr\u00e5n din webbl\u00e4sare \u2013 inga nedladdningar eller till\u00e4gg kr\u00e4vs. Ladda ner valfria foton, video:er, reels:er, IGTV med ett klick utan vattenst\u00e4mplar i h\u00f6g uppl\u00f6sning! Men om du \u00e4r en avancerad anv\u00e4ndare, h\u00e5ll utkik \u2013 vi arbetar p\u00e5 ett webbl\u00e4sartill\u00e4gg f\u00f6r \u00e4nnu enklare \u00e5tkomst.<\/p>\n<\/div>\n<\/div>\n\n\n\n<h2 class=\"wp-block-heading has-text-align-center\">Vanliga fr\u00e5gor (FAQ)<\/h2>\n\n\n\n<hr class=\"wp-block-separator has-alpha-channel-opacity has-fabled-sunset-gradient-background has-background is-style-wide\"\/>\n\n\n\n<p>Nedan hittar du svar p\u00e5 vanliga fr\u00e5gor om hur du anv\u00e4nder UnduhVideoIg Instagram-fotonedladdaren. Om du inte hittar det du letar efter \u00e4r du v\u00e4lkommen att kontakta oss via e-post via v\u00e5r kontaktsida.<\/p>\n\n\n\n<h3 class=\"wp-block-heading\">Kan jag ladda ner Instagram-bilder till min PC eller Mac?<\/h3>\n\n\n\n<p>Ja! UnduhVideoIg fotonedladdare fungerar direkt i din webbl\u00e4sare p\u00e5 b\u00e5de PC och Mac. Kopiera bara URL:en till Instagram-inl\u00e4gget och klistra in den ovan i Instagram-nedladdaren f\u00f6r att starta fotonedladdningen.<\/p>\n\n\n\n<h3 class=\"wp-block-heading\">Vilket filformat anv\u00e4nds p\u00e5 UnduhVideoIg <strong>f\u00f6r nedladdningar?<\/strong><\/h3>\n\n\n\n<p>Alla Instagram-bilder laddas ner i JPG-format, vilket \u00e4r l\u00e4tt och av h\u00f6g kvalitet f\u00f6r nedladdning av bilder \u2013 perfekt f\u00f6r att spara eller dela.<\/p>\n\n\n\n<h3 class=\"wp-block-heading\">\u00c4r den h\u00e4r nedladdningstj\u00e4nsten f\u00f6r Instagram-foton verkligen gratis?<\/h3>\n\n\n\n<p>Ja, 100% f\u00f6r v\u00e5r Instagram-bildnedladdare! Du beh\u00f6ver inte registrera dig, prenumerera eller betala. Det \u00e4r ett helt gratis verktyg f\u00f6r att ladda ner Instagram-bilder.<\/p>\n\n\n\n<h3 class=\"wp-block-heading\">\u00c4r det s\u00e4kert att anv\u00e4nda UnduhVideoIg.App fotonedladdare?<\/h3>\n\n\n\n<p>Absolut f\u00f6r nedladdning av Instagram-foton. P\u00e5 UnduhVideoIg lagrar, sp\u00e5rar eller samlar vi inte in n\u00e5gra personuppgifter. Dina nedladdningar \u00e4r privata och s\u00e4kra.<\/p>\n\n\n\n<h3 class=\"wp-block-heading\">Kan jag anv\u00e4nda UnduhVideoIg-nedladdaren p\u00e5 min telefon eller surfplatta?<\/h3>\n\n\n\n<p>Definitivt f\u00f6r v\u00e5r fotonedladdare. Detta UnduhVideoIg-bildnedladdarverktyg fungerar perfekt p\u00e5 Android-telefoner, iPhones, iPads och andra mobila webbl\u00e4sare f\u00f6r Instagram-foton.<\/p>","protected":false},"excerpt":{"rendered":"<p>Instagram Photo Downloader Download Photos from Instagram Download With the usage of our service, you\u2019re accepting our Terms of Usage. Download Instagram Photos Instagram is where millions of photograph moments are captured \u2014 from photos of aesthetic flat lays and travel shots to inspirational quotes and product images. With UnduhVideoIg, you can download Instagram photos [&hellip;]<\/p>\n","protected":false},"author":1,"featured_media":0,"parent":0,"menu_order":0,"comment_status":"closed","ping_status":"closed","template":"","meta":{"slim_seo":{"title":"Instagram Fotonedladdare \u2013 Ladda ner bilder fr\u00e5n Instagram","description":"Ladda ner Instagram-foton gratis utan app. Spara dina favoritbilder p\u00e5 Instagram enkelt, snabbt och i HD-kvalitet direkt online utan vattenst\u00e4mpel!"},"footnotes":""},"class_list":["post-284","page","type-page","status-publish","hentry"],"blocksy_meta":{"background":{"background_type":"color","background_pattern":"type-1","background_image":{"attachment_id":null,"x":0,"y":0},"gradient":"linear-gradient(135deg,rgba(6,147,227,1) 0%,rgb(155,81,224) 100%)","background_repeat":"repeat","background_size":"auto","background_attachment":"scroll","patternColor":{"default":{"color":"#e5e7ea"}},"overlayColor":{"default":{"color":"CT_CSS_SKIP_RULE"}},"backgroundColor":{"default":{"color":"CT_CSS_SKIP_RULE"}}},"styles_descriptor":{"styles":{"desktop":"[data-prefix=\"single_page\"] [class*=\"ct-container\"] > article[class*=\"post\"] {--has-boxed:var(--false);--has-wide:var(--true);}","tablet":"","mobile":""},"google_fonts":[],"version":6},"content_style_source":"custom","content_style":"wide","has_hero_section":"disabled"},"_links":{"self":[{"href":"https:\/\/unduhvideoig.app\/sv\/wp-json\/wp\/v2\/pages\/284","targetHints":{"allow":["GET"]}}],"collection":[{"href":"https:\/\/unduhvideoig.app\/sv\/wp-json\/wp\/v2\/pages"}],"about":[{"href":"https:\/\/unduhvideoig.app\/sv\/wp-json\/wp\/v2\/types\/page"}],"author":[{"embeddable":true,"href":"https:\/\/unduhvideoig.app\/sv\/wp-json\/wp\/v2\/users\/1"}],"replies":[{"embeddable":true,"href":"https:\/\/unduhvideoig.app\/sv\/wp-json\/wp\/v2\/comments?post=284"}],"version-history":[{"count":30,"href":"https:\/\/unduhvideoig.app\/sv\/wp-json\/wp\/v2\/pages\/284\/revisions"}],"predecessor-version":[{"id":662,"href":"https:\/\/unduhvideoig.app\/sv\/wp-json\/wp\/v2\/pages\/284\/revisions\/662"}],"wp:attachment":[{"href":"https:\/\/unduhvideoig.app\/sv\/wp-json\/wp\/v2\/media?parent=284"}],"curies":[{"name":"wp","href":"https:\/\/api.w.org\/{rel}","templated":true}]}}