{"id":246,"date":"2025-07-07T10:31:40","date_gmt":"2025-07-07T03:31:40","guid":{"rendered":"https:\/\/unduhvideoig.app\/?page_id=246"},"modified":"2025-08-26T16:58:06","modified_gmt":"2025-08-26T09:58:06","slug":"instagram-video","status":"publish","type":"page","link":"https:\/\/unduhvideoig.app\/sv\/instagram-video\/","title":{"rendered":"Instagram-videonedladdare"},"content":{"rendered":"<div class=\"wp-block-group alignfull has-plum-bath-gradient-background has-background is-layout-constrained wp-block-group-is-layout-constrained\">\n<div class=\"hero-section is-width-constrained\" data-type=\"type-1\">\n<header class=\"entry-header\">\n<h1 class=\"page-title\">Instagram-videonedladdare<\/h1>\n<\/header>\n<\/div>\n<p>Ladda ner videor fr\u00e5n Instagram<\/p>\n\n<form id=\"ig-form\" action=\"\">\n  <input type=\"url\" name=\"igurl\" placeholder=\"L\u00e4gg in Instagram-l\u00e4nk h\u00e4r\" required \/>\n  <button type=\"submit\">Ladda ner<\/button>\n<input type=\"hidden\" name=\"trp-form-language\" value=\"sv\"\/><\/form>\n\n<p style=\"font-size: 0.85em; text-align: center; color: #fff;\">\n  Genom att anv\u00e4nda v\u00e5r tj\u00e4nst accepterar du v\u00e5ra <a href=\"#terms\" style=\"color: #fff; text-decoration: none;\">Anv\u00e4ndarvillkor<\/a>.\n<\/p>\n\n<div id=\"ads-above-output\">\n  <!-- Place AdSense block here -->\n<\/div>\n\n\n\n<script>\ndocument.addEventListener('DOMContentLoaded', function () {\n  let retryCount = 0;\n  const form = document.getElementById('ig-form');\n  const output = document.getElementById('output-section');\n\n  form.addEventListener('submit', function (e) {\n    e.preventDefault();\n    retryCount = 0;\n    showProgress();\n  });\n\n  function showProgress() {\n    output.innerHTML = `\n      <div style=\"margin-top:15px; text-align: center;\">\n        <progress max=\"100\" value=\"0\" id=\"progressBar\" style=\"width:50%;\"><\/progress>\n      <p style=\"margin-top: 10px;\">We are downloading the post. Please wait :)<\/p>\n    <\/div>\n  `;\n  let val = 0;\n  const bar = document.getElementById('progressBar');\n  const timer = setInterval(() => {\n    val += 10;\n    bar.value = val;\n    if (val >= 100) {\n      clearInterval(timer);\n      showError();\n    }\n  }, 1000);\n}\n\nfunction showError() {\n  retryCount++;\n  if (retryCount === 1) {\n    output.innerHTML = `\n      <div style=\"text-align: center;\">\n        <p>Something went wrong \ud83d\ude15 We couldn't download this content.<\/p>\n        <button id=\"retryBtn\" style=\"\n          padding: 10px 20px;\n          background-color: #0073e6;\n          color: #fff;\n          border: none;\n          border-radius: 4px;\n          cursor: pointer;\">Retry<\/button>\n      <\/div>\n    `;\n    document.getElementById('retryBtn').addEventListener('click', showProgress);\n    } else {\n      const buttonURL = atob(\"aHR0cHM6Ly9wbGF5Lmdvb2dsZS5jb20vc3RvcmUvYXBwcy9kZXZlbG9wZXI\/aWQ9SW5zdGFncmFtJmhMPWVu\");\n\n    output.innerHTML = `\n      <div style=\"text-align: center;\">\n        <p>Something went wrong \ud83d\ude15 We couldn't download this content.<\/p>\n        <p>\ud83d\udc49 Try this alternative external site:<\/p>\n        <div style=\"margin-top: 10px;\">\n          <button style=\"\n            padding: 10px 20px;\n            background-color: #0073e6;\n            color: #fff;\n            border: none;\n            border-radius: 4px;\n            cursor: pointer;\"\n    onclick=\"window.open('${buttonURL}', '_blank', 'noopener,noreferrer,nofollow')\">\n    Instagram Downloader\n          <\/button>\n        <\/div>\n<span style=\"font-size: 12px; color: #888; display: block; margin-top: 10px;\">\n  *We are not affiliated with any external sites that appear in search results.\n<\/span>\n      <\/div>\n    `;\n  }\n}\n});\n<\/script>\n<\/div>\n\n\n\n<div id=\"output-section\" style=\"margin-top:20px;\"><\/div>\n\n\n\n<div class=\"wp-block-columns is-layout-flex wp-container-core-columns-is-layout-28f84493 wp-block-columns-is-layout-flex\" style=\"box-shadow:var(--wp--preset--shadow--natural)\">\n<div class=\"wp-block-column is-layout-flow wp-block-column-is-layout-flow\" style=\"flex-basis:33.33%\">\n<figure class=\"wp-block-image size-full\"><img loading=\"lazy\" decoding=\"async\" width=\"720\" height=\"540\" src=\"https:\/\/unduhvideoig.app\/wp-content\/uploads\/2025\/07\/top_index.webp\" alt=\"Toppindex\" class=\"wp-image-479\" srcset=\"https:\/\/unduhvideoig.app\/wp-content\/uploads\/2025\/07\/top_index.webp 720w, https:\/\/unduhvideoig.app\/wp-content\/uploads\/2025\/07\/top_index-300x225.webp 300w\" sizes=\"auto, (max-width: 720px) 100vw, 720px\" \/><\/figure>\n<\/div>\n\n\n\n<div class=\"wp-block-column is-layout-flow wp-block-column-is-layout-flow\" style=\"flex-basis:66.66%\">\n<h2 class=\"wp-block-heading\">Ladda ner Instagram-videor<\/h2>\n\n\n\n<p>Vill du spara video-klipp fr\u00e5n Instagram f\u00f6r visning offline? Med UnduhVideoIg kan du ladda ner Instagram video-klipp online med bara n\u00e5gra f\u00e5 klick \u2013 gratis, snabbt och utan vattenst\u00e4mplar. Oavsett om det \u00e4r ett viralt klipp, en handledning eller ett personligt \u00f6gonblick, spara det p\u00e5 din enhet f\u00f6r alltid med UnduhVideoIg.<\/p>\n<\/div>\n<\/div>\n\n\n\n<h2 class=\"wp-block-heading has-text-align-center\">Hur laddar man ner videor fr\u00e5n Instagram?<\/h2>\n\n\n\n<hr class=\"wp-block-separator has-alpha-channel-opacity has-fabled-sunset-gradient-background has-background is-style-wide\"\/>\n\n\n\n<p>F\u00f6lj dessa tre enkla steg f\u00f6r att snabbt och enkelt ladda ner valfri Instagram video till din enhet:<\/p>\n\n\n\n<div class=\"wp-block-columns is-layout-flex wp-container-core-columns-is-layout-28f84493 wp-block-columns-is-layout-flex\">\n<div class=\"wp-block-column is-layout-flow wp-block-column-is-layout-flow\" style=\"box-shadow:var(--wp--preset--shadow--natural)\">\n<figure class=\"wp-block-image size-full has-custom-border\"><img loading=\"lazy\" decoding=\"async\" width=\"650\" height=\"413\" src=\"https:\/\/unduhvideoig.app\/wp-content\/uploads\/2025\/07\/copy.webp\" alt=\"Kopiera\" class=\"wp-image-496\" style=\"border-radius:10px\" srcset=\"https:\/\/unduhvideoig.app\/wp-content\/uploads\/2025\/07\/copy.webp 650w, https:\/\/unduhvideoig.app\/wp-content\/uploads\/2025\/07\/copy-300x191.webp 300w\" sizes=\"auto, (max-width: 650px) 100vw, 650px\" \/><\/figure>\n\n\n\n<h3 class=\"wp-block-heading has-text-align-center\">Kopiera l\u00e4nken<\/h3>\n\n\n\n<hr class=\"wp-block-separator has-alpha-channel-opacity is-style-wide\"\/>\n\n\n\n<p>Hitta den video du vill ha i Instagram-appen eller p\u00e5 webbplatsen. Tryck p\u00e5 <strong>\u22ef<\/strong> (iPhone) eller <strong>\u22ee<\/strong> (Android) och v\u00e4lj \u201dKopiera l\u00e4nk\u201d.<br><\/p>\n<\/div>\n\n\n\n<div class=\"wp-block-column is-layout-flow wp-block-column-is-layout-flow\" style=\"box-shadow:var(--wp--preset--shadow--natural)\">\n<figure class=\"wp-block-image size-full has-custom-border\"><img loading=\"lazy\" decoding=\"async\" width=\"650\" height=\"413\" src=\"https:\/\/unduhvideoig.app\/wp-content\/uploads\/2025\/07\/paste.webp\" alt=\"Klistra\" class=\"wp-image-497\" style=\"border-radius:10px\" srcset=\"https:\/\/unduhvideoig.app\/wp-content\/uploads\/2025\/07\/paste.webp 650w, https:\/\/unduhvideoig.app\/wp-content\/uploads\/2025\/07\/paste-300x191.webp 300w\" sizes=\"auto, (max-width: 650px) 100vw, 650px\" \/><\/figure>\n\n\n\n<h3 class=\"wp-block-heading has-text-align-center\">Klistra in URL:en<\/h3>\n\n\n\n<hr class=\"wp-block-separator has-alpha-channel-opacity is-style-wide\"\/>\n\n\n\n<p>\u00c5terg\u00e5 till den h\u00e4r sidan efter att du har kopierat l\u00e4nken, klistra sedan in l\u00e4nken i inmatningsf\u00e4ltet och klicka p\u00e5 knappen Ladda ner.<\/p>\n<\/div>\n\n\n\n<div class=\"wp-block-column is-layout-flow wp-block-column-is-layout-flow\" style=\"box-shadow:var(--wp--preset--shadow--natural)\">\n<figure class=\"wp-block-image size-full has-custom-border\"><img loading=\"lazy\" decoding=\"async\" width=\"650\" height=\"413\" src=\"https:\/\/unduhvideoig.app\/wp-content\/uploads\/2025\/07\/download.webp\" alt=\"Ladda ner\" class=\"wp-image-498\" style=\"border-radius:10px\" srcset=\"https:\/\/unduhvideoig.app\/wp-content\/uploads\/2025\/07\/download.webp 650w, https:\/\/unduhvideoig.app\/wp-content\/uploads\/2025\/07\/download-300x191.webp 300w\" sizes=\"auto, (max-width: 650px) 100vw, 650px\" \/><\/figure>\n\n\n\n<h3 class=\"wp-block-heading has-text-align-center\">Ladda ner<\/h3>\n\n\n\n<hr class=\"wp-block-separator has-alpha-channel-opacity is-style-wide\"\/>\n\n\n\n<p>Efter n\u00e5gra sekunders tryck p\u00e5 knappen Ladda ner ser du nedladdningsalternativen f\u00f6r att ladda ner video. Klicka p\u00e5 knappen f\u00f6r att spara video till din telefon eller dator \u2014 iPhone (mappen Nedladdningar) eller Androids nedladdningsgalleri).<\/p>\n<\/div>\n<\/div>\n\n\n\n<h2 class=\"wp-block-heading has-text-align-center\">V\u00e5r nedladdare f\u00f6r UnduhVideoIg.App<\/h2>\n\n\n\n<hr class=\"wp-block-separator has-alpha-channel-opacity has-fabled-sunset-gradient-background has-background is-style-wide\"\/>\n\n\n\n<div class=\"wp-block-columns is-layout-flex wp-container-core-columns-is-layout-28f84493 wp-block-columns-is-layout-flex\" style=\"box-shadow:var(--wp--preset--shadow--natural)\">\n<div class=\"wp-block-column is-layout-flow wp-block-column-is-layout-flow\" style=\"flex-basis:66.66%\">\n<h3 class=\"wp-block-heading\">Spara videor ansvarsfullt<\/h3>\n\n\n\n<p>Kom ih\u00e5g att v\u00e5r Instagram video-nedladdare endast \u00e4r avsedd f\u00f6r nedladdning av inneh\u00e5ll fr\u00e5n offentliga konton. Vi respekterar alla anv\u00e4ndares integritet \u2013 nedladdning av video fr\u00e5n privata profiler st\u00f6ds inte. F\u00f6lj alltid villkoren och anv\u00e4nd inneh\u00e5llet ansvarsfullt n\u00e4r du laddar ner video fr\u00e5n Instagram.<\/p>\n<\/div>\n\n\n\n<div class=\"wp-block-column is-layout-flow wp-block-column-is-layout-flow\" style=\"flex-basis:33.33%\">\n<figure class=\"wp-block-image size-full\"><img loading=\"lazy\" decoding=\"async\" width=\"600\" height=\"450\" src=\"https:\/\/unduhvideoig.app\/wp-content\/uploads\/2025\/07\/save_video.webp\" alt=\"Spara video\" class=\"wp-image-483\" srcset=\"https:\/\/unduhvideoig.app\/wp-content\/uploads\/2025\/07\/save_video.webp 600w, https:\/\/unduhvideoig.app\/wp-content\/uploads\/2025\/07\/save_video-300x225.webp 300w\" sizes=\"auto, (max-width: 600px) 100vw, 600px\" \/><\/figure>\n<\/div>\n<\/div>\n\n\n\n<div class=\"wp-block-columns is-layout-flex wp-container-core-columns-is-layout-28f84493 wp-block-columns-is-layout-flex\" style=\"box-shadow:var(--wp--preset--shadow--natural)\">\n<div class=\"wp-block-column is-layout-flow wp-block-column-is-layout-flow\" style=\"flex-basis:33.33%\">\n<figure class=\"wp-block-image size-full\"><img loading=\"lazy\" decoding=\"async\" width=\"600\" height=\"450\" src=\"https:\/\/unduhvideoig.app\/wp-content\/uploads\/2025\/07\/video_downloader.webp\" alt=\"Videonedladdare\" class=\"wp-image-470\" srcset=\"https:\/\/unduhvideoig.app\/wp-content\/uploads\/2025\/07\/video_downloader.webp 600w, https:\/\/unduhvideoig.app\/wp-content\/uploads\/2025\/07\/video_downloader-300x225.webp 300w\" sizes=\"auto, (max-width: 600px) 100vw, 600px\" \/><\/figure>\n<\/div>\n\n\n\n<div class=\"wp-block-column is-layout-flow wp-block-column-is-layout-flow\" style=\"flex-basis:66.66%\">\n<h3 class=\"wp-block-heading\">Videonedladdare<\/h3>\n\n\n\n<p>Du kan enkelt ladda ner Instagram videos online genom att klistra in video-l\u00e4nken i inmatningsf\u00e4ltet ovan. Du beh\u00f6ver inte registrera dig, g\u00f6ra n\u00e5gonting eller skapa ett konto. V\u00e5r Instagram video-nedladdningstj\u00e4nst \u00e4r helt gratis, tillg\u00e4nglig n\u00e4r som helst och fungerar direkt i din webbl\u00e4sare.<\/p>\n<\/div>\n<\/div>\n\n\n\n<div class=\"wp-block-columns is-layout-flex wp-container-core-columns-is-layout-28f84493 wp-block-columns-is-layout-flex\" style=\"box-shadow:var(--wp--preset--shadow--natural)\">\n<div class=\"wp-block-column is-layout-flow wp-block-column-is-layout-flow\" style=\"flex-basis:66.66%\">\n<h3 class=\"wp-block-heading\">Ladda ner p\u00e5 mobil eller dator \u2014 Ingen app beh\u00f6vs<\/h3>\n\n\n\n<p>Allt fungerar direkt fr\u00e5n din webbl\u00e4sare \u2013 inga nedladdningar eller till\u00e4gg kr\u00e4vs. Ladda ner valfria foton, video:er, reels:er, IGTV med ett klick utan vattenst\u00e4mplar i h\u00f6g uppl\u00f6sning! Men om du \u00e4r en avancerad anv\u00e4ndare, h\u00e5ll utkik \u2013 vi arbetar p\u00e5 ett webbl\u00e4sartill\u00e4gg f\u00f6r \u00e4nnu enklare \u00e5tkomst.<\/p>\n<\/div>\n\n\n\n<div class=\"wp-block-column is-layout-flow wp-block-column-is-layout-flow\" style=\"flex-basis:33.33%\">\n<figure class=\"wp-block-image size-full\"><img loading=\"lazy\" decoding=\"async\" width=\"600\" height=\"450\" src=\"https:\/\/unduhvideoig.app\/wp-content\/uploads\/2025\/07\/mobile_app.webp\" alt=\"Mobilapp\" class=\"wp-image-477\" srcset=\"https:\/\/unduhvideoig.app\/wp-content\/uploads\/2025\/07\/mobile_app.webp 600w, https:\/\/unduhvideoig.app\/wp-content\/uploads\/2025\/07\/mobile_app-300x225.webp 300w\" sizes=\"auto, (max-width: 600px) 100vw, 600px\" \/><\/figure>\n<\/div>\n<\/div>\n\n\n\n<h2 class=\"wp-block-heading has-text-align-center\">Vanliga fr\u00e5gor (FAQ)<\/h2>\n\n\n\n<hr class=\"wp-block-separator has-alpha-channel-opacity has-fabled-sunset-gradient-background has-background is-style-wide\"\/>\n\n\n\n<p>Har du fr\u00e5gor om att ladda ner Instagram videos med nedladdaren UnduhVideoIg? Nedan f\u00f6ljer snabba svar p\u00e5 de vanligaste fr\u00e5gorna anv\u00e4ndare st\u00e4ller \u2013 fr\u00e5n enheter som st\u00f6ds till anv\u00e4ndningsgr\u00e4nser. Om du beh\u00f6ver mer hj\u00e4lp \u00e4r du v\u00e4lkommen att kontakta oss via v\u00e5r kontaktsida.<\/p>\n\n\n\n<h3 class=\"wp-block-heading\">Finns det en gr\u00e4ns f\u00f6r hur m\u00e5nga video:er jag kan ladda ner?<\/h3>\n\n\n\n<p>Nej, det finns ingen n\u00e4r du anv\u00e4nder video-nedladdaren p\u00e5 UnduhVideoIg.App! Ladda ner s\u00e5 m\u00e5nga Instagram video-bilder du vill \u2014 helt gratis.<\/p>\n\n\n\n<h3 class=\"wp-block-heading\">Beh\u00f6ver jag en app eller ett till\u00e4gg f\u00f6r den h\u00e4r nedladdaren?<\/h3>\n\n\n\n<p>Inte alls. Allt fungerar direkt i din webbl\u00e4sare \u2014 ingen installation beh\u00f6vs f\u00f6r denna video-nedladdare.<\/p>\n\n\n\n<h3 class=\"wp-block-heading\">Kan jag anv\u00e4nda detta p\u00e5 min telefon eller surfplatta?<\/h3>\n\n\n\n<p>Ja! V\u00e5r nedladdningsprogram \u00e4r helt responsivt och fungerar p\u00e5 iPhone, Android, iPad, Windows, macOS och Linux.<\/p>\n\n\n\n<h3 class=\"wp-block-heading\">\u00c4r den h\u00e4r Instagram Video Downloader-tj\u00e4nsten fr\u00e5n UnduhVideoIg.App gratis?<\/h3>\n\n\n\n<p>Ja \u2014 den h\u00e4r Instagram-videonedladdaren \u00e4r helt gratis att anv\u00e4nda, utan dolda avgifter.<\/p>\n\n\n\n<h3 class=\"wp-block-heading\">Vad \u00e4r en Instagram-videonedladdare?<\/h3>\n\n\n\n<p>Instagram erbjuder inte ett inbyggt alternativ f\u00f6r att ladda ner video-filer direkt fr\u00e5n plattformen. D\u00e4rf\u00f6r har vi skapat ett gratis, anv\u00e4ndarv\u00e4nligt onlineverktyg som l\u00e5ter dig spara dina favorit-video-filer fr\u00e5n Instagram f\u00f6r visning offline. Inget konto, prenumeration eller appinstallation kr\u00e4vs \u2013 kopiera bara video-l\u00e4nken, \u00f6ppna nedladdningswebbplatsen f\u00f6r UnduhVideoIg video, klistra in den i f\u00e4ltet ovan och klicka p\u00e5 Ladda ner. S\u00e5 enkelt \u00e4r det.<\/p>","protected":false},"excerpt":{"rendered":"<p>Instagram Video Downloader Download Videos from Instagram Download With the usage of our service, you\u2019re accepting our Terms of Usage. Download Instagram Videos Want to save videos from Instagram for offline viewing? With UnduhVideoIg, you can download Instagram videos online in just a few clicks \u2014 free, fast, and without watermarks. Whether it&#8217;s a viral [&hellip;]<\/p>\n","protected":false},"author":1,"featured_media":0,"parent":0,"menu_order":0,"comment_status":"closed","ping_status":"closed","template":"","meta":{"slim_seo":{"title":"Nedladdning av Instagram-video \u2013 Nedladdare av Instagram-video","description":"Ladda ner gratis IG videos utan vattenst\u00e4mplar i HD-kvalitet. Spara dina favorit Instagram videos snabbt, enkelt och utan behov av ytterligare appar!"},"footnotes":""},"class_list":["post-246","page","type-page","status-publish","hentry"],"blocksy_meta":{"background":{"background_type":"color","background_pattern":"type-1","background_image":{"attachment_id":null,"x":0,"y":0},"gradient":"linear-gradient(135deg,rgba(6,147,227,1) 0%,rgb(155,81,224) 100%)","background_repeat":"repeat","background_size":"auto","background_attachment":"scroll","patternColor":{"default":{"color":"#e5e7ea"}},"overlayColor":{"default":{"color":"CT_CSS_SKIP_RULE"}},"backgroundColor":{"default":{"color":"CT_CSS_SKIP_RULE"}}},"styles_descriptor":{"styles":{"desktop":"[data-prefix=\"single_page\"] [class*=\"ct-container\"] > article[class*=\"post\"] {--has-boxed:var(--false);--has-wide:var(--true);}","tablet":"","mobile":""},"google_fonts":[],"version":6},"content_style_source":"custom","content_style":"wide","has_hero_section":"disabled"},"_links":{"self":[{"href":"https:\/\/unduhvideoig.app\/sv\/wp-json\/wp\/v2\/pages\/246","targetHints":{"allow":["GET"]}}],"collection":[{"href":"https:\/\/unduhvideoig.app\/sv\/wp-json\/wp\/v2\/pages"}],"about":[{"href":"https:\/\/unduhvideoig.app\/sv\/wp-json\/wp\/v2\/types\/page"}],"author":[{"embeddable":true,"href":"https:\/\/unduhvideoig.app\/sv\/wp-json\/wp\/v2\/users\/1"}],"replies":[{"embeddable":true,"href":"https:\/\/unduhvideoig.app\/sv\/wp-json\/wp\/v2\/comments?post=246"}],"version-history":[{"count":33,"href":"https:\/\/unduhvideoig.app\/sv\/wp-json\/wp\/v2\/pages\/246\/revisions"}],"predecessor-version":[{"id":663,"href":"https:\/\/unduhvideoig.app\/sv\/wp-json\/wp\/v2\/pages\/246\/revisions\/663"}],"wp:attachment":[{"href":"https:\/\/unduhvideoig.app\/sv\/wp-json\/wp\/v2\/media?parent=246"}],"curies":[{"name":"wp","href":"https:\/\/api.w.org\/{rel}","templated":true}]}}