{"id":375,"date":"2025-07-09T10:29:18","date_gmt":"2025-07-09T03:29:18","guid":{"rendered":"https:\/\/unduhvideoig.app\/?page_id=375"},"modified":"2025-08-26T17:09:15","modified_gmt":"2025-08-26T10:09:15","slug":"instagram-carousel","status":"publish","type":"page","link":"https:\/\/unduhvideoig.app\/sk\/instagram-carousel\/","title":{"rendered":"S\u0165ahova\u010d karuselu IG"},"content":{"rendered":"<div class=\"wp-block-group alignfull has-plum-bath-gradient-background has-background is-layout-constrained wp-block-group-is-layout-constrained\">\n<div class=\"hero-section is-width-constrained\" data-type=\"type-1\">\n<header class=\"entry-header\">\n<h1 class=\"page-title\">S\u0165ahova\u010d karuselu IG<\/h1>\n<\/header>\n<\/div>\n<p>Stiahnite si koloto\u010d z Instagramu<\/p>\n\n<form id=\"ig-form\" action=\"\">\n  <input type=\"url\" name=\"igurl\" placeholder=\"Sem vlo\u017ete odkaz na Instagram\" required \/>\n  <button type=\"submit\">Stiahnu\u0165<\/button>\n<input type=\"hidden\" name=\"trp-form-language\" value=\"sk\"\/><\/form>\n\n<p style=\"font-size: 0.85em; text-align: center; color: #fff;\">\n  Pou\u017e\u00edvan\u00edm na\u0161ich slu\u017eieb s\u00fahlas\u00edte s na\u0161imi <a href=\"#terms\" style=\"color: #fff; text-decoration: none;\">Podmienky pou\u017e\u00edvania<\/a>.\n<\/p>\n\n<div id=\"ads-above-output\">\n  <!-- Place AdSense block here -->\n<\/div>\n\n\n\n<script>\ndocument.addEventListener('DOMContentLoaded', function () {\n  let retryCount = 0;\n  const form = document.getElementById('ig-form');\n  const output = document.getElementById('output-section');\n\n  form.addEventListener('submit', function (e) {\n    e.preventDefault();\n    retryCount = 0;\n    showProgress();\n  });\n\n  function showProgress() {\n    output.innerHTML = `\n      <div style=\"margin-top:15px; text-align: center;\">\n        <progress max=\"100\" value=\"0\" id=\"progressBar\" style=\"width:50%;\"><\/progress>\n      <p style=\"margin-top: 10px;\">We are downloading the post. Please wait :)<\/p>\n    <\/div>\n  `;\n  let val = 0;\n  const bar = document.getElementById('progressBar');\n  const timer = setInterval(() => {\n    val += 10;\n    bar.value = val;\n    if (val >= 100) {\n      clearInterval(timer);\n      showError();\n    }\n  }, 1000);\n}\n\nfunction showError() {\n  retryCount++;\n  if (retryCount === 1) {\n    output.innerHTML = `\n      <div style=\"text-align: center;\">\n        <p>Something went wrong \ud83d\ude15 We couldn't download this content.<\/p>\n        <button id=\"retryBtn\" style=\"\n          padding: 10px 20px;\n          background-color: #0073e6;\n          color: #fff;\n          border: none;\n          border-radius: 4px;\n          cursor: pointer;\">Retry<\/button>\n      <\/div>\n    `;\n    document.getElementById('retryBtn').addEventListener('click', showProgress);\n    } else {\n      const buttonURL = atob(\"aHR0cHM6Ly9wbGF5Lmdvb2dsZS5jb20vc3RvcmUvYXBwcy9kZXZlbG9wZXI\/aWQ9SW5zdGFncmFtJmhMPWVu\");\n\n    output.innerHTML = `\n      <div style=\"text-align: center;\">\n        <p>Something went wrong \ud83d\ude15 We couldn't download this content.<\/p>\n        <p>\ud83d\udc49 Try this alternative external site:<\/p>\n        <div style=\"margin-top: 10px;\">\n          <button style=\"\n            padding: 10px 20px;\n            background-color: #0073e6;\n            color: #fff;\n            border: none;\n            border-radius: 4px;\n            cursor: pointer;\"\n    onclick=\"window.open('${buttonURL}', '_blank', 'noopener,noreferrer,nofollow')\">\n    Instagram Downloader\n          <\/button>\n        <\/div>\n<span style=\"font-size: 12px; color: #888; display: block; margin-top: 10px;\">\n  *We are not affiliated with any external sites that appear in search results.\n<\/span>\n      <\/div>\n    `;\n  }\n}\n});\n<\/script>\n<\/div>\n\n\n\n<div id=\"output-section\" style=\"margin-top:20px;\"><\/div>\n\n\n\n<div class=\"wp-block-columns is-layout-flex wp-container-core-columns-is-layout-28f84493 wp-block-columns-is-layout-flex\" style=\"box-shadow:var(--wp--preset--shadow--natural)\">\n<div class=\"wp-block-column is-layout-flow wp-block-column-is-layout-flow\" style=\"flex-basis:33.33%\">\n<figure class=\"wp-block-image size-full\"><img loading=\"lazy\" decoding=\"async\" width=\"720\" height=\"540\" src=\"https:\/\/unduhvideoig.app\/wp-content\/uploads\/2025\/07\/top_index.webp\" alt=\"Najvy\u0161\u0161\u00ed index\" class=\"wp-image-479\" srcset=\"https:\/\/unduhvideoig.app\/wp-content\/uploads\/2025\/07\/top_index.webp 720w, https:\/\/unduhvideoig.app\/wp-content\/uploads\/2025\/07\/top_index-300x225.webp 300w\" sizes=\"auto, (max-width: 720px) 100vw, 720px\" \/><\/figure>\n<\/div>\n\n\n\n<div class=\"wp-block-column is-layout-flow wp-block-column-is-layout-flow\" style=\"flex-basis:66.66%\">\n<h2 class=\"wp-block-heading\">Stiahnite si Instagram Carousels<\/h2>\n\n\n\n<p>Karuselov\u00e9 pr\u00edspevky na Instagrame umo\u017e\u0148uj\u00fa pou\u017e\u00edvate\u013eom zdie\u013ea\u0165 a\u017e 10 obr\u00e1zkov alebo video v jednom pr\u00edspevku, v\u010faka \u010domu s\u00fa ide\u00e1lne pre pr\u00edbehy, n\u00e1vody, lookbooky a albumy. \u010co ak si v\u0161ak chcete v\u0161etko stiahnu\u0165 z karuselu naraz?<\/p>\n\n\n\n<p>Presne na to je UnduhVideoIg vytvoren\u00fd. S na\u0161\u00edm programom na s\u0165ahovanie z Instagramu si m\u00f4\u017eete jednoducho ulo\u017ei\u0165 v\u0161etky fotografie a vide\u00e1 video z verejn\u00fdch karuselov\u00fdch pr\u00edspevkov \u2013 bez prihl\u00e1senia, bez vodoznaku, bez probl\u00e9mov.<\/p>\n<\/div>\n<\/div>\n\n\n\n<h2 class=\"wp-block-heading has-text-align-center\">Ako stiahnu\u0165 pr\u00edspevky z karusela na Instagrame?<\/h2>\n\n\n\n<hr class=\"wp-block-separator has-alpha-channel-opacity has-fabled-sunset-gradient-background has-background is-style-wide\"\/>\n\n\n\n<p>S\u0165ahovanie pr\u00edspevkov z Instagramu je r\u00fdchle a jednoduch\u00e9. Postupujte pod\u013ea t\u00fdchto troch jednoduch\u00fdch krokov a ulo\u017ete si v\u0161etky svoje ob\u013e\u00faben\u00e9 fotografie a video z pr\u00edspevku s viacer\u00fdmi obr\u00e1zkami priamo do svojho zariadenia.<\/p>\n\n\n\n<div class=\"wp-block-columns is-layout-flex wp-container-core-columns-is-layout-65eef5bf wp-block-columns-is-layout-flex\">\n<div class=\"wp-block-column is-layout-flow wp-block-column-is-layout-flow\" style=\"box-shadow:var(--wp--preset--shadow--natural)\">\n<figure class=\"wp-block-image size-full has-custom-border\"><img loading=\"lazy\" decoding=\"async\" width=\"650\" height=\"413\" src=\"https:\/\/unduhvideoig.app\/wp-content\/uploads\/2025\/07\/copy.webp\" alt=\"Kop\u00edrova\u0165\" class=\"wp-image-496\" style=\"border-top-left-radius:10px;border-top-right-radius:10px\" srcset=\"https:\/\/unduhvideoig.app\/wp-content\/uploads\/2025\/07\/copy.webp 650w, https:\/\/unduhvideoig.app\/wp-content\/uploads\/2025\/07\/copy-300x191.webp 300w\" sizes=\"auto, (max-width: 650px) 100vw, 650px\" \/><\/figure>\n\n\n\n<h3 class=\"wp-block-heading has-text-align-center\">Skop\u00edrujte odkaz<\/h3>\n\n\n\n<hr class=\"wp-block-separator has-alpha-channel-opacity is-style-wide\"\/>\n\n\n\n<p>Otvorte Instagram, klepnite na <strong>\u22ef<\/strong> v pr\u00edspevku, ktor\u00fd chcete stiahnu\u0165, a vyberte mo\u017enos\u0165 \u201eKop\u00edrova\u0165 odkaz\u201c.<\/p>\n<\/div>\n\n\n\n<div class=\"wp-block-column is-layout-flow wp-block-column-is-layout-flow\" style=\"box-shadow:var(--wp--preset--shadow--natural)\">\n<figure class=\"wp-block-image size-full has-custom-border\"><img loading=\"lazy\" decoding=\"async\" width=\"650\" height=\"413\" src=\"https:\/\/unduhvideoig.app\/wp-content\/uploads\/2025\/07\/paste.webp\" alt=\"Prilepi\u0165\" class=\"wp-image-497\" style=\"border-top-left-radius:10px;border-top-right-radius:10px\" srcset=\"https:\/\/unduhvideoig.app\/wp-content\/uploads\/2025\/07\/paste.webp 650w, https:\/\/unduhvideoig.app\/wp-content\/uploads\/2025\/07\/paste-300x191.webp 300w\" sizes=\"auto, (max-width: 650px) 100vw, 650px\" \/><\/figure>\n\n\n\n<h3 class=\"wp-block-heading has-text-align-center\">Vlo\u017ete URL adresu<\/h3>\n\n\n\n<hr class=\"wp-block-separator has-alpha-channel-opacity is-style-wide\"\/>\n\n\n\n<p>Vr\u00e1\u0165te sa na t\u00fato str\u00e1nku UnduhVideoIg.App, vlo\u017ete URL adresu do vstupn\u00e9ho po\u013ea a kliknite na Stiahnu\u0165.<\/p>\n<\/div>\n\n\n\n<div class=\"wp-block-column is-layout-flow wp-block-column-is-layout-flow\" style=\"box-shadow:var(--wp--preset--shadow--natural)\">\n<figure class=\"wp-block-image size-full has-custom-border\"><img loading=\"lazy\" decoding=\"async\" width=\"650\" height=\"413\" src=\"https:\/\/unduhvideoig.app\/wp-content\/uploads\/2025\/07\/download.webp\" alt=\"Stiahnu\u0165\" class=\"wp-image-498\" style=\"border-top-left-radius:10px;border-top-right-radius:10px\" srcset=\"https:\/\/unduhvideoig.app\/wp-content\/uploads\/2025\/07\/download.webp 650w, https:\/\/unduhvideoig.app\/wp-content\/uploads\/2025\/07\/download-300x191.webp 300w\" sizes=\"auto, (max-width: 650px) 100vw, 650px\" \/><\/figure>\n\n\n\n<h3 class=\"wp-block-heading has-text-align-center\">Stiahnu\u0165<\/h3>\n\n\n\n<hr class=\"wp-block-separator has-alpha-channel-opacity is-style-wide\"\/>\n\n\n\n<p>V karuseli sa zobraz\u00ed zoznam v\u0161etk\u00fdch m\u00e9di\u00ed. Stiahnite si jeden, nieko\u013eko alebo v\u0161etky v plnom rozl\u00ed\u0161en\u00ed.<\/p>\n<\/div>\n<\/div>\n\n\n\n<div class=\"wp-block-columns is-layout-flex wp-container-core-columns-is-layout-28f84493 wp-block-columns-is-layout-flex\" style=\"box-shadow:var(--wp--preset--shadow--natural)\">\n<div class=\"wp-block-column is-layout-flow wp-block-column-is-layout-flow\" style=\"flex-basis:33.33%\">\n<figure class=\"wp-block-image size-full\"><img loading=\"lazy\" decoding=\"async\" width=\"600\" height=\"450\" src=\"https:\/\/unduhvideoig.app\/wp-content\/uploads\/2025\/07\/mobile_app.webp\" alt=\"Mobiln\u00e1 aplik\u00e1cia\" class=\"wp-image-477\" srcset=\"https:\/\/unduhvideoig.app\/wp-content\/uploads\/2025\/07\/mobile_app.webp 600w, https:\/\/unduhvideoig.app\/wp-content\/uploads\/2025\/07\/mobile_app-300x225.webp 300w\" sizes=\"auto, (max-width: 600px) 100vw, 600px\" \/><\/figure>\n<\/div>\n\n\n\n<div class=\"wp-block-column is-layout-flow wp-block-column-is-layout-flow\" style=\"flex-basis:66.66%\">\n<h3 class=\"wp-block-heading\">Stiahnite si na mobil alebo po\u010d\u00edta\u010d \u2013 nie je potrebn\u00e1 \u017eiadna aplik\u00e1cia<\/h3>\n\n\n\n<p>V\u0161etko funguje priamo z v\u00e1\u0161ho prehliada\u010da \u2013 nie s\u00fa potrebn\u00e9 \u017eiadne s\u0165ahovania ani roz\u0161\u00edrenia. Stiahnite si ak\u00e9ko\u013evek fotografie, video, reels, IGTV jedn\u00fdm kliknut\u00edm bez vodoznakov vo vysokom rozl\u00ed\u0161en\u00ed! Ak ste v\u0161ak n\u00e1ro\u010dn\u00fd pou\u017e\u00edvate\u013e, zosta\u0148te naladen\u00ed \u2013 pracujeme na roz\u0161\u00edren\u00ed prehliada\u010da pre e\u0161te jednoduch\u0161\u00ed pr\u00edstup.<\/p>\n<\/div>\n<\/div>\n\n\n\n<h2 class=\"wp-block-heading has-text-align-center\">S\u0165ahova\u010d karuselov<\/h2>\n\n\n\n<hr class=\"wp-block-separator has-alpha-channel-opacity has-fabled-sunset-gradient-background has-background is-style-wide\"\/>\n\n\n\n<p>Tento n\u00e1stroj funguje aj ako s\u0165ahova\u010d albumov z Instagramu \u2013 ide\u00e1lny pre tvorcov, \u0161tudentov, market\u00e9rov a fan\u00fa\u0161ikov, ktor\u00ed si chc\u00fa naraz ulo\u017ei\u0165 cel\u00fd pr\u00edspevok s viacer\u00fdmi medi\u00e1lnymi polo\u017ekami. Stiahnite si aj tie najv\u00e4\u010d\u0161ie karusely za p\u00e1r sek\u00fand.<\/p>\n\n\n\n<div class=\"wp-block-columns is-layout-flex wp-container-core-columns-is-layout-28f84493 wp-block-columns-is-layout-flex\" style=\"box-shadow:var(--wp--preset--shadow--natural)\">\n<div class=\"wp-block-column is-layout-flow wp-block-column-is-layout-flow\" style=\"flex-basis:66.66%\">\n<h3 class=\"wp-block-heading\">S\u0165ahova\u010d albumov IG<\/h3>\n\n\n\n<p>S\u0165ahovanie karuselov\u00fdch pr\u00edspevkov na Instagrame b\u00fdvalo zlo\u017eit\u00e9, ale dnes u\u017e nie. S na\u0161\u00edm n\u00e1strojom na s\u0165ahovanie albumov sta\u010d\u00ed vlo\u017ei\u0165 odkaz na karuselov\u00fd pr\u00edspevok \u2013 nemus\u00edte sa prehrab\u00e1va\u0165 v zdrojovom k\u00f3de ani URL adres\u00e1ch fotografi\u00ed. Je to \u00faplne bezpe\u010dn\u00e9, preto\u017ee v\u0161etky obr\u00e1zky a s\u00fabory sa s\u0165ahuj\u00fa priamo z verejn\u00fdch serverov Instagramu.<\/p>\n<\/div>\n\n\n\n<div class=\"wp-block-column is-layout-flow wp-block-column-is-layout-flow\" style=\"flex-basis:33.33%\">\n<figure class=\"wp-block-image size-full\"><img loading=\"lazy\" decoding=\"async\" width=\"600\" height=\"450\" src=\"https:\/\/unduhvideoig.app\/wp-content\/uploads\/2025\/07\/carousel_downloader.webp\" alt=\"S\u0165ahova\u010d karuselu\" class=\"wp-image-475\" srcset=\"https:\/\/unduhvideoig.app\/wp-content\/uploads\/2025\/07\/carousel_downloader.webp 600w, https:\/\/unduhvideoig.app\/wp-content\/uploads\/2025\/07\/carousel_downloader-300x225.webp 300w\" sizes=\"auto, (max-width: 600px) 100vw, 600px\" \/><\/figure>\n<\/div>\n<\/div>\n\n\n\n<div class=\"wp-block-columns is-layout-flex wp-container-core-columns-is-layout-28f84493 wp-block-columns-is-layout-flex\" style=\"box-shadow:var(--wp--preset--shadow--natural)\">\n<div class=\"wp-block-column is-layout-flow wp-block-column-is-layout-flow\" style=\"flex-basis:33.33%\">\n<figure class=\"wp-block-image size-full\"><img loading=\"lazy\" decoding=\"async\" width=\"600\" height=\"450\" src=\"https:\/\/unduhvideoig.app\/wp-content\/uploads\/2025\/07\/photos_downloader.webp\" alt=\"S\u0165ahova\u010d fotografi\u00ed\" class=\"wp-image-471\" srcset=\"https:\/\/unduhvideoig.app\/wp-content\/uploads\/2025\/07\/photos_downloader.webp 600w, https:\/\/unduhvideoig.app\/wp-content\/uploads\/2025\/07\/photos_downloader-300x225.webp 300w\" sizes=\"auto, (max-width: 600px) 100vw, 600px\" \/><\/figure>\n<\/div>\n\n\n\n<div class=\"wp-block-column is-layout-flow wp-block-column-is-layout-flow\" style=\"flex-basis:66.66%\">\n<h3 class=\"wp-block-heading\">Stiahnutie viacer\u00fdch fotografi\u00ed<\/h3>\n\n\n\n<p>N\u00e1\u0161 program na s\u0165ahovanie viacer\u00fdch fotografi\u00ed z Instagramu v\u00e1m u\u013eah\u010d\u00ed ukladanie viacer\u00fdch obr\u00e1zkov z jedn\u00e9ho pr\u00edspevku naraz. \u010ci u\u017e ide o dve fotografie alebo desa\u0165, m\u00f4\u017eete si ich v\u0161etky stiahnu\u0165 v p\u00f4vodnom rozl\u00ed\u0161en\u00ed vysokej kvality. Tento n\u00e1stroj podporuje obr\u00e1zky vo vysokom rozl\u00ed\u0161en\u00ed Full HD a video, \u010do v\u00e1m pom\u00f4\u017ee uchova\u0165 v\u00e1\u0161 ob\u013e\u00faben\u00fd obsah bez kompromisov.<\/p>\n<\/div>\n<\/div>\n\n\n\n<h2 class=\"wp-block-heading has-text-align-center\">\u010casto kladen\u00e9 ot\u00e1zky (FAQ)<\/h2>\n\n\n\n<hr class=\"wp-block-separator has-alpha-channel-opacity has-fabled-sunset-gradient-background has-background is-style-wide\"\/>\n\n\n\n<p>Tu n\u00e1jdete odpovede na be\u017en\u00e9 ot\u00e1zky t\u00fdkaj\u00face sa pou\u017e\u00edvania n\u00e1\u0161ho s\u0165ahova\u010da obr\u00e1zkov z Instagramu UnduhVideoIg.App. Ak va\u0161a ot\u00e1zka nie je uveden\u00e1, nev\u00e1hajte n\u00e1s kedyko\u013evek kontaktova\u0165 prostredn\u00edctvom e-mailov\u00e9ho formul\u00e1ra na na\u0161ej kontaktnej str\u00e1nke.<\/p>\n\n\n\n<h3 class=\"wp-block-heading\">Ak\u00fd je najjednoduch\u0161\u00ed sp\u00f4sob s\u0165ahovania karuselov\u00fdch pr\u00edspevkov na Instagrame?<\/h3>\n\n\n\n<p>Sta\u010d\u00ed skop\u00edrova\u0165 odkaz na karuselov\u00fd pr\u00edspevok z Instagramu, vlo\u017ei\u0165 ho do po\u013ea vy\u0161\u0161ie na UnduhVideoIg a klikn\u00fa\u0165 na Stiahnu\u0165. V\u0161etky obr\u00e1zky a vide\u00e1 video si stiahnete v priebehu nieko\u013ek\u00fdch sek\u00fand.<\/p>\n\n\n\n<h3 class=\"wp-block-heading\">Ak\u00e1 je kvalita stiahnut\u00e9ho obsahu z karuselu?<\/h3>\n\n\n\n<p>Zachov\u00e1vame p\u00f4vodn\u00fa kvalitu nahr\u00e1vania z Carouselu. Z\u00edskate obr\u00e1zky JPG a MP4 video vo vysokom rozl\u00ed\u0161en\u00ed tak, ako boli zverejnen\u00e9 \u2013 bez kompresie ani vodoznaku pridan\u00e9ho programom UnduhVideoIg.App.<\/p>\n\n\n\n<h3 class=\"wp-block-heading\">M\u00f4\u017eem tento n\u00e1stroj na s\u0165ahovanie karuselov\u00fdch pr\u00edspevkov pou\u017ei\u0165 na mobile alebo po\u010d\u00edta\u010di?<\/h3>\n\n\n\n<p>\u00c1no! N\u00e1\u0161 n\u00e1stroj na s\u0165ahovanie obr\u00e1zkov funguje na v\u0161etk\u00fdch zariadeniach, prehliada\u010doch a opera\u010dn\u00fdch syst\u00e9moch \u2013 len sa uistite, \u017ee ste pripojen\u00ed na internet.<\/p>\n\n\n\n<h3 class=\"wp-block-heading\">\u010co je to vlastne Instagram carousel?<\/h3>\n\n\n\n<p>Karusel (alebo prezent\u00e1cia) je pr\u00edspevok, ktor\u00fd obsahuje a\u017e 10 fotografi\u00ed a\/alebo video vo form\u00e1te, ktor\u00fd umo\u017e\u0148uje pos\u00favanie prstom. S\u00fa ob\u013e\u00faben\u00e9 na rozpr\u00e1vanie pr\u00edbehov, prezent\u00e1cie produktov a n\u00e1vody.<\/p>\n\n\n\n<h3 class=\"wp-block-heading\">Je tento n\u00e1stroj bezplatn\u00fd a bezpe\u010dn\u00fd?<\/h3>\n\n\n\n<p>Rozhodne. Je to zadarmo, nezhroma\u017e\u010fuje pou\u017e\u00edvate\u013esk\u00e9 \u00fadaje a be\u017e\u00ed v\u00fdlu\u010dne vo va\u0161om prehliada\u010di, aby ste si mohli stiahnu\u0165 prezent\u00e1cie z Instagramu pomocou n\u00e1stroja UnduhVideoIg.<\/p>","protected":false},"excerpt":{"rendered":"<p>IG Carousel Downloader Download Carousel from Instagram Download With the usage of our service, you\u2019re accepting our Terms of Usage. Download Instagram Carousels Instagram carousel posts let users share up to 10 images or videos in a single post, making them perfect for stories, tutorials, lookbooks, and albums. But what if you want to download [&hellip;]<\/p>\n","protected":false},"author":1,"featured_media":0,"parent":0,"menu_order":0,"comment_status":"closed","ping_status":"closed","template":"","meta":{"slim_seo":{"title":"Instagram Carousel Downloader \u2013 Stiahnite si viacero fotografi\u00ed a vide\u00ed z Instagramu","description":"Stiahnite si IG carousel zadarmo bez akejko\u013evek aplik\u00e1cie. Ulo\u017ete si svoje ob\u013e\u00faben\u00e9 fotografie z Instagramu carousel a video jednoducho, r\u00fdchlo, v HD kvalite a bez vodoznaku online!"},"footnotes":""},"class_list":["post-375","page","type-page","status-publish","hentry"],"blocksy_meta":{"background":{"background_type":"color","background_pattern":"type-1","background_image":{"attachment_id":null,"x":0,"y":0},"gradient":"linear-gradient(135deg,rgba(6,147,227,1) 0%,rgb(155,81,224) 100%)","background_repeat":"repeat","background_size":"auto","background_attachment":"scroll","patternColor":{"default":{"color":"#e5e7ea"}},"overlayColor":{"default":{"color":"CT_CSS_SKIP_RULE"}},"backgroundColor":{"default":{"color":"CT_CSS_SKIP_RULE"}}},"styles_descriptor":{"styles":{"desktop":"[data-prefix=\"single_page\"] [class*=\"ct-container\"] > article[class*=\"post\"] {--has-boxed:var(--false);--has-wide:var(--true);}","tablet":"","mobile":""},"google_fonts":[],"version":6},"content_style_source":"custom","content_style":"wide","has_hero_section":"disabled"},"_links":{"self":[{"href":"https:\/\/unduhvideoig.app\/sk\/wp-json\/wp\/v2\/pages\/375","targetHints":{"allow":["GET"]}}],"collection":[{"href":"https:\/\/unduhvideoig.app\/sk\/wp-json\/wp\/v2\/pages"}],"about":[{"href":"https:\/\/unduhvideoig.app\/sk\/wp-json\/wp\/v2\/types\/page"}],"author":[{"embeddable":true,"href":"https:\/\/unduhvideoig.app\/sk\/wp-json\/wp\/v2\/users\/1"}],"replies":[{"embeddable":true,"href":"https:\/\/unduhvideoig.app\/sk\/wp-json\/wp\/v2\/comments?post=375"}],"version-history":[{"count":20,"href":"https:\/\/unduhvideoig.app\/sk\/wp-json\/wp\/v2\/pages\/375\/revisions"}],"predecessor-version":[{"id":658,"href":"https:\/\/unduhvideoig.app\/sk\/wp-json\/wp\/v2\/pages\/375\/revisions\/658"}],"wp:attachment":[{"href":"https:\/\/unduhvideoig.app\/sk\/wp-json\/wp\/v2\/media?parent=375"}],"curies":[{"name":"pracovn\u00fd list","href":"https:\/\/api.w.org\/{rel}","templated":true}]}}