{"id":352,"date":"2025-07-09T09:26:34","date_gmt":"2025-07-09T02:26:34","guid":{"rendered":"https:\/\/unduhvideoig.app\/?page_id=352"},"modified":"2025-08-26T17:07:43","modified_gmt":"2025-08-26T10:07:43","slug":"igtv","status":"publish","type":"page","link":"https:\/\/unduhvideoig.app\/sk\/igtv\/","title":{"rendered":"S\u0165ahova\u010d IGTV"},"content":{"rendered":"<div class=\"wp-block-group alignfull has-plum-bath-gradient-background has-background is-layout-constrained wp-block-group-is-layout-constrained\">\n<div class=\"hero-section is-width-constrained\" data-type=\"type-1\">\n<header class=\"entry-header\">\n<h1 class=\"page-title\">S\u0165ahova\u010d IGTV<\/h1>\n<\/header>\n<\/div>\n<p>Stiahnutie videa z Instagramu na IGTV<\/p>\n\n<form id=\"ig-form\" action=\"\">\n  <input type=\"url\" name=\"igurl\" placeholder=\"Sem vlo\u017ete odkaz na Instagram\" required \/>\n  <button type=\"submit\">Stiahnu\u0165<\/button>\n<input type=\"hidden\" name=\"trp-form-language\" value=\"sk\"\/><\/form>\n\n<p style=\"font-size: 0.85em; text-align: center; color: #fff;\">\n  Pou\u017e\u00edvan\u00edm na\u0161ich slu\u017eieb s\u00fahlas\u00edte s na\u0161imi <a href=\"#terms\" style=\"color: #fff; text-decoration: none;\">Podmienky pou\u017e\u00edvania<\/a>.\n<\/p>\n\n<div id=\"ads-above-output\">\n  <!-- Place AdSense block here -->\n<\/div>\n\n\n\n<script>\ndocument.addEventListener('DOMContentLoaded', function () {\n  let retryCount = 0;\n  const form = document.getElementById('ig-form');\n  const output = document.getElementById('output-section');\n\n  form.addEventListener('submit', function (e) {\n    e.preventDefault();\n    retryCount = 0;\n    showProgress();\n  });\n\n  function showProgress() {\n    output.innerHTML = `\n      <div style=\"margin-top:15px; text-align: center;\">\n        <progress max=\"100\" value=\"0\" id=\"progressBar\" style=\"width:50%;\"><\/progress>\n      <p style=\"margin-top: 10px;\">We are downloading the post. Please wait :)<\/p>\n    <\/div>\n  `;\n  let val = 0;\n  const bar = document.getElementById('progressBar');\n  const timer = setInterval(() => {\n    val += 10;\n    bar.value = val;\n    if (val >= 100) {\n      clearInterval(timer);\n      showError();\n    }\n  }, 1000);\n}\n\nfunction showError() {\n  retryCount++;\n  if (retryCount === 1) {\n    output.innerHTML = `\n      <div style=\"text-align: center;\">\n        <p>Something went wrong \ud83d\ude15 We couldn't download this content.<\/p>\n        <button id=\"retryBtn\" style=\"\n          padding: 10px 20px;\n          background-color: #0073e6;\n          color: #fff;\n          border: none;\n          border-radius: 4px;\n          cursor: pointer;\">Retry<\/button>\n      <\/div>\n    `;\n    document.getElementById('retryBtn').addEventListener('click', showProgress);\n    } else {\n      const buttonURL = atob(\"aHR0cHM6Ly9wbGF5Lmdvb2dsZS5jb20vc3RvcmUvYXBwcy9kZXZlbG9wZXI\/aWQ9SW5zdGFncmFtJmhMPWVu\");\n\n    output.innerHTML = `\n      <div style=\"text-align: center;\">\n        <p>Something went wrong \ud83d\ude15 We couldn't download this content.<\/p>\n        <p>\ud83d\udc49 Try this alternative external site:<\/p>\n        <div style=\"margin-top: 10px;\">\n          <button style=\"\n            padding: 10px 20px;\n            background-color: #0073e6;\n            color: #fff;\n            border: none;\n            border-radius: 4px;\n            cursor: pointer;\"\n    onclick=\"window.open('${buttonURL}', '_blank', 'noopener,noreferrer,nofollow')\">\n    Instagram Downloader\n          <\/button>\n        <\/div>\n<span style=\"font-size: 12px; color: #888; display: block; margin-top: 10px;\">\n  *We are not affiliated with any external sites that appear in search results.\n<\/span>\n      <\/div>\n    `;\n  }\n}\n});\n<\/script>\n<\/div>\n\n\n\n<div id=\"output-section\" style=\"margin-top:20px;\"><\/div>\n\n\n\n<div class=\"wp-block-columns is-layout-flex wp-container-core-columns-is-layout-28f84493 wp-block-columns-is-layout-flex\" style=\"box-shadow:var(--wp--preset--shadow--natural)\">\n<div class=\"wp-block-column is-layout-flow wp-block-column-is-layout-flow\" style=\"flex-basis:33.33%\">\n<figure class=\"wp-block-image size-full\"><img loading=\"lazy\" decoding=\"async\" width=\"720\" height=\"540\" src=\"https:\/\/unduhvideoig.app\/wp-content\/uploads\/2025\/07\/top_index.webp\" alt=\"Najvy\u0161\u0161\u00ed index\" class=\"wp-image-479\" srcset=\"https:\/\/unduhvideoig.app\/wp-content\/uploads\/2025\/07\/top_index.webp 720w, https:\/\/unduhvideoig.app\/wp-content\/uploads\/2025\/07\/top_index-300x225.webp 300w\" sizes=\"auto, (max-width: 720px) 100vw, 720px\" \/><\/figure>\n<\/div>\n\n\n\n<div class=\"wp-block-column is-layout-flow wp-block-column-is-layout-flow\" style=\"flex-basis:66.66%\">\n<h2 class=\"wp-block-heading\">Stiahnite si vide\u00e1 z Instagramu IGTV<\/h2>\n\n\n\n<p>Potrebujete si stiahnu\u0165 video z Instagramu? Funkcia IGTV na Instagrame umo\u017e\u0148uje pou\u017e\u00edvate\u013eom zdie\u013ea\u0165 dlh\u0161ie video \u2013 od n\u00e1vodov a rozhovorov a\u017e po vlogove a kreat\u00edvne seri\u00e1ly. Hoci je IGTV skvel\u00e1 na zdie\u013eanie, neexistuje ofici\u00e1lny sp\u00f4sob, ako si stiahnu\u0165 IGTV video na offline prezeranie.<\/p>\n\n\n\n<p>A tu prich\u00e1dza na rad UnduhVideoIg. S na\u0161\u00edm bezplatn\u00fdm programom na s\u0165ahovanie vide\u00ed z IGTV si m\u00f4\u017eete jednoducho ulo\u017ei\u0165 vide\u00e1 z IGTV video vo vysokej kvalite do svojho zariadenia.<\/p>\n<\/div>\n<\/div>\n\n\n\n<h2 class=\"wp-block-heading has-text-align-center\">Ako stiahnu\u0165 IGTV z Instagramu?<\/h2>\n\n\n\n<hr class=\"wp-block-separator has-alpha-channel-opacity has-fabled-sunset-gradient-background has-background is-style-wide\"\/>\n\n\n\n<p>Ukladanie IGTV video je jednoduch\u00e9 \u2013 sta\u010d\u00ed postupova\u0165 pod\u013ea jednoduch\u00fdch krokov ni\u017e\u0161ie a stiahnu\u0165 si svoj ob\u013e\u00faben\u00fd dlh\u00fd obsah v priebehu nieko\u013ek\u00fdch sek\u00fand.<\/p>\n\n\n\n<div class=\"wp-block-columns is-layout-flex wp-container-core-columns-is-layout-28f84493 wp-block-columns-is-layout-flex\">\n<div class=\"wp-block-column is-layout-flow wp-block-column-is-layout-flow\" style=\"box-shadow:var(--wp--preset--shadow--natural)\">\n<figure class=\"wp-block-image size-full has-custom-border\"><img loading=\"lazy\" decoding=\"async\" width=\"650\" height=\"413\" src=\"https:\/\/unduhvideoig.app\/wp-content\/uploads\/2025\/07\/copy.webp\" alt=\"Kop\u00edrova\u0165\" class=\"wp-image-496\" style=\"border-radius:10px\" srcset=\"https:\/\/unduhvideoig.app\/wp-content\/uploads\/2025\/07\/copy.webp 650w, https:\/\/unduhvideoig.app\/wp-content\/uploads\/2025\/07\/copy-300x191.webp 300w\" sizes=\"auto, (max-width: 650px) 100vw, 650px\" \/><\/figure>\n\n\n\n<h3 class=\"wp-block-heading has-text-align-center\">Skop\u00edrujte odkaz<\/h3>\n\n\n\n<hr class=\"wp-block-separator has-alpha-channel-opacity is-style-wide\"\/>\n\n\n\n<p>Otvorte Instagram, n\u00e1jdite po\u017eadovan\u00fa IGTV video a klepnite na <strong>\u22ef<\/strong> a vyberte mo\u017enos\u0165 \u201eKop\u00edrova\u0165 odkaz\u201c.<\/p>\n<\/div>\n\n\n\n<div class=\"wp-block-column is-layout-flow wp-block-column-is-layout-flow\" style=\"box-shadow:var(--wp--preset--shadow--natural)\">\n<figure class=\"wp-block-image size-full has-custom-border\"><img loading=\"lazy\" decoding=\"async\" width=\"650\" height=\"413\" src=\"https:\/\/unduhvideoig.app\/wp-content\/uploads\/2025\/07\/paste.webp\" alt=\"Prilepi\u0165\" class=\"wp-image-497\" style=\"border-radius:10px\" srcset=\"https:\/\/unduhvideoig.app\/wp-content\/uploads\/2025\/07\/paste.webp 650w, https:\/\/unduhvideoig.app\/wp-content\/uploads\/2025\/07\/paste-300x191.webp 300w\" sizes=\"auto, (max-width: 650px) 100vw, 650px\" \/><\/figure>\n\n\n\n<h3 class=\"wp-block-heading has-text-align-center\">Vlo\u017ete URL adresu<\/h3>\n\n\n\n<hr class=\"wp-block-separator has-alpha-channel-opacity is-style-wide\"\/>\n\n\n\n<p>Vr\u00e1\u0165te sa na t\u00fato str\u00e1nku UnduhVideoIg.App a vlo\u017ete skop\u00edrovan\u00fd odkaz do vstupn\u00e9ho po\u013ea.<\/p>\n<\/div>\n\n\n\n<div class=\"wp-block-column is-layout-flow wp-block-column-is-layout-flow\" style=\"box-shadow:var(--wp--preset--shadow--natural)\">\n<figure class=\"wp-block-image size-full has-custom-border\"><img loading=\"lazy\" decoding=\"async\" width=\"650\" height=\"413\" src=\"https:\/\/unduhvideoig.app\/wp-content\/uploads\/2025\/07\/download.webp\" alt=\"Stiahnu\u0165\" class=\"wp-image-498\" style=\"border-radius:10px\" srcset=\"https:\/\/unduhvideoig.app\/wp-content\/uploads\/2025\/07\/download.webp 650w, https:\/\/unduhvideoig.app\/wp-content\/uploads\/2025\/07\/download-300x191.webp 300w\" sizes=\"auto, (max-width: 650px) 100vw, 650px\" \/><\/figure>\n\n\n\n<h3 class=\"wp-block-heading has-text-align-center\">Stiahnu\u0165<\/h3>\n\n\n\n<hr class=\"wp-block-separator has-alpha-channel-opacity is-style-wide\"\/>\n\n\n\n<p>Kliknite na tla\u010didlo Stiahnu\u0165. V\u00e1\u0161 video sa spracuje a bude pripraven\u00fd na ulo\u017eenie do telef\u00f3nu, tabletu alebo po\u010d\u00edta\u010da.<\/p>\n<\/div>\n<\/div>\n\n\n\n<div class=\"wp-block-columns is-layout-flex wp-container-core-columns-is-layout-28f84493 wp-block-columns-is-layout-flex\" style=\"box-shadow:var(--wp--preset--shadow--natural)\">\n<div class=\"wp-block-column is-layout-flow wp-block-column-is-layout-flow\" style=\"flex-basis:33.33%\">\n<figure class=\"wp-block-image size-full\"><img loading=\"lazy\" decoding=\"async\" width=\"600\" height=\"450\" src=\"https:\/\/unduhvideoig.app\/wp-content\/uploads\/2025\/07\/mobile_app.webp\" alt=\"Mobiln\u00e1 aplik\u00e1cia\" class=\"wp-image-477\" srcset=\"https:\/\/unduhvideoig.app\/wp-content\/uploads\/2025\/07\/mobile_app.webp 600w, https:\/\/unduhvideoig.app\/wp-content\/uploads\/2025\/07\/mobile_app-300x225.webp 300w\" sizes=\"auto, (max-width: 600px) 100vw, 600px\" \/><\/figure>\n<\/div>\n\n\n\n<div class=\"wp-block-column is-layout-flow wp-block-column-is-layout-flow\" style=\"flex-basis:66.66%\">\n<h3 class=\"wp-block-heading\">Stiahnite si na mobil alebo po\u010d\u00edta\u010d \u2013 nie je potrebn\u00e1 \u017eiadna aplik\u00e1cia<\/h3>\n\n\n\n<p>V\u0161etko funguje priamo z v\u00e1\u0161ho prehliada\u010da \u2013 nie s\u00fa potrebn\u00e9 \u017eiadne s\u0165ahovania ani roz\u0161\u00edrenia. Stiahnite si ak\u00e9ko\u013evek fotografie, video, reels, IGTV jedn\u00fdm kliknut\u00edm bez vodoznakov vo vysokom rozl\u00ed\u0161en\u00ed! Ak ste v\u0161ak n\u00e1ro\u010dn\u00fd pou\u017e\u00edvate\u013e, zosta\u0148te naladen\u00ed \u2013 pracujeme na roz\u0161\u00edren\u00ed prehliada\u010da pre e\u0161te jednoduch\u0161\u00ed pr\u00edstup.<\/p>\n<\/div>\n<\/div>\n\n\n\n<h2 class=\"wp-block-heading has-text-align-center\">Stiahnite si vide\u00e1 z IGTV<\/h2>\n\n\n\n<hr class=\"wp-block-separator has-alpha-channel-opacity has-fabled-sunset-gradient-background has-background is-style-wide\"\/>\n\n\n\n<p>IGTV (Instagram TV) je form\u00e1t Instagramu pre dlh\u00e9 pr\u00edspevky v kateg\u00f3rii video. Na rozdiel od be\u017en\u00fdch pr\u00edbehov Reel alebo Stories m\u00f4\u017eu pr\u00edspevky v kateg\u00f3rii video trva\u0165 od 1 min\u00faty do 15 min\u00fat (alebo dokonca a\u017e 60 min\u00fat pre overen\u00e9 \u00fa\u010dty). IGTV \u010dasto pou\u017e\u00edvaj\u00fa tvorcovia obsahu, zna\u010dky, pedag\u00f3govia a influenceri na poskytovanie hlb\u0161ieho obsahu \u2013 nie je v\u0161ak mo\u017en\u00e9 ho stiahnu\u0165 prostredn\u00edctvom aplik\u00e1cie Instagram. S na\u0161\u00edm online n\u00e1strojom to m\u00f4\u017eete zmeni\u0165 v priebehu nieko\u013ek\u00fdch sek\u00fand.<\/p>\n\n\n\n<div class=\"wp-block-columns is-layout-flex wp-container-core-columns-is-layout-28f84493 wp-block-columns-is-layout-flex\" style=\"box-shadow:var(--wp--preset--shadow--natural)\">\n<div class=\"wp-block-column is-layout-flow wp-block-column-is-layout-flow\" style=\"flex-basis:66.66%\">\n<h3 class=\"wp-block-heading\">S\u0165ahova\u010d IGTV<\/h3>\n\n\n\n<p>N\u00e1\u0161 program na stiahnutie IGTV funguje bez probl\u00e9mov vo v\u0161etk\u00fdch hlavn\u00fdch prehliada\u010doch, ako s\u00fa Chrome, Safari, Firefox, Opera a Edge \u2013 \u010di u\u017e pou\u017e\u00edvate telef\u00f3n alebo po\u010d\u00edta\u010d. Potrebujete len odkaz na stiahnutie IGTV video.<\/p>\n\n\n\n<p>Uistite sa, \u017ee IGTV video poch\u00e1dza z verejn\u00e9ho \u00fa\u010dtu, preto\u017ee s\u00fakromn\u00e9 video nie je mo\u017en\u00e9 stiahnu\u0165.<\/p>\n<\/div>\n\n\n\n<div class=\"wp-block-column is-layout-flow wp-block-column-is-layout-flow\" style=\"flex-basis:33.33%\">\n<figure class=\"wp-block-image size-full\"><img loading=\"lazy\" decoding=\"async\" width=\"600\" height=\"450\" src=\"https:\/\/unduhvideoig.app\/wp-content\/uploads\/2025\/07\/igtv_downloader.webp\" alt=\"S\u0165ahova\u010d z Igtv\" class=\"wp-image-474\" srcset=\"https:\/\/unduhvideoig.app\/wp-content\/uploads\/2025\/07\/igtv_downloader.webp 600w, https:\/\/unduhvideoig.app\/wp-content\/uploads\/2025\/07\/igtv_downloader-300x225.webp 300w\" sizes=\"auto, (max-width: 600px) 100vw, 600px\" \/><\/figure>\n<\/div>\n<\/div>\n\n\n\n<h2 class=\"wp-block-heading has-text-align-center\">\u010casto kladen\u00e9 ot\u00e1zky (FAQ)<\/h2>\n\n\n\n<hr class=\"wp-block-separator has-alpha-channel-opacity has-fabled-sunset-gradient-background has-background is-style-wide\"\/>\n\n\n\n<p>Tu n\u00e1jdete odpovede na be\u017en\u00e9 ot\u00e1zky t\u00fdkaj\u00face sa pou\u017e\u00edvania n\u00e1\u0161ho s\u0165ahova\u010da UnduhVideoIg.App IGTV video. Ak svoju ot\u00e1zku nen\u00e1jdete v zozname, nev\u00e1hajte n\u00e1s kontaktova\u0165 e-mailom prostredn\u00edctvom na\u0161ej kontaktnej str\u00e1nky.<\/p>\n\n\n\n<h3 class=\"wp-block-heading\">Je tento program na s\u0165ahovanie IGTV na UnduhVideoIg.App bezpe\u010dn\u00fd a s\u00fakromn\u00fd?<\/h3>\n\n\n\n<p>\u00c1no! Na\u0161a slu\u017eba nezaznamen\u00e1va osobn\u00e9 \u00fadaje ani nesleduje va\u0161e s\u0165ahovania. Zaznamen\u00e1vaj\u00fa sa iba ne\u00faspe\u0161n\u00e9 pokusy na zlep\u0161enie v\u00fdkonu.<\/p>\n\n\n\n<h3 class=\"wp-block-heading\">Je pou\u017e\u00edvanie s\u0165ahova\u010da IGTV spoplatnen\u00e9?<\/h3>\n\n\n\n<p>Nie, 100% je zadarmo. M\u00f4\u017eu sa v\u00e1m zobrazi\u0165 mal\u00e9 kontextov\u00e9 reklamy na pokrytie n\u00e1kladov na n\u00e1\u0161 server \u2013 stiahnutie video je v\u0161ak bezplatn\u00e9.<\/p>\n\n\n\n<h3 class=\"wp-block-heading\">M\u00f4\u017eem si stiahnu\u0165 dlh\u00e9 vide\u00e1 z IGTV video pomocou s\u0165ahova\u010da IGTV video?<\/h3>\n\n\n\n<p>\u00c1no. M\u00f4\u017eete si stiahnu\u0165 vide\u00e1 z IGTV video s d\u013a\u017ekou a\u017e 15 min\u00fat pre \u0161tandardn\u00e9 \u00fa\u010dty \u2013 alebo dlh\u0161ie, ak ich zverejnia overen\u00ed pou\u017e\u00edvatelia. Len sa uistite, \u017ee va\u0161e zariadenie m\u00e1 dostatok \u00falo\u017en\u00e9ho priestoru.<\/p>\n\n\n\n<h3 class=\"wp-block-heading\">Je tento n\u00e1stroj na s\u0165ahovanie IGTV video kompatibiln\u00fd so v\u0161etk\u00fdmi zariadeniami?<\/h3>\n\n\n\n<p>Rozhodne. \u010ci u\u017e pou\u017e\u00edvate telef\u00f3n, tablet, notebook alebo stoln\u00fd po\u010d\u00edta\u010d, n\u00e1\u0161 program na s\u0165ahovanie IGTV funguje na v\u0161etk\u00fdch platform\u00e1ch s prehliada\u010dom, tak\u017ee si m\u00f4\u017eete stiahnu\u0165 aj vide\u00e1 video z Instagramu.<\/p>\n\n\n\n<h3 class=\"wp-block-heading\">Potrebujem nie\u010do nain\u0161talova\u0165 cez install, aby som mohol pou\u017e\u00edva\u0165 IGTV downloader a uklada\u0165 si video z Instagramu?<\/h3>\n\n\n\n<p>Nie \u2013 je to webov\u00fd n\u00e1stroj. Sta\u010d\u00ed vlo\u017ei\u0165 odkaz IGTV a klikn\u00fa\u0165 na stiahnutie. Nie je potrebn\u00e1 \u017eiadna aplik\u00e1cia ani roz\u0161\u00edrenie.<\/p>","protected":false},"excerpt":{"rendered":"<p>IGTV Downloader Instagram IGTV Video Download Download With the usage of our service, you\u2019re accepting our Terms of Usage. Download Instagram IGTV Videos Need to download Instagram videos? Instagram\u2019s IGTV feature lets users share longer videos \u2014 from tutorials and interviews to vlogs and creative series. But while IGTV is great for sharing, there\u2019s no [&hellip;]<\/p>\n","protected":false},"author":1,"featured_media":0,"parent":0,"menu_order":0,"comment_status":"closed","ping_status":"closed","template":"","meta":{"slim_seo":{"title":"IGTV Downloader \u2013 S\u0165ahovanie vide\u00ed z IGTV na Instagram","description":"Stiahnite si IGTV videos zadarmo bez vodoznaku. Ulo\u017ete si svoje ob\u013e\u00faben\u00e9 dlh\u00e9 vide\u00e1 z Instagramu videos v HD kvalite r\u00fdchlo, jednoducho a bez ak\u00fdchko\u013evek \u010fal\u0161\u00edch aplik\u00e1ci\u00ed!"},"footnotes":""},"class_list":["post-352","page","type-page","status-publish","hentry"],"blocksy_meta":{"background":{"background_type":"color","background_pattern":"type-1","background_image":{"attachment_id":null,"x":0,"y":0},"gradient":"linear-gradient(135deg,rgba(6,147,227,1) 0%,rgb(155,81,224) 100%)","background_repeat":"repeat","background_size":"auto","background_attachment":"scroll","patternColor":{"default":{"color":"#e5e7ea"}},"overlayColor":{"default":{"color":"CT_CSS_SKIP_RULE"}},"backgroundColor":{"default":{"color":"CT_CSS_SKIP_RULE"}}},"styles_descriptor":{"styles":{"desktop":"[data-prefix=\"single_page\"] [class*=\"ct-container\"] > article[class*=\"post\"] {--has-boxed:var(--false);--has-wide:var(--true);}","tablet":"","mobile":""},"google_fonts":[],"version":6},"content_style_source":"custom","content_style":"wide","has_hero_section":"disabled"},"_links":{"self":[{"href":"https:\/\/unduhvideoig.app\/sk\/wp-json\/wp\/v2\/pages\/352","targetHints":{"allow":["GET"]}}],"collection":[{"href":"https:\/\/unduhvideoig.app\/sk\/wp-json\/wp\/v2\/pages"}],"about":[{"href":"https:\/\/unduhvideoig.app\/sk\/wp-json\/wp\/v2\/types\/page"}],"author":[{"embeddable":true,"href":"https:\/\/unduhvideoig.app\/sk\/wp-json\/wp\/v2\/users\/1"}],"replies":[{"embeddable":true,"href":"https:\/\/unduhvideoig.app\/sk\/wp-json\/wp\/v2\/comments?post=352"}],"version-history":[{"count":16,"href":"https:\/\/unduhvideoig.app\/sk\/wp-json\/wp\/v2\/pages\/352\/revisions"}],"predecessor-version":[{"id":659,"href":"https:\/\/unduhvideoig.app\/sk\/wp-json\/wp\/v2\/pages\/352\/revisions\/659"}],"wp:attachment":[{"href":"https:\/\/unduhvideoig.app\/sk\/wp-json\/wp\/v2\/media?parent=352"}],"curies":[{"name":"pracovn\u00fd list","href":"https:\/\/api.w.org\/{rel}","templated":true}]}}