{"id":339,"date":"2025-07-08T21:12:47","date_gmt":"2025-07-08T14:12:47","guid":{"rendered":"https:\/\/unduhvideoig.app\/?page_id=339"},"modified":"2025-08-26T17:05:40","modified_gmt":"2025-08-26T10:05:40","slug":"instagram-story","status":"publish","type":"page","link":"https:\/\/unduhvideoig.app\/sk\/instagram-story\/","title":{"rendered":"\u0160etri\u010d pr\u00edbehov na Instagrame"},"content":{"rendered":"<div class=\"wp-block-group alignfull has-plum-bath-gradient-background has-background is-layout-constrained wp-block-group-is-layout-constrained\">\n<div class=\"hero-section is-width-constrained\" data-type=\"type-1\">\n<header class=\"entry-header\">\n<h1 class=\"page-title\">\u0160etri\u010d pr\u00edbehov na Instagrame<\/h1>\n<\/header>\n<\/div>\n<p>Stiahnite si svoj pr\u00edbeh a najd\u00f4le\u017eitej\u0161ie momenty z Instagramu<\/p>\n\n<form id=\"ig-form\" action=\"\">\n  <input type=\"url\" name=\"igurl\" placeholder=\"Sem vlo\u017ete odkaz na Instagram\" required \/>\n  <button type=\"submit\">Stiahnu\u0165<\/button>\n<input type=\"hidden\" name=\"trp-form-language\" value=\"sk\"\/><\/form>\n\n<p style=\"font-size: 0.85em; text-align: center; color: #fff;\">\n  Pou\u017e\u00edvan\u00edm na\u0161ich slu\u017eieb s\u00fahlas\u00edte s na\u0161imi <a href=\"#terms\" style=\"color: #fff; text-decoration: none;\">Podmienky pou\u017e\u00edvania<\/a>.\n<\/p>\n\n<div id=\"ads-above-output\">\n  <!-- Place AdSense block here -->\n<\/div>\n\n\n\n<script>\ndocument.addEventListener('DOMContentLoaded', function () {\n  let retryCount = 0;\n  const form = document.getElementById('ig-form');\n  const output = document.getElementById('output-section');\n\n  form.addEventListener('submit', function (e) {\n    e.preventDefault();\n    retryCount = 0;\n    showProgress();\n  });\n\n  function showProgress() {\n    output.innerHTML = `\n      <div style=\"margin-top:15px; text-align: center;\">\n        <progress max=\"100\" value=\"0\" id=\"progressBar\" style=\"width:50%;\"><\/progress>\n      <p style=\"margin-top: 10px;\">We are downloading the post. Please wait :)<\/p>\n    <\/div>\n  `;\n  let val = 0;\n  const bar = document.getElementById('progressBar');\n  const timer = setInterval(() => {\n    val += 10;\n    bar.value = val;\n    if (val >= 100) {\n      clearInterval(timer);\n      showError();\n    }\n  }, 1000);\n}\n\nfunction showError() {\n  retryCount++;\n  if (retryCount === 1) {\n    output.innerHTML = `\n      <div style=\"text-align: center;\">\n        <p>Something went wrong \ud83d\ude15 We couldn't download this content.<\/p>\n        <button id=\"retryBtn\" style=\"\n          padding: 10px 20px;\n          background-color: #0073e6;\n          color: #fff;\n          border: none;\n          border-radius: 4px;\n          cursor: pointer;\">Retry<\/button>\n      <\/div>\n    `;\n    document.getElementById('retryBtn').addEventListener('click', showProgress);\n    } else {\n      const buttonURL = atob(\"aHR0cHM6Ly9wbGF5Lmdvb2dsZS5jb20vc3RvcmUvYXBwcy9kZXZlbG9wZXI\/aWQ9SW5zdGFncmFtJmhMPWVu\");\n\n    output.innerHTML = `\n      <div style=\"text-align: center;\">\n        <p>Something went wrong \ud83d\ude15 We couldn't download this content.<\/p>\n        <p>\ud83d\udc49 Try this alternative external site:<\/p>\n        <div style=\"margin-top: 10px;\">\n          <button style=\"\n            padding: 10px 20px;\n            background-color: #0073e6;\n            color: #fff;\n            border: none;\n            border-radius: 4px;\n            cursor: pointer;\"\n    onclick=\"window.open('${buttonURL}', '_blank', 'noopener,noreferrer,nofollow')\">\n    Instagram Downloader\n          <\/button>\n        <\/div>\n<span style=\"font-size: 12px; color: #888; display: block; margin-top: 10px;\">\n  *We are not affiliated with any external sites that appear in search results.\n<\/span>\n      <\/div>\n    `;\n  }\n}\n});\n<\/script>\n<\/div>\n\n\n\n<div id=\"output-section\" style=\"margin-top:20px;\"><\/div>\n\n\n\n<div class=\"wp-block-columns is-layout-flex wp-container-core-columns-is-layout-28f84493 wp-block-columns-is-layout-flex\" style=\"box-shadow:var(--wp--preset--shadow--natural)\">\n<div class=\"wp-block-column is-layout-flow wp-block-column-is-layout-flow\" style=\"flex-basis:33.33%\">\n<figure class=\"wp-block-image size-full\"><img loading=\"lazy\" decoding=\"async\" width=\"720\" height=\"540\" src=\"https:\/\/unduhvideoig.app\/wp-content\/uploads\/2025\/07\/top_index.webp\" alt=\"Najvy\u0161\u0161\u00ed index\" class=\"wp-image-479\" srcset=\"https:\/\/unduhvideoig.app\/wp-content\/uploads\/2025\/07\/top_index.webp 720w, https:\/\/unduhvideoig.app\/wp-content\/uploads\/2025\/07\/top_index-300x225.webp 300w\" sizes=\"auto, (max-width: 720px) 100vw, 720px\" \/><\/figure>\n<\/div>\n\n\n\n<div class=\"wp-block-column is-layout-flow wp-block-column-is-layout-flow\" style=\"flex-basis:66.66%\">\n<h2 class=\"wp-block-heading\">\u0160etri\u010d pr\u00edbehov na Instagrame<\/h2>\n\n\n\n<p>Pr\u00edbehy na Instagrame s\u00fa navrhnut\u00e9 tak, aby po 24 hodin\u00e1ch zmizli \u2013 ale niektor\u00e9 momenty si zasl\u00fa\u017eia by\u0165 ulo\u017een\u00e9 nav\u017edy. S aplik\u00e1ciou UnduhVideoIg Story Saver si m\u00f4\u017eete jednoducho stiahnu\u0165 pr\u00edbehy a hlavn\u00e9 momenty z Instagramu do svojho zariadenia len nieko\u013ek\u00fdmi kliknutiami. \u017diadna aplik\u00e1cia. \u017diadne prihl\u00e1senie. Sta\u010d\u00ed stiahnu\u0165 UnduhVideoIg Instagram Story Saver.<\/p>\n\n\n\n<p>\u010ci u\u017e si uklad\u00e1te pr\u00edbeh o vtipnom momente priate\u013ea, svoj vlastn\u00fd arch\u00edv alebo zv\u00fdraz\u0148ujete ob\u00e1lky svojich ob\u013e\u00faben\u00fdch \u00fa\u010dtov, tento n\u00e1stroj to zjednodu\u0161uje a zabezpe\u010duje, aby ste nikdy nezme\u0161kali \u017eiadny pr\u00edbeh z Instagramu.<\/p>\n<\/div>\n<\/div>\n\n\n\n<h2 class=\"wp-block-heading has-text-align-center\">Ako stiahnu\u0165 pr\u00edbehy z Instagramu?<\/h2>\n\n\n\n<hr class=\"wp-block-separator has-alpha-channel-opacity has-fabled-sunset-gradient-background has-background is-style-wide\"\/>\n\n\n\n<p>Stiahnutie \u013eubovo\u013en\u00e9ho pr\u00edbehu z Instagramu do v\u00e1\u0161ho zariadenia trv\u00e1 len tri r\u00fdchle a jednoduch\u00e9 kroky \u2013 nevy\u017eaduje sa \u017eiadna aplik\u00e1cia ani \u00fa\u010det.<\/p>\n\n\n\n<div class=\"wp-block-columns is-layout-flex wp-container-core-columns-is-layout-28f84493 wp-block-columns-is-layout-flex\">\n<div class=\"wp-block-column is-layout-flow wp-block-column-is-layout-flow\" style=\"box-shadow:var(--wp--preset--shadow--natural)\">\n<figure class=\"wp-block-image size-full has-custom-border\"><img loading=\"lazy\" decoding=\"async\" width=\"650\" height=\"413\" src=\"https:\/\/unduhvideoig.app\/wp-content\/uploads\/2025\/07\/copy.webp\" alt=\"Kop\u00edrova\u0165\" class=\"wp-image-496\" style=\"border-radius:10px\" srcset=\"https:\/\/unduhvideoig.app\/wp-content\/uploads\/2025\/07\/copy.webp 650w, https:\/\/unduhvideoig.app\/wp-content\/uploads\/2025\/07\/copy-300x191.webp 300w\" sizes=\"auto, (max-width: 650px) 100vw, 650px\" \/><\/figure>\n\n\n\n<h3 class=\"wp-block-heading has-text-align-center\">Skop\u00edrujte odkaz<\/h3>\n\n\n\n<hr class=\"wp-block-separator has-alpha-channel-opacity is-style-wide\"\/>\n\n\n\n<p>Otvorte Instagram, klepnite na pr\u00edbeh, ktor\u00fd chcete ulo\u017ei\u0165, a kliknite na <strong>\u22ef<\/strong> (menu). Potom klepnite na \u201eKop\u00edrova\u0165 odkaz\u201c.<\/p>\n<\/div>\n\n\n\n<div class=\"wp-block-column is-layout-flow wp-block-column-is-layout-flow\" style=\"box-shadow:var(--wp--preset--shadow--natural)\">\n<figure class=\"wp-block-image size-full has-custom-border\"><img loading=\"lazy\" decoding=\"async\" width=\"650\" height=\"413\" src=\"https:\/\/unduhvideoig.app\/wp-content\/uploads\/2025\/07\/paste.webp\" alt=\"Prilepi\u0165\" class=\"wp-image-497\" style=\"border-radius:10px\" srcset=\"https:\/\/unduhvideoig.app\/wp-content\/uploads\/2025\/07\/paste.webp 650w, https:\/\/unduhvideoig.app\/wp-content\/uploads\/2025\/07\/paste-300x191.webp 300w\" sizes=\"auto, (max-width: 650px) 100vw, 650px\" \/><\/figure>\n\n\n\n<h3 class=\"wp-block-heading has-text-align-center\">Vlo\u017ete URL adresu<\/h3>\n\n\n\n<hr class=\"wp-block-separator has-alpha-channel-opacity is-style-wide\"\/>\n\n\n\n<p>Vr\u00e1\u0165te sa na t\u00fato str\u00e1nku, vlo\u017ete odkaz na pr\u00edbeh do po\u013ea vy\u0161\u0161ie a kliknite na Stiahnu\u0165.<\/p>\n<\/div>\n\n\n\n<div class=\"wp-block-column is-layout-flow wp-block-column-is-layout-flow\" style=\"box-shadow:var(--wp--preset--shadow--natural)\">\n<figure class=\"wp-block-image size-full has-custom-border\"><img loading=\"lazy\" decoding=\"async\" width=\"650\" height=\"413\" src=\"https:\/\/unduhvideoig.app\/wp-content\/uploads\/2025\/07\/download.webp\" alt=\"Stiahnu\u0165\" class=\"wp-image-498\" style=\"border-radius:10px\" srcset=\"https:\/\/unduhvideoig.app\/wp-content\/uploads\/2025\/07\/download.webp 650w, https:\/\/unduhvideoig.app\/wp-content\/uploads\/2025\/07\/download-300x191.webp 300w\" sizes=\"auto, (max-width: 650px) 100vw, 650px\" \/><\/figure>\n\n\n\n<h3 class=\"wp-block-heading has-text-align-center\">Stiahnu\u0165<\/h3>\n\n\n\n<hr class=\"wp-block-separator has-alpha-channel-opacity is-style-wide\"\/>\n\n\n\n<p>Po nieko\u013ek\u00fdch sekund\u00e1ch si budete m\u00f4c\u0165 stiahnu\u0165 s\u00fabor s pr\u00edbehom do svojho zariadenia \u2013 \u010di u\u017e ide o fotografiu alebo pr\u00edbeh video.<\/p>\n<\/div>\n<\/div>\n\n\n\n<h2 class=\"wp-block-heading has-text-align-center\">Stiahnutie pr\u00edbehu z Instagramu pomocou aplik\u00e1cie UnduhVideoIg.App<\/h2>\n\n\n\n<hr class=\"wp-block-separator has-alpha-channel-opacity has-fabled-sunset-gradient-background has-background is-style-wide\"\/>\n\n\n\n<p>Instagram Story s\u00fa do\u010dasn\u00e9 fotografie a pr\u00edbehy video zdie\u013ean\u00e9 pou\u017e\u00edvate\u013emi, ktor\u00e9 automaticky zmizn\u00fa po 24 hodin\u00e1ch. Highlights s\u00fa naopak kur\u00e1torsky vybran\u00e9 kolekcie pr\u00edbehov, ktor\u00e9 zost\u00e1vaj\u00fa v profile pou\u017e\u00edvate\u013ea natrvalo, k\u00fdm nie s\u00fa vymazan\u00e9.<\/p>\n\n\n\n<p>Hoci Instagram \u0161tandardne nepon\u00faka sp\u00f4sob s\u0165ahovania t\u00fdchto pr\u00edbehov, n\u00e1\u0161 n\u00e1stroj v\u00e1m poskytuje r\u00fdchle a jednoduch\u00e9 rie\u0161enie na stiahnutie pr\u00edbehov z Instagramu a ich ulo\u017eenie na offline prezeranie, archiv\u00e1ciu alebo osobn\u00e9 pou\u017eitie.<\/p>\n\n\n\n<div class=\"wp-block-columns is-layout-flex wp-container-core-columns-is-layout-28f84493 wp-block-columns-is-layout-flex\" style=\"box-shadow:var(--wp--preset--shadow--natural)\">\n<div class=\"wp-block-column is-layout-flow wp-block-column-is-layout-flow\" style=\"flex-basis:66.66%\">\n<h3 class=\"wp-block-heading\">Z\u00e1chrana pr\u00edbehov<\/h3>\n\n\n\n<p>Uistite sa, \u017ee Instagram Story, ktor\u00fd chcete stiahnu\u0165, poch\u00e1dza z v\u00e1\u0161ho verejn\u00e9ho \u00fa\u010dtu. N\u00e1\u0161 n\u00e1stroj podporuje iba verejne dostupn\u00e9 pr\u00edbehy a hlavn\u00e9 momenty, aby sme re\u0161pektovali z\u00e1sady ochrany osobn\u00fdch \u00fadajov. Pri s\u0165ahovan\u00ed pr\u00edbehov alebo hlavn\u00fdch momentov z va\u0161ich \u00fa\u010dtov v\u017edy pou\u017e\u00edvajte s\u0165ahovac\u00ed n\u00e1stroj zodpovedne a dodr\u017eiavajte pravidl\u00e1 platformy.<\/p>\n<\/div>\n\n\n\n<div class=\"wp-block-column is-layout-flow wp-block-column-is-layout-flow\" style=\"flex-basis:33.33%\">\n<figure class=\"wp-block-image size-full\"><img loading=\"lazy\" decoding=\"async\" width=\"600\" height=\"450\" src=\"https:\/\/unduhvideoig.app\/wp-content\/uploads\/2025\/07\/save_video.webp\" alt=\"Ulo\u017ei\u0165 video\" class=\"wp-image-483\" srcset=\"https:\/\/unduhvideoig.app\/wp-content\/uploads\/2025\/07\/save_video.webp 600w, https:\/\/unduhvideoig.app\/wp-content\/uploads\/2025\/07\/save_video-300x225.webp 300w\" sizes=\"auto, (max-width: 600px) 100vw, 600px\" \/><\/figure>\n<\/div>\n<\/div>\n\n\n\n<div class=\"wp-block-columns is-layout-flex wp-container-core-columns-is-layout-28f84493 wp-block-columns-is-layout-flex\" style=\"box-shadow:var(--wp--preset--shadow--natural)\">\n<div class=\"wp-block-column is-layout-flow wp-block-column-is-layout-flow\" style=\"flex-basis:33.33%\">\n<figure class=\"wp-block-image size-full\"><img loading=\"lazy\" decoding=\"async\" width=\"600\" height=\"450\" src=\"https:\/\/unduhvideoig.app\/wp-content\/uploads\/2025\/07\/reels_downloader.webp\" alt=\"S\u0165ahova\u010d kot\u00fa\u010dov\" class=\"wp-image-472\" srcset=\"https:\/\/unduhvideoig.app\/wp-content\/uploads\/2025\/07\/reels_downloader.webp 600w, https:\/\/unduhvideoig.app\/wp-content\/uploads\/2025\/07\/reels_downloader-300x225.webp 300w\" sizes=\"auto, (max-width: 600px) 100vw, 600px\" \/><\/figure>\n<\/div>\n\n\n\n<div class=\"wp-block-column is-layout-flow wp-block-column-is-layout-flow\" style=\"flex-basis:66.66%\">\n<h3 class=\"wp-block-heading\">S\u0165ahova\u010d pr\u00edbehov<\/h3>\n\n\n\n<p>Instagram Stories si m\u00f4\u017eete stiahnu\u0165 online jednoduch\u00fdm vlo\u017een\u00edm odkazu na pr\u00edbeh do po\u013ea vy\u0161\u0161ie. Tento n\u00e1stroj na ukladanie pr\u00edbehov na Instagrame je \u00faplne zadarmo, nevy\u017eaduje registr\u00e1ciu a funguje anonymne \u2013 nie je potrebn\u00e9 \u017eiadne osobn\u00e9 prihl\u00e1senie ani spustenie aplik\u00e1cie.<\/p>\n<\/div>\n<\/div>\n\n\n\n<div class=\"wp-block-columns is-layout-flex wp-container-core-columns-is-layout-28f84493 wp-block-columns-is-layout-flex\" style=\"box-shadow:var(--wp--preset--shadow--natural)\">\n<div class=\"wp-block-column is-layout-flow wp-block-column-is-layout-flow\" style=\"flex-basis:66.66%\">\n<h3 class=\"wp-block-heading\">Stiahnite si na mobil alebo po\u010d\u00edta\u010d \u2013 nie je potrebn\u00e1 \u017eiadna aplik\u00e1cia<\/h3>\n\n\n\n<p>V\u0161etko funguje priamo z v\u00e1\u0161ho prehliada\u010da \u2013 nie s\u00fa potrebn\u00e9 \u017eiadne s\u0165ahovania ani roz\u0161\u00edrenia. Stiahnite si ak\u00e9ko\u013evek fotografie, video, reels, IGTV jedn\u00fdm kliknut\u00edm bez vodoznakov vo vysokom rozl\u00ed\u0161en\u00ed! Ak ste v\u0161ak n\u00e1ro\u010dn\u00fd pou\u017e\u00edvate\u013e, zosta\u0148te naladen\u00ed \u2013 pracujeme na roz\u0161\u00edren\u00ed prehliada\u010da pre e\u0161te jednoduch\u0161\u00ed pr\u00edstup.<\/p>\n<\/div>\n\n\n\n<div class=\"wp-block-column is-layout-flow wp-block-column-is-layout-flow\" style=\"flex-basis:33.33%\">\n<figure class=\"wp-block-image size-full\"><img loading=\"lazy\" decoding=\"async\" width=\"600\" height=\"450\" src=\"https:\/\/unduhvideoig.app\/wp-content\/uploads\/2025\/07\/mobile_app.webp\" alt=\"Mobiln\u00e1 aplik\u00e1cia\" class=\"wp-image-477\" srcset=\"https:\/\/unduhvideoig.app\/wp-content\/uploads\/2025\/07\/mobile_app.webp 600w, https:\/\/unduhvideoig.app\/wp-content\/uploads\/2025\/07\/mobile_app-300x225.webp 300w\" sizes=\"auto, (max-width: 600px) 100vw, 600px\" \/><\/figure>\n<\/div>\n<\/div>\n\n\n\n<h2 class=\"wp-block-heading has-text-align-center\">\u010casto kladen\u00e9 ot\u00e1zky (FAQ)<\/h2>\n\n\n\n<hr class=\"wp-block-separator has-alpha-channel-opacity has-fabled-sunset-gradient-background has-background is-style-wide\"\/>\n\n\n\n<p>Ni\u017e\u0161ie n\u00e1jdete odpovede na naj\u010dastej\u0161ie ot\u00e1zky t\u00fdkaj\u00face sa pou\u017e\u00edvania n\u00e1\u0161ho s\u0165ahova\u010da pr\u00edbehov z Instagramu UnduhVideoIg.App. Ak va\u0161a ot\u00e1zka nie je uveden\u00e1, nev\u00e1hajte n\u00e1s kedyko\u013evek kontaktova\u0165 e-mailom prostredn\u00edctvom na\u0161ej kontaktnej str\u00e1nky.<\/p>\n\n\n\n<h3 class=\"wp-block-heading\">\u010co s\u00fa to Instagram Stories a Highlights?<\/h3>\n\n\n\n<p>Pr\u00edbehy s\u00fa kr\u00e1tke pr\u00edbehy alebo fotografie, ktor\u00e9 zmizn\u00fa po 24 hodin\u00e1ch. Najd\u00f4le\u017eitej\u0161ie pr\u00edbehy s\u00fa zbierky pr\u00edbehov natrvalo ulo\u017een\u00e9 v profile pou\u017e\u00edvate\u013ea. N\u00e1\u0161 n\u00e1stroj v\u00e1m umo\u017e\u0148uje r\u00fdchlo a jednoducho stiahnu\u0165 oba form\u00e1ty.<\/p>\n\n\n\n<h3 class=\"wp-block-heading\">Ako si m\u00f4\u017eem stiahnu\u0165 pr\u00edbeh z Instagramu?<\/h3>\n\n\n\n<p>Ak chcete stiahnu\u0165 pr\u00edbeh z Instagramu, postupujte pod\u013ea t\u00fdchto jednoduch\u00fdch krokov:<\/p>\n\n\n\n<ul class=\"wp-block-list\">\n<li>Otvorte Instagram a klepnite na miniat\u00faru pr\u00edbehu v hornej \u010dasti v\u00e1\u0161ho kan\u00e1la.<\/li>\n\n\n\n<li>Ke\u010f je pr\u00edbeh otvoren\u00fd, klepnite na ikonu ponuky s tromi bodkami (<strong>\u22ef<\/strong>) v pravom hornom rohu.<\/li>\n\n\n\n<li>V zobrazenej ponuke vyberte mo\u017enos\u0165 \u201eKop\u00edrova\u0165 odkaz\u201c.<\/li>\n\n\n\n<li>Prejdite na UnduhVideoIg.App a vlo\u017ete skop\u00edrovan\u00fd odkaz do vstupn\u00e9ho po\u013ea.<\/li>\n\n\n\n<li>Kliknite na tla\u010didlo Stiahnu\u0165 \u2013 v\u00e1\u0161 pr\u00edbeh bude pripraven\u00fd na ulo\u017eenie do v\u00e1\u0161ho zariadenia o nieko\u013eko sek\u00fand.<\/li>\n<\/ul>\n\n\n\n<h3 class=\"wp-block-heading\">M\u00f4\u017eem si stiahnu\u0165 pr\u00edbehy z Instagramu na Android alebo iPhone?<\/h3>\n\n\n\n<p>\u00c1no, s\u0165ahovanie pr\u00edbehov z Instagramu je s nami jednoducho jednoduch\u00e9! N\u00e1\u0161 program na s\u0165ahovanie pr\u00edbehov z Instagramu je plne kompatibiln\u00fd s mobiln\u00fdmi zariadeniami. M\u00f4\u017eete ho pou\u017ei\u0165 v syst\u00e9me Android a iOS cez Chrome, Safari alebo ak\u00fdko\u013evek in\u00fd prehliada\u010d na stiahnutie \u013eubovo\u013en\u00fdch pr\u00edbehov alebo hlavn\u00fdch momentov.<\/p>\n\n\n\n<h3 class=\"wp-block-heading\">Existuje limit, ko\u013eko pr\u00edbehov na Instagrame si m\u00f4\u017eem ulo\u017ei\u0165?<\/h3>\n\n\n\n<p>Nie, s\u0165ahovanie ak\u00fdchko\u013evek pr\u00edbehov z Instagramu nie je obmedzen\u00e9. M\u00f4\u017eete si stiahnu\u0165 to\u013eko pr\u00edbehov alebo hlavn\u00fdch momentov, ko\u013eko chcete \u2013 zadarmo a bez obmedzen\u00ed.<\/p>\n\n\n\n<h3 class=\"wp-block-heading\">Je tento n\u00e1stroj naozaj bezplatn\u00fd a bezpe\u010dn\u00fd na pou\u017e\u00edvanie?<\/h3>\n\n\n\n<p>Absol\u00fatne bezplatn\u00e1 slu\u017eba na s\u0165ahovanie pr\u00edbehov z Instagramu. Tento program na s\u0165ahovanie pr\u00edbehov z Instagramu je \u00faplne bezplatn\u00fd, anonymn\u00fd a bezpe\u010dn\u00fd. Pri s\u0165ahovan\u00ed v\u00e1\u0161ho pr\u00edbehu z Instagramu neuklad\u00e1me odkazy, nezaznamen\u00e1vame aktivitu ani ne\u017eiadame \u017eiadne osobn\u00e9 \u00fadaje.<\/p>","protected":false},"excerpt":{"rendered":"<p>Instagram Story Saver Download Your Story and Highlights from Instagram Download With the usage of our service, you\u2019re accepting our Terms of Usage. Instagram Story Saver Instagram story is designed to disappear after 24 hours \u2014 but some moments deserve to be saved forever. With UnduhVideoIg Story Saver, you can easily download Instagram Story and [&hellip;]<\/p>\n","protected":false},"author":1,"featured_media":0,"parent":0,"menu_order":0,"comment_status":"closed","ping_status":"closed","template":"","meta":{"slim_seo":{"title":"Story Saver \u2013 Stiahnutie pr\u00edbehov z Instagramu","description":"Stiahnite si IG Stories zadarmo bez akejko\u013evek aplik\u00e1cie. Ulo\u017ete si svoje ob\u013e\u00faben\u00e9 pr\u00edbehy z Instagramu jednoducho, r\u00fdchlo, v HD kvalite a bez vodoznakov, priamo online!"},"footnotes":""},"class_list":["post-339","page","type-page","status-publish","hentry"],"blocksy_meta":{"background":{"background_type":"color","background_pattern":"type-1","background_image":{"attachment_id":null,"x":0,"y":0},"gradient":"linear-gradient(135deg,rgba(6,147,227,1) 0%,rgb(155,81,224) 100%)","background_repeat":"repeat","background_size":"auto","background_attachment":"scroll","patternColor":{"default":{"color":"#e5e7ea"}},"overlayColor":{"default":{"color":"CT_CSS_SKIP_RULE"}},"backgroundColor":{"default":{"color":"CT_CSS_SKIP_RULE"}}},"styles_descriptor":{"styles":{"desktop":"[data-prefix=\"single_page\"] [class*=\"ct-container\"] > article[class*=\"post\"] {--has-boxed:var(--false);--has-wide:var(--true);}","tablet":"","mobile":""},"google_fonts":[],"version":6},"content_style_source":"custom","content_style":"wide","has_hero_section":"disabled"},"_links":{"self":[{"href":"https:\/\/unduhvideoig.app\/sk\/wp-json\/wp\/v2\/pages\/339","targetHints":{"allow":["GET"]}}],"collection":[{"href":"https:\/\/unduhvideoig.app\/sk\/wp-json\/wp\/v2\/pages"}],"about":[{"href":"https:\/\/unduhvideoig.app\/sk\/wp-json\/wp\/v2\/types\/page"}],"author":[{"embeddable":true,"href":"https:\/\/unduhvideoig.app\/sk\/wp-json\/wp\/v2\/users\/1"}],"replies":[{"embeddable":true,"href":"https:\/\/unduhvideoig.app\/sk\/wp-json\/wp\/v2\/comments?post=339"}],"version-history":[{"count":16,"href":"https:\/\/unduhvideoig.app\/sk\/wp-json\/wp\/v2\/pages\/339\/revisions"}],"predecessor-version":[{"id":660,"href":"https:\/\/unduhvideoig.app\/sk\/wp-json\/wp\/v2\/pages\/339\/revisions\/660"}],"wp:attachment":[{"href":"https:\/\/unduhvideoig.app\/sk\/wp-json\/wp\/v2\/media?parent=339"}],"curies":[{"name":"pracovn\u00fd list","href":"https:\/\/api.w.org\/{rel}","templated":true}]}}