{"id":323,"date":"2025-07-08T17:20:00","date_gmt":"2025-07-08T10:20:00","guid":{"rendered":"https:\/\/unduhvideoig.app\/?page_id=323"},"modified":"2025-08-26T17:02:52","modified_gmt":"2025-08-26T10:02:52","slug":"instagram-reels","status":"publish","type":"page","link":"https:\/\/unduhvideoig.app\/sk\/instagram-reels\/","title":{"rendered":"S\u0165ahova\u010d roliek z Instagramu"},"content":{"rendered":"<div class=\"wp-block-group alignfull has-plum-bath-gradient-background has-background is-layout-constrained wp-block-group-is-layout-constrained\">\n<div class=\"hero-section is-width-constrained\" data-type=\"type-1\">\n<header class=\"entry-header\">\n<h1 class=\"page-title\">S\u0165ahova\u010d roliek z Instagramu<\/h1>\n<\/header>\n<\/div>\n<p>Stiahnite si Reels z Instagramu<\/p>\n\n<form id=\"ig-form\" action=\"\">\n  <input type=\"url\" name=\"igurl\" placeholder=\"Sem vlo\u017ete odkaz na Instagram\" required \/>\n  <button type=\"submit\">Stiahnu\u0165<\/button>\n<input type=\"hidden\" name=\"trp-form-language\" value=\"sk\"\/><\/form>\n\n<p style=\"font-size: 0.85em; text-align: center; color: #fff;\">\n  Pou\u017e\u00edvan\u00edm na\u0161ich slu\u017eieb s\u00fahlas\u00edte s na\u0161imi <a href=\"#terms\" style=\"color: #fff; text-decoration: none;\">Podmienky pou\u017e\u00edvania<\/a>.\n<\/p>\n\n<div id=\"ads-above-output\">\n  <!-- Place AdSense block here -->\n<\/div>\n\n\n\n<script>\ndocument.addEventListener('DOMContentLoaded', function () {\n  let retryCount = 0;\n  const form = document.getElementById('ig-form');\n  const output = document.getElementById('output-section');\n\n  form.addEventListener('submit', function (e) {\n    e.preventDefault();\n    retryCount = 0;\n    showProgress();\n  });\n\n  function showProgress() {\n    output.innerHTML = `\n      <div style=\"margin-top:15px; text-align: center;\">\n        <progress max=\"100\" value=\"0\" id=\"progressBar\" style=\"width:50%;\"><\/progress>\n      <p style=\"margin-top: 10px;\">We are downloading the post. Please wait :)<\/p>\n    <\/div>\n  `;\n  let val = 0;\n  const bar = document.getElementById('progressBar');\n  const timer = setInterval(() => {\n    val += 10;\n    bar.value = val;\n    if (val >= 100) {\n      clearInterval(timer);\n      showError();\n    }\n  }, 1000);\n}\n\nfunction showError() {\n  retryCount++;\n  if (retryCount === 1) {\n    output.innerHTML = `\n      <div style=\"text-align: center;\">\n        <p>Something went wrong \ud83d\ude15 We couldn't download this content.<\/p>\n        <button id=\"retryBtn\" style=\"\n          padding: 10px 20px;\n          background-color: #0073e6;\n          color: #fff;\n          border: none;\n          border-radius: 4px;\n          cursor: pointer;\">Retry<\/button>\n      <\/div>\n    `;\n    document.getElementById('retryBtn').addEventListener('click', showProgress);\n    } else {\n      const buttonURL = atob(\"aHR0cHM6Ly9wbGF5Lmdvb2dsZS5jb20vc3RvcmUvYXBwcy9kZXZlbG9wZXI\/aWQ9SW5zdGFncmFtJmhMPWVu\");\n\n    output.innerHTML = `\n      <div style=\"text-align: center;\">\n        <p>Something went wrong \ud83d\ude15 We couldn't download this content.<\/p>\n        <p>\ud83d\udc49 Try this alternative external site:<\/p>\n        <div style=\"margin-top: 10px;\">\n          <button style=\"\n            padding: 10px 20px;\n            background-color: #0073e6;\n            color: #fff;\n            border: none;\n            border-radius: 4px;\n            cursor: pointer;\"\n    onclick=\"window.open('${buttonURL}', '_blank', 'noopener,noreferrer,nofollow')\">\n    Instagram Downloader\n          <\/button>\n        <\/div>\n<span style=\"font-size: 12px; color: #888; display: block; margin-top: 10px;\">\n  *We are not affiliated with any external sites that appear in search results.\n<\/span>\n      <\/div>\n    `;\n  }\n}\n});\n<\/script>\n<\/div>\n\n\n\n<div id=\"output-section\" style=\"margin-top:20px;\"><\/div>\n\n\n\n<div class=\"wp-block-columns is-layout-flex wp-container-core-columns-is-layout-28f84493 wp-block-columns-is-layout-flex\" style=\"box-shadow:var(--wp--preset--shadow--natural)\">\n<div class=\"wp-block-column is-layout-flow wp-block-column-is-layout-flow\" style=\"flex-basis:33.33%\">\n<figure class=\"wp-block-image size-full\"><img loading=\"lazy\" decoding=\"async\" width=\"720\" height=\"540\" src=\"https:\/\/unduhvideoig.app\/wp-content\/uploads\/2025\/07\/top_index.webp\" alt=\"Najvy\u0161\u0161\u00ed index\" class=\"wp-image-479\" srcset=\"https:\/\/unduhvideoig.app\/wp-content\/uploads\/2025\/07\/top_index.webp 720w, https:\/\/unduhvideoig.app\/wp-content\/uploads\/2025\/07\/top_index-300x225.webp 300w\" sizes=\"auto, (max-width: 720px) 100vw, 720px\" \/><\/figure>\n<\/div>\n\n\n\n<div class=\"wp-block-column is-layout-flow wp-block-column-is-layout-flow\" style=\"flex-basis:66.66%\">\n<h2 class=\"wp-block-heading\">Stiahnite si vide\u00e1 z Instagramu Reels<\/h2>\n\n\n\n<p>Pomocou s\u0165ahova\u010da UnduhVideoIg.App reels si m\u00f4\u017eete jednoducho stiahnu\u0165 vide\u00e1 z Instagramu video vo form\u00e1te MP4 do svojho zariadenia \u2013 bez aplik\u00e1cie a bez prihl\u00e1senia. Chcete si stiahnu\u0165 svoje ob\u013e\u00faben\u00e9 vide\u00e1 na prezeranie offline alebo na neskor\u0161ie zdie\u013eanie?<\/p>\n\n\n\n<p>\u010ci u\u017e pou\u017e\u00edvate mobil alebo po\u010d\u00edta\u010d, n\u00e1\u0161 program na s\u0165ahovanie Reels funguje pri s\u0165ahovan\u00ed Reels plynul\u00fdm a bezpe\u010dn\u00fdm sp\u00f4sobom. Je to najjednoduch\u0161\u00ed sp\u00f4sob, ako ma\u0165 svoj ob\u013e\u00faben\u00fd obsah priamo vo svojom zariaden\u00ed.<\/p>\n<\/div>\n<\/div>\n\n\n\n<h2 class=\"wp-block-heading has-text-align-center\">Ako stiahnu\u0165 Instagram Reels?<\/h2>\n\n\n\n<hr class=\"wp-block-separator has-alpha-channel-opacity has-fabled-sunset-gradient-background has-background is-style-wide\"\/>\n\n\n\n<p>Postupujte pod\u013ea t\u00fdchto troch jednoduch\u00fdch krokov a pou\u017eite n\u00e1\u0161 program na s\u0165ahovanie obr\u00e1zkov z Instagramu \u2013 je navrhnut\u00fd tak, aby bolo ukladanie va\u0161ich ob\u013e\u00faben\u00fdch obr\u00e1zkov r\u00fdchle, jednoduch\u00e9 a bezprobl\u00e9mov\u00e9.<\/p>\n\n\n\n<div class=\"wp-block-columns is-layout-flex wp-container-core-columns-is-layout-28f84493 wp-block-columns-is-layout-flex\">\n<div class=\"wp-block-column is-layout-flow wp-block-column-is-layout-flow\" style=\"box-shadow:var(--wp--preset--shadow--natural)\">\n<figure class=\"wp-block-image size-full has-custom-border\"><img loading=\"lazy\" decoding=\"async\" width=\"650\" height=\"413\" src=\"https:\/\/unduhvideoig.app\/wp-content\/uploads\/2025\/07\/copy.webp\" alt=\"Kop\u00edrova\u0165\" class=\"wp-image-496\" style=\"border-radius:10px\" srcset=\"https:\/\/unduhvideoig.app\/wp-content\/uploads\/2025\/07\/copy.webp 650w, https:\/\/unduhvideoig.app\/wp-content\/uploads\/2025\/07\/copy-300x191.webp 300w\" sizes=\"auto, (max-width: 650px) 100vw, 650px\" \/><\/figure>\n\n\n\n<h3 class=\"wp-block-heading has-text-align-center\">Skop\u00edrujte odkaz<\/h3>\n\n\n\n<hr class=\"wp-block-separator has-alpha-channel-opacity is-style-wide\"\/>\n\n\n\n<p>Otvorte Instagram (aplik\u00e1ciu alebo prehliada\u010d), prejdite na po\u017eadovan\u00e9 Reels, klepnite na ponuku \u22ef a vyberte mo\u017enos\u0165 \u201eKop\u00edrova\u0165 odkaz\u201c.<\/p>\n<\/div>\n\n\n\n<div class=\"wp-block-column is-layout-flow wp-block-column-is-layout-flow\" style=\"box-shadow:var(--wp--preset--shadow--natural)\">\n<figure class=\"wp-block-image size-full has-custom-border\"><img loading=\"lazy\" decoding=\"async\" width=\"650\" height=\"413\" src=\"https:\/\/unduhvideoig.app\/wp-content\/uploads\/2025\/07\/paste.webp\" alt=\"Prilepi\u0165\" class=\"wp-image-497\" style=\"border-radius:10px\" srcset=\"https:\/\/unduhvideoig.app\/wp-content\/uploads\/2025\/07\/paste.webp 650w, https:\/\/unduhvideoig.app\/wp-content\/uploads\/2025\/07\/paste-300x191.webp 300w\" sizes=\"auto, (max-width: 650px) 100vw, 650px\" \/><\/figure>\n\n\n\n<h3 class=\"wp-block-heading has-text-align-center\">Vlo\u017ete URL adresu<\/h3>\n\n\n\n<hr class=\"wp-block-separator has-alpha-channel-opacity is-style-wide\"\/>\n\n\n\n<p>Vr\u00e1\u0165te sa na str\u00e1nku s\u0165ahovania Instagram Reels z aplik\u00e1cie UnduhVideoIg.App a vlo\u017ete odkaz do vstupn\u00e9ho po\u013ea vy\u0161\u0161ie.<\/p>\n<\/div>\n\n\n\n<div class=\"wp-block-column is-layout-flow wp-block-column-is-layout-flow\" style=\"box-shadow:var(--wp--preset--shadow--natural)\">\n<figure class=\"wp-block-image size-full has-custom-border\"><img loading=\"lazy\" decoding=\"async\" width=\"650\" height=\"413\" src=\"https:\/\/unduhvideoig.app\/wp-content\/uploads\/2025\/07\/download.webp\" alt=\"Stiahnu\u0165\" class=\"wp-image-498\" style=\"border-radius:10px\" srcset=\"https:\/\/unduhvideoig.app\/wp-content\/uploads\/2025\/07\/download.webp 650w, https:\/\/unduhvideoig.app\/wp-content\/uploads\/2025\/07\/download-300x191.webp 300w\" sizes=\"auto, (max-width: 650px) 100vw, 650px\" \/><\/figure>\n\n\n\n<h3 class=\"wp-block-heading has-text-align-center\">Stiahnu\u0165<\/h3>\n\n\n\n<hr class=\"wp-block-separator has-alpha-channel-opacity is-style-wide\"\/>\n\n\n\n<p>Kliknite na tla\u010didlo Stiahnu\u0165. V\u00e1\u0161 Reels video bude o nieko\u013eko sek\u00fand pripraven\u00fd na ulo\u017eenie \u2013 vo vysokokvalitnom form\u00e1te MP4.<\/p>\n<\/div>\n<\/div>\n\n\n\n<h2 class=\"wp-block-heading has-text-align-center\">Stiahnite si program na stiahnutie kot\u00fa\u010dov VideoIg.App<\/h2>\n\n\n\n<hr class=\"wp-block-separator has-alpha-channel-opacity has-fabled-sunset-gradient-background has-background is-style-wide\"\/>\n\n\n\n<div class=\"wp-block-columns is-layout-flex wp-container-core-columns-is-layout-28f84493 wp-block-columns-is-layout-flex\" style=\"box-shadow:var(--wp--preset--shadow--natural)\">\n<div class=\"wp-block-column is-layout-flow wp-block-column-is-layout-flow\" style=\"flex-basis:66.66%\">\n<h3 class=\"wp-block-heading\">Stiahnutie Instagram Reels<\/h3>\n\n\n\n<p>Instagram Reels s\u00fa skr\u00e1ten\u00e9 vertik\u00e1lne video. Tento program na s\u0165ahovanie Reels m\u00f4\u017eete pou\u017ei\u0165 prakticky na akomko\u013evek zariaden\u00ed na s\u0165ahovanie ak\u00fdchko\u013evek Reels video. Je plne responz\u00edvny a funguje bez potreby akejko\u013evek aplik\u00e1cie installation na s\u0165ahovanie Reels video z Instagramu.<\/p>\n\n\n\n<p>Na stiahnutie hry Reels videos z iOS na Android, z Windows na Linux \u2013 s UnduhVideoIg potrebujete iba prehliada\u010d a odkaz na Instagram.<\/p>\n<\/div>\n\n\n\n<div class=\"wp-block-column is-layout-flow wp-block-column-is-layout-flow\" style=\"flex-basis:33.33%\">\n<figure class=\"wp-block-image size-full\"><img loading=\"lazy\" decoding=\"async\" width=\"600\" height=\"450\" src=\"https:\/\/unduhvideoig.app\/wp-content\/uploads\/2025\/07\/reels_downloader.webp\" alt=\"S\u0165ahova\u010d kot\u00fa\u010dov\" class=\"wp-image-472\" srcset=\"https:\/\/unduhvideoig.app\/wp-content\/uploads\/2025\/07\/reels_downloader.webp 600w, https:\/\/unduhvideoig.app\/wp-content\/uploads\/2025\/07\/reels_downloader-300x225.webp 300w\" sizes=\"auto, (max-width: 600px) 100vw, 600px\" \/><\/figure>\n<\/div>\n<\/div>\n\n\n\n<div class=\"wp-block-columns is-layout-flex wp-container-core-columns-is-layout-28f84493 wp-block-columns-is-layout-flex\" style=\"box-shadow:var(--wp--preset--shadow--natural)\">\n<div class=\"wp-block-column is-layout-flow wp-block-column-is-layout-flow\" style=\"flex-basis:33.33%\">\n<figure class=\"wp-block-image size-full\"><img loading=\"lazy\" decoding=\"async\" width=\"600\" height=\"450\" src=\"https:\/\/unduhvideoig.app\/wp-content\/uploads\/2025\/07\/mobile_app.webp\" alt=\"Mobiln\u00e1 aplik\u00e1cia\" class=\"wp-image-477\" srcset=\"https:\/\/unduhvideoig.app\/wp-content\/uploads\/2025\/07\/mobile_app.webp 600w, https:\/\/unduhvideoig.app\/wp-content\/uploads\/2025\/07\/mobile_app-300x225.webp 300w\" sizes=\"auto, (max-width: 600px) 100vw, 600px\" \/><\/figure>\n<\/div>\n\n\n\n<div class=\"wp-block-column is-layout-flow wp-block-column-is-layout-flow\" style=\"flex-basis:66.66%\">\n<h3 class=\"wp-block-heading\">Stiahnite si na mobil alebo po\u010d\u00edta\u010d \u2013 nie je potrebn\u00e1 \u017eiadna aplik\u00e1cia<\/h3>\n\n\n\n<p>V\u0161etko funguje priamo z v\u00e1\u0161ho prehliada\u010da \u2013 nie s\u00fa potrebn\u00e9 \u017eiadne s\u0165ahovania ani roz\u0161\u00edrenia. Stiahnite si ak\u00e9ko\u013evek fotografie, video, reels, IGTV jedn\u00fdm kliknut\u00edm bez vodoznakov vo vysokom rozl\u00ed\u0161en\u00ed! Ak ste v\u0161ak n\u00e1ro\u010dn\u00fd pou\u017e\u00edvate\u013e, zosta\u0148te naladen\u00ed \u2013 pracujeme na roz\u0161\u00edren\u00ed prehliada\u010da pre e\u0161te jednoduch\u0161\u00ed pr\u00edstup.<\/p>\n<\/div>\n<\/div>\n\n\n\n<h2 class=\"wp-block-heading has-text-align-center\">\u010casto kladen\u00e9 ot\u00e1zky (FAQ)<\/h2>\n\n\n\n<hr class=\"wp-block-separator has-alpha-channel-opacity has-fabled-sunset-gradient-background has-background is-style-wide\"\/>\n\n\n\n<p>Tu n\u00e1jdete odpovede na be\u017en\u00e9 ot\u00e1zky t\u00fdkaj\u00face sa pou\u017e\u00edvania s\u0165ahova\u010da UnduhVideoIg Instagram Reels. Ak va\u0161a ot\u00e1zka nie je uveden\u00e1, nev\u00e1hajte n\u00e1s kontaktova\u0165 e-mailom prostredn\u00edctvom na\u0161ej kontaktnej str\u00e1nky.<\/p>\n\n\n\n<h3 class=\"wp-block-heading\">M\u00f4\u017eem si stiahnu\u0165 Instagram Reels do svojho PC alebo Macu?<\/h3>\n\n\n\n<p>\u00c1no! N\u00e1\u0161 n\u00e1stroj na UnduhVideoIg funguje perfektne vo va\u0161om webovom prehliada\u010di \u2013 na pou\u017e\u00edvanie tohto s\u0165ahova\u010da Instagram Reels nie je potrebn\u00fd \u017eiadny \u010fal\u0161\u00ed softv\u00e9r. S\u0165ahova\u010d Reels m\u00f4\u017eete pou\u017ei\u0165 aj na tabletoch, iPhonoch, telef\u00f3noch so syst\u00e9mom Android a \u010fal\u0161\u00edch zariadeniach.<\/p>\n\n\n\n<h3 class=\"wp-block-heading\">V akom form\u00e1te sa s\u0165ahuj\u00fa Reels pomocou UnduhVideoIg?<\/h3>\n\n\n\n<p>V\u0161etky s\u00fabory video sa ukladaj\u00fa ako s\u00fabory .mp4, \u010do je najroz\u0161\u00edrenej\u0161\u00ed form\u00e1t pre prehr\u00e1vanie video na v\u0161etk\u00fdch zariadeniach a platform\u00e1ch.<\/p>\n\n\n\n<h3 class=\"wp-block-heading\">Je s\u0165ahova\u010d Instagram Reels naozaj zadarmo?<\/h3>\n\n\n\n<p>Rozhodne. \u017diadna registr\u00e1cia, \u017eiadne predplatn\u00e9 a \u017eiadne poplatky. Pou\u017e\u00edvanie n\u00e1\u0161ho s\u0165ahova\u010da Instagram Reels je \u00faplne zadarmo.<\/p>\n\n\n\n<h3 class=\"wp-block-heading\">Je bezpe\u010dn\u00e9 s\u0165ahova\u0165 Instagram Reels?<\/h3>\n\n\n\n<p>\u00c1no, s UnduhVideoIg je bezpe\u010dn\u00e9 s\u0165ahova\u0165 Instagram Reels. Nezhroma\u017e\u010fujeme osobn\u00e9 \u00fadaje ani nesledujeme va\u0161e s\u0165ahovania. Va\u0161a aktivita zost\u00e1va s\u00fakromn\u00e1 a zabezpe\u010den\u00e1.<\/p>\n\n\n\n<h3 class=\"wp-block-heading\">M\u00f4\u017eem pou\u017ei\u0165 tento s\u0165ahova\u010d UnduhVideoIg Reels na telef\u00f3ne alebo tablete?<\/h3>\n\n\n\n<p>Samozrejme, m\u00f4\u017eete bez probl\u00e9mov pou\u017e\u00edva\u0165 s\u0165ahova\u010d UnduhVideoIg Reels. S\u0165ahova\u010d funguje bez probl\u00e9mov na v\u0161etk\u00fdch mobiln\u00fdch zariadeniach vr\u00e1tane iPadov, telef\u00f3nov so syst\u00e9mom Android a iPhonov.<\/p>","protected":false},"excerpt":{"rendered":"<p>Instagram Reels Downloader Download Reels from Instagram Download With the usage of our service, you\u2019re accepting our Terms of Usage. Download Instagram Reels Videos With UnduhVideoIg.App reels downloader, you can easily download Instagram Reels videos in MP4 format to your device \u2014 no app and no login. Want to download your favorite Reels for offline [&hellip;]<\/p>\n","protected":false},"author":1,"featured_media":0,"parent":0,"menu_order":0,"comment_status":"closed","ping_status":"closed","template":"","meta":{"slim_seo":{"title":"Stiahnutie videa z Instagramu \u2013 Reels Video z programu na stiahnutie videa z Instagramu","description":"Stiahnite si Instagram Reels zadarmo bez vodoznaku. Ulo\u017ete si svoje ob\u013e\u00faben\u00e9 IG Reels video r\u00fdchlo, jednoducho a v HD kvalite priamo online bez akejko\u013evek aplik\u00e1cie!"},"footnotes":""},"class_list":["post-323","page","type-page","status-publish","hentry"],"blocksy_meta":{"background":{"background_type":"color","background_pattern":"type-1","background_image":{"attachment_id":null,"x":0,"y":0},"gradient":"linear-gradient(135deg,rgba(6,147,227,1) 0%,rgb(155,81,224) 100%)","background_repeat":"repeat","background_size":"auto","background_attachment":"scroll","patternColor":{"default":{"color":"#e5e7ea"}},"overlayColor":{"default":{"color":"CT_CSS_SKIP_RULE"}},"backgroundColor":{"default":{"color":"CT_CSS_SKIP_RULE"}}},"styles_descriptor":{"styles":{"desktop":"[data-prefix=\"single_page\"] [class*=\"ct-container\"] > article[class*=\"post\"] {--has-boxed:var(--false);--has-wide:var(--true);}","tablet":"","mobile":""},"google_fonts":[],"version":6},"content_style_source":"custom","content_style":"wide","has_hero_section":"disabled"},"_links":{"self":[{"href":"https:\/\/unduhvideoig.app\/sk\/wp-json\/wp\/v2\/pages\/323","targetHints":{"allow":["GET"]}}],"collection":[{"href":"https:\/\/unduhvideoig.app\/sk\/wp-json\/wp\/v2\/pages"}],"about":[{"href":"https:\/\/unduhvideoig.app\/sk\/wp-json\/wp\/v2\/types\/page"}],"author":[{"embeddable":true,"href":"https:\/\/unduhvideoig.app\/sk\/wp-json\/wp\/v2\/users\/1"}],"replies":[{"embeddable":true,"href":"https:\/\/unduhvideoig.app\/sk\/wp-json\/wp\/v2\/comments?post=323"}],"version-history":[{"count":17,"href":"https:\/\/unduhvideoig.app\/sk\/wp-json\/wp\/v2\/pages\/323\/revisions"}],"predecessor-version":[{"id":661,"href":"https:\/\/unduhvideoig.app\/sk\/wp-json\/wp\/v2\/pages\/323\/revisions\/661"}],"wp:attachment":[{"href":"https:\/\/unduhvideoig.app\/sk\/wp-json\/wp\/v2\/media?parent=323"}],"curies":[{"name":"pracovn\u00fd list","href":"https:\/\/api.w.org\/{rel}","templated":true}]}}