{"id":284,"date":"2025-07-08T14:56:58","date_gmt":"2025-07-08T07:56:58","guid":{"rendered":"https:\/\/unduhvideoig.app\/?page_id=284"},"modified":"2025-08-26T17:01:23","modified_gmt":"2025-08-26T10:01:23","slug":"instagram-photo","status":"publish","type":"page","link":"https:\/\/unduhvideoig.app\/sk\/instagram-photo\/","title":{"rendered":"S\u0165ahova\u010d fotografi\u00ed z Instagramu"},"content":{"rendered":"<div class=\"wp-block-group alignfull has-plum-bath-gradient-background has-background is-layout-constrained wp-block-group-is-layout-constrained\">\n<div class=\"hero-section is-width-constrained\" data-type=\"type-1\">\n<header class=\"entry-header\">\n<h1 class=\"page-title\">S\u0165ahova\u010d fotografi\u00ed z Instagramu<\/h1>\n<\/header>\n<\/div>\n<p>Stiahnite si fotografie z Instagramu<\/p>\n\n<form id=\"ig-form\" action=\"\">\n  <input type=\"url\" name=\"igurl\" placeholder=\"Sem vlo\u017ete odkaz na Instagram\" required \/>\n  <button type=\"submit\">Stiahnu\u0165<\/button>\n<input type=\"hidden\" name=\"trp-form-language\" value=\"sk\"\/><\/form>\n\n<p style=\"font-size: 0.85em; text-align: center; color: #fff;\">\n  Pou\u017e\u00edvan\u00edm na\u0161ich slu\u017eieb s\u00fahlas\u00edte s na\u0161imi <a href=\"#terms\" style=\"color: #fff; text-decoration: none;\">Podmienky pou\u017e\u00edvania<\/a>.\n<\/p>\n\n<div id=\"ads-above-output\">\n  <!-- Place AdSense block here -->\n<\/div>\n\n\n\n<script>\ndocument.addEventListener('DOMContentLoaded', function () {\n  let retryCount = 0;\n  const form = document.getElementById('ig-form');\n  const output = document.getElementById('output-section');\n\n  form.addEventListener('submit', function (e) {\n    e.preventDefault();\n    retryCount = 0;\n    showProgress();\n  });\n\n  function showProgress() {\n    output.innerHTML = `\n      <div style=\"margin-top:15px; text-align: center;\">\n        <progress max=\"100\" value=\"0\" id=\"progressBar\" style=\"width:50%;\"><\/progress>\n      <p style=\"margin-top: 10px;\">We are downloading the post. Please wait :)<\/p>\n    <\/div>\n  `;\n  let val = 0;\n  const bar = document.getElementById('progressBar');\n  const timer = setInterval(() => {\n    val += 10;\n    bar.value = val;\n    if (val >= 100) {\n      clearInterval(timer);\n      showError();\n    }\n  }, 1000);\n}\n\nfunction showError() {\n  retryCount++;\n  if (retryCount === 1) {\n    output.innerHTML = `\n      <div style=\"text-align: center;\">\n        <p>Something went wrong \ud83d\ude15 We couldn't download this content.<\/p>\n        <button id=\"retryBtn\" style=\"\n          padding: 10px 20px;\n          background-color: #0073e6;\n          color: #fff;\n          border: none;\n          border-radius: 4px;\n          cursor: pointer;\">Retry<\/button>\n      <\/div>\n    `;\n    document.getElementById('retryBtn').addEventListener('click', showProgress);\n    } else {\n      const buttonURL = atob(\"aHR0cHM6Ly9wbGF5Lmdvb2dsZS5jb20vc3RvcmUvYXBwcy9kZXZlbG9wZXI\/aWQ9SW5zdGFncmFtJmhMPWVu\");\n\n    output.innerHTML = `\n      <div style=\"text-align: center;\">\n        <p>Something went wrong \ud83d\ude15 We couldn't download this content.<\/p>\n        <p>\ud83d\udc49 Try this alternative external site:<\/p>\n        <div style=\"margin-top: 10px;\">\n          <button style=\"\n            padding: 10px 20px;\n            background-color: #0073e6;\n            color: #fff;\n            border: none;\n            border-radius: 4px;\n            cursor: pointer;\"\n    onclick=\"window.open('${buttonURL}', '_blank', 'noopener,noreferrer,nofollow')\">\n    Instagram Downloader\n          <\/button>\n        <\/div>\n<span style=\"font-size: 12px; color: #888; display: block; margin-top: 10px;\">\n  *We are not affiliated with any external sites that appear in search results.\n<\/span>\n      <\/div>\n    `;\n  }\n}\n});\n<\/script>\n<\/div>\n\n\n\n<div id=\"output-section\" style=\"margin-top:20px;\"><\/div>\n\n\n\n<div class=\"wp-block-columns is-layout-flex wp-container-core-columns-is-layout-28f84493 wp-block-columns-is-layout-flex\" style=\"box-shadow:var(--wp--preset--shadow--natural)\">\n<div class=\"wp-block-column is-layout-flow wp-block-column-is-layout-flow\" style=\"flex-basis:33.33%\">\n<figure class=\"wp-block-image size-full\"><img loading=\"lazy\" decoding=\"async\" width=\"720\" height=\"540\" src=\"https:\/\/unduhvideoig.app\/wp-content\/uploads\/2025\/07\/top_index.webp\" alt=\"Najvy\u0161\u0161\u00ed index\" class=\"wp-image-479\" srcset=\"https:\/\/unduhvideoig.app\/wp-content\/uploads\/2025\/07\/top_index.webp 720w, https:\/\/unduhvideoig.app\/wp-content\/uploads\/2025\/07\/top_index-300x225.webp 300w\" sizes=\"auto, (max-width: 720px) 100vw, 720px\" \/><\/figure>\n<\/div>\n\n\n\n<div class=\"wp-block-column is-layout-flow wp-block-column-is-layout-flow\" style=\"flex-basis:66.66%\">\n<h2 class=\"wp-block-heading\">Stiahnite si fotografie z Instagramu<\/h2>\n\n\n\n<p>Instagram je miestom, kde sa zachyt\u00e1vaj\u00fa mili\u00f3ny fotografick\u00fdch momentov \u2013 od fotografi\u00ed estetick\u00fdch rozlo\u017een\u00fdch fotiek a cestovate\u013esk\u00fdch z\u00e1berov a\u017e po in\u0161pirat\u00edvne cit\u00e1ty a obr\u00e1zky produktov. Pomocou UnduhVideoIg si m\u00f4\u017eete stiahnu\u0165 fotografie z Instagramu priamo do svojho zariadenia, \u010di u\u017e ide o jeden obr\u00e1zok alebo cel\u00fd karuselov\u00fd pr\u00edspevok.<\/p>\n\n\n\n<p>Nem\u00e1te \u00fa\u010det? \u017diadny probl\u00e9m. Tento n\u00e1stroj funguje online a na stiahnutie a ulo\u017eenie akejko\u013evek fotografie, ktor\u00e1 sa v\u00e1m p\u00e1\u010di z Instagramu, nevy\u017eaduje aplik\u00e1ciu ani registr\u00e1ciu.<\/p>\n<\/div>\n<\/div>\n\n\n\n<h2 class=\"wp-block-heading has-text-align-center\">Ako stiahnu\u0165 fotografie z Instagramu?<\/h2>\n\n\n\n<hr class=\"wp-block-separator has-alpha-channel-opacity has-fabled-sunset-gradient-background has-background is-style-wide\"\/>\n\n\n\n<p>Postupujte pod\u013ea t\u00fdchto troch r\u00fdchlych a jednoduch\u00fdch krokov a pou\u017eite n\u00e1\u0161 program na s\u0165ahovanie obr\u00e1zkov z Instagramu \u2013 je r\u00fdchly, bezprobl\u00e9mov\u00fd a \u0161etr\u00ed v\u00e1m \u010das.<\/p>\n\n\n\n<div class=\"wp-block-columns is-layout-flex wp-container-core-columns-is-layout-28f84493 wp-block-columns-is-layout-flex\">\n<div class=\"wp-block-column is-layout-flow wp-block-column-is-layout-flow\" style=\"box-shadow:var(--wp--preset--shadow--natural)\">\n<figure class=\"wp-block-image size-full has-custom-border\"><img loading=\"lazy\" decoding=\"async\" width=\"650\" height=\"413\" src=\"https:\/\/unduhvideoig.app\/wp-content\/uploads\/2025\/07\/copy.webp\" alt=\"Kop\u00edrova\u0165\" class=\"wp-image-496\" style=\"border-radius:10px\" srcset=\"https:\/\/unduhvideoig.app\/wp-content\/uploads\/2025\/07\/copy.webp 650w, https:\/\/unduhvideoig.app\/wp-content\/uploads\/2025\/07\/copy-300x191.webp 300w\" sizes=\"auto, (max-width: 650px) 100vw, 650px\" \/><\/figure>\n\n\n\n<h3 class=\"wp-block-heading has-text-align-center\">Skop\u00edrujte odkaz<\/h3>\n\n\n\n<hr class=\"wp-block-separator has-alpha-channel-opacity is-style-wide\"\/>\n\n\n\n<p>Otvorte aplik\u00e1ciu alebo webov\u00fa str\u00e1nku Instagram, prejdite na po\u017eadovan\u00fa ob\u013e\u00faben\u00fa fotografiu na Instagrame, klepnite na ikonu \u22ef (alebo \u22ee) a vyberte mo\u017enos\u0165 \u201eKop\u00edrova\u0165 odkaz\u201c.<\/p>\n<\/div>\n\n\n\n<div class=\"wp-block-column is-layout-flow wp-block-column-is-layout-flow\" style=\"box-shadow:var(--wp--preset--shadow--natural)\">\n<figure class=\"wp-block-image size-full has-custom-border\"><img loading=\"lazy\" decoding=\"async\" width=\"650\" height=\"413\" src=\"https:\/\/unduhvideoig.app\/wp-content\/uploads\/2025\/07\/paste.webp\" alt=\"Prilepi\u0165\" class=\"wp-image-497\" style=\"border-radius:10px\" srcset=\"https:\/\/unduhvideoig.app\/wp-content\/uploads\/2025\/07\/paste.webp 650w, https:\/\/unduhvideoig.app\/wp-content\/uploads\/2025\/07\/paste-300x191.webp 300w\" sizes=\"auto, (max-width: 650px) 100vw, 650px\" \/><\/figure>\n\n\n\n<h3 class=\"wp-block-heading has-text-align-center\">Vlo\u017ete URL adresu<\/h3>\n\n\n\n<hr class=\"wp-block-separator has-alpha-channel-opacity is-style-wide\"\/>\n\n\n\n<p>Vr\u00e1\u0165te sa na t\u00fato str\u00e1nku na s\u0165ahovanie obr\u00e1zkov z Instagramu na webe UnduhVideoIg.App, vlo\u017ete odkaz do vstupn\u00e9ho po\u013ea a kliknite na Stiahnu\u0165.<\/p>\n<\/div>\n\n\n\n<div class=\"wp-block-column is-layout-flow wp-block-column-is-layout-flow\" style=\"box-shadow:var(--wp--preset--shadow--natural)\">\n<figure class=\"wp-block-image size-full has-custom-border\"><img loading=\"lazy\" decoding=\"async\" width=\"650\" height=\"413\" src=\"https:\/\/unduhvideoig.app\/wp-content\/uploads\/2025\/07\/download.webp\" alt=\"Stiahnu\u0165\" class=\"wp-image-498\" style=\"border-radius:10px\" srcset=\"https:\/\/unduhvideoig.app\/wp-content\/uploads\/2025\/07\/download.webp 650w, https:\/\/unduhvideoig.app\/wp-content\/uploads\/2025\/07\/download-300x191.webp 300w\" sizes=\"auto, (max-width: 650px) 100vw, 650px\" \/><\/figure>\n\n\n\n<h3 class=\"wp-block-heading has-text-align-center\">Stiahnu\u0165<\/h3>\n\n\n\n<hr class=\"wp-block-separator has-alpha-channel-opacity is-style-wide\"\/>\n\n\n\n<p>Po kliknut\u00ed na tla\u010didlo Stiahnu\u0165 sa v\u00e1m v priebehu nieko\u013ek\u00fdch sek\u00fand zobraz\u00ed uk\u00e1\u017eka s mo\u017enos\u0165ami stiahnutia jednej alebo viacer\u00fdch fotografi\u00ed vo form\u00e1te JPG s vysok\u00fdm rozl\u00ed\u0161en\u00edm.<\/p>\n<\/div>\n<\/div>\n\n\n\n<h2 class=\"wp-block-heading has-text-align-center\">N\u00e1\u0161 program na stiahnutie aplik\u00e1ci\u00ed UnduhVideoIg<\/h2>\n\n\n\n<hr class=\"wp-block-separator has-alpha-channel-opacity has-fabled-sunset-gradient-background has-background is-style-wide\"\/>\n\n\n\n<div class=\"wp-block-columns is-layout-flex wp-container-core-columns-is-layout-28f84493 wp-block-columns-is-layout-flex\" style=\"box-shadow:var(--wp--preset--shadow--natural)\">\n<div class=\"wp-block-column is-layout-flow wp-block-column-is-layout-flow\" style=\"flex-basis:66.66%\">\n<h3 class=\"wp-block-heading\">S\u0165ahova\u010d fotografi\u00ed<\/h3>\n\n\n\n<p>S\u0165ahovanie fotografi\u00ed, \u010di u\u017e pou\u017e\u00edvate smartf\u00f3n, tablet alebo po\u010d\u00edta\u010d, je program UnduhVideoIg navrhnut\u00fd tak, aby bezprobl\u00e9movo fungoval na v\u0161etk\u00fdch platform\u00e1ch. Nemus\u00edte in\u0161talova\u0165 \u017eiadnu aplik\u00e1ciu \u2013 sta\u010d\u00ed skop\u00edrova\u0165, vlo\u017ei\u0165 a ulo\u017ei\u0165 fotografiu. Podporuje s\u0165ahovanie v plnom rozl\u00ed\u0161en\u00ed, v\u010faka \u010domu je ide\u00e1lny na ukladanie obsahu bez straty kvality.<\/p>\n\n\n\n<p>A \u00e1no \u2013 funguje to perfektne v prehliada\u010doch Safari, Chrome, Firefox a \u010fal\u0161\u00edch.<\/p>\n<\/div>\n\n\n\n<div class=\"wp-block-column is-layout-flow wp-block-column-is-layout-flow\" style=\"flex-basis:33.33%\">\n<figure class=\"wp-block-image size-full\"><img loading=\"lazy\" decoding=\"async\" width=\"600\" height=\"450\" src=\"https:\/\/unduhvideoig.app\/wp-content\/uploads\/2025\/07\/photos_downloader.webp\" alt=\"S\u0165ahova\u010d fotografi\u00ed\" class=\"wp-image-471\" srcset=\"https:\/\/unduhvideoig.app\/wp-content\/uploads\/2025\/07\/photos_downloader.webp 600w, https:\/\/unduhvideoig.app\/wp-content\/uploads\/2025\/07\/photos_downloader-300x225.webp 300w\" sizes=\"auto, (max-width: 600px) 100vw, 600px\" \/><\/figure>\n<\/div>\n<\/div>\n\n\n\n<div class=\"wp-block-columns is-layout-flex wp-container-core-columns-is-layout-28f84493 wp-block-columns-is-layout-flex\" style=\"box-shadow:var(--wp--preset--shadow--natural)\">\n<div class=\"wp-block-column is-layout-flow wp-block-column-is-layout-flow\" style=\"flex-basis:33.33%\">\n<figure class=\"wp-block-image size-full\"><img loading=\"lazy\" decoding=\"async\" width=\"600\" height=\"450\" src=\"https:\/\/unduhvideoig.app\/wp-content\/uploads\/2025\/07\/mobile_app.webp\" alt=\"Mobiln\u00e1 aplik\u00e1cia\" class=\"wp-image-477\" srcset=\"https:\/\/unduhvideoig.app\/wp-content\/uploads\/2025\/07\/mobile_app.webp 600w, https:\/\/unduhvideoig.app\/wp-content\/uploads\/2025\/07\/mobile_app-300x225.webp 300w\" sizes=\"auto, (max-width: 600px) 100vw, 600px\" \/><\/figure>\n<\/div>\n\n\n\n<div class=\"wp-block-column is-layout-flow wp-block-column-is-layout-flow\" style=\"flex-basis:66.66%\">\n<h3 class=\"wp-block-heading\">Stiahnite si na mobil alebo po\u010d\u00edta\u010d \u2013 nie je potrebn\u00e1 \u017eiadna aplik\u00e1cia<\/h3>\n\n\n\n<p>V\u0161etko funguje priamo z v\u00e1\u0161ho prehliada\u010da \u2013 nie s\u00fa potrebn\u00e9 \u017eiadne s\u0165ahovania ani roz\u0161\u00edrenia. Stiahnite si ak\u00e9ko\u013evek fotografie, video, reels, IGTV jedn\u00fdm kliknut\u00edm bez vodoznakov vo vysokom rozl\u00ed\u0161en\u00ed! Ak ste v\u0161ak n\u00e1ro\u010dn\u00fd pou\u017e\u00edvate\u013e, zosta\u0148te naladen\u00ed \u2013 pracujeme na roz\u0161\u00edren\u00ed prehliada\u010da pre e\u0161te jednoduch\u0161\u00ed pr\u00edstup.<\/p>\n<\/div>\n<\/div>\n\n\n\n<h2 class=\"wp-block-heading has-text-align-center\">\u010casto kladen\u00e9 ot\u00e1zky (FAQ)<\/h2>\n\n\n\n<hr class=\"wp-block-separator has-alpha-channel-opacity has-fabled-sunset-gradient-background has-background is-style-wide\"\/>\n\n\n\n<p>Ni\u017e\u0161ie n\u00e1jdete odpovede na be\u017en\u00e9 ot\u00e1zky t\u00fdkaj\u00face sa pou\u017e\u00edvania programu na s\u0165ahovanie fotografi\u00ed z Instagramu UnduhVideoIg. Ak nen\u00e1jdete, \u010do h\u013ead\u00e1te, nev\u00e1hajte n\u00e1s kontaktova\u0165 e-mailom prostredn\u00edctvom na\u0161ej kontaktnej str\u00e1nky.<\/p>\n\n\n\n<h3 class=\"wp-block-heading\">M\u00f4\u017eem si stiahnu\u0165 obr\u00e1zky z Instagramu do po\u010d\u00edta\u010da alebo Macu?<\/h3>\n\n\n\n<p>\u00c1no! S\u0165ahovanie fotografi\u00ed z UnduhVideoIg funguje priamo vo va\u0161om prehliada\u010di na PC aj Mac. Sta\u010d\u00ed skop\u00edrova\u0165 URL adresu pr\u00edspevku z Instagramu a vlo\u017ei\u0165 ju vy\u0161\u0161ie do programu na s\u0165ahovanie fotografi\u00ed z Instagramu.<\/p>\n\n\n\n<h3 class=\"wp-block-heading\">Ak\u00fd form\u00e1t s\u00faboru sa pou\u017e\u00edva na UnduhVideoIg <strong>na stiahnutie?<\/strong><\/h3>\n\n\n\n<p>V\u0161etky obr\u00e1zky z Instagramu sa s\u0165ahuj\u00fa vo form\u00e1te JPG, ktor\u00fd je \u013eahk\u00fd a vysoko kvalitn\u00fd na s\u0165ahovanie obr\u00e1zkov \u2013 ide\u00e1lny na ukladanie alebo zdie\u013eanie.<\/p>\n\n\n\n<h3 class=\"wp-block-heading\">Je t\u00e1to slu\u017eba na s\u0165ahovanie fotografi\u00ed z Instagramu naozaj bezplatn\u00e1?<\/h3>\n\n\n\n<p>\u00c1no, 100% pre n\u00e1\u0161 s\u0165ahova\u010d obr\u00e1zkov z Instagramu! Nemus\u00edte sa registrova\u0165, prihl\u00e1si\u0165 na odber ani plati\u0165. Je to \u00faplne bezplatn\u00fd n\u00e1stroj na s\u0165ahovanie obr\u00e1zkov z Instagramu.<\/p>\n\n\n\n<h3 class=\"wp-block-heading\">Je bezpe\u010dn\u00e9 pou\u017e\u00edva\u0165 tento program na s\u0165ahovanie fotografi\u00ed UnduhVideoIg.App?<\/h3>\n\n\n\n<p>Rozhodne na stiahnutie fotografi\u00ed z Instagramu. Na UnduhVideoIg neuklad\u00e1me, nesledujeme ani nezhroma\u017e\u010fujeme \u017eiadne osobn\u00e9 \u00fadaje. Va\u0161e stiahnutia s\u00fa s\u00fakromn\u00e9 a zabezpe\u010den\u00e9.<\/p>\n\n\n\n<h3 class=\"wp-block-heading\">M\u00f4\u017eem pou\u017ei\u0165 program na stiahnutie UnduhVideoIg na svojom telef\u00f3ne alebo tablete?<\/h3>\n\n\n\n<p>Ur\u010dite pre n\u00e1\u0161 program na s\u0165ahovanie fotografi\u00ed. Tento n\u00e1stroj na s\u0165ahovanie obr\u00e1zkov UnduhVideoIg funguje perfektne na telef\u00f3noch s Androidom, iPhonoch, iPadoch a in\u00fdch mobiln\u00fdch prehliada\u010doch pre fotografie z Instagramu.<\/p>","protected":false},"excerpt":{"rendered":"<p>Instagram Photo Downloader Download Photos from Instagram Download With the usage of our service, you\u2019re accepting our Terms of Usage. Download Instagram Photos Instagram is where millions of photograph moments are captured \u2014 from photos of aesthetic flat lays and travel shots to inspirational quotes and product images. With UnduhVideoIg, you can download Instagram photos [&hellip;]<\/p>\n","protected":false},"author":1,"featured_media":0,"parent":0,"menu_order":0,"comment_status":"closed","ping_status":"closed","template":"","meta":{"slim_seo":{"title":"Instagram Photo Downloader \u2013 S\u0165ahovanie obr\u00e1zkov z Instagramu","description":"Stiahnite si fotografie z Instagramu zadarmo bez aplik\u00e1cie. Ulo\u017ete si svoje ob\u013e\u00faben\u00e9 obr\u00e1zky z Instagramu jednoducho, r\u00fdchlo a v HD kvalite priamo online bez vodoznaku!"},"footnotes":""},"class_list":["post-284","page","type-page","status-publish","hentry"],"blocksy_meta":{"background":{"background_type":"color","background_pattern":"type-1","background_image":{"attachment_id":null,"x":0,"y":0},"gradient":"linear-gradient(135deg,rgba(6,147,227,1) 0%,rgb(155,81,224) 100%)","background_repeat":"repeat","background_size":"auto","background_attachment":"scroll","patternColor":{"default":{"color":"#e5e7ea"}},"overlayColor":{"default":{"color":"CT_CSS_SKIP_RULE"}},"backgroundColor":{"default":{"color":"CT_CSS_SKIP_RULE"}}},"styles_descriptor":{"styles":{"desktop":"[data-prefix=\"single_page\"] [class*=\"ct-container\"] > article[class*=\"post\"] {--has-boxed:var(--false);--has-wide:var(--true);}","tablet":"","mobile":""},"google_fonts":[],"version":6},"content_style_source":"custom","content_style":"wide","has_hero_section":"disabled"},"_links":{"self":[{"href":"https:\/\/unduhvideoig.app\/sk\/wp-json\/wp\/v2\/pages\/284","targetHints":{"allow":["GET"]}}],"collection":[{"href":"https:\/\/unduhvideoig.app\/sk\/wp-json\/wp\/v2\/pages"}],"about":[{"href":"https:\/\/unduhvideoig.app\/sk\/wp-json\/wp\/v2\/types\/page"}],"author":[{"embeddable":true,"href":"https:\/\/unduhvideoig.app\/sk\/wp-json\/wp\/v2\/users\/1"}],"replies":[{"embeddable":true,"href":"https:\/\/unduhvideoig.app\/sk\/wp-json\/wp\/v2\/comments?post=284"}],"version-history":[{"count":30,"href":"https:\/\/unduhvideoig.app\/sk\/wp-json\/wp\/v2\/pages\/284\/revisions"}],"predecessor-version":[{"id":662,"href":"https:\/\/unduhvideoig.app\/sk\/wp-json\/wp\/v2\/pages\/284\/revisions\/662"}],"wp:attachment":[{"href":"https:\/\/unduhvideoig.app\/sk\/wp-json\/wp\/v2\/media?parent=284"}],"curies":[{"name":"pracovn\u00fd list","href":"https:\/\/api.w.org\/{rel}","templated":true}]}}