{"id":246,"date":"2025-07-07T10:31:40","date_gmt":"2025-07-07T03:31:40","guid":{"rendered":"https:\/\/unduhvideoig.app\/?page_id=246"},"modified":"2025-08-26T16:58:06","modified_gmt":"2025-08-26T09:58:06","slug":"instagram-video","status":"publish","type":"page","link":"https:\/\/unduhvideoig.app\/sk\/instagram-video\/","title":{"rendered":"S\u0165ahova\u010d videa z Instagramu"},"content":{"rendered":"<div class=\"wp-block-group alignfull has-plum-bath-gradient-background has-background is-layout-constrained wp-block-group-is-layout-constrained\">\n<div class=\"hero-section is-width-constrained\" data-type=\"type-1\">\n<header class=\"entry-header\">\n<h1 class=\"page-title\">S\u0165ahova\u010d videa z Instagramu<\/h1>\n<\/header>\n<\/div>\n<p>Stiahnite si vide\u00e1 z Instagramu<\/p>\n\n<form id=\"ig-form\" action=\"\">\n  <input type=\"url\" name=\"igurl\" placeholder=\"Sem vlo\u017ete odkaz na Instagram\" required \/>\n  <button type=\"submit\">Stiahnu\u0165<\/button>\n<input type=\"hidden\" name=\"trp-form-language\" value=\"sk\"\/><\/form>\n\n<p style=\"font-size: 0.85em; text-align: center; color: #fff;\">\n  Pou\u017e\u00edvan\u00edm na\u0161ich slu\u017eieb s\u00fahlas\u00edte s na\u0161imi <a href=\"#terms\" style=\"color: #fff; text-decoration: none;\">Podmienky pou\u017e\u00edvania<\/a>.\n<\/p>\n\n<div id=\"ads-above-output\">\n  <!-- Place AdSense block here -->\n<\/div>\n\n\n\n<script>\ndocument.addEventListener('DOMContentLoaded', function () {\n  let retryCount = 0;\n  const form = document.getElementById('ig-form');\n  const output = document.getElementById('output-section');\n\n  form.addEventListener('submit', function (e) {\n    e.preventDefault();\n    retryCount = 0;\n    showProgress();\n  });\n\n  function showProgress() {\n    output.innerHTML = `\n      <div style=\"margin-top:15px; text-align: center;\">\n        <progress max=\"100\" value=\"0\" id=\"progressBar\" style=\"width:50%;\"><\/progress>\n      <p style=\"margin-top: 10px;\">We are downloading the post. Please wait :)<\/p>\n    <\/div>\n  `;\n  let val = 0;\n  const bar = document.getElementById('progressBar');\n  const timer = setInterval(() => {\n    val += 10;\n    bar.value = val;\n    if (val >= 100) {\n      clearInterval(timer);\n      showError();\n    }\n  }, 1000);\n}\n\nfunction showError() {\n  retryCount++;\n  if (retryCount === 1) {\n    output.innerHTML = `\n      <div style=\"text-align: center;\">\n        <p>Something went wrong \ud83d\ude15 We couldn't download this content.<\/p>\n        <button id=\"retryBtn\" style=\"\n          padding: 10px 20px;\n          background-color: #0073e6;\n          color: #fff;\n          border: none;\n          border-radius: 4px;\n          cursor: pointer;\">Retry<\/button>\n      <\/div>\n    `;\n    document.getElementById('retryBtn').addEventListener('click', showProgress);\n    } else {\n      const buttonURL = atob(\"aHR0cHM6Ly9wbGF5Lmdvb2dsZS5jb20vc3RvcmUvYXBwcy9kZXZlbG9wZXI\/aWQ9SW5zdGFncmFtJmhMPWVu\");\n\n    output.innerHTML = `\n      <div style=\"text-align: center;\">\n        <p>Something went wrong \ud83d\ude15 We couldn't download this content.<\/p>\n        <p>\ud83d\udc49 Try this alternative external site:<\/p>\n        <div style=\"margin-top: 10px;\">\n          <button style=\"\n            padding: 10px 20px;\n            background-color: #0073e6;\n            color: #fff;\n            border: none;\n            border-radius: 4px;\n            cursor: pointer;\"\n    onclick=\"window.open('${buttonURL}', '_blank', 'noopener,noreferrer,nofollow')\">\n    Instagram Downloader\n          <\/button>\n        <\/div>\n<span style=\"font-size: 12px; color: #888; display: block; margin-top: 10px;\">\n  *We are not affiliated with any external sites that appear in search results.\n<\/span>\n      <\/div>\n    `;\n  }\n}\n});\n<\/script>\n<\/div>\n\n\n\n<div id=\"output-section\" style=\"margin-top:20px;\"><\/div>\n\n\n\n<div class=\"wp-block-columns is-layout-flex wp-container-core-columns-is-layout-28f84493 wp-block-columns-is-layout-flex\" style=\"box-shadow:var(--wp--preset--shadow--natural)\">\n<div class=\"wp-block-column is-layout-flow wp-block-column-is-layout-flow\" style=\"flex-basis:33.33%\">\n<figure class=\"wp-block-image size-full\"><img loading=\"lazy\" decoding=\"async\" width=\"720\" height=\"540\" src=\"https:\/\/unduhvideoig.app\/wp-content\/uploads\/2025\/07\/top_index.webp\" alt=\"Najvy\u0161\u0161\u00ed index\" class=\"wp-image-479\" srcset=\"https:\/\/unduhvideoig.app\/wp-content\/uploads\/2025\/07\/top_index.webp 720w, https:\/\/unduhvideoig.app\/wp-content\/uploads\/2025\/07\/top_index-300x225.webp 300w\" sizes=\"auto, (max-width: 720px) 100vw, 720px\" \/><\/figure>\n<\/div>\n\n\n\n<div class=\"wp-block-column is-layout-flow wp-block-column-is-layout-flow\" style=\"flex-basis:66.66%\">\n<h2 class=\"wp-block-heading\">Stiahnite si vide\u00e1 z Instagramu<\/h2>\n\n\n\n<p>Chcete si ulo\u017ei\u0165 vide\u00e1 video z Instagramu na offline prezeranie? S aplik\u00e1ciou UnduhVideoIg si m\u00f4\u017eete stiahnu\u0165 vide\u00e1 video z Instagramu online len nieko\u013ek\u00fdmi kliknutiami \u2013 zadarmo, r\u00fdchlo a bez vodoznakov. \u010ci u\u017e ide o vir\u00e1lny klip, tutori\u00e1l alebo osobn\u00fd moment, s aplik\u00e1ciou UnduhVideoIg si ich uschovajte vo svojom zariaden\u00ed nav\u017edy.<\/p>\n<\/div>\n<\/div>\n\n\n\n<h2 class=\"wp-block-heading has-text-align-center\">Ako s\u0165ahova\u0165 vide\u00e1 z Instagramu?<\/h2>\n\n\n\n<hr class=\"wp-block-separator has-alpha-channel-opacity has-fabled-sunset-gradient-background has-background is-style-wide\"\/>\n\n\n\n<p>Postupujte pod\u013ea t\u00fdchto troch jednoduch\u00fdch krokov a r\u00fdchlo a bez n\u00e1mahy si stiahnete \u013eubovo\u013en\u00fd Instagram video do svojho zariadenia:<\/p>\n\n\n\n<div class=\"wp-block-columns is-layout-flex wp-container-core-columns-is-layout-28f84493 wp-block-columns-is-layout-flex\">\n<div class=\"wp-block-column is-layout-flow wp-block-column-is-layout-flow\" style=\"box-shadow:var(--wp--preset--shadow--natural)\">\n<figure class=\"wp-block-image size-full has-custom-border\"><img loading=\"lazy\" decoding=\"async\" width=\"650\" height=\"413\" src=\"https:\/\/unduhvideoig.app\/wp-content\/uploads\/2025\/07\/copy.webp\" alt=\"Kop\u00edrova\u0165\" class=\"wp-image-496\" style=\"border-radius:10px\" srcset=\"https:\/\/unduhvideoig.app\/wp-content\/uploads\/2025\/07\/copy.webp 650w, https:\/\/unduhvideoig.app\/wp-content\/uploads\/2025\/07\/copy-300x191.webp 300w\" sizes=\"auto, (max-width: 650px) 100vw, 650px\" \/><\/figure>\n\n\n\n<h3 class=\"wp-block-heading has-text-align-center\">Skop\u00edrujte odkaz<\/h3>\n\n\n\n<hr class=\"wp-block-separator has-alpha-channel-opacity is-style-wide\"\/>\n\n\n\n<p>V aplik\u00e1cii alebo na webovej str\u00e1nke Instagram vyh\u013eadajte po\u017eadovan\u00fd video. Klepnite na <strong>\u22ef<\/strong> (iPhone) alebo <strong>\u22ee<\/strong> (Android) a vyberte mo\u017enos\u0165 \u201eKop\u00edrova\u0165 odkaz\u201c.<br><\/p>\n<\/div>\n\n\n\n<div class=\"wp-block-column is-layout-flow wp-block-column-is-layout-flow\" style=\"box-shadow:var(--wp--preset--shadow--natural)\">\n<figure class=\"wp-block-image size-full has-custom-border\"><img loading=\"lazy\" decoding=\"async\" width=\"650\" height=\"413\" src=\"https:\/\/unduhvideoig.app\/wp-content\/uploads\/2025\/07\/paste.webp\" alt=\"Prilepi\u0165\" class=\"wp-image-497\" style=\"border-radius:10px\" srcset=\"https:\/\/unduhvideoig.app\/wp-content\/uploads\/2025\/07\/paste.webp 650w, https:\/\/unduhvideoig.app\/wp-content\/uploads\/2025\/07\/paste-300x191.webp 300w\" sizes=\"auto, (max-width: 650px) 100vw, 650px\" \/><\/figure>\n\n\n\n<h3 class=\"wp-block-heading has-text-align-center\">Vlo\u017ete URL adresu<\/h3>\n\n\n\n<hr class=\"wp-block-separator has-alpha-channel-opacity is-style-wide\"\/>\n\n\n\n<p>Po skop\u00edrovan\u00ed odkazu sa vr\u00e1\u0165te na t\u00fato str\u00e1nku, vlo\u017ete odkaz do vstupn\u00e9ho po\u013ea a kliknite na tla\u010didlo Stiahnu\u0165.<\/p>\n<\/div>\n\n\n\n<div class=\"wp-block-column is-layout-flow wp-block-column-is-layout-flow\" style=\"box-shadow:var(--wp--preset--shadow--natural)\">\n<figure class=\"wp-block-image size-full has-custom-border\"><img loading=\"lazy\" decoding=\"async\" width=\"650\" height=\"413\" src=\"https:\/\/unduhvideoig.app\/wp-content\/uploads\/2025\/07\/download.webp\" alt=\"Stiahnu\u0165\" class=\"wp-image-498\" style=\"border-radius:10px\" srcset=\"https:\/\/unduhvideoig.app\/wp-content\/uploads\/2025\/07\/download.webp 650w, https:\/\/unduhvideoig.app\/wp-content\/uploads\/2025\/07\/download-300x191.webp 300w\" sizes=\"auto, (max-width: 650px) 100vw, 650px\" \/><\/figure>\n\n\n\n<h3 class=\"wp-block-heading has-text-align-center\">Stiahnu\u0165<\/h3>\n\n\n\n<hr class=\"wp-block-separator has-alpha-channel-opacity is-style-wide\"\/>\n\n\n\n<p>Po nieko\u013ek\u00fdch sekund\u00e1ch od stla\u010denia tla\u010didla Stiahnu\u0165 sa zobrazia mo\u017enosti s\u0165ahovania aplik\u00e1cie video. Kliknut\u00edm na tla\u010didlo ulo\u017e\u00edte aplik\u00e1ciu video do telef\u00f3nu alebo po\u010d\u00edta\u010da \u2013 iPhone (prie\u010dinok Stiahnut\u00e9 s\u00fabory) alebo gal\u00e9ria stiahnut\u00fdch s\u00faborov pre Android).<\/p>\n<\/div>\n<\/div>\n\n\n\n<h2 class=\"wp-block-heading has-text-align-center\">N\u00e1\u0161 program na stiahnutie aplik\u00e1ci\u00ed UnduhVideoIg<\/h2>\n\n\n\n<hr class=\"wp-block-separator has-alpha-channel-opacity has-fabled-sunset-gradient-background has-background is-style-wide\"\/>\n\n\n\n<div class=\"wp-block-columns is-layout-flex wp-container-core-columns-is-layout-28f84493 wp-block-columns-is-layout-flex\" style=\"box-shadow:var(--wp--preset--shadow--natural)\">\n<div class=\"wp-block-column is-layout-flow wp-block-column-is-layout-flow\" style=\"flex-basis:66.66%\">\n<h3 class=\"wp-block-heading\">Zodpovedne ukladajte vide\u00e1<\/h3>\n\n\n\n<p>Pam\u00e4tajte, \u017ee n\u00e1\u0161 program na s\u0165ahovanie s\u00faborov video z Instagramu je ur\u010den\u00fd len na s\u0165ahovanie obsahu z verejn\u00fdch \u00fa\u010dtov. Re\u0161pektujeme s\u00fakromie v\u0161etk\u00fdch pou\u017e\u00edvate\u013eov \u2013 s\u0165ahovanie s\u00faborov video zo s\u00fakromn\u00fdch profilov nie je podporovan\u00e9. Pri s\u0165ahovan\u00ed s\u00faboru video z Instagramu v\u017edy dodr\u017eiavajte podmienky a pou\u017e\u00edvajte obsah zodpovedne.<\/p>\n<\/div>\n\n\n\n<div class=\"wp-block-column is-layout-flow wp-block-column-is-layout-flow\" style=\"flex-basis:33.33%\">\n<figure class=\"wp-block-image size-full\"><img loading=\"lazy\" decoding=\"async\" width=\"600\" height=\"450\" src=\"https:\/\/unduhvideoig.app\/wp-content\/uploads\/2025\/07\/save_video.webp\" alt=\"Ulo\u017ei\u0165 video\" class=\"wp-image-483\" srcset=\"https:\/\/unduhvideoig.app\/wp-content\/uploads\/2025\/07\/save_video.webp 600w, https:\/\/unduhvideoig.app\/wp-content\/uploads\/2025\/07\/save_video-300x225.webp 300w\" sizes=\"auto, (max-width: 600px) 100vw, 600px\" \/><\/figure>\n<\/div>\n<\/div>\n\n\n\n<div class=\"wp-block-columns is-layout-flex wp-container-core-columns-is-layout-28f84493 wp-block-columns-is-layout-flex\" style=\"box-shadow:var(--wp--preset--shadow--natural)\">\n<div class=\"wp-block-column is-layout-flow wp-block-column-is-layout-flow\" style=\"flex-basis:33.33%\">\n<figure class=\"wp-block-image size-full\"><img loading=\"lazy\" decoding=\"async\" width=\"600\" height=\"450\" src=\"https:\/\/unduhvideoig.app\/wp-content\/uploads\/2025\/07\/video_downloader.webp\" alt=\"S\u0165ahova\u010d videa\" class=\"wp-image-470\" srcset=\"https:\/\/unduhvideoig.app\/wp-content\/uploads\/2025\/07\/video_downloader.webp 600w, https:\/\/unduhvideoig.app\/wp-content\/uploads\/2025\/07\/video_downloader-300x225.webp 300w\" sizes=\"auto, (max-width: 600px) 100vw, 600px\" \/><\/figure>\n<\/div>\n\n\n\n<div class=\"wp-block-column is-layout-flow wp-block-column-is-layout-flow\" style=\"flex-basis:66.66%\">\n<h3 class=\"wp-block-heading\">S\u0165ahova\u010d videa<\/h3>\n\n\n\n<p>Instagram video si m\u00f4\u017eete jednoducho stiahnu\u0165 online jednoduch\u00fdm vlo\u017een\u00edm odkazu video do vstupn\u00e9ho po\u013ea vy\u0161\u0161ie. Nie je potrebn\u00e9 sa registrova\u0165, ni\u010d robi\u0165 ani si vytv\u00e1ra\u0165 \u00fa\u010det. Na\u0161a slu\u017eba s\u0165ahovania Instagramu video je \u00faplne bezplatn\u00e1, dostupn\u00e1 kedyko\u013evek a funguje priamo vo va\u0161om prehliada\u010di.<\/p>\n<\/div>\n<\/div>\n\n\n\n<div class=\"wp-block-columns is-layout-flex wp-container-core-columns-is-layout-28f84493 wp-block-columns-is-layout-flex\" style=\"box-shadow:var(--wp--preset--shadow--natural)\">\n<div class=\"wp-block-column is-layout-flow wp-block-column-is-layout-flow\" style=\"flex-basis:66.66%\">\n<h3 class=\"wp-block-heading\">Stiahnite si na mobil alebo po\u010d\u00edta\u010d \u2013 nie je potrebn\u00e1 \u017eiadna aplik\u00e1cia<\/h3>\n\n\n\n<p>V\u0161etko funguje priamo z v\u00e1\u0161ho prehliada\u010da \u2013 nie s\u00fa potrebn\u00e9 \u017eiadne s\u0165ahovania ani roz\u0161\u00edrenia. Stiahnite si ak\u00e9ko\u013evek fotografie, video, reels, IGTV jedn\u00fdm kliknut\u00edm bez vodoznakov vo vysokom rozl\u00ed\u0161en\u00ed! Ak ste v\u0161ak n\u00e1ro\u010dn\u00fd pou\u017e\u00edvate\u013e, zosta\u0148te naladen\u00ed \u2013 pracujeme na roz\u0161\u00edren\u00ed prehliada\u010da pre e\u0161te jednoduch\u0161\u00ed pr\u00edstup.<\/p>\n<\/div>\n\n\n\n<div class=\"wp-block-column is-layout-flow wp-block-column-is-layout-flow\" style=\"flex-basis:33.33%\">\n<figure class=\"wp-block-image size-full\"><img loading=\"lazy\" decoding=\"async\" width=\"600\" height=\"450\" src=\"https:\/\/unduhvideoig.app\/wp-content\/uploads\/2025\/07\/mobile_app.webp\" alt=\"Mobiln\u00e1 aplik\u00e1cia\" class=\"wp-image-477\" srcset=\"https:\/\/unduhvideoig.app\/wp-content\/uploads\/2025\/07\/mobile_app.webp 600w, https:\/\/unduhvideoig.app\/wp-content\/uploads\/2025\/07\/mobile_app-300x225.webp 300w\" sizes=\"auto, (max-width: 600px) 100vw, 600px\" \/><\/figure>\n<\/div>\n<\/div>\n\n\n\n<h2 class=\"wp-block-heading has-text-align-center\">\u010casto kladen\u00e9 ot\u00e1zky (FAQ)<\/h2>\n\n\n\n<hr class=\"wp-block-separator has-alpha-channel-opacity has-fabled-sunset-gradient-background has-background is-style-wide\"\/>\n\n\n\n<p>M\u00e1te ot\u00e1zky t\u00fdkaj\u00face sa s\u0165ahovania obr\u00e1zkov z Instagramu video pomocou programu UnduhVideoIg? Ni\u017e\u0161ie n\u00e1jdete r\u00fdchle odpovede na naj\u010dastej\u0161ie ot\u00e1zky, ktor\u00e9 pou\u017e\u00edvatelia klad\u00fa \u2013 od podporovan\u00fdch zariaden\u00ed a\u017e po limity pou\u017e\u00edvania. Ak potrebujete \u010fal\u0161iu pomoc, nev\u00e1hajte n\u00e1s kontaktova\u0165 prostredn\u00edctvom na\u0161ej kontaktnej str\u00e1nky.<\/p>\n\n\n\n<h3 class=\"wp-block-heading\">Existuje obmedzenie po\u010dtu stiahnut\u00ed s\u00faborov video?<\/h3>\n\n\n\n<p>Nie, pri pou\u017eit\u00ed s\u0165ahova\u010da video na UnduhVideoIg.App nie je \u017eiadna mo\u017enos\u0165! Stiahnite si to\u013eko obr\u00e1zkov video z Instagramu, ko\u013eko chcete \u2013 \u00faplne zadarmo.<\/p>\n\n\n\n<h3 class=\"wp-block-heading\">Potrebujem pre tento program na s\u0165ahovanie aplik\u00e1ciu alebo roz\u0161\u00edrenie?<\/h3>\n\n\n\n<p>V\u00f4bec nie. V\u0161etko funguje spr\u00e1vne vo va\u0161om prehliada\u010di \u2013 pre tento s\u0165ahova\u010d video nie je potrebn\u00e1 \u017eiadna in\u0161tal\u00e1cia installation.<\/p>\n\n\n\n<h3 class=\"wp-block-heading\">M\u00f4\u017eem to pou\u017ei\u0165 na telef\u00f3ne alebo tablete?<\/h3>\n\n\n\n<p>\u00c1no! N\u00e1\u0161 program na s\u0165ahovanie je plne responz\u00edvny a funguje na iPhone, Androide, iPade, Windowse, macOS a Linuxe.<\/p>\n\n\n\n<h3 class=\"wp-block-heading\">Je t\u00e1to slu\u017eba na s\u0165ahovanie vide\u00ed z Instagramu od UnduhVideoIg.App bezplatn\u00e1?<\/h3>\n\n\n\n<p>\u00c1no \u2013 tento program na s\u0165ahovanie vide\u00ed z Instagramu je \u00faplne zadarmo a bez skryt\u00fdch poplatkov.<\/p>\n\n\n\n<h3 class=\"wp-block-heading\">\u010co je program na s\u0165ahovanie vide\u00ed z Instagramu?<\/h3>\n\n\n\n<p>Instagram nepon\u00faka vstavan\u00fa mo\u017enos\u0165 s\u0165ahovania vide\u00ed video priamo z platformy. Preto sme vytvorili bezplatn\u00fd a u\u017e\u00edvate\u013esky pr\u00edvetiv\u00fd online n\u00e1stroj, ktor\u00fd v\u00e1m umo\u017en\u00ed ulo\u017ei\u0165 si va\u0161e ob\u013e\u00faben\u00e9 vide\u00e1 video z Instagramu na prezeranie offline. Nie je potrebn\u00fd \u017eiadny \u00fa\u010det, predplatn\u00e9 ani aplik\u00e1cia insta \u2013 sta\u010d\u00ed skop\u00edrova\u0165 odkaz video, otvori\u0165 webov\u00fa str\u00e1nku s\u0165ahova\u010da UnduhVideoIg video, vlo\u017ei\u0165 ho do po\u013ea vy\u0161\u0161ie a klikn\u00fa\u0165 na Stiahnu\u0165. Je to tak\u00e9 jednoduch\u00e9.<\/p>","protected":false},"excerpt":{"rendered":"<p>Instagram Video Downloader Download Videos from Instagram Download With the usage of our service, you\u2019re accepting our Terms of Usage. Download Instagram Videos Want to save videos from Instagram for offline viewing? With UnduhVideoIg, you can download Instagram videos online in just a few clicks \u2014 free, fast, and without watermarks. Whether it&#8217;s a viral [&hellip;]<\/p>\n","protected":false},"author":1,"featured_media":0,"parent":0,"menu_order":0,"comment_status":"closed","ping_status":"closed","template":"","meta":{"slim_seo":{"title":"S\u0165ahovanie videa z Instagramu \u2013 S\u0165ahova\u010d videa z Instagramu","description":"Stiahnite si zadarmo IG videos bez vodoznakov v HD kvalite. Ulo\u017ete si svoje ob\u013e\u00faben\u00e9 Instagram videos r\u00fdchlo, jednoducho a bez potreby \u010fal\u0161\u00edch aplik\u00e1ci\u00ed!"},"footnotes":""},"class_list":["post-246","page","type-page","status-publish","hentry"],"blocksy_meta":{"background":{"background_type":"color","background_pattern":"type-1","background_image":{"attachment_id":null,"x":0,"y":0},"gradient":"linear-gradient(135deg,rgba(6,147,227,1) 0%,rgb(155,81,224) 100%)","background_repeat":"repeat","background_size":"auto","background_attachment":"scroll","patternColor":{"default":{"color":"#e5e7ea"}},"overlayColor":{"default":{"color":"CT_CSS_SKIP_RULE"}},"backgroundColor":{"default":{"color":"CT_CSS_SKIP_RULE"}}},"styles_descriptor":{"styles":{"desktop":"[data-prefix=\"single_page\"] [class*=\"ct-container\"] > article[class*=\"post\"] {--has-boxed:var(--false);--has-wide:var(--true);}","tablet":"","mobile":""},"google_fonts":[],"version":6},"content_style_source":"custom","content_style":"wide","has_hero_section":"disabled"},"_links":{"self":[{"href":"https:\/\/unduhvideoig.app\/sk\/wp-json\/wp\/v2\/pages\/246","targetHints":{"allow":["GET"]}}],"collection":[{"href":"https:\/\/unduhvideoig.app\/sk\/wp-json\/wp\/v2\/pages"}],"about":[{"href":"https:\/\/unduhvideoig.app\/sk\/wp-json\/wp\/v2\/types\/page"}],"author":[{"embeddable":true,"href":"https:\/\/unduhvideoig.app\/sk\/wp-json\/wp\/v2\/users\/1"}],"replies":[{"embeddable":true,"href":"https:\/\/unduhvideoig.app\/sk\/wp-json\/wp\/v2\/comments?post=246"}],"version-history":[{"count":33,"href":"https:\/\/unduhvideoig.app\/sk\/wp-json\/wp\/v2\/pages\/246\/revisions"}],"predecessor-version":[{"id":663,"href":"https:\/\/unduhvideoig.app\/sk\/wp-json\/wp\/v2\/pages\/246\/revisions\/663"}],"wp:attachment":[{"href":"https:\/\/unduhvideoig.app\/sk\/wp-json\/wp\/v2\/media?parent=246"}],"curies":[{"name":"pracovn\u00fd list","href":"https:\/\/api.w.org\/{rel}","templated":true}]}}