{"id":393,"date":"2025-07-09T15:05:57","date_gmt":"2025-07-09T08:05:57","guid":{"rendered":"https:\/\/unduhvideoig.app\/?page_id=393"},"modified":"2025-08-26T17:12:23","modified_gmt":"2025-08-26T10:12:23","slug":"faq","status":"publish","type":"page","link":"https:\/\/unduhvideoig.app\/ro\/faq\/","title":{"rendered":"\u00centreb\u0103ri frecvente \u2013 \u00centreb\u0103ri frecvente"},"content":{"rendered":"<hr class=\"wp-block-separator has-alpha-channel-opacity has-fabled-sunset-gradient-background has-background is-style-wide\"\/>\n\n\n\n<p>Bine a\u021bi venit la sec\u021biunea de \u00centreb\u0103ri Frecvente de pe UnduhVideoIG.App \u2014 locul unde pute\u021bi g\u0103si r\u0103spunsuri despre desc\u0103rcarea fotografiilor de pe Instagram \u0219i a post\u0103rilor video, Reel, Stories, IGTV \u0219i carusel. Mai jos ve\u021bi g\u0103si r\u0103spunsuri clare \u0219i detaliate la cele mai frecvente \u00eentreb\u0103ri pe care utilizatorii le pun despre utilizarea instrumentului nostru gratuit de desc\u0103rcare a videoclipurilor de pe Instagram.<\/p>\n\n\n\n<h3 class=\"wp-block-heading\">Ce este UnduhVideoIG.App \u0219i de ce a\u0219 avea nevoie de el?<\/h3>\n\n\n\n<p>UnduhVideoIG.App este un instrument online gratuit care \u00ee\u021bi permite s\u0103 descarci de pe Instagram \u2014 inclusiv fotografii, videoclipuri video, reels, pove\u0219ti, IGTV \u0219i post\u0103ri carusel. Indiferent dac\u0103 salvezi amintiri, organizezi con\u021binut sau faci copii de rezerv\u0103 ale propriilor post\u0103ri, instrumentul nostru \u00ee\u021bi ofer\u0103 o modalitate rapid\u0103 \u0219i fiabil\u0103 de a desc\u0103rca videoclipuri video \u0219i imagini pentru utilizare offline.<\/p>\n\n\n\n<h3 class=\"wp-block-heading\">Care sunt principalele avantaje ale utiliz\u0103rii UnduhVideoIG?<\/h3>\n\n\n\n<ul class=\"wp-block-list\">\n<li>Nu este necesar\u0103 nicio versiune insta \u2014 bazat pe web, func\u021bioneaz\u0103 \u00een orice browser<\/li>\n\n\n\n<li>Desc\u0103rca\u021bi fotografii, reels, video \u0219i caruseluri din conturi publice de Instagram<\/li>\n\n\n\n<li>Rapid \u0219i u\u0219or \u2014 trebuie doar s\u0103 lipi\u021bi linkul \u0219i s\u0103 face\u021bi clic pe Desc\u0103rcare<\/li>\n\n\n\n<li>P\u0103streaz\u0103 calitatea original\u0103 \u2014 f\u0103r\u0103 compresie sau filigrane<\/li>\n\n\n\n<li>Suport\u0103 toate dispozitivele \u0219i sistemele de operare<\/li>\n\n\n\n<li>Sigur \u0219i privat \u2014 nu urm\u0103rim \u0219i nu stoc\u0103m nicio desc\u0103rcare<\/li>\n<\/ul>\n\n\n\n<h3 class=\"wp-block-heading\">Unde sunt stocate fi\u0219ierele desc\u0103rcate?<\/h3>\n\n\n\n<p>Fi\u0219ierele desc\u0103rcate sunt salvate \u00een folderul implicit Desc\u0103rc\u0103ri al browserului.<br>De obicei, le pute\u021bi g\u0103si prin:<\/p>\n\n\n\n<ul class=\"wp-block-list\">\n<li>Ap\u0103s\u00e2nd Ctrl + J (Windows) sau Command + J (Mac)<\/li>\n\n\n\n<li>Verificarea sec\u021biunii de desc\u0103rcare a browserului dvs.<\/li>\n\n\n\n<li>Pe mobil, fi\u0219ierele apar de obicei \u00een Desc\u0103rc\u0103ri sau Galerie a telefonului.<\/li>\n<\/ul>\n\n\n\n<h3 class=\"wp-block-heading\">Care este calitatea con\u021binutului pe care \u00eel descarc?<\/h3>\n\n\n\n<p>Toate fi\u0219ierele media desc\u0103rcate folosind UnduhVideoIG.App p\u0103streaz\u0103 aceea\u0219i calitate ca \u0219i \u00eenc\u0103rcarea original\u0103 de pe Instagram. Fie c\u0103 este vorba de o fotografie sau de un fi\u0219ier video, le ve\u021bi primi la cea mai bun\u0103 rezolu\u021bie disponibil\u0103 (de exemplu, JPG, MP4, AVI, MOV etc.).<\/p>\n\n\n\n<h3 class=\"wp-block-heading\">Pot desc\u0103rca post\u0103ri private de pe Instagram?<\/h3>\n\n\n\n<p>Nu \u2014 accept\u0103m doar desc\u0103rcarea de con\u021binut public de pe Instagram pentru a respecta confiden\u021bialitatea utilizatorilor. Dac\u0103 o postare este privat\u0103, aceasta nu poate fi accesat\u0103 sau desc\u0103rcat\u0103 prin intermediul instrumentului nostru.<\/p>\n\n\n\n<blockquote class=\"wp-block-quote is-layout-flow wp-block-quote-is-layout-flow\">\n<p>Dac\u0103 desc\u0103rca\u021bi con\u021binutul altcuiva, v\u0103 rug\u0103m s\u0103 \u00eel utiliza\u021bi doar pentru uz personal \u0219i s\u0103 men\u021biona\u021bi creatorul original dac\u0103 inten\u021biona\u021bi s\u0103 \u00eel distribui\u021bi.<\/p>\n<\/blockquote>\n\n\n\n<h3 class=\"wp-block-heading\">Ce sisteme de operare \u0219i browsere sunt acceptate?<\/h3>\n\n\n\n<p>Instrumentul nostru de desc\u0103rcare func\u021bioneaz\u0103 pe toate dispozitivele \u0219i browserele moderne, inclusiv:<\/p>\n\n\n\n<ul class=\"wp-block-list\">\n<li>Sisteme de operare: iOS, Android, Windows, macOS, Linux<\/li>\n\n\n\n<li>Browsere: Chrome, Safari, Firefox, Edge, Opera<\/li>\n<\/ul>\n\n\n\n<p>Ai nevoie doar de un browser \u0219i de o conexiune la internet \u2014 nu este necesar\u0103 nicio aplica\u021bie sau extensie.<\/p>\n\n\n\n<h3 class=\"wp-block-heading\">Pot desc\u0103rca mai multe video-uri simultan?<\/h3>\n\n\n\n<p>\u00cen prezent, instrumentul nostru permite desc\u0103rcarea c\u00e2te unui fi\u0219ier video odat\u0103.<br>Pentru a economisi timp, v\u0103 recomand\u0103m:<\/p>\n\n\n\n<ul class=\"wp-block-list\">\n<li>P\u0103strarea unei liste de linkuri Instagram \u00eentr-un document<\/li>\n\n\n\n<li>Lipirea lor unul c\u00e2te unul pentru salvarea manual\u0103 \u00een lot<\/li>\n<\/ul>\n\n\n\n<p>\u00cen acest fel, nu ve\u021bi rata niciun con\u021binut pe care dori\u021bi s\u0103 \u00eel desc\u0103rca\u021bi.<\/p>\n\n\n\n<h3 class=\"wp-block-heading\">Ce tipuri de dispozitive pot folosi?<\/h3>\n\n\n\n<p>Pute\u021bi utiliza orice dispozitiv cu un browser web, inclusiv:<\/p>\n\n\n\n<ul class=\"wp-block-list\">\n<li>Desktop sau laptop (Windows, Mac)<\/li>\n\n\n\n<li>Smartphone-uri (iPhone, Android)<\/li>\n\n\n\n<li>Tablete (iPad, tablete Android)<\/li>\n<\/ul>\n\n\n\n<p>UnduhVideoIG este complet adaptabil pentru dispozitive mobile \u0219i nu necesit\u0103 autentificare sau conectare.<\/p>\n\n\n\n<h3 class=\"wp-block-heading\">Va r\u0103m\u00e2ne aceea\u0219i calitate a lui video?<\/h3>\n\n\n\n<p>Da! Fiecare fi\u0219ier video pe care \u00eel descarci folosind instrumentul nostru este salvat \u00een acela\u0219i format \u0219i rezolu\u021bie \u00een care a fost \u00eenc\u0103rcat pe Instagram. Nu modific\u0103m \u0219i nu comprim\u0103m con\u021binutul. Desc\u0103rc\u0103rile tale \u00ee\u0219i vor p\u0103stra calitatea original\u0103 - fie c\u0103 este vorba de 720p, 1080p sau alte formate HD.<\/p>\n\n\n\n<h3 class=\"wp-block-heading\">Not\u0103 pentru de\u021bin\u0103torii de drepturi de autor<\/h3>\n\n\n\n<p>Nu g\u0103zduim \u0219i nu stoc\u0103m niciun con\u021binut Instagram pe serverele noastre. Toate desc\u0103rc\u0103rile sunt procesate direct de pe serverele publice Instagram. Dac\u0103 considera\u021bi c\u0103 con\u021binutul dvs. a fost utilizat sau desc\u0103rcat necorespunz\u0103tor, v\u0103 rug\u0103m s\u0103 contacta\u021bi direct Instagram la instagram.com pentru asisten\u021b\u0103.<\/p>\n\n\n\n<h3 class=\"wp-block-heading\">Sfat pentru o experien\u021b\u0103 mai bun\u0103<\/h3>\n\n\n\n<p>Adaug\u0103 UnduhVideoIG.App la favorite pentru acces rapid oric\u00e2nd dore\u0219ti s\u0103 descarci de pe Instagram. Este cea mai convenabil\u0103 modalitate de a salva con\u021binut Instagram f\u0103r\u0103 aglomera\u021bie, conect\u0103ri sau limit\u0103ri.<\/p>","protected":false},"excerpt":{"rendered":"<p>Welcome to the FAQ section of UnduhVideoIG.App \u2014 your go-to place for answers about download Instagram photos and videos, Reels, Stories, IGTV, and carousel posts. Below you&#8217;ll find clear, detailed answers to the most common questions users ask about using our free Instagram downloader tool. What is UnduhVideoIG.App and why would I need it? UnduhVideoIG.App [&hellip;]<\/p>\n","protected":false},"author":1,"featured_media":0,"parent":0,"menu_order":0,"comment_status":"closed","ping_status":"closed","template":"","meta":{"slim_seo":{"title":"\u00centreb\u0103ri frecvente \u2013 \u00centreb\u0103ri frecvente - UnduhVideoIg.App","description":"G\u0103se\u0219te r\u0103spunsuri la \u00eentreb\u0103rile tale despre UnduhVideoIG. Afl\u0103 cum s\u0103 descarci Instagram videos, fotografii, Reels, Stories \u0219i IGTV u\u0219or, rapid \u0219i gratuit!"},"footnotes":""},"class_list":["post-393","page","type-page","status-publish","hentry"],"blocksy_meta":[],"_links":{"self":[{"href":"https:\/\/unduhvideoig.app\/ro\/wp-json\/wp\/v2\/pages\/393","targetHints":{"allow":["GET"]}}],"collection":[{"href":"https:\/\/unduhvideoig.app\/ro\/wp-json\/wp\/v2\/pages"}],"about":[{"href":"https:\/\/unduhvideoig.app\/ro\/wp-json\/wp\/v2\/types\/page"}],"author":[{"embeddable":true,"href":"https:\/\/unduhvideoig.app\/ro\/wp-json\/wp\/v2\/users\/1"}],"replies":[{"embeddable":true,"href":"https:\/\/unduhvideoig.app\/ro\/wp-json\/wp\/v2\/comments?post=393"}],"version-history":[{"count":10,"href":"https:\/\/unduhvideoig.app\/ro\/wp-json\/wp\/v2\/pages\/393\/revisions"}],"predecessor-version":[{"id":646,"href":"https:\/\/unduhvideoig.app\/ro\/wp-json\/wp\/v2\/pages\/393\/revisions\/646"}],"wp:attachment":[{"href":"https:\/\/unduhvideoig.app\/ro\/wp-json\/wp\/v2\/media?parent=393"}],"curies":[{"name":"wp","href":"https:\/\/api.w.org\/{rel}","templated":true}]}}