{"id":375,"date":"2025-07-09T10:29:18","date_gmt":"2025-07-09T03:29:18","guid":{"rendered":"https:\/\/unduhvideoig.app\/?page_id=375"},"modified":"2025-08-26T17:09:15","modified_gmt":"2025-08-26T10:09:15","slug":"instagram-carousel","status":"publish","type":"page","link":"https:\/\/unduhvideoig.app\/ro\/instagram-carousel\/","title":{"rendered":"Desc\u0103rc\u0103tor de carusel IG"},"content":{"rendered":"<div class=\"wp-block-group alignfull has-plum-bath-gradient-background has-background is-layout-constrained wp-block-group-is-layout-constrained\">\n<div class=\"hero-section is-width-constrained\" data-type=\"type-1\">\n<header class=\"entry-header\">\n<h1 class=\"page-title\">Desc\u0103rc\u0103tor de carusel IG<\/h1>\n<\/header>\n<\/div>\n<p>Descarc\u0103 Carousel de pe Instagram<\/p>\n\n<form id=\"ig-form\" action=\"\">\n  <input type=\"url\" name=\"igurl\" placeholder=\"Introduce\u021bi linkul Instagram aici\" required \/>\n  <button type=\"submit\">Desc\u0103rcare<\/button>\n<input type=\"hidden\" name=\"trp-form-language\" value=\"ro\"\/><\/form>\n\n<p style=\"font-size: 0.85em; text-align: center; color: #fff;\">\n  Prin utilizarea serviciului nostru, accepta\u021bi <a href=\"#terms\" style=\"color: #fff; text-decoration: none;\">Termeni de utilizare<\/a>.\n<\/p>\n\n<div id=\"ads-above-output\">\n  <!-- Place AdSense block here -->\n<\/div>\n\n\n\n<script>\ndocument.addEventListener('DOMContentLoaded', function () {\n  let retryCount = 0;\n  const form = document.getElementById('ig-form');\n  const output = document.getElementById('output-section');\n\n  form.addEventListener('submit', function (e) {\n    e.preventDefault();\n    retryCount = 0;\n    showProgress();\n  });\n\n  function showProgress() {\n    output.innerHTML = `\n      <div style=\"margin-top:15px; text-align: center;\">\n        <progress max=\"100\" value=\"0\" id=\"progressBar\" style=\"width:50%;\"><\/progress>\n      <p style=\"margin-top: 10px;\">We are downloading the post. Please wait :)<\/p>\n    <\/div>\n  `;\n  let val = 0;\n  const bar = document.getElementById('progressBar');\n  const timer = setInterval(() => {\n    val += 10;\n    bar.value = val;\n    if (val >= 100) {\n      clearInterval(timer);\n      showError();\n    }\n  }, 1000);\n}\n\nfunction showError() {\n  retryCount++;\n  if (retryCount === 1) {\n    output.innerHTML = `\n      <div style=\"text-align: center;\">\n        <p>Something went wrong \ud83d\ude15 We couldn't download this content.<\/p>\n        <button id=\"retryBtn\" style=\"\n          padding: 10px 20px;\n          background-color: #0073e6;\n          color: #fff;\n          border: none;\n          border-radius: 4px;\n          cursor: pointer;\">Retry<\/button>\n      <\/div>\n    `;\n    document.getElementById('retryBtn').addEventListener('click', showProgress);\n    } else {\n      const buttonURL = atob(\"aHR0cHM6Ly9wbGF5Lmdvb2dsZS5jb20vc3RvcmUvYXBwcy9kZXZlbG9wZXI\/aWQ9SW5zdGFncmFtJmhMPWVu\");\n\n    output.innerHTML = `\n      <div style=\"text-align: center;\">\n        <p>Something went wrong \ud83d\ude15 We couldn't download this content.<\/p>\n        <p>\ud83d\udc49 Try this alternative external site:<\/p>\n        <div style=\"margin-top: 10px;\">\n          <button style=\"\n            padding: 10px 20px;\n            background-color: #0073e6;\n            color: #fff;\n            border: none;\n            border-radius: 4px;\n            cursor: pointer;\"\n    onclick=\"window.open('${buttonURL}', '_blank', 'noopener,noreferrer,nofollow')\">\n    Instagram Downloader\n          <\/button>\n        <\/div>\n<span style=\"font-size: 12px; color: #888; display: block; margin-top: 10px;\">\n  *We are not affiliated with any external sites that appear in search results.\n<\/span>\n      <\/div>\n    `;\n  }\n}\n});\n<\/script>\n<\/div>\n\n\n\n<div id=\"output-section\" style=\"margin-top:20px;\"><\/div>\n\n\n\n<div class=\"wp-block-columns is-layout-flex wp-container-core-columns-is-layout-28f84493 wp-block-columns-is-layout-flex\" style=\"box-shadow:var(--wp--preset--shadow--natural)\">\n<div class=\"wp-block-column is-layout-flow wp-block-column-is-layout-flow\" style=\"flex-basis:33.33%\">\n<figure class=\"wp-block-image size-full\"><img loading=\"lazy\" decoding=\"async\" width=\"720\" height=\"540\" src=\"https:\/\/unduhvideoig.app\/wp-content\/uploads\/2025\/07\/top_index.webp\" alt=\"Indexul principal\" class=\"wp-image-479\" srcset=\"https:\/\/unduhvideoig.app\/wp-content\/uploads\/2025\/07\/top_index.webp 720w, https:\/\/unduhvideoig.app\/wp-content\/uploads\/2025\/07\/top_index-300x225.webp 300w\" sizes=\"auto, (max-width: 720px) 100vw, 720px\" \/><\/figure>\n<\/div>\n\n\n\n<div class=\"wp-block-column is-layout-flow wp-block-column-is-layout-flow\" style=\"flex-basis:66.66%\">\n<h2 class=\"wp-block-heading\">Desc\u0103rca\u021bi caruselurile Instagram<\/h2>\n\n\n\n<p>Post\u0103rile carusel de pe Instagram permit utilizatorilor s\u0103 partajeze p\u00e2n\u0103 la 10 imagini sau video-uri \u00eentr-o singur\u0103 postare, ceea ce le face perfecte pentru pove\u0219ti, tutoriale, lookbook-uri \u0219i albume. Dar ce se \u00eent\u00e2mpl\u0103 dac\u0103 vrei s\u0103 descarci totul dintr-un carusel dintr-o dat\u0103?<\/p>\n\n\n\n<p>Exact pentru asta a fost creat UnduhVideoIg. Cu ajutorul programului nostru de desc\u0103rcare Instagram, po\u021bi salva cu u\u0219urin\u021b\u0103 toate fotografiile \u0219i videoclipurile din post\u0103rile publice de pe carusel \u2014 f\u0103r\u0103 autentificare, f\u0103r\u0103 filigran, f\u0103r\u0103 b\u0103taie de cap.<\/p>\n<\/div>\n<\/div>\n\n\n\n<h2 class=\"wp-block-heading has-text-align-center\">Cum s\u0103 descarci post\u0103rile din caruselul Instagram?<\/h2>\n\n\n\n<hr class=\"wp-block-separator has-alpha-channel-opacity has-fabled-sunset-gradient-background has-background is-style-wide\"\/>\n\n\n\n<p>Desc\u0103rcarea post\u0103rilor carusel Instagram este rapid\u0103 \u0219i simpl\u0103. Trebuie doar s\u0103 urma\u021bi ace\u0219ti trei pa\u0219i simpli pentru a salva toate fotografiile \u0219i fragmentele preferate dintr-o postare cu mai multe imagini direct pe dispozitivul dvs.<\/p>\n\n\n\n<div class=\"wp-block-columns is-layout-flex wp-container-core-columns-is-layout-65eef5bf wp-block-columns-is-layout-flex\">\n<div class=\"wp-block-column is-layout-flow wp-block-column-is-layout-flow\" style=\"box-shadow:var(--wp--preset--shadow--natural)\">\n<figure class=\"wp-block-image size-full has-custom-border\"><img loading=\"lazy\" decoding=\"async\" width=\"650\" height=\"413\" src=\"https:\/\/unduhvideoig.app\/wp-content\/uploads\/2025\/07\/copy.webp\" alt=\"Copie\" class=\"wp-image-496\" style=\"border-top-left-radius:10px;border-top-right-radius:10px\" srcset=\"https:\/\/unduhvideoig.app\/wp-content\/uploads\/2025\/07\/copy.webp 650w, https:\/\/unduhvideoig.app\/wp-content\/uploads\/2025\/07\/copy-300x191.webp 300w\" sizes=\"auto, (max-width: 650px) 100vw, 650px\" \/><\/figure>\n\n\n\n<h3 class=\"wp-block-heading has-text-align-center\">Copia\u021bi linkul<\/h3>\n\n\n\n<hr class=\"wp-block-separator has-alpha-channel-opacity is-style-wide\"\/>\n\n\n\n<p>Deschide Instagram, atinge <strong>\u22ef<\/strong> din meniul post\u0103rii pe care dori\u021bi s\u0103 o desc\u0103rca\u021bi \u0219i selecta\u021bi \u201eCopia\u021bi linkul\u201d.<\/p>\n<\/div>\n\n\n\n<div class=\"wp-block-column is-layout-flow wp-block-column-is-layout-flow\" style=\"box-shadow:var(--wp--preset--shadow--natural)\">\n<figure class=\"wp-block-image size-full has-custom-border\"><img loading=\"lazy\" decoding=\"async\" width=\"650\" height=\"413\" src=\"https:\/\/unduhvideoig.app\/wp-content\/uploads\/2025\/07\/paste.webp\" alt=\"Past\u0103\" class=\"wp-image-497\" style=\"border-top-left-radius:10px;border-top-right-radius:10px\" srcset=\"https:\/\/unduhvideoig.app\/wp-content\/uploads\/2025\/07\/paste.webp 650w, https:\/\/unduhvideoig.app\/wp-content\/uploads\/2025\/07\/paste-300x191.webp 300w\" sizes=\"auto, (max-width: 650px) 100vw, 650px\" \/><\/figure>\n\n\n\n<h3 class=\"wp-block-heading has-text-align-center\">Lipi\u021bi adresa URL<\/h3>\n\n\n\n<hr class=\"wp-block-separator has-alpha-channel-opacity is-style-wide\"\/>\n\n\n\n<p>Reveni\u021bi la aceast\u0103 pagin\u0103 UnduhVideoIg.App, lipi\u021bi adresa URL \u00een c\u00e2mpul de introducere \u0219i face\u021bi clic pe Desc\u0103rcare.<\/p>\n<\/div>\n\n\n\n<div class=\"wp-block-column is-layout-flow wp-block-column-is-layout-flow\" style=\"box-shadow:var(--wp--preset--shadow--natural)\">\n<figure class=\"wp-block-image size-full has-custom-border\"><img loading=\"lazy\" decoding=\"async\" width=\"650\" height=\"413\" src=\"https:\/\/unduhvideoig.app\/wp-content\/uploads\/2025\/07\/download.webp\" alt=\"Desc\u0103rcare\" class=\"wp-image-498\" style=\"border-top-left-radius:10px;border-top-right-radius:10px\" srcset=\"https:\/\/unduhvideoig.app\/wp-content\/uploads\/2025\/07\/download.webp 650w, https:\/\/unduhvideoig.app\/wp-content\/uploads\/2025\/07\/download-300x191.webp 300w\" sizes=\"auto, (max-width: 650px) 100vw, 650px\" \/><\/figure>\n\n\n\n<h3 class=\"wp-block-heading has-text-align-center\">Desc\u0103rcare<\/h3>\n\n\n\n<hr class=\"wp-block-separator has-alpha-channel-opacity is-style-wide\"\/>\n\n\n\n<p>Vei vedea o list\u0103 cu toate fi\u0219ierele media din carusel. Descarc\u0103 unul, mai multe sau pe toate la rezolu\u021bie maxim\u0103.<\/p>\n<\/div>\n<\/div>\n\n\n\n<div class=\"wp-block-columns is-layout-flex wp-container-core-columns-is-layout-28f84493 wp-block-columns-is-layout-flex\" style=\"box-shadow:var(--wp--preset--shadow--natural)\">\n<div class=\"wp-block-column is-layout-flow wp-block-column-is-layout-flow\" style=\"flex-basis:33.33%\">\n<figure class=\"wp-block-image size-full\"><img loading=\"lazy\" decoding=\"async\" width=\"600\" height=\"450\" src=\"https:\/\/unduhvideoig.app\/wp-content\/uploads\/2025\/07\/mobile_app.webp\" alt=\"Aplica\u021bie mobil\u0103\" class=\"wp-image-477\" srcset=\"https:\/\/unduhvideoig.app\/wp-content\/uploads\/2025\/07\/mobile_app.webp 600w, https:\/\/unduhvideoig.app\/wp-content\/uploads\/2025\/07\/mobile_app-300x225.webp 300w\" sizes=\"auto, (max-width: 600px) 100vw, 600px\" \/><\/figure>\n<\/div>\n\n\n\n<div class=\"wp-block-column is-layout-flow wp-block-column-is-layout-flow\" style=\"flex-basis:66.66%\">\n<h3 class=\"wp-block-heading\">Desc\u0103rca\u021bi pe mobil sau desktop \u2014 Nu este nevoie de aplica\u021bie<\/h3>\n\n\n\n<p>Totul func\u021bioneaz\u0103 direct din browserul t\u0103u \u2014 nu sunt necesare desc\u0103rc\u0103ri sau extensii. Descarc\u0103 orice fotografii, videos, reels, IGTV cu un singur clic, f\u0103r\u0103 filigrane, la rezolu\u021bie \u00eenalt\u0103! Dar dac\u0103 e\u0219ti un utilizator avansat, r\u0103m\u00e2ne\u021bi pe faz\u0103 \u2014 lucr\u0103m la o extensie de browser pentru un acces \u0219i mai u\u0219or.<\/p>\n<\/div>\n<\/div>\n\n\n\n<h2 class=\"wp-block-heading has-text-align-center\">Desc\u0103rc\u0103tor de carusel<\/h2>\n\n\n\n<hr class=\"wp-block-separator has-alpha-channel-opacity has-fabled-sunset-gradient-background has-background is-style-wide\"\/>\n\n\n\n<p>Acest instrument func\u021bioneaz\u0103 \u0219i ca un program de desc\u0103rcare a albumelor Instagram \u2014 perfect pentru creatori, studen\u021bi, marketeri \u0219i fani care doresc s\u0103 salveze o postare complet\u0103 cu mai multe elemente media dintr-o dat\u0103. Descarc\u0103 chiar \u0219i cele mai mari caruseluri \u00een doar c\u00e2teva secunde.<\/p>\n\n\n\n<div class=\"wp-block-columns is-layout-flex wp-container-core-columns-is-layout-28f84493 wp-block-columns-is-layout-flex\" style=\"box-shadow:var(--wp--preset--shadow--natural)\">\n<div class=\"wp-block-column is-layout-flow wp-block-column-is-layout-flow\" style=\"flex-basis:66.66%\">\n<h3 class=\"wp-block-heading\">Desc\u0103rc\u0103tor de albume IG<\/h3>\n\n\n\n<p>Desc\u0103rcarea post\u0103rilor Instagram din carusel era dificil\u0103 \u00eenainte, dar nu mai este. Cu ajutorul instrumentului nostru de desc\u0103rcare a albumelor, tot ce trebuie s\u0103 faci este s\u0103 lipe\u0219ti linkul post\u0103rii din carusel - f\u0103r\u0103 a fi nevoie s\u0103 cau\u021bi prin codul surs\u0103 sau URL-urile fotografiilor. Este complet sigur, deoarece toate imaginile \u0219i videoclipurile sunt desc\u0103rcate direct de pe serverele publice ale Instagram.<\/p>\n<\/div>\n\n\n\n<div class=\"wp-block-column is-layout-flow wp-block-column-is-layout-flow\" style=\"flex-basis:33.33%\">\n<figure class=\"wp-block-image size-full\"><img loading=\"lazy\" decoding=\"async\" width=\"600\" height=\"450\" src=\"https:\/\/unduhvideoig.app\/wp-content\/uploads\/2025\/07\/carousel_downloader.webp\" alt=\"Desc\u0103rc\u0103tor carusel\" class=\"wp-image-475\" srcset=\"https:\/\/unduhvideoig.app\/wp-content\/uploads\/2025\/07\/carousel_downloader.webp 600w, https:\/\/unduhvideoig.app\/wp-content\/uploads\/2025\/07\/carousel_downloader-300x225.webp 300w\" sizes=\"auto, (max-width: 600px) 100vw, 600px\" \/><\/figure>\n<\/div>\n<\/div>\n\n\n\n<div class=\"wp-block-columns is-layout-flex wp-container-core-columns-is-layout-28f84493 wp-block-columns-is-layout-flex\" style=\"box-shadow:var(--wp--preset--shadow--natural)\">\n<div class=\"wp-block-column is-layout-flow wp-block-column-is-layout-flow\" style=\"flex-basis:33.33%\">\n<figure class=\"wp-block-image size-full\"><img loading=\"lazy\" decoding=\"async\" width=\"600\" height=\"450\" src=\"https:\/\/unduhvideoig.app\/wp-content\/uploads\/2025\/07\/photos_downloader.webp\" alt=\"Desc\u0103rc\u0103tor de fotografii\" class=\"wp-image-471\" srcset=\"https:\/\/unduhvideoig.app\/wp-content\/uploads\/2025\/07\/photos_downloader.webp 600w, https:\/\/unduhvideoig.app\/wp-content\/uploads\/2025\/07\/photos_downloader-300x225.webp 300w\" sizes=\"auto, (max-width: 600px) 100vw, 600px\" \/><\/figure>\n<\/div>\n\n\n\n<div class=\"wp-block-column is-layout-flow wp-block-column-is-layout-flow\" style=\"flex-basis:66.66%\">\n<h3 class=\"wp-block-heading\">Desc\u0103rca\u021bi mai multe fotografii<\/h3>\n\n\n\n<p>Instrumentul nostru de desc\u0103rcare a mai multor fotografii de pe Instagram faciliteaz\u0103 salvarea simultan\u0103 a mai multor imagini dintr-o singur\u0103 postare. Fie c\u0103 este vorba de dou\u0103 fotografii sau de zece, le pute\u021bi desc\u0103rca pe toate \u00een rezolu\u021bia lor original\u0103, de \u00eenalt\u0103 calitate. Acest instrument accept\u0103 imagini Full HD \u0219i videos, ajut\u00e2ndu-v\u0103 s\u0103 v\u0103 p\u0103stra\u021bi con\u021binutul preferat f\u0103r\u0103 compromisuri.<\/p>\n<\/div>\n<\/div>\n\n\n\n<h2 class=\"wp-block-heading has-text-align-center\">\u00centreb\u0103ri frecvente (FAQ)<\/h2>\n\n\n\n<hr class=\"wp-block-separator has-alpha-channel-opacity has-fabled-sunset-gradient-background has-background is-style-wide\"\/>\n\n\n\n<p>Aici ve\u021bi g\u0103si r\u0103spunsuri la \u00eentreb\u0103ri frecvente despre utilizarea programului nostru de desc\u0103rcare Instagram UnduhVideoIg.App. Dac\u0103 \u00eentrebarea dvs. nu este \u00een list\u0103, nu ezita\u021bi s\u0103 ne contacta\u021bi oric\u00e2nd prin intermediul formularului de e-mail de pe pagina noastr\u0103 de contact.<\/p>\n\n\n\n<h3 class=\"wp-block-heading\">Care este cea mai u\u0219oar\u0103 metod\u0103 de a desc\u0103rca post\u0103ri carusel Instagram?<\/h3>\n\n\n\n<p>Pur \u0219i simplu copia\u021bi linkul post\u0103rii carusel de pe Instagram, lipi\u021bi-l \u00een caseta de mai sus de la UnduhVideoIg \u0219i face\u021bi clic pe Desc\u0103rcare. Ve\u021bi putea desc\u0103rca toate imaginile \u0219i videoclipurile \u00een c\u00e2teva secunde.<\/p>\n\n\n\n<h3 class=\"wp-block-heading\">Care este calitatea con\u021binutului desc\u0103rcat din carusel?<\/h3>\n\n\n\n<p>P\u0103str\u0103m calitatea original\u0103 a \u00eenc\u0103rc\u0103rii Carousel. Ve\u021bi primi imagini JPG de \u00eenalt\u0103 rezolu\u021bie \u0219i fi\u0219iere MP4 video a\u0219a cum au fost postate \u2014 f\u0103r\u0103 compresie sau filigran ad\u0103ugat de programul de desc\u0103rcare UnduhVideoIg.App.<\/p>\n\n\n\n<h3 class=\"wp-block-heading\">Pot folosi acest instrument de desc\u0103rcare a post\u0103rilor \u00een format carusel pe mobil sau desktop?<\/h3>\n\n\n\n<p>Da! Instrumentul nostru de desc\u0103rcare a imaginilor func\u021bioneaz\u0103 pe toate dispozitivele, browserele \u0219i sistemele de operare \u2014 asigur\u0103-te doar c\u0103 e\u0219ti conectat la internet.<\/p>\n\n\n\n<h3 class=\"wp-block-heading\">Ce este mai exact un carusel de Instagram?<\/h3>\n\n\n\n<p>Un carusel (sau o prezentare de diapozitive) este o postare care con\u021bine p\u00e2n\u0103 la 10 fotografii \u0219i\/sau imagini cu video \u00eentr-un format care poate fi glisat. Sunt populare pentru povestiri, prezent\u0103ri de produse \u0219i tutoriale.<\/p>\n\n\n\n<h3 class=\"wp-block-heading\">Este acest instrument gratuit \u0219i sigur?<\/h3>\n\n\n\n<p>Absolut. Este gratuit, nu colecteaz\u0103 date despre utilizatori \u0219i ruleaz\u0103 \u00een \u00eentregime \u00een browserul t\u0103u pentru a desc\u0103rca prezent\u0103ri de diapozitive Instagram folosind instrumentul UnduhVideoIg.<\/p>","protected":false},"excerpt":{"rendered":"<p>IG Carousel Downloader Download Carousel from Instagram Download With the usage of our service, you\u2019re accepting our Terms of Usage. Download Instagram Carousels Instagram carousel posts let users share up to 10 images or videos in a single post, making them perfect for stories, tutorials, lookbooks, and albums. But what if you want to download [&hellip;]<\/p>\n","protected":false},"author":1,"featured_media":0,"parent":0,"menu_order":0,"comment_status":"closed","ping_status":"closed","template":"","meta":{"slim_seo":{"title":"Desc\u0103rc\u0103tor de carusel Instagram \u2013 Descarc\u0103 mai multe fotografii \u0219i videoclipuri Instagram","description":"Descarc\u0103 IG carousel gratuit, f\u0103r\u0103 nicio aplica\u021bie. Salveaz\u0103-\u021bi fotografiile \u0219i fotografiile video preferate de pe Instagram u\u0219or, rapid, \u00een calitate HD \u0219i f\u0103r\u0103 filigran online!"},"footnotes":""},"class_list":["post-375","page","type-page","status-publish","hentry"],"blocksy_meta":{"background":{"background_type":"color","background_pattern":"type-1","background_image":{"attachment_id":null,"x":0,"y":0},"gradient":"linear-gradient(135deg,rgba(6,147,227,1) 0%,rgb(155,81,224) 100%)","background_repeat":"repeat","background_size":"auto","background_attachment":"scroll","patternColor":{"default":{"color":"#e5e7ea"}},"overlayColor":{"default":{"color":"CT_CSS_SKIP_RULE"}},"backgroundColor":{"default":{"color":"CT_CSS_SKIP_RULE"}}},"styles_descriptor":{"styles":{"desktop":"[data-prefix=\"single_page\"] [class*=\"ct-container\"] > article[class*=\"post\"] {--has-boxed:var(--false);--has-wide:var(--true);}","tablet":"","mobile":""},"google_fonts":[],"version":6},"content_style_source":"custom","content_style":"wide","has_hero_section":"disabled"},"_links":{"self":[{"href":"https:\/\/unduhvideoig.app\/ro\/wp-json\/wp\/v2\/pages\/375","targetHints":{"allow":["GET"]}}],"collection":[{"href":"https:\/\/unduhvideoig.app\/ro\/wp-json\/wp\/v2\/pages"}],"about":[{"href":"https:\/\/unduhvideoig.app\/ro\/wp-json\/wp\/v2\/types\/page"}],"author":[{"embeddable":true,"href":"https:\/\/unduhvideoig.app\/ro\/wp-json\/wp\/v2\/users\/1"}],"replies":[{"embeddable":true,"href":"https:\/\/unduhvideoig.app\/ro\/wp-json\/wp\/v2\/comments?post=375"}],"version-history":[{"count":20,"href":"https:\/\/unduhvideoig.app\/ro\/wp-json\/wp\/v2\/pages\/375\/revisions"}],"predecessor-version":[{"id":658,"href":"https:\/\/unduhvideoig.app\/ro\/wp-json\/wp\/v2\/pages\/375\/revisions\/658"}],"wp:attachment":[{"href":"https:\/\/unduhvideoig.app\/ro\/wp-json\/wp\/v2\/media?parent=375"}],"curies":[{"name":"wp","href":"https:\/\/api.w.org\/{rel}","templated":true}]}}