{"id":352,"date":"2025-07-09T09:26:34","date_gmt":"2025-07-09T02:26:34","guid":{"rendered":"https:\/\/unduhvideoig.app\/?page_id=352"},"modified":"2025-08-26T17:07:43","modified_gmt":"2025-08-26T10:07:43","slug":"igtv","status":"publish","type":"page","link":"https:\/\/unduhvideoig.app\/ro\/igtv\/","title":{"rendered":"Desc\u0103rc\u0103tor IGTV"},"content":{"rendered":"<div class=\"wp-block-group alignfull has-plum-bath-gradient-background has-background is-layout-constrained wp-block-group-is-layout-constrained\">\n<div class=\"hero-section is-width-constrained\" data-type=\"type-1\">\n<header class=\"entry-header\">\n<h1 class=\"page-title\">Desc\u0103rc\u0103tor IGTV<\/h1>\n<\/header>\n<\/div>\n<p>Desc\u0103rcare video Instagram IGTV<\/p>\n\n<form id=\"ig-form\" action=\"\">\n  <input type=\"url\" name=\"igurl\" placeholder=\"Introduce\u021bi linkul Instagram aici\" required \/>\n  <button type=\"submit\">Desc\u0103rcare<\/button>\n<input type=\"hidden\" name=\"trp-form-language\" value=\"ro\"\/><\/form>\n\n<p style=\"font-size: 0.85em; text-align: center; color: #fff;\">\n  Prin utilizarea serviciului nostru, accepta\u021bi <a href=\"#terms\" style=\"color: #fff; text-decoration: none;\">Termeni de utilizare<\/a>.\n<\/p>\n\n<div id=\"ads-above-output\">\n  <!-- Place AdSense block here -->\n<\/div>\n\n\n\n<script>\ndocument.addEventListener('DOMContentLoaded', function () {\n  let retryCount = 0;\n  const form = document.getElementById('ig-form');\n  const output = document.getElementById('output-section');\n\n  form.addEventListener('submit', function (e) {\n    e.preventDefault();\n    retryCount = 0;\n    showProgress();\n  });\n\n  function showProgress() {\n    output.innerHTML = `\n      <div style=\"margin-top:15px; text-align: center;\">\n        <progress max=\"100\" value=\"0\" id=\"progressBar\" style=\"width:50%;\"><\/progress>\n      <p style=\"margin-top: 10px;\">We are downloading the post. Please wait :)<\/p>\n    <\/div>\n  `;\n  let val = 0;\n  const bar = document.getElementById('progressBar');\n  const timer = setInterval(() => {\n    val += 10;\n    bar.value = val;\n    if (val >= 100) {\n      clearInterval(timer);\n      showError();\n    }\n  }, 1000);\n}\n\nfunction showError() {\n  retryCount++;\n  if (retryCount === 1) {\n    output.innerHTML = `\n      <div style=\"text-align: center;\">\n        <p>Something went wrong \ud83d\ude15 We couldn't download this content.<\/p>\n        <button id=\"retryBtn\" style=\"\n          padding: 10px 20px;\n          background-color: #0073e6;\n          color: #fff;\n          border: none;\n          border-radius: 4px;\n          cursor: pointer;\">Retry<\/button>\n      <\/div>\n    `;\n    document.getElementById('retryBtn').addEventListener('click', showProgress);\n    } else {\n      const buttonURL = atob(\"aHR0cHM6Ly9wbGF5Lmdvb2dsZS5jb20vc3RvcmUvYXBwcy9kZXZlbG9wZXI\/aWQ9SW5zdGFncmFtJmhMPWVu\");\n\n    output.innerHTML = `\n      <div style=\"text-align: center;\">\n        <p>Something went wrong \ud83d\ude15 We couldn't download this content.<\/p>\n        <p>\ud83d\udc49 Try this alternative external site:<\/p>\n        <div style=\"margin-top: 10px;\">\n          <button style=\"\n            padding: 10px 20px;\n            background-color: #0073e6;\n            color: #fff;\n            border: none;\n            border-radius: 4px;\n            cursor: pointer;\"\n    onclick=\"window.open('${buttonURL}', '_blank', 'noopener,noreferrer,nofollow')\">\n    Instagram Downloader\n          <\/button>\n        <\/div>\n<span style=\"font-size: 12px; color: #888; display: block; margin-top: 10px;\">\n  *We are not affiliated with any external sites that appear in search results.\n<\/span>\n      <\/div>\n    `;\n  }\n}\n});\n<\/script>\n<\/div>\n\n\n\n<div id=\"output-section\" style=\"margin-top:20px;\"><\/div>\n\n\n\n<div class=\"wp-block-columns is-layout-flex wp-container-core-columns-is-layout-28f84493 wp-block-columns-is-layout-flex\" style=\"box-shadow:var(--wp--preset--shadow--natural)\">\n<div class=\"wp-block-column is-layout-flow wp-block-column-is-layout-flow\" style=\"flex-basis:33.33%\">\n<figure class=\"wp-block-image size-full\"><img loading=\"lazy\" decoding=\"async\" width=\"720\" height=\"540\" src=\"https:\/\/unduhvideoig.app\/wp-content\/uploads\/2025\/07\/top_index.webp\" alt=\"Indexul principal\" class=\"wp-image-479\" srcset=\"https:\/\/unduhvideoig.app\/wp-content\/uploads\/2025\/07\/top_index.webp 720w, https:\/\/unduhvideoig.app\/wp-content\/uploads\/2025\/07\/top_index-300x225.webp 300w\" sizes=\"auto, (max-width: 720px) 100vw, 720px\" \/><\/figure>\n<\/div>\n\n\n\n<div class=\"wp-block-column is-layout-flow wp-block-column-is-layout-flow\" style=\"flex-basis:66.66%\">\n<h2 class=\"wp-block-heading\">Descarc\u0103 videoclipuri Instagram IGTV<\/h2>\n\n\n\n<p>Trebuie s\u0103 descarci Instagram videos? Func\u021bia IGTV de la Instagram permite utilizatorilor s\u0103 partajeze videos mai lungi - de la tutoriale \u0219i interviuri la vloguri \u0219i serii creative. \u00cens\u0103, de\u0219i IGTV este excelent pentru partajare, nu exist\u0103 o modalitate oficial\u0103 de a desc\u0103rca IGTV video pentru vizionare offline.<\/p>\n\n\n\n<p>Aici intervine UnduhVideoIg. Cu ajutorul programului nostru gratuit de desc\u0103rcare video IGTV, po\u021bi salva cu u\u0219urin\u021b\u0103 videoclipuri IGTV videos la calitate \u00eenalt\u0103 pe dispozitivul t\u0103u.<\/p>\n<\/div>\n<\/div>\n\n\n\n<h2 class=\"wp-block-heading has-text-align-center\">Cum s\u0103 descarci IGTV de pe Instagram?<\/h2>\n\n\n\n<hr class=\"wp-block-separator has-alpha-channel-opacity has-fabled-sunset-gradient-background has-background is-style-wide\"\/>\n\n\n\n<p>Salvarea mesajelor IGTV video este simpl\u0103 \u2014 trebuie doar s\u0103 urma\u021bi pa\u0219ii simpli de mai jos pentru a desc\u0103rca con\u021binutul lung preferat \u00een c\u00e2teva secunde.<\/p>\n\n\n\n<div class=\"wp-block-columns is-layout-flex wp-container-core-columns-is-layout-28f84493 wp-block-columns-is-layout-flex\">\n<div class=\"wp-block-column is-layout-flow wp-block-column-is-layout-flow\" style=\"box-shadow:var(--wp--preset--shadow--natural)\">\n<figure class=\"wp-block-image size-full has-custom-border\"><img loading=\"lazy\" decoding=\"async\" width=\"650\" height=\"413\" src=\"https:\/\/unduhvideoig.app\/wp-content\/uploads\/2025\/07\/copy.webp\" alt=\"Copie\" class=\"wp-image-496\" style=\"border-radius:10px\" srcset=\"https:\/\/unduhvideoig.app\/wp-content\/uploads\/2025\/07\/copy.webp 650w, https:\/\/unduhvideoig.app\/wp-content\/uploads\/2025\/07\/copy-300x191.webp 300w\" sizes=\"auto, (max-width: 650px) 100vw, 650px\" \/><\/figure>\n\n\n\n<h3 class=\"wp-block-heading has-text-align-center\">Copia\u021bi linkul<\/h3>\n\n\n\n<hr class=\"wp-block-separator has-alpha-channel-opacity is-style-wide\"\/>\n\n\n\n<p>Deschide Instagram, g\u0103se\u0219te IGTV-ul video dorit, atinge <strong>\u22ef<\/strong> \u0219i selecta\u021bi \u201eCopiere link\u201d.<\/p>\n<\/div>\n\n\n\n<div class=\"wp-block-column is-layout-flow wp-block-column-is-layout-flow\" style=\"box-shadow:var(--wp--preset--shadow--natural)\">\n<figure class=\"wp-block-image size-full has-custom-border\"><img loading=\"lazy\" decoding=\"async\" width=\"650\" height=\"413\" src=\"https:\/\/unduhvideoig.app\/wp-content\/uploads\/2025\/07\/paste.webp\" alt=\"Past\u0103\" class=\"wp-image-497\" style=\"border-radius:10px\" srcset=\"https:\/\/unduhvideoig.app\/wp-content\/uploads\/2025\/07\/paste.webp 650w, https:\/\/unduhvideoig.app\/wp-content\/uploads\/2025\/07\/paste-300x191.webp 300w\" sizes=\"auto, (max-width: 650px) 100vw, 650px\" \/><\/figure>\n\n\n\n<h3 class=\"wp-block-heading has-text-align-center\">Lipi\u021bi adresa URL<\/h3>\n\n\n\n<hr class=\"wp-block-separator has-alpha-channel-opacity is-style-wide\"\/>\n\n\n\n<p>Reveni\u021bi la pagina UnduhVideoIg.App \u0219i lipi\u021bi linkul copiat \u00een caseta de introducere a datelor.<\/p>\n<\/div>\n\n\n\n<div class=\"wp-block-column is-layout-flow wp-block-column-is-layout-flow\" style=\"box-shadow:var(--wp--preset--shadow--natural)\">\n<figure class=\"wp-block-image size-full has-custom-border\"><img loading=\"lazy\" decoding=\"async\" width=\"650\" height=\"413\" src=\"https:\/\/unduhvideoig.app\/wp-content\/uploads\/2025\/07\/download.webp\" alt=\"Desc\u0103rcare\" class=\"wp-image-498\" style=\"border-radius:10px\" srcset=\"https:\/\/unduhvideoig.app\/wp-content\/uploads\/2025\/07\/download.webp 650w, https:\/\/unduhvideoig.app\/wp-content\/uploads\/2025\/07\/download-300x191.webp 300w\" sizes=\"auto, (max-width: 650px) 100vw, 650px\" \/><\/figure>\n\n\n\n<h3 class=\"wp-block-heading has-text-align-center\">Desc\u0103rcare<\/h3>\n\n\n\n<hr class=\"wp-block-separator has-alpha-channel-opacity is-style-wide\"\/>\n\n\n\n<p>Apas\u0103 butonul Desc\u0103rcare. Dispozitivul t\u0103u video va fi procesat \u0219i va fi gata de salvat pe telefon, tablet\u0103 sau PC.<\/p>\n<\/div>\n<\/div>\n\n\n\n<div class=\"wp-block-columns is-layout-flex wp-container-core-columns-is-layout-28f84493 wp-block-columns-is-layout-flex\" style=\"box-shadow:var(--wp--preset--shadow--natural)\">\n<div class=\"wp-block-column is-layout-flow wp-block-column-is-layout-flow\" style=\"flex-basis:33.33%\">\n<figure class=\"wp-block-image size-full\"><img loading=\"lazy\" decoding=\"async\" width=\"600\" height=\"450\" src=\"https:\/\/unduhvideoig.app\/wp-content\/uploads\/2025\/07\/mobile_app.webp\" alt=\"Aplica\u021bie mobil\u0103\" class=\"wp-image-477\" srcset=\"https:\/\/unduhvideoig.app\/wp-content\/uploads\/2025\/07\/mobile_app.webp 600w, https:\/\/unduhvideoig.app\/wp-content\/uploads\/2025\/07\/mobile_app-300x225.webp 300w\" sizes=\"auto, (max-width: 600px) 100vw, 600px\" \/><\/figure>\n<\/div>\n\n\n\n<div class=\"wp-block-column is-layout-flow wp-block-column-is-layout-flow\" style=\"flex-basis:66.66%\">\n<h3 class=\"wp-block-heading\">Desc\u0103rca\u021bi pe mobil sau desktop \u2014 Nu este nevoie de aplica\u021bie<\/h3>\n\n\n\n<p>Totul func\u021bioneaz\u0103 direct din browserul t\u0103u \u2014 nu sunt necesare desc\u0103rc\u0103ri sau extensii. Descarc\u0103 orice fotografii, videos, reels, IGTV cu un singur clic, f\u0103r\u0103 filigrane, la rezolu\u021bie \u00eenalt\u0103! Dar dac\u0103 e\u0219ti un utilizator avansat, r\u0103m\u00e2ne\u021bi pe faz\u0103 \u2014 lucr\u0103m la o extensie de browser pentru un acces \u0219i mai u\u0219or.<\/p>\n<\/div>\n<\/div>\n\n\n\n<h2 class=\"wp-block-heading has-text-align-center\">Descarc\u0103 videoclipuri IGTV<\/h2>\n\n\n\n<hr class=\"wp-block-separator has-alpha-channel-opacity has-fabled-sunset-gradient-background has-background is-style-wide\"\/>\n\n\n\n<p>IGTV (Instagram TV) este formatul Instagram pentru video-uri lungi. Spre deosebire de Reel-urile sau Stories-urile obi\u0219nuite, IGTV video-urile pot avea o durat\u0103 cuprins\u0103 \u00eentre 1 minut \u0219i 15 minute (sau chiar p\u00e2n\u0103 la 60 de minute pentru conturile verificate). IGTV este adesea folosit de creatorii de con\u021binut, branduri, educatori \u0219i influenceri pentru a oferi con\u021binut mai detaliat - dar acesta nu poate fi desc\u0103rcat prin aplica\u021bia Instagram. Cu instrumentul nostru online, po\u021bi schimba acest lucru \u00een c\u00e2teva secunde.<\/p>\n\n\n\n<div class=\"wp-block-columns is-layout-flex wp-container-core-columns-is-layout-28f84493 wp-block-columns-is-layout-flex\" style=\"box-shadow:var(--wp--preset--shadow--natural)\">\n<div class=\"wp-block-column is-layout-flow wp-block-column-is-layout-flow\" style=\"flex-basis:66.66%\">\n<h3 class=\"wp-block-heading\">Desc\u0103rc\u0103tor IGTV<\/h3>\n\n\n\n<p>Instrumentul nostru de desc\u0103rcare IGTV func\u021bioneaz\u0103 perfect pe toate browserele importante, cum ar fi Chrome, Safari, Firefox, Opera \u0219i Edge \u2014 indiferent dac\u0103 folose\u0219ti un telefon sau un computer. Tot ce ai nevoie este linkul pentru desc\u0103rcarea IGTV video.<\/p>\n\n\n\n<p>Asigur\u0103-te c\u0103 IGTV video provine dintr-un cont public, deoarece desc\u0103rc\u0103rile conturilor video private nu sunt acceptate.<\/p>\n<\/div>\n\n\n\n<div class=\"wp-block-column is-layout-flow wp-block-column-is-layout-flow\" style=\"flex-basis:33.33%\">\n<figure class=\"wp-block-image size-full\"><img loading=\"lazy\" decoding=\"async\" width=\"600\" height=\"450\" src=\"https:\/\/unduhvideoig.app\/wp-content\/uploads\/2025\/07\/igtv_downloader.webp\" alt=\"Desc\u0103rc\u0103tor Igtv\" class=\"wp-image-474\" srcset=\"https:\/\/unduhvideoig.app\/wp-content\/uploads\/2025\/07\/igtv_downloader.webp 600w, https:\/\/unduhvideoig.app\/wp-content\/uploads\/2025\/07\/igtv_downloader-300x225.webp 300w\" sizes=\"auto, (max-width: 600px) 100vw, 600px\" \/><\/figure>\n<\/div>\n<\/div>\n\n\n\n<h2 class=\"wp-block-heading has-text-align-center\">\u00centreb\u0103ri frecvente (FAQ)<\/h2>\n\n\n\n<hr class=\"wp-block-separator has-alpha-channel-opacity has-fabled-sunset-gradient-background has-background is-style-wide\"\/>\n\n\n\n<p>Aici ve\u021bi g\u0103si r\u0103spunsuri la \u00eentreb\u0103ri frecvente despre utilizarea programului nostru de desc\u0103rcare UnduhVideoIg.App IGTV video. Dac\u0103 nu vede\u021bi \u00eentrebarea dvs. \u00een list\u0103, nu ezita\u021bi s\u0103 ne contacta\u021bi prin e-mail prin intermediul paginii noastre de contact.<\/p>\n\n\n\n<h3 class=\"wp-block-heading\">Este acest program de desc\u0103rcare IGTV de la UnduhVideoIg.App sigur \u0219i privat?<\/h3>\n\n\n\n<p>Da! Serviciul nostru nu \u00eenregistreaz\u0103 date personale \u0219i nu urm\u0103re\u0219te desc\u0103rc\u0103rile dvs. Doar \u00eencerc\u0103rile e\u0219uate sunt \u00eenregistrate pentru \u00eembun\u0103t\u0103\u021birea performan\u021bei.<\/p>\n\n\n\n<h3 class=\"wp-block-heading\">Exist\u0103 vreun cost pentru utilizarea instrumentului de desc\u0103rcare IGTV?<\/h3>\n\n\n\n<p>Nu, este gratuit 100%. Este posibil s\u0103 vede\u021bi mici reclame pop-up pentru a sus\u021bine costurile serverului nostru \u2014 dar desc\u0103rcarea videos este gratuit\u0103.<\/p>\n\n\n\n<h3 class=\"wp-block-heading\">Pot desc\u0103rca videoclipuri lungi de pe IGTV video cu ajutorul programului t\u0103u de desc\u0103rcare IGTV video?<\/h3>\n\n\n\n<p>Da. Po\u021bi desc\u0103rca videoclipuri IGTV video cu o durat\u0103 de p\u00e2n\u0103 la 15 minute pentru conturile standard \u2014 sau mai mult dac\u0103 sunt postate de utilizatori verifica\u021bi. Asigur\u0103-te doar c\u0103 dispozitivul t\u0103u are suficient spa\u021biu de stocare.<\/p>\n\n\n\n<h3 class=\"wp-block-heading\">Este acest instrument de desc\u0103rcare IGTV video compatibil cu toate dispozitivele?<\/h3>\n\n\n\n<p>Absolut. Indiferent dac\u0103 folose\u0219ti telefon, tablet\u0103, laptop sau desktop, instrumentul nostru de desc\u0103rcare IGTV func\u021bioneaz\u0103 pe toate platformele cu un browser pentru a ob\u021bine video-uri de pe Instagram \u0219i a le desc\u0103rca.<\/p>\n\n\n\n<h3 class=\"wp-block-heading\">Trebuie s\u0103 descarc ceva pe install ca s\u0103 folosesc programul de desc\u0103rcare IGTV \u0219i s\u0103 salvez un video de pe Instagram?<\/h3>\n\n\n\n<p>Nu \u2014 este un instrument bazat pe web. Pur \u0219i simplu lipe\u0219te linkul IGTV \u0219i d\u0103 clic pe desc\u0103rcare. Nu este nevoie de nicio aplica\u021bie sau extensie.<\/p>","protected":false},"excerpt":{"rendered":"<p>IGTV Downloader Instagram IGTV Video Download Download With the usage of our service, you\u2019re accepting our Terms of Usage. Download Instagram IGTV Videos Need to download Instagram videos? Instagram\u2019s IGTV feature lets users share longer videos \u2014 from tutorials and interviews to vlogs and creative series. But while IGTV is great for sharing, there\u2019s no [&hellip;]<\/p>\n","protected":false},"author":1,"featured_media":0,"parent":0,"menu_order":0,"comment_status":"closed","ping_status":"closed","template":"","meta":{"slim_seo":{"title":"Desc\u0103rc\u0103tor IGTV \u2013 Desc\u0103rcare videoclipuri Instagram IGTV","description":"Descarc\u0103 IGTV videos gratuit f\u0103r\u0103 filigran. Salveaz\u0103-\u021bi videoclipurile lungi preferate de pe Instagram videos \u00een calitate HD rapid, u\u0219or \u0219i f\u0103r\u0103 aplica\u021bii suplimentare!"},"footnotes":""},"class_list":["post-352","page","type-page","status-publish","hentry"],"blocksy_meta":{"background":{"background_type":"color","background_pattern":"type-1","background_image":{"attachment_id":null,"x":0,"y":0},"gradient":"linear-gradient(135deg,rgba(6,147,227,1) 0%,rgb(155,81,224) 100%)","background_repeat":"repeat","background_size":"auto","background_attachment":"scroll","patternColor":{"default":{"color":"#e5e7ea"}},"overlayColor":{"default":{"color":"CT_CSS_SKIP_RULE"}},"backgroundColor":{"default":{"color":"CT_CSS_SKIP_RULE"}}},"styles_descriptor":{"styles":{"desktop":"[data-prefix=\"single_page\"] [class*=\"ct-container\"] > article[class*=\"post\"] {--has-boxed:var(--false);--has-wide:var(--true);}","tablet":"","mobile":""},"google_fonts":[],"version":6},"content_style_source":"custom","content_style":"wide","has_hero_section":"disabled"},"_links":{"self":[{"href":"https:\/\/unduhvideoig.app\/ro\/wp-json\/wp\/v2\/pages\/352","targetHints":{"allow":["GET"]}}],"collection":[{"href":"https:\/\/unduhvideoig.app\/ro\/wp-json\/wp\/v2\/pages"}],"about":[{"href":"https:\/\/unduhvideoig.app\/ro\/wp-json\/wp\/v2\/types\/page"}],"author":[{"embeddable":true,"href":"https:\/\/unduhvideoig.app\/ro\/wp-json\/wp\/v2\/users\/1"}],"replies":[{"embeddable":true,"href":"https:\/\/unduhvideoig.app\/ro\/wp-json\/wp\/v2\/comments?post=352"}],"version-history":[{"count":16,"href":"https:\/\/unduhvideoig.app\/ro\/wp-json\/wp\/v2\/pages\/352\/revisions"}],"predecessor-version":[{"id":659,"href":"https:\/\/unduhvideoig.app\/ro\/wp-json\/wp\/v2\/pages\/352\/revisions\/659"}],"wp:attachment":[{"href":"https:\/\/unduhvideoig.app\/ro\/wp-json\/wp\/v2\/media?parent=352"}],"curies":[{"name":"wp","href":"https:\/\/api.w.org\/{rel}","templated":true}]}}