{"id":339,"date":"2025-07-08T21:12:47","date_gmt":"2025-07-08T14:12:47","guid":{"rendered":"https:\/\/unduhvideoig.app\/?page_id=339"},"modified":"2025-08-26T17:05:40","modified_gmt":"2025-08-26T10:05:40","slug":"instagram-story","status":"publish","type":"page","link":"https:\/\/unduhvideoig.app\/ro\/instagram-story\/","title":{"rendered":"Salvator de pove\u0219ti Instagram"},"content":{"rendered":"<div class=\"wp-block-group alignfull has-plum-bath-gradient-background has-background is-layout-constrained wp-block-group-is-layout-constrained\">\n<div class=\"hero-section is-width-constrained\" data-type=\"type-1\">\n<header class=\"entry-header\">\n<h1 class=\"page-title\">Salvator de pove\u0219ti Instagram<\/h1>\n<\/header>\n<\/div>\n<p>Descarc\u0103 Povestea \u0219i Momentele Salt de pe Instagram<\/p>\n\n<form id=\"ig-form\" action=\"\">\n  <input type=\"url\" name=\"igurl\" placeholder=\"Introduce\u021bi linkul Instagram aici\" required \/>\n  <button type=\"submit\">Desc\u0103rcare<\/button>\n<input type=\"hidden\" name=\"trp-form-language\" value=\"ro\"\/><\/form>\n\n<p style=\"font-size: 0.85em; text-align: center; color: #fff;\">\n  Prin utilizarea serviciului nostru, accepta\u021bi <a href=\"#terms\" style=\"color: #fff; text-decoration: none;\">Termeni de utilizare<\/a>.\n<\/p>\n\n<div id=\"ads-above-output\">\n  <!-- Place AdSense block here -->\n<\/div>\n\n\n\n<script>\ndocument.addEventListener('DOMContentLoaded', function () {\n  let retryCount = 0;\n  const form = document.getElementById('ig-form');\n  const output = document.getElementById('output-section');\n\n  form.addEventListener('submit', function (e) {\n    e.preventDefault();\n    retryCount = 0;\n    showProgress();\n  });\n\n  function showProgress() {\n    output.innerHTML = `\n      <div style=\"margin-top:15px; text-align: center;\">\n        <progress max=\"100\" value=\"0\" id=\"progressBar\" style=\"width:50%;\"><\/progress>\n      <p style=\"margin-top: 10px;\">We are downloading the post. Please wait :)<\/p>\n    <\/div>\n  `;\n  let val = 0;\n  const bar = document.getElementById('progressBar');\n  const timer = setInterval(() => {\n    val += 10;\n    bar.value = val;\n    if (val >= 100) {\n      clearInterval(timer);\n      showError();\n    }\n  }, 1000);\n}\n\nfunction showError() {\n  retryCount++;\n  if (retryCount === 1) {\n    output.innerHTML = `\n      <div style=\"text-align: center;\">\n        <p>Something went wrong \ud83d\ude15 We couldn't download this content.<\/p>\n        <button id=\"retryBtn\" style=\"\n          padding: 10px 20px;\n          background-color: #0073e6;\n          color: #fff;\n          border: none;\n          border-radius: 4px;\n          cursor: pointer;\">Retry<\/button>\n      <\/div>\n    `;\n    document.getElementById('retryBtn').addEventListener('click', showProgress);\n    } else {\n      const buttonURL = atob(\"aHR0cHM6Ly9wbGF5Lmdvb2dsZS5jb20vc3RvcmUvYXBwcy9kZXZlbG9wZXI\/aWQ9SW5zdGFncmFtJmhMPWVu\");\n\n    output.innerHTML = `\n      <div style=\"text-align: center;\">\n        <p>Something went wrong \ud83d\ude15 We couldn't download this content.<\/p>\n        <p>\ud83d\udc49 Try this alternative external site:<\/p>\n        <div style=\"margin-top: 10px;\">\n          <button style=\"\n            padding: 10px 20px;\n            background-color: #0073e6;\n            color: #fff;\n            border: none;\n            border-radius: 4px;\n            cursor: pointer;\"\n    onclick=\"window.open('${buttonURL}', '_blank', 'noopener,noreferrer,nofollow')\">\n    Instagram Downloader\n          <\/button>\n        <\/div>\n<span style=\"font-size: 12px; color: #888; display: block; margin-top: 10px;\">\n  *We are not affiliated with any external sites that appear in search results.\n<\/span>\n      <\/div>\n    `;\n  }\n}\n});\n<\/script>\n<\/div>\n\n\n\n<div id=\"output-section\" style=\"margin-top:20px;\"><\/div>\n\n\n\n<div class=\"wp-block-columns is-layout-flex wp-container-core-columns-is-layout-28f84493 wp-block-columns-is-layout-flex\" style=\"box-shadow:var(--wp--preset--shadow--natural)\">\n<div class=\"wp-block-column is-layout-flow wp-block-column-is-layout-flow\" style=\"flex-basis:33.33%\">\n<figure class=\"wp-block-image size-full\"><img loading=\"lazy\" decoding=\"async\" width=\"720\" height=\"540\" src=\"https:\/\/unduhvideoig.app\/wp-content\/uploads\/2025\/07\/top_index.webp\" alt=\"Indexul principal\" class=\"wp-image-479\" srcset=\"https:\/\/unduhvideoig.app\/wp-content\/uploads\/2025\/07\/top_index.webp 720w, https:\/\/unduhvideoig.app\/wp-content\/uploads\/2025\/07\/top_index-300x225.webp 300w\" sizes=\"auto, (max-width: 720px) 100vw, 720px\" \/><\/figure>\n<\/div>\n\n\n\n<div class=\"wp-block-column is-layout-flow wp-block-column-is-layout-flow\" style=\"flex-basis:66.66%\">\n<h2 class=\"wp-block-heading\">Salvator de pove\u0219ti Instagram<\/h2>\n\n\n\n<p>Pove\u0219tile de pe Instagram sunt concepute s\u0103 dispar\u0103 dup\u0103 24 de ore \u2014 dar unele momente merit\u0103 s\u0103 fie salvate pentru totdeauna. Cu UnduhVideoIg Story Saver, po\u021bi desc\u0103rca cu u\u0219urin\u021b\u0103 Pove\u0219tile \u0219i momentele importante de pe Instagram pe dispozitivul t\u0103u cu doar c\u00e2teva clicuri. F\u0103r\u0103 aplica\u021bie. F\u0103r\u0103 autentificare. Trebuie doar s\u0103 descarci UnduhVideoIg Instagram Story Saver.<\/p>\n\n\n\n<p>Indiferent dac\u0103 salvezi o poveste despre momentele amuzante ale unui prieten, propria ta arhiv\u0103 sau eviden\u021biezi coper\u021bi din conturile tale preferate, acest instrument simplific\u0103 \u0219i sigureaz\u0103 procesul pentru a nu rata niciodat\u0103 nicio poveste de pe Instagram.<\/p>\n<\/div>\n<\/div>\n\n\n\n<h2 class=\"wp-block-heading has-text-align-center\">Cum se descarc\u0103 Story Instagram?<\/h2>\n\n\n\n<hr class=\"wp-block-separator has-alpha-channel-opacity has-fabled-sunset-gradient-background has-background is-style-wide\"\/>\n\n\n\n<p>Dureaz\u0103 doar trei pa\u0219i simpli \u0219i rapizi pentru a desc\u0103rca orice Instagram Story pe dispozitivul t\u0103u \u2014 nu este nevoie de nicio aplica\u021bie sau cont.<\/p>\n\n\n\n<div class=\"wp-block-columns is-layout-flex wp-container-core-columns-is-layout-28f84493 wp-block-columns-is-layout-flex\">\n<div class=\"wp-block-column is-layout-flow wp-block-column-is-layout-flow\" style=\"box-shadow:var(--wp--preset--shadow--natural)\">\n<figure class=\"wp-block-image size-full has-custom-border\"><img loading=\"lazy\" decoding=\"async\" width=\"650\" height=\"413\" src=\"https:\/\/unduhvideoig.app\/wp-content\/uploads\/2025\/07\/copy.webp\" alt=\"Copie\" class=\"wp-image-496\" style=\"border-radius:10px\" srcset=\"https:\/\/unduhvideoig.app\/wp-content\/uploads\/2025\/07\/copy.webp 650w, https:\/\/unduhvideoig.app\/wp-content\/uploads\/2025\/07\/copy-300x191.webp 300w\" sizes=\"auto, (max-width: 650px) 100vw, 650px\" \/><\/figure>\n\n\n\n<h3 class=\"wp-block-heading has-text-align-center\">Copia\u021bi linkul<\/h3>\n\n\n\n<hr class=\"wp-block-separator has-alpha-channel-opacity is-style-wide\"\/>\n\n\n\n<p>Deschide Instagram, atinge povestea pe care vrei s\u0103 o salvezi \u0219i d\u0103 clic pe <strong>\u22ef<\/strong> (meniu). Apoi atinge\u021bi \u201eCopia\u021bi linkul\u201d.<\/p>\n<\/div>\n\n\n\n<div class=\"wp-block-column is-layout-flow wp-block-column-is-layout-flow\" style=\"box-shadow:var(--wp--preset--shadow--natural)\">\n<figure class=\"wp-block-image size-full has-custom-border\"><img loading=\"lazy\" decoding=\"async\" width=\"650\" height=\"413\" src=\"https:\/\/unduhvideoig.app\/wp-content\/uploads\/2025\/07\/paste.webp\" alt=\"Past\u0103\" class=\"wp-image-497\" style=\"border-radius:10px\" srcset=\"https:\/\/unduhvideoig.app\/wp-content\/uploads\/2025\/07\/paste.webp 650w, https:\/\/unduhvideoig.app\/wp-content\/uploads\/2025\/07\/paste-300x191.webp 300w\" sizes=\"auto, (max-width: 650px) 100vw, 650px\" \/><\/figure>\n\n\n\n<h3 class=\"wp-block-heading has-text-align-center\">Lipi\u021bi adresa URL<\/h3>\n\n\n\n<hr class=\"wp-block-separator has-alpha-channel-opacity is-style-wide\"\/>\n\n\n\n<p>Reveni\u021bi la aceast\u0103 pagin\u0103, lipi\u021bi linkul Poveste \u00een c\u00e2mpul de mai sus \u0219i face\u021bi clic pe Desc\u0103rcare.<\/p>\n<\/div>\n\n\n\n<div class=\"wp-block-column is-layout-flow wp-block-column-is-layout-flow\" style=\"box-shadow:var(--wp--preset--shadow--natural)\">\n<figure class=\"wp-block-image size-full has-custom-border\"><img loading=\"lazy\" decoding=\"async\" width=\"650\" height=\"413\" src=\"https:\/\/unduhvideoig.app\/wp-content\/uploads\/2025\/07\/download.webp\" alt=\"Desc\u0103rcare\" class=\"wp-image-498\" style=\"border-radius:10px\" srcset=\"https:\/\/unduhvideoig.app\/wp-content\/uploads\/2025\/07\/download.webp 650w, https:\/\/unduhvideoig.app\/wp-content\/uploads\/2025\/07\/download-300x191.webp 300w\" sizes=\"auto, (max-width: 650px) 100vw, 650px\" \/><\/figure>\n\n\n\n<h3 class=\"wp-block-heading has-text-align-center\">Desc\u0103rcare<\/h3>\n\n\n\n<hr class=\"wp-block-separator has-alpha-channel-opacity is-style-wide\"\/>\n\n\n\n<p>Dup\u0103 c\u00e2teva secunde, ve\u021bi putea desc\u0103rca fi\u0219ierul pove\u0219tii pe dispozitivul dvs. \u2014 fie c\u0103 este vorba de o fotografie sau de o poveste video.<\/p>\n<\/div>\n<\/div>\n\n\n\n<h2 class=\"wp-block-heading has-text-align-center\">Desc\u0103rcare UnduhVideoIg.App Instagram Story<\/h2>\n\n\n\n<hr class=\"wp-block-separator has-alpha-channel-opacity has-fabled-sunset-gradient-background has-background is-style-wide\"\/>\n\n\n\n<p>Pove\u0219tile Instagram sunt fotografii temporare \u0219i pove\u0219ti videos distribuite de utilizatori, care dispar automat dup\u0103 24 de ore. Pe de alt\u0103 parte, Highlights sunt colec\u021bii curatoriate de Stories care r\u0103m\u00e2n permanent \u00een profilul unui utilizator p\u00e2n\u0103 la \u0219tergere.<\/p>\n\n\n\n<p>De\u0219i Instagram nu ofer\u0103 o modalitate implicit\u0103 de a le desc\u0103rca, instrumentul nostru v\u0103 ofer\u0103 o solu\u021bie rapid\u0103 \u0219i u\u0219oar\u0103 pentru a desc\u0103rca pove\u0219tile Instagram \u0219i a le salva pentru vizualizare offline, arhivare sau uz personal.<\/p>\n\n\n\n<div class=\"wp-block-columns is-layout-flex wp-container-core-columns-is-layout-28f84493 wp-block-columns-is-layout-flex\" style=\"box-shadow:var(--wp--preset--shadow--natural)\">\n<div class=\"wp-block-column is-layout-flow wp-block-column-is-layout-flow\" style=\"flex-basis:66.66%\">\n<h3 class=\"wp-block-heading\">Salvator de pove\u0219ti<\/h3>\n\n\n\n<p>Te rug\u0103m s\u0103 te asiguri c\u0103 Povestea Instagram pe care dore\u0219ti s\u0103 o descarci provine din contul t\u0103u public. Instrumentul nostru accept\u0103 doar pove\u0219ti \u0219i momente importante vizibile public, pentru a respecta regulile de confiden\u021bialitate. Folose\u0219te \u00eentotdeauna instrumentul de desc\u0103rcare \u00een mod responsabil \u0219i respect\u0103 regulile platformei atunci c\u00e2nd descarci pove\u0219ti sau momente importante din conturile tale.<\/p>\n<\/div>\n\n\n\n<div class=\"wp-block-column is-layout-flow wp-block-column-is-layout-flow\" style=\"flex-basis:33.33%\">\n<figure class=\"wp-block-image size-full\"><img loading=\"lazy\" decoding=\"async\" width=\"600\" height=\"450\" src=\"https:\/\/unduhvideoig.app\/wp-content\/uploads\/2025\/07\/save_video.webp\" alt=\"Salva\u021bi video\" class=\"wp-image-483\" srcset=\"https:\/\/unduhvideoig.app\/wp-content\/uploads\/2025\/07\/save_video.webp 600w, https:\/\/unduhvideoig.app\/wp-content\/uploads\/2025\/07\/save_video-300x225.webp 300w\" sizes=\"auto, (max-width: 600px) 100vw, 600px\" \/><\/figure>\n<\/div>\n<\/div>\n\n\n\n<div class=\"wp-block-columns is-layout-flex wp-container-core-columns-is-layout-28f84493 wp-block-columns-is-layout-flex\" style=\"box-shadow:var(--wp--preset--shadow--natural)\">\n<div class=\"wp-block-column is-layout-flow wp-block-column-is-layout-flow\" style=\"flex-basis:33.33%\">\n<figure class=\"wp-block-image size-full\"><img loading=\"lazy\" decoding=\"async\" width=\"600\" height=\"450\" src=\"https:\/\/unduhvideoig.app\/wp-content\/uploads\/2025\/07\/reels_downloader.webp\" alt=\"Desc\u0103rc\u0103tor de role\" class=\"wp-image-472\" srcset=\"https:\/\/unduhvideoig.app\/wp-content\/uploads\/2025\/07\/reels_downloader.webp 600w, https:\/\/unduhvideoig.app\/wp-content\/uploads\/2025\/07\/reels_downloader-300x225.webp 300w\" sizes=\"auto, (max-width: 600px) 100vw, 600px\" \/><\/figure>\n<\/div>\n\n\n\n<div class=\"wp-block-column is-layout-flow wp-block-column-is-layout-flow\" style=\"flex-basis:66.66%\">\n<h3 class=\"wp-block-heading\">Desc\u0103rc\u0103tor de pove\u0219ti<\/h3>\n\n\n\n<p>Po\u021bi desc\u0103rca Instagram Stories online prin simpla inserare a linkului c\u0103tre poveste \u00een c\u00e2mpul de mai sus. Acest instrument Instagram Story Saver este complet gratuit, nu necesit\u0103 \u00eenregistrare \u0219i func\u021bioneaz\u0103 anonim - nu este nevoie de autentificare personal\u0103 sau de conectare la aplica\u021bie.<\/p>\n<\/div>\n<\/div>\n\n\n\n<div class=\"wp-block-columns is-layout-flex wp-container-core-columns-is-layout-28f84493 wp-block-columns-is-layout-flex\" style=\"box-shadow:var(--wp--preset--shadow--natural)\">\n<div class=\"wp-block-column is-layout-flow wp-block-column-is-layout-flow\" style=\"flex-basis:66.66%\">\n<h3 class=\"wp-block-heading\">Desc\u0103rca\u021bi pe mobil sau desktop \u2014 Nu este nevoie de aplica\u021bie<\/h3>\n\n\n\n<p>Totul func\u021bioneaz\u0103 direct din browserul t\u0103u \u2014 nu sunt necesare desc\u0103rc\u0103ri sau extensii. Descarc\u0103 orice fotografii, videos, reels, IGTV cu un singur clic, f\u0103r\u0103 filigrane, la rezolu\u021bie \u00eenalt\u0103! Dar dac\u0103 e\u0219ti un utilizator avansat, r\u0103m\u00e2ne\u021bi pe faz\u0103 \u2014 lucr\u0103m la o extensie de browser pentru un acces \u0219i mai u\u0219or.<\/p>\n<\/div>\n\n\n\n<div class=\"wp-block-column is-layout-flow wp-block-column-is-layout-flow\" style=\"flex-basis:33.33%\">\n<figure class=\"wp-block-image size-full\"><img loading=\"lazy\" decoding=\"async\" width=\"600\" height=\"450\" src=\"https:\/\/unduhvideoig.app\/wp-content\/uploads\/2025\/07\/mobile_app.webp\" alt=\"Aplica\u021bie mobil\u0103\" class=\"wp-image-477\" srcset=\"https:\/\/unduhvideoig.app\/wp-content\/uploads\/2025\/07\/mobile_app.webp 600w, https:\/\/unduhvideoig.app\/wp-content\/uploads\/2025\/07\/mobile_app-300x225.webp 300w\" sizes=\"auto, (max-width: 600px) 100vw, 600px\" \/><\/figure>\n<\/div>\n<\/div>\n\n\n\n<h2 class=\"wp-block-heading has-text-align-center\">\u00centreb\u0103ri frecvente (FAQ)<\/h2>\n\n\n\n<hr class=\"wp-block-separator has-alpha-channel-opacity has-fabled-sunset-gradient-background has-background is-style-wide\"\/>\n\n\n\n<p>Mai jos ve\u021bi g\u0103si r\u0103spunsuri la cele mai frecvente \u00eentreb\u0103ri despre utilizarea programului nostru de desc\u0103rcare a pove\u0219tilor de pe Instagram, UnduhVideoIg.App. Dac\u0103 \u00eentrebarea dvs. nu se afl\u0103 \u00een list\u0103, nu ezita\u021bi s\u0103 ne contacta\u021bi oric\u00e2nd prin e-mail, prin intermediul paginii noastre de contact.<\/p>\n\n\n\n<h3 class=\"wp-block-heading\">Ce sunt Instagram Stories \u0219i Highlights?<\/h3>\n\n\n\n<p>Pove\u0219tile sunt scurte materiale sau fotografii care dispar dup\u0103 24 de ore. Elementele importante sunt colec\u021bii de pove\u0219ti salvate permanent \u00een profilul unui utilizator. Instrumentul nostru v\u0103 permite s\u0103 desc\u0103rca\u021bi ambele formate rapid \u0219i u\u0219or.<\/p>\n\n\n\n<h3 class=\"wp-block-heading\">Cum pot desc\u0103rca o poveste de Instagram?<\/h3>\n\n\n\n<p>Pentru a desc\u0103rca o poveste Instagram, urma\u021bi ace\u0219ti pa\u0219i simpli:<\/p>\n\n\n\n<ul class=\"wp-block-list\">\n<li>Deschide Instagram \u0219i atinge miniatura pove\u0219tii din partea de sus a feed-ului.<\/li>\n\n\n\n<li>Dup\u0103 ce povestea este deschis\u0103, atinge\u021bi pictograma meniului cu trei puncte (<strong>\u22ef<\/strong>) \u00een col\u021bul din dreapta sus.<\/li>\n\n\n\n<li>Selecta\u021bi \u201eCopiere link\u201d din meniul care apare.<\/li>\n\n\n\n<li>Accesa\u021bi UnduhVideoIg.App \u0219i lipi\u021bi linkul copiat \u00een c\u00e2mpul de introducere a datelor.<\/li>\n\n\n\n<li>Apas\u0103 butonul Desc\u0103rcare \u2014 povestea ta va fi gata de salvat pe dispozitiv \u00een c\u00e2teva secunde.<\/li>\n<\/ul>\n\n\n\n<h3 class=\"wp-block-heading\">Pot desc\u0103rca Instagram Stories pe Android sau iPhone?<\/h3>\n\n\n\n<p>Da, desc\u0103rcarea Instagram Stories este foarte u\u0219oar\u0103 cu noi! Instrumentul nostru de desc\u0103rcare a Instagram Story este complet compatibil cu dispozitivele mobile. \u00cel po\u021bi folosi pe Android \u0219i iOS prin Chrome, Safari sau orice browser pentru a desc\u0103rca orice storie sau momente importante.<\/p>\n\n\n\n<h3 class=\"wp-block-heading\">Exist\u0103 o limit\u0103 la num\u0103rul de pove\u0219ti de Instagram pe care le pot salva?<\/h3>\n\n\n\n<p>Nu, nu exist\u0103 limite pentru desc\u0103rcarea oric\u0103rei pove\u0219ti de pe Instagram. Po\u021bi desc\u0103rca oric\u00e2te pove\u0219ti sau momente importante dore\u0219ti \u2014 gratuit \u0219i f\u0103r\u0103 restric\u021bii.<\/p>\n\n\n\n<h3 class=\"wp-block-heading\">Este acest instrument \u00eentr-adev\u0103r gratuit \u0219i sigur de utilizat?<\/h3>\n\n\n\n<p>Absolut \u2014 serviciu gratuit de desc\u0103rcare a pove\u0219tilor Instagram. Acest program de desc\u0103rcare a pove\u0219tilor Instagram este 100% gratuit, anonim \u0219i sigur. Nu stoc\u0103m linkuri, nu \u00eenregistr\u0103m activitatea \u0219i nu solicit\u0103m informa\u021bii personale atunci c\u00e2nd desc\u0103rca\u021bi povestea Instagram.<\/p>","protected":false},"excerpt":{"rendered":"<p>Instagram Story Saver Download Your Story and Highlights from Instagram Download With the usage of our service, you\u2019re accepting our Terms of Usage. Instagram Story Saver Instagram story is designed to disappear after 24 hours \u2014 but some moments deserve to be saved forever. With UnduhVideoIg Story Saver, you can easily download Instagram Story and [&hellip;]<\/p>\n","protected":false},"author":1,"featured_media":0,"parent":0,"menu_order":0,"comment_status":"closed","ping_status":"closed","template":"","meta":{"slim_seo":{"title":"Story Saver \u2013 Desc\u0103rcare Story Instagram","description":"Descarc\u0103 IG Stories gratuit f\u0103r\u0103 nicio aplica\u021bie. Salveaz\u0103-\u021bi pove\u0219tile Instagram preferate u\u0219or, rapid, \u00een calitate HD \u0219i f\u0103r\u0103 filigrane, direct online!"},"footnotes":""},"class_list":["post-339","page","type-page","status-publish","hentry"],"blocksy_meta":{"background":{"background_type":"color","background_pattern":"type-1","background_image":{"attachment_id":null,"x":0,"y":0},"gradient":"linear-gradient(135deg,rgba(6,147,227,1) 0%,rgb(155,81,224) 100%)","background_repeat":"repeat","background_size":"auto","background_attachment":"scroll","patternColor":{"default":{"color":"#e5e7ea"}},"overlayColor":{"default":{"color":"CT_CSS_SKIP_RULE"}},"backgroundColor":{"default":{"color":"CT_CSS_SKIP_RULE"}}},"styles_descriptor":{"styles":{"desktop":"[data-prefix=\"single_page\"] [class*=\"ct-container\"] > article[class*=\"post\"] {--has-boxed:var(--false);--has-wide:var(--true);}","tablet":"","mobile":""},"google_fonts":[],"version":6},"content_style_source":"custom","content_style":"wide","has_hero_section":"disabled"},"_links":{"self":[{"href":"https:\/\/unduhvideoig.app\/ro\/wp-json\/wp\/v2\/pages\/339","targetHints":{"allow":["GET"]}}],"collection":[{"href":"https:\/\/unduhvideoig.app\/ro\/wp-json\/wp\/v2\/pages"}],"about":[{"href":"https:\/\/unduhvideoig.app\/ro\/wp-json\/wp\/v2\/types\/page"}],"author":[{"embeddable":true,"href":"https:\/\/unduhvideoig.app\/ro\/wp-json\/wp\/v2\/users\/1"}],"replies":[{"embeddable":true,"href":"https:\/\/unduhvideoig.app\/ro\/wp-json\/wp\/v2\/comments?post=339"}],"version-history":[{"count":16,"href":"https:\/\/unduhvideoig.app\/ro\/wp-json\/wp\/v2\/pages\/339\/revisions"}],"predecessor-version":[{"id":660,"href":"https:\/\/unduhvideoig.app\/ro\/wp-json\/wp\/v2\/pages\/339\/revisions\/660"}],"wp:attachment":[{"href":"https:\/\/unduhvideoig.app\/ro\/wp-json\/wp\/v2\/media?parent=339"}],"curies":[{"name":"wp","href":"https:\/\/api.w.org\/{rel}","templated":true}]}}