{"id":284,"date":"2025-07-08T14:56:58","date_gmt":"2025-07-08T07:56:58","guid":{"rendered":"https:\/\/unduhvideoig.app\/?page_id=284"},"modified":"2025-08-26T17:01:23","modified_gmt":"2025-08-26T10:01:23","slug":"instagram-photo","status":"publish","type":"page","link":"https:\/\/unduhvideoig.app\/ro\/instagram-photo\/","title":{"rendered":"Desc\u0103rc\u0103tor de fotografii Instagram"},"content":{"rendered":"<div class=\"wp-block-group alignfull has-plum-bath-gradient-background has-background is-layout-constrained wp-block-group-is-layout-constrained\">\n<div class=\"hero-section is-width-constrained\" data-type=\"type-1\">\n<header class=\"entry-header\">\n<h1 class=\"page-title\">Desc\u0103rc\u0103tor de fotografii Instagram<\/h1>\n<\/header>\n<\/div>\n<p>Descarc\u0103 fotografii de pe Instagram<\/p>\n\n<form id=\"ig-form\" action=\"\">\n  <input type=\"url\" name=\"igurl\" placeholder=\"Introduce\u021bi linkul Instagram aici\" required \/>\n  <button type=\"submit\">Desc\u0103rcare<\/button>\n<input type=\"hidden\" name=\"trp-form-language\" value=\"ro\"\/><\/form>\n\n<p style=\"font-size: 0.85em; text-align: center; color: #fff;\">\n  Prin utilizarea serviciului nostru, accepta\u021bi <a href=\"#terms\" style=\"color: #fff; text-decoration: none;\">Termeni de utilizare<\/a>.\n<\/p>\n\n<div id=\"ads-above-output\">\n  <!-- Place AdSense block here -->\n<\/div>\n\n\n\n<script>\ndocument.addEventListener('DOMContentLoaded', function () {\n  let retryCount = 0;\n  const form = document.getElementById('ig-form');\n  const output = document.getElementById('output-section');\n\n  form.addEventListener('submit', function (e) {\n    e.preventDefault();\n    retryCount = 0;\n    showProgress();\n  });\n\n  function showProgress() {\n    output.innerHTML = `\n      <div style=\"margin-top:15px; text-align: center;\">\n        <progress max=\"100\" value=\"0\" id=\"progressBar\" style=\"width:50%;\"><\/progress>\n      <p style=\"margin-top: 10px;\">We are downloading the post. Please wait :)<\/p>\n    <\/div>\n  `;\n  let val = 0;\n  const bar = document.getElementById('progressBar');\n  const timer = setInterval(() => {\n    val += 10;\n    bar.value = val;\n    if (val >= 100) {\n      clearInterval(timer);\n      showError();\n    }\n  }, 1000);\n}\n\nfunction showError() {\n  retryCount++;\n  if (retryCount === 1) {\n    output.innerHTML = `\n      <div style=\"text-align: center;\">\n        <p>Something went wrong \ud83d\ude15 We couldn't download this content.<\/p>\n        <button id=\"retryBtn\" style=\"\n          padding: 10px 20px;\n          background-color: #0073e6;\n          color: #fff;\n          border: none;\n          border-radius: 4px;\n          cursor: pointer;\">Retry<\/button>\n      <\/div>\n    `;\n    document.getElementById('retryBtn').addEventListener('click', showProgress);\n    } else {\n      const buttonURL = atob(\"aHR0cHM6Ly9wbGF5Lmdvb2dsZS5jb20vc3RvcmUvYXBwcy9kZXZlbG9wZXI\/aWQ9SW5zdGFncmFtJmhMPWVu\");\n\n    output.innerHTML = `\n      <div style=\"text-align: center;\">\n        <p>Something went wrong \ud83d\ude15 We couldn't download this content.<\/p>\n        <p>\ud83d\udc49 Try this alternative external site:<\/p>\n        <div style=\"margin-top: 10px;\">\n          <button style=\"\n            padding: 10px 20px;\n            background-color: #0073e6;\n            color: #fff;\n            border: none;\n            border-radius: 4px;\n            cursor: pointer;\"\n    onclick=\"window.open('${buttonURL}', '_blank', 'noopener,noreferrer,nofollow')\">\n    Instagram Downloader\n          <\/button>\n        <\/div>\n<span style=\"font-size: 12px; color: #888; display: block; margin-top: 10px;\">\n  *We are not affiliated with any external sites that appear in search results.\n<\/span>\n      <\/div>\n    `;\n  }\n}\n});\n<\/script>\n<\/div>\n\n\n\n<div id=\"output-section\" style=\"margin-top:20px;\"><\/div>\n\n\n\n<div class=\"wp-block-columns is-layout-flex wp-container-core-columns-is-layout-28f84493 wp-block-columns-is-layout-flex\" style=\"box-shadow:var(--wp--preset--shadow--natural)\">\n<div class=\"wp-block-column is-layout-flow wp-block-column-is-layout-flow\" style=\"flex-basis:33.33%\">\n<figure class=\"wp-block-image size-full\"><img loading=\"lazy\" decoding=\"async\" width=\"720\" height=\"540\" src=\"https:\/\/unduhvideoig.app\/wp-content\/uploads\/2025\/07\/top_index.webp\" alt=\"Indexul principal\" class=\"wp-image-479\" srcset=\"https:\/\/unduhvideoig.app\/wp-content\/uploads\/2025\/07\/top_index.webp 720w, https:\/\/unduhvideoig.app\/wp-content\/uploads\/2025\/07\/top_index-300x225.webp 300w\" sizes=\"auto, (max-width: 720px) 100vw, 720px\" \/><\/figure>\n<\/div>\n\n\n\n<div class=\"wp-block-column is-layout-flow wp-block-column-is-layout-flow\" style=\"flex-basis:66.66%\">\n<h2 class=\"wp-block-heading\">Descarc\u0103 fotografii Instagram<\/h2>\n\n\n\n<p>Instagram este locul unde sunt surprinse milioane de momente fotografice \u2014 de la fotografii estetice \u0219i fotografii de c\u0103l\u0103torie, p\u00e2n\u0103 la citate inspira\u021bionale \u0219i imagini de produse. Cu UnduhVideoIg, po\u021bi desc\u0103rca fotografii de Instagram direct pe dispozitivul t\u0103u, fie c\u0103 este vorba de o singur\u0103 imagine sau de o \u00eentreag\u0103 postare carusel.<\/p>\n\n\n\n<p>Niciun cont? Nicio problem\u0103. Acest instrument func\u021bioneaz\u0103 online \u0219i nu necesit\u0103 o aplica\u021bie sau \u00eenregistrare pentru a desc\u0103rca \u0219i salva orice fotografie \u00ee\u021bi place de pe Instagram.<\/p>\n<\/div>\n<\/div>\n\n\n\n<h2 class=\"wp-block-heading has-text-align-center\">Cum s\u0103 descarci fotografii de pe Instagram?<\/h2>\n\n\n\n<hr class=\"wp-block-separator has-alpha-channel-opacity has-fabled-sunset-gradient-background has-background is-style-wide\"\/>\n\n\n\n<p>Urmeaz\u0103 ace\u0219ti trei pa\u0219i simpli \u0219i rapizi pentru a utiliza programul nostru de desc\u0103rcare a imaginilor de pe Instagram \u2014 este rapid, f\u0103r\u0103 probleme \u0219i \u00ee\u021bi economise\u0219te timp.<\/p>\n\n\n\n<div class=\"wp-block-columns is-layout-flex wp-container-core-columns-is-layout-28f84493 wp-block-columns-is-layout-flex\">\n<div class=\"wp-block-column is-layout-flow wp-block-column-is-layout-flow\" style=\"box-shadow:var(--wp--preset--shadow--natural)\">\n<figure class=\"wp-block-image size-full has-custom-border\"><img loading=\"lazy\" decoding=\"async\" width=\"650\" height=\"413\" src=\"https:\/\/unduhvideoig.app\/wp-content\/uploads\/2025\/07\/copy.webp\" alt=\"Copie\" class=\"wp-image-496\" style=\"border-radius:10px\" srcset=\"https:\/\/unduhvideoig.app\/wp-content\/uploads\/2025\/07\/copy.webp 650w, https:\/\/unduhvideoig.app\/wp-content\/uploads\/2025\/07\/copy-300x191.webp 300w\" sizes=\"auto, (max-width: 650px) 100vw, 650px\" \/><\/figure>\n\n\n\n<h3 class=\"wp-block-heading has-text-align-center\">Copia\u021bi linkul<\/h3>\n\n\n\n<hr class=\"wp-block-separator has-alpha-channel-opacity is-style-wide\"\/>\n\n\n\n<p>Deschide aplica\u021bia sau site-ul web Instagram, acceseaz\u0103 fotografia Instagram preferat\u0103 pe care o dore\u0219ti, atinge pictograma \u22ef (sau \u22ee) \u0219i selecteaz\u0103 \u201eCopiere link\u201d.<\/p>\n<\/div>\n\n\n\n<div class=\"wp-block-column is-layout-flow wp-block-column-is-layout-flow\" style=\"box-shadow:var(--wp--preset--shadow--natural)\">\n<figure class=\"wp-block-image size-full has-custom-border\"><img loading=\"lazy\" decoding=\"async\" width=\"650\" height=\"413\" src=\"https:\/\/unduhvideoig.app\/wp-content\/uploads\/2025\/07\/paste.webp\" alt=\"Past\u0103\" class=\"wp-image-497\" style=\"border-radius:10px\" srcset=\"https:\/\/unduhvideoig.app\/wp-content\/uploads\/2025\/07\/paste.webp 650w, https:\/\/unduhvideoig.app\/wp-content\/uploads\/2025\/07\/paste-300x191.webp 300w\" sizes=\"auto, (max-width: 650px) 100vw, 650px\" \/><\/figure>\n\n\n\n<h3 class=\"wp-block-heading has-text-align-center\">Lipi\u021bi adresa URL<\/h3>\n\n\n\n<hr class=\"wp-block-separator has-alpha-channel-opacity is-style-wide\"\/>\n\n\n\n<p>Reveni\u021bi la aceast\u0103 pagin\u0103 de desc\u0103rcare a imaginilor Instagram de pe UnduhVideoIg.App, lipi\u021bi linkul \u00een c\u00e2mpul de introducere \u0219i face\u021bi clic pe Desc\u0103rcare.<\/p>\n<\/div>\n\n\n\n<div class=\"wp-block-column is-layout-flow wp-block-column-is-layout-flow\" style=\"box-shadow:var(--wp--preset--shadow--natural)\">\n<figure class=\"wp-block-image size-full has-custom-border\"><img loading=\"lazy\" decoding=\"async\" width=\"650\" height=\"413\" src=\"https:\/\/unduhvideoig.app\/wp-content\/uploads\/2025\/07\/download.webp\" alt=\"Desc\u0103rcare\" class=\"wp-image-498\" style=\"border-radius:10px\" srcset=\"https:\/\/unduhvideoig.app\/wp-content\/uploads\/2025\/07\/download.webp 650w, https:\/\/unduhvideoig.app\/wp-content\/uploads\/2025\/07\/download-300x191.webp 300w\" sizes=\"auto, (max-width: 650px) 100vw, 650px\" \/><\/figure>\n\n\n\n<h3 class=\"wp-block-heading has-text-align-center\">Desc\u0103rcare<\/h3>\n\n\n\n<hr class=\"wp-block-separator has-alpha-channel-opacity is-style-wide\"\/>\n\n\n\n<p>\u00cen doar c\u00e2teva secunde dup\u0103 ce a\u021bi dat clic pe butonul Desc\u0103rcare, ve\u021bi primi o previzualizare cu op\u021biuni pentru a desc\u0103rca una sau mai multe fotografii \u00een format JPG de \u00eenalt\u0103 rezolu\u021bie.<\/p>\n<\/div>\n<\/div>\n\n\n\n<h2 class=\"wp-block-heading has-text-align-center\">Instrumentul nostru de desc\u0103rcare UnduhVideoIg.App<\/h2>\n\n\n\n<hr class=\"wp-block-separator has-alpha-channel-opacity has-fabled-sunset-gradient-background has-background is-style-wide\"\/>\n\n\n\n<div class=\"wp-block-columns is-layout-flex wp-container-core-columns-is-layout-28f84493 wp-block-columns-is-layout-flex\" style=\"box-shadow:var(--wp--preset--shadow--natural)\">\n<div class=\"wp-block-column is-layout-flow wp-block-column-is-layout-flow\" style=\"flex-basis:66.66%\">\n<h3 class=\"wp-block-heading\">Desc\u0103rc\u0103tor de fotografii<\/h3>\n\n\n\n<p>Fie c\u0103 folose\u0219ti un smartphone, o tablet\u0103 sau un computer, aplica\u021bia de desc\u0103rcare UnduhVideoIg este conceput\u0103 s\u0103 func\u021bioneze f\u0103r\u0103 probleme pe toate platformele. Nu trebuie s\u0103 descarci o aplica\u021bie - trebuie doar s\u0103 copiezi, s\u0103 lipe\u0219ti \u0219i s\u0103 salvezi fotografia. Accept\u0103 desc\u0103rc\u0103ri la rezolu\u021bie complet\u0103, fiind perfect\u0103 pentru salvarea con\u021binutului f\u0103r\u0103 pierderi de calitate.<\/p>\n\n\n\n<p>\u0218i da \u2014 func\u021bioneaz\u0103 perfect pe Safari, Chrome, Firefox \u0219i alte browsere.<\/p>\n<\/div>\n\n\n\n<div class=\"wp-block-column is-layout-flow wp-block-column-is-layout-flow\" style=\"flex-basis:33.33%\">\n<figure class=\"wp-block-image size-full\"><img loading=\"lazy\" decoding=\"async\" width=\"600\" height=\"450\" src=\"https:\/\/unduhvideoig.app\/wp-content\/uploads\/2025\/07\/photos_downloader.webp\" alt=\"Desc\u0103rc\u0103tor de fotografii\" class=\"wp-image-471\" srcset=\"https:\/\/unduhvideoig.app\/wp-content\/uploads\/2025\/07\/photos_downloader.webp 600w, https:\/\/unduhvideoig.app\/wp-content\/uploads\/2025\/07\/photos_downloader-300x225.webp 300w\" sizes=\"auto, (max-width: 600px) 100vw, 600px\" \/><\/figure>\n<\/div>\n<\/div>\n\n\n\n<div class=\"wp-block-columns is-layout-flex wp-container-core-columns-is-layout-28f84493 wp-block-columns-is-layout-flex\" style=\"box-shadow:var(--wp--preset--shadow--natural)\">\n<div class=\"wp-block-column is-layout-flow wp-block-column-is-layout-flow\" style=\"flex-basis:33.33%\">\n<figure class=\"wp-block-image size-full\"><img loading=\"lazy\" decoding=\"async\" width=\"600\" height=\"450\" src=\"https:\/\/unduhvideoig.app\/wp-content\/uploads\/2025\/07\/mobile_app.webp\" alt=\"Aplica\u021bie mobil\u0103\" class=\"wp-image-477\" srcset=\"https:\/\/unduhvideoig.app\/wp-content\/uploads\/2025\/07\/mobile_app.webp 600w, https:\/\/unduhvideoig.app\/wp-content\/uploads\/2025\/07\/mobile_app-300x225.webp 300w\" sizes=\"auto, (max-width: 600px) 100vw, 600px\" \/><\/figure>\n<\/div>\n\n\n\n<div class=\"wp-block-column is-layout-flow wp-block-column-is-layout-flow\" style=\"flex-basis:66.66%\">\n<h3 class=\"wp-block-heading\">Desc\u0103rca\u021bi pe mobil sau desktop \u2014 Nu este nevoie de aplica\u021bie<\/h3>\n\n\n\n<p>Totul func\u021bioneaz\u0103 direct din browserul t\u0103u \u2014 nu sunt necesare desc\u0103rc\u0103ri sau extensii. Descarc\u0103 orice fotografii, videos, reels, IGTV cu un singur clic, f\u0103r\u0103 filigrane, la rezolu\u021bie \u00eenalt\u0103! Dar dac\u0103 e\u0219ti un utilizator avansat, r\u0103m\u00e2ne\u021bi pe faz\u0103 \u2014 lucr\u0103m la o extensie de browser pentru un acces \u0219i mai u\u0219or.<\/p>\n<\/div>\n<\/div>\n\n\n\n<h2 class=\"wp-block-heading has-text-align-center\">\u00centreb\u0103ri frecvente (FAQ)<\/h2>\n\n\n\n<hr class=\"wp-block-separator has-alpha-channel-opacity has-fabled-sunset-gradient-background has-background is-style-wide\"\/>\n\n\n\n<p>Mai jos ve\u021bi g\u0103si r\u0103spunsuri la \u00eentreb\u0103ri frecvente despre utilizarea programului de desc\u0103rcare a fotografiilor Instagram UnduhVideoIg. Dac\u0103 nu g\u0103si\u021bi ceea ce c\u0103uta\u021bi, nu ezita\u021bi s\u0103 ne contacta\u021bi prin e-mail prin intermediul paginii noastre de contact.<\/p>\n\n\n\n<h3 class=\"wp-block-heading\">Pot desc\u0103rca poze de Instagram pe PC sau Mac?<\/h3>\n\n\n\n<p>Da! Programul de desc\u0103rcare a fotografiilor UnduhVideoIg func\u021bioneaz\u0103 direct \u00een browserul t\u0103u, at\u00e2t pe PC, c\u00e2t \u0219i pe Mac. Trebuie doar s\u0103 copiezi adresa URL a post\u0103rii de pe Instagram \u0219i s\u0103 o lipe\u0219ti mai sus, \u00een programul de desc\u0103rcare a fotografiilor, pentru a \u00eencepe desc\u0103rcarea fotografiilor.<\/p>\n\n\n\n<h3 class=\"wp-block-heading\">Ce format de fi\u0219ier este utilizat la UnduhVideoIg <strong>pentru desc\u0103rc\u0103ri?<\/strong><\/h3>\n\n\n\n<p>Toate imaginile de pe Instagram sunt desc\u0103rcate \u00een format JPG, care este u\u0219or \u0219i de \u00eenalt\u0103 calitate pentru desc\u0103rcarea imaginilor \u2014 perfect pentru salvare sau partajare.<\/p>\n\n\n\n<h3 class=\"wp-block-heading\">Este acest serviciu de desc\u0103rcare a fotografiilor de pe Instagram \u00eentr-adev\u0103r gratuit?<\/h3>\n\n\n\n<p>Da, 100% pentru instrumentul nostru de desc\u0103rcare a imaginilor de pe Instagram! Nu trebuie s\u0103 v\u0103 \u00eenregistra\u021bi, s\u0103 v\u0103 abona\u021bi sau s\u0103 pl\u0103ti\u021bi. Este un instrument complet gratuit pentru desc\u0103rcarea imaginilor de pe Instagram.<\/p>\n\n\n\n<h3 class=\"wp-block-heading\">Este sigur s\u0103 utilizez acest program de desc\u0103rcare a fotografiilor UnduhVideoIg.App?<\/h3>\n\n\n\n<p>Absolut pentru desc\u0103rcare fotografii de Instagram. La UnduhVideoIg nu stoc\u0103m, urm\u0103rim \u0219i nu colect\u0103m date personale. Desc\u0103rc\u0103rile tale sunt private \u0219i securizate.<\/p>\n\n\n\n<h3 class=\"wp-block-heading\">Pot folosi programul de desc\u0103rcare UnduhVideoIg pe telefon sau tablet\u0103?<\/h3>\n\n\n\n<p>Cu siguran\u021b\u0103 pentru instrumentul nostru de desc\u0103rcare a fotografiilor. Acest instrument de desc\u0103rcare a imaginilor UnduhVideoIg func\u021bioneaz\u0103 perfect pe telefoane Android, iPhone, iPad \u0219i alte browsere mobile pentru fotografiile de pe Instagram.<\/p>","protected":false},"excerpt":{"rendered":"<p>Instagram Photo Downloader Download Photos from Instagram Download With the usage of our service, you\u2019re accepting our Terms of Usage. Download Instagram Photos Instagram is where millions of photograph moments are captured \u2014 from photos of aesthetic flat lays and travel shots to inspirational quotes and product images. With UnduhVideoIg, you can download Instagram photos [&hellip;]<\/p>\n","protected":false},"author":1,"featured_media":0,"parent":0,"menu_order":0,"comment_status":"closed","ping_status":"closed","template":"","meta":{"slim_seo":{"title":"Desc\u0103rc\u0103tor de fotografii Instagram \u2013 Descarc\u0103 imagini de pe Instagram","description":"Descarc\u0103 gratuit fotografii de pe Instagram f\u0103r\u0103 aplica\u021bie. Salveaz\u0103-\u021bi imaginile preferate de pe Instagram u\u0219or, rapid \u0219i \u00een calitate HD direct online, f\u0103r\u0103 filigran!"},"footnotes":""},"class_list":["post-284","page","type-page","status-publish","hentry"],"blocksy_meta":{"background":{"background_type":"color","background_pattern":"type-1","background_image":{"attachment_id":null,"x":0,"y":0},"gradient":"linear-gradient(135deg,rgba(6,147,227,1) 0%,rgb(155,81,224) 100%)","background_repeat":"repeat","background_size":"auto","background_attachment":"scroll","patternColor":{"default":{"color":"#e5e7ea"}},"overlayColor":{"default":{"color":"CT_CSS_SKIP_RULE"}},"backgroundColor":{"default":{"color":"CT_CSS_SKIP_RULE"}}},"styles_descriptor":{"styles":{"desktop":"[data-prefix=\"single_page\"] [class*=\"ct-container\"] > article[class*=\"post\"] {--has-boxed:var(--false);--has-wide:var(--true);}","tablet":"","mobile":""},"google_fonts":[],"version":6},"content_style_source":"custom","content_style":"wide","has_hero_section":"disabled"},"_links":{"self":[{"href":"https:\/\/unduhvideoig.app\/ro\/wp-json\/wp\/v2\/pages\/284","targetHints":{"allow":["GET"]}}],"collection":[{"href":"https:\/\/unduhvideoig.app\/ro\/wp-json\/wp\/v2\/pages"}],"about":[{"href":"https:\/\/unduhvideoig.app\/ro\/wp-json\/wp\/v2\/types\/page"}],"author":[{"embeddable":true,"href":"https:\/\/unduhvideoig.app\/ro\/wp-json\/wp\/v2\/users\/1"}],"replies":[{"embeddable":true,"href":"https:\/\/unduhvideoig.app\/ro\/wp-json\/wp\/v2\/comments?post=284"}],"version-history":[{"count":30,"href":"https:\/\/unduhvideoig.app\/ro\/wp-json\/wp\/v2\/pages\/284\/revisions"}],"predecessor-version":[{"id":662,"href":"https:\/\/unduhvideoig.app\/ro\/wp-json\/wp\/v2\/pages\/284\/revisions\/662"}],"wp:attachment":[{"href":"https:\/\/unduhvideoig.app\/ro\/wp-json\/wp\/v2\/media?parent=284"}],"curies":[{"name":"wp","href":"https:\/\/api.w.org\/{rel}","templated":true}]}}