{"id":246,"date":"2025-07-07T10:31:40","date_gmt":"2025-07-07T03:31:40","guid":{"rendered":"https:\/\/unduhvideoig.app\/?page_id=246"},"modified":"2025-08-26T16:58:06","modified_gmt":"2025-08-26T09:58:06","slug":"instagram-video","status":"publish","type":"page","link":"https:\/\/unduhvideoig.app\/ro\/instagram-video\/","title":{"rendered":"Desc\u0103rc\u0103tor de videoclipuri Instagram"},"content":{"rendered":"<div class=\"wp-block-group alignfull has-plum-bath-gradient-background has-background is-layout-constrained wp-block-group-is-layout-constrained\">\n<div class=\"hero-section is-width-constrained\" data-type=\"type-1\">\n<header class=\"entry-header\">\n<h1 class=\"page-title\">Desc\u0103rc\u0103tor de videoclipuri Instagram<\/h1>\n<\/header>\n<\/div>\n<p>Descarc\u0103 videoclipuri de pe Instagram<\/p>\n\n<form id=\"ig-form\" action=\"\">\n  <input type=\"url\" name=\"igurl\" placeholder=\"Introduce\u021bi linkul Instagram aici\" required \/>\n  <button type=\"submit\">Desc\u0103rcare<\/button>\n<input type=\"hidden\" name=\"trp-form-language\" value=\"ro\"\/><\/form>\n\n<p style=\"font-size: 0.85em; text-align: center; color: #fff;\">\n  Prin utilizarea serviciului nostru, accepta\u021bi <a href=\"#terms\" style=\"color: #fff; text-decoration: none;\">Termeni de utilizare<\/a>.\n<\/p>\n\n<div id=\"ads-above-output\">\n  <!-- Place AdSense block here -->\n<\/div>\n\n\n\n<script>\ndocument.addEventListener('DOMContentLoaded', function () {\n  let retryCount = 0;\n  const form = document.getElementById('ig-form');\n  const output = document.getElementById('output-section');\n\n  form.addEventListener('submit', function (e) {\n    e.preventDefault();\n    retryCount = 0;\n    showProgress();\n  });\n\n  function showProgress() {\n    output.innerHTML = `\n      <div style=\"margin-top:15px; text-align: center;\">\n        <progress max=\"100\" value=\"0\" id=\"progressBar\" style=\"width:50%;\"><\/progress>\n      <p style=\"margin-top: 10px;\">We are downloading the post. Please wait :)<\/p>\n    <\/div>\n  `;\n  let val = 0;\n  const bar = document.getElementById('progressBar');\n  const timer = setInterval(() => {\n    val += 10;\n    bar.value = val;\n    if (val >= 100) {\n      clearInterval(timer);\n      showError();\n    }\n  }, 1000);\n}\n\nfunction showError() {\n  retryCount++;\n  if (retryCount === 1) {\n    output.innerHTML = `\n      <div style=\"text-align: center;\">\n        <p>Something went wrong \ud83d\ude15 We couldn't download this content.<\/p>\n        <button id=\"retryBtn\" style=\"\n          padding: 10px 20px;\n          background-color: #0073e6;\n          color: #fff;\n          border: none;\n          border-radius: 4px;\n          cursor: pointer;\">Retry<\/button>\n      <\/div>\n    `;\n    document.getElementById('retryBtn').addEventListener('click', showProgress);\n    } else {\n      const buttonURL = atob(\"aHR0cHM6Ly9wbGF5Lmdvb2dsZS5jb20vc3RvcmUvYXBwcy9kZXZlbG9wZXI\/aWQ9SW5zdGFncmFtJmhMPWVu\");\n\n    output.innerHTML = `\n      <div style=\"text-align: center;\">\n        <p>Something went wrong \ud83d\ude15 We couldn't download this content.<\/p>\n        <p>\ud83d\udc49 Try this alternative external site:<\/p>\n        <div style=\"margin-top: 10px;\">\n          <button style=\"\n            padding: 10px 20px;\n            background-color: #0073e6;\n            color: #fff;\n            border: none;\n            border-radius: 4px;\n            cursor: pointer;\"\n    onclick=\"window.open('${buttonURL}', '_blank', 'noopener,noreferrer,nofollow')\">\n    Instagram Downloader\n          <\/button>\n        <\/div>\n<span style=\"font-size: 12px; color: #888; display: block; margin-top: 10px;\">\n  *We are not affiliated with any external sites that appear in search results.\n<\/span>\n      <\/div>\n    `;\n  }\n}\n});\n<\/script>\n<\/div>\n\n\n\n<div id=\"output-section\" style=\"margin-top:20px;\"><\/div>\n\n\n\n<div class=\"wp-block-columns is-layout-flex wp-container-core-columns-is-layout-28f84493 wp-block-columns-is-layout-flex\" style=\"box-shadow:var(--wp--preset--shadow--natural)\">\n<div class=\"wp-block-column is-layout-flow wp-block-column-is-layout-flow\" style=\"flex-basis:33.33%\">\n<figure class=\"wp-block-image size-full\"><img loading=\"lazy\" decoding=\"async\" width=\"720\" height=\"540\" src=\"https:\/\/unduhvideoig.app\/wp-content\/uploads\/2025\/07\/top_index.webp\" alt=\"Indexul principal\" class=\"wp-image-479\" srcset=\"https:\/\/unduhvideoig.app\/wp-content\/uploads\/2025\/07\/top_index.webp 720w, https:\/\/unduhvideoig.app\/wp-content\/uploads\/2025\/07\/top_index-300x225.webp 300w\" sizes=\"auto, (max-width: 720px) 100vw, 720px\" \/><\/figure>\n<\/div>\n\n\n\n<div class=\"wp-block-column is-layout-flow wp-block-column-is-layout-flow\" style=\"flex-basis:66.66%\">\n<h2 class=\"wp-block-heading\">Descarc\u0103 videoclipuri Instagram<\/h2>\n\n\n\n<p>Vrei s\u0103 salvezi videoclipuri video de pe Instagram pentru vizionare offline? Cu UnduhVideoIg, po\u021bi desc\u0103rca online videoclipuri video de pe Instagram \u00een doar c\u00e2teva clicuri \u2014 gratuit, rapid \u0219i f\u0103r\u0103 filigrane. Fie c\u0103 este vorba de un videoclip viral, un tutorial sau un moment personal, p\u0103streaz\u0103-l pe dispozitivul t\u0103u pentru totdeauna cu UnduhVideoIg.<\/p>\n<\/div>\n<\/div>\n\n\n\n<h2 class=\"wp-block-heading has-text-align-center\">Cum s\u0103 descarci videoclipuri de pe Instagram?<\/h2>\n\n\n\n<hr class=\"wp-block-separator has-alpha-channel-opacity has-fabled-sunset-gradient-background has-background is-style-wide\"\/>\n\n\n\n<p>Urma\u021bi ace\u0219ti trei pa\u0219i simpli pentru a desc\u0103rca rapid \u0219i f\u0103r\u0103 efort orice aplica\u021bie Instagram video pe dispozitivul dvs.:<\/p>\n\n\n\n<div class=\"wp-block-columns is-layout-flex wp-container-core-columns-is-layout-28f84493 wp-block-columns-is-layout-flex\">\n<div class=\"wp-block-column is-layout-flow wp-block-column-is-layout-flow\" style=\"box-shadow:var(--wp--preset--shadow--natural)\">\n<figure class=\"wp-block-image size-full has-custom-border\"><img loading=\"lazy\" decoding=\"async\" width=\"650\" height=\"413\" src=\"https:\/\/unduhvideoig.app\/wp-content\/uploads\/2025\/07\/copy.webp\" alt=\"Copie\" class=\"wp-image-496\" style=\"border-radius:10px\" srcset=\"https:\/\/unduhvideoig.app\/wp-content\/uploads\/2025\/07\/copy.webp 650w, https:\/\/unduhvideoig.app\/wp-content\/uploads\/2025\/07\/copy-300x191.webp 300w\" sizes=\"auto, (max-width: 650px) 100vw, 650px\" \/><\/figure>\n\n\n\n<h3 class=\"wp-block-heading has-text-align-center\">Copia\u021bi linkul<\/h3>\n\n\n\n<hr class=\"wp-block-separator has-alpha-channel-opacity is-style-wide\"\/>\n\n\n\n<p>\u00cen aplica\u021bia sau site-ul web Instagram, g\u0103si\u021bi video-ul dorit. Atinge\u021bi butonul <strong>\u22ef<\/strong> (iPhone) sau <strong>\u22ee<\/strong> (Android) \u0219i selecta\u021bi \u201eCopiere link\u201d.<br><\/p>\n<\/div>\n\n\n\n<div class=\"wp-block-column is-layout-flow wp-block-column-is-layout-flow\" style=\"box-shadow:var(--wp--preset--shadow--natural)\">\n<figure class=\"wp-block-image size-full has-custom-border\"><img loading=\"lazy\" decoding=\"async\" width=\"650\" height=\"413\" src=\"https:\/\/unduhvideoig.app\/wp-content\/uploads\/2025\/07\/paste.webp\" alt=\"Past\u0103\" class=\"wp-image-497\" style=\"border-radius:10px\" srcset=\"https:\/\/unduhvideoig.app\/wp-content\/uploads\/2025\/07\/paste.webp 650w, https:\/\/unduhvideoig.app\/wp-content\/uploads\/2025\/07\/paste-300x191.webp 300w\" sizes=\"auto, (max-width: 650px) 100vw, 650px\" \/><\/figure>\n\n\n\n<h3 class=\"wp-block-heading has-text-align-center\">Lipi\u021bi adresa URL<\/h3>\n\n\n\n<hr class=\"wp-block-separator has-alpha-channel-opacity is-style-wide\"\/>\n\n\n\n<p>Reveni\u021bi la aceast\u0103 pagin\u0103 dup\u0103 ce copia\u021bi linkul, apoi lipi\u021bi linkul \u00een caseta de introducere a datelor \u0219i face\u021bi clic pe butonul Desc\u0103rcare.<\/p>\n<\/div>\n\n\n\n<div class=\"wp-block-column is-layout-flow wp-block-column-is-layout-flow\" style=\"box-shadow:var(--wp--preset--shadow--natural)\">\n<figure class=\"wp-block-image size-full has-custom-border\"><img loading=\"lazy\" decoding=\"async\" width=\"650\" height=\"413\" src=\"https:\/\/unduhvideoig.app\/wp-content\/uploads\/2025\/07\/download.webp\" alt=\"Desc\u0103rcare\" class=\"wp-image-498\" style=\"border-radius:10px\" srcset=\"https:\/\/unduhvideoig.app\/wp-content\/uploads\/2025\/07\/download.webp 650w, https:\/\/unduhvideoig.app\/wp-content\/uploads\/2025\/07\/download-300x191.webp 300w\" sizes=\"auto, (max-width: 650px) 100vw, 650px\" \/><\/figure>\n\n\n\n<h3 class=\"wp-block-heading has-text-align-center\">Desc\u0103rcare<\/h3>\n\n\n\n<hr class=\"wp-block-separator has-alpha-channel-opacity is-style-wide\"\/>\n\n\n\n<p>Dup\u0103 c\u00e2teva secunde de ap\u0103sare a butonului Desc\u0103rcare, ve\u021bi vedea op\u021biunile de desc\u0103rcare pentru fi\u0219ierul video. Face\u021bi clic pe buton pentru a salva fi\u0219ierul video pe telefon sau PC \u2014 iPhone (folderul Desc\u0103rc\u0103ri) sau galeria de desc\u0103rc\u0103ri Android).<\/p>\n<\/div>\n<\/div>\n\n\n\n<h2 class=\"wp-block-heading has-text-align-center\">Instrumentul nostru de desc\u0103rcare UnduhVideoIg.App<\/h2>\n\n\n\n<hr class=\"wp-block-separator has-alpha-channel-opacity has-fabled-sunset-gradient-background has-background is-style-wide\"\/>\n\n\n\n<div class=\"wp-block-columns is-layout-flex wp-container-core-columns-is-layout-28f84493 wp-block-columns-is-layout-flex\" style=\"box-shadow:var(--wp--preset--shadow--natural)\">\n<div class=\"wp-block-column is-layout-flow wp-block-column-is-layout-flow\" style=\"flex-basis:66.66%\">\n<h3 class=\"wp-block-heading\">Salva\u021bi videoclipurile \u00een mod responsabil<\/h3>\n\n\n\n<p>Re\u021bine\u021bi c\u0103 instrumentul nostru de desc\u0103rcare Instagram video este destinat desc\u0103rc\u0103rii de con\u021binut exclusiv din conturi publice. Respect\u0103m confiden\u021bialitatea tuturor utilizatorilor - desc\u0103rcarea fi\u0219ierelor video din profiluri private nu este acceptat\u0103. Respecta\u021bi \u00eentotdeauna termenii \u0219i condi\u021biile \u0219i utiliza\u021bi con\u021binutul \u00een mod responsabil atunci c\u00e2nd desc\u0103rca\u021bi fi\u0219ierul video de pe Instagram.<\/p>\n<\/div>\n\n\n\n<div class=\"wp-block-column is-layout-flow wp-block-column-is-layout-flow\" style=\"flex-basis:33.33%\">\n<figure class=\"wp-block-image size-full\"><img loading=\"lazy\" decoding=\"async\" width=\"600\" height=\"450\" src=\"https:\/\/unduhvideoig.app\/wp-content\/uploads\/2025\/07\/save_video.webp\" alt=\"Salva\u021bi video\" class=\"wp-image-483\" srcset=\"https:\/\/unduhvideoig.app\/wp-content\/uploads\/2025\/07\/save_video.webp 600w, https:\/\/unduhvideoig.app\/wp-content\/uploads\/2025\/07\/save_video-300x225.webp 300w\" sizes=\"auto, (max-width: 600px) 100vw, 600px\" \/><\/figure>\n<\/div>\n<\/div>\n\n\n\n<div class=\"wp-block-columns is-layout-flex wp-container-core-columns-is-layout-28f84493 wp-block-columns-is-layout-flex\" style=\"box-shadow:var(--wp--preset--shadow--natural)\">\n<div class=\"wp-block-column is-layout-flow wp-block-column-is-layout-flow\" style=\"flex-basis:33.33%\">\n<figure class=\"wp-block-image size-full\"><img loading=\"lazy\" decoding=\"async\" width=\"600\" height=\"450\" src=\"https:\/\/unduhvideoig.app\/wp-content\/uploads\/2025\/07\/video_downloader.webp\" alt=\"Desc\u0103rc\u0103tor video\" class=\"wp-image-470\" srcset=\"https:\/\/unduhvideoig.app\/wp-content\/uploads\/2025\/07\/video_downloader.webp 600w, https:\/\/unduhvideoig.app\/wp-content\/uploads\/2025\/07\/video_downloader-300x225.webp 300w\" sizes=\"auto, (max-width: 600px) 100vw, 600px\" \/><\/figure>\n<\/div>\n\n\n\n<div class=\"wp-block-column is-layout-flow wp-block-column-is-layout-flow\" style=\"flex-basis:66.66%\">\n<h3 class=\"wp-block-heading\">Desc\u0103rc\u0103tor video<\/h3>\n\n\n\n<p>Po\u021bi desc\u0103rca cu u\u0219urin\u021b\u0103 Instagram videos online, pur \u0219i simplu lipind linkul video \u00een c\u00e2mpul de introducere a datelor de mai sus. Nu este nevoie s\u0103 te \u00eenregistrezi, s\u0103 descarci nimic sau s\u0103-\u021bi creezi un cont. Serviciul nostru Instagram video Downloader este complet gratuit, accesibil oric\u00e2nd \u0219i func\u021bioneaz\u0103 direct din browserul t\u0103u.<\/p>\n<\/div>\n<\/div>\n\n\n\n<div class=\"wp-block-columns is-layout-flex wp-container-core-columns-is-layout-28f84493 wp-block-columns-is-layout-flex\" style=\"box-shadow:var(--wp--preset--shadow--natural)\">\n<div class=\"wp-block-column is-layout-flow wp-block-column-is-layout-flow\" style=\"flex-basis:66.66%\">\n<h3 class=\"wp-block-heading\">Desc\u0103rca\u021bi pe mobil sau desktop \u2014 Nu este nevoie de aplica\u021bie<\/h3>\n\n\n\n<p>Totul func\u021bioneaz\u0103 direct din browserul t\u0103u \u2014 nu sunt necesare desc\u0103rc\u0103ri sau extensii. Descarc\u0103 orice fotografii, videos, reels, IGTV cu un singur clic, f\u0103r\u0103 filigrane, la rezolu\u021bie \u00eenalt\u0103! Dar dac\u0103 e\u0219ti un utilizator avansat, r\u0103m\u00e2ne\u021bi pe faz\u0103 \u2014 lucr\u0103m la o extensie de browser pentru un acces \u0219i mai u\u0219or.<\/p>\n<\/div>\n\n\n\n<div class=\"wp-block-column is-layout-flow wp-block-column-is-layout-flow\" style=\"flex-basis:33.33%\">\n<figure class=\"wp-block-image size-full\"><img loading=\"lazy\" decoding=\"async\" width=\"600\" height=\"450\" src=\"https:\/\/unduhvideoig.app\/wp-content\/uploads\/2025\/07\/mobile_app.webp\" alt=\"Aplica\u021bie mobil\u0103\" class=\"wp-image-477\" srcset=\"https:\/\/unduhvideoig.app\/wp-content\/uploads\/2025\/07\/mobile_app.webp 600w, https:\/\/unduhvideoig.app\/wp-content\/uploads\/2025\/07\/mobile_app-300x225.webp 300w\" sizes=\"auto, (max-width: 600px) 100vw, 600px\" \/><\/figure>\n<\/div>\n<\/div>\n\n\n\n<h2 class=\"wp-block-heading has-text-align-center\">\u00centreb\u0103ri frecvente (FAQ)<\/h2>\n\n\n\n<hr class=\"wp-block-separator has-alpha-channel-opacity has-fabled-sunset-gradient-background has-background is-style-wide\"\/>\n\n\n\n<p>Ave\u021bi \u00eentreb\u0103ri despre desc\u0103rcarea Instagram videos cu ajutorul programului de desc\u0103rcare UnduhVideoIg? Mai jos g\u0103si\u021bi r\u0103spunsuri rapide la cele mai frecvente \u00eentreb\u0103ri ale utilizatorilor - de la dispozitivele compatibile la limitele de utilizare. Dac\u0103 ave\u021bi nevoie de mai mult ajutor, nu ezita\u021bi s\u0103 ne contacta\u021bi prin intermediul paginii noastre de contact.<\/p>\n\n\n\n<h3 class=\"wp-block-heading\">Exist\u0103 o limit\u0103 de fi\u0219iere video pe care le pot desc\u0103rca?<\/h3>\n\n\n\n<p>Nu, nu exist\u0103 niciuna atunci c\u00e2nd folose\u0219ti programul de desc\u0103rcare video de pe UnduhVideoIg.App! Descarc\u0103 oric\u00e2te videoclipuri video de pe Instagram dore\u0219ti \u2014 complet gratuit.<\/p>\n\n\n\n<h3 class=\"wp-block-heading\">Am nevoie de o aplica\u021bie sau o extensie pentru acest Downloader?<\/h3>\n\n\n\n<p>Deloc. Totul func\u021bioneaz\u0103 perfect \u00een browserul t\u0103u \u2014 nu este nevoie de nicio instalare insta pentru acest program de desc\u0103rcare video.<\/p>\n\n\n\n<h3 class=\"wp-block-heading\">Pot folosi asta pe telefon sau tablet\u0103?<\/h3>\n\n\n\n<p>Da! Instrumentul nostru de desc\u0103rcare este complet responsiv \u0219i func\u021bioneaz\u0103 pe iPhone, Android, iPad, Windows, macOS \u0219i Linux.<\/p>\n\n\n\n<h3 class=\"wp-block-heading\">Este gratuit acest serviciu de desc\u0103rcare video Instagram de la UnduhVideoIg.App?<\/h3>\n\n\n\n<p>Da \u2014 acest program de desc\u0103rcare video pentru Instagram este complet gratuit, f\u0103r\u0103 costuri ascunse.<\/p>\n\n\n\n<h3 class=\"wp-block-heading\">Ce este un program de desc\u0103rcare video pentru Instagram?<\/h3>\n\n\n\n<p>Instagram nu ofer\u0103 o op\u021biune \u00eencorporat\u0103 pentru a desc\u0103rca videoclipuri video direct de pe platform\u0103. De aceea, am creat un instrument online gratuit \u0219i u\u0219or de utilizat, care v\u0103 permite s\u0103 salva\u021bi videoclipurile video preferate de pe Instagram pentru vizionare offline. Nu este necesar niciun cont, abonament sau \u00eenregistrare \u00een aplica\u021bie - trebuie doar s\u0103 copia\u021bi linkul video, s\u0103 deschide\u021bi site-ul web de desc\u0103rcare UnduhVideoIg video, s\u0103 \u00eel lipi\u021bi \u00een c\u00e2mpul de mai sus \u0219i s\u0103 face\u021bi clic pe Desc\u0103rcare. Este at\u00e2t de simplu.<\/p>","protected":false},"excerpt":{"rendered":"<p>Instagram Video Downloader Download Videos from Instagram Download With the usage of our service, you\u2019re accepting our Terms of Usage. Download Instagram Videos Want to save videos from Instagram for offline viewing? With UnduhVideoIg, you can download Instagram videos online in just a few clicks \u2014 free, fast, and without watermarks. Whether it&#8217;s a viral [&hellip;]<\/p>\n","protected":false},"author":1,"featured_media":0,"parent":0,"menu_order":0,"comment_status":"closed","ping_status":"closed","template":"","meta":{"slim_seo":{"title":"Desc\u0103rcare video Instagram \u2013 Desc\u0103rc\u0103tor video Instagram","description":"Descarc\u0103 gratuit IG videos f\u0103r\u0103 filigrane \u00een calitate HD. Salveaz\u0103-\u021bi videos-urile preferate de Instagram rapid, u\u0219or \u0219i f\u0103r\u0103 a fi nevoie de aplica\u021bii suplimentare!"},"footnotes":""},"class_list":["post-246","page","type-page","status-publish","hentry"],"blocksy_meta":{"background":{"background_type":"color","background_pattern":"type-1","background_image":{"attachment_id":null,"x":0,"y":0},"gradient":"linear-gradient(135deg,rgba(6,147,227,1) 0%,rgb(155,81,224) 100%)","background_repeat":"repeat","background_size":"auto","background_attachment":"scroll","patternColor":{"default":{"color":"#e5e7ea"}},"overlayColor":{"default":{"color":"CT_CSS_SKIP_RULE"}},"backgroundColor":{"default":{"color":"CT_CSS_SKIP_RULE"}}},"styles_descriptor":{"styles":{"desktop":"[data-prefix=\"single_page\"] [class*=\"ct-container\"] > article[class*=\"post\"] {--has-boxed:var(--false);--has-wide:var(--true);}","tablet":"","mobile":""},"google_fonts":[],"version":6},"content_style_source":"custom","content_style":"wide","has_hero_section":"disabled"},"_links":{"self":[{"href":"https:\/\/unduhvideoig.app\/ro\/wp-json\/wp\/v2\/pages\/246","targetHints":{"allow":["GET"]}}],"collection":[{"href":"https:\/\/unduhvideoig.app\/ro\/wp-json\/wp\/v2\/pages"}],"about":[{"href":"https:\/\/unduhvideoig.app\/ro\/wp-json\/wp\/v2\/types\/page"}],"author":[{"embeddable":true,"href":"https:\/\/unduhvideoig.app\/ro\/wp-json\/wp\/v2\/users\/1"}],"replies":[{"embeddable":true,"href":"https:\/\/unduhvideoig.app\/ro\/wp-json\/wp\/v2\/comments?post=246"}],"version-history":[{"count":33,"href":"https:\/\/unduhvideoig.app\/ro\/wp-json\/wp\/v2\/pages\/246\/revisions"}],"predecessor-version":[{"id":663,"href":"https:\/\/unduhvideoig.app\/ro\/wp-json\/wp\/v2\/pages\/246\/revisions\/663"}],"wp:attachment":[{"href":"https:\/\/unduhvideoig.app\/ro\/wp-json\/wp\/v2\/media?parent=246"}],"curies":[{"name":"wp","href":"https:\/\/api.w.org\/{rel}","templated":true}]}}