{"id":393,"date":"2025-07-09T15:05:57","date_gmt":"2025-07-09T08:05:57","guid":{"rendered":"https:\/\/unduhvideoig.app\/?page_id=393"},"modified":"2025-08-26T17:12:23","modified_gmt":"2025-08-26T10:12:23","slug":"faq","status":"publish","type":"page","link":"https:\/\/unduhvideoig.app\/pt_br\/faq\/","title":{"rendered":"FAQ \u2013 Perguntas frequentes"},"content":{"rendered":"<hr class=\"wp-block-separator has-alpha-channel-opacity has-fabled-sunset-gradient-background has-background is-style-wide\"\/>\n\n\n\n<p>Bem-vindo \u00e0 se\u00e7\u00e3o de perguntas frequentes do UnduhVideoIG.App \u2014 seu lugar ideal para encontrar respostas sobre como baixar fotos e videos do Instagram, Reels, Stories, IGTV e posts em carrossel. Abaixo, voc\u00ea encontrar\u00e1 respostas claras e detalhadas para as perguntas mais comuns dos usu\u00e1rios sobre o uso da nossa ferramenta gratuita para baixar fotos do Instagram.<\/p>\n\n\n\n<h3 class=\"wp-block-heading\">O que \u00e9 UnduhVideoIG.App e por que eu preciso dele?<\/h3>\n\n\n\n<p>UnduhVideoIG.App \u00e9 uma ferramenta online gratuita que permite baixar v\u00eddeos do Instagram \u2014 incluindo fotos, videos, reelss, stories, IGTV e posts em carrossel. Seja para salvar mem\u00f3rias, organizar conte\u00fado ou fazer backup das suas pr\u00f3prias postagens, nossa ferramenta oferece uma maneira r\u00e1pida e confi\u00e1vel de baixar videos e imagens para uso offline.<\/p>\n\n\n\n<h3 class=\"wp-block-heading\">Quais s\u00e3o as principais vantagens de usar o UnduhVideoIG?<\/h3>\n\n\n\n<ul class=\"wp-block-list\">\n<li>N\u00e3o \u00e9 necess\u00e1ria a instala\u00e7\u00e3o insta \u2014 100% baseado na web, funciona em qualquer navegador<\/li>\n\n\n\n<li>Baixe fotos, reels, videos e carross\u00e9is de contas p\u00fablicas do Instagram<\/li>\n\n\n\n<li>R\u00e1pido e leve \u2014 basta colar o link e clicar em Download<\/li>\n\n\n\n<li>Preserva a qualidade original \u2014 sem compress\u00e3o ou marcas d&#039;\u00e1gua<\/li>\n\n\n\n<li>Suporta todos os dispositivos e sistemas operacionais<\/li>\n\n\n\n<li>Seguro e privado \u2014 n\u00e3o rastreamos nem armazenamos nenhum download<\/li>\n<\/ul>\n\n\n\n<h3 class=\"wp-block-heading\">Onde os arquivos baixados s\u00e3o armazenados?<\/h3>\n\n\n\n<p>Os arquivos baixados s\u00e3o salvos na pasta Downloads padr\u00e3o do seu navegador.<br>Normalmente voc\u00ea pode encontr\u00e1-los por:<\/p>\n\n\n\n<ul class=\"wp-block-list\">\n<li>Pressionando Ctrl + J (Windows) ou Command + J (Mac)<\/li>\n\n\n\n<li>Verificando a se\u00e7\u00e3o de downloads do seu navegador<\/li>\n\n\n\n<li>No celular, os arquivos geralmente aparecem em Downloads ou Galeria do seu telefone<\/li>\n<\/ul>\n\n\n\n<h3 class=\"wp-block-heading\">Qual \u00e9 a qualidade do conte\u00fado que baixo?<\/h3>\n\n\n\n<p>Todas as m\u00eddias baixadas usando o UnduhVideoIG.App mant\u00eam a mesma qualidade do upload original do Instagram. Seja uma foto ou um video, voc\u00ea receber\u00e1 na melhor resolu\u00e7\u00e3o dispon\u00edvel (por exemplo, JPG, MP4, AVI, MOV, etc.).<\/p>\n\n\n\n<h3 class=\"wp-block-heading\">Posso baixar postagens privadas do Instagram?<\/h3>\n\n\n\n<p>N\u00e3o \u2014 apenas permitimos o download de conte\u00fado p\u00fablico do Instagram para respeitar a privacidade dos usu\u00e1rios. Se uma publica\u00e7\u00e3o for privada, ela n\u00e3o poder\u00e1 ser acessada ou baixada por meio da nossa ferramenta.<\/p>\n\n\n\n<blockquote class=\"wp-block-quote is-layout-flow wp-block-quote-is-layout-flow\">\n<p>Se voc\u00ea estiver baixando o conte\u00fado de outra pessoa, use-o apenas para uso pessoal e d\u00ea cr\u00e9dito ao criador original se planeja compartilh\u00e1-lo.<\/p>\n<\/blockquote>\n\n\n\n<h3 class=\"wp-block-heading\">Quais sistemas operacionais e navegadores s\u00e3o suportados?<\/h3>\n\n\n\n<p>Nosso downloader funciona em todos os dispositivos e navegadores modernos, incluindo:<\/p>\n\n\n\n<ul class=\"wp-block-list\">\n<li>Sistemas operacionais: iOS, Android, Windows, macOS, Linux<\/li>\n\n\n\n<li>Navegadores: Chrome, Safari, Firefox, Edge, Opera<\/li>\n<\/ul>\n\n\n\n<p>Voc\u00ea s\u00f3 precisa de um navegador e conex\u00e3o com a internet \u2014 n\u00e3o \u00e9 necess\u00e1rio aplicativo ou extens\u00e3o.<\/p>\n\n\n\n<h3 class=\"wp-block-heading\">Posso baixar v\u00e1rios videos de uma vez?<\/h3>\n\n\n\n<p>Atualmente, nossa ferramenta permite baixar um video por vez.<br>Para economizar tempo, recomendamos:<\/p>\n\n\n\n<ul class=\"wp-block-list\">\n<li>Manter uma lista de links do Instagram em um documento<\/li>\n\n\n\n<li>Colando-os um por um para salvar em lote manualmente<\/li>\n<\/ul>\n\n\n\n<p>Dessa forma, voc\u00ea n\u00e3o perder\u00e1 nenhum conte\u00fado que queira baixar.<\/p>\n\n\n\n<h3 class=\"wp-block-heading\">Que tipos de dispositivos posso usar?<\/h3>\n\n\n\n<p>Voc\u00ea pode usar qualquer dispositivo com um navegador da web, incluindo:<\/p>\n\n\n\n<ul class=\"wp-block-list\">\n<li>Desktop ou laptop (Windows, Mac)<\/li>\n\n\n\n<li>Smartphones (iPhone, Android)<\/li>\n\n\n\n<li>Tablets (iPad, tablets Android)<\/li>\n<\/ul>\n\n\n\n<p>O UnduhVideoIG \u00e9 totalmente responsivo a dispositivos m\u00f3veis e n\u00e3o requer instala\u00e7\u00e3o ou login.<\/p>\n\n\n\n<h3 class=\"wp-block-heading\">A qualidade do video permanecer\u00e1 a mesma?<\/h3>\n\n\n\n<p>Sim! Cada video que voc\u00ea baixar usando nossa ferramenta ser\u00e1 salvo no mesmo formato e resolu\u00e7\u00e3o com os quais foi carregado no Instagram. N\u00e3o alteramos nem compactamos o conte\u00fado. Seus downloads manter\u00e3o a qualidade original \u2014 seja em 720p, 1080p ou outros formatos HD.<\/p>\n\n\n\n<h3 class=\"wp-block-heading\">Nota aos detentores de direitos autorais<\/h3>\n\n\n\n<p>N\u00e3o hospedamos nem armazenamos nenhum conte\u00fado do Instagram em nossos servidores. Todos os downloads s\u00e3o processados diretamente dos servidores p\u00fablicos do Instagram. Se voc\u00ea acredita que seu conte\u00fado foi usado ou baixado indevidamente, entre em contato diretamente com o Instagram em instagram.com para obter assist\u00eancia.<\/p>\n\n\n\n<h3 class=\"wp-block-heading\">Dica para uma melhor experi\u00eancia<\/h3>\n\n\n\n<p>Adicione o UnduhVideoIG.App aos seus favoritos para acesso r\u00e1pido sempre que quiser baixar do Instagram. \u00c9 a maneira mais conveniente de salvar conte\u00fado do Instagram sem bagun\u00e7a, logins ou limita\u00e7\u00f5es.<\/p>","protected":false},"excerpt":{"rendered":"<p>Welcome to the FAQ section of UnduhVideoIG.App \u2014 your go-to place for answers about download Instagram photos and videos, Reels, Stories, IGTV, and carousel posts. Below you&#8217;ll find clear, detailed answers to the most common questions users ask about using our free Instagram downloader tool. What is UnduhVideoIG.App and why would I need it? UnduhVideoIG.App [&hellip;]<\/p>\n","protected":false},"author":1,"featured_media":0,"parent":0,"menu_order":0,"comment_status":"closed","ping_status":"closed","template":"","meta":{"slim_seo":{"title":"FAQ \u2013 Perguntas Frequentes - UnduhVideoIg.App","description":"Encontre respostas para suas perguntas sobre o UnduhVideoIG. Aprenda a baixar videos, fotos, Reels, Stories e IGTV do Instagram de forma f\u00e1cil, r\u00e1pida e gratuita!"},"footnotes":""},"class_list":["post-393","page","type-page","status-publish","hentry"],"blocksy_meta":[],"_links":{"self":[{"href":"https:\/\/unduhvideoig.app\/pt_br\/wp-json\/wp\/v2\/pages\/393","targetHints":{"allow":["GET"]}}],"collection":[{"href":"https:\/\/unduhvideoig.app\/pt_br\/wp-json\/wp\/v2\/pages"}],"about":[{"href":"https:\/\/unduhvideoig.app\/pt_br\/wp-json\/wp\/v2\/types\/page"}],"author":[{"embeddable":true,"href":"https:\/\/unduhvideoig.app\/pt_br\/wp-json\/wp\/v2\/users\/1"}],"replies":[{"embeddable":true,"href":"https:\/\/unduhvideoig.app\/pt_br\/wp-json\/wp\/v2\/comments?post=393"}],"version-history":[{"count":10,"href":"https:\/\/unduhvideoig.app\/pt_br\/wp-json\/wp\/v2\/pages\/393\/revisions"}],"predecessor-version":[{"id":646,"href":"https:\/\/unduhvideoig.app\/pt_br\/wp-json\/wp\/v2\/pages\/393\/revisions\/646"}],"wp:attachment":[{"href":"https:\/\/unduhvideoig.app\/pt_br\/wp-json\/wp\/v2\/media?parent=393"}],"curies":[{"name":"wp","href":"https:\/\/api.w.org\/{rel}","templated":true}]}}