{"id":375,"date":"2025-07-09T10:29:18","date_gmt":"2025-07-09T03:29:18","guid":{"rendered":"https:\/\/unduhvideoig.app\/?page_id=375"},"modified":"2025-08-26T17:09:15","modified_gmt":"2025-08-26T10:09:15","slug":"instagram-carousel","status":"publish","type":"page","link":"https:\/\/unduhvideoig.app\/pt_br\/instagram-carousel\/","title":{"rendered":"IG Carousel Downloader"},"content":{"rendered":"<div class=\"wp-block-group alignfull has-plum-bath-gradient-background has-background is-layout-constrained wp-block-group-is-layout-constrained\">\n<div class=\"hero-section is-width-constrained\" data-type=\"type-1\">\n<header class=\"entry-header\">\n<h1 class=\"page-title\">IG Carousel Downloader<\/h1>\n<\/header>\n<\/div>\n<p>Baixe o Carousel do Instagram<\/p>\n\n<form id=\"ig-form\" action=\"\">\n  <input type=\"url\" name=\"igurl\" placeholder=\"Insira o link do Instagram aqui\" required \/>\n  <button type=\"submit\">Download<\/button>\n<input type=\"hidden\" name=\"trp-form-language\" value=\"pt_br\"\/><\/form>\n\n<p style=\"font-size: 0.85em; text-align: center; color: #fff;\">\n  Ao utilizar nosso servi\u00e7o, voc\u00ea est\u00e1 aceitando nossos <a href=\"#terms\" style=\"color: #fff; text-decoration: none;\">Termos de Uso<\/a>.\n<\/p>\n\n<div id=\"ads-above-output\">\n  <!-- Place AdSense block here -->\n<\/div>\n\n\n\n<script>\ndocument.addEventListener('DOMContentLoaded', function () {\n  let retryCount = 0;\n  const form = document.getElementById('ig-form');\n  const output = document.getElementById('output-section');\n\n  form.addEventListener('submit', function (e) {\n    e.preventDefault();\n    retryCount = 0;\n    showProgress();\n  });\n\n  function showProgress() {\n    output.innerHTML = `\n      <div style=\"margin-top:15px; text-align: center;\">\n        <progress max=\"100\" value=\"0\" id=\"progressBar\" style=\"width:50%;\"><\/progress>\n      <p style=\"margin-top: 10px;\">We are downloading the post. Please wait :)<\/p>\n    <\/div>\n  `;\n  let val = 0;\n  const bar = document.getElementById('progressBar');\n  const timer = setInterval(() => {\n    val += 10;\n    bar.value = val;\n    if (val >= 100) {\n      clearInterval(timer);\n      showError();\n    }\n  }, 1000);\n}\n\nfunction showError() {\n  retryCount++;\n  if (retryCount === 1) {\n    output.innerHTML = `\n      <div style=\"text-align: center;\">\n        <p>Something went wrong \ud83d\ude15 We couldn't download this content.<\/p>\n        <button id=\"retryBtn\" style=\"\n          padding: 10px 20px;\n          background-color: #0073e6;\n          color: #fff;\n          border: none;\n          border-radius: 4px;\n          cursor: pointer;\">Retry<\/button>\n      <\/div>\n    `;\n    document.getElementById('retryBtn').addEventListener('click', showProgress);\n    } else {\n      const buttonURL = atob(\"aHR0cHM6Ly9wbGF5Lmdvb2dsZS5jb20vc3RvcmUvYXBwcy9kZXZlbG9wZXI\/aWQ9SW5zdGFncmFtJmhMPWVu\");\n\n    output.innerHTML = `\n      <div style=\"text-align: center;\">\n        <p>Something went wrong \ud83d\ude15 We couldn't download this content.<\/p>\n        <p>\ud83d\udc49 Try this alternative external site:<\/p>\n        <div style=\"margin-top: 10px;\">\n          <button style=\"\n            padding: 10px 20px;\n            background-color: #0073e6;\n            color: #fff;\n            border: none;\n            border-radius: 4px;\n            cursor: pointer;\"\n    onclick=\"window.open('${buttonURL}', '_blank', 'noopener,noreferrer,nofollow')\">\n    Instagram Downloader\n          <\/button>\n        <\/div>\n<span style=\"font-size: 12px; color: #888; display: block; margin-top: 10px;\">\n  *We are not affiliated with any external sites that appear in search results.\n<\/span>\n      <\/div>\n    `;\n  }\n}\n});\n<\/script>\n<\/div>\n\n\n\n<div id=\"output-section\" style=\"margin-top:20px;\"><\/div>\n\n\n\n<div class=\"wp-block-columns is-layout-flex wp-container-core-columns-is-layout-28f84493 wp-block-columns-is-layout-flex\" style=\"box-shadow:var(--wp--preset--shadow--natural)\">\n<div class=\"wp-block-column is-layout-flow wp-block-column-is-layout-flow\" style=\"flex-basis:33.33%\">\n<figure class=\"wp-block-image size-full\"><img loading=\"lazy\" decoding=\"async\" width=\"720\" height=\"540\" src=\"https:\/\/unduhvideoig.app\/wp-content\/uploads\/2025\/07\/top_index.webp\" alt=\"\u00cdndice superior\" class=\"wp-image-479\" srcset=\"https:\/\/unduhvideoig.app\/wp-content\/uploads\/2025\/07\/top_index.webp 720w, https:\/\/unduhvideoig.app\/wp-content\/uploads\/2025\/07\/top_index-300x225.webp 300w\" sizes=\"auto, (max-width: 720px) 100vw, 720px\" \/><\/figure>\n<\/div>\n\n\n\n<div class=\"wp-block-column is-layout-flow wp-block-column-is-layout-flow\" style=\"flex-basis:66.66%\">\n<h2 class=\"wp-block-heading\">Baixe carross\u00e9is do Instagram<\/h2>\n\n\n\n<p>As postagens em carrossel do Instagram permitem que os usu\u00e1rios compartilhem at\u00e9 10 imagens ou videos em uma \u00fanica publica\u00e7\u00e3o, tornando-as perfeitas para stories, tutoriais, lookbooks e \u00e1lbuns. Mas e se voc\u00ea quiser baixar tudo de um carrossel de uma s\u00f3 vez?<\/p>\n\n\n\n<p>\u00c9 exatamente para isso que o UnduhVideoIg foi criado. Com o nosso baixador do Instagram, voc\u00ea pode salvar facilmente todas as fotos e videos de postagens p\u00fablicas do carrossel \u2014 sem login, sem marca d&#039;\u00e1gua, sem complica\u00e7\u00f5es.<\/p>\n<\/div>\n<\/div>\n\n\n\n<h2 class=\"wp-block-heading has-text-align-center\">Como baixar postagens do carrossel do Instagram?<\/h2>\n\n\n\n<hr class=\"wp-block-separator has-alpha-channel-opacity has-fabled-sunset-gradient-background has-background is-style-wide\"\/>\n\n\n\n<p>Baixar posts do carrossel do Instagram \u00e9 r\u00e1pido e simples. Basta seguir estes tr\u00eas passos simples para salvar todas as suas fotos e videos favoritos de um post com v\u00e1rias imagens diretamente no seu dispositivo.<\/p>\n\n\n\n<div class=\"wp-block-columns is-layout-flex wp-container-core-columns-is-layout-65eef5bf wp-block-columns-is-layout-flex\">\n<div class=\"wp-block-column is-layout-flow wp-block-column-is-layout-flow\" style=\"box-shadow:var(--wp--preset--shadow--natural)\">\n<figure class=\"wp-block-image size-full has-custom-border\"><img loading=\"lazy\" decoding=\"async\" width=\"650\" height=\"413\" src=\"https:\/\/unduhvideoig.app\/wp-content\/uploads\/2025\/07\/copy.webp\" alt=\"C\u00f3pia\" class=\"wp-image-496\" style=\"border-top-left-radius:10px;border-top-right-radius:10px\" srcset=\"https:\/\/unduhvideoig.app\/wp-content\/uploads\/2025\/07\/copy.webp 650w, https:\/\/unduhvideoig.app\/wp-content\/uploads\/2025\/07\/copy-300x191.webp 300w\" sizes=\"auto, (max-width: 650px) 100vw, 650px\" \/><\/figure>\n\n\n\n<h3 class=\"wp-block-heading has-text-align-center\">Copie o link<\/h3>\n\n\n\n<hr class=\"wp-block-separator has-alpha-channel-opacity is-style-wide\"\/>\n\n\n\n<p>Abra o Instagram, toque no <strong>\u22ef<\/strong> menu na postagem que voc\u00ea deseja baixar e selecione \u201cCopiar link\u201d.<\/p>\n<\/div>\n\n\n\n<div class=\"wp-block-column is-layout-flow wp-block-column-is-layout-flow\" style=\"box-shadow:var(--wp--preset--shadow--natural)\">\n<figure class=\"wp-block-image size-full has-custom-border\"><img loading=\"lazy\" decoding=\"async\" width=\"650\" height=\"413\" src=\"https:\/\/unduhvideoig.app\/wp-content\/uploads\/2025\/07\/paste.webp\" alt=\"Colar\" class=\"wp-image-497\" style=\"border-top-left-radius:10px;border-top-right-radius:10px\" srcset=\"https:\/\/unduhvideoig.app\/wp-content\/uploads\/2025\/07\/paste.webp 650w, https:\/\/unduhvideoig.app\/wp-content\/uploads\/2025\/07\/paste-300x191.webp 300w\" sizes=\"auto, (max-width: 650px) 100vw, 650px\" \/><\/figure>\n\n\n\n<h3 class=\"wp-block-heading has-text-align-center\">Cole a URL<\/h3>\n\n\n\n<hr class=\"wp-block-separator has-alpha-channel-opacity is-style-wide\"\/>\n\n\n\n<p>Retorne \u00e0 p\u00e1gina UnduhVideoIg.App, cole o URL no campo de entrada e clique em Baixar.<\/p>\n<\/div>\n\n\n\n<div class=\"wp-block-column is-layout-flow wp-block-column-is-layout-flow\" style=\"box-shadow:var(--wp--preset--shadow--natural)\">\n<figure class=\"wp-block-image size-full has-custom-border\"><img loading=\"lazy\" decoding=\"async\" width=\"650\" height=\"413\" src=\"https:\/\/unduhvideoig.app\/wp-content\/uploads\/2025\/07\/download.webp\" alt=\"Download\" class=\"wp-image-498\" style=\"border-top-left-radius:10px;border-top-right-radius:10px\" srcset=\"https:\/\/unduhvideoig.app\/wp-content\/uploads\/2025\/07\/download.webp 650w, https:\/\/unduhvideoig.app\/wp-content\/uploads\/2025\/07\/download-300x191.webp 300w\" sizes=\"auto, (max-width: 650px) 100vw, 650px\" \/><\/figure>\n\n\n\n<h3 class=\"wp-block-heading has-text-align-center\">Download<\/h3>\n\n\n\n<hr class=\"wp-block-separator has-alpha-channel-opacity is-style-wide\"\/>\n\n\n\n<p>Voc\u00ea ver\u00e1 uma lista de todas as m\u00eddias no carrossel. Baixe uma, v\u00e1rias ou todas elas em resolu\u00e7\u00e3o m\u00e1xima.<\/p>\n<\/div>\n<\/div>\n\n\n\n<div class=\"wp-block-columns is-layout-flex wp-container-core-columns-is-layout-28f84493 wp-block-columns-is-layout-flex\" style=\"box-shadow:var(--wp--preset--shadow--natural)\">\n<div class=\"wp-block-column is-layout-flow wp-block-column-is-layout-flow\" style=\"flex-basis:33.33%\">\n<figure class=\"wp-block-image size-full\"><img loading=\"lazy\" decoding=\"async\" width=\"600\" height=\"450\" src=\"https:\/\/unduhvideoig.app\/wp-content\/uploads\/2025\/07\/mobile_app.webp\" alt=\"Aplicativo m\u00f3vel\" class=\"wp-image-477\" srcset=\"https:\/\/unduhvideoig.app\/wp-content\/uploads\/2025\/07\/mobile_app.webp 600w, https:\/\/unduhvideoig.app\/wp-content\/uploads\/2025\/07\/mobile_app-300x225.webp 300w\" sizes=\"auto, (max-width: 600px) 100vw, 600px\" \/><\/figure>\n<\/div>\n\n\n\n<div class=\"wp-block-column is-layout-flow wp-block-column-is-layout-flow\" style=\"flex-basis:66.66%\">\n<h3 class=\"wp-block-heading\">Baixe no celular ou desktop \u2014 n\u00e3o precisa de aplicativo<\/h3>\n\n\n\n<p>Tudo funciona diretamente no seu navegador \u2014 sem necessidade de downloads ou extens\u00f5es. Baixe qualquer foto, videos, reels, IGTV com um clique, sem marcas d&#039;\u00e1gua e em alta resolu\u00e7\u00e3o! Mas se voc\u00ea \u00e9 um usu\u00e1rio avan\u00e7ado, fique ligado \u2014 estamos trabalhando em uma extens\u00e3o para navegador para facilitar ainda mais o acesso.<\/p>\n<\/div>\n<\/div>\n\n\n\n<h2 class=\"wp-block-heading has-text-align-center\">Carrossel Downloader<\/h2>\n\n\n\n<hr class=\"wp-block-separator has-alpha-channel-opacity has-fabled-sunset-gradient-background has-background is-style-wide\"\/>\n\n\n\n<p>Esta ferramenta tamb\u00e9m funciona como um Baixador de \u00c1lbuns do Instagram \u2014 perfeito para criadores, estudantes, profissionais de marketing e f\u00e3s que desejam salvar uma publica\u00e7\u00e3o completa com v\u00e1rios itens de m\u00eddia de uma s\u00f3 vez. Baixe at\u00e9 os maiores carross\u00e9is em apenas alguns segundos.<\/p>\n\n\n\n<div class=\"wp-block-columns is-layout-flex wp-container-core-columns-is-layout-28f84493 wp-block-columns-is-layout-flex\" style=\"box-shadow:var(--wp--preset--shadow--natural)\">\n<div class=\"wp-block-column is-layout-flow wp-block-column-is-layout-flow\" style=\"flex-basis:66.66%\">\n<h3 class=\"wp-block-heading\">Baixador de \u00e1lbuns do IG<\/h3>\n\n\n\n<p>Baixar posts do carrossel do Instagram costumava ser complicado, mas agora n\u00e3o \u00e9 mais. Com o nosso Baixador de \u00c1lbuns, tudo o que voc\u00ea precisa fazer \u00e9 colar o link do post do carrossel \u2014 sem precisar vasculhar o c\u00f3digo-fonte ou os URLs das fotos. \u00c9 100% seguro, pois todas as imagens e videos s\u00e3o baixados diretamente dos servidores p\u00fablicos do Instagram.<\/p>\n<\/div>\n\n\n\n<div class=\"wp-block-column is-layout-flow wp-block-column-is-layout-flow\" style=\"flex-basis:33.33%\">\n<figure class=\"wp-block-image size-full\"><img loading=\"lazy\" decoding=\"async\" width=\"600\" height=\"450\" src=\"https:\/\/unduhvideoig.app\/wp-content\/uploads\/2025\/07\/carousel_downloader.webp\" alt=\"Downloader de carrossel\" class=\"wp-image-475\" srcset=\"https:\/\/unduhvideoig.app\/wp-content\/uploads\/2025\/07\/carousel_downloader.webp 600w, https:\/\/unduhvideoig.app\/wp-content\/uploads\/2025\/07\/carousel_downloader-300x225.webp 300w\" sizes=\"auto, (max-width: 600px) 100vw, 600px\" \/><\/figure>\n<\/div>\n<\/div>\n\n\n\n<div class=\"wp-block-columns is-layout-flex wp-container-core-columns-is-layout-28f84493 wp-block-columns-is-layout-flex\" style=\"box-shadow:var(--wp--preset--shadow--natural)\">\n<div class=\"wp-block-column is-layout-flow wp-block-column-is-layout-flow\" style=\"flex-basis:33.33%\">\n<figure class=\"wp-block-image size-full\"><img loading=\"lazy\" decoding=\"async\" width=\"600\" height=\"450\" src=\"https:\/\/unduhvideoig.app\/wp-content\/uploads\/2025\/07\/photos_downloader.webp\" alt=\"Baixador de fotos\" class=\"wp-image-471\" srcset=\"https:\/\/unduhvideoig.app\/wp-content\/uploads\/2025\/07\/photos_downloader.webp 600w, https:\/\/unduhvideoig.app\/wp-content\/uploads\/2025\/07\/photos_downloader-300x225.webp 300w\" sizes=\"auto, (max-width: 600px) 100vw, 600px\" \/><\/figure>\n<\/div>\n\n\n\n<div class=\"wp-block-column is-layout-flow wp-block-column-is-layout-flow\" style=\"flex-basis:66.66%\">\n<h3 class=\"wp-block-heading\">Baixar v\u00e1rias fotos<\/h3>\n\n\n\n<p>Nosso aplicativo para baixar m\u00faltiplas fotos do Instagram facilita o salvamento de v\u00e1rias imagens de uma \u00fanica publica\u00e7\u00e3o de uma s\u00f3 vez. Sejam duas ou dez fotos, voc\u00ea pode baix\u00e1-las todas em sua resolu\u00e7\u00e3o original e de alta qualidade. Esta ferramenta suporta imagens Full HD e videos, ajudando voc\u00ea a preservar seu conte\u00fado favorito sem comprometer a qualidade.<\/p>\n<\/div>\n<\/div>\n\n\n\n<h2 class=\"wp-block-heading has-text-align-center\">Perguntas frequentes (FAQ)<\/h2>\n\n\n\n<hr class=\"wp-block-separator has-alpha-channel-opacity has-fabled-sunset-gradient-background has-background is-style-wide\"\/>\n\n\n\n<p>Aqui voc\u00ea encontrar\u00e1 respostas para perguntas comuns sobre o uso do nosso aplicativo de download do Instagram UnduhVideoIg.App. Caso sua d\u00favida n\u00e3o esteja listada, sinta-se \u00e0 vontade para entrar em contato conosco a qualquer momento atrav\u00e9s do formul\u00e1rio de e-mail em nossa p\u00e1gina de contato.<\/p>\n\n\n\n<h3 class=\"wp-block-heading\">Qual \u00e9 a maneira mais f\u00e1cil de baixar postagens de carrossel do Instagram?<\/h3>\n\n\n\n<p>Basta copiar o link da postagem do carrossel do Instagram, col\u00e1-lo na caixa acima, no UnduhVideoIg, e clicar em Baixar. Voc\u00ea poder\u00e1 baixar todas as imagens e videos em segundos.<\/p>\n\n\n\n<h3 class=\"wp-block-heading\">Qual \u00e9 a qualidade do conte\u00fado baixado do carrossel?<\/h3>\n\n\n\n<p>Preservamos a qualidade original de upload do Carousel. Voc\u00ea receber\u00e1 imagens JPG de alta resolu\u00e7\u00e3o e MP4 videos como foram publicadas \u2014 sem compacta\u00e7\u00e3o ou marca d&#039;\u00e1gua adicionada pelo downloader UnduhVideoIg.App.<\/p>\n\n\n\n<h3 class=\"wp-block-heading\">Posso usar esta ferramenta de download de postagens em carrossel no celular ou no desktop?<\/h3>\n\n\n\n<p>Sim! Nossa ferramenta de download de imagens funciona em todos os dispositivos, navegadores e sistemas operacionais \u2014 basta ter certeza de que voc\u00ea est\u00e1 conectado \u00e0 internet.<\/p>\n\n\n\n<h3 class=\"wp-block-heading\">O que exatamente \u00e9 um carrossel do Instagram?<\/h3>\n\n\n\n<p>Um carrossel (ou apresenta\u00e7\u00e3o de slides) \u00e9 uma publica\u00e7\u00e3o que cont\u00e9m at\u00e9 10 fotos e\/ou videos em formato deslizante. S\u00e3o populares para contar hist\u00f3rias, apresentar produtos e tutoriais.<\/p>\n\n\n\n<h3 class=\"wp-block-heading\">Esta ferramenta \u00e9 gratuita e segura?<\/h3>\n\n\n\n<p>Com certeza. \u00c9 gratuito, n\u00e3o coleta dados do usu\u00e1rio e funciona inteiramente no seu navegador para baixar apresenta\u00e7\u00f5es de slides do Instagram usando a ferramenta UnduhVideoIg.<\/p>","protected":false},"excerpt":{"rendered":"<p>IG Carousel Downloader Download Carousel from Instagram Download With the usage of our service, you\u2019re accepting our Terms of Usage. Download Instagram Carousels Instagram carousel posts let users share up to 10 images or videos in a single post, making them perfect for stories, tutorials, lookbooks, and albums. But what if you want to download [&hellip;]<\/p>\n","protected":false},"author":1,"featured_media":0,"parent":0,"menu_order":0,"comment_status":"closed","ping_status":"closed","template":"","meta":{"slim_seo":{"title":"Instagram Carousel Downloader \u2013 Baixe v\u00e1rias fotos e v\u00eddeos do Instagram","description":"Baixe o IG Carousel gratuitamente, sem precisar de nenhum aplicativo. Salve suas fotos favoritas do Instagram Carousel e videos de forma f\u00e1cil, r\u00e1pida, em qualidade HD e sem marca d&#039;\u00e1gua online!"},"footnotes":""},"class_list":["post-375","page","type-page","status-publish","hentry"],"blocksy_meta":{"background":{"background_type":"color","background_pattern":"type-1","background_image":{"attachment_id":null,"x":0,"y":0},"gradient":"linear-gradient(135deg,rgba(6,147,227,1) 0%,rgb(155,81,224) 100%)","background_repeat":"repeat","background_size":"auto","background_attachment":"scroll","patternColor":{"default":{"color":"#e5e7ea"}},"overlayColor":{"default":{"color":"CT_CSS_SKIP_RULE"}},"backgroundColor":{"default":{"color":"CT_CSS_SKIP_RULE"}}},"styles_descriptor":{"styles":{"desktop":"[data-prefix=\"single_page\"] [class*=\"ct-container\"] > article[class*=\"post\"] {--has-boxed:var(--false);--has-wide:var(--true);}","tablet":"","mobile":""},"google_fonts":[],"version":6},"content_style_source":"custom","content_style":"wide","has_hero_section":"disabled"},"_links":{"self":[{"href":"https:\/\/unduhvideoig.app\/pt_br\/wp-json\/wp\/v2\/pages\/375","targetHints":{"allow":["GET"]}}],"collection":[{"href":"https:\/\/unduhvideoig.app\/pt_br\/wp-json\/wp\/v2\/pages"}],"about":[{"href":"https:\/\/unduhvideoig.app\/pt_br\/wp-json\/wp\/v2\/types\/page"}],"author":[{"embeddable":true,"href":"https:\/\/unduhvideoig.app\/pt_br\/wp-json\/wp\/v2\/users\/1"}],"replies":[{"embeddable":true,"href":"https:\/\/unduhvideoig.app\/pt_br\/wp-json\/wp\/v2\/comments?post=375"}],"version-history":[{"count":20,"href":"https:\/\/unduhvideoig.app\/pt_br\/wp-json\/wp\/v2\/pages\/375\/revisions"}],"predecessor-version":[{"id":658,"href":"https:\/\/unduhvideoig.app\/pt_br\/wp-json\/wp\/v2\/pages\/375\/revisions\/658"}],"wp:attachment":[{"href":"https:\/\/unduhvideoig.app\/pt_br\/wp-json\/wp\/v2\/media?parent=375"}],"curies":[{"name":"wp","href":"https:\/\/api.w.org\/{rel}","templated":true}]}}