{"id":284,"date":"2025-07-08T14:56:58","date_gmt":"2025-07-08T07:56:58","guid":{"rendered":"https:\/\/unduhvideoig.app\/?page_id=284"},"modified":"2025-08-26T17:01:23","modified_gmt":"2025-08-26T10:01:23","slug":"instagram-photo","status":"publish","type":"page","link":"https:\/\/unduhvideoig.app\/pt_br\/instagram-photo\/","title":{"rendered":"Baixador de fotos do Instagram"},"content":{"rendered":"<div class=\"wp-block-group alignfull has-plum-bath-gradient-background has-background is-layout-constrained wp-block-group-is-layout-constrained\">\n<div class=\"hero-section is-width-constrained\" data-type=\"type-1\">\n<header class=\"entry-header\">\n<h1 class=\"page-title\">Baixador de fotos do Instagram<\/h1>\n<\/header>\n<\/div>\n<p>Baixar fotos do Instagram<\/p>\n\n<form id=\"ig-form\" action=\"\">\n  <input type=\"url\" name=\"igurl\" placeholder=\"Insira o link do Instagram aqui\" required \/>\n  <button type=\"submit\">Download<\/button>\n<input type=\"hidden\" name=\"trp-form-language\" value=\"pt_br\"\/><\/form>\n\n<p style=\"font-size: 0.85em; text-align: center; color: #fff;\">\n  Ao utilizar nosso servi\u00e7o, voc\u00ea est\u00e1 aceitando nossos <a href=\"#terms\" style=\"color: #fff; text-decoration: none;\">Termos de Uso<\/a>.\n<\/p>\n\n<div id=\"ads-above-output\">\n  <!-- Place AdSense block here -->\n<\/div>\n\n\n\n<script>\ndocument.addEventListener('DOMContentLoaded', function () {\n  let retryCount = 0;\n  const form = document.getElementById('ig-form');\n  const output = document.getElementById('output-section');\n\n  form.addEventListener('submit', function (e) {\n    e.preventDefault();\n    retryCount = 0;\n    showProgress();\n  });\n\n  function showProgress() {\n    output.innerHTML = `\n      <div style=\"margin-top:15px; text-align: center;\">\n        <progress max=\"100\" value=\"0\" id=\"progressBar\" style=\"width:50%;\"><\/progress>\n      <p style=\"margin-top: 10px;\">We are downloading the post. Please wait :)<\/p>\n    <\/div>\n  `;\n  let val = 0;\n  const bar = document.getElementById('progressBar');\n  const timer = setInterval(() => {\n    val += 10;\n    bar.value = val;\n    if (val >= 100) {\n      clearInterval(timer);\n      showError();\n    }\n  }, 1000);\n}\n\nfunction showError() {\n  retryCount++;\n  if (retryCount === 1) {\n    output.innerHTML = `\n      <div style=\"text-align: center;\">\n        <p>Something went wrong \ud83d\ude15 We couldn't download this content.<\/p>\n        <button id=\"retryBtn\" style=\"\n          padding: 10px 20px;\n          background-color: #0073e6;\n          color: #fff;\n          border: none;\n          border-radius: 4px;\n          cursor: pointer;\">Retry<\/button>\n      <\/div>\n    `;\n    document.getElementById('retryBtn').addEventListener('click', showProgress);\n    } else {\n      const buttonURL = atob(\"aHR0cHM6Ly9wbGF5Lmdvb2dsZS5jb20vc3RvcmUvYXBwcy9kZXZlbG9wZXI\/aWQ9SW5zdGFncmFtJmhMPWVu\");\n\n    output.innerHTML = `\n      <div style=\"text-align: center;\">\n        <p>Something went wrong \ud83d\ude15 We couldn't download this content.<\/p>\n        <p>\ud83d\udc49 Try this alternative external site:<\/p>\n        <div style=\"margin-top: 10px;\">\n          <button style=\"\n            padding: 10px 20px;\n            background-color: #0073e6;\n            color: #fff;\n            border: none;\n            border-radius: 4px;\n            cursor: pointer;\"\n    onclick=\"window.open('${buttonURL}', '_blank', 'noopener,noreferrer,nofollow')\">\n    Instagram Downloader\n          <\/button>\n        <\/div>\n<span style=\"font-size: 12px; color: #888; display: block; margin-top: 10px;\">\n  *We are not affiliated with any external sites that appear in search results.\n<\/span>\n      <\/div>\n    `;\n  }\n}\n});\n<\/script>\n<\/div>\n\n\n\n<div id=\"output-section\" style=\"margin-top:20px;\"><\/div>\n\n\n\n<div class=\"wp-block-columns is-layout-flex wp-container-core-columns-is-layout-28f84493 wp-block-columns-is-layout-flex\" style=\"box-shadow:var(--wp--preset--shadow--natural)\">\n<div class=\"wp-block-column is-layout-flow wp-block-column-is-layout-flow\" style=\"flex-basis:33.33%\">\n<figure class=\"wp-block-image size-full\"><img loading=\"lazy\" decoding=\"async\" width=\"720\" height=\"540\" src=\"https:\/\/unduhvideoig.app\/wp-content\/uploads\/2025\/07\/top_index.webp\" alt=\"\u00cdndice superior\" class=\"wp-image-479\" srcset=\"https:\/\/unduhvideoig.app\/wp-content\/uploads\/2025\/07\/top_index.webp 720w, https:\/\/unduhvideoig.app\/wp-content\/uploads\/2025\/07\/top_index-300x225.webp 300w\" sizes=\"auto, (max-width: 720px) 100vw, 720px\" \/><\/figure>\n<\/div>\n\n\n\n<div class=\"wp-block-column is-layout-flow wp-block-column-is-layout-flow\" style=\"flex-basis:66.66%\">\n<h2 class=\"wp-block-heading\">Baixar fotos do Instagram<\/h2>\n\n\n\n<p>O Instagram \u00e9 onde milh\u00f5es de momentos fotogr\u00e1ficos s\u00e3o capturados \u2014 desde fotos de flat lays est\u00e9ticos e fotos de viagens at\u00e9 cita\u00e7\u00f5es inspiradoras e imagens de produtos. Com o UnduhVideoIg, voc\u00ea pode baixar fotos do Instagram diretamente para o seu dispositivo, seja uma \u00fanica imagem ou um post carrossel inteiro.<\/p>\n\n\n\n<p>N\u00e3o tem conta? Sem problemas. Esta ferramenta funciona online e n\u00e3o requer aplicativo ou cadastro para baixar e salvar qualquer foto que voc\u00ea goste do Instagram.<\/p>\n<\/div>\n<\/div>\n\n\n\n<h2 class=\"wp-block-heading has-text-align-center\">Como baixar fotos do Instagram?<\/h2>\n\n\n\n<hr class=\"wp-block-separator has-alpha-channel-opacity has-fabled-sunset-gradient-background has-background is-style-wide\"\/>\n\n\n\n<p>Siga estes tr\u00eas passos r\u00e1pidos e f\u00e1ceis para usar nosso baixador de imagens do Instagram \u2014 \u00e9 r\u00e1pido, descomplicado e economiza seu tempo.<\/p>\n\n\n\n<div class=\"wp-block-columns is-layout-flex wp-container-core-columns-is-layout-28f84493 wp-block-columns-is-layout-flex\">\n<div class=\"wp-block-column is-layout-flow wp-block-column-is-layout-flow\" style=\"box-shadow:var(--wp--preset--shadow--natural)\">\n<figure class=\"wp-block-image size-full has-custom-border\"><img loading=\"lazy\" decoding=\"async\" width=\"650\" height=\"413\" src=\"https:\/\/unduhvideoig.app\/wp-content\/uploads\/2025\/07\/copy.webp\" alt=\"C\u00f3pia\" class=\"wp-image-496\" style=\"border-radius:10px\" srcset=\"https:\/\/unduhvideoig.app\/wp-content\/uploads\/2025\/07\/copy.webp 650w, https:\/\/unduhvideoig.app\/wp-content\/uploads\/2025\/07\/copy-300x191.webp 300w\" sizes=\"auto, (max-width: 650px) 100vw, 650px\" \/><\/figure>\n\n\n\n<h3 class=\"wp-block-heading has-text-align-center\">Copie o link<\/h3>\n\n\n\n<hr class=\"wp-block-separator has-alpha-channel-opacity is-style-wide\"\/>\n\n\n\n<p>Abra o aplicativo ou site do Instagram, v\u00e1 at\u00e9 a foto favorita do Instagram que voc\u00ea deseja, toque no \u00edcone \u22ef (ou \u22ee) e selecione \u201cCopiar link\u201d.<\/p>\n<\/div>\n\n\n\n<div class=\"wp-block-column is-layout-flow wp-block-column-is-layout-flow\" style=\"box-shadow:var(--wp--preset--shadow--natural)\">\n<figure class=\"wp-block-image size-full has-custom-border\"><img loading=\"lazy\" decoding=\"async\" width=\"650\" height=\"413\" src=\"https:\/\/unduhvideoig.app\/wp-content\/uploads\/2025\/07\/paste.webp\" alt=\"Colar\" class=\"wp-image-497\" style=\"border-radius:10px\" srcset=\"https:\/\/unduhvideoig.app\/wp-content\/uploads\/2025\/07\/paste.webp 650w, https:\/\/unduhvideoig.app\/wp-content\/uploads\/2025\/07\/paste-300x191.webp 300w\" sizes=\"auto, (max-width: 650px) 100vw, 650px\" \/><\/figure>\n\n\n\n<h3 class=\"wp-block-heading has-text-align-center\">Cole a URL<\/h3>\n\n\n\n<hr class=\"wp-block-separator has-alpha-channel-opacity is-style-wide\"\/>\n\n\n\n<p>Volte para esta p\u00e1gina do downloader de imagens do Instagram no site UnduhVideoIg.App, cole o link no campo de entrada e clique em Baixar.<\/p>\n<\/div>\n\n\n\n<div class=\"wp-block-column is-layout-flow wp-block-column-is-layout-flow\" style=\"box-shadow:var(--wp--preset--shadow--natural)\">\n<figure class=\"wp-block-image size-full has-custom-border\"><img loading=\"lazy\" decoding=\"async\" width=\"650\" height=\"413\" src=\"https:\/\/unduhvideoig.app\/wp-content\/uploads\/2025\/07\/download.webp\" alt=\"Download\" class=\"wp-image-498\" style=\"border-radius:10px\" srcset=\"https:\/\/unduhvideoig.app\/wp-content\/uploads\/2025\/07\/download.webp 650w, https:\/\/unduhvideoig.app\/wp-content\/uploads\/2025\/07\/download-300x191.webp 300w\" sizes=\"auto, (max-width: 650px) 100vw, 650px\" \/><\/figure>\n\n\n\n<h3 class=\"wp-block-heading has-text-align-center\">Download<\/h3>\n\n\n\n<hr class=\"wp-block-separator has-alpha-channel-opacity is-style-wide\"\/>\n\n\n\n<p>Apenas alguns segundos ap\u00f3s clicar no bot\u00e3o Download, voc\u00ea ver\u00e1 uma pr\u00e9via com op\u00e7\u00f5es para baixar uma ou mais fotos em formato JPG de alta resolu\u00e7\u00e3o.<\/p>\n<\/div>\n<\/div>\n\n\n\n<h2 class=\"wp-block-heading has-text-align-center\">Nosso UnduhVideoIg.App Downloader<\/h2>\n\n\n\n<hr class=\"wp-block-separator has-alpha-channel-opacity has-fabled-sunset-gradient-background has-background is-style-wide\"\/>\n\n\n\n<div class=\"wp-block-columns is-layout-flex wp-container-core-columns-is-layout-28f84493 wp-block-columns-is-layout-flex\" style=\"box-shadow:var(--wp--preset--shadow--natural)\">\n<div class=\"wp-block-column is-layout-flow wp-block-column-is-layout-flow\" style=\"flex-basis:66.66%\">\n<h3 class=\"wp-block-heading\">Baixador de fotos<\/h3>\n\n\n\n<p>Seja para baixar fotos em smartphones, tablets ou computadores, o UnduhVideoIg foi desenvolvido para funcionar perfeitamente em todas as plataformas. Voc\u00ea n\u00e3o precisa baixar nenhum aplicativo \u2014 basta copiar, colar e salvar a foto. Ele suporta downloads em resolu\u00e7\u00e3o m\u00e1xima, o que o torna perfeito para salvar conte\u00fado sem perda de qualidade.<\/p>\n\n\n\n<p>E sim \u2014 funciona perfeitamente no Safari, Chrome, Firefox e outros navegadores.<\/p>\n<\/div>\n\n\n\n<div class=\"wp-block-column is-layout-flow wp-block-column-is-layout-flow\" style=\"flex-basis:33.33%\">\n<figure class=\"wp-block-image size-full\"><img loading=\"lazy\" decoding=\"async\" width=\"600\" height=\"450\" src=\"https:\/\/unduhvideoig.app\/wp-content\/uploads\/2025\/07\/photos_downloader.webp\" alt=\"Baixador de fotos\" class=\"wp-image-471\" srcset=\"https:\/\/unduhvideoig.app\/wp-content\/uploads\/2025\/07\/photos_downloader.webp 600w, https:\/\/unduhvideoig.app\/wp-content\/uploads\/2025\/07\/photos_downloader-300x225.webp 300w\" sizes=\"auto, (max-width: 600px) 100vw, 600px\" \/><\/figure>\n<\/div>\n<\/div>\n\n\n\n<div class=\"wp-block-columns is-layout-flex wp-container-core-columns-is-layout-28f84493 wp-block-columns-is-layout-flex\" style=\"box-shadow:var(--wp--preset--shadow--natural)\">\n<div class=\"wp-block-column is-layout-flow wp-block-column-is-layout-flow\" style=\"flex-basis:33.33%\">\n<figure class=\"wp-block-image size-full\"><img loading=\"lazy\" decoding=\"async\" width=\"600\" height=\"450\" src=\"https:\/\/unduhvideoig.app\/wp-content\/uploads\/2025\/07\/mobile_app.webp\" alt=\"Aplicativo m\u00f3vel\" class=\"wp-image-477\" srcset=\"https:\/\/unduhvideoig.app\/wp-content\/uploads\/2025\/07\/mobile_app.webp 600w, https:\/\/unduhvideoig.app\/wp-content\/uploads\/2025\/07\/mobile_app-300x225.webp 300w\" sizes=\"auto, (max-width: 600px) 100vw, 600px\" \/><\/figure>\n<\/div>\n\n\n\n<div class=\"wp-block-column is-layout-flow wp-block-column-is-layout-flow\" style=\"flex-basis:66.66%\">\n<h3 class=\"wp-block-heading\">Baixe no celular ou desktop \u2014 n\u00e3o precisa de aplicativo<\/h3>\n\n\n\n<p>Tudo funciona diretamente no seu navegador \u2014 sem necessidade de downloads ou extens\u00f5es. Baixe qualquer foto, videos, reels, IGTV com um clique, sem marcas d&#039;\u00e1gua e em alta resolu\u00e7\u00e3o! Mas se voc\u00ea \u00e9 um usu\u00e1rio avan\u00e7ado, fique ligado \u2014 estamos trabalhando em uma extens\u00e3o para navegador para facilitar ainda mais o acesso.<\/p>\n<\/div>\n<\/div>\n\n\n\n<h2 class=\"wp-block-heading has-text-align-center\">Perguntas frequentes (FAQ)<\/h2>\n\n\n\n<hr class=\"wp-block-separator has-alpha-channel-opacity has-fabled-sunset-gradient-background has-background is-style-wide\"\/>\n\n\n\n<p>Abaixo, voc\u00ea encontrar\u00e1 respostas para perguntas comuns sobre o uso do UnduhVideoIg, um aplicativo para baixar fotos do Instagram. Se n\u00e3o encontrar o que procura, entre em contato conosco por e-mail atrav\u00e9s da nossa p\u00e1gina de contato.<\/p>\n\n\n\n<h3 class=\"wp-block-heading\">Posso baixar fotos do Instagram para meu PC ou Mac?<\/h3>\n\n\n\n<p>Sim! O downloader de fotos UnduhVideoIg funciona diretamente no seu navegador, tanto no PC quanto no Mac. Basta copiar o URL da publica\u00e7\u00e3o do Instagram e col\u00e1-lo acima no downloader do Instagram para iniciar o download das fotos.<\/p>\n\n\n\n<h3 class=\"wp-block-heading\">Qual formato de arquivo \u00e9 usado no UnduhVideoIg <strong>para downloads?<\/strong><\/h3>\n\n\n\n<p>Todas as imagens do Instagram s\u00e3o baixadas no formato JPG, que \u00e9 leve e de alta qualidade para baixar imagens \u2014 perfeito para salvar ou compartilhar.<\/p>\n\n\n\n<h3 class=\"wp-block-heading\">Este servi\u00e7o de download de fotos do Instagram \u00e9 realmente gratuito?<\/h3>\n\n\n\n<p>Sim, 100% para o nosso baixador de fotos do Instagram! Voc\u00ea n\u00e3o precisa se cadastrar, assinar ou pagar. \u00c9 uma ferramenta totalmente gratuita para baixar fotos do Instagram.<\/p>\n\n\n\n<h3 class=\"wp-block-heading\">\u00c9 seguro usar este downloader de fotos UnduhVideoIg.App?<\/h3>\n\n\n\n<p>Absolutamente para baixar fotos do Instagram. Na UnduhVideoIg, n\u00e3o armazenamos, rastreamos ou coletamos quaisquer dados pessoais. Seus downloads s\u00e3o privados e seguros.<\/p>\n\n\n\n<h3 class=\"wp-block-heading\">Posso usar o downloader UnduhVideoIg no meu telefone ou tablet?<\/h3>\n\n\n\n<p>Definitivamente para o nosso baixador de fotos. Esta ferramenta de download de imagens UnduhVideoIg funciona perfeitamente em celulares Android, iPhones, iPads e outros navegadores m\u00f3veis para fotos do Instagram.<\/p>","protected":false},"excerpt":{"rendered":"<p>Instagram Photo Downloader Download Photos from Instagram Download With the usage of our service, you\u2019re accepting our Terms of Usage. Download Instagram Photos Instagram is where millions of photograph moments are captured \u2014 from photos of aesthetic flat lays and travel shots to inspirational quotes and product images. With UnduhVideoIg, you can download Instagram photos [&hellip;]<\/p>\n","protected":false},"author":1,"featured_media":0,"parent":0,"menu_order":0,"comment_status":"closed","ping_status":"closed","template":"","meta":{"slim_seo":{"title":"Instagram Photo Downloader \u2013 Baixe imagens do Instagram","description":"Baixe fotos do Instagram gratuitamente, sem precisar de um aplicativo. Salve suas imagens favoritas do Instagram de forma f\u00e1cil, r\u00e1pida e em qualidade HD, diretamente online, sem marca d&#039;\u00e1gua!"},"footnotes":""},"class_list":["post-284","page","type-page","status-publish","hentry"],"blocksy_meta":{"background":{"background_type":"color","background_pattern":"type-1","background_image":{"attachment_id":null,"x":0,"y":0},"gradient":"linear-gradient(135deg,rgba(6,147,227,1) 0%,rgb(155,81,224) 100%)","background_repeat":"repeat","background_size":"auto","background_attachment":"scroll","patternColor":{"default":{"color":"#e5e7ea"}},"overlayColor":{"default":{"color":"CT_CSS_SKIP_RULE"}},"backgroundColor":{"default":{"color":"CT_CSS_SKIP_RULE"}}},"styles_descriptor":{"styles":{"desktop":"[data-prefix=\"single_page\"] [class*=\"ct-container\"] > article[class*=\"post\"] {--has-boxed:var(--false);--has-wide:var(--true);}","tablet":"","mobile":""},"google_fonts":[],"version":6},"content_style_source":"custom","content_style":"wide","has_hero_section":"disabled"},"_links":{"self":[{"href":"https:\/\/unduhvideoig.app\/pt_br\/wp-json\/wp\/v2\/pages\/284","targetHints":{"allow":["GET"]}}],"collection":[{"href":"https:\/\/unduhvideoig.app\/pt_br\/wp-json\/wp\/v2\/pages"}],"about":[{"href":"https:\/\/unduhvideoig.app\/pt_br\/wp-json\/wp\/v2\/types\/page"}],"author":[{"embeddable":true,"href":"https:\/\/unduhvideoig.app\/pt_br\/wp-json\/wp\/v2\/users\/1"}],"replies":[{"embeddable":true,"href":"https:\/\/unduhvideoig.app\/pt_br\/wp-json\/wp\/v2\/comments?post=284"}],"version-history":[{"count":30,"href":"https:\/\/unduhvideoig.app\/pt_br\/wp-json\/wp\/v2\/pages\/284\/revisions"}],"predecessor-version":[{"id":662,"href":"https:\/\/unduhvideoig.app\/pt_br\/wp-json\/wp\/v2\/pages\/284\/revisions\/662"}],"wp:attachment":[{"href":"https:\/\/unduhvideoig.app\/pt_br\/wp-json\/wp\/v2\/media?parent=284"}],"curies":[{"name":"wp","href":"https:\/\/api.w.org\/{rel}","templated":true}]}}