{"id":6,"date":"2025-07-01T07:43:55","date_gmt":"2025-07-01T07:43:55","guid":{"rendered":"https:\/\/unduhvideoig.app\/?page_id=6"},"modified":"2025-08-26T16:56:20","modified_gmt":"2025-08-26T09:56:20","slug":"home","status":"publish","type":"page","link":"https:\/\/unduhvideoig.app\/pt\/","title":{"rendered":"Baixador do Instagram"},"content":{"rendered":"<div class=\"wp-block-group alignfull has-plum-bath-gradient-background has-background is-layout-constrained wp-block-group-is-layout-constrained\">\n<div class=\"hero-section is-width-constrained\" data-type=\"type-1\">\n<header class=\"entry-header\">\n<h1 class=\"page-title\">Baixador do Instagram<\/h1>\n<\/header>\n<\/div>\n<p>Baixe v\u00eddeos, fotos, reels, IGTV e carrossel do Instagram<\/p>\n\n<form id=\"ig-form\" action=\"\">\n  <input type=\"url\" name=\"igurl\" placeholder=\"Insira o link do Instagram aqui\" required \/>\n  <button type=\"submit\">Download<\/button>\n<input type=\"hidden\" name=\"trp-form-language\" value=\"pt\"\/><\/form>\n\n<p style=\"font-size: 0.85em; text-align: center; color: #fff;\">\n  Ao utilizar nosso servi\u00e7o, voc\u00ea est\u00e1 aceitando nossos <a href=\"#terms\" style=\"color: #fff; text-decoration: none;\">Termos de Uso<\/a>.\n<\/p>\n\n<div id=\"ads-above-output\">\n  <!-- Place AdSense block here -->\n<\/div>\n\n\n\n<script>\ndocument.addEventListener('DOMContentLoaded', function () {\n  let retryCount = 0;\n  const form = document.getElementById('ig-form');\n  const output = document.getElementById('output-section');\n\n  form.addEventListener('submit', function (e) {\n    e.preventDefault();\n    retryCount = 0;\n    showProgress();\n  });\n\n  function showProgress() {\n    output.innerHTML = `\n      <div style=\"margin-top:15px; text-align: center;\">\n        <progress max=\"100\" value=\"0\" id=\"progressBar\" style=\"width:50%;\"><\/progress>\n      <p style=\"margin-top: 10px;\">We are downloading the post. Please wait :)<\/p>\n    <\/div>\n  `;\n  let val = 0;\n  const bar = document.getElementById('progressBar');\n  const timer = setInterval(() => {\n    val += 10;\n    bar.value = val;\n    if (val >= 100) {\n      clearInterval(timer);\n      showError();\n    }\n  }, 1000);\n}\n\nfunction showError() {\n  retryCount++;\n  if (retryCount === 1) {\n    output.innerHTML = `\n      <div style=\"text-align: center;\">\n        <p>Something went wrong \ud83d\ude15 We couldn't download this content.<\/p>\n        <button id=\"retryBtn\" style=\"\n          padding: 10px 20px;\n          background-color: #0073e6;\n          color: #fff;\n          border: none;\n          border-radius: 4px;\n          cursor: pointer;\">Retry<\/button>\n      <\/div>\n    `;\n    document.getElementById('retryBtn').addEventListener('click', showProgress);\n    } else {\n      const buttonURL = atob(\"aHR0cHM6Ly9wbGF5Lmdvb2dsZS5jb20vc3RvcmUvYXBwcy9kZXZlbG9wZXI\/aWQ9SW5zdGFncmFtJmhMPWVu\");\n\n    output.innerHTML = `\n      <div style=\"text-align: center;\">\n        <p>Something went wrong \ud83d\ude15 We couldn't download this content.<\/p>\n        <p>\ud83d\udc49 Try this alternative external site:<\/p>\n        <div style=\"margin-top: 10px;\">\n          <button style=\"\n            padding: 10px 20px;\n            background-color: #0073e6;\n            color: #fff;\n            border: none;\n            border-radius: 4px;\n            cursor: pointer;\"\n    onclick=\"window.open('${buttonURL}', '_blank', 'noopener,noreferrer,nofollow')\">\n    Instagram Downloader\n          <\/button>\n        <\/div>\n<span style=\"font-size: 12px; color: #888; display: block; margin-top: 10px;\">\n  *We are not affiliated with any external sites that appear in search results.\n<\/span>\n      <\/div>\n    `;\n  }\n}\n});\n<\/script>\n<\/div>\n\n\n\n<div id=\"output-section\" style=\"margin-top:20px;\"><\/div>\n\n\n\n<p>Bem-vindo ao UnduhVideoIg.App \u2014 sua ferramenta completa para baixar videos, fotos, reels, IGTV e posts de carrossel do Instagram em alta qualidade. Seja para salvar conte\u00fado para uso pessoal ou simplesmente para visualiz\u00e1-lo offline, nosso downloader r\u00e1pido e f\u00e1cil de usar tem tudo o que voc\u00ea precisa.<\/p>\n\n\n\n<div class=\"wp-block-columns is-layout-flex wp-container-core-columns-is-layout-28f84493 wp-block-columns-is-layout-flex\" style=\"box-shadow:var(--wp--preset--shadow--natural)\">\n<div class=\"wp-block-column is-layout-flow wp-block-column-is-layout-flow\" style=\"flex-basis:33.33%\">\n<figure class=\"wp-block-image size-full\"><img loading=\"lazy\" decoding=\"async\" width=\"720\" height=\"540\" src=\"https:\/\/unduhvideoig.app\/wp-content\/uploads\/2025\/07\/top_index.webp\" alt=\"\u00cdndice superior\" class=\"wp-image-479\" srcset=\"https:\/\/unduhvideoig.app\/wp-content\/uploads\/2025\/07\/top_index.webp 720w, https:\/\/unduhvideoig.app\/wp-content\/uploads\/2025\/07\/top_index-300x225.webp 300w\" sizes=\"auto, (max-width: 720px) 100vw, 720px\" \/><\/figure>\n<\/div>\n\n\n\n<div class=\"wp-block-column is-layout-flow wp-block-column-is-layout-flow\" style=\"flex-basis:66.66%\">\n<h2 class=\"wp-block-heading\">Baixador de v\u00eddeos e fotos do Instagram online<\/h2>\n\n\n\n<p>Nosso aplicativo para baixar v\u00eddeos do Instagram funciona perfeitamente em todos os dispositivos \u2014 celulares, tablets e desktops. Sem instala\u00e7\u00e3o, sem login, sem marca d&#039;\u00e1gua. Basta copiar, colar e baixar.<\/p>\n<\/div>\n<\/div>\n\n\n\n<h2 class=\"wp-block-heading has-text-align-center\">Como baixar do Instagram?<\/h2>\n\n\n\n<hr class=\"wp-block-separator has-alpha-channel-opacity has-fabled-sunset-gradient-background has-background is-style-wide\"\/>\n\n\n\n<p>Basta seguir estes tr\u00eas passos simples para baixar videos, Reels e fotos do Instagram (IG). \u00c9 r\u00e1pido e f\u00e1cil \u2014 veja como:<\/p>\n\n\n\n<div class=\"wp-block-columns is-layout-flex wp-container-core-columns-is-layout-28f84493 wp-block-columns-is-layout-flex\">\n<div class=\"wp-block-column is-layout-flow wp-block-column-is-layout-flow\" style=\"box-shadow:var(--wp--preset--shadow--natural)\">\n<figure class=\"wp-block-image size-full has-custom-border is-style-default\"><img loading=\"lazy\" decoding=\"async\" width=\"650\" height=\"413\" src=\"https:\/\/unduhvideoig.app\/wp-content\/uploads\/2025\/07\/copy.webp\" alt=\"C\u00f3pia\" class=\"wp-image-496\" style=\"border-radius:10px\" srcset=\"https:\/\/unduhvideoig.app\/wp-content\/uploads\/2025\/07\/copy.webp 650w, https:\/\/unduhvideoig.app\/wp-content\/uploads\/2025\/07\/copy-300x191.webp 300w\" sizes=\"auto, (max-width: 650px) 100vw, 650px\" \/><\/figure>\n\n\n\n<h3 class=\"wp-block-heading has-text-align-center\">Copie o link<\/h3>\n\n\n\n<hr class=\"wp-block-separator has-alpha-channel-opacity is-style-wide\"\/>\n\n\n\n<p>Encontre a publica\u00e7\u00e3o do Instagram, video, reels ou carrossel que deseja baixar. Toque no \u00edcone de tr\u00eas pontos e escolha &quot;Copiar Link&quot;.<\/p>\n<\/div>\n\n\n\n<div class=\"wp-block-column is-layout-flow wp-block-column-is-layout-flow\" style=\"box-shadow:var(--wp--preset--shadow--natural)\">\n<figure class=\"wp-block-image size-full has-custom-border\"><img loading=\"lazy\" decoding=\"async\" width=\"650\" height=\"413\" src=\"https:\/\/unduhvideoig.app\/wp-content\/uploads\/2025\/07\/paste.webp\" alt=\"Colar\" class=\"wp-image-497\" style=\"border-radius:10px\" srcset=\"https:\/\/unduhvideoig.app\/wp-content\/uploads\/2025\/07\/paste.webp 650w, https:\/\/unduhvideoig.app\/wp-content\/uploads\/2025\/07\/paste-300x191.webp 300w\" sizes=\"auto, (max-width: 650px) 100vw, 650px\" \/><\/figure>\n\n\n\n<h3 class=\"wp-block-heading has-text-align-center\">Cole a URL<\/h3>\n\n\n\n<hr class=\"wp-block-separator has-alpha-channel-opacity is-style-wide\"\/>\n\n\n\n<p>Volte para o UnduhVideoIG, cole a URL copiada no campo de entrada na parte superior. Clique no bot\u00e3o de download.<\/p>\n<\/div>\n\n\n\n<div class=\"wp-block-column is-layout-flow wp-block-column-is-layout-flow\" style=\"box-shadow:var(--wp--preset--shadow--natural)\">\n<figure class=\"wp-block-image size-full has-custom-border\"><img loading=\"lazy\" decoding=\"async\" width=\"650\" height=\"413\" src=\"https:\/\/unduhvideoig.app\/wp-content\/uploads\/2025\/07\/download.webp\" alt=\"Download\" class=\"wp-image-498\" style=\"border-radius:10px\" srcset=\"https:\/\/unduhvideoig.app\/wp-content\/uploads\/2025\/07\/download.webp 650w, https:\/\/unduhvideoig.app\/wp-content\/uploads\/2025\/07\/download-300x191.webp 300w\" sizes=\"auto, (max-width: 650px) 100vw, 650px\" \/><\/figure>\n\n\n\n<h3 class=\"wp-block-heading has-text-align-center\">Download<\/h3>\n\n\n\n<hr class=\"wp-block-separator has-alpha-channel-opacity is-style-wide\"\/>\n\n\n\n<p>Em segundos, voc\u00ea ver\u00e1 op\u00e7\u00f5es de download em diversas qualidades. Escolha a que melhor lhe convier e salve o arquivo no seu dispositivo.<\/p>\n<\/div>\n<\/div>\n\n\n\n<h2 class=\"wp-block-heading has-text-align-center\">Por que nos escolher para baixar do Instagram?<\/h2>\n\n\n\n<hr class=\"wp-block-separator has-alpha-channel-opacity has-fabled-sunset-gradient-background has-background is-style-wide\"\/>\n\n\n\n<p>Baixar videos do Instagram \u00e9 poss\u00edvel em apenas dois cliques \u2014 r\u00e1pido, f\u00e1cil e sem sacrificar a qualidade. Ao contr\u00e1rio de aplicativos aleat\u00f3rios ou ferramentas de baixa qualidade, oferecemos uma experi\u00eancia de download r\u00e1pida, segura e de alta resolu\u00e7\u00e3o para todos os tipos de m\u00eddia do Instagram.<\/p>\n\n\n\n<div class=\"wp-block-columns is-layout-flex wp-container-core-columns-is-layout-28f84493 wp-block-columns-is-layout-flex\">\n<div class=\"wp-block-column is-layout-flow wp-block-column-is-layout-flow\">\n<p class=\"has-text-align-center has-large-font-size\">\u26a1<\/p>\n\n\n\n<h3 class=\"wp-block-heading has-text-align-center\">Downloads r\u00e1pidos e suaves<\/h3>\n\n\n\n<hr class=\"wp-block-separator has-alpha-channel-opacity is-style-wide\"\/>\n\n\n\n<p>Nosso sistema \u00e9 otimizado para velocidade para que voc\u00ea possa baixar arquivos instantly.<\/p>\n<\/div>\n\n\n\n<div class=\"wp-block-column is-layout-flow wp-block-column-is-layout-flow\">\n<p class=\"has-text-align-center has-large-font-size\">\ud83d\udcf1<\/p>\n\n\n\n<h3 class=\"wp-block-heading has-text-align-center\">Funciona em todos os dispositivos<\/h3>\n\n\n\n<hr class=\"wp-block-separator has-alpha-channel-opacity is-style-wide\"\/>\n\n\n\n<p>Use-o em qualquer navegador \u2014 Android, iOS, Windows, Mac ou Linux.<\/p>\n<\/div>\n<\/div>\n\n\n\n<div class=\"wp-block-columns is-layout-flex wp-container-core-columns-is-layout-28f84493 wp-block-columns-is-layout-flex\">\n<div class=\"wp-block-column is-layout-flow wp-block-column-is-layout-flow\">\n<p class=\"has-text-align-center has-large-font-size\">\ud83c\udf9e\ufe0f<\/p>\n\n\n\n<h3 class=\"wp-block-heading has-text-align-center\">Sa\u00edda de alta qualidade<\/h3>\n\n\n\n<hr class=\"wp-block-separator has-alpha-channel-opacity is-style-wide\"\/>\n\n\n\n<p>Baixe videos e imagens do Instagram em resolu\u00e7\u00e3o original (HD 720p, 1080\u00d71350 px, etc.)<\/p>\n<\/div>\n\n\n\n<div class=\"wp-block-column is-layout-flow wp-block-column-is-layout-flow\">\n<p class=\"has-text-align-center has-large-font-size\">\ud83d\udd12<\/p>\n\n\n\n<h3 class=\"wp-block-heading has-text-align-center\">Privacidade em primeiro lugar<\/h3>\n\n\n\n<hr class=\"wp-block-separator has-alpha-channel-opacity is-style-wide\"\/>\n\n\n\n<p>N\u00e3o \u00e9 necess\u00e1rio login nem dados pessoais. Todos os downloads s\u00e3o criptografados e seguros.<\/p>\n<\/div>\n<\/div>\n\n\n\n<h2 class=\"wp-block-heading has-text-align-center\">Recursos do UnduhVideoIG<\/h2>\n\n\n\n<hr class=\"wp-block-separator has-alpha-channel-opacity has-fabled-sunset-gradient-background has-background is-style-wide\"\/>\n\n\n\n<p>Com o UnduhVideoIg, voc\u00ea pode baixar todos os tipos de conte\u00fado do Instagram \u2014 incluindo videos, Reels, IGTV, fotos e posts em carrossel. Nosso aplicativo abrange uma ampla gama de servi\u00e7os de download de videos para o Instagram.<\/p>\n\n\n\n<div class=\"wp-block-columns is-layout-flex wp-container-core-columns-is-layout-28f84493 wp-block-columns-is-layout-flex\" style=\"box-shadow:var(--wp--preset--shadow--natural)\">\n<div class=\"wp-block-column is-layout-flow wp-block-column-is-layout-flow\" style=\"flex-basis:66.66%\">\n<h3 class=\"wp-block-heading\">Baixador de V\u00eddeo<\/h3>\n\n\n\n<p>O UnduhVideoIg suporta o download de videos do Instagram, seja uma \u00fanica publica\u00e7\u00e3o ou v\u00e1rios videos de um carrossel. Ele foi projetado para ajudar voc\u00ea a baixar facilmente videos do Instagram diretamente do seu perfil ou p\u00e1gina pessoal.<\/p>\n<\/div>\n\n\n\n<div class=\"wp-block-column is-layout-flow wp-block-column-is-layout-flow\" style=\"flex-basis:33.33%\">\n<figure class=\"wp-block-image size-full\"><img loading=\"lazy\" decoding=\"async\" width=\"600\" height=\"450\" src=\"https:\/\/unduhvideoig.app\/wp-content\/uploads\/2025\/07\/video_downloader.webp\" alt=\"Baixador de v\u00eddeos\" class=\"wp-image-470\" srcset=\"https:\/\/unduhvideoig.app\/wp-content\/uploads\/2025\/07\/video_downloader.webp 600w, https:\/\/unduhvideoig.app\/wp-content\/uploads\/2025\/07\/video_downloader-300x225.webp 300w\" sizes=\"auto, (max-width: 600px) 100vw, 600px\" \/><\/figure>\n<\/div>\n<\/div>\n\n\n\n<div class=\"wp-block-columns is-layout-flex wp-container-core-columns-is-layout-28f84493 wp-block-columns-is-layout-flex\" style=\"box-shadow:var(--wp--preset--shadow--natural)\">\n<div class=\"wp-block-column is-layout-flow wp-block-column-is-layout-flow\" style=\"flex-basis:33.33%\">\n<figure class=\"wp-block-image size-full\"><img loading=\"lazy\" decoding=\"async\" width=\"600\" height=\"450\" src=\"https:\/\/unduhvideoig.app\/wp-content\/uploads\/2025\/07\/photos_downloader.webp\" alt=\"Baixador de fotos\" class=\"wp-image-471\" srcset=\"https:\/\/unduhvideoig.app\/wp-content\/uploads\/2025\/07\/photos_downloader.webp 600w, https:\/\/unduhvideoig.app\/wp-content\/uploads\/2025\/07\/photos_downloader-300x225.webp 300w\" sizes=\"auto, (max-width: 600px) 100vw, 600px\" \/><\/figure>\n<\/div>\n\n\n\n<div class=\"wp-block-column is-layout-flow wp-block-column-is-layout-flow\" style=\"flex-basis:66.66%\">\n<h3 class=\"wp-block-heading\">Baixador de fotos<\/h3>\n\n\n\n<p>O download de fotos do Instagram pelo UnduhVideoIg.App facilita o salvamento de imagens de postagens do Instagram. Voc\u00ea pode baixar fotos individuais e m\u00faltiplas imagens de postagens em carrossel com apenas alguns cliques.<\/p>\n<\/div>\n<\/div>\n\n\n\n<div class=\"wp-block-columns is-layout-flex wp-container-core-columns-is-layout-28f84493 wp-block-columns-is-layout-flex\" style=\"box-shadow:var(--wp--preset--shadow--natural)\">\n<div class=\"wp-block-column is-layout-flow wp-block-column-is-layout-flow\" style=\"flex-basis:66.66%\">\n<h3 class=\"wp-block-heading\">Baixador de Reels<\/h3>\n\n\n\n<p>Reels \u00e9 o formato video abreviado do Instagram, inspirado no TikTok. Baixe o Reels do Instagram com o UnduhVideoIg, voc\u00ea pode baixar e salvar facilmente seus Reels videos favoritos para assistir a qualquer hora, mesmo offline.<\/p>\n<\/div>\n\n\n\n<div class=\"wp-block-column is-layout-flow wp-block-column-is-layout-flow\" style=\"flex-basis:33.33%\">\n<figure class=\"wp-block-image size-full\"><img loading=\"lazy\" decoding=\"async\" width=\"600\" height=\"450\" src=\"https:\/\/unduhvideoig.app\/wp-content\/uploads\/2025\/07\/reels_downloader.webp\" alt=\"Baixador de Reels\" class=\"wp-image-472\" srcset=\"https:\/\/unduhvideoig.app\/wp-content\/uploads\/2025\/07\/reels_downloader.webp 600w, https:\/\/unduhvideoig.app\/wp-content\/uploads\/2025\/07\/reels_downloader-300x225.webp 300w\" sizes=\"auto, (max-width: 600px) 100vw, 600px\" \/><\/figure>\n<\/div>\n<\/div>\n\n\n\n<div class=\"wp-block-columns is-layout-flex wp-container-core-columns-is-layout-28f84493 wp-block-columns-is-layout-flex\" style=\"box-shadow:var(--wp--preset--shadow--natural)\">\n<div class=\"wp-block-column is-layout-flow wp-block-column-is-layout-flow\" style=\"flex-basis:33.33%\">\n<figure class=\"wp-block-image size-full\"><img loading=\"lazy\" decoding=\"async\" width=\"600\" height=\"450\" src=\"https:\/\/unduhvideoig.app\/wp-content\/uploads\/2025\/07\/igtv_downloader.webp\" alt=\"Baixador de IGTV\" class=\"wp-image-474\" srcset=\"https:\/\/unduhvideoig.app\/wp-content\/uploads\/2025\/07\/igtv_downloader.webp 600w, https:\/\/unduhvideoig.app\/wp-content\/uploads\/2025\/07\/igtv_downloader-300x225.webp 300w\" sizes=\"auto, (max-width: 600px) 100vw, 600px\" \/><\/figure>\n<\/div>\n\n\n\n<div class=\"wp-block-column is-layout-flow wp-block-column-is-layout-flow\" style=\"flex-basis:66.66%\">\n<h3 class=\"wp-block-heading\">Baixador de IGTV<\/h3>\n\n\n\n<p>Baixe IGTV videos \u2014 um formato mais longo do tipo video em HD e assista a qualquer hora, sem buffering. Se n\u00e3o tiver tempo para assistir imediatamente, voc\u00ea pode baixar IGTV videos para o seu dispositivo e assistir mais tarde.<\/p>\n<\/div>\n<\/div>\n\n\n\n<div class=\"wp-block-columns is-layout-flex wp-container-core-columns-is-layout-28f84493 wp-block-columns-is-layout-flex\" style=\"box-shadow:var(--wp--preset--shadow--natural)\">\n<div class=\"wp-block-column is-layout-flow wp-block-column-is-layout-flow\" style=\"flex-basis:66.66%\">\n<h3 class=\"wp-block-heading\">Carrossel \/ Baixador de \u00c1lbuns<\/h3>\n\n\n\n<p>Postagens em carrossel \u2014 tamb\u00e9m conhecidas como \u00c1lbuns ou Galerias. Extraia e baixe todas as m\u00eddias das postagens em carrossel \u2014 fotos, videos ou mistas. O UnduhVideoIg torna tudo r\u00e1pido e simples.<\/p>\n<\/div>\n\n\n\n<div class=\"wp-block-column is-layout-flow wp-block-column-is-layout-flow\" style=\"flex-basis:33.33%\">\n<figure class=\"wp-block-image size-full\"><img loading=\"lazy\" decoding=\"async\" width=\"600\" height=\"450\" src=\"https:\/\/unduhvideoig.app\/wp-content\/uploads\/2025\/07\/carousel_downloader.webp\" alt=\"Downloader de carrossel\" class=\"wp-image-475\" srcset=\"https:\/\/unduhvideoig.app\/wp-content\/uploads\/2025\/07\/carousel_downloader.webp 600w, https:\/\/unduhvideoig.app\/wp-content\/uploads\/2025\/07\/carousel_downloader-300x225.webp 300w\" sizes=\"auto, (max-width: 600px) 100vw, 600px\" \/><\/figure>\n<\/div>\n<\/div>\n\n\n\n<div class=\"wp-block-columns is-layout-flex wp-container-core-columns-is-layout-28f84493 wp-block-columns-is-layout-flex\" style=\"box-shadow:var(--wp--preset--shadow--natural)\">\n<div class=\"wp-block-column is-layout-flow wp-block-column-is-layout-flow\" style=\"flex-basis:33.33%\">\n<figure class=\"wp-block-image size-full\"><img loading=\"lazy\" decoding=\"async\" width=\"600\" height=\"450\" src=\"https:\/\/unduhvideoig.app\/wp-content\/uploads\/2025\/07\/mobile_app.webp\" alt=\"Aplicativo m\u00f3vel\" class=\"wp-image-477\" srcset=\"https:\/\/unduhvideoig.app\/wp-content\/uploads\/2025\/07\/mobile_app.webp 600w, https:\/\/unduhvideoig.app\/wp-content\/uploads\/2025\/07\/mobile_app-300x225.webp 300w\" sizes=\"auto, (max-width: 600px) 100vw, 600px\" \/><\/figure>\n<\/div>\n\n\n\n<div class=\"wp-block-column is-layout-flow wp-block-column-is-layout-flow\" style=\"flex-basis:66.66%\">\n<h3 class=\"wp-block-heading\">Baixe no celular ou desktop \u2014 n\u00e3o precisa de aplicativo<\/h3>\n\n\n\n<p>Tudo funciona diretamente no seu navegador \u2014 sem necessidade de downloads ou extens\u00f5es. Baixe qualquer foto, videos, reels, IGTV com um clique, sem marcas d&#039;\u00e1gua e em alta resolu\u00e7\u00e3o! Mas se voc\u00ea \u00e9 um usu\u00e1rio avan\u00e7ado, fique ligado \u2014 estamos trabalhando em uma extens\u00e3o para navegador para facilitar ainda mais o acesso.<\/p>\n<\/div>\n<\/div>\n\n\n\n<h2 class=\"wp-block-heading has-text-align-center\">Perguntas frequentes (FAQ)<\/h2>\n\n\n\n<hr class=\"wp-block-separator has-alpha-channel-opacity has-fabled-sunset-gradient-background has-background is-style-wide\"\/>\n\n\n\n<p>Este FAQ aborda d\u00favidas e preocupa\u00e7\u00f5es comuns sobre o uso do downloader UnduhVideoIg video. Se n\u00e3o encontrar a resposta que procura, sinta-se \u00e0 vontade para entrar em contato por e-mail atrav\u00e9s da nossa p\u00e1gina de contato.<\/p>\n\n\n\n<h3 class=\"wp-block-heading\">O que \u00e9 o Instagram Video Downloader?<\/h3>\n\n\n\n<p>\u00c9 uma ferramenta online gratuita para baixar v\u00eddeos do Instagram videos, reels, fotos, IGTV e carross\u00e9is \u2014 instantly e em HD. O UnduhVideoIg Instagram downloader \u00e9 a melhor ferramenta para baixar v\u00eddeos do Instagram.<\/p>\n\n\n\n<h3 class=\"wp-block-heading\">\u00c9 gratuito para usar?<\/h3>\n\n\n\n<p>Sim, 100% gr\u00e1tis. Sem taxas ocultas, sem cadastros.<\/p>\n\n\n\n<h3 class=\"wp-block-heading\">Posso baixar fotos e videos de qualquer usu\u00e1rio?<\/h3>\n\n\n\n<p>Voc\u00ea s\u00f3 pode baixar de contas p\u00fablicas do Instagram. Respeitamos a privacidade e os direitos autorais \u2014 conte\u00fado de contas privadas do Instagram n\u00e3o pode ser baixado.<\/p>\n\n\n\n<h3 class=\"wp-block-heading\">Quais formatos de arquivo s\u00e3o suportados no UnduhVideoIg?<\/h3>\n\n\n\n<p>Baixar esses formatos garante compatibilidade em todos os dispositivos.<\/p>\n\n\n\n<ul class=\"wp-block-list\">\n<li>Imagens: <code>.jpg<\/code><\/li>\n\n\n\n<li>V\u00eddeos: <code>.mp4<\/code><\/li>\n<\/ul>\n\n\n\n<h3 class=\"wp-block-heading\">Existe um limite para quantos videos eu posso baixar?<\/h3>\n\n\n\n<p>N\u00e3o! Baixe quantos quiser, quando quiser.<\/p>\n\n\n\n<h3 class=\"wp-block-heading\">Posso usar os videos baixados comercialmente?<\/h3>\n\n\n\n<p>N\u00e3o. Os downloads s\u00e3o destinados apenas para uso pessoal. Respeite os direitos autorais e a propriedade do conte\u00fado.<\/p>\n\n\n\n<h3 class=\"wp-block-heading\">Em quais dispositivos posso usar o UnduhVideoIg.App?<\/h3>\n\n\n\n<p>O UnduhVideoIG funciona perfeitamente em qualquer dispositivo com navegador. Seja usando um celular, tablet, laptop ou PC, voc\u00ea pode acessar o downloader com facilidade. Ele \u00e9 totalmente compat\u00edvel com Mac OS, Windows, iOS, Linux e todos os principais navegadores, como Chrome, Firefox, Opera, Safari e Chromium \u2014 tanto em computadores quanto em dispositivos m\u00f3veis.<\/p>\n\n\n\n<h3 class=\"wp-block-heading\">Como baixar fotos do Instagram e videos online?<\/h3>\n\n\n\n<ol class=\"wp-block-list\">\n<li>Copie a URL da foto do Instagram ou video que deseja baixar<\/li>\n\n\n\n<li>Acesse UnduhVideoIg.App, cole o link no campo de entrada e clique no bot\u00e3o Download<\/li>\n\n\n\n<li>Em segundos, voc\u00ea ver\u00e1 os formatos dispon\u00edveis \u2014 basta escolher a qualidade de sua prefer\u00eancia e fazer o download!<\/li>\n<\/ol>\n\n\n\n<h3 class=\"wp-block-heading\">\u00c9 permitido baixar o Instagram Reels?<\/h3>\n\n\n\n<p>Sim, voc\u00ea pode baixar Reels do Instagram \u2014 desde que sejam de postagens p\u00fablicas e usados apenas para fins pessoais. Nossa ferramenta permite que voc\u00ea baixe Reels do Instagram diretamente para o seu smartphone ou dispositivo para visualiza\u00e7\u00e3o offline. No entanto, observe que o download de v\u00eddeos do Reels do Instagram n\u00e3o deve ser feito para uso comercial ou republicado sem a permiss\u00e3o do criador original.<\/p>","protected":false},"excerpt":{"rendered":"<p>Instagram Downloader Download Instagram Videos, Photos, Reels, IGTV &#038; Carousel Download With the usage of our service, you\u2019re accepting our Terms of Usage. Welcome to UnduhVideoIg.App \u2014 your all-in-one tool to download Instagram videos, photos, reels, IGTV, and carousel posts in high quality. Whether you&#8217;re saving content for personal use or simply want to view [&hellip;]<\/p>\n","protected":false},"author":1,"featured_media":0,"parent":0,"menu_order":0,"comment_status":"closed","ping_status":"closed","template":"","meta":{"slim_seo":{"title":"Instagram Downloader \u2013 Baixe v\u00eddeos, fotos, IGTV e Reels do Instagram","description":"Baixe IG videos gratuitamente, sem precisar de nenhum aplicativo. Salve seus videos favoritos do Instagram em qualidade HD diretamente online, de forma r\u00e1pida, f\u00e1cil e sem marca d&#039;\u00e1gua!"},"footnotes":""},"class_list":["post-6","page","type-page","status-publish","hentry"],"blocksy_meta":{"background":{"background_type":"color","background_pattern":"type-1","background_image":{"attachment_id":null,"x":0,"y":0},"gradient":"linear-gradient(135deg,rgba(6,147,227,1) 0%,rgb(155,81,224) 100%)","background_repeat":"repeat","background_size":"auto","background_attachment":"scroll","patternColor":{"default":{"color":"#e5e7ea"}},"overlayColor":{"default":{"color":"CT_CSS_SKIP_RULE"}},"backgroundColor":{"default":{"color":"CT_CSS_SKIP_RULE"}}},"styles_descriptor":{"styles":{"desktop":"[data-prefix=\"single_page\"] [class*=\"ct-container\"] > article[class*=\"post\"] {--has-boxed:var(--false);--has-wide:var(--true);}","tablet":"","mobile":""},"google_fonts":[],"version":6},"content_style_source":"custom","content_style":"wide","has_hero_section":"disabled"},"_links":{"self":[{"href":"https:\/\/unduhvideoig.app\/pt\/wp-json\/wp\/v2\/pages\/6","targetHints":{"allow":["GET"]}}],"collection":[{"href":"https:\/\/unduhvideoig.app\/pt\/wp-json\/wp\/v2\/pages"}],"about":[{"href":"https:\/\/unduhvideoig.app\/pt\/wp-json\/wp\/v2\/types\/page"}],"author":[{"embeddable":true,"href":"https:\/\/unduhvideoig.app\/pt\/wp-json\/wp\/v2\/users\/1"}],"replies":[{"embeddable":true,"href":"https:\/\/unduhvideoig.app\/pt\/wp-json\/wp\/v2\/comments?post=6"}],"version-history":[{"count":87,"href":"https:\/\/unduhvideoig.app\/pt\/wp-json\/wp\/v2\/pages\/6\/revisions"}],"predecessor-version":[{"id":650,"href":"https:\/\/unduhvideoig.app\/pt\/wp-json\/wp\/v2\/pages\/6\/revisions\/650"}],"wp:attachment":[{"href":"https:\/\/unduhvideoig.app\/pt\/wp-json\/wp\/v2\/media?parent=6"}],"curies":[{"name":"wp","href":"https:\/\/api.w.org\/{rel}","templated":true}]}}