{"id":323,"date":"2025-07-08T17:20:00","date_gmt":"2025-07-08T10:20:00","guid":{"rendered":"https:\/\/unduhvideoig.app\/?page_id=323"},"modified":"2025-08-26T17:02:52","modified_gmt":"2025-08-26T10:02:52","slug":"instagram-reels","status":"publish","type":"page","link":"https:\/\/unduhvideoig.app\/pt\/instagram-reels\/","title":{"rendered":"Baixador de Reels do Instagram"},"content":{"rendered":"<div class=\"wp-block-group alignfull has-plum-bath-gradient-background has-background is-layout-constrained wp-block-group-is-layout-constrained\">\n<div class=\"hero-section is-width-constrained\" data-type=\"type-1\">\n<header class=\"entry-header\">\n<h1 class=\"page-title\">Baixador de Reels do Instagram<\/h1>\n<\/header>\n<\/div>\n<p>Baixe Reels do Instagram<\/p>\n\n<form id=\"ig-form\" action=\"\">\n  <input type=\"url\" name=\"igurl\" placeholder=\"Insira o link do Instagram aqui\" required \/>\n  <button type=\"submit\">Download<\/button>\n<input type=\"hidden\" name=\"trp-form-language\" value=\"pt\"\/><\/form>\n\n<p style=\"font-size: 0.85em; text-align: center; color: #fff;\">\n  Ao utilizar nosso servi\u00e7o, voc\u00ea est\u00e1 aceitando nossos <a href=\"#terms\" style=\"color: #fff; text-decoration: none;\">Termos de Uso<\/a>.\n<\/p>\n\n<div id=\"ads-above-output\">\n  <!-- Place AdSense block here -->\n<\/div>\n\n\n\n<script>\ndocument.addEventListener('DOMContentLoaded', function () {\n  let retryCount = 0;\n  const form = document.getElementById('ig-form');\n  const output = document.getElementById('output-section');\n\n  form.addEventListener('submit', function (e) {\n    e.preventDefault();\n    retryCount = 0;\n    showProgress();\n  });\n\n  function showProgress() {\n    output.innerHTML = `\n      <div style=\"margin-top:15px; text-align: center;\">\n        <progress max=\"100\" value=\"0\" id=\"progressBar\" style=\"width:50%;\"><\/progress>\n      <p style=\"margin-top: 10px;\">We are downloading the post. Please wait :)<\/p>\n    <\/div>\n  `;\n  let val = 0;\n  const bar = document.getElementById('progressBar');\n  const timer = setInterval(() => {\n    val += 10;\n    bar.value = val;\n    if (val >= 100) {\n      clearInterval(timer);\n      showError();\n    }\n  }, 1000);\n}\n\nfunction showError() {\n  retryCount++;\n  if (retryCount === 1) {\n    output.innerHTML = `\n      <div style=\"text-align: center;\">\n        <p>Something went wrong \ud83d\ude15 We couldn't download this content.<\/p>\n        <button id=\"retryBtn\" style=\"\n          padding: 10px 20px;\n          background-color: #0073e6;\n          color: #fff;\n          border: none;\n          border-radius: 4px;\n          cursor: pointer;\">Retry<\/button>\n      <\/div>\n    `;\n    document.getElementById('retryBtn').addEventListener('click', showProgress);\n    } else {\n      const buttonURL = atob(\"aHR0cHM6Ly9wbGF5Lmdvb2dsZS5jb20vc3RvcmUvYXBwcy9kZXZlbG9wZXI\/aWQ9SW5zdGFncmFtJmhMPWVu\");\n\n    output.innerHTML = `\n      <div style=\"text-align: center;\">\n        <p>Something went wrong \ud83d\ude15 We couldn't download this content.<\/p>\n        <p>\ud83d\udc49 Try this alternative external site:<\/p>\n        <div style=\"margin-top: 10px;\">\n          <button style=\"\n            padding: 10px 20px;\n            background-color: #0073e6;\n            color: #fff;\n            border: none;\n            border-radius: 4px;\n            cursor: pointer;\"\n    onclick=\"window.open('${buttonURL}', '_blank', 'noopener,noreferrer,nofollow')\">\n    Instagram Downloader\n          <\/button>\n        <\/div>\n<span style=\"font-size: 12px; color: #888; display: block; margin-top: 10px;\">\n  *We are not affiliated with any external sites that appear in search results.\n<\/span>\n      <\/div>\n    `;\n  }\n}\n});\n<\/script>\n<\/div>\n\n\n\n<div id=\"output-section\" style=\"margin-top:20px;\"><\/div>\n\n\n\n<div class=\"wp-block-columns is-layout-flex wp-container-core-columns-is-layout-28f84493 wp-block-columns-is-layout-flex\" style=\"box-shadow:var(--wp--preset--shadow--natural)\">\n<div class=\"wp-block-column is-layout-flow wp-block-column-is-layout-flow\" style=\"flex-basis:33.33%\">\n<figure class=\"wp-block-image size-full\"><img loading=\"lazy\" decoding=\"async\" width=\"720\" height=\"540\" src=\"https:\/\/unduhvideoig.app\/wp-content\/uploads\/2025\/07\/top_index.webp\" alt=\"\u00cdndice superior\" class=\"wp-image-479\" srcset=\"https:\/\/unduhvideoig.app\/wp-content\/uploads\/2025\/07\/top_index.webp 720w, https:\/\/unduhvideoig.app\/wp-content\/uploads\/2025\/07\/top_index-300x225.webp 300w\" sizes=\"auto, (max-width: 720px) 100vw, 720px\" \/><\/figure>\n<\/div>\n\n\n\n<div class=\"wp-block-column is-layout-flow wp-block-column-is-layout-flow\" style=\"flex-basis:66.66%\">\n<h2 class=\"wp-block-heading\">Baixe v\u00eddeos do Instagram Reels<\/h2>\n\n\n\n<p>Com o downloader UnduhVideoIg.App reels, voc\u00ea pode baixar facilmente os Reels videos do Instagram em formato MP4 para o seu dispositivo \u2014 sem aplicativo e sem login. Quer baixar seus Reels favoritos para assistir offline ou compartilhar mais tarde?<\/p>\n\n\n\n<p>Seja no celular ou no desktop, nosso downloader de Reels funciona de forma r\u00e1pida e segura ao baixar Reels. \u00c9 a maneira mais simples de manter o conte\u00fado que voc\u00ea ama diretamente no seu dispositivo.<\/p>\n<\/div>\n<\/div>\n\n\n\n<h2 class=\"wp-block-heading has-text-align-center\">Como baixar Instagram Reels?<\/h2>\n\n\n\n<hr class=\"wp-block-separator has-alpha-channel-opacity has-fabled-sunset-gradient-background has-background is-style-wide\"\/>\n\n\n\n<p>Siga estes tr\u00eas passos f\u00e1ceis para usar nosso downloader de Reels do Instagram \u2014 ele foi criado para tornar o salvamento dos seus Reels favoritos r\u00e1pido, simples e sem complica\u00e7\u00f5es.<\/p>\n\n\n\n<div class=\"wp-block-columns is-layout-flex wp-container-core-columns-is-layout-28f84493 wp-block-columns-is-layout-flex\">\n<div class=\"wp-block-column is-layout-flow wp-block-column-is-layout-flow\" style=\"box-shadow:var(--wp--preset--shadow--natural)\">\n<figure class=\"wp-block-image size-full has-custom-border\"><img loading=\"lazy\" decoding=\"async\" width=\"650\" height=\"413\" src=\"https:\/\/unduhvideoig.app\/wp-content\/uploads\/2025\/07\/copy.webp\" alt=\"C\u00f3pia\" class=\"wp-image-496\" style=\"border-radius:10px\" srcset=\"https:\/\/unduhvideoig.app\/wp-content\/uploads\/2025\/07\/copy.webp 650w, https:\/\/unduhvideoig.app\/wp-content\/uploads\/2025\/07\/copy-300x191.webp 300w\" sizes=\"auto, (max-width: 650px) 100vw, 650px\" \/><\/figure>\n\n\n\n<h3 class=\"wp-block-heading has-text-align-center\">Copie o link<\/h3>\n\n\n\n<hr class=\"wp-block-separator has-alpha-channel-opacity is-style-wide\"\/>\n\n\n\n<p>Abra o Instagram (aplicativo ou navegador), navegue at\u00e9 os Reels desejados, toque no menu \u22ef e selecione \u201cCopiar link\u201d.<\/p>\n<\/div>\n\n\n\n<div class=\"wp-block-column is-layout-flow wp-block-column-is-layout-flow\" style=\"box-shadow:var(--wp--preset--shadow--natural)\">\n<figure class=\"wp-block-image size-full has-custom-border\"><img loading=\"lazy\" decoding=\"async\" width=\"650\" height=\"413\" src=\"https:\/\/unduhvideoig.app\/wp-content\/uploads\/2025\/07\/paste.webp\" alt=\"Colar\" class=\"wp-image-497\" style=\"border-radius:10px\" srcset=\"https:\/\/unduhvideoig.app\/wp-content\/uploads\/2025\/07\/paste.webp 650w, https:\/\/unduhvideoig.app\/wp-content\/uploads\/2025\/07\/paste-300x191.webp 300w\" sizes=\"auto, (max-width: 650px) 100vw, 650px\" \/><\/figure>\n\n\n\n<h3 class=\"wp-block-heading has-text-align-center\">Cole a URL<\/h3>\n\n\n\n<hr class=\"wp-block-separator has-alpha-channel-opacity is-style-wide\"\/>\n\n\n\n<p>Volte para esta p\u00e1gina do downloader do Instagram Reels do UnduhVideoIg.App e cole o link no campo de entrada acima.<\/p>\n<\/div>\n\n\n\n<div class=\"wp-block-column is-layout-flow wp-block-column-is-layout-flow\" style=\"box-shadow:var(--wp--preset--shadow--natural)\">\n<figure class=\"wp-block-image size-full has-custom-border\"><img loading=\"lazy\" decoding=\"async\" width=\"650\" height=\"413\" src=\"https:\/\/unduhvideoig.app\/wp-content\/uploads\/2025\/07\/download.webp\" alt=\"Download\" class=\"wp-image-498\" style=\"border-radius:10px\" srcset=\"https:\/\/unduhvideoig.app\/wp-content\/uploads\/2025\/07\/download.webp 650w, https:\/\/unduhvideoig.app\/wp-content\/uploads\/2025\/07\/download-300x191.webp 300w\" sizes=\"auto, (max-width: 650px) 100vw, 650px\" \/><\/figure>\n\n\n\n<h3 class=\"wp-block-heading has-text-align-center\">Download<\/h3>\n\n\n\n<hr class=\"wp-block-separator has-alpha-channel-opacity is-style-wide\"\/>\n\n\n\n<p>Clique no bot\u00e3o Download. Em segundos, seu Reels video estar\u00e1 pronto para salvar \u2014 em formato MP4 de alta qualidade.<\/p>\n<\/div>\n<\/div>\n\n\n\n<h2 class=\"wp-block-heading has-text-align-center\">UnduhVideoIg.App Reels Downloader<\/h2>\n\n\n\n<hr class=\"wp-block-separator has-alpha-channel-opacity has-fabled-sunset-gradient-background has-background is-style-wide\"\/>\n\n\n\n<div class=\"wp-block-columns is-layout-flex wp-container-core-columns-is-layout-28f84493 wp-block-columns-is-layout-flex\" style=\"box-shadow:var(--wp--preset--shadow--natural)\">\n<div class=\"wp-block-column is-layout-flow wp-block-column-is-layout-flow\" style=\"flex-basis:66.66%\">\n<h3 class=\"wp-block-heading\">Baixar Reels do Instagram<\/h3>\n\n\n\n<p>Os Reels do Instagram s\u00e3o v\u00eddeos verticais curtos (videos). Voc\u00ea pode usar este baixador de Reels em praticamente qualquer dispositivo para baixar qualquer Reels video. Ele \u00e9 totalmente responsivo e funciona sem a necessidade de nenhum aplicativo (installation) para baixar Reels videos do Instagram.<\/p>\n\n\n\n<p>Para baixar Reels videos, do iOS ao Android, do Windows ao Linux \u2014 com o UnduhVideoIg, tudo o que voc\u00ea precisa \u00e9 de um navegador e o link do Instagram.<\/p>\n<\/div>\n\n\n\n<div class=\"wp-block-column is-layout-flow wp-block-column-is-layout-flow\" style=\"flex-basis:33.33%\">\n<figure class=\"wp-block-image size-full\"><img loading=\"lazy\" decoding=\"async\" width=\"600\" height=\"450\" src=\"https:\/\/unduhvideoig.app\/wp-content\/uploads\/2025\/07\/reels_downloader.webp\" alt=\"Baixador de Reels\" class=\"wp-image-472\" srcset=\"https:\/\/unduhvideoig.app\/wp-content\/uploads\/2025\/07\/reels_downloader.webp 600w, https:\/\/unduhvideoig.app\/wp-content\/uploads\/2025\/07\/reels_downloader-300x225.webp 300w\" sizes=\"auto, (max-width: 600px) 100vw, 600px\" \/><\/figure>\n<\/div>\n<\/div>\n\n\n\n<div class=\"wp-block-columns is-layout-flex wp-container-core-columns-is-layout-28f84493 wp-block-columns-is-layout-flex\" style=\"box-shadow:var(--wp--preset--shadow--natural)\">\n<div class=\"wp-block-column is-layout-flow wp-block-column-is-layout-flow\" style=\"flex-basis:33.33%\">\n<figure class=\"wp-block-image size-full\"><img loading=\"lazy\" decoding=\"async\" width=\"600\" height=\"450\" src=\"https:\/\/unduhvideoig.app\/wp-content\/uploads\/2025\/07\/mobile_app.webp\" alt=\"Aplicativo m\u00f3vel\" class=\"wp-image-477\" srcset=\"https:\/\/unduhvideoig.app\/wp-content\/uploads\/2025\/07\/mobile_app.webp 600w, https:\/\/unduhvideoig.app\/wp-content\/uploads\/2025\/07\/mobile_app-300x225.webp 300w\" sizes=\"auto, (max-width: 600px) 100vw, 600px\" \/><\/figure>\n<\/div>\n\n\n\n<div class=\"wp-block-column is-layout-flow wp-block-column-is-layout-flow\" style=\"flex-basis:66.66%\">\n<h3 class=\"wp-block-heading\">Baixe no celular ou desktop \u2014 n\u00e3o precisa de aplicativo<\/h3>\n\n\n\n<p>Tudo funciona diretamente no seu navegador \u2014 sem necessidade de downloads ou extens\u00f5es. Baixe qualquer foto, videos, reels, IGTV com um clique, sem marcas d&#039;\u00e1gua e em alta resolu\u00e7\u00e3o! Mas se voc\u00ea \u00e9 um usu\u00e1rio avan\u00e7ado, fique ligado \u2014 estamos trabalhando em uma extens\u00e3o para navegador para facilitar ainda mais o acesso.<\/p>\n<\/div>\n<\/div>\n\n\n\n<h2 class=\"wp-block-heading has-text-align-center\">Perguntas frequentes (FAQ)<\/h2>\n\n\n\n<hr class=\"wp-block-separator has-alpha-channel-opacity has-fabled-sunset-gradient-background has-background is-style-wide\"\/>\n\n\n\n<p>Aqui voc\u00ea encontrar\u00e1 respostas para perguntas comuns sobre o uso do UnduhVideoIg, o aplicativo para baixar Reels do Instagram. Se a sua d\u00favida n\u00e3o estiver listada, entre em contato conosco por e-mail atrav\u00e9s da nossa p\u00e1gina de contato.<\/p>\n\n\n\n<h3 class=\"wp-block-heading\">Posso baixar Instagram Reels para meu PC ou Mac?<\/h3>\n\n\n\n<p>Sim! Nossa ferramenta na UnduhVideoIg funciona perfeitamente no seu navegador \u2014 n\u00e3o \u00e9 necess\u00e1rio nenhum software adicional para usar este downloader de Reels do Instagram. Voc\u00ea tamb\u00e9m pode usar o downloader de Reels em tablets, iPhones, celulares Android e muito mais.<\/p>\n\n\n\n<h3 class=\"wp-block-heading\">Em qual formato os Reels s\u00e3o baixados com o UnduhVideoIg?<\/h3>\n\n\n\n<p>Todos os videos s\u00e3o salvos como arquivos .mp4, o formato mais amplamente suportado para reprodu\u00e7\u00e3o de video em todos os dispositivos e plataformas.<\/p>\n\n\n\n<h3 class=\"wp-block-heading\">O downloader do Instagram Reels \u00e9 realmente gratuito?<\/h3>\n\n\n\n<p>Com certeza. Sem cadastro, sem assinatura e sem taxas. Usar nosso baixador de Reels do Instagram \u00e9 totalmente gratuito.<\/p>\n\n\n\n<h3 class=\"wp-block-heading\">\u00c9 seguro baixar Instagram Reels?<\/h3>\n\n\n\n<p>Sim, \u00e9 seguro baixar Reels do Instagram com o UnduhVideoIg. N\u00e3o coletamos dados pessoais nem rastreamos seus downloads. Sua atividade permanece privada e segura.<\/p>\n\n\n\n<h3 class=\"wp-block-heading\">Posso usar este downloader UnduhVideoIg Reels em um telefone ou tablet?<\/h3>\n\n\n\n<p>Claro, voc\u00ea pode usar o UnduhVideoIg Reels Downloader sem problemas. O downloader funciona perfeitamente em todos os dispositivos m\u00f3veis, incluindo iPads, celulares Android e iPhones.<\/p>","protected":false},"excerpt":{"rendered":"<p>Instagram Reels Downloader Download Reels from Instagram Download With the usage of our service, you\u2019re accepting our Terms of Usage. Download Instagram Reels Videos With UnduhVideoIg.App reels downloader, you can easily download Instagram Reels videos in MP4 format to your device \u2014 no app and no login. Want to download your favorite Reels for offline [&hellip;]<\/p>\n","protected":false},"author":1,"featured_media":0,"parent":0,"menu_order":0,"comment_status":"closed","ping_status":"closed","template":"","meta":{"slim_seo":{"title":"Download de v\u00eddeos do Instagram Reels \u2013 V\u00eddeos do Reels do Instagram Downloader","description":"Baixe Instagram Reels gratuitamente, sem marca d&#039;\u00e1gua. Salve seus IG Reels videos favoritos de forma r\u00e1pida, f\u00e1cil e em qualidade HD, diretamente online, sem precisar de nenhum aplicativo!"},"footnotes":""},"class_list":["post-323","page","type-page","status-publish","hentry"],"blocksy_meta":{"background":{"background_type":"color","background_pattern":"type-1","background_image":{"attachment_id":null,"x":0,"y":0},"gradient":"linear-gradient(135deg,rgba(6,147,227,1) 0%,rgb(155,81,224) 100%)","background_repeat":"repeat","background_size":"auto","background_attachment":"scroll","patternColor":{"default":{"color":"#e5e7ea"}},"overlayColor":{"default":{"color":"CT_CSS_SKIP_RULE"}},"backgroundColor":{"default":{"color":"CT_CSS_SKIP_RULE"}}},"styles_descriptor":{"styles":{"desktop":"[data-prefix=\"single_page\"] [class*=\"ct-container\"] > article[class*=\"post\"] {--has-boxed:var(--false);--has-wide:var(--true);}","tablet":"","mobile":""},"google_fonts":[],"version":6},"content_style_source":"custom","content_style":"wide","has_hero_section":"disabled"},"_links":{"self":[{"href":"https:\/\/unduhvideoig.app\/pt\/wp-json\/wp\/v2\/pages\/323","targetHints":{"allow":["GET"]}}],"collection":[{"href":"https:\/\/unduhvideoig.app\/pt\/wp-json\/wp\/v2\/pages"}],"about":[{"href":"https:\/\/unduhvideoig.app\/pt\/wp-json\/wp\/v2\/types\/page"}],"author":[{"embeddable":true,"href":"https:\/\/unduhvideoig.app\/pt\/wp-json\/wp\/v2\/users\/1"}],"replies":[{"embeddable":true,"href":"https:\/\/unduhvideoig.app\/pt\/wp-json\/wp\/v2\/comments?post=323"}],"version-history":[{"count":17,"href":"https:\/\/unduhvideoig.app\/pt\/wp-json\/wp\/v2\/pages\/323\/revisions"}],"predecessor-version":[{"id":661,"href":"https:\/\/unduhvideoig.app\/pt\/wp-json\/wp\/v2\/pages\/323\/revisions\/661"}],"wp:attachment":[{"href":"https:\/\/unduhvideoig.app\/pt\/wp-json\/wp\/v2\/media?parent=323"}],"curies":[{"name":"wp","href":"https:\/\/api.w.org\/{rel}","templated":true}]}}