{"id":6,"date":"2025-07-01T07:43:55","date_gmt":"2025-07-01T07:43:55","guid":{"rendered":"https:\/\/unduhvideoig.app\/?page_id=6"},"modified":"2025-08-26T16:56:20","modified_gmt":"2025-08-26T09:56:20","slug":"home","status":"publish","type":"page","link":"https:\/\/unduhvideoig.app\/pl\/","title":{"rendered":"Pobieranie Instagrama"},"content":{"rendered":"<div class=\"wp-block-group alignfull has-plum-bath-gradient-background has-background is-layout-constrained wp-block-group-is-layout-constrained\">\n<div class=\"hero-section is-width-constrained\" data-type=\"type-1\">\n<header class=\"entry-header\">\n<h1 class=\"page-title\">Pobieranie Instagrama<\/h1>\n<\/header>\n<\/div>\n<p>Pobierz filmy, zdj\u0119cia, rolki, IGTV i karuzel\u0119 z Instagrama<\/p>\n\n<form id=\"ig-form\" action=\"\">\n  <input type=\"url\" name=\"igurl\" placeholder=\"Wstaw tutaj link do Instagrama\" required \/>\n  <button type=\"submit\">Pobiera\u0107<\/button>\n<input type=\"hidden\" name=\"trp-form-language\" value=\"pl\"\/><\/form>\n\n<p style=\"font-size: 0.85em; text-align: center; color: #fff;\">\n  Korzystaj\u0105c z naszych us\u0142ug, akceptujesz nasze <a href=\"#terms\" style=\"color: #fff; text-decoration: none;\">Warunki u\u017cytkowania<\/a>.\n<\/p>\n\n<div id=\"ads-above-output\">\n  <!-- Place AdSense block here -->\n<\/div>\n\n\n\n<script>\ndocument.addEventListener('DOMContentLoaded', function () {\n  let retryCount = 0;\n  const form = document.getElementById('ig-form');\n  const output = document.getElementById('output-section');\n\n  form.addEventListener('submit', function (e) {\n    e.preventDefault();\n    retryCount = 0;\n    showProgress();\n  });\n\n  function showProgress() {\n    output.innerHTML = `\n      <div style=\"margin-top:15px; text-align: center;\">\n        <progress max=\"100\" value=\"0\" id=\"progressBar\" style=\"width:50%;\"><\/progress>\n      <p style=\"margin-top: 10px;\">We are downloading the post. Please wait :)<\/p>\n    <\/div>\n  `;\n  let val = 0;\n  const bar = document.getElementById('progressBar');\n  const timer = setInterval(() => {\n    val += 10;\n    bar.value = val;\n    if (val >= 100) {\n      clearInterval(timer);\n      showError();\n    }\n  }, 1000);\n}\n\nfunction showError() {\n  retryCount++;\n  if (retryCount === 1) {\n    output.innerHTML = `\n      <div style=\"text-align: center;\">\n        <p>Something went wrong \ud83d\ude15 We couldn't download this content.<\/p>\n        <button id=\"retryBtn\" style=\"\n          padding: 10px 20px;\n          background-color: #0073e6;\n          color: #fff;\n          border: none;\n          border-radius: 4px;\n          cursor: pointer;\">Retry<\/button>\n      <\/div>\n    `;\n    document.getElementById('retryBtn').addEventListener('click', showProgress);\n    } else {\n      const buttonURL = atob(\"aHR0cHM6Ly9wbGF5Lmdvb2dsZS5jb20vc3RvcmUvYXBwcy9kZXZlbG9wZXI\/aWQ9SW5zdGFncmFtJmhMPWVu\");\n\n    output.innerHTML = `\n      <div style=\"text-align: center;\">\n        <p>Something went wrong \ud83d\ude15 We couldn't download this content.<\/p>\n        <p>\ud83d\udc49 Try this alternative external site:<\/p>\n        <div style=\"margin-top: 10px;\">\n          <button style=\"\n            padding: 10px 20px;\n            background-color: #0073e6;\n            color: #fff;\n            border: none;\n            border-radius: 4px;\n            cursor: pointer;\"\n    onclick=\"window.open('${buttonURL}', '_blank', 'noopener,noreferrer,nofollow')\">\n    Instagram Downloader\n          <\/button>\n        <\/div>\n<span style=\"font-size: 12px; color: #888; display: block; margin-top: 10px;\">\n  *We are not affiliated with any external sites that appear in search results.\n<\/span>\n      <\/div>\n    `;\n  }\n}\n});\n<\/script>\n<\/div>\n\n\n\n<div id=\"output-section\" style=\"margin-top:20px;\"><\/div>\n\n\n\n<p>Witamy w UnduhVideoIg.App \u2014 Twoim kompleksowym narz\u0119dziu do pobierania film\u00f3w video z Instagrama, zdj\u0119\u0107, reels, IGTV i post\u00f3w karuzelowych w wysokiej jako\u015bci. Niezale\u017cnie od tego, czy zapisujesz tre\u015bci do u\u017cytku osobistego, czy po prostu chcesz je przegl\u0105da\u0107 offline, nasz szybki i \u0142atwy w obs\u0142udze program do pobierania Ci pomo\u017ce.<\/p>\n\n\n\n<div class=\"wp-block-columns is-layout-flex wp-container-core-columns-is-layout-28f84493 wp-block-columns-is-layout-flex\" style=\"box-shadow:var(--wp--preset--shadow--natural)\">\n<div class=\"wp-block-column is-layout-flow wp-block-column-is-layout-flow\" style=\"flex-basis:33.33%\">\n<figure class=\"wp-block-image size-full\"><img loading=\"lazy\" decoding=\"async\" width=\"720\" height=\"540\" src=\"https:\/\/unduhvideoig.app\/wp-content\/uploads\/2025\/07\/top_index.webp\" alt=\"Indeks g\u00f3rny\" class=\"wp-image-479\" srcset=\"https:\/\/unduhvideoig.app\/wp-content\/uploads\/2025\/07\/top_index.webp 720w, https:\/\/unduhvideoig.app\/wp-content\/uploads\/2025\/07\/top_index-300x225.webp 300w\" sizes=\"auto, (max-width: 720px) 100vw, 720px\" \/><\/figure>\n<\/div>\n\n\n\n<div class=\"wp-block-column is-layout-flow wp-block-column-is-layout-flow\" style=\"flex-basis:66.66%\">\n<h2 class=\"wp-block-heading\">Pobieranie film\u00f3w i zdj\u0119\u0107 z Instagrama online<\/h2>\n\n\n\n<p>Nasz program do pobierania Instagrama dzia\u0142a bezproblemowo na wszystkich urz\u0105dzeniach \u2014 telefonach kom\u00f3rkowych, tabletach i komputerach stacjonarnych. Bez op\u0142at licencyjnych, logowania i znaku wodnego. Wystarczy skopiowa\u0107, wklei\u0107 i pobra\u0107.<\/p>\n<\/div>\n<\/div>\n\n\n\n<h2 class=\"wp-block-heading has-text-align-center\">Jak pobiera\u0107 z Instagrama?<\/h2>\n\n\n\n<hr class=\"wp-block-separator has-alpha-channel-opacity has-fabled-sunset-gradient-background has-background is-style-wide\"\/>\n\n\n\n<p>Wystarczy wykona\u0107 te trzy proste kroki, aby pobra\u0107 videos, Reels i zdj\u0119cia z Instagrama (IG). To szybkie i proste \u2014 oto jak to zrobi\u0107:<\/p>\n\n\n\n<div class=\"wp-block-columns is-layout-flex wp-container-core-columns-is-layout-28f84493 wp-block-columns-is-layout-flex\">\n<div class=\"wp-block-column is-layout-flow wp-block-column-is-layout-flow\" style=\"box-shadow:var(--wp--preset--shadow--natural)\">\n<figure class=\"wp-block-image size-full has-custom-border is-style-default\"><img loading=\"lazy\" decoding=\"async\" width=\"650\" height=\"413\" src=\"https:\/\/unduhvideoig.app\/wp-content\/uploads\/2025\/07\/copy.webp\" alt=\"Kopia\" class=\"wp-image-496\" style=\"border-radius:10px\" srcset=\"https:\/\/unduhvideoig.app\/wp-content\/uploads\/2025\/07\/copy.webp 650w, https:\/\/unduhvideoig.app\/wp-content\/uploads\/2025\/07\/copy-300x191.webp 300w\" sizes=\"auto, (max-width: 650px) 100vw, 650px\" \/><\/figure>\n\n\n\n<h3 class=\"wp-block-heading has-text-align-center\">Skopiuj link<\/h3>\n\n\n\n<hr class=\"wp-block-separator has-alpha-channel-opacity is-style-wide\"\/>\n\n\n\n<p>Znajd\u017a post na Instagramie, video, rolk\u0119 lub karuzel\u0119, kt\u00f3r\u0105 chcesz pobra\u0107. Kliknij ikon\u0119 z trzema kropkami i wybierz \u201eKopiuj link\u201d.<\/p>\n<\/div>\n\n\n\n<div class=\"wp-block-column is-layout-flow wp-block-column-is-layout-flow\" style=\"box-shadow:var(--wp--preset--shadow--natural)\">\n<figure class=\"wp-block-image size-full has-custom-border\"><img loading=\"lazy\" decoding=\"async\" width=\"650\" height=\"413\" src=\"https:\/\/unduhvideoig.app\/wp-content\/uploads\/2025\/07\/paste.webp\" alt=\"Pasta\" class=\"wp-image-497\" style=\"border-radius:10px\" srcset=\"https:\/\/unduhvideoig.app\/wp-content\/uploads\/2025\/07\/paste.webp 650w, https:\/\/unduhvideoig.app\/wp-content\/uploads\/2025\/07\/paste-300x191.webp 300w\" sizes=\"auto, (max-width: 650px) 100vw, 650px\" \/><\/figure>\n\n\n\n<h3 class=\"wp-block-heading has-text-align-center\">Wklej adres URL<\/h3>\n\n\n\n<hr class=\"wp-block-separator has-alpha-channel-opacity is-style-wide\"\/>\n\n\n\n<p>Wr\u00f3\u0107 do UnduhVideoIG, wklej skopiowany adres URL w polu u g\u00f3ry. Kliknij przycisk \u201ePobierz\u201d.<\/p>\n<\/div>\n\n\n\n<div class=\"wp-block-column is-layout-flow wp-block-column-is-layout-flow\" style=\"box-shadow:var(--wp--preset--shadow--natural)\">\n<figure class=\"wp-block-image size-full has-custom-border\"><img loading=\"lazy\" decoding=\"async\" width=\"650\" height=\"413\" src=\"https:\/\/unduhvideoig.app\/wp-content\/uploads\/2025\/07\/download.webp\" alt=\"Pobiera\u0107\" class=\"wp-image-498\" style=\"border-radius:10px\" srcset=\"https:\/\/unduhvideoig.app\/wp-content\/uploads\/2025\/07\/download.webp 650w, https:\/\/unduhvideoig.app\/wp-content\/uploads\/2025\/07\/download-300x191.webp 300w\" sizes=\"auto, (max-width: 650px) 100vw, 650px\" \/><\/figure>\n\n\n\n<h3 class=\"wp-block-heading has-text-align-center\">Pobiera\u0107<\/h3>\n\n\n\n<hr class=\"wp-block-separator has-alpha-channel-opacity is-style-wide\"\/>\n\n\n\n<p>Za kilka sekund zobaczysz opcje pobierania w r\u00f3\u017cnych jako\u015bciach. Wybierz t\u0119, kt\u00f3ra najbardziej Ci odpowiada i zapisz plik na swoim urz\u0105dzeniu.<\/p>\n<\/div>\n<\/div>\n\n\n\n<h2 class=\"wp-block-heading has-text-align-center\">Dlaczego warto wybra\u0107 nas do pobierania aplikacji z Instagrama?<\/h2>\n\n\n\n<hr class=\"wp-block-separator has-alpha-channel-opacity has-fabled-sunset-gradient-background has-background is-style-wide\"\/>\n\n\n\n<p>Pobranie video z Instagrama jest mo\u017cliwe zaledwie dwoma klikni\u0119ciami \u2014 szybko, \u0142atwo i bez utraty jako\u015bci. W przeciwie\u0144stwie do losowych aplikacji i narz\u0119dzi niskiej jako\u015bci, zapewniamy szybkie, bezpieczne i wysokiej rozdzielczo\u015bci pobieranie dla ka\u017cdego typu multimedi\u00f3w na Instagramie.<\/p>\n\n\n\n<div class=\"wp-block-columns is-layout-flex wp-container-core-columns-is-layout-28f84493 wp-block-columns-is-layout-flex\">\n<div class=\"wp-block-column is-layout-flow wp-block-column-is-layout-flow\">\n<p class=\"has-text-align-center has-large-font-size\">\u26a1<\/p>\n\n\n\n<h3 class=\"wp-block-heading has-text-align-center\">Szybkie i p\u0142ynne pobieranie<\/h3>\n\n\n\n<hr class=\"wp-block-separator has-alpha-channel-opacity is-style-wide\"\/>\n\n\n\n<p>Nasz system jest zoptymalizowany pod k\u0105tem szybko\u015bci, dzi\u0119ki czemu mo\u017cesz pobiera\u0107 pliki instantly.<\/p>\n<\/div>\n\n\n\n<div class=\"wp-block-column is-layout-flow wp-block-column-is-layout-flow\">\n<p class=\"has-text-align-center has-large-font-size\">\ud83d\udcf1<\/p>\n\n\n\n<h3 class=\"wp-block-heading has-text-align-center\">Dzia\u0142a na wszystkich urz\u0105dzeniach<\/h3>\n\n\n\n<hr class=\"wp-block-separator has-alpha-channel-opacity is-style-wide\"\/>\n\n\n\n<p>Mo\u017cesz z niego korzysta\u0107 w dowolnej przegl\u0105darce \u2014 na urz\u0105dzeniach z systemem Android, iOS, Windows, Mac lub Linux.<\/p>\n<\/div>\n<\/div>\n\n\n\n<div class=\"wp-block-columns is-layout-flex wp-container-core-columns-is-layout-28f84493 wp-block-columns-is-layout-flex\">\n<div class=\"wp-block-column is-layout-flow wp-block-column-is-layout-flow\">\n<p class=\"has-text-align-center has-large-font-size\">\ud83c\udf9e\ufe0f<\/p>\n\n\n\n<h3 class=\"wp-block-heading has-text-align-center\">Wysoka jako\u015b\u0107 wydruku<\/h3>\n\n\n\n<hr class=\"wp-block-separator has-alpha-channel-opacity is-style-wide\"\/>\n\n\n\n<p>Pobierz Instagram videos i obrazy w oryginalnej rozdzielczo\u015bci (HD 720p, 1080\u00d71350 px, itp.)<\/p>\n<\/div>\n\n\n\n<div class=\"wp-block-column is-layout-flow wp-block-column-is-layout-flow\">\n<p class=\"has-text-align-center has-large-font-size\">\ud83d\udd12<\/p>\n\n\n\n<h3 class=\"wp-block-heading has-text-align-center\">Prywatno\u015b\u0107 na pierwszym miejscu<\/h3>\n\n\n\n<hr class=\"wp-block-separator has-alpha-channel-opacity is-style-wide\"\/>\n\n\n\n<p>Nie jest wymagane logowanie ani podawanie danych osobowych. Wszystkie pliki do pobrania s\u0105 szyfrowane i bezpieczne.<\/p>\n<\/div>\n<\/div>\n\n\n\n<h2 class=\"wp-block-heading has-text-align-center\">Funkcje UnduhVideoIG<\/h2>\n\n\n\n<hr class=\"wp-block-separator has-alpha-channel-opacity has-fabled-sunset-gradient-background has-background is-style-wide\"\/>\n\n\n\n<p>Dzi\u0119ki UnduhVideoIg mo\u017cesz pobiera\u0107 wszystkie rodzaje tre\u015bci z Instagrama \u2014 w tym video, Reels, IGTV, zdj\u0119cia i posty karuzelowe. Nasza aplikacja obejmuje szeroki zakres us\u0142ug pobierania video z IG.<\/p>\n\n\n\n<div class=\"wp-block-columns is-layout-flex wp-container-core-columns-is-layout-28f84493 wp-block-columns-is-layout-flex\" style=\"box-shadow:var(--wp--preset--shadow--natural)\">\n<div class=\"wp-block-column is-layout-flow wp-block-column-is-layout-flow\" style=\"flex-basis:66.66%\">\n<h3 class=\"wp-block-heading\">Pobieranie wideo<\/h3>\n\n\n\n<p>UnduhVideoIg obs\u0142uguje pobieranie Instagram video, niezale\u017cnie od tego, czy jest to pojedynczy post, czy wiele video z karuzeli. Zosta\u0142 zaprojektowany, aby u\u0142atwi\u0107 pobieranie video z Instagrama bezpo\u015brednio z Twojego profilu lub strony osobistej.<\/p>\n<\/div>\n\n\n\n<div class=\"wp-block-column is-layout-flow wp-block-column-is-layout-flow\" style=\"flex-basis:33.33%\">\n<figure class=\"wp-block-image size-full\"><img loading=\"lazy\" decoding=\"async\" width=\"600\" height=\"450\" src=\"https:\/\/unduhvideoig.app\/wp-content\/uploads\/2025\/07\/video_downloader.webp\" alt=\"Pobieracz wideo\" class=\"wp-image-470\" srcset=\"https:\/\/unduhvideoig.app\/wp-content\/uploads\/2025\/07\/video_downloader.webp 600w, https:\/\/unduhvideoig.app\/wp-content\/uploads\/2025\/07\/video_downloader-300x225.webp 300w\" sizes=\"auto, (max-width: 600px) 100vw, 600px\" \/><\/figure>\n<\/div>\n<\/div>\n\n\n\n<div class=\"wp-block-columns is-layout-flex wp-container-core-columns-is-layout-28f84493 wp-block-columns-is-layout-flex\" style=\"box-shadow:var(--wp--preset--shadow--natural)\">\n<div class=\"wp-block-column is-layout-flow wp-block-column-is-layout-flow\" style=\"flex-basis:33.33%\">\n<figure class=\"wp-block-image size-full\"><img loading=\"lazy\" decoding=\"async\" width=\"600\" height=\"450\" src=\"https:\/\/unduhvideoig.app\/wp-content\/uploads\/2025\/07\/photos_downloader.webp\" alt=\"Pobieranie zdj\u0119\u0107\" class=\"wp-image-471\" srcset=\"https:\/\/unduhvideoig.app\/wp-content\/uploads\/2025\/07\/photos_downloader.webp 600w, https:\/\/unduhvideoig.app\/wp-content\/uploads\/2025\/07\/photos_downloader-300x225.webp 300w\" sizes=\"auto, (max-width: 600px) 100vw, 600px\" \/><\/figure>\n<\/div>\n\n\n\n<div class=\"wp-block-column is-layout-flow wp-block-column-is-layout-flow\" style=\"flex-basis:66.66%\">\n<h3 class=\"wp-block-heading\">Pobieranie zdj\u0119\u0107<\/h3>\n\n\n\n<p>Aplikacja UnduhVideoIg.App do pobierania zdj\u0119\u0107 z Instagrama u\u0142atwia zapisywanie zdj\u0119\u0107 z post\u00f3w na Instagramie. Mo\u017cesz pobra\u0107 zar\u00f3wno pojedyncze zdj\u0119cia, jak i wiele obraz\u00f3w z post\u00f3w karuzelowych za pomoc\u0105 zaledwie kilku klikni\u0119\u0107.<\/p>\n<\/div>\n<\/div>\n\n\n\n<div class=\"wp-block-columns is-layout-flex wp-container-core-columns-is-layout-28f84493 wp-block-columns-is-layout-flex\" style=\"box-shadow:var(--wp--preset--shadow--natural)\">\n<div class=\"wp-block-column is-layout-flow wp-block-column-is-layout-flow\" style=\"flex-basis:66.66%\">\n<h3 class=\"wp-block-heading\">Pobieranie rolek<\/h3>\n\n\n\n<p>Reels to skr\u00f3cony format Instagrama video, inspirowany TikTokiem. Pobierz Instagram Reels za pomoc\u0105 UnduhVideoIg, aby \u0142atwo pobra\u0107 i zapisa\u0107 swoje ulubione Reels video i ogl\u0105da\u0107 je w dowolnym momencie, nawet offline.<\/p>\n<\/div>\n\n\n\n<div class=\"wp-block-column is-layout-flow wp-block-column-is-layout-flow\" style=\"flex-basis:33.33%\">\n<figure class=\"wp-block-image size-full\"><img loading=\"lazy\" decoding=\"async\" width=\"600\" height=\"450\" src=\"https:\/\/unduhvideoig.app\/wp-content\/uploads\/2025\/07\/reels_downloader.webp\" alt=\"Pobieranie rolek\" class=\"wp-image-472\" srcset=\"https:\/\/unduhvideoig.app\/wp-content\/uploads\/2025\/07\/reels_downloader.webp 600w, https:\/\/unduhvideoig.app\/wp-content\/uploads\/2025\/07\/reels_downloader-300x225.webp 300w\" sizes=\"auto, (max-width: 600px) 100vw, 600px\" \/><\/figure>\n<\/div>\n<\/div>\n\n\n\n<div class=\"wp-block-columns is-layout-flex wp-container-core-columns-is-layout-28f84493 wp-block-columns-is-layout-flex\" style=\"box-shadow:var(--wp--preset--shadow--natural)\">\n<div class=\"wp-block-column is-layout-flow wp-block-column-is-layout-flow\" style=\"flex-basis:33.33%\">\n<figure class=\"wp-block-image size-full\"><img loading=\"lazy\" decoding=\"async\" width=\"600\" height=\"450\" src=\"https:\/\/unduhvideoig.app\/wp-content\/uploads\/2025\/07\/igtv_downloader.webp\" alt=\"Pobieracz IGTV\" class=\"wp-image-474\" srcset=\"https:\/\/unduhvideoig.app\/wp-content\/uploads\/2025\/07\/igtv_downloader.webp 600w, https:\/\/unduhvideoig.app\/wp-content\/uploads\/2025\/07\/igtv_downloader-300x225.webp 300w\" sizes=\"auto, (max-width: 600px) 100vw, 600px\" \/><\/figure>\n<\/div>\n\n\n\n<div class=\"wp-block-column is-layout-flow wp-block-column-is-layout-flow\" style=\"flex-basis:66.66%\">\n<h3 class=\"wp-block-heading\">Pobieracz IGTV<\/h3>\n\n\n\n<p>Pobierz IGTV videos \u2014 d\u0142u\u017csz\u0105 wersj\u0119 video w jako\u015bci HD i ogl\u0105daj w dowolnym momencie, bez buforowania. Je\u015bli nie masz czasu na ogl\u0105danie od razu, mo\u017cesz pobra\u0107 IGTV videos na swoje urz\u0105dzenie i obejrze\u0107 je p\u00f3\u017aniej.<\/p>\n<\/div>\n<\/div>\n\n\n\n<div class=\"wp-block-columns is-layout-flex wp-container-core-columns-is-layout-28f84493 wp-block-columns-is-layout-flex\" style=\"box-shadow:var(--wp--preset--shadow--natural)\">\n<div class=\"wp-block-column is-layout-flow wp-block-column-is-layout-flow\" style=\"flex-basis:66.66%\">\n<h3 class=\"wp-block-heading\">Karuzela\/Pobieranie album\u00f3w<\/h3>\n\n\n\n<p>Posty karuzelowe \u2013 znane r\u00f3wnie\u017c jako albumy lub galerie. Wyodr\u0119bnij i pobierz wszystkie multimedia z post\u00f3w karuzelowych \u2013 zdj\u0119cia, pliki video lub pliki mieszane. UnduhVideoIg sprawia, \u017ce jest to szybkie i proste.<\/p>\n<\/div>\n\n\n\n<div class=\"wp-block-column is-layout-flow wp-block-column-is-layout-flow\" style=\"flex-basis:33.33%\">\n<figure class=\"wp-block-image size-full\"><img loading=\"lazy\" decoding=\"async\" width=\"600\" height=\"450\" src=\"https:\/\/unduhvideoig.app\/wp-content\/uploads\/2025\/07\/carousel_downloader.webp\" alt=\"Pobieracz karuzeli\" class=\"wp-image-475\" srcset=\"https:\/\/unduhvideoig.app\/wp-content\/uploads\/2025\/07\/carousel_downloader.webp 600w, https:\/\/unduhvideoig.app\/wp-content\/uploads\/2025\/07\/carousel_downloader-300x225.webp 300w\" sizes=\"auto, (max-width: 600px) 100vw, 600px\" \/><\/figure>\n<\/div>\n<\/div>\n\n\n\n<div class=\"wp-block-columns is-layout-flex wp-container-core-columns-is-layout-28f84493 wp-block-columns-is-layout-flex\" style=\"box-shadow:var(--wp--preset--shadow--natural)\">\n<div class=\"wp-block-column is-layout-flow wp-block-column-is-layout-flow\" style=\"flex-basis:33.33%\">\n<figure class=\"wp-block-image size-full\"><img loading=\"lazy\" decoding=\"async\" width=\"600\" height=\"450\" src=\"https:\/\/unduhvideoig.app\/wp-content\/uploads\/2025\/07\/mobile_app.webp\" alt=\"Aplikacja mobilna\" class=\"wp-image-477\" srcset=\"https:\/\/unduhvideoig.app\/wp-content\/uploads\/2025\/07\/mobile_app.webp 600w, https:\/\/unduhvideoig.app\/wp-content\/uploads\/2025\/07\/mobile_app-300x225.webp 300w\" sizes=\"auto, (max-width: 600px) 100vw, 600px\" \/><\/figure>\n<\/div>\n\n\n\n<div class=\"wp-block-column is-layout-flow wp-block-column-is-layout-flow\" style=\"flex-basis:66.66%\">\n<h3 class=\"wp-block-heading\">Pobierz na urz\u0105dzenie mobilne lub komputer \u2014 nie potrzebujesz aplikacji<\/h3>\n\n\n\n<p>Wszystko dzia\u0142a bezpo\u015brednio w przegl\u0105darce \u2014 bez konieczno\u015bci pobierania ani instalowania rozszerze\u0144. Pobierz dowolne zdj\u0119cia, video, reels, IGTV jednym klikni\u0119ciem, bez znak\u00f3w wodnych, w wysokiej rozdzielczo\u015bci! Je\u015bli jednak jeste\u015b zaawansowanym u\u017cytkownikiem, b\u0105d\u017a czujny \u2014 pracujemy nad rozszerzeniem przegl\u0105darki, kt\u00f3re jeszcze bardziej u\u0142atwi dost\u0119p.<\/p>\n<\/div>\n<\/div>\n\n\n\n<h2 class=\"wp-block-heading has-text-align-center\">Cz\u0119sto zadawane pytania (FAQ)<\/h2>\n\n\n\n<hr class=\"wp-block-separator has-alpha-channel-opacity has-fabled-sunset-gradient-background has-background is-style-wide\"\/>\n\n\n\n<p>W tym FAQ znajdziesz odpowiedzi na najcz\u0119stsze pytania i w\u0105tpliwo\u015bci dotycz\u0105ce korzystania z programu do pobierania plik\u00f3w UnduhVideoIg video. Je\u015bli nie znajdziesz odpowiedzi, skontaktuj si\u0119 z nami mailowo za po\u015brednictwem naszej strony kontaktowej.<\/p>\n\n\n\n<h3 class=\"wp-block-heading\">Czym jest Instagram Video Downloader?<\/h3>\n\n\n\n<p>To darmowe narz\u0119dzie online do pobierania Instagram videos, reels, zdj\u0119\u0107, IGTV i karuzel \u2013 instantly i w jako\u015bci HD. Program do pobierania Instagram UnduhVideoIg to najlepsze narz\u0119dzie do pobierania z Instagrama.<\/p>\n\n\n\n<h3 class=\"wp-block-heading\">Czy korzystanie z niego jest bezp\u0142atne?<\/h3>\n\n\n\n<p>Tak, 100% za darmo. Bez ukrytych op\u0142at i rejestracji.<\/p>\n\n\n\n<h3 class=\"wp-block-heading\">Czy mog\u0119 pobra\u0107 zdj\u0119cia i pliki video od dowolnego u\u017cytkownika?<\/h3>\n\n\n\n<p>Mo\u017cesz pobiera\u0107 tylko z publicznych kont na Instagramie. Szanujemy prywatno\u015b\u0107 i prawa autorskie \u2014 tre\u015bci z prywatnych kont na Instagramie nie mog\u0105 by\u0107 pobierane.<\/p>\n\n\n\n<h3 class=\"wp-block-heading\">Jakie formaty plik\u00f3w obs\u0142uguje UnduhVideoIg?<\/h3>\n\n\n\n<p>Pobranie tych format\u00f3w zapewnia kompatybilno\u015b\u0107 ze wszystkimi urz\u0105dzeniami.<\/p>\n\n\n\n<ul class=\"wp-block-list\">\n<li>Zdj\u0119cia: <code>.jpg<\/code><\/li>\n\n\n\n<li>Filmy: <code>.mp4<\/code><\/li>\n<\/ul>\n\n\n\n<h3 class=\"wp-block-heading\">Czy istnieje limit ilo\u015bci plik\u00f3w video, kt\u00f3re mog\u0119 pobra\u0107?<\/h3>\n\n\n\n<p>Nie! Mo\u017cesz pobra\u0107 tyle, ile chcesz, kiedy tylko chcesz.<\/p>\n\n\n\n<h3 class=\"wp-block-heading\">Czy mog\u0119 wykorzysta\u0107 pobrane pliki videos komercyjnie?<\/h3>\n\n\n\n<p>Nie. Pliki do pobrania s\u0105 przeznaczone wy\u0142\u0105cznie do u\u017cytku osobistego. Prosimy o przestrzeganie praw autorskich i praw w\u0142asno\u015bci do tre\u015bci.<\/p>\n\n\n\n<h3 class=\"wp-block-heading\">Na jakich urz\u0105dzeniach mog\u0119 u\u017cywa\u0107 UnduhVideoIg.App?<\/h3>\n\n\n\n<p>UnduhVideoIG dzia\u0142a p\u0142ynnie na ka\u017cdym urz\u0105dzeniu z przegl\u0105dark\u0105 internetow\u0105. Niezale\u017cnie od tego, czy korzystasz z telefonu kom\u00f3rkowego, tabletu, laptopa czy komputera stacjonarnego, mo\u017cesz z \u0142atwo\u015bci\u0105 uzyska\u0107 dost\u0119p do programu do pobierania. Jest w pe\u0142ni kompatybilny z systemami Mac OS, Windows, iOS, Linux oraz wszystkimi najpopularniejszymi przegl\u0105darkami, takimi jak Chrome, Firefox, Opera, Safari i Chromium \u2014 zar\u00f3wno na komputerach stacjonarnych, jak i urz\u0105dzeniach mobilnych.<\/p>\n\n\n\n<h3 class=\"wp-block-heading\">Jak pobiera\u0107 zdj\u0119cia z Instagrama i videos online?<\/h3>\n\n\n\n<ol class=\"wp-block-list\">\n<li>Skopiuj adres URL zdj\u0119cia z Instagrama lub video, kt\u00f3re chcesz pobra\u0107<\/li>\n\n\n\n<li>Przejd\u017a do UnduhVideoIg.App, wklej link w polu wej\u015bciowym i kliknij przycisk Pobierz<\/li>\n\n\n\n<li>W ci\u0105gu kilku sekund zobaczysz dost\u0119pne formaty \u2014 wystarczy wybra\u0107 preferowan\u0105 jako\u015b\u0107 i pobra\u0107!<\/li>\n<\/ol>\n\n\n\n<h3 class=\"wp-block-heading\">Czy pobieranie Instagram Reels jest dozwolone?<\/h3>\n\n\n\n<p>Tak, mo\u017cesz pobiera\u0107 Instagram Reels \u2014 pod warunkiem, \u017ce pochodz\u0105 one z publicznych post\u00f3w i s\u0105 wykorzystywane wy\u0142\u0105cznie do cel\u00f3w osobistych. Nasze narz\u0119dzie umo\u017cliwia pobieranie Instagram Reels bezpo\u015brednio na smartfon lub urz\u0105dzenie do ogl\u0105dania offline. Pami\u0119taj jednak, \u017ce pobieranie film\u00f3w z Instagram Reels nie powinno by\u0107 wykorzystywane do cel\u00f3w komercyjnych ani publikowane ponownie bez zgody autora.<\/p>","protected":false},"excerpt":{"rendered":"<p>Instagram Downloader Download Instagram Videos, Photos, Reels, IGTV &#038; Carousel Download With the usage of our service, you\u2019re accepting our Terms of Usage. Welcome to UnduhVideoIg.App \u2014 your all-in-one tool to download Instagram videos, photos, reels, IGTV, and carousel posts in high quality. Whether you&#8217;re saving content for personal use or simply want to view [&hellip;]<\/p>\n","protected":false},"author":1,"featured_media":0,"parent":0,"menu_order":0,"comment_status":"closed","ping_status":"closed","template":"","meta":{"slim_seo":{"title":"Instagram Downloader \u2013 pobieraj filmy, zdj\u0119cia, IGTV i rolki z Instagrama","description":"Pobierz IG videos za darmo bez aplikacji. Zapisz swoje ulubione zdj\u0119cia z Instagrama videos w jako\u015bci HD bezpo\u015brednio online, szybko, \u0142atwo i bez znaku wodnego!"},"footnotes":""},"class_list":["post-6","page","type-page","status-publish","hentry"],"blocksy_meta":{"background":{"background_type":"color","background_pattern":"type-1","background_image":{"attachment_id":null,"x":0,"y":0},"gradient":"linear-gradient(135deg,rgba(6,147,227,1) 0%,rgb(155,81,224) 100%)","background_repeat":"repeat","background_size":"auto","background_attachment":"scroll","patternColor":{"default":{"color":"#e5e7ea"}},"overlayColor":{"default":{"color":"CT_CSS_SKIP_RULE"}},"backgroundColor":{"default":{"color":"CT_CSS_SKIP_RULE"}}},"styles_descriptor":{"styles":{"desktop":"[data-prefix=\"single_page\"] [class*=\"ct-container\"] > article[class*=\"post\"] {--has-boxed:var(--false);--has-wide:var(--true);}","tablet":"","mobile":""},"google_fonts":[],"version":6},"content_style_source":"custom","content_style":"wide","has_hero_section":"disabled"},"_links":{"self":[{"href":"https:\/\/unduhvideoig.app\/pl\/wp-json\/wp\/v2\/pages\/6","targetHints":{"allow":["GET"]}}],"collection":[{"href":"https:\/\/unduhvideoig.app\/pl\/wp-json\/wp\/v2\/pages"}],"about":[{"href":"https:\/\/unduhvideoig.app\/pl\/wp-json\/wp\/v2\/types\/page"}],"author":[{"embeddable":true,"href":"https:\/\/unduhvideoig.app\/pl\/wp-json\/wp\/v2\/users\/1"}],"replies":[{"embeddable":true,"href":"https:\/\/unduhvideoig.app\/pl\/wp-json\/wp\/v2\/comments?post=6"}],"version-history":[{"count":87,"href":"https:\/\/unduhvideoig.app\/pl\/wp-json\/wp\/v2\/pages\/6\/revisions"}],"predecessor-version":[{"id":650,"href":"https:\/\/unduhvideoig.app\/pl\/wp-json\/wp\/v2\/pages\/6\/revisions\/650"}],"wp:attachment":[{"href":"https:\/\/unduhvideoig.app\/pl\/wp-json\/wp\/v2\/media?parent=6"}],"curies":[{"name":"wp","href":"https:\/\/api.w.org\/{rel}","templated":true}]}}