{"id":323,"date":"2025-07-08T17:20:00","date_gmt":"2025-07-08T10:20:00","guid":{"rendered":"https:\/\/unduhvideoig.app\/?page_id=323"},"modified":"2025-08-26T17:02:52","modified_gmt":"2025-08-26T10:02:52","slug":"instagram-reels","status":"publish","type":"page","link":"https:\/\/unduhvideoig.app\/pl\/instagram-reels\/","title":{"rendered":"Pobieranie rolek z Instagrama"},"content":{"rendered":"<div class=\"wp-block-group alignfull has-plum-bath-gradient-background has-background is-layout-constrained wp-block-group-is-layout-constrained\">\n<div class=\"hero-section is-width-constrained\" data-type=\"type-1\">\n<header class=\"entry-header\">\n<h1 class=\"page-title\">Pobieranie rolek z Instagrama<\/h1>\n<\/header>\n<\/div>\n<p>Pobierz Reels z Instagrama<\/p>\n\n<form id=\"ig-form\" action=\"\">\n  <input type=\"url\" name=\"igurl\" placeholder=\"Wstaw tutaj link do Instagrama\" required \/>\n  <button type=\"submit\">Pobiera\u0107<\/button>\n<input type=\"hidden\" name=\"trp-form-language\" value=\"pl\"\/><\/form>\n\n<p style=\"font-size: 0.85em; text-align: center; color: #fff;\">\n  Korzystaj\u0105c z naszych us\u0142ug, akceptujesz nasze <a href=\"#terms\" style=\"color: #fff; text-decoration: none;\">Warunki u\u017cytkowania<\/a>.\n<\/p>\n\n<div id=\"ads-above-output\">\n  <!-- Place AdSense block here -->\n<\/div>\n\n\n\n<script>\ndocument.addEventListener('DOMContentLoaded', function () {\n  let retryCount = 0;\n  const form = document.getElementById('ig-form');\n  const output = document.getElementById('output-section');\n\n  form.addEventListener('submit', function (e) {\n    e.preventDefault();\n    retryCount = 0;\n    showProgress();\n  });\n\n  function showProgress() {\n    output.innerHTML = `\n      <div style=\"margin-top:15px; text-align: center;\">\n        <progress max=\"100\" value=\"0\" id=\"progressBar\" style=\"width:50%;\"><\/progress>\n      <p style=\"margin-top: 10px;\">We are downloading the post. Please wait :)<\/p>\n    <\/div>\n  `;\n  let val = 0;\n  const bar = document.getElementById('progressBar');\n  const timer = setInterval(() => {\n    val += 10;\n    bar.value = val;\n    if (val >= 100) {\n      clearInterval(timer);\n      showError();\n    }\n  }, 1000);\n}\n\nfunction showError() {\n  retryCount++;\n  if (retryCount === 1) {\n    output.innerHTML = `\n      <div style=\"text-align: center;\">\n        <p>Something went wrong \ud83d\ude15 We couldn't download this content.<\/p>\n        <button id=\"retryBtn\" style=\"\n          padding: 10px 20px;\n          background-color: #0073e6;\n          color: #fff;\n          border: none;\n          border-radius: 4px;\n          cursor: pointer;\">Retry<\/button>\n      <\/div>\n    `;\n    document.getElementById('retryBtn').addEventListener('click', showProgress);\n    } else {\n      const buttonURL = atob(\"aHR0cHM6Ly9wbGF5Lmdvb2dsZS5jb20vc3RvcmUvYXBwcy9kZXZlbG9wZXI\/aWQ9SW5zdGFncmFtJmhMPWVu\");\n\n    output.innerHTML = `\n      <div style=\"text-align: center;\">\n        <p>Something went wrong \ud83d\ude15 We couldn't download this content.<\/p>\n        <p>\ud83d\udc49 Try this alternative external site:<\/p>\n        <div style=\"margin-top: 10px;\">\n          <button style=\"\n            padding: 10px 20px;\n            background-color: #0073e6;\n            color: #fff;\n            border: none;\n            border-radius: 4px;\n            cursor: pointer;\"\n    onclick=\"window.open('${buttonURL}', '_blank', 'noopener,noreferrer,nofollow')\">\n    Instagram Downloader\n          <\/button>\n        <\/div>\n<span style=\"font-size: 12px; color: #888; display: block; margin-top: 10px;\">\n  *We are not affiliated with any external sites that appear in search results.\n<\/span>\n      <\/div>\n    `;\n  }\n}\n});\n<\/script>\n<\/div>\n\n\n\n<div id=\"output-section\" style=\"margin-top:20px;\"><\/div>\n\n\n\n<div class=\"wp-block-columns is-layout-flex wp-container-core-columns-is-layout-28f84493 wp-block-columns-is-layout-flex\" style=\"box-shadow:var(--wp--preset--shadow--natural)\">\n<div class=\"wp-block-column is-layout-flow wp-block-column-is-layout-flow\" style=\"flex-basis:33.33%\">\n<figure class=\"wp-block-image size-full\"><img loading=\"lazy\" decoding=\"async\" width=\"720\" height=\"540\" src=\"https:\/\/unduhvideoig.app\/wp-content\/uploads\/2025\/07\/top_index.webp\" alt=\"Indeks g\u00f3rny\" class=\"wp-image-479\" srcset=\"https:\/\/unduhvideoig.app\/wp-content\/uploads\/2025\/07\/top_index.webp 720w, https:\/\/unduhvideoig.app\/wp-content\/uploads\/2025\/07\/top_index-300x225.webp 300w\" sizes=\"auto, (max-width: 720px) 100vw, 720px\" \/><\/figure>\n<\/div>\n\n\n\n<div class=\"wp-block-column is-layout-flow wp-block-column-is-layout-flow\" style=\"flex-basis:66.66%\">\n<h2 class=\"wp-block-heading\">Pobierz filmy z Instagram Reels<\/h2>\n\n\n\n<p>Dzi\u0119ki aplikacji do pobierania UnduhVideoIg.App reels mo\u017cesz \u0142atwo pobra\u0107 Instagram Reels videos w formacie MP4 na swoje urz\u0105dzenie \u2014 bez aplikacji i logowania. Chcesz pobra\u0107 swoje ulubione Reels do ogl\u0105dania offline lub udost\u0119pnienia p\u00f3\u017aniej?<\/p>\n\n\n\n<p>Niezale\u017cnie od tego, czy korzystasz z urz\u0105dzenia mobilnego, czy komputera stacjonarnego, nasz program do pobierania film\u00f3w Reels dzia\u0142a bezpiecznie i bezproblemowo podczas pobierania film\u00f3w Reels videos. To najprostszy spos\u00f3b na zachowanie ulubionych tre\u015bci bezpo\u015brednio na Twoim urz\u0105dzeniu.<\/p>\n<\/div>\n<\/div>\n\n\n\n<h2 class=\"wp-block-heading has-text-align-center\">Jak pobra\u0107 Instagram Reels?<\/h2>\n\n\n\n<hr class=\"wp-block-separator has-alpha-channel-opacity has-fabled-sunset-gradient-background has-background is-style-wide\"\/>\n\n\n\n<p>Aby skorzysta\u0107 z naszego programu do pobierania film\u00f3w z Instagrama, wykonaj trzy proste kroki. Dzi\u0119ki niemu zapisywanie ulubionych film\u00f3w z Instagrama b\u0119dzie szybkie, proste i bezproblemowe.<\/p>\n\n\n\n<div class=\"wp-block-columns is-layout-flex wp-container-core-columns-is-layout-28f84493 wp-block-columns-is-layout-flex\">\n<div class=\"wp-block-column is-layout-flow wp-block-column-is-layout-flow\" style=\"box-shadow:var(--wp--preset--shadow--natural)\">\n<figure class=\"wp-block-image size-full has-custom-border\"><img loading=\"lazy\" decoding=\"async\" width=\"650\" height=\"413\" src=\"https:\/\/unduhvideoig.app\/wp-content\/uploads\/2025\/07\/copy.webp\" alt=\"Kopia\" class=\"wp-image-496\" style=\"border-radius:10px\" srcset=\"https:\/\/unduhvideoig.app\/wp-content\/uploads\/2025\/07\/copy.webp 650w, https:\/\/unduhvideoig.app\/wp-content\/uploads\/2025\/07\/copy-300x191.webp 300w\" sizes=\"auto, (max-width: 650px) 100vw, 650px\" \/><\/figure>\n\n\n\n<h3 class=\"wp-block-heading has-text-align-center\">Skopiuj link<\/h3>\n\n\n\n<hr class=\"wp-block-separator has-alpha-channel-opacity is-style-wide\"\/>\n\n\n\n<p>Otw\u00f3rz Instagram (aplikacj\u0119 lub przegl\u0105dark\u0119), przejd\u017a do interesuj\u0105cych Ci\u0119 rolek, dotknij menu \u22ef i wybierz opcj\u0119 \u201eKopiuj link\u201d.<\/p>\n<\/div>\n\n\n\n<div class=\"wp-block-column is-layout-flow wp-block-column-is-layout-flow\" style=\"box-shadow:var(--wp--preset--shadow--natural)\">\n<figure class=\"wp-block-image size-full has-custom-border\"><img loading=\"lazy\" decoding=\"async\" width=\"650\" height=\"413\" src=\"https:\/\/unduhvideoig.app\/wp-content\/uploads\/2025\/07\/paste.webp\" alt=\"Pasta\" class=\"wp-image-497\" style=\"border-radius:10px\" srcset=\"https:\/\/unduhvideoig.app\/wp-content\/uploads\/2025\/07\/paste.webp 650w, https:\/\/unduhvideoig.app\/wp-content\/uploads\/2025\/07\/paste-300x191.webp 300w\" sizes=\"auto, (max-width: 650px) 100vw, 650px\" \/><\/figure>\n\n\n\n<h3 class=\"wp-block-heading has-text-align-center\">Wklej adres URL<\/h3>\n\n\n\n<hr class=\"wp-block-separator has-alpha-channel-opacity is-style-wide\"\/>\n\n\n\n<p>Wr\u00f3\u0107 na stron\u0119 pobierania Instagram Reels z UnduhVideoIg.App i wklej link w polu wej\u015bciowym powy\u017cej.<\/p>\n<\/div>\n\n\n\n<div class=\"wp-block-column is-layout-flow wp-block-column-is-layout-flow\" style=\"box-shadow:var(--wp--preset--shadow--natural)\">\n<figure class=\"wp-block-image size-full has-custom-border\"><img loading=\"lazy\" decoding=\"async\" width=\"650\" height=\"413\" src=\"https:\/\/unduhvideoig.app\/wp-content\/uploads\/2025\/07\/download.webp\" alt=\"Pobiera\u0107\" class=\"wp-image-498\" style=\"border-radius:10px\" srcset=\"https:\/\/unduhvideoig.app\/wp-content\/uploads\/2025\/07\/download.webp 650w, https:\/\/unduhvideoig.app\/wp-content\/uploads\/2025\/07\/download-300x191.webp 300w\" sizes=\"auto, (max-width: 650px) 100vw, 650px\" \/><\/figure>\n\n\n\n<h3 class=\"wp-block-heading has-text-align-center\">Pobiera\u0107<\/h3>\n\n\n\n<hr class=\"wp-block-separator has-alpha-channel-opacity is-style-wide\"\/>\n\n\n\n<p>Kliknij przycisk Pobierz. W ci\u0105gu kilku sekund Tw\u00f3j Reels video b\u0119dzie gotowy do zapisu \u2014 w wysokiej jako\u015bci formacie MP4.<\/p>\n<\/div>\n<\/div>\n\n\n\n<h2 class=\"wp-block-heading has-text-align-center\">UnduhVideoIg.App Reels Downloader<\/h2>\n\n\n\n<hr class=\"wp-block-separator has-alpha-channel-opacity has-fabled-sunset-gradient-background has-background is-style-wide\"\/>\n\n\n\n<div class=\"wp-block-columns is-layout-flex wp-container-core-columns-is-layout-28f84493 wp-block-columns-is-layout-flex\" style=\"box-shadow:var(--wp--preset--shadow--natural)\">\n<div class=\"wp-block-column is-layout-flow wp-block-column-is-layout-flow\" style=\"flex-basis:66.66%\">\n<h3 class=\"wp-block-heading\">Pobierz rolki Instagrama<\/h3>\n\n\n\n<p>Instagram Reels to kr\u00f3tkie, pionowe filmy video. Mo\u017cesz u\u017cy\u0107 tego programu do pobierania film\u00f3w Reels na praktycznie ka\u017cdym urz\u0105dzeniu, aby pobra\u0107 dowolne Reels video. Jest w pe\u0142ni responsywny i dzia\u0142a bez potrzeby instalowania jakiejkolwiek aplikacji installation do pobierania Reels video z Instagrama.<\/p>\n\n\n\n<p>Aby pobra\u0107 Reels videos z system\u00f3w iOS i Android, Windows i Linux \u2014 dzi\u0119ki UnduhVideoIg wystarczy Ci przegl\u0105darka i link do Instagrama.<\/p>\n<\/div>\n\n\n\n<div class=\"wp-block-column is-layout-flow wp-block-column-is-layout-flow\" style=\"flex-basis:33.33%\">\n<figure class=\"wp-block-image size-full\"><img loading=\"lazy\" decoding=\"async\" width=\"600\" height=\"450\" src=\"https:\/\/unduhvideoig.app\/wp-content\/uploads\/2025\/07\/reels_downloader.webp\" alt=\"Pobieranie rolek\" class=\"wp-image-472\" srcset=\"https:\/\/unduhvideoig.app\/wp-content\/uploads\/2025\/07\/reels_downloader.webp 600w, https:\/\/unduhvideoig.app\/wp-content\/uploads\/2025\/07\/reels_downloader-300x225.webp 300w\" sizes=\"auto, (max-width: 600px) 100vw, 600px\" \/><\/figure>\n<\/div>\n<\/div>\n\n\n\n<div class=\"wp-block-columns is-layout-flex wp-container-core-columns-is-layout-28f84493 wp-block-columns-is-layout-flex\" style=\"box-shadow:var(--wp--preset--shadow--natural)\">\n<div class=\"wp-block-column is-layout-flow wp-block-column-is-layout-flow\" style=\"flex-basis:33.33%\">\n<figure class=\"wp-block-image size-full\"><img loading=\"lazy\" decoding=\"async\" width=\"600\" height=\"450\" src=\"https:\/\/unduhvideoig.app\/wp-content\/uploads\/2025\/07\/mobile_app.webp\" alt=\"Aplikacja mobilna\" class=\"wp-image-477\" srcset=\"https:\/\/unduhvideoig.app\/wp-content\/uploads\/2025\/07\/mobile_app.webp 600w, https:\/\/unduhvideoig.app\/wp-content\/uploads\/2025\/07\/mobile_app-300x225.webp 300w\" sizes=\"auto, (max-width: 600px) 100vw, 600px\" \/><\/figure>\n<\/div>\n\n\n\n<div class=\"wp-block-column is-layout-flow wp-block-column-is-layout-flow\" style=\"flex-basis:66.66%\">\n<h3 class=\"wp-block-heading\">Pobierz na urz\u0105dzenie mobilne lub komputer \u2014 nie potrzebujesz aplikacji<\/h3>\n\n\n\n<p>Wszystko dzia\u0142a bezpo\u015brednio w przegl\u0105darce \u2014 bez konieczno\u015bci pobierania ani instalowania rozszerze\u0144. Pobierz dowolne zdj\u0119cia, video, reels, IGTV jednym klikni\u0119ciem, bez znak\u00f3w wodnych, w wysokiej rozdzielczo\u015bci! Je\u015bli jednak jeste\u015b zaawansowanym u\u017cytkownikiem, b\u0105d\u017a czujny \u2014 pracujemy nad rozszerzeniem przegl\u0105darki, kt\u00f3re jeszcze bardziej u\u0142atwi dost\u0119p.<\/p>\n<\/div>\n<\/div>\n\n\n\n<h2 class=\"wp-block-heading has-text-align-center\">Cz\u0119sto zadawane pytania (FAQ)<\/h2>\n\n\n\n<hr class=\"wp-block-separator has-alpha-channel-opacity has-fabled-sunset-gradient-background has-background is-style-wide\"\/>\n\n\n\n<p>Tutaj znajdziesz odpowiedzi na najcz\u0119\u015bciej zadawane pytania dotycz\u0105ce korzystania z programu do pobierania film\u00f3w z Instagrama UnduhVideoIg. Je\u015bli Twojego pytania nie ma na li\u015bcie, skontaktuj si\u0119 z nami mailowo za po\u015brednictwem naszej strony kontaktowej.<\/p>\n\n\n\n<h3 class=\"wp-block-heading\">Czy mog\u0119 pobra\u0107 Instagram Reels na komputer PC lub Mac?<\/h3>\n\n\n\n<p>Tak! Nasze narz\u0119dzie w UnduhVideoIg dzia\u0142a idealnie w Twojej przegl\u0105darce internetowej \u2013 nie potrzebujesz dodatkowego oprogramowania do pobierania Reels z Instagrama. Mo\u017cesz r\u00f3wnie\u017c korzysta\u0107 z Reels Downloadera na tabletach, iPhone&#039;ach, telefonach z Androidem i innych urz\u0105dzeniach.<\/p>\n\n\n\n<h3 class=\"wp-block-heading\">W jakim formacie Reels s\u0105 pobierane za pomoc\u0105 UnduhVideoIg?<\/h3>\n\n\n\n<p>Wszystkie pliki video s\u0105 zapisywane w formacie .mp4, kt\u00f3ry jest najszerzej obs\u0142ugiwanym formatem odtwarzania video na wszystkich urz\u0105dzeniach i platformach.<\/p>\n\n\n\n<h3 class=\"wp-block-heading\">Czy program do pobierania Instagram Reels jest naprawd\u0119 darmowy?<\/h3>\n\n\n\n<p>Oczywi\u015bcie. Bez rejestracji, bez subskrypcji i bez op\u0142at. Korzystanie z naszego programu do pobierania Instagram Reels jest ca\u0142kowicie darmowe.<\/p>\n\n\n\n<h3 class=\"wp-block-heading\">Czy pobieranie Instagram Reels jest bezpieczne?<\/h3>\n\n\n\n<p>Tak, pobieranie Instagram Reels z UnduhVideoIg jest bezpieczne. Nie gromadzimy danych osobowych ani nie \u015bledzimy Twoich pobra\u0144. Twoja aktywno\u015b\u0107 pozostaje prywatna i bezpieczna.<\/p>\n\n\n\n<h3 class=\"wp-block-heading\">Czy mog\u0119 u\u017cywa\u0107 programu do pobierania UnduhVideoIg Reels na telefonie lub tablecie?<\/h3>\n\n\n\n<p>Oczywi\u015bcie, mo\u017cesz bez problemu korzysta\u0107 z programu do pobierania UnduhVideoIg Reels. Program dzia\u0142a bezproblemowo na wszystkich urz\u0105dzeniach mobilnych, w tym iPadach, telefonach z Androidem i iPhone&#039;ach.<\/p>","protected":false},"excerpt":{"rendered":"<p>Instagram Reels Downloader Download Reels from Instagram Download With the usage of our service, you\u2019re accepting our Terms of Usage. Download Instagram Reels Videos With UnduhVideoIg.App reels downloader, you can easily download Instagram Reels videos in MP4 format to your device \u2014 no app and no login. Want to download your favorite Reels for offline [&hellip;]<\/p>\n","protected":false},"author":1,"featured_media":0,"parent":0,"menu_order":0,"comment_status":"closed","ping_status":"closed","template":"","meta":{"slim_seo":{"title":"Pobieranie film\u00f3w z Instagram Reels \u2013 Pobieranie film\u00f3w z Instagram Reels","description":"Pobierz Instagram Reels za darmo bez znaku wodnego. Zapisz swoje ulubione IG Reels video szybko, \u0142atwo i w jako\u015bci HD bezpo\u015brednio online, bez \u017cadnej aplikacji!"},"footnotes":""},"class_list":["post-323","page","type-page","status-publish","hentry"],"blocksy_meta":{"background":{"background_type":"color","background_pattern":"type-1","background_image":{"attachment_id":null,"x":0,"y":0},"gradient":"linear-gradient(135deg,rgba(6,147,227,1) 0%,rgb(155,81,224) 100%)","background_repeat":"repeat","background_size":"auto","background_attachment":"scroll","patternColor":{"default":{"color":"#e5e7ea"}},"overlayColor":{"default":{"color":"CT_CSS_SKIP_RULE"}},"backgroundColor":{"default":{"color":"CT_CSS_SKIP_RULE"}}},"styles_descriptor":{"styles":{"desktop":"[data-prefix=\"single_page\"] [class*=\"ct-container\"] > article[class*=\"post\"] {--has-boxed:var(--false);--has-wide:var(--true);}","tablet":"","mobile":""},"google_fonts":[],"version":6},"content_style_source":"custom","content_style":"wide","has_hero_section":"disabled"},"_links":{"self":[{"href":"https:\/\/unduhvideoig.app\/pl\/wp-json\/wp\/v2\/pages\/323","targetHints":{"allow":["GET"]}}],"collection":[{"href":"https:\/\/unduhvideoig.app\/pl\/wp-json\/wp\/v2\/pages"}],"about":[{"href":"https:\/\/unduhvideoig.app\/pl\/wp-json\/wp\/v2\/types\/page"}],"author":[{"embeddable":true,"href":"https:\/\/unduhvideoig.app\/pl\/wp-json\/wp\/v2\/users\/1"}],"replies":[{"embeddable":true,"href":"https:\/\/unduhvideoig.app\/pl\/wp-json\/wp\/v2\/comments?post=323"}],"version-history":[{"count":17,"href":"https:\/\/unduhvideoig.app\/pl\/wp-json\/wp\/v2\/pages\/323\/revisions"}],"predecessor-version":[{"id":661,"href":"https:\/\/unduhvideoig.app\/pl\/wp-json\/wp\/v2\/pages\/323\/revisions\/661"}],"wp:attachment":[{"href":"https:\/\/unduhvideoig.app\/pl\/wp-json\/wp\/v2\/media?parent=323"}],"curies":[{"name":"wp","href":"https:\/\/api.w.org\/{rel}","templated":true}]}}