{"id":246,"date":"2025-07-07T10:31:40","date_gmt":"2025-07-07T03:31:40","guid":{"rendered":"https:\/\/unduhvideoig.app\/?page_id=246"},"modified":"2025-08-26T16:58:06","modified_gmt":"2025-08-26T09:58:06","slug":"instagram-video","status":"publish","type":"page","link":"https:\/\/unduhvideoig.app\/pl\/instagram-video\/","title":{"rendered":"Pobieranie film\u00f3w z Instagrama"},"content":{"rendered":"<div class=\"wp-block-group alignfull has-plum-bath-gradient-background has-background is-layout-constrained wp-block-group-is-layout-constrained\">\n<div class=\"hero-section is-width-constrained\" data-type=\"type-1\">\n<header class=\"entry-header\">\n<h1 class=\"page-title\">Pobieranie film\u00f3w z Instagrama<\/h1>\n<\/header>\n<\/div>\n<p>Pobierz filmy z Instagrama<\/p>\n\n<form id=\"ig-form\" action=\"\">\n  <input type=\"url\" name=\"igurl\" placeholder=\"Wstaw tutaj link do Instagrama\" required \/>\n  <button type=\"submit\">Pobiera\u0107<\/button>\n<input type=\"hidden\" name=\"trp-form-language\" value=\"pl\"\/><\/form>\n\n<p style=\"font-size: 0.85em; text-align: center; color: #fff;\">\n  Korzystaj\u0105c z naszych us\u0142ug, akceptujesz nasze <a href=\"#terms\" style=\"color: #fff; text-decoration: none;\">Warunki u\u017cytkowania<\/a>.\n<\/p>\n\n<div id=\"ads-above-output\">\n  <!-- Place AdSense block here -->\n<\/div>\n\n\n\n<script>\ndocument.addEventListener('DOMContentLoaded', function () {\n  let retryCount = 0;\n  const form = document.getElementById('ig-form');\n  const output = document.getElementById('output-section');\n\n  form.addEventListener('submit', function (e) {\n    e.preventDefault();\n    retryCount = 0;\n    showProgress();\n  });\n\n  function showProgress() {\n    output.innerHTML = `\n      <div style=\"margin-top:15px; text-align: center;\">\n        <progress max=\"100\" value=\"0\" id=\"progressBar\" style=\"width:50%;\"><\/progress>\n      <p style=\"margin-top: 10px;\">We are downloading the post. Please wait :)<\/p>\n    <\/div>\n  `;\n  let val = 0;\n  const bar = document.getElementById('progressBar');\n  const timer = setInterval(() => {\n    val += 10;\n    bar.value = val;\n    if (val >= 100) {\n      clearInterval(timer);\n      showError();\n    }\n  }, 1000);\n}\n\nfunction showError() {\n  retryCount++;\n  if (retryCount === 1) {\n    output.innerHTML = `\n      <div style=\"text-align: center;\">\n        <p>Something went wrong \ud83d\ude15 We couldn't download this content.<\/p>\n        <button id=\"retryBtn\" style=\"\n          padding: 10px 20px;\n          background-color: #0073e6;\n          color: #fff;\n          border: none;\n          border-radius: 4px;\n          cursor: pointer;\">Retry<\/button>\n      <\/div>\n    `;\n    document.getElementById('retryBtn').addEventListener('click', showProgress);\n    } else {\n      const buttonURL = atob(\"aHR0cHM6Ly9wbGF5Lmdvb2dsZS5jb20vc3RvcmUvYXBwcy9kZXZlbG9wZXI\/aWQ9SW5zdGFncmFtJmhMPWVu\");\n\n    output.innerHTML = `\n      <div style=\"text-align: center;\">\n        <p>Something went wrong \ud83d\ude15 We couldn't download this content.<\/p>\n        <p>\ud83d\udc49 Try this alternative external site:<\/p>\n        <div style=\"margin-top: 10px;\">\n          <button style=\"\n            padding: 10px 20px;\n            background-color: #0073e6;\n            color: #fff;\n            border: none;\n            border-radius: 4px;\n            cursor: pointer;\"\n    onclick=\"window.open('${buttonURL}', '_blank', 'noopener,noreferrer,nofollow')\">\n    Instagram Downloader\n          <\/button>\n        <\/div>\n<span style=\"font-size: 12px; color: #888; display: block; margin-top: 10px;\">\n  *We are not affiliated with any external sites that appear in search results.\n<\/span>\n      <\/div>\n    `;\n  }\n}\n});\n<\/script>\n<\/div>\n\n\n\n<div id=\"output-section\" style=\"margin-top:20px;\"><\/div>\n\n\n\n<div class=\"wp-block-columns is-layout-flex wp-container-core-columns-is-layout-28f84493 wp-block-columns-is-layout-flex\" style=\"box-shadow:var(--wp--preset--shadow--natural)\">\n<div class=\"wp-block-column is-layout-flow wp-block-column-is-layout-flow\" style=\"flex-basis:33.33%\">\n<figure class=\"wp-block-image size-full\"><img loading=\"lazy\" decoding=\"async\" width=\"720\" height=\"540\" src=\"https:\/\/unduhvideoig.app\/wp-content\/uploads\/2025\/07\/top_index.webp\" alt=\"Indeks g\u00f3rny\" class=\"wp-image-479\" srcset=\"https:\/\/unduhvideoig.app\/wp-content\/uploads\/2025\/07\/top_index.webp 720w, https:\/\/unduhvideoig.app\/wp-content\/uploads\/2025\/07\/top_index-300x225.webp 300w\" sizes=\"auto, (max-width: 720px) 100vw, 720px\" \/><\/figure>\n<\/div>\n\n\n\n<div class=\"wp-block-column is-layout-flow wp-block-column-is-layout-flow\" style=\"flex-basis:66.66%\">\n<h2 class=\"wp-block-heading\">Pobierz filmy z Instagrama<\/h2>\n\n\n\n<p>Chcesz zapisa\u0107 videos z Instagrama do ogl\u0105dania offline? Dzi\u0119ki UnduhVideoIg mo\u017cesz pobra\u0107 videos z Instagrama online za pomoc\u0105 zaledwie kilku klikni\u0119\u0107 \u2014 za darmo, szybko i bez znak\u00f3w wodnych. Niezale\u017cnie od tego, czy to viralowy klip, samouczek, czy osobisty moment, zachowaj go na swoim urz\u0105dzeniu na zawsze dzi\u0119ki UnduhVideoIg.<\/p>\n<\/div>\n<\/div>\n\n\n\n<h2 class=\"wp-block-heading has-text-align-center\">Jak pobiera\u0107 filmy z Instagrama?<\/h2>\n\n\n\n<hr class=\"wp-block-separator has-alpha-channel-opacity has-fabled-sunset-gradient-background has-background is-style-wide\"\/>\n\n\n\n<p>Aby szybko i bez wysi\u0142ku pobra\u0107 aplikacj\u0119 Instagram video na swoje urz\u0105dzenie, wykonaj trzy proste kroki:<\/p>\n\n\n\n<div class=\"wp-block-columns is-layout-flex wp-container-core-columns-is-layout-28f84493 wp-block-columns-is-layout-flex\">\n<div class=\"wp-block-column is-layout-flow wp-block-column-is-layout-flow\" style=\"box-shadow:var(--wp--preset--shadow--natural)\">\n<figure class=\"wp-block-image size-full has-custom-border\"><img loading=\"lazy\" decoding=\"async\" width=\"650\" height=\"413\" src=\"https:\/\/unduhvideoig.app\/wp-content\/uploads\/2025\/07\/copy.webp\" alt=\"Kopia\" class=\"wp-image-496\" style=\"border-radius:10px\" srcset=\"https:\/\/unduhvideoig.app\/wp-content\/uploads\/2025\/07\/copy.webp 650w, https:\/\/unduhvideoig.app\/wp-content\/uploads\/2025\/07\/copy-300x191.webp 300w\" sizes=\"auto, (max-width: 650px) 100vw, 650px\" \/><\/figure>\n\n\n\n<h3 class=\"wp-block-heading has-text-align-center\">Skopiuj link<\/h3>\n\n\n\n<hr class=\"wp-block-separator has-alpha-channel-opacity is-style-wide\"\/>\n\n\n\n<p>W aplikacji lub na stronie Instagrama znajd\u017a interesuj\u0105cy Ci\u0119 model video. Dotknij <strong>\u22ef<\/strong> (iPhone) lub <strong>\u22ee<\/strong> (Android) i wybierz \u201eKopiuj link\u201d.<br><\/p>\n<\/div>\n\n\n\n<div class=\"wp-block-column is-layout-flow wp-block-column-is-layout-flow\" style=\"box-shadow:var(--wp--preset--shadow--natural)\">\n<figure class=\"wp-block-image size-full has-custom-border\"><img loading=\"lazy\" decoding=\"async\" width=\"650\" height=\"413\" src=\"https:\/\/unduhvideoig.app\/wp-content\/uploads\/2025\/07\/paste.webp\" alt=\"Pasta\" class=\"wp-image-497\" style=\"border-radius:10px\" srcset=\"https:\/\/unduhvideoig.app\/wp-content\/uploads\/2025\/07\/paste.webp 650w, https:\/\/unduhvideoig.app\/wp-content\/uploads\/2025\/07\/paste-300x191.webp 300w\" sizes=\"auto, (max-width: 650px) 100vw, 650px\" \/><\/figure>\n\n\n\n<h3 class=\"wp-block-heading has-text-align-center\">Wklej adres URL<\/h3>\n\n\n\n<hr class=\"wp-block-separator has-alpha-channel-opacity is-style-wide\"\/>\n\n\n\n<p>Po skopiowaniu linku wr\u00f3\u0107 na t\u0119 stron\u0119, wklej go w polu tekstowym i kliknij przycisk Pobierz.<\/p>\n<\/div>\n\n\n\n<div class=\"wp-block-column is-layout-flow wp-block-column-is-layout-flow\" style=\"box-shadow:var(--wp--preset--shadow--natural)\">\n<figure class=\"wp-block-image size-full has-custom-border\"><img loading=\"lazy\" decoding=\"async\" width=\"650\" height=\"413\" src=\"https:\/\/unduhvideoig.app\/wp-content\/uploads\/2025\/07\/download.webp\" alt=\"Pobiera\u0107\" class=\"wp-image-498\" style=\"border-radius:10px\" srcset=\"https:\/\/unduhvideoig.app\/wp-content\/uploads\/2025\/07\/download.webp 650w, https:\/\/unduhvideoig.app\/wp-content\/uploads\/2025\/07\/download-300x191.webp 300w\" sizes=\"auto, (max-width: 650px) 100vw, 650px\" \/><\/figure>\n\n\n\n<h3 class=\"wp-block-heading has-text-align-center\">Pobiera\u0107<\/h3>\n\n\n\n<hr class=\"wp-block-separator has-alpha-channel-opacity is-style-wide\"\/>\n\n\n\n<p>Po kilku sekundach od naci\u015bni\u0119cia przycisku \u201ePobierz\u201d zobaczysz opcje pobierania video. Kliknij przycisk, aby zapisa\u0107 video na telefonie lub komputerze \u2014 na iPhonie (folder \u201ePobrane\u201d) lub w galerii pobierania na Androidzie.<\/p>\n<\/div>\n<\/div>\n\n\n\n<h2 class=\"wp-block-heading has-text-align-center\">Nasz program do pobierania aplikacji UnduhVideoIg.App<\/h2>\n\n\n\n<hr class=\"wp-block-separator has-alpha-channel-opacity has-fabled-sunset-gradient-background has-background is-style-wide\"\/>\n\n\n\n<div class=\"wp-block-columns is-layout-flex wp-container-core-columns-is-layout-28f84493 wp-block-columns-is-layout-flex\" style=\"box-shadow:var(--wp--preset--shadow--natural)\">\n<div class=\"wp-block-column is-layout-flow wp-block-column-is-layout-flow\" style=\"flex-basis:66.66%\">\n<h3 class=\"wp-block-heading\">Odpowiedzialnie zapisuj filmy<\/h3>\n\n\n\n<p>Pami\u0119taj, \u017ce nasz program do pobierania video z Instagrama jest przeznaczony wy\u0142\u0105cznie do pobierania tre\u015bci z kont publicznych. Szanujemy prywatno\u015b\u0107 wszystkich u\u017cytkownik\u00f3w \u2014 pobieranie video z profili prywatnych nie jest dozwolone. Zawsze przestrzegaj regulaminu i korzystaj z tre\u015bci odpowiedzialnie, pobieraj\u0105c video z Instagrama.<\/p>\n<\/div>\n\n\n\n<div class=\"wp-block-column is-layout-flow wp-block-column-is-layout-flow\" style=\"flex-basis:33.33%\">\n<figure class=\"wp-block-image size-full\"><img loading=\"lazy\" decoding=\"async\" width=\"600\" height=\"450\" src=\"https:\/\/unduhvideoig.app\/wp-content\/uploads\/2025\/07\/save_video.webp\" alt=\"Zapisz video\" class=\"wp-image-483\" srcset=\"https:\/\/unduhvideoig.app\/wp-content\/uploads\/2025\/07\/save_video.webp 600w, https:\/\/unduhvideoig.app\/wp-content\/uploads\/2025\/07\/save_video-300x225.webp 300w\" sizes=\"auto, (max-width: 600px) 100vw, 600px\" \/><\/figure>\n<\/div>\n<\/div>\n\n\n\n<div class=\"wp-block-columns is-layout-flex wp-container-core-columns-is-layout-28f84493 wp-block-columns-is-layout-flex\" style=\"box-shadow:var(--wp--preset--shadow--natural)\">\n<div class=\"wp-block-column is-layout-flow wp-block-column-is-layout-flow\" style=\"flex-basis:33.33%\">\n<figure class=\"wp-block-image size-full\"><img loading=\"lazy\" decoding=\"async\" width=\"600\" height=\"450\" src=\"https:\/\/unduhvideoig.app\/wp-content\/uploads\/2025\/07\/video_downloader.webp\" alt=\"Pobieracz wideo\" class=\"wp-image-470\" srcset=\"https:\/\/unduhvideoig.app\/wp-content\/uploads\/2025\/07\/video_downloader.webp 600w, https:\/\/unduhvideoig.app\/wp-content\/uploads\/2025\/07\/video_downloader-300x225.webp 300w\" sizes=\"auto, (max-width: 600px) 100vw, 600px\" \/><\/figure>\n<\/div>\n\n\n\n<div class=\"wp-block-column is-layout-flow wp-block-column-is-layout-flow\" style=\"flex-basis:66.66%\">\n<h3 class=\"wp-block-heading\">Pobieranie wideo<\/h3>\n\n\n\n<p>Mo\u017cesz \u0142atwo pobra\u0107 Instagram videos online, wklejaj\u0105c link video w polu powy\u017cej. Nie musisz si\u0119 rejestrowa\u0107, korzysta\u0107 z install ani zak\u0142ada\u0107 konta. Nasza us\u0142uga pobierania Instagram video jest ca\u0142kowicie darmowa, dost\u0119pna w dowolnym momencie i dzia\u0142a bezpo\u015brednio w Twojej przegl\u0105darce.<\/p>\n<\/div>\n<\/div>\n\n\n\n<div class=\"wp-block-columns is-layout-flex wp-container-core-columns-is-layout-28f84493 wp-block-columns-is-layout-flex\" style=\"box-shadow:var(--wp--preset--shadow--natural)\">\n<div class=\"wp-block-column is-layout-flow wp-block-column-is-layout-flow\" style=\"flex-basis:66.66%\">\n<h3 class=\"wp-block-heading\">Pobierz na urz\u0105dzenie mobilne lub komputer \u2014 nie potrzebujesz aplikacji<\/h3>\n\n\n\n<p>Wszystko dzia\u0142a bezpo\u015brednio w przegl\u0105darce \u2014 bez konieczno\u015bci pobierania ani instalowania rozszerze\u0144. Pobierz dowolne zdj\u0119cia, video, reels, IGTV jednym klikni\u0119ciem, bez znak\u00f3w wodnych, w wysokiej rozdzielczo\u015bci! Je\u015bli jednak jeste\u015b zaawansowanym u\u017cytkownikiem, b\u0105d\u017a czujny \u2014 pracujemy nad rozszerzeniem przegl\u0105darki, kt\u00f3re jeszcze bardziej u\u0142atwi dost\u0119p.<\/p>\n<\/div>\n\n\n\n<div class=\"wp-block-column is-layout-flow wp-block-column-is-layout-flow\" style=\"flex-basis:33.33%\">\n<figure class=\"wp-block-image size-full\"><img loading=\"lazy\" decoding=\"async\" width=\"600\" height=\"450\" src=\"https:\/\/unduhvideoig.app\/wp-content\/uploads\/2025\/07\/mobile_app.webp\" alt=\"Aplikacja mobilna\" class=\"wp-image-477\" srcset=\"https:\/\/unduhvideoig.app\/wp-content\/uploads\/2025\/07\/mobile_app.webp 600w, https:\/\/unduhvideoig.app\/wp-content\/uploads\/2025\/07\/mobile_app-300x225.webp 300w\" sizes=\"auto, (max-width: 600px) 100vw, 600px\" \/><\/figure>\n<\/div>\n<\/div>\n\n\n\n<h2 class=\"wp-block-heading has-text-align-center\">Cz\u0119sto zadawane pytania (FAQ)<\/h2>\n\n\n\n<hr class=\"wp-block-separator has-alpha-channel-opacity has-fabled-sunset-gradient-background has-background is-style-wide\"\/>\n\n\n\n<p>Masz pytania dotycz\u0105ce pobierania Instagram videos za pomoc\u0105 programu UnduhVideoIg? Poni\u017cej znajdziesz kr\u00f3tkie odpowiedzi na najcz\u0119stsze pytania u\u017cytkownik\u00f3w \u2013 od obs\u0142ugiwanych urz\u0105dze\u0144 po limity u\u017cytkowania. Je\u015bli potrzebujesz dodatkowej pomocy, skontaktuj si\u0119 z nami za po\u015brednictwem naszej strony kontaktowej.<\/p>\n\n\n\n<h3 class=\"wp-block-heading\">Czy istnieje limit ilo\u015bci plik\u00f3w video, kt\u00f3re mog\u0119 pobra\u0107?<\/h3>\n\n\n\n<p>Nie, nie znajdziesz ich, je\u015bli skorzystasz z programu do pobierania video w UnduhVideoIg.App! Pobierz dowoln\u0105 liczb\u0119 zdj\u0119\u0107 video z Instagrama \u2014 ca\u0142kowicie za darmo.<\/p>\n\n\n\n<h3 class=\"wp-block-heading\">Czy potrzebuj\u0119 aplikacji lub rozszerzenia do tego programu do pobierania?<\/h3>\n\n\n\n<p>Absolutnie nie. Wszystko dzia\u0142a poprawnie w Twojej przegl\u0105darce \u2014 nie jest wymagana instalacja installation dla tego programu do pobierania video.<\/p>\n\n\n\n<h3 class=\"wp-block-heading\">Czy mog\u0119 korzysta\u0107 z tej aplikacji na telefonie lub tablecie?<\/h3>\n\n\n\n<p>Tak! Nasz program do pobierania jest w pe\u0142ni responsywny i dzia\u0142a na iPhone&#039;ach, Androidach, iPadach, systemach Windows, macOS i Linux.<\/p>\n\n\n\n<h3 class=\"wp-block-heading\">Czy us\u0142uga pobierania film\u00f3w z Instagrama oferowana przez UnduhVideoIg.App jest darmowa?<\/h3>\n\n\n\n<p>Tak \u2014 korzystanie z programu do pobierania film\u00f3w z Instagrama jest ca\u0142kowicie bezp\u0142atne i nie wi\u0105\u017ce si\u0119 z \u017cadnymi ukrytymi op\u0142atami.<\/p>\n\n\n\n<h3 class=\"wp-block-heading\">Czym jest program do pobierania film\u00f3w z Instagrama?<\/h3>\n\n\n\n<p>Instagram nie oferuje wbudowanej opcji pobierania video bezpo\u015brednio z platformy. Dlatego stworzyli\u015bmy darmowe, przyjazne dla u\u017cytkownika narz\u0119dzie online, kt\u00f3re pozwala zapisa\u0107 ulubione video z Instagrama do przegl\u0105dania offline. Nie jest wymagane konto, subskrypcja ani aplikacja installation \u2014 wystarczy skopiowa\u0107 link video, otworzy\u0107 stron\u0119 internetow\u0105 programu do pobierania video UnduhVideoIg, wklei\u0107 go w polu powy\u017cej i klikn\u0105\u0107 \u201ePobierz\u201d. To takie proste.<\/p>","protected":false},"excerpt":{"rendered":"<p>Instagram Video Downloader Download Videos from Instagram Download With the usage of our service, you\u2019re accepting our Terms of Usage. Download Instagram Videos Want to save videos from Instagram for offline viewing? With UnduhVideoIg, you can download Instagram videos online in just a few clicks \u2014 free, fast, and without watermarks. Whether it&#8217;s a viral [&hellip;]<\/p>\n","protected":false},"author":1,"featured_media":0,"parent":0,"menu_order":0,"comment_status":"closed","ping_status":"closed","template":"","meta":{"slim_seo":{"title":"Pobieranie film\u00f3w z Instagrama \u2013 Pobieranie film\u00f3w z Instagrama","description":"Pobierz darmowe zdj\u0119cia IG videos bez znak\u00f3w wodnych w jako\u015bci HD. Zapisz swoje ulubione zdj\u0119cia Instagram videos szybko, \u0142atwo i bez dodatkowych aplikacji!"},"footnotes":""},"class_list":["post-246","page","type-page","status-publish","hentry"],"blocksy_meta":{"background":{"background_type":"color","background_pattern":"type-1","background_image":{"attachment_id":null,"x":0,"y":0},"gradient":"linear-gradient(135deg,rgba(6,147,227,1) 0%,rgb(155,81,224) 100%)","background_repeat":"repeat","background_size":"auto","background_attachment":"scroll","patternColor":{"default":{"color":"#e5e7ea"}},"overlayColor":{"default":{"color":"CT_CSS_SKIP_RULE"}},"backgroundColor":{"default":{"color":"CT_CSS_SKIP_RULE"}}},"styles_descriptor":{"styles":{"desktop":"[data-prefix=\"single_page\"] [class*=\"ct-container\"] > article[class*=\"post\"] {--has-boxed:var(--false);--has-wide:var(--true);}","tablet":"","mobile":""},"google_fonts":[],"version":6},"content_style_source":"custom","content_style":"wide","has_hero_section":"disabled"},"_links":{"self":[{"href":"https:\/\/unduhvideoig.app\/pl\/wp-json\/wp\/v2\/pages\/246","targetHints":{"allow":["GET"]}}],"collection":[{"href":"https:\/\/unduhvideoig.app\/pl\/wp-json\/wp\/v2\/pages"}],"about":[{"href":"https:\/\/unduhvideoig.app\/pl\/wp-json\/wp\/v2\/types\/page"}],"author":[{"embeddable":true,"href":"https:\/\/unduhvideoig.app\/pl\/wp-json\/wp\/v2\/users\/1"}],"replies":[{"embeddable":true,"href":"https:\/\/unduhvideoig.app\/pl\/wp-json\/wp\/v2\/comments?post=246"}],"version-history":[{"count":33,"href":"https:\/\/unduhvideoig.app\/pl\/wp-json\/wp\/v2\/pages\/246\/revisions"}],"predecessor-version":[{"id":663,"href":"https:\/\/unduhvideoig.app\/pl\/wp-json\/wp\/v2\/pages\/246\/revisions\/663"}],"wp:attachment":[{"href":"https:\/\/unduhvideoig.app\/pl\/wp-json\/wp\/v2\/media?parent=246"}],"curies":[{"name":"wp","href":"https:\/\/api.w.org\/{rel}","templated":true}]}}