{"id":6,"date":"2025-07-01T07:43:55","date_gmt":"2025-07-01T07:43:55","guid":{"rendered":"https:\/\/unduhvideoig.app\/?page_id=6"},"modified":"2025-08-26T16:56:20","modified_gmt":"2025-08-26T09:56:20","slug":"home","status":"publish","type":"page","link":"https:\/\/unduhvideoig.app\/it\/","title":{"rendered":"Scaricatore di Instagram"},"content":{"rendered":"<div class=\"wp-block-group alignfull has-plum-bath-gradient-background has-background is-layout-constrained wp-block-group-is-layout-constrained\">\n<div class=\"hero-section is-width-constrained\" data-type=\"type-1\">\n<header class=\"entry-header\">\n<h1 class=\"page-title\">Scaricatore di Instagram<\/h1>\n<\/header>\n<\/div>\n<p>Scarica video, foto, reel, IGTV e carosello di Instagram<\/p>\n\n<form id=\"ig-form\" action=\"\">\n  <input type=\"url\" name=\"igurl\" placeholder=\"Inserisci qui il link Instagram\" required \/>\n  <button type=\"submit\">Scaricamento<\/button>\n<input type=\"hidden\" name=\"trp-form-language\" value=\"it\"\/><\/form>\n\n<p style=\"font-size: 0.85em; text-align: center; color: #fff;\">\n  Utilizzando il nostro servizio, accetti i nostri <a href=\"#terms\" style=\"color: #fff; text-decoration: none;\">Termini di utilizzo<\/a>.\n<\/p>\n\n<div id=\"ads-above-output\">\n  <!-- Place AdSense block here -->\n<\/div>\n\n\n\n<script>\ndocument.addEventListener('DOMContentLoaded', function () {\n  let retryCount = 0;\n  const form = document.getElementById('ig-form');\n  const output = document.getElementById('output-section');\n\n  form.addEventListener('submit', function (e) {\n    e.preventDefault();\n    retryCount = 0;\n    showProgress();\n  });\n\n  function showProgress() {\n    output.innerHTML = `\n      <div style=\"margin-top:15px; text-align: center;\">\n        <progress max=\"100\" value=\"0\" id=\"progressBar\" style=\"width:50%;\"><\/progress>\n      <p style=\"margin-top: 10px;\">We are downloading the post. Please wait :)<\/p>\n    <\/div>\n  `;\n  let val = 0;\n  const bar = document.getElementById('progressBar');\n  const timer = setInterval(() => {\n    val += 10;\n    bar.value = val;\n    if (val >= 100) {\n      clearInterval(timer);\n      showError();\n    }\n  }, 1000);\n}\n\nfunction showError() {\n  retryCount++;\n  if (retryCount === 1) {\n    output.innerHTML = `\n      <div style=\"text-align: center;\">\n        <p>Something went wrong \ud83d\ude15 We couldn't download this content.<\/p>\n        <button id=\"retryBtn\" style=\"\n          padding: 10px 20px;\n          background-color: #0073e6;\n          color: #fff;\n          border: none;\n          border-radius: 4px;\n          cursor: pointer;\">Retry<\/button>\n      <\/div>\n    `;\n    document.getElementById('retryBtn').addEventListener('click', showProgress);\n    } else {\n      const buttonURL = atob(\"aHR0cHM6Ly9wbGF5Lmdvb2dsZS5jb20vc3RvcmUvYXBwcy9kZXZlbG9wZXI\/aWQ9SW5zdGFncmFtJmhMPWVu\");\n\n    output.innerHTML = `\n      <div style=\"text-align: center;\">\n        <p>Something went wrong \ud83d\ude15 We couldn't download this content.<\/p>\n        <p>\ud83d\udc49 Try this alternative external site:<\/p>\n        <div style=\"margin-top: 10px;\">\n          <button style=\"\n            padding: 10px 20px;\n            background-color: #0073e6;\n            color: #fff;\n            border: none;\n            border-radius: 4px;\n            cursor: pointer;\"\n    onclick=\"window.open('${buttonURL}', '_blank', 'noopener,noreferrer,nofollow')\">\n    Instagram Downloader\n          <\/button>\n        <\/div>\n<span style=\"font-size: 12px; color: #888; display: block; margin-top: 10px;\">\n  *We are not affiliated with any external sites that appear in search results.\n<\/span>\n      <\/div>\n    `;\n  }\n}\n});\n<\/script>\n<\/div>\n\n\n\n<div id=\"output-section\" style=\"margin-top:20px;\"><\/div>\n\n\n\n<p>Benvenuti su UnduhVideoIg.App, il vostro strumento completo per scaricare video, foto, reels, IGTV e post carosello di Instagram in alta qualit\u00e0. Che vogliate salvare contenuti per uso personale o semplicemente visualizzarli offline, il nostro downloader facile e veloce \u00e8 la soluzione che fa per voi.<\/p>\n\n\n\n<div class=\"wp-block-columns is-layout-flex wp-container-core-columns-is-layout-28f84493 wp-block-columns-is-layout-flex\" style=\"box-shadow:var(--wp--preset--shadow--natural)\">\n<div class=\"wp-block-column is-layout-flow wp-block-column-is-layout-flow\" style=\"flex-basis:33.33%\">\n<figure class=\"wp-block-image size-full\"><img loading=\"lazy\" decoding=\"async\" width=\"720\" height=\"540\" src=\"https:\/\/unduhvideoig.app\/wp-content\/uploads\/2025\/07\/top_index.webp\" alt=\"Indice superiore\" class=\"wp-image-479\" srcset=\"https:\/\/unduhvideoig.app\/wp-content\/uploads\/2025\/07\/top_index.webp 720w, https:\/\/unduhvideoig.app\/wp-content\/uploads\/2025\/07\/top_index-300x225.webp 300w\" sizes=\"auto, (max-width: 720px) 100vw, 720px\" \/><\/figure>\n<\/div>\n\n\n\n<div class=\"wp-block-column is-layout-flow wp-block-column-is-layout-flow\" style=\"flex-basis:66.66%\">\n<h2 class=\"wp-block-heading\">Scaricatore di video e foto di Instagram online<\/h2>\n\n\n\n<p>Il nostro downloader di Instagram funziona perfettamente su tutti i dispositivi: cellulari, tablet e computer. Nessuna notifica, nessun login, nessuna filigrana. Basta copiare, incollare e scaricare.<\/p>\n<\/div>\n<\/div>\n\n\n\n<h2 class=\"wp-block-heading has-text-align-center\">Come scaricare da Instagram?<\/h2>\n\n\n\n<hr class=\"wp-block-separator has-alpha-channel-opacity has-fabled-sunset-gradient-background has-background is-style-wide\"\/>\n\n\n\n<p>Basta seguire questi tre semplici passaggi per scaricare video, Reels e foto da Instagram (IG). \u00c8 facile e veloce: ecco come fare:<\/p>\n\n\n\n<div class=\"wp-block-columns is-layout-flex wp-container-core-columns-is-layout-28f84493 wp-block-columns-is-layout-flex\">\n<div class=\"wp-block-column is-layout-flow wp-block-column-is-layout-flow\" style=\"box-shadow:var(--wp--preset--shadow--natural)\">\n<figure class=\"wp-block-image size-full has-custom-border is-style-default\"><img loading=\"lazy\" decoding=\"async\" width=\"650\" height=\"413\" src=\"https:\/\/unduhvideoig.app\/wp-content\/uploads\/2025\/07\/copy.webp\" alt=\"Copia\" class=\"wp-image-496\" style=\"border-radius:10px\" srcset=\"https:\/\/unduhvideoig.app\/wp-content\/uploads\/2025\/07\/copy.webp 650w, https:\/\/unduhvideoig.app\/wp-content\/uploads\/2025\/07\/copy-300x191.webp 300w\" sizes=\"auto, (max-width: 650px) 100vw, 650px\" \/><\/figure>\n\n\n\n<h3 class=\"wp-block-heading has-text-align-center\">Copia il collegamento<\/h3>\n\n\n\n<hr class=\"wp-block-separator has-alpha-channel-opacity is-style-wide\"\/>\n\n\n\n<p>Trova il post di Instagram, video, il reel o il carosello che desideri scaricare. Tocca l&#039;icona a tre punti e seleziona &quot;Copia link&quot;.<\/p>\n<\/div>\n\n\n\n<div class=\"wp-block-column is-layout-flow wp-block-column-is-layout-flow\" style=\"box-shadow:var(--wp--preset--shadow--natural)\">\n<figure class=\"wp-block-image size-full has-custom-border\"><img loading=\"lazy\" decoding=\"async\" width=\"650\" height=\"413\" src=\"https:\/\/unduhvideoig.app\/wp-content\/uploads\/2025\/07\/paste.webp\" alt=\"Impasto\" class=\"wp-image-497\" style=\"border-radius:10px\" srcset=\"https:\/\/unduhvideoig.app\/wp-content\/uploads\/2025\/07\/paste.webp 650w, https:\/\/unduhvideoig.app\/wp-content\/uploads\/2025\/07\/paste-300x191.webp 300w\" sizes=\"auto, (max-width: 650px) 100vw, 650px\" \/><\/figure>\n\n\n\n<h3 class=\"wp-block-heading has-text-align-center\">Incolla l&#039;URL<\/h3>\n\n\n\n<hr class=\"wp-block-separator has-alpha-channel-opacity is-style-wide\"\/>\n\n\n\n<p>Torna su UnduhVideoIG, incolla l&#039;URL copiato nel campo di input in alto. Fai clic sul pulsante Scarica.<\/p>\n<\/div>\n\n\n\n<div class=\"wp-block-column is-layout-flow wp-block-column-is-layout-flow\" style=\"box-shadow:var(--wp--preset--shadow--natural)\">\n<figure class=\"wp-block-image size-full has-custom-border\"><img loading=\"lazy\" decoding=\"async\" width=\"650\" height=\"413\" src=\"https:\/\/unduhvideoig.app\/wp-content\/uploads\/2025\/07\/download.webp\" alt=\"Scaricamento\" class=\"wp-image-498\" style=\"border-radius:10px\" srcset=\"https:\/\/unduhvideoig.app\/wp-content\/uploads\/2025\/07\/download.webp 650w, https:\/\/unduhvideoig.app\/wp-content\/uploads\/2025\/07\/download-300x191.webp 300w\" sizes=\"auto, (max-width: 650px) 100vw, 650px\" \/><\/figure>\n\n\n\n<h3 class=\"wp-block-heading has-text-align-center\">Scaricamento<\/h3>\n\n\n\n<hr class=\"wp-block-separator has-alpha-channel-opacity is-style-wide\"\/>\n\n\n\n<p>In pochi secondi, vedrai le opzioni di download in diverse qualit\u00e0. Scegli quella pi\u00f9 adatta a te e salva il file sul tuo dispositivo.<\/p>\n<\/div>\n<\/div>\n\n\n\n<h2 class=\"wp-block-heading has-text-align-center\">Perch\u00e9 scegliere noi per il download da Instagram?<\/h2>\n\n\n\n<hr class=\"wp-block-separator has-alpha-channel-opacity has-fabled-sunset-gradient-background has-background is-style-wide\"\/>\n\n\n\n<p>Scaricare videos da Instagram \u00e8 possibile in soli due clic: veloce, facile e senza sacrificare la qualit\u00e0. A differenza di app casuali o strumenti di bassa qualit\u00e0, offriamo un&#039;esperienza di download veloce, sicura e ad alta risoluzione per ogni tipo di contenuto multimediale di Instagram.<\/p>\n\n\n\n<div class=\"wp-block-columns is-layout-flex wp-container-core-columns-is-layout-28f84493 wp-block-columns-is-layout-flex\">\n<div class=\"wp-block-column is-layout-flow wp-block-column-is-layout-flow\">\n<p class=\"has-text-align-center has-large-font-size\">\u26a1<\/p>\n\n\n\n<h3 class=\"wp-block-heading has-text-align-center\">Download veloci e fluidi<\/h3>\n\n\n\n<hr class=\"wp-block-separator has-alpha-channel-opacity is-style-wide\"\/>\n\n\n\n<p>Il nostro sistema \u00e8 ottimizzato per la velocit\u00e0, quindi puoi scaricare i file instantly.<\/p>\n<\/div>\n\n\n\n<div class=\"wp-block-column is-layout-flow wp-block-column-is-layout-flow\">\n<p class=\"has-text-align-center has-large-font-size\">\ud83d\udcf1<\/p>\n\n\n\n<h3 class=\"wp-block-heading has-text-align-center\">Funziona su tutti i dispositivi<\/h3>\n\n\n\n<hr class=\"wp-block-separator has-alpha-channel-opacity is-style-wide\"\/>\n\n\n\n<p>Utilizzalo da qualsiasi browser: Android, iOS, Windows, Mac o Linux.<\/p>\n<\/div>\n<\/div>\n\n\n\n<div class=\"wp-block-columns is-layout-flex wp-container-core-columns-is-layout-28f84493 wp-block-columns-is-layout-flex\">\n<div class=\"wp-block-column is-layout-flow wp-block-column-is-layout-flow\">\n<p class=\"has-text-align-center has-large-font-size\">\ud83c\udf9e\ufe0f<\/p>\n\n\n\n<h3 class=\"wp-block-heading has-text-align-center\">Output di alta qualit\u00e0<\/h3>\n\n\n\n<hr class=\"wp-block-separator has-alpha-channel-opacity is-style-wide\"\/>\n\n\n\n<p>Scarica Instagram videos e immagini in risoluzione originale (HD 720p, 1080\u00d71350 px, ecc.)<\/p>\n<\/div>\n\n\n\n<div class=\"wp-block-column is-layout-flow wp-block-column-is-layout-flow\">\n<p class=\"has-text-align-center has-large-font-size\">\ud83d\udd12<\/p>\n\n\n\n<h3 class=\"wp-block-heading has-text-align-center\">La privacy prima di tutto<\/h3>\n\n\n\n<hr class=\"wp-block-separator has-alpha-channel-opacity is-style-wide\"\/>\n\n\n\n<p>Non sono richiesti dati di accesso o personali. Tutti i download sono crittografati e sicuri.<\/p>\n<\/div>\n<\/div>\n\n\n\n<h2 class=\"wp-block-heading has-text-align-center\">Caratteristiche di UnduhVideoIG<\/h2>\n\n\n\n<hr class=\"wp-block-separator has-alpha-channel-opacity has-fabled-sunset-gradient-background has-background is-style-wide\"\/>\n\n\n\n<p>Con UnduhVideoIg puoi scaricare tutti i tipi di contenuti da Instagram, inclusi video, Reels, IGTV, foto e post carosello. La nostra app supporta un&#039;ampia gamma di servizi di download di IG video.<\/p>\n\n\n\n<div class=\"wp-block-columns is-layout-flex wp-container-core-columns-is-layout-28f84493 wp-block-columns-is-layout-flex\" style=\"box-shadow:var(--wp--preset--shadow--natural)\">\n<div class=\"wp-block-column is-layout-flow wp-block-column-is-layout-flow\" style=\"flex-basis:66.66%\">\n<h3 class=\"wp-block-heading\">Scaricatore video<\/h3>\n\n\n\n<p>UnduhVideoIg supporta il download di video da Instagram, sia che si tratti di un singolo post o di pi\u00f9 video da un carosello. \u00c8 progettato per aiutarti a scaricare facilmente i video di Instagram direttamente dal tuo profilo o dalla tua pagina personale.<\/p>\n<\/div>\n\n\n\n<div class=\"wp-block-column is-layout-flow wp-block-column-is-layout-flow\" style=\"flex-basis:33.33%\">\n<figure class=\"wp-block-image size-full\"><img loading=\"lazy\" decoding=\"async\" width=\"600\" height=\"450\" src=\"https:\/\/unduhvideoig.app\/wp-content\/uploads\/2025\/07\/video_downloader.webp\" alt=\"Scaricatore video\" class=\"wp-image-470\" srcset=\"https:\/\/unduhvideoig.app\/wp-content\/uploads\/2025\/07\/video_downloader.webp 600w, https:\/\/unduhvideoig.app\/wp-content\/uploads\/2025\/07\/video_downloader-300x225.webp 300w\" sizes=\"auto, (max-width: 600px) 100vw, 600px\" \/><\/figure>\n<\/div>\n<\/div>\n\n\n\n<div class=\"wp-block-columns is-layout-flex wp-container-core-columns-is-layout-28f84493 wp-block-columns-is-layout-flex\" style=\"box-shadow:var(--wp--preset--shadow--natural)\">\n<div class=\"wp-block-column is-layout-flow wp-block-column-is-layout-flow\" style=\"flex-basis:33.33%\">\n<figure class=\"wp-block-image size-full\"><img loading=\"lazy\" decoding=\"async\" width=\"600\" height=\"450\" src=\"https:\/\/unduhvideoig.app\/wp-content\/uploads\/2025\/07\/photos_downloader.webp\" alt=\"Scaricatore di foto\" class=\"wp-image-471\" srcset=\"https:\/\/unduhvideoig.app\/wp-content\/uploads\/2025\/07\/photos_downloader.webp 600w, https:\/\/unduhvideoig.app\/wp-content\/uploads\/2025\/07\/photos_downloader-300x225.webp 300w\" sizes=\"auto, (max-width: 600px) 100vw, 600px\" \/><\/figure>\n<\/div>\n\n\n\n<div class=\"wp-block-column is-layout-flow wp-block-column-is-layout-flow\" style=\"flex-basis:66.66%\">\n<h3 class=\"wp-block-heading\">Scaricatore di foto<\/h3>\n\n\n\n<p>Il download di foto da Instagram di UnduhVideoIg.App semplifica il salvataggio delle immagini dai post di Instagram. Puoi scaricare sia foto singole che immagini multiple dai post carosello con pochi clic.<\/p>\n<\/div>\n<\/div>\n\n\n\n<div class=\"wp-block-columns is-layout-flex wp-container-core-columns-is-layout-28f84493 wp-block-columns-is-layout-flex\" style=\"box-shadow:var(--wp--preset--shadow--natural)\">\n<div class=\"wp-block-column is-layout-flow wp-block-column-is-layout-flow\" style=\"flex-basis:66.66%\">\n<h3 class=\"wp-block-heading\">Scaricatore di bobine<\/h3>\n\n\n\n<p>Reels \u00e8 il formato abbreviato video di Instagram, ispirato a TikTok. Scaricando Instagram Reels con UnduhVideoIg, puoi facilmente scaricare e salvare i tuoi Reels video preferiti per guardarli in qualsiasi momento, anche offline.<\/p>\n<\/div>\n\n\n\n<div class=\"wp-block-column is-layout-flow wp-block-column-is-layout-flow\" style=\"flex-basis:33.33%\">\n<figure class=\"wp-block-image size-full\"><img loading=\"lazy\" decoding=\"async\" width=\"600\" height=\"450\" src=\"https:\/\/unduhvideoig.app\/wp-content\/uploads\/2025\/07\/reels_downloader.webp\" alt=\"Scaricatore di bobine\" class=\"wp-image-472\" srcset=\"https:\/\/unduhvideoig.app\/wp-content\/uploads\/2025\/07\/reels_downloader.webp 600w, https:\/\/unduhvideoig.app\/wp-content\/uploads\/2025\/07\/reels_downloader-300x225.webp 300w\" sizes=\"auto, (max-width: 600px) 100vw, 600px\" \/><\/figure>\n<\/div>\n<\/div>\n\n\n\n<div class=\"wp-block-columns is-layout-flex wp-container-core-columns-is-layout-28f84493 wp-block-columns-is-layout-flex\" style=\"box-shadow:var(--wp--preset--shadow--natural)\">\n<div class=\"wp-block-column is-layout-flow wp-block-column-is-layout-flow\" style=\"flex-basis:33.33%\">\n<figure class=\"wp-block-image size-full\"><img loading=\"lazy\" decoding=\"async\" width=\"600\" height=\"450\" src=\"https:\/\/unduhvideoig.app\/wp-content\/uploads\/2025\/07\/igtv_downloader.webp\" alt=\"Scaricatore Igtv\" class=\"wp-image-474\" srcset=\"https:\/\/unduhvideoig.app\/wp-content\/uploads\/2025\/07\/igtv_downloader.webp 600w, https:\/\/unduhvideoig.app\/wp-content\/uploads\/2025\/07\/igtv_downloader-300x225.webp 300w\" sizes=\"auto, (max-width: 600px) 100vw, 600px\" \/><\/figure>\n<\/div>\n\n\n\n<div class=\"wp-block-column is-layout-flow wp-block-column-is-layout-flow\" style=\"flex-basis:66.66%\">\n<h3 class=\"wp-block-heading\">Scaricatore IGTV<\/h3>\n\n\n\n<p>Scarica IGTV videos, un formato video pi\u00f9 lungo in HD, e guardalo quando vuoi, senza caricamento. Se non hai tempo di guardarlo subito, puoi scaricare IGTV videos sul tuo dispositivo e godertelo in un secondo momento.<\/p>\n<\/div>\n<\/div>\n\n\n\n<div class=\"wp-block-columns is-layout-flex wp-container-core-columns-is-layout-28f84493 wp-block-columns-is-layout-flex\" style=\"box-shadow:var(--wp--preset--shadow--natural)\">\n<div class=\"wp-block-column is-layout-flow wp-block-column-is-layout-flow\" style=\"flex-basis:66.66%\">\n<h3 class=\"wp-block-heading\">Carousel \/ Downloader di album<\/h3>\n\n\n\n<p>Post carosello, noti anche come Album o Gallerie. Estrai e scarica tutti i contenuti multimediali dai post carosello: foto, video o contenuti misti. UnduhVideoIg rende tutto pi\u00f9 semplice e veloce.<\/p>\n<\/div>\n\n\n\n<div class=\"wp-block-column is-layout-flow wp-block-column-is-layout-flow\" style=\"flex-basis:33.33%\">\n<figure class=\"wp-block-image size-full\"><img loading=\"lazy\" decoding=\"async\" width=\"600\" height=\"450\" src=\"https:\/\/unduhvideoig.app\/wp-content\/uploads\/2025\/07\/carousel_downloader.webp\" alt=\"Scaricatore carosello\" class=\"wp-image-475\" srcset=\"https:\/\/unduhvideoig.app\/wp-content\/uploads\/2025\/07\/carousel_downloader.webp 600w, https:\/\/unduhvideoig.app\/wp-content\/uploads\/2025\/07\/carousel_downloader-300x225.webp 300w\" sizes=\"auto, (max-width: 600px) 100vw, 600px\" \/><\/figure>\n<\/div>\n<\/div>\n\n\n\n<div class=\"wp-block-columns is-layout-flex wp-container-core-columns-is-layout-28f84493 wp-block-columns-is-layout-flex\" style=\"box-shadow:var(--wp--preset--shadow--natural)\">\n<div class=\"wp-block-column is-layout-flow wp-block-column-is-layout-flow\" style=\"flex-basis:33.33%\">\n<figure class=\"wp-block-image size-full\"><img loading=\"lazy\" decoding=\"async\" width=\"600\" height=\"450\" src=\"https:\/\/unduhvideoig.app\/wp-content\/uploads\/2025\/07\/mobile_app.webp\" alt=\"Applicazione mobile\" class=\"wp-image-477\" srcset=\"https:\/\/unduhvideoig.app\/wp-content\/uploads\/2025\/07\/mobile_app.webp 600w, https:\/\/unduhvideoig.app\/wp-content\/uploads\/2025\/07\/mobile_app-300x225.webp 300w\" sizes=\"auto, (max-width: 600px) 100vw, 600px\" \/><\/figure>\n<\/div>\n\n\n\n<div class=\"wp-block-column is-layout-flow wp-block-column-is-layout-flow\" style=\"flex-basis:66.66%\">\n<h3 class=\"wp-block-heading\">Scarica su dispositivi mobili o desktop: non \u00e8 necessaria alcuna app<\/h3>\n\n\n\n<p>Tutto funziona direttamente dal tuo browser, senza download o estensioni. Scarica qualsiasi foto, video, reels, IGTV in un clic, senza filigrane e ad alta risoluzione! Ma se sei un utente esperto, continua a seguirci: stiamo lavorando a un&#039;estensione per il browser per un accesso ancora pi\u00f9 semplice.<\/p>\n<\/div>\n<\/div>\n\n\n\n<h2 class=\"wp-block-heading has-text-align-center\">Domande frequenti (FAQ)<\/h2>\n\n\n\n<hr class=\"wp-block-separator has-alpha-channel-opacity has-fabled-sunset-gradient-background has-background is-style-wide\"\/>\n\n\n\n<p>Questa sezione FAQ risponde alle domande e ai dubbi pi\u00f9 comuni sull&#039;utilizzo del downloader UnduhVideoIg video. Se non trovi la risposta che cerchi, non esitare a contattarci via email tramite la nostra pagina dei contatti.<\/p>\n\n\n\n<h3 class=\"wp-block-heading\">Che cos&#039;\u00e8 Instagram Video Downloader?<\/h3>\n\n\n\n<p>\u00c8 uno strumento online gratuito per scaricare video, reels, foto, IGTV e caroselli da Instagram, in modo semplice e in HD. Il downloader di Instagram UnduhVideoIg \u00e8 lo strumento migliore per scaricare da Instagram.<\/p>\n\n\n\n<h3 class=\"wp-block-heading\">\u00c8 gratuito?<\/h3>\n\n\n\n<p>S\u00ec, 100% \u00e8 gratuito. Nessun costo nascosto, nessuna registrazione.<\/p>\n\n\n\n<h3 class=\"wp-block-heading\">Posso scaricare foto e video di qualsiasi utente?<\/h3>\n\n\n\n<p>Puoi scaricare solo dagli account Instagram pubblici. Rispettiamo la privacy e il copyright: i contenuti degli account Instagram privati non possono essere scaricati.<\/p>\n\n\n\n<h3 class=\"wp-block-heading\">Quali formati di file sono supportati da UnduhVideoIg?<\/h3>\n\n\n\n<p>Scaricando questi formati si garantisce la compatibilit\u00e0 su tutti i dispositivi.<\/p>\n\n\n\n<ul class=\"wp-block-list\">\n<li>Immagini: <code>.jpg<\/code><\/li>\n\n\n\n<li>Video: <code>.mp4<\/code><\/li>\n<\/ul>\n\n\n\n<h3 class=\"wp-block-heading\">C&#039;\u00e8 un limite al numero di video che posso scaricare?<\/h3>\n\n\n\n<p>No! Scaricane quanti ne vuoi, quando vuoi.<\/p>\n\n\n\n<h3 class=\"wp-block-heading\">Posso utilizzare a fini commerciali il file video scaricato?<\/h3>\n\n\n\n<p>No. I download sono destinati esclusivamente all&#039;uso personale. Si prega di rispettare il copyright e la propriet\u00e0 dei contenuti.<\/p>\n\n\n\n<h3 class=\"wp-block-heading\">Su quali dispositivi posso utilizzare UnduhVideoIg.App?<\/h3>\n\n\n\n<p>UnduhVideoIG funziona senza problemi su qualsiasi dispositivo dotato di browser web. Che tu utilizzi un telefono cellulare, un tablet, un laptop o un PC desktop, puoi accedere al downloader con facilit\u00e0. \u00c8 completamente compatibile con Mac OS, Windows, iOS, Linux e tutti i principali browser come Chrome, Firefox, Opera, Safari e Chromium, sia su desktop che su dispositivi mobili.<\/p>\n\n\n\n<h3 class=\"wp-block-heading\">Come scaricare foto di Instagram e video online?<\/h3>\n\n\n\n<ol class=\"wp-block-list\">\n<li>Copia l&#039;URL della foto Instagram o video che vuoi scaricare<\/li>\n\n\n\n<li>Vai su UnduhVideoIg.App, incolla il link nel campo di input e fai clic sul pulsante Scarica<\/li>\n\n\n\n<li>In pochi secondi vedrai i formati disponibili: scegli la qualit\u00e0 che preferisci e scarica!<\/li>\n<\/ol>\n\n\n\n<h3 class=\"wp-block-heading\">\u00c8 consentito il download di Instagram Reels?<\/h3>\n\n\n\n<p>S\u00ec, puoi scaricare gli Instagram Reels, a condizione che provengano da post pubblici e che vengano utilizzati solo per scopi personali. Il nostro strumento ti permette di scaricare gli Instagram Reels direttamente sul tuo smartphone o dispositivo per la visualizzazione offline. Tuttavia, tieni presente che il download dei video degli Instagram Reels non deve essere effettuato per uso commerciale o ripubblicato senza l&#039;autorizzazione del creatore originale.<\/p>","protected":false},"excerpt":{"rendered":"<p>Instagram Downloader Download Instagram Videos, Photos, Reels, IGTV &#038; Carousel Download With the usage of our service, you\u2019re accepting our Terms of Usage. Welcome to UnduhVideoIg.App \u2014 your all-in-one tool to download Instagram videos, photos, reels, IGTV, and carousel posts in high quality. Whether you&#8217;re saving content for personal use or simply want to view [&hellip;]<\/p>\n","protected":false},"author":1,"featured_media":0,"parent":0,"menu_order":0,"comment_status":"closed","ping_status":"closed","template":"","meta":{"slim_seo":{"title":"Instagram Downloader \u2013 Scarica video, foto, IGTV e reel da Instagram","description":"Scarica IG videos gratuitamente, senza bisogno di alcuna app. Salva i tuoi videos Instagram preferiti in qualit\u00e0 HD direttamente online, in modo rapido, semplice e senza filigrana!"},"footnotes":""},"class_list":["post-6","page","type-page","status-publish","hentry"],"blocksy_meta":{"background":{"background_type":"color","background_pattern":"type-1","background_image":{"attachment_id":null,"x":0,"y":0},"gradient":"linear-gradient(135deg,rgba(6,147,227,1) 0%,rgb(155,81,224) 100%)","background_repeat":"repeat","background_size":"auto","background_attachment":"scroll","patternColor":{"default":{"color":"#e5e7ea"}},"overlayColor":{"default":{"color":"CT_CSS_SKIP_RULE"}},"backgroundColor":{"default":{"color":"CT_CSS_SKIP_RULE"}}},"styles_descriptor":{"styles":{"desktop":"[data-prefix=\"single_page\"] [class*=\"ct-container\"] > article[class*=\"post\"] {--has-boxed:var(--false);--has-wide:var(--true);}","tablet":"","mobile":""},"google_fonts":[],"version":6},"content_style_source":"custom","content_style":"wide","has_hero_section":"disabled"},"_links":{"self":[{"href":"https:\/\/unduhvideoig.app\/it\/wp-json\/wp\/v2\/pages\/6","targetHints":{"allow":["GET"]}}],"collection":[{"href":"https:\/\/unduhvideoig.app\/it\/wp-json\/wp\/v2\/pages"}],"about":[{"href":"https:\/\/unduhvideoig.app\/it\/wp-json\/wp\/v2\/types\/page"}],"author":[{"embeddable":true,"href":"https:\/\/unduhvideoig.app\/it\/wp-json\/wp\/v2\/users\/1"}],"replies":[{"embeddable":true,"href":"https:\/\/unduhvideoig.app\/it\/wp-json\/wp\/v2\/comments?post=6"}],"version-history":[{"count":87,"href":"https:\/\/unduhvideoig.app\/it\/wp-json\/wp\/v2\/pages\/6\/revisions"}],"predecessor-version":[{"id":650,"href":"https:\/\/unduhvideoig.app\/it\/wp-json\/wp\/v2\/pages\/6\/revisions\/650"}],"wp:attachment":[{"href":"https:\/\/unduhvideoig.app\/it\/wp-json\/wp\/v2\/media?parent=6"}],"curies":[{"name":"parola chiave","href":"https:\/\/api.w.org\/{rel}","templated":true}]}}