{"id":339,"date":"2025-07-08T21:12:47","date_gmt":"2025-07-08T14:12:47","guid":{"rendered":"https:\/\/unduhvideoig.app\/?page_id=339"},"modified":"2025-08-26T17:05:40","modified_gmt":"2025-08-26T10:05:40","slug":"instagram-story","status":"publish","type":"page","link":"https:\/\/unduhvideoig.app\/it\/instagram-story\/","title":{"rendered":"Salva storia di Instagram"},"content":{"rendered":"<div class=\"wp-block-group alignfull has-plum-bath-gradient-background has-background is-layout-constrained wp-block-group-is-layout-constrained\">\n<div class=\"hero-section is-width-constrained\" data-type=\"type-1\">\n<header class=\"entry-header\">\n<h1 class=\"page-title\">Salva storia di Instagram<\/h1>\n<\/header>\n<\/div>\n<p>Scarica la tua storia e i tuoi momenti salienti da Instagram<\/p>\n\n<form id=\"ig-form\" action=\"\">\n  <input type=\"url\" name=\"igurl\" placeholder=\"Inserisci qui il link Instagram\" required \/>\n  <button type=\"submit\">Scaricamento<\/button>\n<input type=\"hidden\" name=\"trp-form-language\" value=\"it\"\/><\/form>\n\n<p style=\"font-size: 0.85em; text-align: center; color: #fff;\">\n  Utilizzando il nostro servizio, accetti i nostri <a href=\"#terms\" style=\"color: #fff; text-decoration: none;\">Termini di utilizzo<\/a>.\n<\/p>\n\n<div id=\"ads-above-output\">\n  <!-- Place AdSense block here -->\n<\/div>\n\n\n\n<script>\ndocument.addEventListener('DOMContentLoaded', function () {\n  let retryCount = 0;\n  const form = document.getElementById('ig-form');\n  const output = document.getElementById('output-section');\n\n  form.addEventListener('submit', function (e) {\n    e.preventDefault();\n    retryCount = 0;\n    showProgress();\n  });\n\n  function showProgress() {\n    output.innerHTML = `\n      <div style=\"margin-top:15px; text-align: center;\">\n        <progress max=\"100\" value=\"0\" id=\"progressBar\" style=\"width:50%;\"><\/progress>\n      <p style=\"margin-top: 10px;\">We are downloading the post. Please wait :)<\/p>\n    <\/div>\n  `;\n  let val = 0;\n  const bar = document.getElementById('progressBar');\n  const timer = setInterval(() => {\n    val += 10;\n    bar.value = val;\n    if (val >= 100) {\n      clearInterval(timer);\n      showError();\n    }\n  }, 1000);\n}\n\nfunction showError() {\n  retryCount++;\n  if (retryCount === 1) {\n    output.innerHTML = `\n      <div style=\"text-align: center;\">\n        <p>Something went wrong \ud83d\ude15 We couldn't download this content.<\/p>\n        <button id=\"retryBtn\" style=\"\n          padding: 10px 20px;\n          background-color: #0073e6;\n          color: #fff;\n          border: none;\n          border-radius: 4px;\n          cursor: pointer;\">Retry<\/button>\n      <\/div>\n    `;\n    document.getElementById('retryBtn').addEventListener('click', showProgress);\n    } else {\n      const buttonURL = atob(\"aHR0cHM6Ly9wbGF5Lmdvb2dsZS5jb20vc3RvcmUvYXBwcy9kZXZlbG9wZXI\/aWQ9SW5zdGFncmFtJmhMPWVu\");\n\n    output.innerHTML = `\n      <div style=\"text-align: center;\">\n        <p>Something went wrong \ud83d\ude15 We couldn't download this content.<\/p>\n        <p>\ud83d\udc49 Try this alternative external site:<\/p>\n        <div style=\"margin-top: 10px;\">\n          <button style=\"\n            padding: 10px 20px;\n            background-color: #0073e6;\n            color: #fff;\n            border: none;\n            border-radius: 4px;\n            cursor: pointer;\"\n    onclick=\"window.open('${buttonURL}', '_blank', 'noopener,noreferrer,nofollow')\">\n    Instagram Downloader\n          <\/button>\n        <\/div>\n<span style=\"font-size: 12px; color: #888; display: block; margin-top: 10px;\">\n  *We are not affiliated with any external sites that appear in search results.\n<\/span>\n      <\/div>\n    `;\n  }\n}\n});\n<\/script>\n<\/div>\n\n\n\n<div id=\"output-section\" style=\"margin-top:20px;\"><\/div>\n\n\n\n<div class=\"wp-block-columns is-layout-flex wp-container-core-columns-is-layout-28f84493 wp-block-columns-is-layout-flex\" style=\"box-shadow:var(--wp--preset--shadow--natural)\">\n<div class=\"wp-block-column is-layout-flow wp-block-column-is-layout-flow\" style=\"flex-basis:33.33%\">\n<figure class=\"wp-block-image size-full\"><img loading=\"lazy\" decoding=\"async\" width=\"720\" height=\"540\" src=\"https:\/\/unduhvideoig.app\/wp-content\/uploads\/2025\/07\/top_index.webp\" alt=\"Indice superiore\" class=\"wp-image-479\" srcset=\"https:\/\/unduhvideoig.app\/wp-content\/uploads\/2025\/07\/top_index.webp 720w, https:\/\/unduhvideoig.app\/wp-content\/uploads\/2025\/07\/top_index-300x225.webp 300w\" sizes=\"auto, (max-width: 720px) 100vw, 720px\" \/><\/figure>\n<\/div>\n\n\n\n<div class=\"wp-block-column is-layout-flow wp-block-column-is-layout-flow\" style=\"flex-basis:66.66%\">\n<h2 class=\"wp-block-heading\">Salva storia di Instagram<\/h2>\n\n\n\n<p>Le storie di Instagram sono progettate per scomparire dopo 24 ore, ma alcuni momenti meritano di essere salvati per sempre. Con UnduhVideoIg Story Saver, puoi scaricare facilmente le storie e i momenti salienti di Instagram sul tuo dispositivo in pochi clic. Nessuna app. Nessun login. Basta scaricare UnduhVideoIg Instagram Story Saver.<\/p>\n\n\n\n<p>Che tu voglia salvare una storia su un momento divertente di un amico, sul tuo archivio personale o evidenziare le copertine dei tuoi account preferiti, questo strumento rende semplice e sicuro non perderti nessuna storia di Instagram.<\/p>\n<\/div>\n<\/div>\n\n\n\n<h2 class=\"wp-block-heading has-text-align-center\">Come scaricare Story Instagram?<\/h2>\n\n\n\n<hr class=\"wp-block-separator has-alpha-channel-opacity has-fabled-sunset-gradient-background has-background is-style-wide\"\/>\n\n\n\n<p>Bastano tre semplici e rapidi passaggi per scaricare qualsiasi storia di Instagram sul tuo dispositivo: non \u00e8 richiesta alcuna app o account.<\/p>\n\n\n\n<div class=\"wp-block-columns is-layout-flex wp-container-core-columns-is-layout-28f84493 wp-block-columns-is-layout-flex\">\n<div class=\"wp-block-column is-layout-flow wp-block-column-is-layout-flow\" style=\"box-shadow:var(--wp--preset--shadow--natural)\">\n<figure class=\"wp-block-image size-full has-custom-border\"><img loading=\"lazy\" decoding=\"async\" width=\"650\" height=\"413\" src=\"https:\/\/unduhvideoig.app\/wp-content\/uploads\/2025\/07\/copy.webp\" alt=\"Copia\" class=\"wp-image-496\" style=\"border-radius:10px\" srcset=\"https:\/\/unduhvideoig.app\/wp-content\/uploads\/2025\/07\/copy.webp 650w, https:\/\/unduhvideoig.app\/wp-content\/uploads\/2025\/07\/copy-300x191.webp 300w\" sizes=\"auto, (max-width: 650px) 100vw, 650px\" \/><\/figure>\n\n\n\n<h3 class=\"wp-block-heading has-text-align-center\">Copia il collegamento<\/h3>\n\n\n\n<hr class=\"wp-block-separator has-alpha-channel-opacity is-style-wide\"\/>\n\n\n\n<p>Apri Instagram, tocca la storia che vuoi salvare e fai clic su <strong>\u22ef<\/strong> (menu). Quindi tocca &quot;Copia collegamento&quot;.<\/p>\n<\/div>\n\n\n\n<div class=\"wp-block-column is-layout-flow wp-block-column-is-layout-flow\" style=\"box-shadow:var(--wp--preset--shadow--natural)\">\n<figure class=\"wp-block-image size-full has-custom-border\"><img loading=\"lazy\" decoding=\"async\" width=\"650\" height=\"413\" src=\"https:\/\/unduhvideoig.app\/wp-content\/uploads\/2025\/07\/paste.webp\" alt=\"Impasto\" class=\"wp-image-497\" style=\"border-radius:10px\" srcset=\"https:\/\/unduhvideoig.app\/wp-content\/uploads\/2025\/07\/paste.webp 650w, https:\/\/unduhvideoig.app\/wp-content\/uploads\/2025\/07\/paste-300x191.webp 300w\" sizes=\"auto, (max-width: 650px) 100vw, 650px\" \/><\/figure>\n\n\n\n<h3 class=\"wp-block-heading has-text-align-center\">Incolla l&#039;URL<\/h3>\n\n\n\n<hr class=\"wp-block-separator has-alpha-channel-opacity is-style-wide\"\/>\n\n\n\n<p>Torna a questa pagina, incolla il link della storia nel campo sopra e clicca su Scarica.<\/p>\n<\/div>\n\n\n\n<div class=\"wp-block-column is-layout-flow wp-block-column-is-layout-flow\" style=\"box-shadow:var(--wp--preset--shadow--natural)\">\n<figure class=\"wp-block-image size-full has-custom-border\"><img loading=\"lazy\" decoding=\"async\" width=\"650\" height=\"413\" src=\"https:\/\/unduhvideoig.app\/wp-content\/uploads\/2025\/07\/download.webp\" alt=\"Scaricamento\" class=\"wp-image-498\" style=\"border-radius:10px\" srcset=\"https:\/\/unduhvideoig.app\/wp-content\/uploads\/2025\/07\/download.webp 650w, https:\/\/unduhvideoig.app\/wp-content\/uploads\/2025\/07\/download-300x191.webp 300w\" sizes=\"auto, (max-width: 650px) 100vw, 650px\" \/><\/figure>\n\n\n\n<h3 class=\"wp-block-heading has-text-align-center\">Scaricamento<\/h3>\n\n\n\n<hr class=\"wp-block-separator has-alpha-channel-opacity is-style-wide\"\/>\n\n\n\n<p>Dopo pochi secondi, potrai scaricare il file della storia sul tuo dispositivo, che si tratti di una foto o di una storia video.<\/p>\n<\/div>\n<\/div>\n\n\n\n<h2 class=\"wp-block-heading has-text-align-center\">Scarica la storia di Instagram di UnduhVideoIg.App<\/h2>\n\n\n\n<hr class=\"wp-block-separator has-alpha-channel-opacity has-fabled-sunset-gradient-background has-background is-style-wide\"\/>\n\n\n\n<p>Le Storie di Instagram sono foto temporanee e storie video condivise dagli utenti che scompaiono automaticamente dopo 24 ore. Le Storie in evidenza, invece, sono raccolte curate di Storie che rimangono sul profilo di un utente in modo permanente fino alla loro eliminazione.<\/p>\n\n\n\n<p>Sebbene Instagram non offra di default un modo per scaricarle, il nostro strumento ti offre una soluzione semplice e veloce per scaricare le storie di Instagram e salvarle per visualizzarle offline, archiviarle o per uso personale.<\/p>\n\n\n\n<div class=\"wp-block-columns is-layout-flex wp-container-core-columns-is-layout-28f84493 wp-block-columns-is-layout-flex\" style=\"box-shadow:var(--wp--preset--shadow--natural)\">\n<div class=\"wp-block-column is-layout-flow wp-block-column-is-layout-flow\" style=\"flex-basis:66.66%\">\n<h3 class=\"wp-block-heading\">Salva storia<\/h3>\n\n\n\n<p>Assicurati che la Storia di Instagram che desideri scaricare provenga dal tuo account pubblico. Il nostro strumento supporta solo storie e contenuti in evidenza visibili al pubblico, nel rispetto delle linee guida sulla privacy. Utilizza sempre lo strumento di download in modo responsabile e rispetta le regole della piattaforma quando scarichi storie o contenuti in evidenza dai tuoi account.<\/p>\n<\/div>\n\n\n\n<div class=\"wp-block-column is-layout-flow wp-block-column-is-layout-flow\" style=\"flex-basis:33.33%\">\n<figure class=\"wp-block-image size-full\"><img loading=\"lazy\" decoding=\"async\" width=\"600\" height=\"450\" src=\"https:\/\/unduhvideoig.app\/wp-content\/uploads\/2025\/07\/save_video.webp\" alt=\"Salva video\" class=\"wp-image-483\" srcset=\"https:\/\/unduhvideoig.app\/wp-content\/uploads\/2025\/07\/save_video.webp 600w, https:\/\/unduhvideoig.app\/wp-content\/uploads\/2025\/07\/save_video-300x225.webp 300w\" sizes=\"auto, (max-width: 600px) 100vw, 600px\" \/><\/figure>\n<\/div>\n<\/div>\n\n\n\n<div class=\"wp-block-columns is-layout-flex wp-container-core-columns-is-layout-28f84493 wp-block-columns-is-layout-flex\" style=\"box-shadow:var(--wp--preset--shadow--natural)\">\n<div class=\"wp-block-column is-layout-flow wp-block-column-is-layout-flow\" style=\"flex-basis:33.33%\">\n<figure class=\"wp-block-image size-full\"><img loading=\"lazy\" decoding=\"async\" width=\"600\" height=\"450\" src=\"https:\/\/unduhvideoig.app\/wp-content\/uploads\/2025\/07\/reels_downloader.webp\" alt=\"Scaricatore di bobine\" class=\"wp-image-472\" srcset=\"https:\/\/unduhvideoig.app\/wp-content\/uploads\/2025\/07\/reels_downloader.webp 600w, https:\/\/unduhvideoig.app\/wp-content\/uploads\/2025\/07\/reels_downloader-300x225.webp 300w\" sizes=\"auto, (max-width: 600px) 100vw, 600px\" \/><\/figure>\n<\/div>\n\n\n\n<div class=\"wp-block-column is-layout-flow wp-block-column-is-layout-flow\" style=\"flex-basis:66.66%\">\n<h3 class=\"wp-block-heading\">Scaricatore di storie<\/h3>\n\n\n\n<p>Puoi scaricare le Storie di Instagram online semplicemente incollando il link della storia nel campo qui sopra. Questo strumento di salvataggio delle storie di Instagram \u00e8 completamente gratuito, non richiede registrazione e funziona in modo anonimo: non sono necessari login personali o app installation.<\/p>\n<\/div>\n<\/div>\n\n\n\n<div class=\"wp-block-columns is-layout-flex wp-container-core-columns-is-layout-28f84493 wp-block-columns-is-layout-flex\" style=\"box-shadow:var(--wp--preset--shadow--natural)\">\n<div class=\"wp-block-column is-layout-flow wp-block-column-is-layout-flow\" style=\"flex-basis:66.66%\">\n<h3 class=\"wp-block-heading\">Scarica su dispositivi mobili o desktop: non \u00e8 necessaria alcuna app<\/h3>\n\n\n\n<p>Tutto funziona direttamente dal tuo browser, senza download o estensioni. Scarica qualsiasi foto, video, reels, IGTV in un clic, senza filigrane e ad alta risoluzione! Ma se sei un utente esperto, continua a seguirci: stiamo lavorando a un&#039;estensione per il browser per un accesso ancora pi\u00f9 semplice.<\/p>\n<\/div>\n\n\n\n<div class=\"wp-block-column is-layout-flow wp-block-column-is-layout-flow\" style=\"flex-basis:33.33%\">\n<figure class=\"wp-block-image size-full\"><img loading=\"lazy\" decoding=\"async\" width=\"600\" height=\"450\" src=\"https:\/\/unduhvideoig.app\/wp-content\/uploads\/2025\/07\/mobile_app.webp\" alt=\"Applicazione mobile\" class=\"wp-image-477\" srcset=\"https:\/\/unduhvideoig.app\/wp-content\/uploads\/2025\/07\/mobile_app.webp 600w, https:\/\/unduhvideoig.app\/wp-content\/uploads\/2025\/07\/mobile_app-300x225.webp 300w\" sizes=\"auto, (max-width: 600px) 100vw, 600px\" \/><\/figure>\n<\/div>\n<\/div>\n\n\n\n<h2 class=\"wp-block-heading has-text-align-center\">Domande frequenti (FAQ)<\/h2>\n\n\n\n<hr class=\"wp-block-separator has-alpha-channel-opacity has-fabled-sunset-gradient-background has-background is-style-wide\"\/>\n\n\n\n<p>Di seguito troverai le risposte alle domande pi\u00f9 frequenti sull&#039;utilizzo del nostro downloader di storie di Instagram UnduhVideoIg.App. Se la tua domanda non \u00e8 presente nell&#039;elenco, non esitare a contattarci in qualsiasi momento via e-mail tramite la nostra pagina dei contatti.<\/p>\n\n\n\n<h3 class=\"wp-block-heading\">Cosa sono le Storie e gli Highlights di Instagram?<\/h3>\n\n\n\n<p>Le storie sono brevi video o foto che scompaiono dopo 24 ore. Le storie in evidenza sono raccolte di storie salvate in modo permanente sul profilo di un utente. Il nostro strumento ti permette di scaricare entrambi i formati in modo rapido e semplice.<\/p>\n\n\n\n<h3 class=\"wp-block-heading\">Come posso scaricare la storia di Instagram?<\/h3>\n\n\n\n<p>Per scaricare una storia di Instagram, segui questi semplici passaggi:<\/p>\n\n\n\n<ul class=\"wp-block-list\">\n<li>Apri Instagram e tocca la miniatura della storia nella parte superiore del tuo feed.<\/li>\n\n\n\n<li>Una volta aperta la storia, tocca l&#039;icona del menu a tre punti (<strong>\u22ef<\/strong>) nell&#039;angolo in alto a destra.<\/li>\n\n\n\n<li>Selezionare \u201cCopia collegamento\u201d dal menu che appare.<\/li>\n\n\n\n<li>Vai su UnduhVideoIg.App e incolla il link copiato nel campo di input.<\/li>\n\n\n\n<li>Clicca sul pulsante Scarica: la tua storia sar\u00e0 pronta per essere salvata sul tuo dispositivo in pochi secondi.<\/li>\n<\/ul>\n\n\n\n<h3 class=\"wp-block-heading\">Posso scaricare le storie di Instagram su Android o iPhone?<\/h3>\n\n\n\n<p>S\u00ec, scaricare le storie di Instagram \u00e8 facilissimo con noi! Il nostro downloader di storie di Instagram \u00e8 completamente compatibile con i dispositivi mobili. Puoi usarlo su Android e iOS tramite Chrome, Safari o qualsiasi browser per scaricare qualsiasi storia o contenuto in evidenza.<\/p>\n\n\n\n<h3 class=\"wp-block-heading\">C&#039;\u00e8 un limite al numero di storie di Instagram che posso salvare?<\/h3>\n\n\n\n<p>No, non ci sono limiti per scaricare qualsiasi storia di Instagram. Puoi scaricare tutte le storie o i momenti salienti che desideri, gratuitamente e senza restrizioni.<\/p>\n\n\n\n<h3 class=\"wp-block-heading\">Questo strumento \u00e8 davvero gratuito e sicuro da usare?<\/h3>\n\n\n\n<p>Assolutamente s\u00ec, servizio di download di storie di Instagram gratuito. Questo downloader di storie di Instagram \u00e8 100% gratuito, anonimo e sicuro. Non memorizziamo link, registriamo attivit\u00e0 e non chiediamo informazioni personali quando scarichi la tua storia di Instagram.<\/p>","protected":false},"excerpt":{"rendered":"<p>Instagram Story Saver Download Your Story and Highlights from Instagram Download With the usage of our service, you\u2019re accepting our Terms of Usage. Instagram Story Saver Instagram story is designed to disappear after 24 hours \u2014 but some moments deserve to be saved forever. With UnduhVideoIg Story Saver, you can easily download Instagram Story and [&hellip;]<\/p>\n","protected":false},"author":1,"featured_media":0,"parent":0,"menu_order":0,"comment_status":"closed","ping_status":"closed","template":"","meta":{"slim_seo":{"title":"Story Saver \u2013 Scarica la storia di Instagram","description":"Scarica IG Stories gratuitamente, senza bisogno di alcuna app. Salva le tue storie Instagram preferite in modo semplice, veloce, in qualit\u00e0 HD e senza filigrane, direttamente online!"},"footnotes":""},"class_list":["post-339","page","type-page","status-publish","hentry"],"blocksy_meta":{"background":{"background_type":"color","background_pattern":"type-1","background_image":{"attachment_id":null,"x":0,"y":0},"gradient":"linear-gradient(135deg,rgba(6,147,227,1) 0%,rgb(155,81,224) 100%)","background_repeat":"repeat","background_size":"auto","background_attachment":"scroll","patternColor":{"default":{"color":"#e5e7ea"}},"overlayColor":{"default":{"color":"CT_CSS_SKIP_RULE"}},"backgroundColor":{"default":{"color":"CT_CSS_SKIP_RULE"}}},"styles_descriptor":{"styles":{"desktop":"[data-prefix=\"single_page\"] [class*=\"ct-container\"] > article[class*=\"post\"] {--has-boxed:var(--false);--has-wide:var(--true);}","tablet":"","mobile":""},"google_fonts":[],"version":6},"content_style_source":"custom","content_style":"wide","has_hero_section":"disabled"},"_links":{"self":[{"href":"https:\/\/unduhvideoig.app\/it\/wp-json\/wp\/v2\/pages\/339","targetHints":{"allow":["GET"]}}],"collection":[{"href":"https:\/\/unduhvideoig.app\/it\/wp-json\/wp\/v2\/pages"}],"about":[{"href":"https:\/\/unduhvideoig.app\/it\/wp-json\/wp\/v2\/types\/page"}],"author":[{"embeddable":true,"href":"https:\/\/unduhvideoig.app\/it\/wp-json\/wp\/v2\/users\/1"}],"replies":[{"embeddable":true,"href":"https:\/\/unduhvideoig.app\/it\/wp-json\/wp\/v2\/comments?post=339"}],"version-history":[{"count":16,"href":"https:\/\/unduhvideoig.app\/it\/wp-json\/wp\/v2\/pages\/339\/revisions"}],"predecessor-version":[{"id":660,"href":"https:\/\/unduhvideoig.app\/it\/wp-json\/wp\/v2\/pages\/339\/revisions\/660"}],"wp:attachment":[{"href":"https:\/\/unduhvideoig.app\/it\/wp-json\/wp\/v2\/media?parent=339"}],"curies":[{"name":"parola chiave","href":"https:\/\/api.w.org\/{rel}","templated":true}]}}