{"id":323,"date":"2025-07-08T17:20:00","date_gmt":"2025-07-08T10:20:00","guid":{"rendered":"https:\/\/unduhvideoig.app\/?page_id=323"},"modified":"2025-08-26T17:02:52","modified_gmt":"2025-08-26T10:02:52","slug":"instagram-reels","status":"publish","type":"page","link":"https:\/\/unduhvideoig.app\/it\/instagram-reels\/","title":{"rendered":"Scaricatore di rulli di Instagram"},"content":{"rendered":"<div class=\"wp-block-group alignfull has-plum-bath-gradient-background has-background is-layout-constrained wp-block-group-is-layout-constrained\">\n<div class=\"hero-section is-width-constrained\" data-type=\"type-1\">\n<header class=\"entry-header\">\n<h1 class=\"page-title\">Scaricatore di rulli di Instagram<\/h1>\n<\/header>\n<\/div>\n<p>Scarica Reels da Instagram<\/p>\n\n<form id=\"ig-form\" action=\"\">\n  <input type=\"url\" name=\"igurl\" placeholder=\"Inserisci qui il link Instagram\" required \/>\n  <button type=\"submit\">Scaricamento<\/button>\n<input type=\"hidden\" name=\"trp-form-language\" value=\"it\"\/><\/form>\n\n<p style=\"font-size: 0.85em; text-align: center; color: #fff;\">\n  Utilizzando il nostro servizio, accetti i nostri <a href=\"#terms\" style=\"color: #fff; text-decoration: none;\">Termini di utilizzo<\/a>.\n<\/p>\n\n<div id=\"ads-above-output\">\n  <!-- Place AdSense block here -->\n<\/div>\n\n\n\n<script>\ndocument.addEventListener('DOMContentLoaded', function () {\n  let retryCount = 0;\n  const form = document.getElementById('ig-form');\n  const output = document.getElementById('output-section');\n\n  form.addEventListener('submit', function (e) {\n    e.preventDefault();\n    retryCount = 0;\n    showProgress();\n  });\n\n  function showProgress() {\n    output.innerHTML = `\n      <div style=\"margin-top:15px; text-align: center;\">\n        <progress max=\"100\" value=\"0\" id=\"progressBar\" style=\"width:50%;\"><\/progress>\n      <p style=\"margin-top: 10px;\">We are downloading the post. Please wait :)<\/p>\n    <\/div>\n  `;\n  let val = 0;\n  const bar = document.getElementById('progressBar');\n  const timer = setInterval(() => {\n    val += 10;\n    bar.value = val;\n    if (val >= 100) {\n      clearInterval(timer);\n      showError();\n    }\n  }, 1000);\n}\n\nfunction showError() {\n  retryCount++;\n  if (retryCount === 1) {\n    output.innerHTML = `\n      <div style=\"text-align: center;\">\n        <p>Something went wrong \ud83d\ude15 We couldn't download this content.<\/p>\n        <button id=\"retryBtn\" style=\"\n          padding: 10px 20px;\n          background-color: #0073e6;\n          color: #fff;\n          border: none;\n          border-radius: 4px;\n          cursor: pointer;\">Retry<\/button>\n      <\/div>\n    `;\n    document.getElementById('retryBtn').addEventListener('click', showProgress);\n    } else {\n      const buttonURL = atob(\"aHR0cHM6Ly9wbGF5Lmdvb2dsZS5jb20vc3RvcmUvYXBwcy9kZXZlbG9wZXI\/aWQ9SW5zdGFncmFtJmhMPWVu\");\n\n    output.innerHTML = `\n      <div style=\"text-align: center;\">\n        <p>Something went wrong \ud83d\ude15 We couldn't download this content.<\/p>\n        <p>\ud83d\udc49 Try this alternative external site:<\/p>\n        <div style=\"margin-top: 10px;\">\n          <button style=\"\n            padding: 10px 20px;\n            background-color: #0073e6;\n            color: #fff;\n            border: none;\n            border-radius: 4px;\n            cursor: pointer;\"\n    onclick=\"window.open('${buttonURL}', '_blank', 'noopener,noreferrer,nofollow')\">\n    Instagram Downloader\n          <\/button>\n        <\/div>\n<span style=\"font-size: 12px; color: #888; display: block; margin-top: 10px;\">\n  *We are not affiliated with any external sites that appear in search results.\n<\/span>\n      <\/div>\n    `;\n  }\n}\n});\n<\/script>\n<\/div>\n\n\n\n<div id=\"output-section\" style=\"margin-top:20px;\"><\/div>\n\n\n\n<div class=\"wp-block-columns is-layout-flex wp-container-core-columns-is-layout-28f84493 wp-block-columns-is-layout-flex\" style=\"box-shadow:var(--wp--preset--shadow--natural)\">\n<div class=\"wp-block-column is-layout-flow wp-block-column-is-layout-flow\" style=\"flex-basis:33.33%\">\n<figure class=\"wp-block-image size-full\"><img loading=\"lazy\" decoding=\"async\" width=\"720\" height=\"540\" src=\"https:\/\/unduhvideoig.app\/wp-content\/uploads\/2025\/07\/top_index.webp\" alt=\"Indice superiore\" class=\"wp-image-479\" srcset=\"https:\/\/unduhvideoig.app\/wp-content\/uploads\/2025\/07\/top_index.webp 720w, https:\/\/unduhvideoig.app\/wp-content\/uploads\/2025\/07\/top_index-300x225.webp 300w\" sizes=\"auto, (max-width: 720px) 100vw, 720px\" \/><\/figure>\n<\/div>\n\n\n\n<div class=\"wp-block-column is-layout-flow wp-block-column-is-layout-flow\" style=\"flex-basis:66.66%\">\n<h2 class=\"wp-block-heading\">Scarica i video di Instagram Reels<\/h2>\n\n\n\n<p>Con il downloader reels di UnduhVideoIg.App, puoi scaricare facilmente i Reels video di Instagram in formato MP4 sul tuo dispositivo, senza app e senza login. Vuoi scaricare i tuoi Reels preferiti per guardarli offline o condividerli in seguito?<\/p>\n\n\n\n<p>Che tu sia su dispositivo mobile o desktop, il nostro downloader di Reels funziona in modo rapido e sicuro durante il download di Reels. \u00c8 il modo pi\u00f9 semplice per avere i contenuti che ami, direttamente sul tuo dispositivo.<\/p>\n<\/div>\n<\/div>\n\n\n\n<h2 class=\"wp-block-heading has-text-align-center\">Come scaricare Instagram Reels?<\/h2>\n\n\n\n<hr class=\"wp-block-separator has-alpha-channel-opacity has-fabled-sunset-gradient-background has-background is-style-wide\"\/>\n\n\n\n<p>Segui questi tre semplici passaggi per utilizzare il nostro downloader di Instagram Reels: \u00e8 progettato per rendere il salvataggio dei tuoi Reels preferiti rapido, semplice e senza problemi.<\/p>\n\n\n\n<div class=\"wp-block-columns is-layout-flex wp-container-core-columns-is-layout-28f84493 wp-block-columns-is-layout-flex\">\n<div class=\"wp-block-column is-layout-flow wp-block-column-is-layout-flow\" style=\"box-shadow:var(--wp--preset--shadow--natural)\">\n<figure class=\"wp-block-image size-full has-custom-border\"><img loading=\"lazy\" decoding=\"async\" width=\"650\" height=\"413\" src=\"https:\/\/unduhvideoig.app\/wp-content\/uploads\/2025\/07\/copy.webp\" alt=\"Copia\" class=\"wp-image-496\" style=\"border-radius:10px\" srcset=\"https:\/\/unduhvideoig.app\/wp-content\/uploads\/2025\/07\/copy.webp 650w, https:\/\/unduhvideoig.app\/wp-content\/uploads\/2025\/07\/copy-300x191.webp 300w\" sizes=\"auto, (max-width: 650px) 100vw, 650px\" \/><\/figure>\n\n\n\n<h3 class=\"wp-block-heading has-text-align-center\">Copia il collegamento<\/h3>\n\n\n\n<hr class=\"wp-block-separator has-alpha-channel-opacity is-style-wide\"\/>\n\n\n\n<p>Apri Instagram (app o browser), vai ai Reels che desideri, tocca il menu \u22ef e seleziona &quot;Copia link&quot;.<\/p>\n<\/div>\n\n\n\n<div class=\"wp-block-column is-layout-flow wp-block-column-is-layout-flow\" style=\"box-shadow:var(--wp--preset--shadow--natural)\">\n<figure class=\"wp-block-image size-full has-custom-border\"><img loading=\"lazy\" decoding=\"async\" width=\"650\" height=\"413\" src=\"https:\/\/unduhvideoig.app\/wp-content\/uploads\/2025\/07\/paste.webp\" alt=\"Impasto\" class=\"wp-image-497\" style=\"border-radius:10px\" srcset=\"https:\/\/unduhvideoig.app\/wp-content\/uploads\/2025\/07\/paste.webp 650w, https:\/\/unduhvideoig.app\/wp-content\/uploads\/2025\/07\/paste-300x191.webp 300w\" sizes=\"auto, (max-width: 650px) 100vw, 650px\" \/><\/figure>\n\n\n\n<h3 class=\"wp-block-heading has-text-align-center\">Incolla l&#039;URL<\/h3>\n\n\n\n<hr class=\"wp-block-separator has-alpha-channel-opacity is-style-wide\"\/>\n\n\n\n<p>Torna alla pagina di download di Instagram Reels di UnduhVideoIg.App e incolla il link nel campo di input qui sopra.<\/p>\n<\/div>\n\n\n\n<div class=\"wp-block-column is-layout-flow wp-block-column-is-layout-flow\" style=\"box-shadow:var(--wp--preset--shadow--natural)\">\n<figure class=\"wp-block-image size-full has-custom-border\"><img loading=\"lazy\" decoding=\"async\" width=\"650\" height=\"413\" src=\"https:\/\/unduhvideoig.app\/wp-content\/uploads\/2025\/07\/download.webp\" alt=\"Scaricamento\" class=\"wp-image-498\" style=\"border-radius:10px\" srcset=\"https:\/\/unduhvideoig.app\/wp-content\/uploads\/2025\/07\/download.webp 650w, https:\/\/unduhvideoig.app\/wp-content\/uploads\/2025\/07\/download-300x191.webp 300w\" sizes=\"auto, (max-width: 650px) 100vw, 650px\" \/><\/figure>\n\n\n\n<h3 class=\"wp-block-heading has-text-align-center\">Scaricamento<\/h3>\n\n\n\n<hr class=\"wp-block-separator has-alpha-channel-opacity is-style-wide\"\/>\n\n\n\n<p>Clicca sul pulsante Download. In pochi secondi, il tuo Reels video sar\u00e0 pronto per essere salvato, in formato MP4 ad alta qualit\u00e0.<\/p>\n<\/div>\n<\/div>\n\n\n\n<h2 class=\"wp-block-heading has-text-align-center\">UnduhVideoIg.App Reels Downloader<\/h2>\n\n\n\n<hr class=\"wp-block-separator has-alpha-channel-opacity has-fabled-sunset-gradient-background has-background is-style-wide\"\/>\n\n\n\n<div class=\"wp-block-columns is-layout-flex wp-container-core-columns-is-layout-28f84493 wp-block-columns-is-layout-flex\" style=\"box-shadow:var(--wp--preset--shadow--natural)\">\n<div class=\"wp-block-column is-layout-flow wp-block-column-is-layout-flow\" style=\"flex-basis:66.66%\">\n<h3 class=\"wp-block-heading\">Scarica Instagram Reels<\/h3>\n\n\n\n<p>I Reels di Instagram sono brevi file verticali video. Puoi utilizzare questo downloader di Reels praticamente su qualsiasi dispositivo per scaricare qualsiasi Reels video. \u00c8 completamente reattivo e funziona senza bisogno di alcuna app installation per scaricare Reels video da Instagram.<\/p>\n\n\n\n<p>Per scaricare Reels videos, da iOS ad Android, da Windows a Linux, con UnduhVideoIg tutto ci\u00f2 di cui hai bisogno \u00e8 un browser e il link di Instagram.<\/p>\n<\/div>\n\n\n\n<div class=\"wp-block-column is-layout-flow wp-block-column-is-layout-flow\" style=\"flex-basis:33.33%\">\n<figure class=\"wp-block-image size-full\"><img loading=\"lazy\" decoding=\"async\" width=\"600\" height=\"450\" src=\"https:\/\/unduhvideoig.app\/wp-content\/uploads\/2025\/07\/reels_downloader.webp\" alt=\"Scaricatore di bobine\" class=\"wp-image-472\" srcset=\"https:\/\/unduhvideoig.app\/wp-content\/uploads\/2025\/07\/reels_downloader.webp 600w, https:\/\/unduhvideoig.app\/wp-content\/uploads\/2025\/07\/reels_downloader-300x225.webp 300w\" sizes=\"auto, (max-width: 600px) 100vw, 600px\" \/><\/figure>\n<\/div>\n<\/div>\n\n\n\n<div class=\"wp-block-columns is-layout-flex wp-container-core-columns-is-layout-28f84493 wp-block-columns-is-layout-flex\" style=\"box-shadow:var(--wp--preset--shadow--natural)\">\n<div class=\"wp-block-column is-layout-flow wp-block-column-is-layout-flow\" style=\"flex-basis:33.33%\">\n<figure class=\"wp-block-image size-full\"><img loading=\"lazy\" decoding=\"async\" width=\"600\" height=\"450\" src=\"https:\/\/unduhvideoig.app\/wp-content\/uploads\/2025\/07\/mobile_app.webp\" alt=\"Applicazione mobile\" class=\"wp-image-477\" srcset=\"https:\/\/unduhvideoig.app\/wp-content\/uploads\/2025\/07\/mobile_app.webp 600w, https:\/\/unduhvideoig.app\/wp-content\/uploads\/2025\/07\/mobile_app-300x225.webp 300w\" sizes=\"auto, (max-width: 600px) 100vw, 600px\" \/><\/figure>\n<\/div>\n\n\n\n<div class=\"wp-block-column is-layout-flow wp-block-column-is-layout-flow\" style=\"flex-basis:66.66%\">\n<h3 class=\"wp-block-heading\">Scarica su dispositivi mobili o desktop: non \u00e8 necessaria alcuna app<\/h3>\n\n\n\n<p>Tutto funziona direttamente dal tuo browser, senza download o estensioni. Scarica qualsiasi foto, video, reels, IGTV in un clic, senza filigrane e ad alta risoluzione! Ma se sei un utente esperto, continua a seguirci: stiamo lavorando a un&#039;estensione per il browser per un accesso ancora pi\u00f9 semplice.<\/p>\n<\/div>\n<\/div>\n\n\n\n<h2 class=\"wp-block-heading has-text-align-center\">Domande frequenti (FAQ)<\/h2>\n\n\n\n<hr class=\"wp-block-separator has-alpha-channel-opacity has-fabled-sunset-gradient-background has-background is-style-wide\"\/>\n\n\n\n<p>Qui troverai le risposte alle domande pi\u00f9 frequenti sull&#039;utilizzo del downloader di Instagram Reels di UnduhVideoIg. Se la tua domanda non \u00e8 presente nell&#039;elenco, non esitare a contattarci via email tramite la nostra pagina dei contatti.<\/p>\n\n\n\n<h3 class=\"wp-block-heading\">Posso scaricare Instagram Reels sul mio PC o Mac?<\/h3>\n\n\n\n<p>S\u00ec! Il nostro strumento su UnduhVideoIg funziona perfettamente sul tuo browser web: non \u00e8 necessario alcun software aggiuntivo per utilizzare questo downloader di Instagram Reels. Puoi utilizzare Reels Downloader anche su tablet, iPhone, telefoni Android e altri dispositivi.<\/p>\n\n\n\n<h3 class=\"wp-block-heading\">In quale formato vengono scaricati i Reels con UnduhVideoIg?<\/h3>\n\n\n\n<p>Tutti i file video vengono salvati come file .mp4, il formato pi\u00f9 ampiamente supportato per la riproduzione di video su tutti i dispositivi e le piattaforme.<\/p>\n\n\n\n<h3 class=\"wp-block-heading\">Il downloader di Instagram Reels \u00e8 davvero gratuito?<\/h3>\n\n\n\n<p>Assolutamente s\u00ec. Nessuna registrazione, nessun abbonamento e nessun costo. Il nostro downloader di Instagram Reels \u00e8 completamente gratuito.<\/p>\n\n\n\n<h3 class=\"wp-block-heading\">\u00c8 sicuro scaricare Instagram Reels?<\/h3>\n\n\n\n<p>S\u00ec, con UnduhVideoIg scaricare Instagram Reels \u00e8 sicuro. Non raccogliamo dati personali n\u00e9 monitoriamo i tuoi download. La tua attivit\u00e0 rimane privata e sicura.<\/p>\n\n\n\n<h3 class=\"wp-block-heading\">Posso usare questo downloader di UnduhVideoIg Reels su un telefono o un tablet?<\/h3>\n\n\n\n<p>Naturalmente, puoi usare il downloader di UnduhVideoIg Reels senza problemi. Il downloader funziona perfettamente su tutti i dispositivi mobili, inclusi iPad, telefoni Android e iPhone.<\/p>","protected":false},"excerpt":{"rendered":"<p>Instagram Reels Downloader Download Reels from Instagram Download With the usage of our service, you\u2019re accepting our Terms of Usage. Download Instagram Reels Videos With UnduhVideoIg.App reels downloader, you can easily download Instagram Reels videos in MP4 format to your device \u2014 no app and no login. Want to download your favorite Reels for offline [&hellip;]<\/p>\n","protected":false},"author":1,"featured_media":0,"parent":0,"menu_order":0,"comment_status":"closed","ping_status":"closed","template":"","meta":{"slim_seo":{"title":"Scaricare video di Instagram Reels - Reels Video da Instagram Downloader","description":"Scarica Instagram Reels gratuitamente e senza filigrana. Salva i tuoi IG Reels video preferiti in modo rapido, semplice e in qualit\u00e0 HD direttamente online, senza alcuna app!"},"footnotes":""},"class_list":["post-323","page","type-page","status-publish","hentry"],"blocksy_meta":{"background":{"background_type":"color","background_pattern":"type-1","background_image":{"attachment_id":null,"x":0,"y":0},"gradient":"linear-gradient(135deg,rgba(6,147,227,1) 0%,rgb(155,81,224) 100%)","background_repeat":"repeat","background_size":"auto","background_attachment":"scroll","patternColor":{"default":{"color":"#e5e7ea"}},"overlayColor":{"default":{"color":"CT_CSS_SKIP_RULE"}},"backgroundColor":{"default":{"color":"CT_CSS_SKIP_RULE"}}},"styles_descriptor":{"styles":{"desktop":"[data-prefix=\"single_page\"] [class*=\"ct-container\"] > article[class*=\"post\"] {--has-boxed:var(--false);--has-wide:var(--true);}","tablet":"","mobile":""},"google_fonts":[],"version":6},"content_style_source":"custom","content_style":"wide","has_hero_section":"disabled"},"_links":{"self":[{"href":"https:\/\/unduhvideoig.app\/it\/wp-json\/wp\/v2\/pages\/323","targetHints":{"allow":["GET"]}}],"collection":[{"href":"https:\/\/unduhvideoig.app\/it\/wp-json\/wp\/v2\/pages"}],"about":[{"href":"https:\/\/unduhvideoig.app\/it\/wp-json\/wp\/v2\/types\/page"}],"author":[{"embeddable":true,"href":"https:\/\/unduhvideoig.app\/it\/wp-json\/wp\/v2\/users\/1"}],"replies":[{"embeddable":true,"href":"https:\/\/unduhvideoig.app\/it\/wp-json\/wp\/v2\/comments?post=323"}],"version-history":[{"count":17,"href":"https:\/\/unduhvideoig.app\/it\/wp-json\/wp\/v2\/pages\/323\/revisions"}],"predecessor-version":[{"id":661,"href":"https:\/\/unduhvideoig.app\/it\/wp-json\/wp\/v2\/pages\/323\/revisions\/661"}],"wp:attachment":[{"href":"https:\/\/unduhvideoig.app\/it\/wp-json\/wp\/v2\/media?parent=323"}],"curies":[{"name":"parola chiave","href":"https:\/\/api.w.org\/{rel}","templated":true}]}}