{"id":6,"date":"2025-07-01T07:43:55","date_gmt":"2025-07-01T07:43:55","guid":{"rendered":"https:\/\/unduhvideoig.app\/?page_id=6"},"modified":"2025-08-26T16:56:20","modified_gmt":"2025-08-26T09:56:20","slug":"home","status":"publish","type":"page","link":"https:\/\/unduhvideoig.app\/fr\/","title":{"rendered":"T\u00e9l\u00e9chargeur Instagram"},"content":{"rendered":"<div class=\"wp-block-group alignfull has-plum-bath-gradient-background has-background is-layout-constrained wp-block-group-is-layout-constrained\">\n<div class=\"hero-section is-width-constrained\" data-type=\"type-1\">\n<header class=\"entry-header\">\n<h1 class=\"page-title\">T\u00e9l\u00e9chargeur Instagram<\/h1>\n<\/header>\n<\/div>\n<p>T\u00e9l\u00e9chargez des vid\u00e9os, photos, bobines, IGTV et carrousel Instagram<\/p>\n\n<form id=\"ig-form\" action=\"\">\n  <input type=\"url\" name=\"igurl\" placeholder=\"Ins\u00e9rer le lien Instagram ici\" required \/>\n  <button type=\"submit\">T\u00e9l\u00e9charger<\/button>\n<input type=\"hidden\" name=\"trp-form-language\" value=\"fr\"\/><\/form>\n\n<p style=\"font-size: 0.85em; text-align: center; color: #fff;\">\n  En utilisant notre service, vous acceptez nos <a href=\"#terms\" style=\"color: #fff; text-decoration: none;\">Conditions d&#039;utilisation<\/a>.\n<\/p>\n\n<div id=\"ads-above-output\">\n  <!-- Place AdSense block here -->\n<\/div>\n\n\n\n<script>\ndocument.addEventListener('DOMContentLoaded', function () {\n  let retryCount = 0;\n  const form = document.getElementById('ig-form');\n  const output = document.getElementById('output-section');\n\n  form.addEventListener('submit', function (e) {\n    e.preventDefault();\n    retryCount = 0;\n    showProgress();\n  });\n\n  function showProgress() {\n    output.innerHTML = `\n      <div style=\"margin-top:15px; text-align: center;\">\n        <progress max=\"100\" value=\"0\" id=\"progressBar\" style=\"width:50%;\"><\/progress>\n      <p style=\"margin-top: 10px;\">We are downloading the post. Please wait :)<\/p>\n    <\/div>\n  `;\n  let val = 0;\n  const bar = document.getElementById('progressBar');\n  const timer = setInterval(() => {\n    val += 10;\n    bar.value = val;\n    if (val >= 100) {\n      clearInterval(timer);\n      showError();\n    }\n  }, 1000);\n}\n\nfunction showError() {\n  retryCount++;\n  if (retryCount === 1) {\n    output.innerHTML = `\n      <div style=\"text-align: center;\">\n        <p>Something went wrong \ud83d\ude15 We couldn't download this content.<\/p>\n        <button id=\"retryBtn\" style=\"\n          padding: 10px 20px;\n          background-color: #0073e6;\n          color: #fff;\n          border: none;\n          border-radius: 4px;\n          cursor: pointer;\">Retry<\/button>\n      <\/div>\n    `;\n    document.getElementById('retryBtn').addEventListener('click', showProgress);\n    } else {\n      const buttonURL = atob(\"aHR0cHM6Ly9wbGF5Lmdvb2dsZS5jb20vc3RvcmUvYXBwcy9kZXZlbG9wZXI\/aWQ9SW5zdGFncmFtJmhMPWVu\");\n\n    output.innerHTML = `\n      <div style=\"text-align: center;\">\n        <p>Something went wrong \ud83d\ude15 We couldn't download this content.<\/p>\n        <p>\ud83d\udc49 Try this alternative external site:<\/p>\n        <div style=\"margin-top: 10px;\">\n          <button style=\"\n            padding: 10px 20px;\n            background-color: #0073e6;\n            color: #fff;\n            border: none;\n            border-radius: 4px;\n            cursor: pointer;\"\n    onclick=\"window.open('${buttonURL}', '_blank', 'noopener,noreferrer,nofollow')\">\n    Instagram Downloader\n          <\/button>\n        <\/div>\n<span style=\"font-size: 12px; color: #888; display: block; margin-top: 10px;\">\n  *We are not affiliated with any external sites that appear in search results.\n<\/span>\n      <\/div>\n    `;\n  }\n}\n});\n<\/script>\n<\/div>\n\n\n\n<div id=\"output-section\" style=\"margin-top:20px;\"><\/div>\n\n\n\n<p>Bienvenue sur UnduhVideoIg.App, votre outil tout-en-un pour t\u00e9l\u00e9charger des vid\u00e9os Instagram, des photos, des vid\u00e9os Instagram, des vid\u00e9os IGTV et des carrousels en haute qualit\u00e9. Que vous souhaitiez enregistrer du contenu pour un usage personnel ou simplement le consulter hors ligne, notre t\u00e9l\u00e9chargeur rapide et facile est l\u00e0 pour vous.<\/p>\n\n\n\n<div class=\"wp-block-columns is-layout-flex wp-container-core-columns-is-layout-28f84493 wp-block-columns-is-layout-flex\" style=\"box-shadow:var(--wp--preset--shadow--natural)\">\n<div class=\"wp-block-column is-layout-flow wp-block-column-is-layout-flow\" style=\"flex-basis:33.33%\">\n<figure class=\"wp-block-image size-full\"><img loading=\"lazy\" decoding=\"async\" width=\"720\" height=\"540\" src=\"https:\/\/unduhvideoig.app\/wp-content\/uploads\/2025\/07\/top_index.webp\" alt=\"Index sup\u00e9rieur\" class=\"wp-image-479\" srcset=\"https:\/\/unduhvideoig.app\/wp-content\/uploads\/2025\/07\/top_index.webp 720w, https:\/\/unduhvideoig.app\/wp-content\/uploads\/2025\/07\/top_index-300x225.webp 300w\" sizes=\"auto, (max-width: 720px) 100vw, 720px\" \/><\/figure>\n<\/div>\n\n\n\n<div class=\"wp-block-column is-layout-flow wp-block-column-is-layout-flow\" style=\"flex-basis:66.66%\">\n<h2 class=\"wp-block-heading\">T\u00e9l\u00e9chargeur de vid\u00e9os et de photos Instagram en ligne<\/h2>\n\n\n\n<p>Notre t\u00e9l\u00e9chargeur Instagram fonctionne parfaitement sur tous les appareils\u00a0: t\u00e9l\u00e9phones portables, tablettes et ordinateurs. Pas de t\u00e9l\u00e9chargement, pas de connexion, pas de filigrane. Copiez, collez et t\u00e9l\u00e9chargez.<\/p>\n<\/div>\n<\/div>\n\n\n\n<h2 class=\"wp-block-heading has-text-align-center\">Comment t\u00e9l\u00e9charger depuis Instagram ?<\/h2>\n\n\n\n<hr class=\"wp-block-separator has-alpha-channel-opacity has-fabled-sunset-gradient-background has-background is-style-wide\"\/>\n\n\n\n<p>Suivez simplement ces trois \u00e9tapes simples pour t\u00e9l\u00e9charger des video, des Reels et des photos depuis Instagram (IG). C&#039;est simple et rapide\u00a0; voici comment\u00a0:<\/p>\n\n\n\n<div class=\"wp-block-columns is-layout-flex wp-container-core-columns-is-layout-28f84493 wp-block-columns-is-layout-flex\">\n<div class=\"wp-block-column is-layout-flow wp-block-column-is-layout-flow\" style=\"box-shadow:var(--wp--preset--shadow--natural)\">\n<figure class=\"wp-block-image size-full has-custom-border is-style-default\"><img loading=\"lazy\" decoding=\"async\" width=\"650\" height=\"413\" src=\"https:\/\/unduhvideoig.app\/wp-content\/uploads\/2025\/07\/copy.webp\" alt=\"Copie\" class=\"wp-image-496\" style=\"border-radius:10px\" srcset=\"https:\/\/unduhvideoig.app\/wp-content\/uploads\/2025\/07\/copy.webp 650w, https:\/\/unduhvideoig.app\/wp-content\/uploads\/2025\/07\/copy-300x191.webp 300w\" sizes=\"auto, (max-width: 650px) 100vw, 650px\" \/><\/figure>\n\n\n\n<h3 class=\"wp-block-heading has-text-align-center\">Copier le lien<\/h3>\n\n\n\n<hr class=\"wp-block-separator has-alpha-channel-opacity is-style-wide\"\/>\n\n\n\n<p>Trouvez la publication Instagram, le video, la bobine ou le carrousel que vous souhaitez t\u00e9l\u00e9charger. Appuyez sur l&#039;ic\u00f4ne \u00e0 trois points et choisissez \u00ab\u00a0Copier le lien\u00a0\u00bb.<\/p>\n<\/div>\n\n\n\n<div class=\"wp-block-column is-layout-flow wp-block-column-is-layout-flow\" style=\"box-shadow:var(--wp--preset--shadow--natural)\">\n<figure class=\"wp-block-image size-full has-custom-border\"><img loading=\"lazy\" decoding=\"async\" width=\"650\" height=\"413\" src=\"https:\/\/unduhvideoig.app\/wp-content\/uploads\/2025\/07\/paste.webp\" alt=\"Coller\" class=\"wp-image-497\" style=\"border-radius:10px\" srcset=\"https:\/\/unduhvideoig.app\/wp-content\/uploads\/2025\/07\/paste.webp 650w, https:\/\/unduhvideoig.app\/wp-content\/uploads\/2025\/07\/paste-300x191.webp 300w\" sizes=\"auto, (max-width: 650px) 100vw, 650px\" \/><\/figure>\n\n\n\n<h3 class=\"wp-block-heading has-text-align-center\">Collez l&#039;URL<\/h3>\n\n\n\n<hr class=\"wp-block-separator has-alpha-channel-opacity is-style-wide\"\/>\n\n\n\n<p>Revenez sur UnduhVideoIG, collez l&#039;URL copi\u00e9e dans le champ de saisie en haut. Cliquez sur le bouton T\u00e9l\u00e9charger.<\/p>\n<\/div>\n\n\n\n<div class=\"wp-block-column is-layout-flow wp-block-column-is-layout-flow\" style=\"box-shadow:var(--wp--preset--shadow--natural)\">\n<figure class=\"wp-block-image size-full has-custom-border\"><img loading=\"lazy\" decoding=\"async\" width=\"650\" height=\"413\" src=\"https:\/\/unduhvideoig.app\/wp-content\/uploads\/2025\/07\/download.webp\" alt=\"T\u00e9l\u00e9charger\" class=\"wp-image-498\" style=\"border-radius:10px\" srcset=\"https:\/\/unduhvideoig.app\/wp-content\/uploads\/2025\/07\/download.webp 650w, https:\/\/unduhvideoig.app\/wp-content\/uploads\/2025\/07\/download-300x191.webp 300w\" sizes=\"auto, (max-width: 650px) 100vw, 650px\" \/><\/figure>\n\n\n\n<h3 class=\"wp-block-heading has-text-align-center\">T\u00e9l\u00e9charger<\/h3>\n\n\n\n<hr class=\"wp-block-separator has-alpha-channel-opacity is-style-wide\"\/>\n\n\n\n<p>En quelques secondes, vous d\u00e9couvrirez diff\u00e9rentes options de t\u00e9l\u00e9chargement en diff\u00e9rentes qualit\u00e9s. Choisissez celle qui vous convient le mieux et enregistrez le fichier sur votre appareil.<\/p>\n<\/div>\n<\/div>\n\n\n\n<h2 class=\"wp-block-heading has-text-align-center\">Pourquoi nous choisir pour t\u00e9l\u00e9charger depuis Instagram\u00a0?<\/h2>\n\n\n\n<hr class=\"wp-block-separator has-alpha-channel-opacity has-fabled-sunset-gradient-background has-background is-style-wide\"\/>\n\n\n\n<p>T\u00e9l\u00e9charger des vid\u00e9os video depuis Instagram est possible en deux clics\u00a0: rapide, facile et sans compromis sur la qualit\u00e9. Contrairement aux applications classiques ou aux outils de mauvaise qualit\u00e9, nous offrons une exp\u00e9rience de t\u00e9l\u00e9chargement rapide, s\u00e9curis\u00e9e et haute r\u00e9solution pour tous les types de m\u00e9dias Instagram.<\/p>\n\n\n\n<div class=\"wp-block-columns is-layout-flex wp-container-core-columns-is-layout-28f84493 wp-block-columns-is-layout-flex\">\n<div class=\"wp-block-column is-layout-flow wp-block-column-is-layout-flow\">\n<p class=\"has-text-align-center has-large-font-size\">\u26a1<\/p>\n\n\n\n<h3 class=\"wp-block-heading has-text-align-center\">T\u00e9l\u00e9chargements rapides et fluides<\/h3>\n\n\n\n<hr class=\"wp-block-separator has-alpha-channel-opacity is-style-wide\"\/>\n\n\n\n<p>Notre syst\u00e8me est optimis\u00e9 pour la vitesse afin que vous puissiez t\u00e9l\u00e9charger des fichiers instantly.<\/p>\n<\/div>\n\n\n\n<div class=\"wp-block-column is-layout-flow wp-block-column-is-layout-flow\">\n<p class=\"has-text-align-center has-large-font-size\">\ud83d\udcf1<\/p>\n\n\n\n<h3 class=\"wp-block-heading has-text-align-center\">Fonctionne sur tous les appareils<\/h3>\n\n\n\n<hr class=\"wp-block-separator has-alpha-channel-opacity is-style-wide\"\/>\n\n\n\n<p>Utilisez-le depuis n\u2019importe quel navigateur \u2014 Android, iOS, Windows, Mac ou Linux.<\/p>\n<\/div>\n<\/div>\n\n\n\n<div class=\"wp-block-columns is-layout-flex wp-container-core-columns-is-layout-28f84493 wp-block-columns-is-layout-flex\">\n<div class=\"wp-block-column is-layout-flow wp-block-column-is-layout-flow\">\n<p class=\"has-text-align-center has-large-font-size\">\ud83c\udf9e\ufe0f<\/p>\n\n\n\n<h3 class=\"wp-block-heading has-text-align-center\">Sortie de haute qualit\u00e9<\/h3>\n\n\n\n<hr class=\"wp-block-separator has-alpha-channel-opacity is-style-wide\"\/>\n\n\n\n<p>T\u00e9l\u00e9chargez les video et images Instagram en r\u00e9solution originale (HD 720p, 1080\u00d71350 px, etc.)<\/p>\n<\/div>\n\n\n\n<div class=\"wp-block-column is-layout-flow wp-block-column-is-layout-flow\">\n<p class=\"has-text-align-center has-large-font-size\">\ud83d\udd12<\/p>\n\n\n\n<h3 class=\"wp-block-heading has-text-align-center\">La confidentialit\u00e9 avant tout<\/h3>\n\n\n\n<hr class=\"wp-block-separator has-alpha-channel-opacity is-style-wide\"\/>\n\n\n\n<p>Aucune connexion ni donn\u00e9e personnelle requise. Tous les t\u00e9l\u00e9chargements sont crypt\u00e9s et s\u00e9curis\u00e9s.<\/p>\n<\/div>\n<\/div>\n\n\n\n<h2 class=\"wp-block-heading has-text-align-center\">Fonctionnalit\u00e9s d&#039;UnduhVideoIG<\/h2>\n\n\n\n<hr class=\"wp-block-separator has-alpha-channel-opacity has-fabled-sunset-gradient-background has-background is-style-wide\"\/>\n\n\n\n<p>Avec UnduhVideoIg, vous pouvez t\u00e9l\u00e9charger tous types de contenus Instagram, y compris les video, les Reels, les IGTV, les photos et les publications carrousel. Notre application couvre un large \u00e9ventail de services de t\u00e9l\u00e9chargement video IG.<\/p>\n\n\n\n<div class=\"wp-block-columns is-layout-flex wp-container-core-columns-is-layout-28f84493 wp-block-columns-is-layout-flex\" style=\"box-shadow:var(--wp--preset--shadow--natural)\">\n<div class=\"wp-block-column is-layout-flow wp-block-column-is-layout-flow\" style=\"flex-basis:66.66%\">\n<h3 class=\"wp-block-heading\">T\u00e9l\u00e9chargeur de vid\u00e9os<\/h3>\n\n\n\n<p>UnduhVideoIg prend en charge le t\u00e9l\u00e9chargement de vid\u00e9os Instagram video, qu&#039;il s&#039;agisse d&#039;une seule publication ou de plusieurs vid\u00e9os video provenant d&#039;un carrousel. Il est con\u00e7u pour vous permettre de t\u00e9l\u00e9charger facilement des vid\u00e9os video IG directement depuis votre profil ou votre page personnelle.<\/p>\n<\/div>\n\n\n\n<div class=\"wp-block-column is-layout-flow wp-block-column-is-layout-flow\" style=\"flex-basis:33.33%\">\n<figure class=\"wp-block-image size-full\"><img loading=\"lazy\" decoding=\"async\" width=\"600\" height=\"450\" src=\"https:\/\/unduhvideoig.app\/wp-content\/uploads\/2025\/07\/video_downloader.webp\" alt=\"T\u00e9l\u00e9chargeur de vid\u00e9os\" class=\"wp-image-470\" srcset=\"https:\/\/unduhvideoig.app\/wp-content\/uploads\/2025\/07\/video_downloader.webp 600w, https:\/\/unduhvideoig.app\/wp-content\/uploads\/2025\/07\/video_downloader-300x225.webp 300w\" sizes=\"auto, (max-width: 600px) 100vw, 600px\" \/><\/figure>\n<\/div>\n<\/div>\n\n\n\n<div class=\"wp-block-columns is-layout-flex wp-container-core-columns-is-layout-28f84493 wp-block-columns-is-layout-flex\" style=\"box-shadow:var(--wp--preset--shadow--natural)\">\n<div class=\"wp-block-column is-layout-flow wp-block-column-is-layout-flow\" style=\"flex-basis:33.33%\">\n<figure class=\"wp-block-image size-full\"><img loading=\"lazy\" decoding=\"async\" width=\"600\" height=\"450\" src=\"https:\/\/unduhvideoig.app\/wp-content\/uploads\/2025\/07\/photos_downloader.webp\" alt=\"T\u00e9l\u00e9chargeur de photos\" class=\"wp-image-471\" srcset=\"https:\/\/unduhvideoig.app\/wp-content\/uploads\/2025\/07\/photos_downloader.webp 600w, https:\/\/unduhvideoig.app\/wp-content\/uploads\/2025\/07\/photos_downloader-300x225.webp 300w\" sizes=\"auto, (max-width: 600px) 100vw, 600px\" \/><\/figure>\n<\/div>\n\n\n\n<div class=\"wp-block-column is-layout-flow wp-block-column-is-layout-flow\" style=\"flex-basis:66.66%\">\n<h3 class=\"wp-block-heading\">T\u00e9l\u00e9chargeur de photos<\/h3>\n\n\n\n<p>L&#039;application de t\u00e9l\u00e9chargement de photos Instagram UnduhVideoIg.App simplifie l&#039;enregistrement des images de vos publications Instagram. Vous pouvez t\u00e9l\u00e9charger des photos individuelles ou des images multiples \u00e0 partir de publications carrousel en quelques clics.<\/p>\n<\/div>\n<\/div>\n\n\n\n<div class=\"wp-block-columns is-layout-flex wp-container-core-columns-is-layout-28f84493 wp-block-columns-is-layout-flex\" style=\"box-shadow:var(--wp--preset--shadow--natural)\">\n<div class=\"wp-block-column is-layout-flow wp-block-column-is-layout-flow\" style=\"flex-basis:66.66%\">\n<h3 class=\"wp-block-heading\">T\u00e9l\u00e9chargeur de bobines<\/h3>\n\n\n\n<p>Reels est le format court video d&#039;Instagram, inspir\u00e9 de TikTok. T\u00e9l\u00e9chargez des Reels Instagram avec UnduhVideoIg pour t\u00e9l\u00e9charger et enregistrer facilement vos Reels video pr\u00e9f\u00e9r\u00e9s et les regarder \u00e0 tout moment, m\u00eame hors ligne.<\/p>\n<\/div>\n\n\n\n<div class=\"wp-block-column is-layout-flow wp-block-column-is-layout-flow\" style=\"flex-basis:33.33%\">\n<figure class=\"wp-block-image size-full\"><img loading=\"lazy\" decoding=\"async\" width=\"600\" height=\"450\" src=\"https:\/\/unduhvideoig.app\/wp-content\/uploads\/2025\/07\/reels_downloader.webp\" alt=\"T\u00e9l\u00e9chargeur de bobines\" class=\"wp-image-472\" srcset=\"https:\/\/unduhvideoig.app\/wp-content\/uploads\/2025\/07\/reels_downloader.webp 600w, https:\/\/unduhvideoig.app\/wp-content\/uploads\/2025\/07\/reels_downloader-300x225.webp 300w\" sizes=\"auto, (max-width: 600px) 100vw, 600px\" \/><\/figure>\n<\/div>\n<\/div>\n\n\n\n<div class=\"wp-block-columns is-layout-flex wp-container-core-columns-is-layout-28f84493 wp-block-columns-is-layout-flex\" style=\"box-shadow:var(--wp--preset--shadow--natural)\">\n<div class=\"wp-block-column is-layout-flow wp-block-column-is-layout-flow\" style=\"flex-basis:33.33%\">\n<figure class=\"wp-block-image size-full\"><img loading=\"lazy\" decoding=\"async\" width=\"600\" height=\"450\" src=\"https:\/\/unduhvideoig.app\/wp-content\/uploads\/2025\/07\/igtv_downloader.webp\" alt=\"T\u00e9l\u00e9chargeur Igtv\" class=\"wp-image-474\" srcset=\"https:\/\/unduhvideoig.app\/wp-content\/uploads\/2025\/07\/igtv_downloader.webp 600w, https:\/\/unduhvideoig.app\/wp-content\/uploads\/2025\/07\/igtv_downloader-300x225.webp 300w\" sizes=\"auto, (max-width: 600px) 100vw, 600px\" \/><\/figure>\n<\/div>\n\n\n\n<div class=\"wp-block-column is-layout-flow wp-block-column-is-layout-flow\" style=\"flex-basis:66.66%\">\n<h3 class=\"wp-block-heading\">T\u00e9l\u00e9chargeur IGTV<\/h3>\n\n\n\n<p>T\u00e9l\u00e9chargez IGTV videos \u2014 une version longue du video en HD \u2014 et regardez-la \u00e0 tout moment, sans mise en m\u00e9moire tampon. Si vous n&#039;avez pas le temps de la regarder imm\u00e9diatement, vous pouvez la t\u00e9l\u00e9charger sur votre appareil pour en profiter plus tard.<\/p>\n<\/div>\n<\/div>\n\n\n\n<div class=\"wp-block-columns is-layout-flex wp-container-core-columns-is-layout-28f84493 wp-block-columns-is-layout-flex\" style=\"box-shadow:var(--wp--preset--shadow--natural)\">\n<div class=\"wp-block-column is-layout-flow wp-block-column-is-layout-flow\" style=\"flex-basis:66.66%\">\n<h3 class=\"wp-block-heading\">Carrousel \/ T\u00e9l\u00e9chargeur d&#039;albums<\/h3>\n\n\n\n<p>Publications carrousel, \u00e9galement appel\u00e9es albums ou galeries. Extrayez et t\u00e9l\u00e9chargez tous les m\u00e9dias des publications carrousel\u00a0: photos, vid\u00e9os video ou tout autre contenu. UnduhVideoIg simplifie et acc\u00e9l\u00e8re le processus.<\/p>\n<\/div>\n\n\n\n<div class=\"wp-block-column is-layout-flow wp-block-column-is-layout-flow\" style=\"flex-basis:33.33%\">\n<figure class=\"wp-block-image size-full\"><img loading=\"lazy\" decoding=\"async\" width=\"600\" height=\"450\" src=\"https:\/\/unduhvideoig.app\/wp-content\/uploads\/2025\/07\/carousel_downloader.webp\" alt=\"T\u00e9l\u00e9chargeur de carrousel\" class=\"wp-image-475\" srcset=\"https:\/\/unduhvideoig.app\/wp-content\/uploads\/2025\/07\/carousel_downloader.webp 600w, https:\/\/unduhvideoig.app\/wp-content\/uploads\/2025\/07\/carousel_downloader-300x225.webp 300w\" sizes=\"auto, (max-width: 600px) 100vw, 600px\" \/><\/figure>\n<\/div>\n<\/div>\n\n\n\n<div class=\"wp-block-columns is-layout-flex wp-container-core-columns-is-layout-28f84493 wp-block-columns-is-layout-flex\" style=\"box-shadow:var(--wp--preset--shadow--natural)\">\n<div class=\"wp-block-column is-layout-flow wp-block-column-is-layout-flow\" style=\"flex-basis:33.33%\">\n<figure class=\"wp-block-image size-full\"><img loading=\"lazy\" decoding=\"async\" width=\"600\" height=\"450\" src=\"https:\/\/unduhvideoig.app\/wp-content\/uploads\/2025\/07\/mobile_app.webp\" alt=\"Application mobile\" class=\"wp-image-477\" srcset=\"https:\/\/unduhvideoig.app\/wp-content\/uploads\/2025\/07\/mobile_app.webp 600w, https:\/\/unduhvideoig.app\/wp-content\/uploads\/2025\/07\/mobile_app-300x225.webp 300w\" sizes=\"auto, (max-width: 600px) 100vw, 600px\" \/><\/figure>\n<\/div>\n\n\n\n<div class=\"wp-block-column is-layout-flow wp-block-column-is-layout-flow\" style=\"flex-basis:66.66%\">\n<h3 class=\"wp-block-heading\">T\u00e9l\u00e9chargez sur mobile ou ordinateur \u2014 Aucune application requise<\/h3>\n\n\n\n<p>Tout fonctionne directement depuis votre navigateur\u00a0; aucun t\u00e9l\u00e9chargement ni extension requis. T\u00e9l\u00e9chargez vos photos, vid\u00e9os video, reels et IGTV en un clic, sans filigrane et en haute r\u00e9solution\u00a0! Si vous \u00eates un utilisateur exp\u00e9riment\u00e9, restez connect\u00e9s\u00a0: nous travaillons sur une extension de navigateur pour un acc\u00e8s encore plus simple.<\/p>\n<\/div>\n<\/div>\n\n\n\n<h2 class=\"wp-block-heading has-text-align-center\">Questions fr\u00e9quemment pos\u00e9es (FAQ)<\/h2>\n\n\n\n<hr class=\"wp-block-separator has-alpha-channel-opacity has-fabled-sunset-gradient-background has-background is-style-wide\"\/>\n\n\n\n<p>Cette FAQ r\u00e9pond aux questions et pr\u00e9occupations courantes concernant l&#039;utilisation du t\u00e9l\u00e9chargeur UnduhVideoIg video. Si vous ne trouvez pas la r\u00e9ponse \u00e0 votre question, n&#039;h\u00e9sitez pas \u00e0 nous contacter par e-mail via notre page de contact.<\/p>\n\n\n\n<h3 class=\"wp-block-heading\">Qu&#039;est-ce que Instagram Video Downloader ?<\/h3>\n\n\n\n<p>C&#039;est un outil en ligne gratuit pour t\u00e9l\u00e9charger des vid\u00e9os Instagram video, reels, des photos, des vid\u00e9os IGTV et des carrousels, en insta et en HD. Le t\u00e9l\u00e9chargeur Instagram UnduhVideoIg est le meilleur outil pour t\u00e9l\u00e9charger depuis Instagram.<\/p>\n\n\n\n<h3 class=\"wp-block-heading\">Est-ce que son utilisation est gratuite ?<\/h3>\n\n\n\n<p>Oui, 100% est gratuit. Pas de frais cach\u00e9s, pas d&#039;inscription.<\/p>\n\n\n\n<h3 class=\"wp-block-heading\">Puis-je t\u00e9l\u00e9charger des photos et des video de n&#039;importe quel utilisateur ?<\/h3>\n\n\n\n<p>Vous ne pouvez t\u00e9l\u00e9charger que depuis les comptes publics Instagram. Nous respectons la vie priv\u00e9e et les droits d&#039;auteur\u00a0; le contenu des comptes priv\u00e9s Instagram ne peut pas \u00eatre t\u00e9l\u00e9charg\u00e9.<\/p>\n\n\n\n<h3 class=\"wp-block-heading\">Quels formats de fichiers sont pris en charge sur UnduhVideoIg\u00a0?<\/h3>\n\n\n\n<p>Le t\u00e9l\u00e9chargement de ces formats garantit la compatibilit\u00e9 sur tous les appareils.<\/p>\n\n\n\n<ul class=\"wp-block-list\">\n<li>Images: <code>.jpg<\/code><\/li>\n\n\n\n<li>Vid\u00e9os: <code>.mp4<\/code><\/li>\n<\/ul>\n\n\n\n<h3 class=\"wp-block-heading\">Y a-t-il une limite au nombre de video que je peux t\u00e9l\u00e9charger\u00a0?<\/h3>\n\n\n\n<p>Non\u00a0! T\u00e9l\u00e9chargez-en autant que vous le souhaitez, \u00e0 tout moment.<\/p>\n\n\n\n<h3 class=\"wp-block-heading\">Puis-je utiliser les video t\u00e9l\u00e9charg\u00e9s \u00e0 des fins commerciales ?<\/h3>\n\n\n\n<p>Non. Les t\u00e9l\u00e9chargements sont destin\u00e9s \u00e0 un usage personnel uniquement. Veuillez respecter les droits d&#039;auteur et la propri\u00e9t\u00e9 du contenu.<\/p>\n\n\n\n<h3 class=\"wp-block-heading\">Sur quels appareils puis-je utiliser UnduhVideoIg.App\u00a0?<\/h3>\n\n\n\n<p>UnduhVideoIG fonctionne parfaitement sur tout appareil dot\u00e9 d&#039;un navigateur web. Que vous utilisiez un t\u00e9l\u00e9phone portable, une tablette, un ordinateur portable ou un ordinateur de bureau, vous pouvez acc\u00e9der facilement au t\u00e9l\u00e9chargeur. Il est enti\u00e8rement compatible avec Mac OS, Windows, iOS, Linux et tous les principaux navigateurs comme Chrome, Firefox, Opera, Safari et Chromium, sur ordinateur comme sur mobile.<\/p>\n\n\n\n<h3 class=\"wp-block-heading\">Comment t\u00e9l\u00e9charger des photos Instagram et des video en ligne ?<\/h3>\n\n\n\n<ol class=\"wp-block-list\">\n<li>Copiez l&#039;URL de la photo Instagram ou video que vous souhaitez t\u00e9l\u00e9charger<\/li>\n\n\n\n<li>Acc\u00e9dez \u00e0 UnduhVideoIg.App, collez le lien dans le champ de saisie et cliquez sur le bouton T\u00e9l\u00e9charger<\/li>\n\n\n\n<li>En quelques secondes, vous verrez les formats disponibles : choisissez simplement votre qualit\u00e9 pr\u00e9f\u00e9r\u00e9e et t\u00e9l\u00e9chargez !<\/li>\n<\/ol>\n\n\n\n<h3 class=\"wp-block-heading\">Le t\u00e9l\u00e9chargement de Reels Instagram est-il autoris\u00e9 ?<\/h3>\n\n\n\n<p>Oui, vous pouvez t\u00e9l\u00e9charger des Reels Instagram, \u00e0 condition qu&#039;ils proviennent de publications publiques et soient utilis\u00e9s \u00e0 des fins personnelles uniquement. Notre outil vous permet de t\u00e9l\u00e9charger des Reels Instagram directement sur votre smartphone ou appareil pour une consultation hors ligne. Veuillez toutefois noter que le t\u00e9l\u00e9chargement de vid\u00e9os Reels Instagram ne doit pas \u00eatre effectu\u00e9 \u00e0 des fins commerciales ni \u00eatre republi\u00e9 sans l&#039;autorisation du cr\u00e9ateur original.<\/p>","protected":false},"excerpt":{"rendered":"<p>Instagram Downloader Download Instagram Videos, Photos, Reels, IGTV &#038; Carousel Download With the usage of our service, you\u2019re accepting our Terms of Usage. Welcome to UnduhVideoIg.App \u2014 your all-in-one tool to download Instagram videos, photos, reels, IGTV, and carousel posts in high quality. Whether you&#8217;re saving content for personal use or simply want to view [&hellip;]<\/p>\n","protected":false},"author":1,"featured_media":0,"parent":0,"menu_order":0,"comment_status":"closed","ping_status":"closed","template":"","meta":{"slim_seo":{"title":"T\u00e9l\u00e9chargeur Instagram \u2013 T\u00e9l\u00e9chargez des vid\u00e9os, photos, IGTV et Reels Instagram","description":"T\u00e9l\u00e9chargez IG videos gratuitement, sans application. Enregistrez vos videos Instagram pr\u00e9f\u00e9r\u00e9s en qualit\u00e9 HD, directement en ligne, rapidement, facilement et sans filigrane\u00a0!"},"footnotes":""},"class_list":["post-6","page","type-page","status-publish","hentry"],"blocksy_meta":{"background":{"background_type":"color","background_pattern":"type-1","background_image":{"attachment_id":null,"x":0,"y":0},"gradient":"linear-gradient(135deg,rgba(6,147,227,1) 0%,rgb(155,81,224) 100%)","background_repeat":"repeat","background_size":"auto","background_attachment":"scroll","patternColor":{"default":{"color":"#e5e7ea"}},"overlayColor":{"default":{"color":"CT_CSS_SKIP_RULE"}},"backgroundColor":{"default":{"color":"CT_CSS_SKIP_RULE"}}},"styles_descriptor":{"styles":{"desktop":"[data-prefix=\"single_page\"] [class*=\"ct-container\"] > article[class*=\"post\"] {--has-boxed:var(--false);--has-wide:var(--true);}","tablet":"","mobile":""},"google_fonts":[],"version":6},"content_style_source":"custom","content_style":"wide","has_hero_section":"disabled"},"_links":{"self":[{"href":"https:\/\/unduhvideoig.app\/fr\/wp-json\/wp\/v2\/pages\/6","targetHints":{"allow":["GET"]}}],"collection":[{"href":"https:\/\/unduhvideoig.app\/fr\/wp-json\/wp\/v2\/pages"}],"about":[{"href":"https:\/\/unduhvideoig.app\/fr\/wp-json\/wp\/v2\/types\/page"}],"author":[{"embeddable":true,"href":"https:\/\/unduhvideoig.app\/fr\/wp-json\/wp\/v2\/users\/1"}],"replies":[{"embeddable":true,"href":"https:\/\/unduhvideoig.app\/fr\/wp-json\/wp\/v2\/comments?post=6"}],"version-history":[{"count":87,"href":"https:\/\/unduhvideoig.app\/fr\/wp-json\/wp\/v2\/pages\/6\/revisions"}],"predecessor-version":[{"id":650,"href":"https:\/\/unduhvideoig.app\/fr\/wp-json\/wp\/v2\/pages\/6\/revisions\/650"}],"wp:attachment":[{"href":"https:\/\/unduhvideoig.app\/fr\/wp-json\/wp\/v2\/media?parent=6"}],"curies":[{"name":"wp","href":"https:\/\/api.w.org\/{rel}","templated":true}]}}