{"id":393,"date":"2025-07-09T15:05:57","date_gmt":"2025-07-09T08:05:57","guid":{"rendered":"https:\/\/unduhvideoig.app\/?page_id=393"},"modified":"2025-08-26T17:12:23","modified_gmt":"2025-08-26T10:12:23","slug":"faq","status":"publish","type":"page","link":"https:\/\/unduhvideoig.app\/fr\/faq\/","title":{"rendered":"FAQ \u2013 Questions fr\u00e9quemment pos\u00e9es"},"content":{"rendered":"<hr class=\"wp-block-separator has-alpha-channel-opacity has-fabled-sunset-gradient-background has-background is-style-wide\"\/>\n\n\n\n<p>Bienvenue dans la FAQ d&#039;UnduhVideoIG.App, votre r\u00e9f\u00e9rence pour trouver des r\u00e9ponses \u00e0 vos questions sur le t\u00e9l\u00e9chargement de photos et vid\u00e9os Instagram, de Reels, de Stories, d&#039;IGTV et de carrousels. Vous trouverez ci-dessous des r\u00e9ponses claires et d\u00e9taill\u00e9es aux questions les plus fr\u00e9quentes sur notre outil gratuit de t\u00e9l\u00e9chargement Instagram.<\/p>\n\n\n\n<h3 class=\"wp-block-heading\">Qu&#039;est-ce que UnduhVideoIG.App et pourquoi en aurais-je besoin ?<\/h3>\n\n\n\n<p>UnduhVideoIG.App est un outil en ligne gratuit qui vous permet de t\u00e9l\u00e9charger des vid\u00e9os Instagram, notamment des photos, des vid\u00e9os video, des vid\u00e9os reels, des stories, des vid\u00e9os IGTV et des publications carrousel. Que vous souhaitiez sauvegarder vos souvenirs, organiser votre contenu ou sauvegarder vos propres publications, notre outil vous offre un moyen rapide et fiable de t\u00e9l\u00e9charger des vid\u00e9os video et des images pour une utilisation hors ligne.<\/p>\n\n\n\n<h3 class=\"wp-block-heading\">Quels sont les principaux avantages de l\u2019utilisation d\u2019UnduhVideoIG ?<\/h3>\n\n\n\n<ul class=\"wp-block-list\">\n<li>Aucune instalation n\u00e9cessaire \u2014 100% bas\u00e9 sur le Web, fonctionne dans n&#039;importe quel navigateur<\/li>\n\n\n\n<li>T\u00e9l\u00e9chargez des photos, des reels, des video et des carrousels \u00e0 partir de comptes Instagram publics<\/li>\n\n\n\n<li>Rapide et l\u00e9ger \u2014 collez simplement le lien et cliquez sur T\u00e9l\u00e9charger<\/li>\n\n\n\n<li>Pr\u00e9serve la qualit\u00e9 d&#039;origine \u2014 pas de compression ni de filigrane<\/li>\n\n\n\n<li>Prend en charge tous les appareils et syst\u00e8mes d&#039;exploitation<\/li>\n\n\n\n<li>S\u00fbr et priv\u00e9 \u2014 nous ne suivons ni ne stockons aucun t\u00e9l\u00e9chargement<\/li>\n<\/ul>\n\n\n\n<h3 class=\"wp-block-heading\">O\u00f9 sont stock\u00e9s les fichiers t\u00e9l\u00e9charg\u00e9s ?<\/h3>\n\n\n\n<p>Les fichiers t\u00e9l\u00e9charg\u00e9s sont enregistr\u00e9s dans le dossier T\u00e9l\u00e9chargements par d\u00e9faut de votre navigateur.<br>Vous pouvez g\u00e9n\u00e9ralement les trouver par :<\/p>\n\n\n\n<ul class=\"wp-block-list\">\n<li>Appuyer sur Ctrl + J (Windows) ou Commande + J (Mac)<\/li>\n\n\n\n<li>V\u00e9rification de la section de t\u00e9l\u00e9chargement de votre navigateur<\/li>\n\n\n\n<li>Sur mobile, les fichiers apparaissent g\u00e9n\u00e9ralement dans les t\u00e9l\u00e9chargements ou la galerie de votre t\u00e9l\u00e9phone<\/li>\n<\/ul>\n\n\n\n<h3 class=\"wp-block-heading\">Quelle est la qualit\u00e9 du contenu que je t\u00e9l\u00e9charge ?<\/h3>\n\n\n\n<p>Tous les fichiers multim\u00e9dias t\u00e9l\u00e9charg\u00e9s avec UnduhVideoIG.App conservent la m\u00eame qualit\u00e9 que la publication Instagram originale. Qu&#039;il s&#039;agisse d&#039;une photo ou d&#039;une vid\u00e9o video, vous les recevrez dans la meilleure r\u00e9solution disponible (par exemple, JPG, MP4, AVI, MOV, etc.).<\/p>\n\n\n\n<h3 class=\"wp-block-heading\">Puis-je t\u00e9l\u00e9charger des publications Instagram priv\u00e9es ?<\/h3>\n\n\n\n<p>Non, nous prenons uniquement en charge le t\u00e9l\u00e9chargement de contenu Instagram public afin de respecter la vie priv\u00e9e des utilisateurs. Si une publication est priv\u00e9e, elle ne peut \u00eatre ni consult\u00e9e ni t\u00e9l\u00e9charg\u00e9e via notre outil.<\/p>\n\n\n\n<blockquote class=\"wp-block-quote is-layout-flow wp-block-quote-is-layout-flow\">\n<p>Si vous t\u00e9l\u00e9chargez le contenu de quelqu&#039;un d&#039;autre, veuillez l&#039;utiliser uniquement \u00e0 des fins personnelles et attribuez le m\u00e9rite au cr\u00e9ateur d&#039;origine si vous pr\u00e9voyez de le partager.<\/p>\n<\/blockquote>\n\n\n\n<h3 class=\"wp-block-heading\">Quels syst\u00e8mes d\u2019exploitation et navigateurs sont pris en charge\u00a0?<\/h3>\n\n\n\n<p>Notre t\u00e9l\u00e9chargeur fonctionne sur tous les appareils et navigateurs modernes, notamment\u00a0:<\/p>\n\n\n\n<ul class=\"wp-block-list\">\n<li>Syst\u00e8mes d&#039;exploitation : iOS, Android, Windows, macOS, Linux<\/li>\n\n\n\n<li>Navigateurs\u00a0: Chrome, Safari, Firefox, Edge, Opera<\/li>\n<\/ul>\n\n\n\n<p>Vous avez juste besoin d\u2019un navigateur et d\u2019une connexion Internet \u2014 aucune application ou extension n\u2019est requise.<\/p>\n\n\n\n<h3 class=\"wp-block-heading\">Puis-je t\u00e9l\u00e9charger plusieurs video \u00e0 la fois\u00a0?<\/h3>\n\n\n\n<p>Actuellement, notre outil permet de t\u00e9l\u00e9charger un video \u00e0 la fois.<br>Pour gagner du temps, nous vous recommandons :<\/p>\n\n\n\n<ul class=\"wp-block-list\">\n<li>Conserver une liste de liens Instagram dans un document<\/li>\n\n\n\n<li>Les coller un par un pour les enregistrer manuellement par lots<\/li>\n<\/ul>\n\n\n\n<p>De cette fa\u00e7on, vous ne manquerez aucun contenu que vous souhaitez t\u00e9l\u00e9charger.<\/p>\n\n\n\n<h3 class=\"wp-block-heading\">Quels types d\u2019appareils puis-je utiliser ?<\/h3>\n\n\n\n<p>Vous pouvez utiliser n\u2019importe quel appareil dot\u00e9 d\u2019un navigateur Web, notamment\u00a0:<\/p>\n\n\n\n<ul class=\"wp-block-list\">\n<li>Ordinateur de bureau ou portable (Windows, Mac)<\/li>\n\n\n\n<li>Smartphones (iPhone, Android)<\/li>\n\n\n\n<li>Tablettes (iPad, tablettes Android)<\/li>\n<\/ul>\n\n\n\n<p>UnduhVideoIG est enti\u00e8rement adapt\u00e9 aux mobiles et ne n\u00e9cessite aucune connexion ni inscription.<\/p>\n\n\n\n<h3 class=\"wp-block-heading\">La qualit\u00e9 du video restera-t-elle la m\u00eame ?<\/h3>\n\n\n\n<p>Oui\u00a0! Chaque vid\u00e9o video t\u00e9l\u00e9charg\u00e9e avec notre outil est enregistr\u00e9e au m\u00eame format et \u00e0 la m\u00eame r\u00e9solution que lors de sa publication sur Instagram. Nous ne modifions ni ne compressons le contenu. Vos t\u00e9l\u00e9chargements conserveront leur qualit\u00e9 d&#039;origine, qu&#039;ils soient en 720p, 1080p ou autres formats HD.<\/p>\n\n\n\n<h3 class=\"wp-block-heading\">Note aux d\u00e9tenteurs de droits d&#039;auteur<\/h3>\n\n\n\n<p>Nous n&#039;h\u00e9bergeons ni ne stockons aucun contenu Instagram sur nos serveurs. Tous les t\u00e9l\u00e9chargements sont trait\u00e9s directement depuis les serveurs publics d&#039;Instagram. Si vous pensez que votre contenu a \u00e9t\u00e9 utilis\u00e9 ou t\u00e9l\u00e9charg\u00e9 de mani\u00e8re inappropri\u00e9e, veuillez contacter Instagram directement \u00e0 l&#039;adresse instagram.com pour obtenir de l&#039;aide.<\/p>\n\n\n\n<h3 class=\"wp-block-heading\">Astuce pour une meilleure exp\u00e9rience<\/h3>\n\n\n\n<p>Ajoutez UnduhVideoIG.App \u00e0 vos favoris pour un acc\u00e8s rapide \u00e0 vos vid\u00e9os Instagram. C&#039;est le moyen le plus pratique de sauvegarder du contenu Instagram sans encombrement, connexion ni limitations.<\/p>","protected":false},"excerpt":{"rendered":"<p>Welcome to the FAQ section of UnduhVideoIG.App \u2014 your go-to place for answers about download Instagram photos and videos, Reels, Stories, IGTV, and carousel posts. Below you&#8217;ll find clear, detailed answers to the most common questions users ask about using our free Instagram downloader tool. What is UnduhVideoIG.App and why would I need it? UnduhVideoIG.App [&hellip;]<\/p>\n","protected":false},"author":1,"featured_media":0,"parent":0,"menu_order":0,"comment_status":"closed","ping_status":"closed","template":"","meta":{"slim_seo":{"title":"FAQ \u2013 Foire aux questions - UnduhVideoIg.App","description":"Trouvez des r\u00e9ponses \u00e0 vos questions sur UnduhVideoIG. Apprenez \u00e0 t\u00e9l\u00e9charger des vid\u00e9os Instagram, des photos, des Reels, des Stories et des vid\u00e9os IGTV facilement, rapidement et gratuitement\u00a0!"},"footnotes":""},"class_list":["post-393","page","type-page","status-publish","hentry"],"blocksy_meta":[],"_links":{"self":[{"href":"https:\/\/unduhvideoig.app\/fr\/wp-json\/wp\/v2\/pages\/393","targetHints":{"allow":["GET"]}}],"collection":[{"href":"https:\/\/unduhvideoig.app\/fr\/wp-json\/wp\/v2\/pages"}],"about":[{"href":"https:\/\/unduhvideoig.app\/fr\/wp-json\/wp\/v2\/types\/page"}],"author":[{"embeddable":true,"href":"https:\/\/unduhvideoig.app\/fr\/wp-json\/wp\/v2\/users\/1"}],"replies":[{"embeddable":true,"href":"https:\/\/unduhvideoig.app\/fr\/wp-json\/wp\/v2\/comments?post=393"}],"version-history":[{"count":10,"href":"https:\/\/unduhvideoig.app\/fr\/wp-json\/wp\/v2\/pages\/393\/revisions"}],"predecessor-version":[{"id":646,"href":"https:\/\/unduhvideoig.app\/fr\/wp-json\/wp\/v2\/pages\/393\/revisions\/646"}],"wp:attachment":[{"href":"https:\/\/unduhvideoig.app\/fr\/wp-json\/wp\/v2\/media?parent=393"}],"curies":[{"name":"wp","href":"https:\/\/api.w.org\/{rel}","templated":true}]}}