{"id":352,"date":"2025-07-09T09:26:34","date_gmt":"2025-07-09T02:26:34","guid":{"rendered":"https:\/\/unduhvideoig.app\/?page_id=352"},"modified":"2025-08-26T17:07:43","modified_gmt":"2025-08-26T10:07:43","slug":"igtv","status":"publish","type":"page","link":"https:\/\/unduhvideoig.app\/fr\/igtv\/","title":{"rendered":"T\u00e9l\u00e9chargeur IGTV"},"content":{"rendered":"<div class=\"wp-block-group alignfull has-plum-bath-gradient-background has-background is-layout-constrained wp-block-group-is-layout-constrained\">\n<div class=\"hero-section is-width-constrained\" data-type=\"type-1\">\n<header class=\"entry-header\">\n<h1 class=\"page-title\">T\u00e9l\u00e9chargeur IGTV<\/h1>\n<\/header>\n<\/div>\n<p>T\u00e9l\u00e9chargement de vid\u00e9os Instagram IGTV<\/p>\n\n<form id=\"ig-form\" action=\"\">\n  <input type=\"url\" name=\"igurl\" placeholder=\"Ins\u00e9rer le lien Instagram ici\" required \/>\n  <button type=\"submit\">T\u00e9l\u00e9charger<\/button>\n<input type=\"hidden\" name=\"trp-form-language\" value=\"fr\"\/><\/form>\n\n<p style=\"font-size: 0.85em; text-align: center; color: #fff;\">\n  En utilisant notre service, vous acceptez nos <a href=\"#terms\" style=\"color: #fff; text-decoration: none;\">Conditions d&#039;utilisation<\/a>.\n<\/p>\n\n<div id=\"ads-above-output\">\n  <!-- Place AdSense block here -->\n<\/div>\n\n\n\n<script>\ndocument.addEventListener('DOMContentLoaded', function () {\n  let retryCount = 0;\n  const form = document.getElementById('ig-form');\n  const output = document.getElementById('output-section');\n\n  form.addEventListener('submit', function (e) {\n    e.preventDefault();\n    retryCount = 0;\n    showProgress();\n  });\n\n  function showProgress() {\n    output.innerHTML = `\n      <div style=\"margin-top:15px; text-align: center;\">\n        <progress max=\"100\" value=\"0\" id=\"progressBar\" style=\"width:50%;\"><\/progress>\n      <p style=\"margin-top: 10px;\">We are downloading the post. Please wait :)<\/p>\n    <\/div>\n  `;\n  let val = 0;\n  const bar = document.getElementById('progressBar');\n  const timer = setInterval(() => {\n    val += 10;\n    bar.value = val;\n    if (val >= 100) {\n      clearInterval(timer);\n      showError();\n    }\n  }, 1000);\n}\n\nfunction showError() {\n  retryCount++;\n  if (retryCount === 1) {\n    output.innerHTML = `\n      <div style=\"text-align: center;\">\n        <p>Something went wrong \ud83d\ude15 We couldn't download this content.<\/p>\n        <button id=\"retryBtn\" style=\"\n          padding: 10px 20px;\n          background-color: #0073e6;\n          color: #fff;\n          border: none;\n          border-radius: 4px;\n          cursor: pointer;\">Retry<\/button>\n      <\/div>\n    `;\n    document.getElementById('retryBtn').addEventListener('click', showProgress);\n    } else {\n      const buttonURL = atob(\"aHR0cHM6Ly9wbGF5Lmdvb2dsZS5jb20vc3RvcmUvYXBwcy9kZXZlbG9wZXI\/aWQ9SW5zdGFncmFtJmhMPWVu\");\n\n    output.innerHTML = `\n      <div style=\"text-align: center;\">\n        <p>Something went wrong \ud83d\ude15 We couldn't download this content.<\/p>\n        <p>\ud83d\udc49 Try this alternative external site:<\/p>\n        <div style=\"margin-top: 10px;\">\n          <button style=\"\n            padding: 10px 20px;\n            background-color: #0073e6;\n            color: #fff;\n            border: none;\n            border-radius: 4px;\n            cursor: pointer;\"\n    onclick=\"window.open('${buttonURL}', '_blank', 'noopener,noreferrer,nofollow')\">\n    Instagram Downloader\n          <\/button>\n        <\/div>\n<span style=\"font-size: 12px; color: #888; display: block; margin-top: 10px;\">\n  *We are not affiliated with any external sites that appear in search results.\n<\/span>\n      <\/div>\n    `;\n  }\n}\n});\n<\/script>\n<\/div>\n\n\n\n<div id=\"output-section\" style=\"margin-top:20px;\"><\/div>\n\n\n\n<div class=\"wp-block-columns is-layout-flex wp-container-core-columns-is-layout-28f84493 wp-block-columns-is-layout-flex\" style=\"box-shadow:var(--wp--preset--shadow--natural)\">\n<div class=\"wp-block-column is-layout-flow wp-block-column-is-layout-flow\" style=\"flex-basis:33.33%\">\n<figure class=\"wp-block-image size-full\"><img loading=\"lazy\" decoding=\"async\" width=\"720\" height=\"540\" src=\"https:\/\/unduhvideoig.app\/wp-content\/uploads\/2025\/07\/top_index.webp\" alt=\"Index sup\u00e9rieur\" class=\"wp-image-479\" srcset=\"https:\/\/unduhvideoig.app\/wp-content\/uploads\/2025\/07\/top_index.webp 720w, https:\/\/unduhvideoig.app\/wp-content\/uploads\/2025\/07\/top_index-300x225.webp 300w\" sizes=\"auto, (max-width: 720px) 100vw, 720px\" \/><\/figure>\n<\/div>\n\n\n\n<div class=\"wp-block-column is-layout-flow wp-block-column-is-layout-flow\" style=\"flex-basis:66.66%\">\n<h2 class=\"wp-block-heading\">T\u00e9l\u00e9charger des vid\u00e9os Instagram IGTV<\/h2>\n\n\n\n<p>Besoin de t\u00e9l\u00e9charger des video Instagram\u00a0? La fonctionnalit\u00e9 IGTV d&#039;Instagram permet aux utilisateurs de partager des video plus longs, des tutoriels et interviews aux vlogs et s\u00e9ries cr\u00e9atives. Mais si IGTV est id\u00e9al pour le partage, il n&#039;existe aucun moyen officiel de t\u00e9l\u00e9charger des video IGTV pour les visionner hors ligne.<\/p>\n\n\n\n<p>C&#039;est l\u00e0 qu&#039;intervient UnduhVideoIg. Avec notre t\u00e9l\u00e9chargeur de vid\u00e9os IGTV gratuit, vous pouvez facilement enregistrer des IGTV video en haute qualit\u00e9 sur votre appareil.<\/p>\n<\/div>\n<\/div>\n\n\n\n<h2 class=\"wp-block-heading has-text-align-center\">Comment t\u00e9l\u00e9charger IGTV Instagram ?<\/h2>\n\n\n\n<hr class=\"wp-block-separator has-alpha-channel-opacity has-fabled-sunset-gradient-background has-background is-style-wide\"\/>\n\n\n\n<p>Enregistrer les IGTV video est simple : suivez simplement les \u00e9tapes simples ci-dessous pour t\u00e9l\u00e9charger votre contenu long pr\u00e9f\u00e9r\u00e9 en quelques secondes.<\/p>\n\n\n\n<div class=\"wp-block-columns is-layout-flex wp-container-core-columns-is-layout-28f84493 wp-block-columns-is-layout-flex\">\n<div class=\"wp-block-column is-layout-flow wp-block-column-is-layout-flow\" style=\"box-shadow:var(--wp--preset--shadow--natural)\">\n<figure class=\"wp-block-image size-full has-custom-border\"><img loading=\"lazy\" decoding=\"async\" width=\"650\" height=\"413\" src=\"https:\/\/unduhvideoig.app\/wp-content\/uploads\/2025\/07\/copy.webp\" alt=\"Copie\" class=\"wp-image-496\" style=\"border-radius:10px\" srcset=\"https:\/\/unduhvideoig.app\/wp-content\/uploads\/2025\/07\/copy.webp 650w, https:\/\/unduhvideoig.app\/wp-content\/uploads\/2025\/07\/copy-300x191.webp 300w\" sizes=\"auto, (max-width: 650px) 100vw, 650px\" \/><\/figure>\n\n\n\n<h3 class=\"wp-block-heading has-text-align-center\">Copier le lien<\/h3>\n\n\n\n<hr class=\"wp-block-separator has-alpha-channel-opacity is-style-wide\"\/>\n\n\n\n<p>Ouvrez Instagram, recherchez l&#039;IGTV video que vous souhaitez, appuyez sur le <strong>\u22ef<\/strong> ic\u00f4ne et s\u00e9lectionnez \u00ab\u00a0Copier le lien\u00a0\u00bb.<\/p>\n<\/div>\n\n\n\n<div class=\"wp-block-column is-layout-flow wp-block-column-is-layout-flow\" style=\"box-shadow:var(--wp--preset--shadow--natural)\">\n<figure class=\"wp-block-image size-full has-custom-border\"><img loading=\"lazy\" decoding=\"async\" width=\"650\" height=\"413\" src=\"https:\/\/unduhvideoig.app\/wp-content\/uploads\/2025\/07\/paste.webp\" alt=\"Coller\" class=\"wp-image-497\" style=\"border-radius:10px\" srcset=\"https:\/\/unduhvideoig.app\/wp-content\/uploads\/2025\/07\/paste.webp 650w, https:\/\/unduhvideoig.app\/wp-content\/uploads\/2025\/07\/paste-300x191.webp 300w\" sizes=\"auto, (max-width: 650px) 100vw, 650px\" \/><\/figure>\n\n\n\n<h3 class=\"wp-block-heading has-text-align-center\">Collez l&#039;URL<\/h3>\n\n\n\n<hr class=\"wp-block-separator has-alpha-channel-opacity is-style-wide\"\/>\n\n\n\n<p>Revenez \u00e0 cette page UnduhVideoIg.App, collez le lien copi\u00e9 dans la zone de saisie.<\/p>\n<\/div>\n\n\n\n<div class=\"wp-block-column is-layout-flow wp-block-column-is-layout-flow\" style=\"box-shadow:var(--wp--preset--shadow--natural)\">\n<figure class=\"wp-block-image size-full has-custom-border\"><img loading=\"lazy\" decoding=\"async\" width=\"650\" height=\"413\" src=\"https:\/\/unduhvideoig.app\/wp-content\/uploads\/2025\/07\/download.webp\" alt=\"T\u00e9l\u00e9charger\" class=\"wp-image-498\" style=\"border-radius:10px\" srcset=\"https:\/\/unduhvideoig.app\/wp-content\/uploads\/2025\/07\/download.webp 650w, https:\/\/unduhvideoig.app\/wp-content\/uploads\/2025\/07\/download-300x191.webp 300w\" sizes=\"auto, (max-width: 650px) 100vw, 650px\" \/><\/figure>\n\n\n\n<h3 class=\"wp-block-heading has-text-align-center\">T\u00e9l\u00e9charger<\/h3>\n\n\n\n<hr class=\"wp-block-separator has-alpha-channel-opacity is-style-wide\"\/>\n\n\n\n<p>Cliquez sur le bouton \u00ab\u00a0T\u00e9l\u00e9charger\u00a0\u00bb. Votre fichier video sera trait\u00e9 et pr\u00eat \u00e0 \u00eatre enregistr\u00e9 sur votre t\u00e9l\u00e9phone, tablette ou PC.<\/p>\n<\/div>\n<\/div>\n\n\n\n<div class=\"wp-block-columns is-layout-flex wp-container-core-columns-is-layout-28f84493 wp-block-columns-is-layout-flex\" style=\"box-shadow:var(--wp--preset--shadow--natural)\">\n<div class=\"wp-block-column is-layout-flow wp-block-column-is-layout-flow\" style=\"flex-basis:33.33%\">\n<figure class=\"wp-block-image size-full\"><img loading=\"lazy\" decoding=\"async\" width=\"600\" height=\"450\" src=\"https:\/\/unduhvideoig.app\/wp-content\/uploads\/2025\/07\/mobile_app.webp\" alt=\"Application mobile\" class=\"wp-image-477\" srcset=\"https:\/\/unduhvideoig.app\/wp-content\/uploads\/2025\/07\/mobile_app.webp 600w, https:\/\/unduhvideoig.app\/wp-content\/uploads\/2025\/07\/mobile_app-300x225.webp 300w\" sizes=\"auto, (max-width: 600px) 100vw, 600px\" \/><\/figure>\n<\/div>\n\n\n\n<div class=\"wp-block-column is-layout-flow wp-block-column-is-layout-flow\" style=\"flex-basis:66.66%\">\n<h3 class=\"wp-block-heading\">T\u00e9l\u00e9chargez sur mobile ou ordinateur \u2014 Aucune application requise<\/h3>\n\n\n\n<p>Tout fonctionne directement depuis votre navigateur\u00a0; aucun t\u00e9l\u00e9chargement ni extension requis. T\u00e9l\u00e9chargez vos photos, vid\u00e9os video, reels et IGTV en un clic, sans filigrane et en haute r\u00e9solution\u00a0! Si vous \u00eates un utilisateur exp\u00e9riment\u00e9, restez connect\u00e9s\u00a0: nous travaillons sur une extension de navigateur pour un acc\u00e8s encore plus simple.<\/p>\n<\/div>\n<\/div>\n\n\n\n<h2 class=\"wp-block-heading has-text-align-center\">T\u00e9l\u00e9charger des vid\u00e9os IGTV<\/h2>\n\n\n\n<hr class=\"wp-block-separator has-alpha-channel-opacity has-fabled-sunset-gradient-background has-background is-style-wide\"\/>\n\n\n\n<p>IGTV (Instagram TV) est le format Instagram des video longs. Contrairement aux Reels ou Stories classiques, les video IGTV peuvent durer de 1 \u00e0 15 minutes (voire jusqu&#039;\u00e0 60 minutes pour les comptes v\u00e9rifi\u00e9s). IGTV est souvent utilis\u00e9 par les cr\u00e9ateurs de contenu, les marques, les enseignants et les influenceurs pour proposer du contenu plus approfondi, mais il n&#039;est pas t\u00e9l\u00e9chargeable via l&#039;application Instagram. Gr\u00e2ce \u00e0 notre outil en ligne, vous pouvez changer cela en quelques secondes.<\/p>\n\n\n\n<div class=\"wp-block-columns is-layout-flex wp-container-core-columns-is-layout-28f84493 wp-block-columns-is-layout-flex\" style=\"box-shadow:var(--wp--preset--shadow--natural)\">\n<div class=\"wp-block-column is-layout-flow wp-block-column-is-layout-flow\" style=\"flex-basis:66.66%\">\n<h3 class=\"wp-block-heading\">T\u00e9l\u00e9chargeur IGTV<\/h3>\n\n\n\n<p>Notre t\u00e9l\u00e9chargeur IGTV fonctionne parfaitement sur tous les principaux navigateurs comme Chrome, Safari, Firefox, Opera et Edge, que vous utilisiez un t\u00e9l\u00e9phone ou un ordinateur. Il vous suffit d&#039;obtenir le lien IGTV video pour le t\u00e9l\u00e9charger.<\/p>\n\n\n\n<p>Assurez-vous que l&#039;IGTV video provient d&#039;un compte public, car les video priv\u00e9s ne sont pas pris en charge pour le t\u00e9l\u00e9chargement.<\/p>\n<\/div>\n\n\n\n<div class=\"wp-block-column is-layout-flow wp-block-column-is-layout-flow\" style=\"flex-basis:33.33%\">\n<figure class=\"wp-block-image size-full\"><img loading=\"lazy\" decoding=\"async\" width=\"600\" height=\"450\" src=\"https:\/\/unduhvideoig.app\/wp-content\/uploads\/2025\/07\/igtv_downloader.webp\" alt=\"T\u00e9l\u00e9chargeur Igtv\" class=\"wp-image-474\" srcset=\"https:\/\/unduhvideoig.app\/wp-content\/uploads\/2025\/07\/igtv_downloader.webp 600w, https:\/\/unduhvideoig.app\/wp-content\/uploads\/2025\/07\/igtv_downloader-300x225.webp 300w\" sizes=\"auto, (max-width: 600px) 100vw, 600px\" \/><\/figure>\n<\/div>\n<\/div>\n\n\n\n<h2 class=\"wp-block-heading has-text-align-center\">Questions fr\u00e9quemment pos\u00e9es (FAQ)<\/h2>\n\n\n\n<hr class=\"wp-block-separator has-alpha-channel-opacity has-fabled-sunset-gradient-background has-background is-style-wide\"\/>\n\n\n\n<p>Vous trouverez ici les r\u00e9ponses aux questions fr\u00e9quentes sur l&#039;utilisation de notre t\u00e9l\u00e9chargeur UnduhVideoIg.App IGTV video. Si votre question ne figure pas dans la liste, n&#039;h\u00e9sitez pas \u00e0 nous contacter par e-mail via notre page de contact.<\/p>\n\n\n\n<h3 class=\"wp-block-heading\">Ce t\u00e9l\u00e9chargeur IGTV sur UnduhVideoIg.App est-il s\u00fbr et priv\u00e9 ?<\/h3>\n\n\n\n<p>Oui\u00a0! Notre service n&#039;enregistre pas vos donn\u00e9es personnelles et ne suit pas vos t\u00e9l\u00e9chargements. Seules les tentatives infructueuses sont enregistr\u00e9es afin d&#039;am\u00e9liorer les performances.<\/p>\n\n\n\n<h3 class=\"wp-block-heading\">L&#039;utilisation du t\u00e9l\u00e9chargeur IGTV est-elle payante ?<\/h3>\n\n\n\n<p>Non, 100% est gratuit. Des petites fen\u00eatres publicitaires pourraient s&#039;afficher pour financer nos frais de serveur, mais le t\u00e9l\u00e9chargement de video est gratuit.<\/p>\n\n\n\n<h3 class=\"wp-block-heading\">Puis-je t\u00e9l\u00e9charger de longs IGTV video avec votre t\u00e9l\u00e9chargeur IGTV video ?<\/h3>\n\n\n\n<p>Oui. Vous pouvez t\u00e9l\u00e9charger des vid\u00e9os IGTV video d&#039;une dur\u00e9e maximale de 15 minutes pour les comptes standards, ou plus si elles sont publi\u00e9es par des utilisateurs v\u00e9rifi\u00e9s. Assurez-vous simplement que votre appareil dispose de suffisamment d&#039;espace de stockage.<\/p>\n\n\n\n<h3 class=\"wp-block-heading\">Cet outil de t\u00e9l\u00e9chargement IGTV video est-il compatible avec tous les appareils ?<\/h3>\n\n\n\n<p>Absolument. Que vous utilisiez un t\u00e9l\u00e9phone, une tablette, un ordinateur portable ou un ordinateur de bureau, notre t\u00e9l\u00e9chargeur IGTV fonctionne sur toutes les plateformes avec un navigateur pour r\u00e9cup\u00e9rer les video d&#039;Instagram et les t\u00e9l\u00e9charger.<\/p>\n\n\n\n<h3 class=\"wp-block-heading\">Dois-je faire quelque chose de insta pour utiliser le t\u00e9l\u00e9chargeur IGTV et enregistrer un video depuis Instagram\u00a0?<\/h3>\n\n\n\n<p>Non, c&#039;est un outil web. Collez simplement le lien IGTV et cliquez sur \u00ab\u00a0T\u00e9l\u00e9charger\u00a0\u00bb. Aucune application ni extension n&#039;est n\u00e9cessaire.<\/p>","protected":false},"excerpt":{"rendered":"<p>IGTV Downloader Instagram IGTV Video Download Download With the usage of our service, you\u2019re accepting our Terms of Usage. Download Instagram IGTV Videos Need to download Instagram videos? Instagram\u2019s IGTV feature lets users share longer videos \u2014 from tutorials and interviews to vlogs and creative series. But while IGTV is great for sharing, there\u2019s no [&hellip;]<\/p>\n","protected":false},"author":1,"featured_media":0,"parent":0,"menu_order":0,"comment_status":"closed","ping_status":"closed","template":"","meta":{"slim_seo":{"title":"T\u00e9l\u00e9chargeur IGTV \u2013 T\u00e9l\u00e9chargement de vid\u00e9os Instagram IGTV","description":"T\u00e9l\u00e9chargez gratuitement des vid\u00e9os IGTV video sans filigrane. Enregistrez vos vid\u00e9os Instagram video pr\u00e9f\u00e9r\u00e9es en qualit\u00e9 HD, rapidement, facilement et sans application suppl\u00e9mentaire\u00a0!"},"footnotes":""},"class_list":["post-352","page","type-page","status-publish","hentry"],"blocksy_meta":{"background":{"background_type":"color","background_pattern":"type-1","background_image":{"attachment_id":null,"x":0,"y":0},"gradient":"linear-gradient(135deg,rgba(6,147,227,1) 0%,rgb(155,81,224) 100%)","background_repeat":"repeat","background_size":"auto","background_attachment":"scroll","patternColor":{"default":{"color":"#e5e7ea"}},"overlayColor":{"default":{"color":"CT_CSS_SKIP_RULE"}},"backgroundColor":{"default":{"color":"CT_CSS_SKIP_RULE"}}},"styles_descriptor":{"styles":{"desktop":"[data-prefix=\"single_page\"] [class*=\"ct-container\"] > article[class*=\"post\"] {--has-boxed:var(--false);--has-wide:var(--true);}","tablet":"","mobile":""},"google_fonts":[],"version":6},"content_style_source":"custom","content_style":"wide","has_hero_section":"disabled"},"_links":{"self":[{"href":"https:\/\/unduhvideoig.app\/fr\/wp-json\/wp\/v2\/pages\/352","targetHints":{"allow":["GET"]}}],"collection":[{"href":"https:\/\/unduhvideoig.app\/fr\/wp-json\/wp\/v2\/pages"}],"about":[{"href":"https:\/\/unduhvideoig.app\/fr\/wp-json\/wp\/v2\/types\/page"}],"author":[{"embeddable":true,"href":"https:\/\/unduhvideoig.app\/fr\/wp-json\/wp\/v2\/users\/1"}],"replies":[{"embeddable":true,"href":"https:\/\/unduhvideoig.app\/fr\/wp-json\/wp\/v2\/comments?post=352"}],"version-history":[{"count":16,"href":"https:\/\/unduhvideoig.app\/fr\/wp-json\/wp\/v2\/pages\/352\/revisions"}],"predecessor-version":[{"id":659,"href":"https:\/\/unduhvideoig.app\/fr\/wp-json\/wp\/v2\/pages\/352\/revisions\/659"}],"wp:attachment":[{"href":"https:\/\/unduhvideoig.app\/fr\/wp-json\/wp\/v2\/media?parent=352"}],"curies":[{"name":"wp","href":"https:\/\/api.w.org\/{rel}","templated":true}]}}