{"id":339,"date":"2025-07-08T21:12:47","date_gmt":"2025-07-08T14:12:47","guid":{"rendered":"https:\/\/unduhvideoig.app\/?page_id=339"},"modified":"2025-08-26T17:05:40","modified_gmt":"2025-08-26T10:05:40","slug":"instagram-story","status":"publish","type":"page","link":"https:\/\/unduhvideoig.app\/fr\/instagram-story\/","title":{"rendered":"\u00c9conomiseur d&#039;histoires Instagram"},"content":{"rendered":"<div class=\"wp-block-group alignfull has-plum-bath-gradient-background has-background is-layout-constrained wp-block-group-is-layout-constrained\">\n<div class=\"hero-section is-width-constrained\" data-type=\"type-1\">\n<header class=\"entry-header\">\n<h1 class=\"page-title\">\u00c9conomiseur d&#039;histoires Instagram<\/h1>\n<\/header>\n<\/div>\n<p>T\u00e9l\u00e9chargez votre histoire et vos moments forts depuis Instagram<\/p>\n\n<form id=\"ig-form\" action=\"\">\n  <input type=\"url\" name=\"igurl\" placeholder=\"Ins\u00e9rer le lien Instagram ici\" required \/>\n  <button type=\"submit\">T\u00e9l\u00e9charger<\/button>\n<input type=\"hidden\" name=\"trp-form-language\" value=\"fr\"\/><\/form>\n\n<p style=\"font-size: 0.85em; text-align: center; color: #fff;\">\n  En utilisant notre service, vous acceptez nos <a href=\"#terms\" style=\"color: #fff; text-decoration: none;\">Conditions d&#039;utilisation<\/a>.\n<\/p>\n\n<div id=\"ads-above-output\">\n  <!-- Place AdSense block here -->\n<\/div>\n\n\n\n<script>\ndocument.addEventListener('DOMContentLoaded', function () {\n  let retryCount = 0;\n  const form = document.getElementById('ig-form');\n  const output = document.getElementById('output-section');\n\n  form.addEventListener('submit', function (e) {\n    e.preventDefault();\n    retryCount = 0;\n    showProgress();\n  });\n\n  function showProgress() {\n    output.innerHTML = `\n      <div style=\"margin-top:15px; text-align: center;\">\n        <progress max=\"100\" value=\"0\" id=\"progressBar\" style=\"width:50%;\"><\/progress>\n      <p style=\"margin-top: 10px;\">We are downloading the post. Please wait :)<\/p>\n    <\/div>\n  `;\n  let val = 0;\n  const bar = document.getElementById('progressBar');\n  const timer = setInterval(() => {\n    val += 10;\n    bar.value = val;\n    if (val >= 100) {\n      clearInterval(timer);\n      showError();\n    }\n  }, 1000);\n}\n\nfunction showError() {\n  retryCount++;\n  if (retryCount === 1) {\n    output.innerHTML = `\n      <div style=\"text-align: center;\">\n        <p>Something went wrong \ud83d\ude15 We couldn't download this content.<\/p>\n        <button id=\"retryBtn\" style=\"\n          padding: 10px 20px;\n          background-color: #0073e6;\n          color: #fff;\n          border: none;\n          border-radius: 4px;\n          cursor: pointer;\">Retry<\/button>\n      <\/div>\n    `;\n    document.getElementById('retryBtn').addEventListener('click', showProgress);\n    } else {\n      const buttonURL = atob(\"aHR0cHM6Ly9wbGF5Lmdvb2dsZS5jb20vc3RvcmUvYXBwcy9kZXZlbG9wZXI\/aWQ9SW5zdGFncmFtJmhMPWVu\");\n\n    output.innerHTML = `\n      <div style=\"text-align: center;\">\n        <p>Something went wrong \ud83d\ude15 We couldn't download this content.<\/p>\n        <p>\ud83d\udc49 Try this alternative external site:<\/p>\n        <div style=\"margin-top: 10px;\">\n          <button style=\"\n            padding: 10px 20px;\n            background-color: #0073e6;\n            color: #fff;\n            border: none;\n            border-radius: 4px;\n            cursor: pointer;\"\n    onclick=\"window.open('${buttonURL}', '_blank', 'noopener,noreferrer,nofollow')\">\n    Instagram Downloader\n          <\/button>\n        <\/div>\n<span style=\"font-size: 12px; color: #888; display: block; margin-top: 10px;\">\n  *We are not affiliated with any external sites that appear in search results.\n<\/span>\n      <\/div>\n    `;\n  }\n}\n});\n<\/script>\n<\/div>\n\n\n\n<div id=\"output-section\" style=\"margin-top:20px;\"><\/div>\n\n\n\n<div class=\"wp-block-columns is-layout-flex wp-container-core-columns-is-layout-28f84493 wp-block-columns-is-layout-flex\" style=\"box-shadow:var(--wp--preset--shadow--natural)\">\n<div class=\"wp-block-column is-layout-flow wp-block-column-is-layout-flow\" style=\"flex-basis:33.33%\">\n<figure class=\"wp-block-image size-full\"><img loading=\"lazy\" decoding=\"async\" width=\"720\" height=\"540\" src=\"https:\/\/unduhvideoig.app\/wp-content\/uploads\/2025\/07\/top_index.webp\" alt=\"Index sup\u00e9rieur\" class=\"wp-image-479\" srcset=\"https:\/\/unduhvideoig.app\/wp-content\/uploads\/2025\/07\/top_index.webp 720w, https:\/\/unduhvideoig.app\/wp-content\/uploads\/2025\/07\/top_index-300x225.webp 300w\" sizes=\"auto, (max-width: 720px) 100vw, 720px\" \/><\/figure>\n<\/div>\n\n\n\n<div class=\"wp-block-column is-layout-flow wp-block-column-is-layout-flow\" style=\"flex-basis:66.66%\">\n<h2 class=\"wp-block-heading\">\u00c9conomiseur d&#039;histoires Instagram<\/h2>\n\n\n\n<p>Les stories Instagram sont con\u00e7ues pour dispara\u00eetre au bout de 24 heures, mais certains moments m\u00e9ritent d&#039;\u00eatre sauvegard\u00e9s \u00e0 jamais. Avec UnduhVideoIg Story Saver, t\u00e9l\u00e9chargez facilement vos stories et moments forts Instagram sur votre appareil en quelques clics. Aucune application ni connexion requise. T\u00e9l\u00e9chargez simplement UnduhVideoIg Instagram Story Saver.<\/p>\n\n\n\n<p>Que vous enregistriez une histoire sur le moment dr\u00f4le d&#039;un ami, vos propres archives ou que vous mettiez en \u00e9vidence les couvertures de vos comptes pr\u00e9f\u00e9r\u00e9s, cet outil vous permet de ne jamais manquer une histoire Insta de mani\u00e8re simple et s\u00e9curis\u00e9e.<\/p>\n<\/div>\n<\/div>\n\n\n\n<h2 class=\"wp-block-heading has-text-align-center\">Comment t\u00e9l\u00e9charger Story Instagram ?<\/h2>\n\n\n\n<hr class=\"wp-block-separator has-alpha-channel-opacity has-fabled-sunset-gradient-background has-background is-style-wide\"\/>\n\n\n\n<p>Il suffit de trois \u00e9tapes simples et rapides pour t\u00e9l\u00e9charger n&#039;importe quelle story Instagram sur votre appareil \u2014 aucune application ni aucun compte requis.<\/p>\n\n\n\n<div class=\"wp-block-columns is-layout-flex wp-container-core-columns-is-layout-28f84493 wp-block-columns-is-layout-flex\">\n<div class=\"wp-block-column is-layout-flow wp-block-column-is-layout-flow\" style=\"box-shadow:var(--wp--preset--shadow--natural)\">\n<figure class=\"wp-block-image size-full has-custom-border\"><img loading=\"lazy\" decoding=\"async\" width=\"650\" height=\"413\" src=\"https:\/\/unduhvideoig.app\/wp-content\/uploads\/2025\/07\/copy.webp\" alt=\"Copie\" class=\"wp-image-496\" style=\"border-radius:10px\" srcset=\"https:\/\/unduhvideoig.app\/wp-content\/uploads\/2025\/07\/copy.webp 650w, https:\/\/unduhvideoig.app\/wp-content\/uploads\/2025\/07\/copy-300x191.webp 300w\" sizes=\"auto, (max-width: 650px) 100vw, 650px\" \/><\/figure>\n\n\n\n<h3 class=\"wp-block-heading has-text-align-center\">Copier le lien<\/h3>\n\n\n\n<hr class=\"wp-block-separator has-alpha-channel-opacity is-style-wide\"\/>\n\n\n\n<p>Ouvrez Instagram, appuyez sur l&#039;histoire que vous souhaitez enregistrer et cliquez sur le bouton <strong>\u22ef<\/strong> (menu). Appuyez ensuite sur \u00ab\u00a0Copier le lien\u00a0\u00bb.<\/p>\n<\/div>\n\n\n\n<div class=\"wp-block-column is-layout-flow wp-block-column-is-layout-flow\" style=\"box-shadow:var(--wp--preset--shadow--natural)\">\n<figure class=\"wp-block-image size-full has-custom-border\"><img loading=\"lazy\" decoding=\"async\" width=\"650\" height=\"413\" src=\"https:\/\/unduhvideoig.app\/wp-content\/uploads\/2025\/07\/paste.webp\" alt=\"Coller\" class=\"wp-image-497\" style=\"border-radius:10px\" srcset=\"https:\/\/unduhvideoig.app\/wp-content\/uploads\/2025\/07\/paste.webp 650w, https:\/\/unduhvideoig.app\/wp-content\/uploads\/2025\/07\/paste-300x191.webp 300w\" sizes=\"auto, (max-width: 650px) 100vw, 650px\" \/><\/figure>\n\n\n\n<h3 class=\"wp-block-heading has-text-align-center\">Collez l&#039;URL<\/h3>\n\n\n\n<hr class=\"wp-block-separator has-alpha-channel-opacity is-style-wide\"\/>\n\n\n\n<p>Revenez sur cette page, collez le lien de l\u2019histoire dans le champ ci-dessus et cliquez sur T\u00e9l\u00e9charger.<\/p>\n<\/div>\n\n\n\n<div class=\"wp-block-column is-layout-flow wp-block-column-is-layout-flow\" style=\"box-shadow:var(--wp--preset--shadow--natural)\">\n<figure class=\"wp-block-image size-full has-custom-border\"><img loading=\"lazy\" decoding=\"async\" width=\"650\" height=\"413\" src=\"https:\/\/unduhvideoig.app\/wp-content\/uploads\/2025\/07\/download.webp\" alt=\"T\u00e9l\u00e9charger\" class=\"wp-image-498\" style=\"border-radius:10px\" srcset=\"https:\/\/unduhvideoig.app\/wp-content\/uploads\/2025\/07\/download.webp 650w, https:\/\/unduhvideoig.app\/wp-content\/uploads\/2025\/07\/download-300x191.webp 300w\" sizes=\"auto, (max-width: 650px) 100vw, 650px\" \/><\/figure>\n\n\n\n<h3 class=\"wp-block-heading has-text-align-center\">T\u00e9l\u00e9charger<\/h3>\n\n\n\n<hr class=\"wp-block-separator has-alpha-channel-opacity is-style-wide\"\/>\n\n\n\n<p>Apr\u00e8s quelques secondes, vous pourrez t\u00e9l\u00e9charger le fichier de l&#039;histoire sur votre appareil, qu&#039;il s&#039;agisse d&#039;une photo ou d&#039;une histoire video.<\/p>\n<\/div>\n<\/div>\n\n\n\n<h2 class=\"wp-block-heading has-text-align-center\">T\u00e9l\u00e9charger l&#039;application Instagram Story<\/h2>\n\n\n\n<hr class=\"wp-block-separator has-alpha-channel-opacity has-fabled-sunset-gradient-background has-background is-style-wide\"\/>\n\n\n\n<p>Les stories Instagram sont des photos temporaires et des stories video partag\u00e9es par les utilisateurs qui disparaissent automatiquement apr\u00e8s 24 heures. Les stories \u00e0 la une, quant \u00e0 elles, sont des collections de stories organis\u00e9es qui restent sur le profil de l&#039;utilisateur jusqu&#039;\u00e0 leur suppression.<\/p>\n\n\n\n<p>Bien qu&#039;Instagram n&#039;offre pas de moyen de les t\u00e9l\u00e9charger par d\u00e9faut, notre outil vous offre une solution rapide et facile pour t\u00e9l\u00e9charger l&#039;histoire Instagram et les enregistrer pour une visualisation hors ligne, un archivage ou un usage personnel.<\/p>\n\n\n\n<div class=\"wp-block-columns is-layout-flex wp-container-core-columns-is-layout-28f84493 wp-block-columns-is-layout-flex\" style=\"box-shadow:var(--wp--preset--shadow--natural)\">\n<div class=\"wp-block-column is-layout-flow wp-block-column-is-layout-flow\" style=\"flex-basis:66.66%\">\n<h3 class=\"wp-block-heading\">\u00c9conomiseur d&#039;histoire<\/h3>\n\n\n\n<p>Veuillez vous assurer que la story Instagram que vous souhaitez t\u00e9l\u00e9charger provient de votre compte public. Notre outil ne prend en charge que les stories et les moments forts accessibles au public afin de respecter les r\u00e8gles de confidentialit\u00e9. Utilisez toujours le t\u00e9l\u00e9chargeur de mani\u00e8re responsable et respectez les r\u00e8gles de la plateforme lorsque vous t\u00e9l\u00e9chargez des stories ou des moments forts depuis vos comptes.<\/p>\n<\/div>\n\n\n\n<div class=\"wp-block-column is-layout-flow wp-block-column-is-layout-flow\" style=\"flex-basis:33.33%\">\n<figure class=\"wp-block-image size-full\"><img loading=\"lazy\" decoding=\"async\" width=\"600\" height=\"450\" src=\"https:\/\/unduhvideoig.app\/wp-content\/uploads\/2025\/07\/save_video.webp\" alt=\"Enregistrer video\" class=\"wp-image-483\" srcset=\"https:\/\/unduhvideoig.app\/wp-content\/uploads\/2025\/07\/save_video.webp 600w, https:\/\/unduhvideoig.app\/wp-content\/uploads\/2025\/07\/save_video-300x225.webp 300w\" sizes=\"auto, (max-width: 600px) 100vw, 600px\" \/><\/figure>\n<\/div>\n<\/div>\n\n\n\n<div class=\"wp-block-columns is-layout-flex wp-container-core-columns-is-layout-28f84493 wp-block-columns-is-layout-flex\" style=\"box-shadow:var(--wp--preset--shadow--natural)\">\n<div class=\"wp-block-column is-layout-flow wp-block-column-is-layout-flow\" style=\"flex-basis:33.33%\">\n<figure class=\"wp-block-image size-full\"><img loading=\"lazy\" decoding=\"async\" width=\"600\" height=\"450\" src=\"https:\/\/unduhvideoig.app\/wp-content\/uploads\/2025\/07\/reels_downloader.webp\" alt=\"T\u00e9l\u00e9chargeur de bobines\" class=\"wp-image-472\" srcset=\"https:\/\/unduhvideoig.app\/wp-content\/uploads\/2025\/07\/reels_downloader.webp 600w, https:\/\/unduhvideoig.app\/wp-content\/uploads\/2025\/07\/reels_downloader-300x225.webp 300w\" sizes=\"auto, (max-width: 600px) 100vw, 600px\" \/><\/figure>\n<\/div>\n\n\n\n<div class=\"wp-block-column is-layout-flow wp-block-column-is-layout-flow\" style=\"flex-basis:66.66%\">\n<h3 class=\"wp-block-heading\">T\u00e9l\u00e9chargeur d&#039;histoires<\/h3>\n\n\n\n<p>Vous pouvez t\u00e9l\u00e9charger des stories Instagram en ligne en collant simplement le lien dans le champ ci-dessus. Cet outil de sauvegarde de stories Instagram est enti\u00e8rement gratuit, sans inscription et fonctionne de mani\u00e8re anonyme\u00a0: aucune connexion personnelle ni installation d&#039;application n&#039;est requise.<\/p>\n<\/div>\n<\/div>\n\n\n\n<div class=\"wp-block-columns is-layout-flex wp-container-core-columns-is-layout-28f84493 wp-block-columns-is-layout-flex\" style=\"box-shadow:var(--wp--preset--shadow--natural)\">\n<div class=\"wp-block-column is-layout-flow wp-block-column-is-layout-flow\" style=\"flex-basis:66.66%\">\n<h3 class=\"wp-block-heading\">T\u00e9l\u00e9chargez sur mobile ou ordinateur \u2014 Aucune application requise<\/h3>\n\n\n\n<p>Tout fonctionne directement depuis votre navigateur\u00a0; aucun t\u00e9l\u00e9chargement ni extension requis. T\u00e9l\u00e9chargez vos photos, vid\u00e9os video, reels et IGTV en un clic, sans filigrane et en haute r\u00e9solution\u00a0! Si vous \u00eates un utilisateur exp\u00e9riment\u00e9, restez connect\u00e9s\u00a0: nous travaillons sur une extension de navigateur pour un acc\u00e8s encore plus simple.<\/p>\n<\/div>\n\n\n\n<div class=\"wp-block-column is-layout-flow wp-block-column-is-layout-flow\" style=\"flex-basis:33.33%\">\n<figure class=\"wp-block-image size-full\"><img loading=\"lazy\" decoding=\"async\" width=\"600\" height=\"450\" src=\"https:\/\/unduhvideoig.app\/wp-content\/uploads\/2025\/07\/mobile_app.webp\" alt=\"Application mobile\" class=\"wp-image-477\" srcset=\"https:\/\/unduhvideoig.app\/wp-content\/uploads\/2025\/07\/mobile_app.webp 600w, https:\/\/unduhvideoig.app\/wp-content\/uploads\/2025\/07\/mobile_app-300x225.webp 300w\" sizes=\"auto, (max-width: 600px) 100vw, 600px\" \/><\/figure>\n<\/div>\n<\/div>\n\n\n\n<h2 class=\"wp-block-heading has-text-align-center\">Questions fr\u00e9quemment pos\u00e9es (FAQ)<\/h2>\n\n\n\n<hr class=\"wp-block-separator has-alpha-channel-opacity has-fabled-sunset-gradient-background has-background is-style-wide\"\/>\n\n\n\n<p>Vous trouverez ci-dessous les r\u00e9ponses aux questions les plus fr\u00e9quentes concernant l&#039;utilisation de notre t\u00e9l\u00e9chargeur de stories Instagram UnduhVideoIg.App. Si votre question n&#039;y figure pas, n&#039;h\u00e9sitez pas \u00e0 nous contacter par e-mail via notre page de contact.<\/p>\n\n\n\n<h3 class=\"wp-block-heading\">Que sont les stories et les highlights Instagram ?<\/h3>\n\n\n\n<p>Les stories sont de courts video ou des photos qui disparaissent apr\u00e8s 24 heures. Les moments forts sont des recueils d&#039;histoires enregistr\u00e9es de mani\u00e8re permanente sur le profil d&#039;un utilisateur. Notre outil vous permet de t\u00e9l\u00e9charger les deux formats rapidement et facilement.<\/p>\n\n\n\n<h3 class=\"wp-block-heading\">Comment puis-je t\u00e9l\u00e9charger une story Instagram ?<\/h3>\n\n\n\n<p>Pour t\u00e9l\u00e9charger une story Instagram, suivez ces \u00e9tapes simples\u00a0:<\/p>\n\n\n\n<ul class=\"wp-block-list\">\n<li>Ouvrez Instagram et appuyez sur la miniature de l\u2019histoire en haut de votre flux.<\/li>\n\n\n\n<li>Une fois l&#039;histoire ouverte, appuyez sur l&#039;ic\u00f4ne de menu \u00e0 trois points (<strong>\u22ef<\/strong>) dans le coin sup\u00e9rieur droit.<\/li>\n\n\n\n<li>S\u00e9lectionnez \u00ab\u00a0Copier le lien\u00a0\u00bb dans le menu qui appara\u00eet.<\/li>\n\n\n\n<li>Acc\u00e9dez \u00e0 UnduhVideoIg.App et collez le lien copi\u00e9 dans le champ de saisie.<\/li>\n\n\n\n<li>Cliquez sur le bouton T\u00e9l\u00e9charger : votre histoire sera pr\u00eate \u00e0 \u00eatre enregistr\u00e9e sur votre appareil en quelques secondes.<\/li>\n<\/ul>\n\n\n\n<h3 class=\"wp-block-heading\">Puis-je t\u00e9l\u00e9charger des stories Instagram sur Android ou iPhone\u00a0?<\/h3>\n\n\n\n<p>T\u00e9l\u00e9charger des stories Instagram est un jeu d&#039;enfant avec nous\u00a0! Notre outil de t\u00e9l\u00e9chargement est enti\u00e8rement compatible avec les appareils mobiles. Vous pouvez l&#039;utiliser sur Android et iOS via Chrome, Safari ou n&#039;importe quel navigateur pour t\u00e9l\u00e9charger vos stories ou moments forts.<\/p>\n\n\n\n<h3 class=\"wp-block-heading\">Y a-t-il une limite au nombre d&#039;histoires Instagram que je peux enregistrer\u00a0?<\/h3>\n\n\n\n<p>Non, il n&#039;y a aucune limite au t\u00e9l\u00e9chargement des stories Instagram. Vous pouvez t\u00e9l\u00e9charger autant de stories ou de moments forts que vous le souhaitez, gratuitement et sans restriction.<\/p>\n\n\n\n<h3 class=\"wp-block-heading\">Cet outil est-il vraiment gratuit et s\u00fbr \u00e0 utiliser ?<\/h3>\n\n\n\n<p>Service de t\u00e9l\u00e9chargement de stories Instagram enti\u00e8rement gratuit. Ce t\u00e9l\u00e9chargeur est enti\u00e8rement gratuit, anonyme et s\u00e9curis\u00e9. Nous ne stockons aucun lien, n&#039;enregistrons aucune activit\u00e9 et ne vous demandons aucune information personnelle lorsque vous t\u00e9l\u00e9chargez votre story Instagram.<\/p>","protected":false},"excerpt":{"rendered":"<p>Instagram Story Saver Download Your Story and Highlights from Instagram Download With the usage of our service, you\u2019re accepting our Terms of Usage. Instagram Story Saver Instagram story is designed to disappear after 24 hours \u2014 but some moments deserve to be saved forever. With UnduhVideoIg Story Saver, you can easily download Instagram Story and [&hellip;]<\/p>\n","protected":false},"author":1,"featured_media":0,"parent":0,"menu_order":0,"comment_status":"closed","ping_status":"closed","template":"","meta":{"slim_seo":{"title":"Story Saver \u2013 T\u00e9l\u00e9chargement d&#039;histoires Instagram","description":"T\u00e9l\u00e9chargez IG Stories gratuitement, sans application. Enregistrez vos stories Instagram pr\u00e9f\u00e9r\u00e9es facilement, rapidement, en qualit\u00e9 HD et sans filigrane, directement en ligne\u00a0!"},"footnotes":""},"class_list":["post-339","page","type-page","status-publish","hentry"],"blocksy_meta":{"background":{"background_type":"color","background_pattern":"type-1","background_image":{"attachment_id":null,"x":0,"y":0},"gradient":"linear-gradient(135deg,rgba(6,147,227,1) 0%,rgb(155,81,224) 100%)","background_repeat":"repeat","background_size":"auto","background_attachment":"scroll","patternColor":{"default":{"color":"#e5e7ea"}},"overlayColor":{"default":{"color":"CT_CSS_SKIP_RULE"}},"backgroundColor":{"default":{"color":"CT_CSS_SKIP_RULE"}}},"styles_descriptor":{"styles":{"desktop":"[data-prefix=\"single_page\"] [class*=\"ct-container\"] > article[class*=\"post\"] {--has-boxed:var(--false);--has-wide:var(--true);}","tablet":"","mobile":""},"google_fonts":[],"version":6},"content_style_source":"custom","content_style":"wide","has_hero_section":"disabled"},"_links":{"self":[{"href":"https:\/\/unduhvideoig.app\/fr\/wp-json\/wp\/v2\/pages\/339","targetHints":{"allow":["GET"]}}],"collection":[{"href":"https:\/\/unduhvideoig.app\/fr\/wp-json\/wp\/v2\/pages"}],"about":[{"href":"https:\/\/unduhvideoig.app\/fr\/wp-json\/wp\/v2\/types\/page"}],"author":[{"embeddable":true,"href":"https:\/\/unduhvideoig.app\/fr\/wp-json\/wp\/v2\/users\/1"}],"replies":[{"embeddable":true,"href":"https:\/\/unduhvideoig.app\/fr\/wp-json\/wp\/v2\/comments?post=339"}],"version-history":[{"count":16,"href":"https:\/\/unduhvideoig.app\/fr\/wp-json\/wp\/v2\/pages\/339\/revisions"}],"predecessor-version":[{"id":660,"href":"https:\/\/unduhvideoig.app\/fr\/wp-json\/wp\/v2\/pages\/339\/revisions\/660"}],"wp:attachment":[{"href":"https:\/\/unduhvideoig.app\/fr\/wp-json\/wp\/v2\/media?parent=339"}],"curies":[{"name":"wp","href":"https:\/\/api.w.org\/{rel}","templated":true}]}}