{"id":284,"date":"2025-07-08T14:56:58","date_gmt":"2025-07-08T07:56:58","guid":{"rendered":"https:\/\/unduhvideoig.app\/?page_id=284"},"modified":"2025-08-26T17:01:23","modified_gmt":"2025-08-26T10:01:23","slug":"instagram-photo","status":"publish","type":"page","link":"https:\/\/unduhvideoig.app\/fr\/instagram-photo\/","title":{"rendered":"T\u00e9l\u00e9chargeur de photos Instagram"},"content":{"rendered":"<div class=\"wp-block-group alignfull has-plum-bath-gradient-background has-background is-layout-constrained wp-block-group-is-layout-constrained\">\n<div class=\"hero-section is-width-constrained\" data-type=\"type-1\">\n<header class=\"entry-header\">\n<h1 class=\"page-title\">T\u00e9l\u00e9chargeur de photos Instagram<\/h1>\n<\/header>\n<\/div>\n<p>T\u00e9l\u00e9charger des photos depuis Instagram<\/p>\n\n<form id=\"ig-form\" action=\"\">\n  <input type=\"url\" name=\"igurl\" placeholder=\"Ins\u00e9rer le lien Instagram ici\" required \/>\n  <button type=\"submit\">T\u00e9l\u00e9charger<\/button>\n<input type=\"hidden\" name=\"trp-form-language\" value=\"fr\"\/><\/form>\n\n<p style=\"font-size: 0.85em; text-align: center; color: #fff;\">\n  En utilisant notre service, vous acceptez nos <a href=\"#terms\" style=\"color: #fff; text-decoration: none;\">Conditions d&#039;utilisation<\/a>.\n<\/p>\n\n<div id=\"ads-above-output\">\n  <!-- Place AdSense block here -->\n<\/div>\n\n\n\n<script>\ndocument.addEventListener('DOMContentLoaded', function () {\n  let retryCount = 0;\n  const form = document.getElementById('ig-form');\n  const output = document.getElementById('output-section');\n\n  form.addEventListener('submit', function (e) {\n    e.preventDefault();\n    retryCount = 0;\n    showProgress();\n  });\n\n  function showProgress() {\n    output.innerHTML = `\n      <div style=\"margin-top:15px; text-align: center;\">\n        <progress max=\"100\" value=\"0\" id=\"progressBar\" style=\"width:50%;\"><\/progress>\n      <p style=\"margin-top: 10px;\">We are downloading the post. Please wait :)<\/p>\n    <\/div>\n  `;\n  let val = 0;\n  const bar = document.getElementById('progressBar');\n  const timer = setInterval(() => {\n    val += 10;\n    bar.value = val;\n    if (val >= 100) {\n      clearInterval(timer);\n      showError();\n    }\n  }, 1000);\n}\n\nfunction showError() {\n  retryCount++;\n  if (retryCount === 1) {\n    output.innerHTML = `\n      <div style=\"text-align: center;\">\n        <p>Something went wrong \ud83d\ude15 We couldn't download this content.<\/p>\n        <button id=\"retryBtn\" style=\"\n          padding: 10px 20px;\n          background-color: #0073e6;\n          color: #fff;\n          border: none;\n          border-radius: 4px;\n          cursor: pointer;\">Retry<\/button>\n      <\/div>\n    `;\n    document.getElementById('retryBtn').addEventListener('click', showProgress);\n    } else {\n      const buttonURL = atob(\"aHR0cHM6Ly9wbGF5Lmdvb2dsZS5jb20vc3RvcmUvYXBwcy9kZXZlbG9wZXI\/aWQ9SW5zdGFncmFtJmhMPWVu\");\n\n    output.innerHTML = `\n      <div style=\"text-align: center;\">\n        <p>Something went wrong \ud83d\ude15 We couldn't download this content.<\/p>\n        <p>\ud83d\udc49 Try this alternative external site:<\/p>\n        <div style=\"margin-top: 10px;\">\n          <button style=\"\n            padding: 10px 20px;\n            background-color: #0073e6;\n            color: #fff;\n            border: none;\n            border-radius: 4px;\n            cursor: pointer;\"\n    onclick=\"window.open('${buttonURL}', '_blank', 'noopener,noreferrer,nofollow')\">\n    Instagram Downloader\n          <\/button>\n        <\/div>\n<span style=\"font-size: 12px; color: #888; display: block; margin-top: 10px;\">\n  *We are not affiliated with any external sites that appear in search results.\n<\/span>\n      <\/div>\n    `;\n  }\n}\n});\n<\/script>\n<\/div>\n\n\n\n<div id=\"output-section\" style=\"margin-top:20px;\"><\/div>\n\n\n\n<div class=\"wp-block-columns is-layout-flex wp-container-core-columns-is-layout-28f84493 wp-block-columns-is-layout-flex\" style=\"box-shadow:var(--wp--preset--shadow--natural)\">\n<div class=\"wp-block-column is-layout-flow wp-block-column-is-layout-flow\" style=\"flex-basis:33.33%\">\n<figure class=\"wp-block-image size-full\"><img loading=\"lazy\" decoding=\"async\" width=\"720\" height=\"540\" src=\"https:\/\/unduhvideoig.app\/wp-content\/uploads\/2025\/07\/top_index.webp\" alt=\"Index sup\u00e9rieur\" class=\"wp-image-479\" srcset=\"https:\/\/unduhvideoig.app\/wp-content\/uploads\/2025\/07\/top_index.webp 720w, https:\/\/unduhvideoig.app\/wp-content\/uploads\/2025\/07\/top_index-300x225.webp 300w\" sizes=\"auto, (max-width: 720px) 100vw, 720px\" \/><\/figure>\n<\/div>\n\n\n\n<div class=\"wp-block-column is-layout-flow wp-block-column-is-layout-flow\" style=\"flex-basis:66.66%\">\n<h2 class=\"wp-block-heading\">T\u00e9l\u00e9charger des photos Instagram<\/h2>\n\n\n\n<p>Instagram est le lieu o\u00f9 des millions de photos sont captur\u00e9es\u00a0: des flatlays esth\u00e9tiques aux photos de voyage, en passant par des citations inspirantes et des images de produits. Avec UnduhVideoIg, vous pouvez t\u00e9l\u00e9charger des photos Instagram directement sur votre appareil, qu&#039;il s&#039;agisse d&#039;une seule image ou d&#039;une publication carrousel compl\u00e8te.<\/p>\n\n\n\n<p>Pas de compte\u00a0? Aucun probl\u00e8me. Cet outil fonctionne en ligne et ne n\u00e9cessite ni application ni inscription pour t\u00e9l\u00e9charger et enregistrer vos photos Instagram pr\u00e9f\u00e9r\u00e9es.<\/p>\n<\/div>\n<\/div>\n\n\n\n<h2 class=\"wp-block-heading has-text-align-center\">Comment t\u00e9l\u00e9charger des photos Instagram\u00a0?<\/h2>\n\n\n\n<hr class=\"wp-block-separator has-alpha-channel-opacity has-fabled-sunset-gradient-background has-background is-style-wide\"\/>\n\n\n\n<p>Suivez ces trois \u00e9tapes rapides et faciles pour utiliser notre t\u00e9l\u00e9chargeur d&#039;images Instagram : c&#039;est rapide, sans tracas et vous fait gagner du temps.<\/p>\n\n\n\n<div class=\"wp-block-columns is-layout-flex wp-container-core-columns-is-layout-28f84493 wp-block-columns-is-layout-flex\">\n<div class=\"wp-block-column is-layout-flow wp-block-column-is-layout-flow\" style=\"box-shadow:var(--wp--preset--shadow--natural)\">\n<figure class=\"wp-block-image size-full has-custom-border\"><img loading=\"lazy\" decoding=\"async\" width=\"650\" height=\"413\" src=\"https:\/\/unduhvideoig.app\/wp-content\/uploads\/2025\/07\/copy.webp\" alt=\"Copie\" class=\"wp-image-496\" style=\"border-radius:10px\" srcset=\"https:\/\/unduhvideoig.app\/wp-content\/uploads\/2025\/07\/copy.webp 650w, https:\/\/unduhvideoig.app\/wp-content\/uploads\/2025\/07\/copy-300x191.webp 300w\" sizes=\"auto, (max-width: 650px) 100vw, 650px\" \/><\/figure>\n\n\n\n<h3 class=\"wp-block-heading has-text-align-center\">Copier le lien<\/h3>\n\n\n\n<hr class=\"wp-block-separator has-alpha-channel-opacity is-style-wide\"\/>\n\n\n\n<p>Ouvrez l&#039;application ou le site Web Instagram, acc\u00e9dez \u00e0 la photo Instagram pr\u00e9f\u00e9r\u00e9e que vous souhaitez, appuyez sur l&#039;ic\u00f4ne \u22ef (ou \u22ee) et s\u00e9lectionnez \u00ab Copier le lien \u00bb.<\/p>\n<\/div>\n\n\n\n<div class=\"wp-block-column is-layout-flow wp-block-column-is-layout-flow\" style=\"box-shadow:var(--wp--preset--shadow--natural)\">\n<figure class=\"wp-block-image size-full has-custom-border\"><img loading=\"lazy\" decoding=\"async\" width=\"650\" height=\"413\" src=\"https:\/\/unduhvideoig.app\/wp-content\/uploads\/2025\/07\/paste.webp\" alt=\"Coller\" class=\"wp-image-497\" style=\"border-radius:10px\" srcset=\"https:\/\/unduhvideoig.app\/wp-content\/uploads\/2025\/07\/paste.webp 650w, https:\/\/unduhvideoig.app\/wp-content\/uploads\/2025\/07\/paste-300x191.webp 300w\" sizes=\"auto, (max-width: 650px) 100vw, 650px\" \/><\/figure>\n\n\n\n<h3 class=\"wp-block-heading has-text-align-center\">Collez l&#039;URL<\/h3>\n\n\n\n<hr class=\"wp-block-separator has-alpha-channel-opacity is-style-wide\"\/>\n\n\n\n<p>Revenez \u00e0 cette page de t\u00e9l\u00e9chargement d&#039;images Instagram sur le Web UnduhVideoIg.App, collez le lien dans le champ de saisie et cliquez sur T\u00e9l\u00e9charger.<\/p>\n<\/div>\n\n\n\n<div class=\"wp-block-column is-layout-flow wp-block-column-is-layout-flow\" style=\"box-shadow:var(--wp--preset--shadow--natural)\">\n<figure class=\"wp-block-image size-full has-custom-border\"><img loading=\"lazy\" decoding=\"async\" width=\"650\" height=\"413\" src=\"https:\/\/unduhvideoig.app\/wp-content\/uploads\/2025\/07\/download.webp\" alt=\"T\u00e9l\u00e9charger\" class=\"wp-image-498\" style=\"border-radius:10px\" srcset=\"https:\/\/unduhvideoig.app\/wp-content\/uploads\/2025\/07\/download.webp 650w, https:\/\/unduhvideoig.app\/wp-content\/uploads\/2025\/07\/download-300x191.webp 300w\" sizes=\"auto, (max-width: 650px) 100vw, 650px\" \/><\/figure>\n\n\n\n<h3 class=\"wp-block-heading has-text-align-center\">T\u00e9l\u00e9charger<\/h3>\n\n\n\n<hr class=\"wp-block-separator has-alpha-channel-opacity is-style-wide\"\/>\n\n\n\n<p>En quelques secondes seulement apr\u00e8s avoir cliqu\u00e9 sur le bouton T\u00e9l\u00e9charger, vous obtiendrez un aper\u00e7u avec des options pour t\u00e9l\u00e9charger une ou plusieurs photos au format JPG haute r\u00e9solution.<\/p>\n<\/div>\n<\/div>\n\n\n\n<h2 class=\"wp-block-heading has-text-align-center\">Notre t\u00e9l\u00e9chargeur UnduhVideoIg.App<\/h2>\n\n\n\n<hr class=\"wp-block-separator has-alpha-channel-opacity has-fabled-sunset-gradient-background has-background is-style-wide\"\/>\n\n\n\n<div class=\"wp-block-columns is-layout-flex wp-container-core-columns-is-layout-28f84493 wp-block-columns-is-layout-flex\" style=\"box-shadow:var(--wp--preset--shadow--natural)\">\n<div class=\"wp-block-column is-layout-flow wp-block-column-is-layout-flow\" style=\"flex-basis:66.66%\">\n<h3 class=\"wp-block-heading\">T\u00e9l\u00e9chargeur de photos<\/h3>\n\n\n\n<p>Que vous utilisiez un smartphone, une tablette ou un ordinateur pour t\u00e9l\u00e9charger des photos, UnduhVideoIg est con\u00e7u pour fonctionner parfaitement sur toutes les plateformes. Pas besoin de t\u00e9l\u00e9charger d&#039;application\u00a0: il suffit de copier, coller et enregistrer la photo. Il prend en charge les t\u00e9l\u00e9chargements en pleine r\u00e9solution, ce qui le rend id\u00e9al pour sauvegarder du contenu sans perte de qualit\u00e9.<\/p>\n\n\n\n<p>Et oui, cela fonctionne parfaitement sur Safari, Chrome, Firefox et d\u2019autres navigateurs.<\/p>\n<\/div>\n\n\n\n<div class=\"wp-block-column is-layout-flow wp-block-column-is-layout-flow\" style=\"flex-basis:33.33%\">\n<figure class=\"wp-block-image size-full\"><img loading=\"lazy\" decoding=\"async\" width=\"600\" height=\"450\" src=\"https:\/\/unduhvideoig.app\/wp-content\/uploads\/2025\/07\/photos_downloader.webp\" alt=\"T\u00e9l\u00e9chargeur de photos\" class=\"wp-image-471\" srcset=\"https:\/\/unduhvideoig.app\/wp-content\/uploads\/2025\/07\/photos_downloader.webp 600w, https:\/\/unduhvideoig.app\/wp-content\/uploads\/2025\/07\/photos_downloader-300x225.webp 300w\" sizes=\"auto, (max-width: 600px) 100vw, 600px\" \/><\/figure>\n<\/div>\n<\/div>\n\n\n\n<div class=\"wp-block-columns is-layout-flex wp-container-core-columns-is-layout-28f84493 wp-block-columns-is-layout-flex\" style=\"box-shadow:var(--wp--preset--shadow--natural)\">\n<div class=\"wp-block-column is-layout-flow wp-block-column-is-layout-flow\" style=\"flex-basis:33.33%\">\n<figure class=\"wp-block-image size-full\"><img loading=\"lazy\" decoding=\"async\" width=\"600\" height=\"450\" src=\"https:\/\/unduhvideoig.app\/wp-content\/uploads\/2025\/07\/mobile_app.webp\" alt=\"Application mobile\" class=\"wp-image-477\" srcset=\"https:\/\/unduhvideoig.app\/wp-content\/uploads\/2025\/07\/mobile_app.webp 600w, https:\/\/unduhvideoig.app\/wp-content\/uploads\/2025\/07\/mobile_app-300x225.webp 300w\" sizes=\"auto, (max-width: 600px) 100vw, 600px\" \/><\/figure>\n<\/div>\n\n\n\n<div class=\"wp-block-column is-layout-flow wp-block-column-is-layout-flow\" style=\"flex-basis:66.66%\">\n<h3 class=\"wp-block-heading\">T\u00e9l\u00e9chargez sur mobile ou ordinateur \u2014 Aucune application requise<\/h3>\n\n\n\n<p>Tout fonctionne directement depuis votre navigateur\u00a0; aucun t\u00e9l\u00e9chargement ni extension requis. T\u00e9l\u00e9chargez vos photos, vid\u00e9os video, reels et IGTV en un clic, sans filigrane et en haute r\u00e9solution\u00a0! Si vous \u00eates un utilisateur exp\u00e9riment\u00e9, restez connect\u00e9s\u00a0: nous travaillons sur une extension de navigateur pour un acc\u00e8s encore plus simple.<\/p>\n<\/div>\n<\/div>\n\n\n\n<h2 class=\"wp-block-heading has-text-align-center\">Questions fr\u00e9quemment pos\u00e9es (FAQ)<\/h2>\n\n\n\n<hr class=\"wp-block-separator has-alpha-channel-opacity has-fabled-sunset-gradient-background has-background is-style-wide\"\/>\n\n\n\n<p>Vous trouverez ci-dessous les r\u00e9ponses aux questions fr\u00e9quentes sur l&#039;utilisation du t\u00e9l\u00e9chargeur de photos Instagram UnduhVideoIg. Si vous ne trouvez pas ce que vous cherchez, n&#039;h\u00e9sitez pas \u00e0 nous contacter par e-mail via notre page de contact.<\/p>\n\n\n\n<h3 class=\"wp-block-heading\">Puis-je t\u00e9l\u00e9charger des photos Instagram sur mon PC ou mon Mac\u00a0?<\/h3>\n\n\n\n<p>Oui\u00a0! Le t\u00e9l\u00e9chargeur de photos UnduhVideoIg fonctionne directement dans votre navigateur, sur PC et Mac. Copiez simplement l&#039;URL de la publication Instagram et collez-la ci-dessus dans le t\u00e9l\u00e9chargeur Instagram pour lancer le t\u00e9l\u00e9chargement.<\/p>\n\n\n\n<h3 class=\"wp-block-heading\">Quel format de fichier est utilis\u00e9 dans UnduhVideoIg <strong>pour les t\u00e9l\u00e9chargements ?<\/strong><\/h3>\n\n\n\n<p>Toutes les images Instagram sont t\u00e9l\u00e9charg\u00e9es au format JPG, qui est l\u00e9ger et de haute qualit\u00e9 pour le t\u00e9l\u00e9chargement d&#039;images \u2014 parfait pour l&#039;enregistrement ou le partage.<\/p>\n\n\n\n<h3 class=\"wp-block-heading\">Ce service de t\u00e9l\u00e9chargement de photos Instagram est-il vraiment gratuit ?<\/h3>\n\n\n\n<p>Oui, 100% pour notre t\u00e9l\u00e9chargeur de photos Instagram\u00a0! Pas besoin de s&#039;inscrire, de s&#039;abonner ou de payer. C&#039;est un outil enti\u00e8rement gratuit pour t\u00e9l\u00e9charger des photos Instagram.<\/p>\n\n\n\n<h3 class=\"wp-block-heading\">Est-il s\u00fbr d&#039;utiliser ce t\u00e9l\u00e9chargeur de photos UnduhVideoIg.App ?<\/h3>\n\n\n\n<p>T\u00e9l\u00e9chargement de photos Instagram absolument possible. Chez UnduhVideoIg, nous ne stockons, ne suivons et ne collectons aucune donn\u00e9e personnelle. Vos t\u00e9l\u00e9chargements sont priv\u00e9s et s\u00e9curis\u00e9s.<\/p>\n\n\n\n<h3 class=\"wp-block-heading\">Puis-je utiliser le t\u00e9l\u00e9chargeur UnduhVideoIg sur mon t\u00e9l\u00e9phone ou ma tablette\u00a0?<\/h3>\n\n\n\n<p>Notre t\u00e9l\u00e9chargeur de photos UnduhVideoIg est un incontournable. Il fonctionne parfaitement sur les t\u00e9l\u00e9phones Android, iPhone, iPad et autres navigateurs mobiles pour les photos Instagram.<\/p>","protected":false},"excerpt":{"rendered":"<p>Instagram Photo Downloader Download Photos from Instagram Download With the usage of our service, you\u2019re accepting our Terms of Usage. Download Instagram Photos Instagram is where millions of photograph moments are captured \u2014 from photos of aesthetic flat lays and travel shots to inspirational quotes and product images. With UnduhVideoIg, you can download Instagram photos [&hellip;]<\/p>\n","protected":false},"author":1,"featured_media":0,"parent":0,"menu_order":0,"comment_status":"closed","ping_status":"closed","template":"","meta":{"slim_seo":{"title":"T\u00e9l\u00e9chargeur de photos Instagram \u2013 T\u00e9l\u00e9chargez des images depuis Instagram","description":"T\u00e9l\u00e9chargez des photos Instagram gratuitement et sans application. Enregistrez vos images Instagram pr\u00e9f\u00e9r\u00e9es facilement, rapidement et en qualit\u00e9 HD, directement en ligne, sans filigrane\u00a0!"},"footnotes":""},"class_list":["post-284","page","type-page","status-publish","hentry"],"blocksy_meta":{"background":{"background_type":"color","background_pattern":"type-1","background_image":{"attachment_id":null,"x":0,"y":0},"gradient":"linear-gradient(135deg,rgba(6,147,227,1) 0%,rgb(155,81,224) 100%)","background_repeat":"repeat","background_size":"auto","background_attachment":"scroll","patternColor":{"default":{"color":"#e5e7ea"}},"overlayColor":{"default":{"color":"CT_CSS_SKIP_RULE"}},"backgroundColor":{"default":{"color":"CT_CSS_SKIP_RULE"}}},"styles_descriptor":{"styles":{"desktop":"[data-prefix=\"single_page\"] [class*=\"ct-container\"] > article[class*=\"post\"] {--has-boxed:var(--false);--has-wide:var(--true);}","tablet":"","mobile":""},"google_fonts":[],"version":6},"content_style_source":"custom","content_style":"wide","has_hero_section":"disabled"},"_links":{"self":[{"href":"https:\/\/unduhvideoig.app\/fr\/wp-json\/wp\/v2\/pages\/284","targetHints":{"allow":["GET"]}}],"collection":[{"href":"https:\/\/unduhvideoig.app\/fr\/wp-json\/wp\/v2\/pages"}],"about":[{"href":"https:\/\/unduhvideoig.app\/fr\/wp-json\/wp\/v2\/types\/page"}],"author":[{"embeddable":true,"href":"https:\/\/unduhvideoig.app\/fr\/wp-json\/wp\/v2\/users\/1"}],"replies":[{"embeddable":true,"href":"https:\/\/unduhvideoig.app\/fr\/wp-json\/wp\/v2\/comments?post=284"}],"version-history":[{"count":30,"href":"https:\/\/unduhvideoig.app\/fr\/wp-json\/wp\/v2\/pages\/284\/revisions"}],"predecessor-version":[{"id":662,"href":"https:\/\/unduhvideoig.app\/fr\/wp-json\/wp\/v2\/pages\/284\/revisions\/662"}],"wp:attachment":[{"href":"https:\/\/unduhvideoig.app\/fr\/wp-json\/wp\/v2\/media?parent=284"}],"curies":[{"name":"wp","href":"https:\/\/api.w.org\/{rel}","templated":true}]}}