{"id":246,"date":"2025-07-07T10:31:40","date_gmt":"2025-07-07T03:31:40","guid":{"rendered":"https:\/\/unduhvideoig.app\/?page_id=246"},"modified":"2025-08-26T16:58:06","modified_gmt":"2025-08-26T09:58:06","slug":"instagram-video","status":"publish","type":"page","link":"https:\/\/unduhvideoig.app\/fr\/instagram-video\/","title":{"rendered":"T\u00e9l\u00e9chargeur de vid\u00e9os Instagram"},"content":{"rendered":"<div class=\"wp-block-group alignfull has-plum-bath-gradient-background has-background is-layout-constrained wp-block-group-is-layout-constrained\">\n<div class=\"hero-section is-width-constrained\" data-type=\"type-1\">\n<header class=\"entry-header\">\n<h1 class=\"page-title\">T\u00e9l\u00e9chargeur de vid\u00e9os Instagram<\/h1>\n<\/header>\n<\/div>\n<p>T\u00e9l\u00e9charger des vid\u00e9os depuis Instagram<\/p>\n\n<form id=\"ig-form\" action=\"\">\n  <input type=\"url\" name=\"igurl\" placeholder=\"Ins\u00e9rer le lien Instagram ici\" required \/>\n  <button type=\"submit\">T\u00e9l\u00e9charger<\/button>\n<input type=\"hidden\" name=\"trp-form-language\" value=\"fr\"\/><\/form>\n\n<p style=\"font-size: 0.85em; text-align: center; color: #fff;\">\n  En utilisant notre service, vous acceptez nos <a href=\"#terms\" style=\"color: #fff; text-decoration: none;\">Conditions d&#039;utilisation<\/a>.\n<\/p>\n\n<div id=\"ads-above-output\">\n  <!-- Place AdSense block here -->\n<\/div>\n\n\n\n<script>\ndocument.addEventListener('DOMContentLoaded', function () {\n  let retryCount = 0;\n  const form = document.getElementById('ig-form');\n  const output = document.getElementById('output-section');\n\n  form.addEventListener('submit', function (e) {\n    e.preventDefault();\n    retryCount = 0;\n    showProgress();\n  });\n\n  function showProgress() {\n    output.innerHTML = `\n      <div style=\"margin-top:15px; text-align: center;\">\n        <progress max=\"100\" value=\"0\" id=\"progressBar\" style=\"width:50%;\"><\/progress>\n      <p style=\"margin-top: 10px;\">We are downloading the post. Please wait :)<\/p>\n    <\/div>\n  `;\n  let val = 0;\n  const bar = document.getElementById('progressBar');\n  const timer = setInterval(() => {\n    val += 10;\n    bar.value = val;\n    if (val >= 100) {\n      clearInterval(timer);\n      showError();\n    }\n  }, 1000);\n}\n\nfunction showError() {\n  retryCount++;\n  if (retryCount === 1) {\n    output.innerHTML = `\n      <div style=\"text-align: center;\">\n        <p>Something went wrong \ud83d\ude15 We couldn't download this content.<\/p>\n        <button id=\"retryBtn\" style=\"\n          padding: 10px 20px;\n          background-color: #0073e6;\n          color: #fff;\n          border: none;\n          border-radius: 4px;\n          cursor: pointer;\">Retry<\/button>\n      <\/div>\n    `;\n    document.getElementById('retryBtn').addEventListener('click', showProgress);\n    } else {\n      const buttonURL = atob(\"aHR0cHM6Ly9wbGF5Lmdvb2dsZS5jb20vc3RvcmUvYXBwcy9kZXZlbG9wZXI\/aWQ9SW5zdGFncmFtJmhMPWVu\");\n\n    output.innerHTML = `\n      <div style=\"text-align: center;\">\n        <p>Something went wrong \ud83d\ude15 We couldn't download this content.<\/p>\n        <p>\ud83d\udc49 Try this alternative external site:<\/p>\n        <div style=\"margin-top: 10px;\">\n          <button style=\"\n            padding: 10px 20px;\n            background-color: #0073e6;\n            color: #fff;\n            border: none;\n            border-radius: 4px;\n            cursor: pointer;\"\n    onclick=\"window.open('${buttonURL}', '_blank', 'noopener,noreferrer,nofollow')\">\n    Instagram Downloader\n          <\/button>\n        <\/div>\n<span style=\"font-size: 12px; color: #888; display: block; margin-top: 10px;\">\n  *We are not affiliated with any external sites that appear in search results.\n<\/span>\n      <\/div>\n    `;\n  }\n}\n});\n<\/script>\n<\/div>\n\n\n\n<div id=\"output-section\" style=\"margin-top:20px;\"><\/div>\n\n\n\n<div class=\"wp-block-columns is-layout-flex wp-container-core-columns-is-layout-28f84493 wp-block-columns-is-layout-flex\" style=\"box-shadow:var(--wp--preset--shadow--natural)\">\n<div class=\"wp-block-column is-layout-flow wp-block-column-is-layout-flow\" style=\"flex-basis:33.33%\">\n<figure class=\"wp-block-image size-full\"><img loading=\"lazy\" decoding=\"async\" width=\"720\" height=\"540\" src=\"https:\/\/unduhvideoig.app\/wp-content\/uploads\/2025\/07\/top_index.webp\" alt=\"Index sup\u00e9rieur\" class=\"wp-image-479\" srcset=\"https:\/\/unduhvideoig.app\/wp-content\/uploads\/2025\/07\/top_index.webp 720w, https:\/\/unduhvideoig.app\/wp-content\/uploads\/2025\/07\/top_index-300x225.webp 300w\" sizes=\"auto, (max-width: 720px) 100vw, 720px\" \/><\/figure>\n<\/div>\n\n\n\n<div class=\"wp-block-column is-layout-flow wp-block-column-is-layout-flow\" style=\"flex-basis:66.66%\">\n<h2 class=\"wp-block-heading\">T\u00e9l\u00e9charger des vid\u00e9os Instagram<\/h2>\n\n\n\n<p>Envie de sauvegarder des vid\u00e9os Instagram video pour les visionner hors ligne\u00a0? Avec UnduhVideoIg, t\u00e9l\u00e9chargez des vid\u00e9os Instagram video en ligne en quelques clics\u00a0: gratuitement, rapidement et sans filigrane. Qu&#039;il s&#039;agisse d&#039;une vid\u00e9o virale, d&#039;un tutoriel ou d&#039;un moment personnel, conservez-les pour toujours sur votre appareil avec UnduhVideoIg.<\/p>\n<\/div>\n<\/div>\n\n\n\n<h2 class=\"wp-block-heading has-text-align-center\">Comment t\u00e9l\u00e9charger des vid\u00e9os depuis Instagram\u00a0?<\/h2>\n\n\n\n<hr class=\"wp-block-separator has-alpha-channel-opacity has-fabled-sunset-gradient-background has-background is-style-wide\"\/>\n\n\n\n<p>Suivez ces trois \u00e9tapes simples pour t\u00e9l\u00e9charger n&#039;importe quel Instagram video sur votre appareil rapidement et sans effort\u00a0:<\/p>\n\n\n\n<div class=\"wp-block-columns is-layout-flex wp-container-core-columns-is-layout-28f84493 wp-block-columns-is-layout-flex\">\n<div class=\"wp-block-column is-layout-flow wp-block-column-is-layout-flow\" style=\"box-shadow:var(--wp--preset--shadow--natural)\">\n<figure class=\"wp-block-image size-full has-custom-border\"><img loading=\"lazy\" decoding=\"async\" width=\"650\" height=\"413\" src=\"https:\/\/unduhvideoig.app\/wp-content\/uploads\/2025\/07\/copy.webp\" alt=\"Copie\" class=\"wp-image-496\" style=\"border-radius:10px\" srcset=\"https:\/\/unduhvideoig.app\/wp-content\/uploads\/2025\/07\/copy.webp 650w, https:\/\/unduhvideoig.app\/wp-content\/uploads\/2025\/07\/copy-300x191.webp 300w\" sizes=\"auto, (max-width: 650px) 100vw, 650px\" \/><\/figure>\n\n\n\n<h3 class=\"wp-block-heading has-text-align-center\">Copier le lien<\/h3>\n\n\n\n<hr class=\"wp-block-separator has-alpha-channel-opacity is-style-wide\"\/>\n\n\n\n<p>Sur l&#039;application ou le site Web Instagram, recherchez le video que vous souhaitez. Appuyez sur le <strong>\u22ef<\/strong> (iPhone) ou <strong>\u22ee<\/strong> (Android) et s\u00e9lectionnez \u00ab Copier le lien \u00bb.<br><\/p>\n<\/div>\n\n\n\n<div class=\"wp-block-column is-layout-flow wp-block-column-is-layout-flow\" style=\"box-shadow:var(--wp--preset--shadow--natural)\">\n<figure class=\"wp-block-image size-full has-custom-border\"><img loading=\"lazy\" decoding=\"async\" width=\"650\" height=\"413\" src=\"https:\/\/unduhvideoig.app\/wp-content\/uploads\/2025\/07\/paste.webp\" alt=\"Coller\" class=\"wp-image-497\" style=\"border-radius:10px\" srcset=\"https:\/\/unduhvideoig.app\/wp-content\/uploads\/2025\/07\/paste.webp 650w, https:\/\/unduhvideoig.app\/wp-content\/uploads\/2025\/07\/paste-300x191.webp 300w\" sizes=\"auto, (max-width: 650px) 100vw, 650px\" \/><\/figure>\n\n\n\n<h3 class=\"wp-block-heading has-text-align-center\">Collez l&#039;URL<\/h3>\n\n\n\n<hr class=\"wp-block-separator has-alpha-channel-opacity is-style-wide\"\/>\n\n\n\n<p>Revenez sur cette page apr\u00e8s avoir copi\u00e9 le lien, puis collez le lien dans la zone de saisie et cliquez sur le bouton T\u00e9l\u00e9charger.<\/p>\n<\/div>\n\n\n\n<div class=\"wp-block-column is-layout-flow wp-block-column-is-layout-flow\" style=\"box-shadow:var(--wp--preset--shadow--natural)\">\n<figure class=\"wp-block-image size-full has-custom-border\"><img loading=\"lazy\" decoding=\"async\" width=\"650\" height=\"413\" src=\"https:\/\/unduhvideoig.app\/wp-content\/uploads\/2025\/07\/download.webp\" alt=\"T\u00e9l\u00e9charger\" class=\"wp-image-498\" style=\"border-radius:10px\" srcset=\"https:\/\/unduhvideoig.app\/wp-content\/uploads\/2025\/07\/download.webp 650w, https:\/\/unduhvideoig.app\/wp-content\/uploads\/2025\/07\/download-300x191.webp 300w\" sizes=\"auto, (max-width: 650px) 100vw, 650px\" \/><\/figure>\n\n\n\n<h3 class=\"wp-block-heading has-text-align-center\">T\u00e9l\u00e9charger<\/h3>\n\n\n\n<hr class=\"wp-block-separator has-alpha-channel-opacity is-style-wide\"\/>\n\n\n\n<p>Apr\u00e8s quelques secondes de t\u00e9l\u00e9chargement, vous verrez les options de t\u00e9l\u00e9chargement du video. Cliquez dessus pour enregistrer le video sur votre t\u00e9l\u00e9phone ou votre PC (dossier T\u00e9l\u00e9chargements sur iPhone ou galerie de t\u00e9l\u00e9chargements sur Android).<\/p>\n<\/div>\n<\/div>\n\n\n\n<h2 class=\"wp-block-heading has-text-align-center\">Notre t\u00e9l\u00e9chargeur UnduhVideoIg.App<\/h2>\n\n\n\n<hr class=\"wp-block-separator has-alpha-channel-opacity has-fabled-sunset-gradient-background has-background is-style-wide\"\/>\n\n\n\n<div class=\"wp-block-columns is-layout-flex wp-container-core-columns-is-layout-28f84493 wp-block-columns-is-layout-flex\" style=\"box-shadow:var(--wp--preset--shadow--natural)\">\n<div class=\"wp-block-column is-layout-flow wp-block-column-is-layout-flow\" style=\"flex-basis:66.66%\">\n<h3 class=\"wp-block-heading\">Enregistrez vos vid\u00e9os de mani\u00e8re responsable<\/h3>\n\n\n\n<p>N&#039;oubliez pas que notre t\u00e9l\u00e9chargeur Instagram video est con\u00e7u pour t\u00e9l\u00e9charger du contenu provenant de comptes publics uniquement. Nous respectons la vie priv\u00e9e de tous les utilisateurs\u00a0; le t\u00e9l\u00e9chargement de video depuis des profils priv\u00e9s n&#039;est pas pris en charge. Respectez toujours les conditions d&#039;utilisation et utilisez le contenu de mani\u00e8re responsable lorsque vous t\u00e9l\u00e9chargez video depuis Instagram.<\/p>\n<\/div>\n\n\n\n<div class=\"wp-block-column is-layout-flow wp-block-column-is-layout-flow\" style=\"flex-basis:33.33%\">\n<figure class=\"wp-block-image size-full\"><img loading=\"lazy\" decoding=\"async\" width=\"600\" height=\"450\" src=\"https:\/\/unduhvideoig.app\/wp-content\/uploads\/2025\/07\/save_video.webp\" alt=\"Enregistrer video\" class=\"wp-image-483\" srcset=\"https:\/\/unduhvideoig.app\/wp-content\/uploads\/2025\/07\/save_video.webp 600w, https:\/\/unduhvideoig.app\/wp-content\/uploads\/2025\/07\/save_video-300x225.webp 300w\" sizes=\"auto, (max-width: 600px) 100vw, 600px\" \/><\/figure>\n<\/div>\n<\/div>\n\n\n\n<div class=\"wp-block-columns is-layout-flex wp-container-core-columns-is-layout-28f84493 wp-block-columns-is-layout-flex\" style=\"box-shadow:var(--wp--preset--shadow--natural)\">\n<div class=\"wp-block-column is-layout-flow wp-block-column-is-layout-flow\" style=\"flex-basis:33.33%\">\n<figure class=\"wp-block-image size-full\"><img loading=\"lazy\" decoding=\"async\" width=\"600\" height=\"450\" src=\"https:\/\/unduhvideoig.app\/wp-content\/uploads\/2025\/07\/video_downloader.webp\" alt=\"T\u00e9l\u00e9chargeur de vid\u00e9os\" class=\"wp-image-470\" srcset=\"https:\/\/unduhvideoig.app\/wp-content\/uploads\/2025\/07\/video_downloader.webp 600w, https:\/\/unduhvideoig.app\/wp-content\/uploads\/2025\/07\/video_downloader-300x225.webp 300w\" sizes=\"auto, (max-width: 600px) 100vw, 600px\" \/><\/figure>\n<\/div>\n\n\n\n<div class=\"wp-block-column is-layout-flow wp-block-column-is-layout-flow\" style=\"flex-basis:66.66%\">\n<h3 class=\"wp-block-heading\">T\u00e9l\u00e9chargeur de vid\u00e9os<\/h3>\n\n\n\n<p>Vous pouvez t\u00e9l\u00e9charger facilement des video Instagram en ligne en collant simplement le lien video dans le champ de saisie ci-dessus. Pas besoin de vous inscrire, de remplir quoi que ce soit ou de cr\u00e9er un compte. Notre service de t\u00e9l\u00e9chargement video Instagram est enti\u00e8rement gratuit, accessible \u00e0 tout moment et fonctionne directement dans votre navigateur.<\/p>\n<\/div>\n<\/div>\n\n\n\n<div class=\"wp-block-columns is-layout-flex wp-container-core-columns-is-layout-28f84493 wp-block-columns-is-layout-flex\" style=\"box-shadow:var(--wp--preset--shadow--natural)\">\n<div class=\"wp-block-column is-layout-flow wp-block-column-is-layout-flow\" style=\"flex-basis:66.66%\">\n<h3 class=\"wp-block-heading\">T\u00e9l\u00e9chargez sur mobile ou ordinateur \u2014 Aucune application requise<\/h3>\n\n\n\n<p>Tout fonctionne directement depuis votre navigateur\u00a0; aucun t\u00e9l\u00e9chargement ni extension requis. T\u00e9l\u00e9chargez vos photos, vid\u00e9os video, reels et IGTV en un clic, sans filigrane et en haute r\u00e9solution\u00a0! Si vous \u00eates un utilisateur exp\u00e9riment\u00e9, restez connect\u00e9s\u00a0: nous travaillons sur une extension de navigateur pour un acc\u00e8s encore plus simple.<\/p>\n<\/div>\n\n\n\n<div class=\"wp-block-column is-layout-flow wp-block-column-is-layout-flow\" style=\"flex-basis:33.33%\">\n<figure class=\"wp-block-image size-full\"><img loading=\"lazy\" decoding=\"async\" width=\"600\" height=\"450\" src=\"https:\/\/unduhvideoig.app\/wp-content\/uploads\/2025\/07\/mobile_app.webp\" alt=\"Application mobile\" class=\"wp-image-477\" srcset=\"https:\/\/unduhvideoig.app\/wp-content\/uploads\/2025\/07\/mobile_app.webp 600w, https:\/\/unduhvideoig.app\/wp-content\/uploads\/2025\/07\/mobile_app-300x225.webp 300w\" sizes=\"auto, (max-width: 600px) 100vw, 600px\" \/><\/figure>\n<\/div>\n<\/div>\n\n\n\n<h2 class=\"wp-block-heading has-text-align-center\">Questions fr\u00e9quemment pos\u00e9es (FAQ)<\/h2>\n\n\n\n<hr class=\"wp-block-separator has-alpha-channel-opacity has-fabled-sunset-gradient-background has-background is-style-wide\"\/>\n\n\n\n<p>Vous avez des questions sur le t\u00e9l\u00e9chargement de vid\u00e9os Instagram avec UnduhVideoIg\u00a0? Vous trouverez ci-dessous des r\u00e9ponses rapides aux questions les plus fr\u00e9quentes des utilisateurs, des appareils compatibles aux limites d&#039;utilisation. Pour toute aide suppl\u00e9mentaire, n&#039;h\u00e9sitez pas \u00e0 nous contacter via notre page de contact.<\/p>\n\n\n\n<h3 class=\"wp-block-heading\">Y a-t-il une limite au nombre de video que je peux t\u00e9l\u00e9charger\u00a0?<\/h3>\n\n\n\n<p>Non, il n&#039;y en a pas avec le t\u00e9l\u00e9chargeur video sur UnduhVideoIg.App\u00a0! T\u00e9l\u00e9chargez autant de vid\u00e9os Instagram video que vous le souhaitez, gratuitement.<\/p>\n\n\n\n<h3 class=\"wp-block-heading\">Ai-je besoin d&#039;une application ou d&#039;une extension pour ce t\u00e9l\u00e9chargeur\u00a0?<\/h3>\n\n\n\n<p>Pas du tout. Tout fonctionne parfaitement dans votre navigateur\u00a0; aucune installation n&#039;est n\u00e9cessaire pour ce t\u00e9l\u00e9chargeur.<\/p>\n\n\n\n<h3 class=\"wp-block-heading\">Puis-je l&#039;utiliser sur mon t\u00e9l\u00e9phone ou ma tablette ?<\/h3>\n\n\n\n<p>Oui\u00a0! Notre t\u00e9l\u00e9chargeur est enti\u00e8rement r\u00e9actif et fonctionne sur iPhone, Android, iPad, Windows, macOS et Linux.<\/p>\n\n\n\n<h3 class=\"wp-block-heading\">Ce service de t\u00e9l\u00e9chargement de vid\u00e9os Instagram d&#039;UnduhVideoIg.App est-il gratuit ?<\/h3>\n\n\n\n<p>Oui, ce t\u00e9l\u00e9chargeur de vid\u00e9os Instagram est enti\u00e8rement gratuit \u00e0 utiliser, sans frais cach\u00e9s.<\/p>\n\n\n\n<h3 class=\"wp-block-heading\">Qu&#039;est-ce qu&#039;un t\u00e9l\u00e9chargeur de vid\u00e9os Instagram\u00a0?<\/h3>\n\n\n\n<p>Instagram ne propose pas d&#039;option int\u00e9gr\u00e9e pour t\u00e9l\u00e9charger des vid\u00e9os video directement depuis la plateforme. C&#039;est pourquoi nous avons cr\u00e9\u00e9 un outil en ligne gratuit et convivial qui vous permet de sauvegarder vos vid\u00e9os video Instagram pr\u00e9f\u00e9r\u00e9es pour les consulter hors ligne. Aucun compte, abonnement ou application n&#039;est requis\u00a0: copiez simplement le lien video, ouvrez le site web de t\u00e9l\u00e9chargement UnduhVideoIg, collez-le dans le champ ci-dessus et cliquez sur \u00ab\u00a0T\u00e9l\u00e9charger\u00a0\u00bb. C&#039;est aussi simple que \u00e7a.<\/p>","protected":false},"excerpt":{"rendered":"<p>Instagram Video Downloader Download Videos from Instagram Download With the usage of our service, you\u2019re accepting our Terms of Usage. Download Instagram Videos Want to save videos from Instagram for offline viewing? With UnduhVideoIg, you can download Instagram videos online in just a few clicks \u2014 free, fast, and without watermarks. Whether it&#8217;s a viral [&hellip;]<\/p>\n","protected":false},"author":1,"featured_media":0,"parent":0,"menu_order":0,"comment_status":"closed","ping_status":"closed","template":"","meta":{"slim_seo":{"title":"T\u00e9l\u00e9chargement de vid\u00e9os Instagram \u2013 T\u00e9l\u00e9chargeur de vid\u00e9os Instagram","description":"T\u00e9l\u00e9chargez gratuitement des video Instagram sans filigrane en qualit\u00e9 HD. Enregistrez vos video Instagram pr\u00e9f\u00e9r\u00e9s rapidement, facilement et sans application suppl\u00e9mentaire\u00a0!"},"footnotes":""},"class_list":["post-246","page","type-page","status-publish","hentry"],"blocksy_meta":{"background":{"background_type":"color","background_pattern":"type-1","background_image":{"attachment_id":null,"x":0,"y":0},"gradient":"linear-gradient(135deg,rgba(6,147,227,1) 0%,rgb(155,81,224) 100%)","background_repeat":"repeat","background_size":"auto","background_attachment":"scroll","patternColor":{"default":{"color":"#e5e7ea"}},"overlayColor":{"default":{"color":"CT_CSS_SKIP_RULE"}},"backgroundColor":{"default":{"color":"CT_CSS_SKIP_RULE"}}},"styles_descriptor":{"styles":{"desktop":"[data-prefix=\"single_page\"] [class*=\"ct-container\"] > article[class*=\"post\"] {--has-boxed:var(--false);--has-wide:var(--true);}","tablet":"","mobile":""},"google_fonts":[],"version":6},"content_style_source":"custom","content_style":"wide","has_hero_section":"disabled"},"_links":{"self":[{"href":"https:\/\/unduhvideoig.app\/fr\/wp-json\/wp\/v2\/pages\/246","targetHints":{"allow":["GET"]}}],"collection":[{"href":"https:\/\/unduhvideoig.app\/fr\/wp-json\/wp\/v2\/pages"}],"about":[{"href":"https:\/\/unduhvideoig.app\/fr\/wp-json\/wp\/v2\/types\/page"}],"author":[{"embeddable":true,"href":"https:\/\/unduhvideoig.app\/fr\/wp-json\/wp\/v2\/users\/1"}],"replies":[{"embeddable":true,"href":"https:\/\/unduhvideoig.app\/fr\/wp-json\/wp\/v2\/comments?post=246"}],"version-history":[{"count":33,"href":"https:\/\/unduhvideoig.app\/fr\/wp-json\/wp\/v2\/pages\/246\/revisions"}],"predecessor-version":[{"id":663,"href":"https:\/\/unduhvideoig.app\/fr\/wp-json\/wp\/v2\/pages\/246\/revisions\/663"}],"wp:attachment":[{"href":"https:\/\/unduhvideoig.app\/fr\/wp-json\/wp\/v2\/media?parent=246"}],"curies":[{"name":"wp","href":"https:\/\/api.w.org\/{rel}","templated":true}]}}