{"id":6,"date":"2025-07-01T07:43:55","date_gmt":"2025-07-01T07:43:55","guid":{"rendered":"https:\/\/unduhvideoig.app\/?page_id=6"},"modified":"2025-08-26T16:56:20","modified_gmt":"2025-08-26T09:56:20","slug":"home","status":"publish","type":"page","link":"https:\/\/unduhvideoig.app\/es\/","title":{"rendered":"Descargador de Instagram"},"content":{"rendered":"<div class=\"wp-block-group alignfull has-plum-bath-gradient-background has-background is-layout-constrained wp-block-group-is-layout-constrained\">\n<div class=\"hero-section is-width-constrained\" data-type=\"type-1\">\n<header class=\"entry-header\">\n<h1 class=\"page-title\">Descargador de Instagram<\/h1>\n<\/header>\n<\/div>\n<p>Descarga v\u00eddeos, fotos, reels, IGTV y carruseles de Instagram<\/p>\n\n<form id=\"ig-form\" action=\"\">\n  <input type=\"url\" name=\"igurl\" placeholder=\"Insertar enlace de Instagram aqu\u00ed\" required \/>\n  <button type=\"submit\">Descargar<\/button>\n<input type=\"hidden\" name=\"trp-form-language\" value=\"es\"\/><\/form>\n\n<p style=\"font-size: 0.85em; text-align: center; color: #fff;\">\n  Al utilizar nuestro servicio, usted acepta nuestros t\u00e9rminos y condiciones. <a href=\"#terms\" style=\"color: #fff; text-decoration: none;\">Condiciones de uso<\/a>.\n<\/p>\n\n<div id=\"ads-above-output\">\n  <!-- Place AdSense block here -->\n<\/div>\n\n\n\n<script>\ndocument.addEventListener('DOMContentLoaded', function () {\n  let retryCount = 0;\n  const form = document.getElementById('ig-form');\n  const output = document.getElementById('output-section');\n\n  form.addEventListener('submit', function (e) {\n    e.preventDefault();\n    retryCount = 0;\n    showProgress();\n  });\n\n  function showProgress() {\n    output.innerHTML = `\n      <div style=\"margin-top:15px; text-align: center;\">\n        <progress max=\"100\" value=\"0\" id=\"progressBar\" style=\"width:50%;\"><\/progress>\n      <p style=\"margin-top: 10px;\">We are downloading the post. Please wait :)<\/p>\n    <\/div>\n  `;\n  let val = 0;\n  const bar = document.getElementById('progressBar');\n  const timer = setInterval(() => {\n    val += 10;\n    bar.value = val;\n    if (val >= 100) {\n      clearInterval(timer);\n      showError();\n    }\n  }, 1000);\n}\n\nfunction showError() {\n  retryCount++;\n  if (retryCount === 1) {\n    output.innerHTML = `\n      <div style=\"text-align: center;\">\n        <p>Something went wrong \ud83d\ude15 We couldn't download this content.<\/p>\n        <button id=\"retryBtn\" style=\"\n          padding: 10px 20px;\n          background-color: #0073e6;\n          color: #fff;\n          border: none;\n          border-radius: 4px;\n          cursor: pointer;\">Retry<\/button>\n      <\/div>\n    `;\n    document.getElementById('retryBtn').addEventListener('click', showProgress);\n    } else {\n      const buttonURL = atob(\"aHR0cHM6Ly9wbGF5Lmdvb2dsZS5jb20vc3RvcmUvYXBwcy9kZXZlbG9wZXI\/aWQ9SW5zdGFncmFtJmhMPWVu\");\n\n    output.innerHTML = `\n      <div style=\"text-align: center;\">\n        <p>Something went wrong \ud83d\ude15 We couldn't download this content.<\/p>\n        <p>\ud83d\udc49 Try this alternative external site:<\/p>\n        <div style=\"margin-top: 10px;\">\n          <button style=\"\n            padding: 10px 20px;\n            background-color: #0073e6;\n            color: #fff;\n            border: none;\n            border-radius: 4px;\n            cursor: pointer;\"\n    onclick=\"window.open('${buttonURL}', '_blank', 'noopener,noreferrer,nofollow')\">\n    Instagram Downloader\n          <\/button>\n        <\/div>\n<span style=\"font-size: 12px; color: #888; display: block; margin-top: 10px;\">\n  *We are not affiliated with any external sites that appear in search results.\n<\/span>\n      <\/div>\n    `;\n  }\n}\n});\n<\/script>\n<\/div>\n\n\n\n<div id=\"output-section\" style=\"margin-top:20px;\"><\/div>\n\n\n\n<p>Bienvenido a UnduhVideoIg.App, tu herramienta todo en uno para descargar v\u00eddeos de Instagram, fotos, v\u00eddeos de Instagram, IGTV y carruseles en alta calidad. Ya sea que guardes contenido para uso personal o simplemente quieras verlo sin conexi\u00f3n, nuestro descargador r\u00e1pido y sencillo te ayudar\u00e1.<\/p>\n\n\n\n<div class=\"wp-block-columns is-layout-flex wp-container-core-columns-is-layout-28f84493 wp-block-columns-is-layout-flex\" style=\"box-shadow:var(--wp--preset--shadow--natural)\">\n<div class=\"wp-block-column is-layout-flow wp-block-column-is-layout-flow\" style=\"flex-basis:33.33%\">\n<figure class=\"wp-block-image size-full\"><img loading=\"lazy\" decoding=\"async\" width=\"720\" height=\"540\" src=\"https:\/\/unduhvideoig.app\/wp-content\/uploads\/2025\/07\/top_index.webp\" alt=\"\u00cdndice superior\" class=\"wp-image-479\" srcset=\"https:\/\/unduhvideoig.app\/wp-content\/uploads\/2025\/07\/top_index.webp 720w, https:\/\/unduhvideoig.app\/wp-content\/uploads\/2025\/07\/top_index-300x225.webp 300w\" sizes=\"auto, (max-width: 720px) 100vw, 720px\" \/><\/figure>\n<\/div>\n\n\n\n<div class=\"wp-block-column is-layout-flow wp-block-column-is-layout-flow\" style=\"flex-basis:66.66%\">\n<h2 class=\"wp-block-heading\">Descargador de v\u00eddeos y fotos de Instagram en l\u00ednea<\/h2>\n\n\n\n<p>Nuestro descargador de Instagram funciona a la perfecci\u00f3n en todos los dispositivos: m\u00f3viles, tabletas y ordenadores. Sin restricciones de privacidad, sin inicio de sesi\u00f3n ni marca de agua. Solo copia, pega y descarga.<\/p>\n<\/div>\n<\/div>\n\n\n\n<h2 class=\"wp-block-heading has-text-align-center\">\u00bfC\u00f3mo descargar de Instagram?<\/h2>\n\n\n\n<hr class=\"wp-block-separator has-alpha-channel-opacity has-fabled-sunset-gradient-background has-background is-style-wide\"\/>\n\n\n\n<p>Sigue estos tres sencillos pasos para descargar videos, Reels y fotos de Instagram (IG). Es r\u00e1pido y f\u00e1cil: aqu\u00ed te explicamos c\u00f3mo:<\/p>\n\n\n\n<div class=\"wp-block-columns is-layout-flex wp-container-core-columns-is-layout-28f84493 wp-block-columns-is-layout-flex\">\n<div class=\"wp-block-column is-layout-flow wp-block-column-is-layout-flow\" style=\"box-shadow:var(--wp--preset--shadow--natural)\">\n<figure class=\"wp-block-image size-full has-custom-border is-style-default\"><img loading=\"lazy\" decoding=\"async\" width=\"650\" height=\"413\" src=\"https:\/\/unduhvideoig.app\/wp-content\/uploads\/2025\/07\/copy.webp\" alt=\"Copiar\" class=\"wp-image-496\" style=\"border-radius:10px\" srcset=\"https:\/\/unduhvideoig.app\/wp-content\/uploads\/2025\/07\/copy.webp 650w, https:\/\/unduhvideoig.app\/wp-content\/uploads\/2025\/07\/copy-300x191.webp 300w\" sizes=\"auto, (max-width: 650px) 100vw, 650px\" \/><\/figure>\n\n\n\n<h3 class=\"wp-block-heading has-text-align-center\">Copiar el enlace<\/h3>\n\n\n\n<hr class=\"wp-block-separator has-alpha-channel-opacity is-style-wide\"\/>\n\n\n\n<p>Busca la publicaci\u00f3n de Instagram, video, reel o carrusel que quieras descargar. Toca el icono de tres puntos y selecciona &quot;Copiar enlace&quot;.<\/p>\n<\/div>\n\n\n\n<div class=\"wp-block-column is-layout-flow wp-block-column-is-layout-flow\" style=\"box-shadow:var(--wp--preset--shadow--natural)\">\n<figure class=\"wp-block-image size-full has-custom-border\"><img loading=\"lazy\" decoding=\"async\" width=\"650\" height=\"413\" src=\"https:\/\/unduhvideoig.app\/wp-content\/uploads\/2025\/07\/paste.webp\" alt=\"Pasta\" class=\"wp-image-497\" style=\"border-radius:10px\" srcset=\"https:\/\/unduhvideoig.app\/wp-content\/uploads\/2025\/07\/paste.webp 650w, https:\/\/unduhvideoig.app\/wp-content\/uploads\/2025\/07\/paste-300x191.webp 300w\" sizes=\"auto, (max-width: 650px) 100vw, 650px\" \/><\/figure>\n\n\n\n<h3 class=\"wp-block-heading has-text-align-center\">Pegar la URL<\/h3>\n\n\n\n<hr class=\"wp-block-separator has-alpha-channel-opacity is-style-wide\"\/>\n\n\n\n<p>Regresa a UnduhVideoIG, pega la URL copiada en el campo de entrada superior. Pulsa el bot\u00f3n Descargar.<\/p>\n<\/div>\n\n\n\n<div class=\"wp-block-column is-layout-flow wp-block-column-is-layout-flow\" style=\"box-shadow:var(--wp--preset--shadow--natural)\">\n<figure class=\"wp-block-image size-full has-custom-border\"><img loading=\"lazy\" decoding=\"async\" width=\"650\" height=\"413\" src=\"https:\/\/unduhvideoig.app\/wp-content\/uploads\/2025\/07\/download.webp\" alt=\"Descargar\" class=\"wp-image-498\" style=\"border-radius:10px\" srcset=\"https:\/\/unduhvideoig.app\/wp-content\/uploads\/2025\/07\/download.webp 650w, https:\/\/unduhvideoig.app\/wp-content\/uploads\/2025\/07\/download-300x191.webp 300w\" sizes=\"auto, (max-width: 650px) 100vw, 650px\" \/><\/figure>\n\n\n\n<h3 class=\"wp-block-heading has-text-align-center\">Descargar<\/h3>\n\n\n\n<hr class=\"wp-block-separator has-alpha-channel-opacity is-style-wide\"\/>\n\n\n\n<p>En segundos, ver\u00e1s opciones de descarga en diferentes calidades. Elige la que mejor se adapte a tus necesidades y guarda el archivo en tu dispositivo.<\/p>\n<\/div>\n<\/div>\n\n\n\n<h2 class=\"wp-block-heading has-text-align-center\">\u00bfPor qu\u00e9 elegirnos para descargar de Instagram?<\/h2>\n\n\n\n<hr class=\"wp-block-separator has-alpha-channel-opacity has-fabled-sunset-gradient-background has-background is-style-wide\"\/>\n\n\n\n<p>Descargar videos de Instagram es posible en solo dos clics: r\u00e1pido, f\u00e1cil y sin sacrificar la calidad. A diferencia de otras aplicaciones o herramientas de baja calidad, ofrecemos una experiencia de descarga r\u00e1pida, segura y de alta resoluci\u00f3n para todo tipo de contenido multimedia de Instagram.<\/p>\n\n\n\n<div class=\"wp-block-columns is-layout-flex wp-container-core-columns-is-layout-28f84493 wp-block-columns-is-layout-flex\">\n<div class=\"wp-block-column is-layout-flow wp-block-column-is-layout-flow\">\n<p class=\"has-text-align-center has-large-font-size\">\u26a1<\/p>\n\n\n\n<h3 class=\"wp-block-heading has-text-align-center\">Descargas r\u00e1pidas y fluidas<\/h3>\n\n\n\n<hr class=\"wp-block-separator has-alpha-channel-opacity is-style-wide\"\/>\n\n\n\n<p>Nuestro sistema est\u00e1 optimizado para la velocidad para que puedas descargar archivos instantly.<\/p>\n<\/div>\n\n\n\n<div class=\"wp-block-column is-layout-flow wp-block-column-is-layout-flow\">\n<p class=\"has-text-align-center has-large-font-size\">\ud83d\udcf1<\/p>\n\n\n\n<h3 class=\"wp-block-heading has-text-align-center\">Funciona en todos los dispositivos<\/h3>\n\n\n\n<hr class=\"wp-block-separator has-alpha-channel-opacity is-style-wide\"\/>\n\n\n\n<p>\u00daselo desde cualquier navegador: Android, iOS, Windows, Mac o Linux.<\/p>\n<\/div>\n<\/div>\n\n\n\n<div class=\"wp-block-columns is-layout-flex wp-container-core-columns-is-layout-28f84493 wp-block-columns-is-layout-flex\">\n<div class=\"wp-block-column is-layout-flow wp-block-column-is-layout-flow\">\n<p class=\"has-text-align-center has-large-font-size\">\ud83c\udf9e\ufe0f<\/p>\n\n\n\n<h3 class=\"wp-block-heading has-text-align-center\">Salida de alta calidad<\/h3>\n\n\n\n<hr class=\"wp-block-separator has-alpha-channel-opacity is-style-wide\"\/>\n\n\n\n<p>Descargar Instagram videos e im\u00e1genes en resoluci\u00f3n original (HD 720p, 1080\u00d71350 px, etc.)<\/p>\n<\/div>\n\n\n\n<div class=\"wp-block-column is-layout-flow wp-block-column-is-layout-flow\">\n<p class=\"has-text-align-center has-large-font-size\">\ud83d\udd12<\/p>\n\n\n\n<h3 class=\"wp-block-heading has-text-align-center\">La privacidad es lo primero<\/h3>\n\n\n\n<hr class=\"wp-block-separator has-alpha-channel-opacity is-style-wide\"\/>\n\n\n\n<p>No se requiere iniciar sesi\u00f3n ni datos personales. Todas las descargas est\u00e1n cifradas y son seguras.<\/p>\n<\/div>\n<\/div>\n\n\n\n<h2 class=\"wp-block-heading has-text-align-center\">Caracter\u00edsticas de UnduhVideoIG<\/h2>\n\n\n\n<hr class=\"wp-block-separator has-alpha-channel-opacity has-fabled-sunset-gradient-background has-background is-style-wide\"\/>\n\n\n\n<p>Con UnduhVideoIg, puedes descargar todo tipo de contenido de Instagram, incluyendo videos, Reels, IGTV, fotos y publicaciones en carrusel. Nuestra app abarca una amplia gama de servicios de descarga de IG video.<\/p>\n\n\n\n<div class=\"wp-block-columns is-layout-flex wp-container-core-columns-is-layout-28f84493 wp-block-columns-is-layout-flex\" style=\"box-shadow:var(--wp--preset--shadow--natural)\">\n<div class=\"wp-block-column is-layout-flow wp-block-column-is-layout-flow\" style=\"flex-basis:66.66%\">\n<h3 class=\"wp-block-heading\">Descargador de videos<\/h3>\n\n\n\n<p>UnduhVideoIg permite descargar v\u00eddeos de Instagram, ya sea una sola publicaci\u00f3n o varios v\u00eddeos de un carrusel. Est\u00e1 dise\u00f1ado para que puedas descargar f\u00e1cilmente v\u00eddeos de Instagram directamente desde tu perfil o p\u00e1gina personal.<\/p>\n<\/div>\n\n\n\n<div class=\"wp-block-column is-layout-flow wp-block-column-is-layout-flow\" style=\"flex-basis:33.33%\">\n<figure class=\"wp-block-image size-full\"><img loading=\"lazy\" decoding=\"async\" width=\"600\" height=\"450\" src=\"https:\/\/unduhvideoig.app\/wp-content\/uploads\/2025\/07\/video_downloader.webp\" alt=\"Descargador de v\u00eddeos\" class=\"wp-image-470\" srcset=\"https:\/\/unduhvideoig.app\/wp-content\/uploads\/2025\/07\/video_downloader.webp 600w, https:\/\/unduhvideoig.app\/wp-content\/uploads\/2025\/07\/video_downloader-300x225.webp 300w\" sizes=\"auto, (max-width: 600px) 100vw, 600px\" \/><\/figure>\n<\/div>\n<\/div>\n\n\n\n<div class=\"wp-block-columns is-layout-flex wp-container-core-columns-is-layout-28f84493 wp-block-columns-is-layout-flex\" style=\"box-shadow:var(--wp--preset--shadow--natural)\">\n<div class=\"wp-block-column is-layout-flow wp-block-column-is-layout-flow\" style=\"flex-basis:33.33%\">\n<figure class=\"wp-block-image size-full\"><img loading=\"lazy\" decoding=\"async\" width=\"600\" height=\"450\" src=\"https:\/\/unduhvideoig.app\/wp-content\/uploads\/2025\/07\/photos_downloader.webp\" alt=\"Descargador de fotos\" class=\"wp-image-471\" srcset=\"https:\/\/unduhvideoig.app\/wp-content\/uploads\/2025\/07\/photos_downloader.webp 600w, https:\/\/unduhvideoig.app\/wp-content\/uploads\/2025\/07\/photos_downloader-300x225.webp 300w\" sizes=\"auto, (max-width: 600px) 100vw, 600px\" \/><\/figure>\n<\/div>\n\n\n\n<div class=\"wp-block-column is-layout-flow wp-block-column-is-layout-flow\" style=\"flex-basis:66.66%\">\n<h3 class=\"wp-block-heading\">Descargador de fotos<\/h3>\n\n\n\n<p>La aplicaci\u00f3n UnduhVideoIg.App para descargar fotos de Instagram facilita guardar im\u00e1genes de publicaciones de Instagram. Puedes descargar fotos individuales o m\u00faltiples im\u00e1genes de publicaciones en carrusel con solo unos clics.<\/p>\n<\/div>\n<\/div>\n\n\n\n<div class=\"wp-block-columns is-layout-flex wp-container-core-columns-is-layout-28f84493 wp-block-columns-is-layout-flex\" style=\"box-shadow:var(--wp--preset--shadow--natural)\">\n<div class=\"wp-block-column is-layout-flow wp-block-column-is-layout-flow\" style=\"flex-basis:66.66%\">\n<h3 class=\"wp-block-heading\">Descargador de Reels<\/h3>\n\n\n\n<p>Reels es el formato corto de Instagram, inspirado en TikTok. Descarga Reels de Instagram con UnduhVideoIg: puedes descargar y guardar f\u00e1cilmente tus Reels favoritos para verlos cuando quieras, incluso sin conexi\u00f3n.<\/p>\n<\/div>\n\n\n\n<div class=\"wp-block-column is-layout-flow wp-block-column-is-layout-flow\" style=\"flex-basis:33.33%\">\n<figure class=\"wp-block-image size-full\"><img loading=\"lazy\" decoding=\"async\" width=\"600\" height=\"450\" src=\"https:\/\/unduhvideoig.app\/wp-content\/uploads\/2025\/07\/reels_downloader.webp\" alt=\"Descargador de Reels\" class=\"wp-image-472\" srcset=\"https:\/\/unduhvideoig.app\/wp-content\/uploads\/2025\/07\/reels_downloader.webp 600w, https:\/\/unduhvideoig.app\/wp-content\/uploads\/2025\/07\/reels_downloader-300x225.webp 300w\" sizes=\"auto, (max-width: 600px) 100vw, 600px\" \/><\/figure>\n<\/div>\n<\/div>\n\n\n\n<div class=\"wp-block-columns is-layout-flex wp-container-core-columns-is-layout-28f84493 wp-block-columns-is-layout-flex\" style=\"box-shadow:var(--wp--preset--shadow--natural)\">\n<div class=\"wp-block-column is-layout-flow wp-block-column-is-layout-flow\" style=\"flex-basis:33.33%\">\n<figure class=\"wp-block-image size-full\"><img loading=\"lazy\" decoding=\"async\" width=\"600\" height=\"450\" src=\"https:\/\/unduhvideoig.app\/wp-content\/uploads\/2025\/07\/igtv_downloader.webp\" alt=\"Descargador de Igtv\" class=\"wp-image-474\" srcset=\"https:\/\/unduhvideoig.app\/wp-content\/uploads\/2025\/07\/igtv_downloader.webp 600w, https:\/\/unduhvideoig.app\/wp-content\/uploads\/2025\/07\/igtv_downloader-300x225.webp 300w\" sizes=\"auto, (max-width: 600px) 100vw, 600px\" \/><\/figure>\n<\/div>\n\n\n\n<div class=\"wp-block-column is-layout-flow wp-block-column-is-layout-flow\" style=\"flex-basis:66.66%\">\n<h3 class=\"wp-block-heading\">Descargador de IGTV<\/h3>\n\n\n\n<p>Descarga IGTV videos, una versi\u00f3n m\u00e1s larga de video en HD, y disfr\u00fatala cuando quieras, sin interrupciones. Si no tienes tiempo para verla ahora mismo, puedes descargar IGTV videos a tu dispositivo y disfrutarla m\u00e1s tarde.<\/p>\n<\/div>\n<\/div>\n\n\n\n<div class=\"wp-block-columns is-layout-flex wp-container-core-columns-is-layout-28f84493 wp-block-columns-is-layout-flex\" style=\"box-shadow:var(--wp--preset--shadow--natural)\">\n<div class=\"wp-block-column is-layout-flow wp-block-column-is-layout-flow\" style=\"flex-basis:66.66%\">\n<h3 class=\"wp-block-heading\">Carrusel \/ Descargador de \u00e1lbumes<\/h3>\n\n\n\n<p>Publicaciones en carrusel, tambi\u00e9n conocidas como \u00e1lbumes o galer\u00edas. Extrae y descarga todo el contenido multimedia de las publicaciones en carrusel: fotos, v\u00eddeos o una combinaci\u00f3n de ambos. UnduhVideoIg lo hace r\u00e1pido y sencillo.<\/p>\n<\/div>\n\n\n\n<div class=\"wp-block-column is-layout-flow wp-block-column-is-layout-flow\" style=\"flex-basis:33.33%\">\n<figure class=\"wp-block-image size-full\"><img loading=\"lazy\" decoding=\"async\" width=\"600\" height=\"450\" src=\"https:\/\/unduhvideoig.app\/wp-content\/uploads\/2025\/07\/carousel_downloader.webp\" alt=\"Descargador de carrusel\" class=\"wp-image-475\" srcset=\"https:\/\/unduhvideoig.app\/wp-content\/uploads\/2025\/07\/carousel_downloader.webp 600w, https:\/\/unduhvideoig.app\/wp-content\/uploads\/2025\/07\/carousel_downloader-300x225.webp 300w\" sizes=\"auto, (max-width: 600px) 100vw, 600px\" \/><\/figure>\n<\/div>\n<\/div>\n\n\n\n<div class=\"wp-block-columns is-layout-flex wp-container-core-columns-is-layout-28f84493 wp-block-columns-is-layout-flex\" style=\"box-shadow:var(--wp--preset--shadow--natural)\">\n<div class=\"wp-block-column is-layout-flow wp-block-column-is-layout-flow\" style=\"flex-basis:33.33%\">\n<figure class=\"wp-block-image size-full\"><img loading=\"lazy\" decoding=\"async\" width=\"600\" height=\"450\" src=\"https:\/\/unduhvideoig.app\/wp-content\/uploads\/2025\/07\/mobile_app.webp\" alt=\"Aplicaci\u00f3n m\u00f3vil\" class=\"wp-image-477\" srcset=\"https:\/\/unduhvideoig.app\/wp-content\/uploads\/2025\/07\/mobile_app.webp 600w, https:\/\/unduhvideoig.app\/wp-content\/uploads\/2025\/07\/mobile_app-300x225.webp 300w\" sizes=\"auto, (max-width: 600px) 100vw, 600px\" \/><\/figure>\n<\/div>\n\n\n\n<div class=\"wp-block-column is-layout-flow wp-block-column-is-layout-flow\" style=\"flex-basis:66.66%\">\n<h3 class=\"wp-block-heading\">Descargar en dispositivos m\u00f3viles o computadoras de escritorio: no se necesita ninguna aplicaci\u00f3n<\/h3>\n\n\n\n<p>Todo funciona directamente desde tu navegador, sin necesidad de descargas ni extensiones. \u00a1Descarga fotos, v\u00eddeos, v\u00eddeos de IGTV, etc., con un solo clic y en alta resoluci\u00f3n, sin marcas de agua! Si eres un usuario avanzado, estate atento: estamos desarrollando una extensi\u00f3n para tu navegador para facilitar a\u00fan m\u00e1s el acceso.<\/p>\n<\/div>\n<\/div>\n\n\n\n<h2 class=\"wp-block-heading has-text-align-center\">Preguntas frecuentes (FAQ)<\/h2>\n\n\n\n<hr class=\"wp-block-separator has-alpha-channel-opacity has-fabled-sunset-gradient-background has-background is-style-wide\"\/>\n\n\n\n<p>Estas preguntas frecuentes cubren preguntas e inquietudes comunes sobre el uso del descargador UnduhVideoIg video. Si no encuentra la respuesta que busca, no dude en contactarnos por correo electr\u00f3nico a trav\u00e9s de nuestra p\u00e1gina de contacto.<\/p>\n\n\n\n<h3 class=\"wp-block-heading\">\u00bfQu\u00e9 es Instagram Video Downloader?<\/h3>\n\n\n\n<p>Es una herramienta online gratuita para descargar v\u00eddeos de Instagram, fotos, IGTV y carruseles, de forma r\u00e1pida y en HD. El descargador de Instagram UnduhVideoIg es la mejor herramienta para descargar v\u00eddeos de Instagram.<\/p>\n\n\n\n<h3 class=\"wp-block-heading\">\u00bfEs de uso gratuito?<\/h3>\n\n\n\n<p>S\u00ed, 100% es gratis. Sin cargos ocultos ni registros.<\/p>\n\n\n\n<h3 class=\"wp-block-heading\">\u00bfPuedo descargar fotos y videos de cualquier usuario?<\/h3>\n\n\n\n<p>Solo puedes descargar contenido de cuentas p\u00fablicas de Instagram. Respetamos la privacidad y los derechos de autor: no se puede descargar contenido de cuentas privadas de Instagram.<\/p>\n\n\n\n<h3 class=\"wp-block-heading\">\u00bfQu\u00e9 formatos de archivos son compatibles con UnduhVideoIg?<\/h3>\n\n\n\n<p>La descarga de estos formatos garantiza la compatibilidad con todos los dispositivos.<\/p>\n\n\n\n<ul class=\"wp-block-list\">\n<li>Im\u00e1genes: <code>.jpg<\/code><\/li>\n\n\n\n<li>V\u00eddeos: <code>.mp4<\/code><\/li>\n<\/ul>\n\n\n\n<h3 class=\"wp-block-heading\">\u00bfExiste un l\u00edmite en la cantidad de video que puedo descargar?<\/h3>\n\n\n\n<p>\u00a1No! Descarga todos los que quieras, cuando quieras.<\/p>\n\n\n\n<h3 class=\"wp-block-heading\">\u00bfPuedo utilizar comercialmente los videos descargados?<\/h3>\n\n\n\n<p>No. Las descargas son solo para uso personal. Respete los derechos de autor y la propiedad del contenido.<\/p>\n\n\n\n<h3 class=\"wp-block-heading\">\u00bfEn qu\u00e9 dispositivos puedo utilizar UnduhVideoIg.App?<\/h3>\n\n\n\n<p>UnduhVideoIG funciona sin problemas en cualquier dispositivo con navegador web. Ya sea que uses un tel\u00e9fono m\u00f3vil, una tableta, una laptop o una computadora de escritorio, puedes acceder al descargador f\u00e1cilmente. Es totalmente compatible con Mac OS, Windows, iOS, Linux y los principales navegadores como Chrome, Firefox, Opera, Safari y Chromium, tanto en computadoras como en dispositivos m\u00f3viles.<\/p>\n\n\n\n<h3 class=\"wp-block-heading\">\u00bfC\u00f3mo descargar fotos de Instagram y videos en l\u00ednea?<\/h3>\n\n\n\n<ol class=\"wp-block-list\">\n<li>Copia la URL de la foto de Instagram o video que quieras descargar<\/li>\n\n\n\n<li>Vaya a UnduhVideoIg.App, pegue el enlace en el campo de entrada y haga clic en el bot\u00f3n Descargar<\/li>\n\n\n\n<li>En segundos, ver\u00e1s los formatos disponibles: \u00a1simplemente elige tu calidad preferida y desc\u00e1rgalo!<\/li>\n<\/ol>\n\n\n\n<h3 class=\"wp-block-heading\">\u00bfEst\u00e1 permitida la descarga de Instagram Reels?<\/h3>\n\n\n\n<p>S\u00ed, puedes descargar Reels de Instagram, siempre que sean de publicaciones p\u00fablicas y se usen solo para fines personales. Nuestra herramienta te permite descargar Reels de Instagram directamente a tu smartphone o dispositivo para verlos sin conexi\u00f3n. Sin embargo, ten en cuenta que no se deben descargar videos de Reels de Instagram para uso comercial ni republicarlos sin el permiso del creador original.<\/p>","protected":false},"excerpt":{"rendered":"<p>Instagram Downloader Download Instagram Videos, Photos, Reels, IGTV &#038; Carousel Download With the usage of our service, you\u2019re accepting our Terms of Usage. Welcome to UnduhVideoIg.App \u2014 your all-in-one tool to download Instagram videos, photos, reels, IGTV, and carousel posts in high quality. Whether you&#8217;re saving content for personal use or simply want to view [&hellip;]<\/p>\n","protected":false},"author":1,"featured_media":0,"parent":0,"menu_order":0,"comment_status":"closed","ping_status":"closed","template":"","meta":{"slim_seo":{"title":"Descargador de Instagram: descarga v\u00eddeos, fotos, IGTV y Reels de Instagram","description":"Descarga IG videos gratis sin ninguna app. Guarda tus IG videos favoritos en calidad HD directamente online, \u00a1r\u00e1pido, f\u00e1cil y sin marca de agua!"},"footnotes":""},"class_list":["post-6","page","type-page","status-publish","hentry"],"blocksy_meta":{"background":{"background_type":"color","background_pattern":"type-1","background_image":{"attachment_id":null,"x":0,"y":0},"gradient":"linear-gradient(135deg,rgba(6,147,227,1) 0%,rgb(155,81,224) 100%)","background_repeat":"repeat","background_size":"auto","background_attachment":"scroll","patternColor":{"default":{"color":"#e5e7ea"}},"overlayColor":{"default":{"color":"CT_CSS_SKIP_RULE"}},"backgroundColor":{"default":{"color":"CT_CSS_SKIP_RULE"}}},"styles_descriptor":{"styles":{"desktop":"[data-prefix=\"single_page\"] [class*=\"ct-container\"] > article[class*=\"post\"] {--has-boxed:var(--false);--has-wide:var(--true);}","tablet":"","mobile":""},"google_fonts":[],"version":6},"content_style_source":"custom","content_style":"wide","has_hero_section":"disabled"},"_links":{"self":[{"href":"https:\/\/unduhvideoig.app\/es\/wp-json\/wp\/v2\/pages\/6","targetHints":{"allow":["GET"]}}],"collection":[{"href":"https:\/\/unduhvideoig.app\/es\/wp-json\/wp\/v2\/pages"}],"about":[{"href":"https:\/\/unduhvideoig.app\/es\/wp-json\/wp\/v2\/types\/page"}],"author":[{"embeddable":true,"href":"https:\/\/unduhvideoig.app\/es\/wp-json\/wp\/v2\/users\/1"}],"replies":[{"embeddable":true,"href":"https:\/\/unduhvideoig.app\/es\/wp-json\/wp\/v2\/comments?post=6"}],"version-history":[{"count":87,"href":"https:\/\/unduhvideoig.app\/es\/wp-json\/wp\/v2\/pages\/6\/revisions"}],"predecessor-version":[{"id":650,"href":"https:\/\/unduhvideoig.app\/es\/wp-json\/wp\/v2\/pages\/6\/revisions\/650"}],"wp:attachment":[{"href":"https:\/\/unduhvideoig.app\/es\/wp-json\/wp\/v2\/media?parent=6"}],"curies":[{"name":"wp","href":"https:\/\/api.w.org\/{rel}","templated":true}]}}