{"id":393,"date":"2025-07-09T15:05:57","date_gmt":"2025-07-09T08:05:57","guid":{"rendered":"https:\/\/unduhvideoig.app\/?page_id=393"},"modified":"2025-08-26T17:12:23","modified_gmt":"2025-08-26T10:12:23","slug":"faq","status":"publish","type":"page","link":"https:\/\/unduhvideoig.app\/es\/faq\/","title":{"rendered":"FAQ \u2013 Preguntas frecuentes"},"content":{"rendered":"<hr class=\"wp-block-separator has-alpha-channel-opacity has-fabled-sunset-gradient-background has-background is-style-wide\"\/>\n\n\n\n<p>Bienvenido a la secci\u00f3n de preguntas frecuentes de UnduhVideoIG.App, tu sitio ideal para encontrar respuestas sobre c\u00f3mo descargar fotos de Instagram, Reels, Stories, IGTV y publicaciones en carrusel. A continuaci\u00f3n, encontrar\u00e1s respuestas claras y detalladas a las preguntas m\u00e1s frecuentes sobre nuestra herramienta gratuita de descarga de Instagram.<\/p>\n\n\n\n<h3 class=\"wp-block-heading\">\u00bfQu\u00e9 es UnduhVideoIG.App y por qu\u00e9 lo necesito?<\/h3>\n\n\n\n<p>UnduhVideoIG.App es una herramienta online gratuita que te permite descargar contenido de Instagram, incluyendo fotos, videos, reels, historias, IGTV y publicaciones en carrusel. Ya sea que guardes recuerdos, organices contenido o hagas copias de seguridad de tus publicaciones, nuestra herramienta te ofrece una forma r\u00e1pida y fiable de descargar videos e im\u00e1genes para usar sin conexi\u00f3n.<\/p>\n\n\n\n<h3 class=\"wp-block-heading\">\u00bfCu\u00e1les son las principales ventajas de utilizar UnduhVideoIG?<\/h3>\n\n\n\n<ul class=\"wp-block-list\">\n<li>No se necesita instalaci\u00f3n: 100% basado en la web, funciona en cualquier navegador<\/li>\n\n\n\n<li>Descarga fotos, reels, video y carruseles de cuentas p\u00fablicas de Instagram<\/li>\n\n\n\n<li>R\u00e1pido y liviano: simplemente pegue el enlace y haga clic en Descargar<\/li>\n\n\n\n<li>Conserva la calidad original: sin compresi\u00f3n ni marcas de agua<\/li>\n\n\n\n<li>Compatible con todos los dispositivos y sistemas operativos.<\/li>\n\n\n\n<li>Seguro y privado: no rastreamos ni almacenamos ninguna descarga<\/li>\n<\/ul>\n\n\n\n<h3 class=\"wp-block-heading\">\u00bfD\u00f3nde se almacenan los archivos descargados?<\/h3>\n\n\n\n<p>Los archivos descargados se guardan en la carpeta de descargas predeterminada de su navegador.<br>Normalmente puedes encontrarlos por:<\/p>\n\n\n\n<ul class=\"wp-block-list\">\n<li>Presionando Ctrl + J (Windows) o Comando + J (Mac)<\/li>\n\n\n\n<li>Comprobaci\u00f3n de la secci\u00f3n de descargas de su navegador<\/li>\n\n\n\n<li>En el m\u00f3vil, los archivos suelen aparecer en Descargas o Galer\u00eda del tel\u00e9fono.<\/li>\n<\/ul>\n\n\n\n<h3 class=\"wp-block-heading\">\u00bfCu\u00e1l es la calidad del contenido que descargo?<\/h3>\n\n\n\n<p>Todos los archivos multimedia descargados con UnduhVideoIG.App conservan la misma calidad que la subida original a Instagram. Ya sea una foto o un archivo video, lo recibir\u00e1s en la mejor resoluci\u00f3n disponible (p. ej., JPG, MP4, AVI, MOV, etc.).<\/p>\n\n\n\n<h3 class=\"wp-block-heading\">\u00bfPuedo descargar publicaciones privadas de Instagram?<\/h3>\n\n\n\n<p>No, solo permitimos la descarga de contenido p\u00fablico de Instagram para respetar la privacidad de los usuarios. Si una publicaci\u00f3n es privada, no se puede acceder ni descargar a trav\u00e9s de nuestra herramienta.<\/p>\n\n\n\n<blockquote class=\"wp-block-quote is-layout-flow wp-block-quote-is-layout-flow\">\n<p>Si est\u00e1 descargando contenido de otra persona, util\u00edcelo solo para uso personal y d\u00e9 cr\u00e9dito al creador original si planea compartirlo.<\/p>\n<\/blockquote>\n\n\n\n<h3 class=\"wp-block-heading\">\u00bfQu\u00e9 sistemas operativos y navegadores son compatibles?<\/h3>\n\n\n\n<p>Nuestro descargador funciona en todos los dispositivos y navegadores modernos, incluidos:<\/p>\n\n\n\n<ul class=\"wp-block-list\">\n<li>Sistemas operativos: iOS, Android, Windows, macOS, Linux<\/li>\n\n\n\n<li>Navegadores: Chrome, Safari, Firefox, Edge, Opera<\/li>\n<\/ul>\n\n\n\n<p>Solo necesitas un navegador y una conexi\u00f3n a Internet: no se requiere ninguna aplicaci\u00f3n ni extensi\u00f3n.<\/p>\n\n\n\n<h3 class=\"wp-block-heading\">\u00bfPuedo descargar varios video a la vez?<\/h3>\n\n\n\n<p>Actualmente, nuestra herramienta permite descargar un video a la vez.<br>Para ahorrar tiempo, recomendamos:<\/p>\n\n\n\n<ul class=\"wp-block-list\">\n<li>Mantener una lista de enlaces de Instagram en un documento<\/li>\n\n\n\n<li>Peg\u00e1ndolos uno por uno para guardarlos por lotes manualmente<\/li>\n<\/ul>\n\n\n\n<p>De esta manera no te perder\u00e1s ning\u00fan contenido que quieras descargar.<\/p>\n\n\n\n<h3 class=\"wp-block-heading\">\u00bfQu\u00e9 tipos de dispositivos puedo utilizar?<\/h3>\n\n\n\n<p>Puede utilizar cualquier dispositivo con un navegador web, incluidos:<\/p>\n\n\n\n<ul class=\"wp-block-list\">\n<li>Computadora de escritorio o port\u00e1til (Windows, Mac)<\/li>\n\n\n\n<li>Tel\u00e9fonos inteligentes (iPhone, Android)<\/li>\n\n\n\n<li>Tabletas (iPad, tabletas Android)<\/li>\n<\/ul>\n\n\n\n<p>UnduhVideoIG es totalmente compatible con dispositivos m\u00f3viles y no requiere identificaci\u00f3n ni inicio de sesi\u00f3n.<\/p>\n\n\n\n<h3 class=\"wp-block-heading\">\u00bfLa calidad del video se mantendr\u00e1 igual?<\/h3>\n\n\n\n<p>\u00a1S\u00ed! Cada video que descargues con nuestra herramienta se guarda en el mismo formato y resoluci\u00f3n con el que se subi\u00f3 a Instagram. No modificamos ni comprimimos el contenido. Tus descargas conservar\u00e1n su calidad original, ya sea 720p, 1080p u otros formatos HD.<\/p>\n\n\n\n<h3 class=\"wp-block-heading\">Nota para los titulares de derechos de autor<\/h3>\n\n\n\n<p>No alojamos ni almacenamos ning\u00fan contenido de Instagram en nuestros servidores. Todas las descargas se procesan directamente desde los servidores p\u00fablicos de Instagram. Si cree que su contenido se ha usado o descargado incorrectamente, p\u00f3ngase en contacto con Instagram directamente en instagram.com para obtener ayuda.<\/p>\n\n\n\n<h3 class=\"wp-block-heading\">Consejo para una mejor experiencia<\/h3>\n\n\n\n<p>Guarda UnduhVideoIG.App en tus favoritos para acceder r\u00e1pidamente cuando quieras descargar contenido de Instagram. Es la forma m\u00e1s c\u00f3moda de guardar contenido de Instagram sin desorden, inicios de sesi\u00f3n ni limitaciones.<\/p>","protected":false},"excerpt":{"rendered":"<p>Welcome to the FAQ section of UnduhVideoIG.App \u2014 your go-to place for answers about download Instagram photos and videos, Reels, Stories, IGTV, and carousel posts. Below you&#8217;ll find clear, detailed answers to the most common questions users ask about using our free Instagram downloader tool. What is UnduhVideoIG.App and why would I need it? UnduhVideoIG.App [&hellip;]<\/p>\n","protected":false},"author":1,"featured_media":0,"parent":0,"menu_order":0,"comment_status":"closed","ping_status":"closed","template":"","meta":{"slim_seo":{"title":"Preguntas frecuentes - UnduhVideoIg.App","description":"Encuentra respuestas a tus preguntas sobre UnduhVideoIG. \u00a1Aprende a descargar v\u00eddeos, fotos, Reels, Historias e IGTV de Instagram de forma f\u00e1cil, r\u00e1pida y gratuita!"},"footnotes":""},"class_list":["post-393","page","type-page","status-publish","hentry"],"blocksy_meta":[],"_links":{"self":[{"href":"https:\/\/unduhvideoig.app\/es\/wp-json\/wp\/v2\/pages\/393","targetHints":{"allow":["GET"]}}],"collection":[{"href":"https:\/\/unduhvideoig.app\/es\/wp-json\/wp\/v2\/pages"}],"about":[{"href":"https:\/\/unduhvideoig.app\/es\/wp-json\/wp\/v2\/types\/page"}],"author":[{"embeddable":true,"href":"https:\/\/unduhvideoig.app\/es\/wp-json\/wp\/v2\/users\/1"}],"replies":[{"embeddable":true,"href":"https:\/\/unduhvideoig.app\/es\/wp-json\/wp\/v2\/comments?post=393"}],"version-history":[{"count":10,"href":"https:\/\/unduhvideoig.app\/es\/wp-json\/wp\/v2\/pages\/393\/revisions"}],"predecessor-version":[{"id":646,"href":"https:\/\/unduhvideoig.app\/es\/wp-json\/wp\/v2\/pages\/393\/revisions\/646"}],"wp:attachment":[{"href":"https:\/\/unduhvideoig.app\/es\/wp-json\/wp\/v2\/media?parent=393"}],"curies":[{"name":"wp","href":"https:\/\/api.w.org\/{rel}","templated":true}]}}