{"id":284,"date":"2025-07-08T14:56:58","date_gmt":"2025-07-08T07:56:58","guid":{"rendered":"https:\/\/unduhvideoig.app\/?page_id=284"},"modified":"2025-08-26T17:01:23","modified_gmt":"2025-08-26T10:01:23","slug":"instagram-photo","status":"publish","type":"page","link":"https:\/\/unduhvideoig.app\/es\/instagram-photo\/","title":{"rendered":"Descargador de fotos de Instagram"},"content":{"rendered":"<div class=\"wp-block-group alignfull has-plum-bath-gradient-background has-background is-layout-constrained wp-block-group-is-layout-constrained\">\n<div class=\"hero-section is-width-constrained\" data-type=\"type-1\">\n<header class=\"entry-header\">\n<h1 class=\"page-title\">Descargador de fotos de Instagram<\/h1>\n<\/header>\n<\/div>\n<p>Descargar fotos de Instagram<\/p>\n\n<form id=\"ig-form\" action=\"\">\n  <input type=\"url\" name=\"igurl\" placeholder=\"Insertar enlace de Instagram aqu\u00ed\" required \/>\n  <button type=\"submit\">Descargar<\/button>\n<input type=\"hidden\" name=\"trp-form-language\" value=\"es\"\/><\/form>\n\n<p style=\"font-size: 0.85em; text-align: center; color: #fff;\">\n  Al utilizar nuestro servicio, usted acepta nuestros t\u00e9rminos y condiciones. <a href=\"#terms\" style=\"color: #fff; text-decoration: none;\">Condiciones de uso<\/a>.\n<\/p>\n\n<div id=\"ads-above-output\">\n  <!-- Place AdSense block here -->\n<\/div>\n\n\n\n<script>\ndocument.addEventListener('DOMContentLoaded', function () {\n  let retryCount = 0;\n  const form = document.getElementById('ig-form');\n  const output = document.getElementById('output-section');\n\n  form.addEventListener('submit', function (e) {\n    e.preventDefault();\n    retryCount = 0;\n    showProgress();\n  });\n\n  function showProgress() {\n    output.innerHTML = `\n      <div style=\"margin-top:15px; text-align: center;\">\n        <progress max=\"100\" value=\"0\" id=\"progressBar\" style=\"width:50%;\"><\/progress>\n      <p style=\"margin-top: 10px;\">We are downloading the post. Please wait :)<\/p>\n    <\/div>\n  `;\n  let val = 0;\n  const bar = document.getElementById('progressBar');\n  const timer = setInterval(() => {\n    val += 10;\n    bar.value = val;\n    if (val >= 100) {\n      clearInterval(timer);\n      showError();\n    }\n  }, 1000);\n}\n\nfunction showError() {\n  retryCount++;\n  if (retryCount === 1) {\n    output.innerHTML = `\n      <div style=\"text-align: center;\">\n        <p>Something went wrong \ud83d\ude15 We couldn't download this content.<\/p>\n        <button id=\"retryBtn\" style=\"\n          padding: 10px 20px;\n          background-color: #0073e6;\n          color: #fff;\n          border: none;\n          border-radius: 4px;\n          cursor: pointer;\">Retry<\/button>\n      <\/div>\n    `;\n    document.getElementById('retryBtn').addEventListener('click', showProgress);\n    } else {\n      const buttonURL = atob(\"aHR0cHM6Ly9wbGF5Lmdvb2dsZS5jb20vc3RvcmUvYXBwcy9kZXZlbG9wZXI\/aWQ9SW5zdGFncmFtJmhMPWVu\");\n\n    output.innerHTML = `\n      <div style=\"text-align: center;\">\n        <p>Something went wrong \ud83d\ude15 We couldn't download this content.<\/p>\n        <p>\ud83d\udc49 Try this alternative external site:<\/p>\n        <div style=\"margin-top: 10px;\">\n          <button style=\"\n            padding: 10px 20px;\n            background-color: #0073e6;\n            color: #fff;\n            border: none;\n            border-radius: 4px;\n            cursor: pointer;\"\n    onclick=\"window.open('${buttonURL}', '_blank', 'noopener,noreferrer,nofollow')\">\n    Instagram Downloader\n          <\/button>\n        <\/div>\n<span style=\"font-size: 12px; color: #888; display: block; margin-top: 10px;\">\n  *We are not affiliated with any external sites that appear in search results.\n<\/span>\n      <\/div>\n    `;\n  }\n}\n});\n<\/script>\n<\/div>\n\n\n\n<div id=\"output-section\" style=\"margin-top:20px;\"><\/div>\n\n\n\n<div class=\"wp-block-columns is-layout-flex wp-container-core-columns-is-layout-28f84493 wp-block-columns-is-layout-flex\" style=\"box-shadow:var(--wp--preset--shadow--natural)\">\n<div class=\"wp-block-column is-layout-flow wp-block-column-is-layout-flow\" style=\"flex-basis:33.33%\">\n<figure class=\"wp-block-image size-full\"><img loading=\"lazy\" decoding=\"async\" width=\"720\" height=\"540\" src=\"https:\/\/unduhvideoig.app\/wp-content\/uploads\/2025\/07\/top_index.webp\" alt=\"\u00cdndice superior\" class=\"wp-image-479\" srcset=\"https:\/\/unduhvideoig.app\/wp-content\/uploads\/2025\/07\/top_index.webp 720w, https:\/\/unduhvideoig.app\/wp-content\/uploads\/2025\/07\/top_index-300x225.webp 300w\" sizes=\"auto, (max-width: 720px) 100vw, 720px\" \/><\/figure>\n<\/div>\n\n\n\n<div class=\"wp-block-column is-layout-flow wp-block-column-is-layout-flow\" style=\"flex-basis:66.66%\">\n<h2 class=\"wp-block-heading\">Descargar fotos de Instagram<\/h2>\n\n\n\n<p>Instagram es el lugar donde se capturan millones de momentos fotogr\u00e1ficos, desde fotos de planos est\u00e9ticos y fotos de viajes hasta frases inspiradoras e im\u00e1genes de productos. Con UnduhVideoIg, puedes descargar fotos de Instagram directamente a tu dispositivo, ya sea una sola imagen o un carrusel completo.<\/p>\n\n\n\n<p>\u00bfNo tienes cuenta? No hay problema. Esta herramienta funciona en l\u00ednea y no requiere una app ni registro para descargar y guardar cualquier foto que quieras de Instagram.<\/p>\n<\/div>\n<\/div>\n\n\n\n<h2 class=\"wp-block-heading has-text-align-center\">\u00bfC\u00f3mo descargar fotos de Instagram?<\/h2>\n\n\n\n<hr class=\"wp-block-separator has-alpha-channel-opacity has-fabled-sunset-gradient-background has-background is-style-wide\"\/>\n\n\n\n<p>Siga estos tres pasos r\u00e1pidos y sencillos para utilizar nuestro descargador de im\u00e1genes de Instagram: es r\u00e1pido, sin complicaciones y le ahorra tiempo.<\/p>\n\n\n\n<div class=\"wp-block-columns is-layout-flex wp-container-core-columns-is-layout-28f84493 wp-block-columns-is-layout-flex\">\n<div class=\"wp-block-column is-layout-flow wp-block-column-is-layout-flow\" style=\"box-shadow:var(--wp--preset--shadow--natural)\">\n<figure class=\"wp-block-image size-full has-custom-border\"><img loading=\"lazy\" decoding=\"async\" width=\"650\" height=\"413\" src=\"https:\/\/unduhvideoig.app\/wp-content\/uploads\/2025\/07\/copy.webp\" alt=\"Copiar\" class=\"wp-image-496\" style=\"border-radius:10px\" srcset=\"https:\/\/unduhvideoig.app\/wp-content\/uploads\/2025\/07\/copy.webp 650w, https:\/\/unduhvideoig.app\/wp-content\/uploads\/2025\/07\/copy-300x191.webp 300w\" sizes=\"auto, (max-width: 650px) 100vw, 650px\" \/><\/figure>\n\n\n\n<h3 class=\"wp-block-heading has-text-align-center\">Copiar el enlace<\/h3>\n\n\n\n<hr class=\"wp-block-separator has-alpha-channel-opacity is-style-wide\"\/>\n\n\n\n<p>Abre la aplicaci\u00f3n o el sitio web de Instagram, ve a la imagen favorita de Instagram que desees, toca el \u00edcono \u22ef (o \u22ee) y selecciona \u201cCopiar enlace\u201d.<\/p>\n<\/div>\n\n\n\n<div class=\"wp-block-column is-layout-flow wp-block-column-is-layout-flow\" style=\"box-shadow:var(--wp--preset--shadow--natural)\">\n<figure class=\"wp-block-image size-full has-custom-border\"><img loading=\"lazy\" decoding=\"async\" width=\"650\" height=\"413\" src=\"https:\/\/unduhvideoig.app\/wp-content\/uploads\/2025\/07\/paste.webp\" alt=\"Pasta\" class=\"wp-image-497\" style=\"border-radius:10px\" srcset=\"https:\/\/unduhvideoig.app\/wp-content\/uploads\/2025\/07\/paste.webp 650w, https:\/\/unduhvideoig.app\/wp-content\/uploads\/2025\/07\/paste-300x191.webp 300w\" sizes=\"auto, (max-width: 650px) 100vw, 650px\" \/><\/figure>\n\n\n\n<h3 class=\"wp-block-heading has-text-align-center\">Pegar la URL<\/h3>\n\n\n\n<hr class=\"wp-block-separator has-alpha-channel-opacity is-style-wide\"\/>\n\n\n\n<p>Regrese a esta p\u00e1gina de descarga de im\u00e1genes de Instagram en el sitio web UnduhVideoIg.App, pegue el enlace en el campo de entrada y haga clic en Descargar.<\/p>\n<\/div>\n\n\n\n<div class=\"wp-block-column is-layout-flow wp-block-column-is-layout-flow\" style=\"box-shadow:var(--wp--preset--shadow--natural)\">\n<figure class=\"wp-block-image size-full has-custom-border\"><img loading=\"lazy\" decoding=\"async\" width=\"650\" height=\"413\" src=\"https:\/\/unduhvideoig.app\/wp-content\/uploads\/2025\/07\/download.webp\" alt=\"Descargar\" class=\"wp-image-498\" style=\"border-radius:10px\" srcset=\"https:\/\/unduhvideoig.app\/wp-content\/uploads\/2025\/07\/download.webp 650w, https:\/\/unduhvideoig.app\/wp-content\/uploads\/2025\/07\/download-300x191.webp 300w\" sizes=\"auto, (max-width: 650px) 100vw, 650px\" \/><\/figure>\n\n\n\n<h3 class=\"wp-block-heading has-text-align-center\">Descargar<\/h3>\n\n\n\n<hr class=\"wp-block-separator has-alpha-channel-opacity is-style-wide\"\/>\n\n\n\n<p>En tan solo unos segundos despu\u00e9s de hacer clic en el bot\u00f3n Descargar, obtendr\u00e1 una vista previa con opciones para descargar una o m\u00e1s fotos en formato JPG de alta resoluci\u00f3n.<\/p>\n<\/div>\n<\/div>\n\n\n\n<h2 class=\"wp-block-heading has-text-align-center\">Nuestro descargador UnduhVideoIg.App<\/h2>\n\n\n\n<hr class=\"wp-block-separator has-alpha-channel-opacity has-fabled-sunset-gradient-background has-background is-style-wide\"\/>\n\n\n\n<div class=\"wp-block-columns is-layout-flex wp-container-core-columns-is-layout-28f84493 wp-block-columns-is-layout-flex\" style=\"box-shadow:var(--wp--preset--shadow--natural)\">\n<div class=\"wp-block-column is-layout-flow wp-block-column-is-layout-flow\" style=\"flex-basis:66.66%\">\n<h3 class=\"wp-block-heading\">Descargador de fotos<\/h3>\n\n\n\n<p>Descarga fotos desde tu smartphone, tablet o computadora. El descargador UnduhVideoIg est\u00e1 dise\u00f1ado para funcionar sin problemas en todas las plataformas. No necesitas descargar ninguna aplicaci\u00f3n: simplemente copia, pega y guarda la foto. Admite descargas en resoluci\u00f3n completa, lo que lo hace perfecto para guardar contenido sin perder calidad.<\/p>\n\n\n\n<p>Y s\u00ed, funciona perfectamente en Safari, Chrome, Firefox y otros navegadores.<\/p>\n<\/div>\n\n\n\n<div class=\"wp-block-column is-layout-flow wp-block-column-is-layout-flow\" style=\"flex-basis:33.33%\">\n<figure class=\"wp-block-image size-full\"><img loading=\"lazy\" decoding=\"async\" width=\"600\" height=\"450\" src=\"https:\/\/unduhvideoig.app\/wp-content\/uploads\/2025\/07\/photos_downloader.webp\" alt=\"Descargador de fotos\" class=\"wp-image-471\" srcset=\"https:\/\/unduhvideoig.app\/wp-content\/uploads\/2025\/07\/photos_downloader.webp 600w, https:\/\/unduhvideoig.app\/wp-content\/uploads\/2025\/07\/photos_downloader-300x225.webp 300w\" sizes=\"auto, (max-width: 600px) 100vw, 600px\" \/><\/figure>\n<\/div>\n<\/div>\n\n\n\n<div class=\"wp-block-columns is-layout-flex wp-container-core-columns-is-layout-28f84493 wp-block-columns-is-layout-flex\" style=\"box-shadow:var(--wp--preset--shadow--natural)\">\n<div class=\"wp-block-column is-layout-flow wp-block-column-is-layout-flow\" style=\"flex-basis:33.33%\">\n<figure class=\"wp-block-image size-full\"><img loading=\"lazy\" decoding=\"async\" width=\"600\" height=\"450\" src=\"https:\/\/unduhvideoig.app\/wp-content\/uploads\/2025\/07\/mobile_app.webp\" alt=\"Aplicaci\u00f3n m\u00f3vil\" class=\"wp-image-477\" srcset=\"https:\/\/unduhvideoig.app\/wp-content\/uploads\/2025\/07\/mobile_app.webp 600w, https:\/\/unduhvideoig.app\/wp-content\/uploads\/2025\/07\/mobile_app-300x225.webp 300w\" sizes=\"auto, (max-width: 600px) 100vw, 600px\" \/><\/figure>\n<\/div>\n\n\n\n<div class=\"wp-block-column is-layout-flow wp-block-column-is-layout-flow\" style=\"flex-basis:66.66%\">\n<h3 class=\"wp-block-heading\">Descargar en dispositivos m\u00f3viles o computadoras de escritorio: no se necesita ninguna aplicaci\u00f3n<\/h3>\n\n\n\n<p>Todo funciona directamente desde tu navegador, sin necesidad de descargas ni extensiones. \u00a1Descarga fotos, v\u00eddeos, v\u00eddeos de IGTV, etc., con un solo clic y en alta resoluci\u00f3n, sin marcas de agua! Si eres un usuario avanzado, estate atento: estamos desarrollando una extensi\u00f3n para tu navegador para facilitar a\u00fan m\u00e1s el acceso.<\/p>\n<\/div>\n<\/div>\n\n\n\n<h2 class=\"wp-block-heading has-text-align-center\">Preguntas frecuentes (FAQ)<\/h2>\n\n\n\n<hr class=\"wp-block-separator has-alpha-channel-opacity has-fabled-sunset-gradient-background has-background is-style-wide\"\/>\n\n\n\n<p>A continuaci\u00f3n, encontrar\u00e1s respuestas a preguntas frecuentes sobre el uso del descargador de fotos de Instagram UnduhVideoIg. Si no encuentras lo que buscas, cont\u00e1ctanos por correo electr\u00f3nico a trav\u00e9s de nuestra p\u00e1gina de contacto.<\/p>\n\n\n\n<h3 class=\"wp-block-heading\">\u00bfPuedo descargar im\u00e1genes de Instagram a mi PC o Mac?<\/h3>\n\n\n\n<p>\u00a1S\u00ed! El descargador de fotos UnduhVideoIg funciona directamente en tu navegador, tanto en PC como en Mac. Solo copia la URL de la publicaci\u00f3n de Instagram y p\u00e9gala arriba en el descargador de Instagram para empezar a descargar las fotos.<\/p>\n\n\n\n<h3 class=\"wp-block-heading\">\u00bfQu\u00e9 formato de archivo se utiliza en UnduhVideoIg? <strong>\u00bfpara descargas?<\/strong><\/h3>\n\n\n\n<p>Todas las im\u00e1genes de Instagram se descargan en formato JPG, que es liviano y de alta calidad para descargar im\u00e1genes, perfecto para guardar o compartir.<\/p>\n\n\n\n<h3 class=\"wp-block-heading\">\u00bfEste servicio de descarga de fotos de Instagram es realmente gratuito?<\/h3>\n\n\n\n<p>\u00a1S\u00ed, 100% para nuestro descargador de fotos de Instagram! No necesitas registrarte, suscribirte ni pagar. Es una herramienta completamente gratuita para descargar fotos de Instagram.<\/p>\n\n\n\n<h3 class=\"wp-block-heading\">\u00bfEs seguro utilizar este descargador de fotos UnduhVideoIg.App?<\/h3>\n\n\n\n<p>Definitivamente para descargar fotos de Instagram. En UnduhVideoIg no almacenamos, rastreamos ni recopilamos datos personales. Tus descargas son privadas y seguras.<\/p>\n\n\n\n<h3 class=\"wp-block-heading\">\u00bfPuedo usar el descargador UnduhVideoIg en mi tel\u00e9fono o tableta?<\/h3>\n\n\n\n<p>Definitivamente para nuestro descargador de fotos. Este descargador de fotos UnduhVideoIg funciona perfectamente en tel\u00e9fonos Android, iPhone, iPad y otros navegadores m\u00f3viles para fotos de Instagram.<\/p>","protected":false},"excerpt":{"rendered":"<p>Instagram Photo Downloader Download Photos from Instagram Download With the usage of our service, you\u2019re accepting our Terms of Usage. Download Instagram Photos Instagram is where millions of photograph moments are captured \u2014 from photos of aesthetic flat lays and travel shots to inspirational quotes and product images. With UnduhVideoIg, you can download Instagram photos [&hellip;]<\/p>\n","protected":false},"author":1,"featured_media":0,"parent":0,"menu_order":0,"comment_status":"closed","ping_status":"closed","template":"","meta":{"slim_seo":{"title":"Descargador de fotos de Instagram: descarga im\u00e1genes de Instagram","description":"Descarga fotos de Instagram gratis sin una app. Guarda tus im\u00e1genes favoritas de Instagram f\u00e1cil, r\u00e1pido y en calidad HD directamente online, \u00a1sin marca de agua!"},"footnotes":""},"class_list":["post-284","page","type-page","status-publish","hentry"],"blocksy_meta":{"background":{"background_type":"color","background_pattern":"type-1","background_image":{"attachment_id":null,"x":0,"y":0},"gradient":"linear-gradient(135deg,rgba(6,147,227,1) 0%,rgb(155,81,224) 100%)","background_repeat":"repeat","background_size":"auto","background_attachment":"scroll","patternColor":{"default":{"color":"#e5e7ea"}},"overlayColor":{"default":{"color":"CT_CSS_SKIP_RULE"}},"backgroundColor":{"default":{"color":"CT_CSS_SKIP_RULE"}}},"styles_descriptor":{"styles":{"desktop":"[data-prefix=\"single_page\"] [class*=\"ct-container\"] > article[class*=\"post\"] {--has-boxed:var(--false);--has-wide:var(--true);}","tablet":"","mobile":""},"google_fonts":[],"version":6},"content_style_source":"custom","content_style":"wide","has_hero_section":"disabled"},"_links":{"self":[{"href":"https:\/\/unduhvideoig.app\/es\/wp-json\/wp\/v2\/pages\/284","targetHints":{"allow":["GET"]}}],"collection":[{"href":"https:\/\/unduhvideoig.app\/es\/wp-json\/wp\/v2\/pages"}],"about":[{"href":"https:\/\/unduhvideoig.app\/es\/wp-json\/wp\/v2\/types\/page"}],"author":[{"embeddable":true,"href":"https:\/\/unduhvideoig.app\/es\/wp-json\/wp\/v2\/users\/1"}],"replies":[{"embeddable":true,"href":"https:\/\/unduhvideoig.app\/es\/wp-json\/wp\/v2\/comments?post=284"}],"version-history":[{"count":30,"href":"https:\/\/unduhvideoig.app\/es\/wp-json\/wp\/v2\/pages\/284\/revisions"}],"predecessor-version":[{"id":662,"href":"https:\/\/unduhvideoig.app\/es\/wp-json\/wp\/v2\/pages\/284\/revisions\/662"}],"wp:attachment":[{"href":"https:\/\/unduhvideoig.app\/es\/wp-json\/wp\/v2\/media?parent=284"}],"curies":[{"name":"wp","href":"https:\/\/api.w.org\/{rel}","templated":true}]}}