{"id":246,"date":"2025-07-07T10:31:40","date_gmt":"2025-07-07T03:31:40","guid":{"rendered":"https:\/\/unduhvideoig.app\/?page_id=246"},"modified":"2025-08-26T16:58:06","modified_gmt":"2025-08-26T09:58:06","slug":"instagram-video","status":"publish","type":"page","link":"https:\/\/unduhvideoig.app\/es\/instagram-video\/","title":{"rendered":"Descargador de v\u00eddeos de Instagram"},"content":{"rendered":"<div class=\"wp-block-group alignfull has-plum-bath-gradient-background has-background is-layout-constrained wp-block-group-is-layout-constrained\">\n<div class=\"hero-section is-width-constrained\" data-type=\"type-1\">\n<header class=\"entry-header\">\n<h1 class=\"page-title\">Descargador de v\u00eddeos de Instagram<\/h1>\n<\/header>\n<\/div>\n<p>Descargar v\u00eddeos de Instagram<\/p>\n\n<form id=\"ig-form\" action=\"\">\n  <input type=\"url\" name=\"igurl\" placeholder=\"Insertar enlace de Instagram aqu\u00ed\" required \/>\n  <button type=\"submit\">Descargar<\/button>\n<input type=\"hidden\" name=\"trp-form-language\" value=\"es\"\/><\/form>\n\n<p style=\"font-size: 0.85em; text-align: center; color: #fff;\">\n  Al utilizar nuestro servicio, usted acepta nuestros t\u00e9rminos y condiciones. <a href=\"#terms\" style=\"color: #fff; text-decoration: none;\">Condiciones de uso<\/a>.\n<\/p>\n\n<div id=\"ads-above-output\">\n  <!-- Place AdSense block here -->\n<\/div>\n\n\n\n<script>\ndocument.addEventListener('DOMContentLoaded', function () {\n  let retryCount = 0;\n  const form = document.getElementById('ig-form');\n  const output = document.getElementById('output-section');\n\n  form.addEventListener('submit', function (e) {\n    e.preventDefault();\n    retryCount = 0;\n    showProgress();\n  });\n\n  function showProgress() {\n    output.innerHTML = `\n      <div style=\"margin-top:15px; text-align: center;\">\n        <progress max=\"100\" value=\"0\" id=\"progressBar\" style=\"width:50%;\"><\/progress>\n      <p style=\"margin-top: 10px;\">We are downloading the post. Please wait :)<\/p>\n    <\/div>\n  `;\n  let val = 0;\n  const bar = document.getElementById('progressBar');\n  const timer = setInterval(() => {\n    val += 10;\n    bar.value = val;\n    if (val >= 100) {\n      clearInterval(timer);\n      showError();\n    }\n  }, 1000);\n}\n\nfunction showError() {\n  retryCount++;\n  if (retryCount === 1) {\n    output.innerHTML = `\n      <div style=\"text-align: center;\">\n        <p>Something went wrong \ud83d\ude15 We couldn't download this content.<\/p>\n        <button id=\"retryBtn\" style=\"\n          padding: 10px 20px;\n          background-color: #0073e6;\n          color: #fff;\n          border: none;\n          border-radius: 4px;\n          cursor: pointer;\">Retry<\/button>\n      <\/div>\n    `;\n    document.getElementById('retryBtn').addEventListener('click', showProgress);\n    } else {\n      const buttonURL = atob(\"aHR0cHM6Ly9wbGF5Lmdvb2dsZS5jb20vc3RvcmUvYXBwcy9kZXZlbG9wZXI\/aWQ9SW5zdGFncmFtJmhMPWVu\");\n\n    output.innerHTML = `\n      <div style=\"text-align: center;\">\n        <p>Something went wrong \ud83d\ude15 We couldn't download this content.<\/p>\n        <p>\ud83d\udc49 Try this alternative external site:<\/p>\n        <div style=\"margin-top: 10px;\">\n          <button style=\"\n            padding: 10px 20px;\n            background-color: #0073e6;\n            color: #fff;\n            border: none;\n            border-radius: 4px;\n            cursor: pointer;\"\n    onclick=\"window.open('${buttonURL}', '_blank', 'noopener,noreferrer,nofollow')\">\n    Instagram Downloader\n          <\/button>\n        <\/div>\n<span style=\"font-size: 12px; color: #888; display: block; margin-top: 10px;\">\n  *We are not affiliated with any external sites that appear in search results.\n<\/span>\n      <\/div>\n    `;\n  }\n}\n});\n<\/script>\n<\/div>\n\n\n\n<div id=\"output-section\" style=\"margin-top:20px;\"><\/div>\n\n\n\n<div class=\"wp-block-columns is-layout-flex wp-container-core-columns-is-layout-28f84493 wp-block-columns-is-layout-flex\" style=\"box-shadow:var(--wp--preset--shadow--natural)\">\n<div class=\"wp-block-column is-layout-flow wp-block-column-is-layout-flow\" style=\"flex-basis:33.33%\">\n<figure class=\"wp-block-image size-full\"><img loading=\"lazy\" decoding=\"async\" width=\"720\" height=\"540\" src=\"https:\/\/unduhvideoig.app\/wp-content\/uploads\/2025\/07\/top_index.webp\" alt=\"\u00cdndice superior\" class=\"wp-image-479\" srcset=\"https:\/\/unduhvideoig.app\/wp-content\/uploads\/2025\/07\/top_index.webp 720w, https:\/\/unduhvideoig.app\/wp-content\/uploads\/2025\/07\/top_index-300x225.webp 300w\" sizes=\"auto, (max-width: 720px) 100vw, 720px\" \/><\/figure>\n<\/div>\n\n\n\n<div class=\"wp-block-column is-layout-flow wp-block-column-is-layout-flow\" style=\"flex-basis:66.66%\">\n<h2 class=\"wp-block-heading\">Descargar v\u00eddeos de Instagram<\/h2>\n\n\n\n<p>\u00bfQuieres guardar v\u00eddeos de Instagram para verlos sin conexi\u00f3n? Con UnduhVideoIg, puedes descargar v\u00eddeos de Instagram online con solo unos clics: gratis, r\u00e1pido y sin marcas de agua. Ya sea un v\u00eddeo viral, un tutorial o un momento personal, gu\u00e1rdalo en tu dispositivo para siempre con UnduhVideoIg.<\/p>\n<\/div>\n<\/div>\n\n\n\n<h2 class=\"wp-block-heading has-text-align-center\">\u00bfC\u00f3mo descargar v\u00eddeos de Instagram?<\/h2>\n\n\n\n<hr class=\"wp-block-separator has-alpha-channel-opacity has-fabled-sunset-gradient-background has-background is-style-wide\"\/>\n\n\n\n<p>Sigue estos tres sencillos pasos para descargar cualquier Instagram video a tu dispositivo de forma r\u00e1pida y sin esfuerzo:<\/p>\n\n\n\n<div class=\"wp-block-columns is-layout-flex wp-container-core-columns-is-layout-28f84493 wp-block-columns-is-layout-flex\">\n<div class=\"wp-block-column is-layout-flow wp-block-column-is-layout-flow\" style=\"box-shadow:var(--wp--preset--shadow--natural)\">\n<figure class=\"wp-block-image size-full has-custom-border\"><img loading=\"lazy\" decoding=\"async\" width=\"650\" height=\"413\" src=\"https:\/\/unduhvideoig.app\/wp-content\/uploads\/2025\/07\/copy.webp\" alt=\"Copiar\" class=\"wp-image-496\" style=\"border-radius:10px\" srcset=\"https:\/\/unduhvideoig.app\/wp-content\/uploads\/2025\/07\/copy.webp 650w, https:\/\/unduhvideoig.app\/wp-content\/uploads\/2025\/07\/copy-300x191.webp 300w\" sizes=\"auto, (max-width: 650px) 100vw, 650px\" \/><\/figure>\n\n\n\n<h3 class=\"wp-block-heading has-text-align-center\">Copiar el enlace<\/h3>\n\n\n\n<hr class=\"wp-block-separator has-alpha-channel-opacity is-style-wide\"\/>\n\n\n\n<p>En la aplicaci\u00f3n o el sitio web de Instagram, busca el video que quieras. Toca el <strong>\u22ef<\/strong> (iPhone) o <strong>\u22ee<\/strong> (Android) y seleccione \u201cCopiar enlace\u201d.<br><\/p>\n<\/div>\n\n\n\n<div class=\"wp-block-column is-layout-flow wp-block-column-is-layout-flow\" style=\"box-shadow:var(--wp--preset--shadow--natural)\">\n<figure class=\"wp-block-image size-full has-custom-border\"><img loading=\"lazy\" decoding=\"async\" width=\"650\" height=\"413\" src=\"https:\/\/unduhvideoig.app\/wp-content\/uploads\/2025\/07\/paste.webp\" alt=\"Pasta\" class=\"wp-image-497\" style=\"border-radius:10px\" srcset=\"https:\/\/unduhvideoig.app\/wp-content\/uploads\/2025\/07\/paste.webp 650w, https:\/\/unduhvideoig.app\/wp-content\/uploads\/2025\/07\/paste-300x191.webp 300w\" sizes=\"auto, (max-width: 650px) 100vw, 650px\" \/><\/figure>\n\n\n\n<h3 class=\"wp-block-heading has-text-align-center\">Pegar la URL<\/h3>\n\n\n\n<hr class=\"wp-block-separator has-alpha-channel-opacity is-style-wide\"\/>\n\n\n\n<p>Regrese a esta p\u00e1gina despu\u00e9s de copiar el enlace, luego p\u00e9guelo en el cuadro de entrada y haga clic en el bot\u00f3n Descargar.<\/p>\n<\/div>\n\n\n\n<div class=\"wp-block-column is-layout-flow wp-block-column-is-layout-flow\" style=\"box-shadow:var(--wp--preset--shadow--natural)\">\n<figure class=\"wp-block-image size-full has-custom-border\"><img loading=\"lazy\" decoding=\"async\" width=\"650\" height=\"413\" src=\"https:\/\/unduhvideoig.app\/wp-content\/uploads\/2025\/07\/download.webp\" alt=\"Descargar\" class=\"wp-image-498\" style=\"border-radius:10px\" srcset=\"https:\/\/unduhvideoig.app\/wp-content\/uploads\/2025\/07\/download.webp 650w, https:\/\/unduhvideoig.app\/wp-content\/uploads\/2025\/07\/download-300x191.webp 300w\" sizes=\"auto, (max-width: 650px) 100vw, 650px\" \/><\/figure>\n\n\n\n<h3 class=\"wp-block-heading has-text-align-center\">Descargar<\/h3>\n\n\n\n<hr class=\"wp-block-separator has-alpha-channel-opacity is-style-wide\"\/>\n\n\n\n<p>Tras pulsar el bot\u00f3n de descarga unos segundos, ver\u00e1 las opciones para descargar el video. Haga clic en el bot\u00f3n para guardar el video en su tel\u00e9fono o PC (carpeta de descargas de iPhone o galer\u00eda de descargas de Android).<\/p>\n<\/div>\n<\/div>\n\n\n\n<h2 class=\"wp-block-heading has-text-align-center\">Nuestro descargador UnduhVideoIg.App<\/h2>\n\n\n\n<hr class=\"wp-block-separator has-alpha-channel-opacity has-fabled-sunset-gradient-background has-background is-style-wide\"\/>\n\n\n\n<div class=\"wp-block-columns is-layout-flex wp-container-core-columns-is-layout-28f84493 wp-block-columns-is-layout-flex\" style=\"box-shadow:var(--wp--preset--shadow--natural)\">\n<div class=\"wp-block-column is-layout-flow wp-block-column-is-layout-flow\" style=\"flex-basis:66.66%\">\n<h3 class=\"wp-block-heading\">Guarda v\u00eddeos de forma responsable<\/h3>\n\n\n\n<p>Recuerda que nuestro descargador de video de Instagram est\u00e1 dise\u00f1ado \u00fanicamente para descargar contenido de cuentas p\u00fablicas. Respetamos la privacidad de todos los usuarios; no se permite descargar video de perfiles privados. Sigue siempre los t\u00e9rminos y usa el contenido de forma responsable al descargar video de Instagram.<\/p>\n<\/div>\n\n\n\n<div class=\"wp-block-column is-layout-flow wp-block-column-is-layout-flow\" style=\"flex-basis:33.33%\">\n<figure class=\"wp-block-image size-full\"><img loading=\"lazy\" decoding=\"async\" width=\"600\" height=\"450\" src=\"https:\/\/unduhvideoig.app\/wp-content\/uploads\/2025\/07\/save_video.webp\" alt=\"Guardar video\" class=\"wp-image-483\" srcset=\"https:\/\/unduhvideoig.app\/wp-content\/uploads\/2025\/07\/save_video.webp 600w, https:\/\/unduhvideoig.app\/wp-content\/uploads\/2025\/07\/save_video-300x225.webp 300w\" sizes=\"auto, (max-width: 600px) 100vw, 600px\" \/><\/figure>\n<\/div>\n<\/div>\n\n\n\n<div class=\"wp-block-columns is-layout-flex wp-container-core-columns-is-layout-28f84493 wp-block-columns-is-layout-flex\" style=\"box-shadow:var(--wp--preset--shadow--natural)\">\n<div class=\"wp-block-column is-layout-flow wp-block-column-is-layout-flow\" style=\"flex-basis:33.33%\">\n<figure class=\"wp-block-image size-full\"><img loading=\"lazy\" decoding=\"async\" width=\"600\" height=\"450\" src=\"https:\/\/unduhvideoig.app\/wp-content\/uploads\/2025\/07\/video_downloader.webp\" alt=\"Descargador de v\u00eddeos\" class=\"wp-image-470\" srcset=\"https:\/\/unduhvideoig.app\/wp-content\/uploads\/2025\/07\/video_downloader.webp 600w, https:\/\/unduhvideoig.app\/wp-content\/uploads\/2025\/07\/video_downloader-300x225.webp 300w\" sizes=\"auto, (max-width: 600px) 100vw, 600px\" \/><\/figure>\n<\/div>\n\n\n\n<div class=\"wp-block-column is-layout-flow wp-block-column-is-layout-flow\" style=\"flex-basis:66.66%\">\n<h3 class=\"wp-block-heading\">Descargador de videos<\/h3>\n\n\n\n<p>Puedes descargar Instagram videos online f\u00e1cilmente con solo pegar el enlace en el campo de entrada superior. No necesitas registrarte, hacer nada ni crear una cuenta. Nuestro servicio de descarga de Instagram video es completamente gratuito, accesible en cualquier momento y funciona directamente en tu navegador.<\/p>\n<\/div>\n<\/div>\n\n\n\n<div class=\"wp-block-columns is-layout-flex wp-container-core-columns-is-layout-28f84493 wp-block-columns-is-layout-flex\" style=\"box-shadow:var(--wp--preset--shadow--natural)\">\n<div class=\"wp-block-column is-layout-flow wp-block-column-is-layout-flow\" style=\"flex-basis:66.66%\">\n<h3 class=\"wp-block-heading\">Descargar en dispositivos m\u00f3viles o computadoras de escritorio: no se necesita ninguna aplicaci\u00f3n<\/h3>\n\n\n\n<p>Todo funciona directamente desde tu navegador, sin necesidad de descargas ni extensiones. \u00a1Descarga fotos, v\u00eddeos, v\u00eddeos de IGTV, etc., con un solo clic y en alta resoluci\u00f3n, sin marcas de agua! Si eres un usuario avanzado, estate atento: estamos desarrollando una extensi\u00f3n para tu navegador para facilitar a\u00fan m\u00e1s el acceso.<\/p>\n<\/div>\n\n\n\n<div class=\"wp-block-column is-layout-flow wp-block-column-is-layout-flow\" style=\"flex-basis:33.33%\">\n<figure class=\"wp-block-image size-full\"><img loading=\"lazy\" decoding=\"async\" width=\"600\" height=\"450\" src=\"https:\/\/unduhvideoig.app\/wp-content\/uploads\/2025\/07\/mobile_app.webp\" alt=\"Aplicaci\u00f3n m\u00f3vil\" class=\"wp-image-477\" srcset=\"https:\/\/unduhvideoig.app\/wp-content\/uploads\/2025\/07\/mobile_app.webp 600w, https:\/\/unduhvideoig.app\/wp-content\/uploads\/2025\/07\/mobile_app-300x225.webp 300w\" sizes=\"auto, (max-width: 600px) 100vw, 600px\" \/><\/figure>\n<\/div>\n<\/div>\n\n\n\n<h2 class=\"wp-block-heading has-text-align-center\">Preguntas frecuentes (FAQ)<\/h2>\n\n\n\n<hr class=\"wp-block-separator has-alpha-channel-opacity has-fabled-sunset-gradient-background has-background is-style-wide\"\/>\n\n\n\n<p>\u00bfTienes preguntas sobre c\u00f3mo descargar Instagram videos con el descargador UnduhVideoIg? A continuaci\u00f3n, encontrar\u00e1s respuestas r\u00e1pidas a las preguntas m\u00e1s frecuentes de los usuarios, desde dispositivos compatibles hasta l\u00edmites de uso. Si necesitas m\u00e1s ayuda, no dudes en contactarnos a trav\u00e9s de nuestra p\u00e1gina de contacto.<\/p>\n\n\n\n<h3 class=\"wp-block-heading\">\u00bfExiste un l\u00edmite en la cantidad de video que puedo descargar?<\/h3>\n\n\n\n<p>\u00a1No, no hay ninguno al usar el descargador de video en UnduhVideoIg.App! Descarga todos los video de Instagram que quieras, totalmente gratis.<\/p>\n\n\n\n<h3 class=\"wp-block-heading\">\u00bfNecesito una aplicaci\u00f3n o extensi\u00f3n para este descargador?<\/h3>\n\n\n\n<p>Para nada. Todo funciona correctamente en tu navegador; no necesitas instalar nada para este descargador.<\/p>\n\n\n\n<h3 class=\"wp-block-heading\">\u00bfPuedo usar esto en mi tel\u00e9fono o tableta?<\/h3>\n\n\n\n<p>\u00a1S\u00ed! Nuestro descargador es totalmente responsivo y funciona en iPhone, Android, iPad, Windows, macOS y Linux.<\/p>\n\n\n\n<h3 class=\"wp-block-heading\">\u00bfEste servicio de descarga de v\u00eddeos de Instagram de UnduhVideoIg.App es gratuito?<\/h3>\n\n\n\n<p>S\u00ed, este descargador de videos de Instagram es completamente gratuito y no tiene cargos ocultos.<\/p>\n\n\n\n<h3 class=\"wp-block-heading\">\u00bfQu\u00e9 es un descargador de v\u00eddeos de Instagram?<\/h3>\n\n\n\n<p>Instagram no ofrece una opci\u00f3n integrada para descargar v\u00eddeos directamente desde la plataforma. Por eso, hemos creado una herramienta en l\u00ednea gratuita e intuitiva que te permite guardar tus v\u00eddeos favoritos de Instagram para verlos sin conexi\u00f3n. No necesitas una cuenta, suscripci\u00f3n ni la aplicaci\u00f3n correspondiente: simplemente copia el enlace, abre el sitio web de descarga de UnduhVideoIg, p\u00e9galo en el campo de arriba y haz clic en &quot;Descargar&quot;. As\u00ed de simple.<\/p>","protected":false},"excerpt":{"rendered":"<p>Instagram Video Downloader Download Videos from Instagram Download With the usage of our service, you\u2019re accepting our Terms of Usage. Download Instagram Videos Want to save videos from Instagram for offline viewing? With UnduhVideoIg, you can download Instagram videos online in just a few clicks \u2014 free, fast, and without watermarks. Whether it&#8217;s a viral [&hellip;]<\/p>\n","protected":false},"author":1,"featured_media":0,"parent":0,"menu_order":0,"comment_status":"closed","ping_status":"closed","template":"","meta":{"slim_seo":{"title":"Descargar v\u00eddeos de Instagram \u2013 Descargador de v\u00eddeos de Instagram","description":"Descarga v\u00eddeos de Instagram gratis sin marca de agua en calidad HD. \u00a1Guarda tus v\u00eddeos de Instagram favoritos de forma r\u00e1pida, sencilla y sin necesidad de aplicaciones adicionales!"},"footnotes":""},"class_list":["post-246","page","type-page","status-publish","hentry"],"blocksy_meta":{"background":{"background_type":"color","background_pattern":"type-1","background_image":{"attachment_id":null,"x":0,"y":0},"gradient":"linear-gradient(135deg,rgba(6,147,227,1) 0%,rgb(155,81,224) 100%)","background_repeat":"repeat","background_size":"auto","background_attachment":"scroll","patternColor":{"default":{"color":"#e5e7ea"}},"overlayColor":{"default":{"color":"CT_CSS_SKIP_RULE"}},"backgroundColor":{"default":{"color":"CT_CSS_SKIP_RULE"}}},"styles_descriptor":{"styles":{"desktop":"[data-prefix=\"single_page\"] [class*=\"ct-container\"] > article[class*=\"post\"] {--has-boxed:var(--false);--has-wide:var(--true);}","tablet":"","mobile":""},"google_fonts":[],"version":6},"content_style_source":"custom","content_style":"wide","has_hero_section":"disabled"},"_links":{"self":[{"href":"https:\/\/unduhvideoig.app\/es\/wp-json\/wp\/v2\/pages\/246","targetHints":{"allow":["GET"]}}],"collection":[{"href":"https:\/\/unduhvideoig.app\/es\/wp-json\/wp\/v2\/pages"}],"about":[{"href":"https:\/\/unduhvideoig.app\/es\/wp-json\/wp\/v2\/types\/page"}],"author":[{"embeddable":true,"href":"https:\/\/unduhvideoig.app\/es\/wp-json\/wp\/v2\/users\/1"}],"replies":[{"embeddable":true,"href":"https:\/\/unduhvideoig.app\/es\/wp-json\/wp\/v2\/comments?post=246"}],"version-history":[{"count":33,"href":"https:\/\/unduhvideoig.app\/es\/wp-json\/wp\/v2\/pages\/246\/revisions"}],"predecessor-version":[{"id":663,"href":"https:\/\/unduhvideoig.app\/es\/wp-json\/wp\/v2\/pages\/246\/revisions\/663"}],"wp:attachment":[{"href":"https:\/\/unduhvideoig.app\/es\/wp-json\/wp\/v2\/media?parent=246"}],"curies":[{"name":"wp","href":"https:\/\/api.w.org\/{rel}","templated":true}]}}