{"id":6,"date":"2025-07-01T07:43:55","date_gmt":"2025-07-01T07:43:55","guid":{"rendered":"https:\/\/unduhvideoig.app\/?page_id=6"},"modified":"2025-08-26T16:56:20","modified_gmt":"2025-08-26T09:56:20","slug":"home","status":"publish","type":"page","link":"https:\/\/unduhvideoig.app\/de\/","title":{"rendered":"Instagram Downloader"},"content":{"rendered":"<div class=\"wp-block-group alignfull has-plum-bath-gradient-background has-background is-layout-constrained wp-block-group-is-layout-constrained\">\n<div class=\"hero-section is-width-constrained\" data-type=\"type-1\">\n<header class=\"entry-header\">\n<h1 class=\"page-title\">Instagram Downloader<\/h1>\n<\/header>\n<\/div>\n<p>Laden Sie Instagram-Videos, Fotos, Reels, IGTV und Karussell herunter<\/p>\n\n<form id=\"ig-form\" action=\"\">\n  <input type=\"url\" name=\"igurl\" placeholder=\"Instagram-Link hier einf\u00fcgen\" required \/>\n  <button type=\"submit\">Herunterladen<\/button>\n<input type=\"hidden\" name=\"trp-form-language\" value=\"de\"\/><\/form>\n\n<p style=\"font-size: 0.85em; text-align: center; color: #fff;\">\n  Mit der Nutzung unseres Dienstes akzeptieren Sie unsere <a href=\"#terms\" style=\"color: #fff; text-decoration: none;\">Nutzungsbedingungen<\/a>.\n<\/p>\n\n<div id=\"ads-above-output\">\n  <!-- Place AdSense block here -->\n<\/div>\n\n\n\n<script>\ndocument.addEventListener('DOMContentLoaded', function () {\n  let retryCount = 0;\n  const form = document.getElementById('ig-form');\n  const output = document.getElementById('output-section');\n\n  form.addEventListener('submit', function (e) {\n    e.preventDefault();\n    retryCount = 0;\n    showProgress();\n  });\n\n  function showProgress() {\n    output.innerHTML = `\n      <div style=\"margin-top:15px; text-align: center;\">\n        <progress max=\"100\" value=\"0\" id=\"progressBar\" style=\"width:50%;\"><\/progress>\n      <p style=\"margin-top: 10px;\">We are downloading the post. Please wait :)<\/p>\n    <\/div>\n  `;\n  let val = 0;\n  const bar = document.getElementById('progressBar');\n  const timer = setInterval(() => {\n    val += 10;\n    bar.value = val;\n    if (val >= 100) {\n      clearInterval(timer);\n      showError();\n    }\n  }, 1000);\n}\n\nfunction showError() {\n  retryCount++;\n  if (retryCount === 1) {\n    output.innerHTML = `\n      <div style=\"text-align: center;\">\n        <p>Something went wrong \ud83d\ude15 We couldn't download this content.<\/p>\n        <button id=\"retryBtn\" style=\"\n          padding: 10px 20px;\n          background-color: #0073e6;\n          color: #fff;\n          border: none;\n          border-radius: 4px;\n          cursor: pointer;\">Retry<\/button>\n      <\/div>\n    `;\n    document.getElementById('retryBtn').addEventListener('click', showProgress);\n    } else {\n      const buttonURL = atob(\"aHR0cHM6Ly9wbGF5Lmdvb2dsZS5jb20vc3RvcmUvYXBwcy9kZXZlbG9wZXI\/aWQ9SW5zdGFncmFtJmhMPWVu\");\n\n    output.innerHTML = `\n      <div style=\"text-align: center;\">\n        <p>Something went wrong \ud83d\ude15 We couldn't download this content.<\/p>\n        <p>\ud83d\udc49 Try this alternative external site:<\/p>\n        <div style=\"margin-top: 10px;\">\n          <button style=\"\n            padding: 10px 20px;\n            background-color: #0073e6;\n            color: #fff;\n            border: none;\n            border-radius: 4px;\n            cursor: pointer;\"\n    onclick=\"window.open('${buttonURL}', '_blank', 'noopener,noreferrer,nofollow')\">\n    Instagram Downloader\n          <\/button>\n        <\/div>\n<span style=\"font-size: 12px; color: #888; display: block; margin-top: 10px;\">\n  *We are not affiliated with any external sites that appear in search results.\n<\/span>\n      <\/div>\n    `;\n  }\n}\n});\n<\/script>\n<\/div>\n\n\n\n<div id=\"output-section\" style=\"margin-top:20px;\"><\/div>\n\n\n\n<p>Willkommen bei UnduhVideoIg.App \u2013 Ihrem All-in-One-Tool zum Herunterladen von Instagram-Videos, Fotos, Videos, IGTV- und Karussell-Posts in hoher Qualit\u00e4t. Egal, ob Sie Inhalte f\u00fcr den pers\u00f6nlichen Gebrauch speichern oder einfach offline ansehen m\u00f6chten, unser schneller und einfacher Downloader ist genau das Richtige f\u00fcr Sie.<\/p>\n\n\n\n<div class=\"wp-block-columns is-layout-flex wp-container-core-columns-is-layout-28f84493 wp-block-columns-is-layout-flex\" style=\"box-shadow:var(--wp--preset--shadow--natural)\">\n<div class=\"wp-block-column is-layout-flow wp-block-column-is-layout-flow\" style=\"flex-basis:33.33%\">\n<figure class=\"wp-block-image size-full\"><img loading=\"lazy\" decoding=\"async\" width=\"720\" height=\"540\" src=\"https:\/\/unduhvideoig.app\/wp-content\/uploads\/2025\/07\/top_index.webp\" alt=\"Top-Index\" class=\"wp-image-479\" srcset=\"https:\/\/unduhvideoig.app\/wp-content\/uploads\/2025\/07\/top_index.webp 720w, https:\/\/unduhvideoig.app\/wp-content\/uploads\/2025\/07\/top_index-300x225.webp 300w\" sizes=\"auto, (max-width: 720px) 100vw, 720px\" \/><\/figure>\n<\/div>\n\n\n\n<div class=\"wp-block-column is-layout-flow wp-block-column-is-layout-flow\" style=\"flex-basis:66.66%\">\n<h2 class=\"wp-block-heading\">Instagram Video- und Foto-Downloader online<\/h2>\n\n\n\n<p>Unser Instagram-Downloader funktioniert reibungslos auf allen Ger\u00e4ten \u2013 Smartphones, Tablets und Desktops. Keine Anmeldung, kein Wasserzeichen. Einfach kopieren, einf\u00fcgen und herunterladen.<\/p>\n<\/div>\n<\/div>\n\n\n\n<h2 class=\"wp-block-heading has-text-align-center\">Wie lade ich von Instagram herunter?<\/h2>\n\n\n\n<hr class=\"wp-block-separator has-alpha-channel-opacity has-fabled-sunset-gradient-background has-background is-style-wide\"\/>\n\n\n\n<p>Befolgen Sie einfach diese drei einfachen Schritte, um videos, Reels und Fotos von Instagram (IG) herunterzuladen. Es geht schnell und einfach \u2013 so geht&#039;s:<\/p>\n\n\n\n<div class=\"wp-block-columns is-layout-flex wp-container-core-columns-is-layout-28f84493 wp-block-columns-is-layout-flex\">\n<div class=\"wp-block-column is-layout-flow wp-block-column-is-layout-flow\" style=\"box-shadow:var(--wp--preset--shadow--natural)\">\n<figure class=\"wp-block-image size-full has-custom-border is-style-default\"><img loading=\"lazy\" decoding=\"async\" width=\"650\" height=\"413\" src=\"https:\/\/unduhvideoig.app\/wp-content\/uploads\/2025\/07\/copy.webp\" alt=\"Kopie\" class=\"wp-image-496\" style=\"border-radius:10px\" srcset=\"https:\/\/unduhvideoig.app\/wp-content\/uploads\/2025\/07\/copy.webp 650w, https:\/\/unduhvideoig.app\/wp-content\/uploads\/2025\/07\/copy-300x191.webp 300w\" sizes=\"auto, (max-width: 650px) 100vw, 650px\" \/><\/figure>\n\n\n\n<h3 class=\"wp-block-heading has-text-align-center\">Link kopieren<\/h3>\n\n\n\n<hr class=\"wp-block-separator has-alpha-channel-opacity is-style-wide\"\/>\n\n\n\n<p>Suchen Sie den Instagram-Beitrag, video, Reel oder das Karussell, das Sie herunterladen m\u00f6chten. Tippen Sie auf das Drei-Punkte-Symbol und w\u00e4hlen Sie \u201eLink kopieren\u201c.<\/p>\n<\/div>\n\n\n\n<div class=\"wp-block-column is-layout-flow wp-block-column-is-layout-flow\" style=\"box-shadow:var(--wp--preset--shadow--natural)\">\n<figure class=\"wp-block-image size-full has-custom-border\"><img loading=\"lazy\" decoding=\"async\" width=\"650\" height=\"413\" src=\"https:\/\/unduhvideoig.app\/wp-content\/uploads\/2025\/07\/paste.webp\" alt=\"Paste\" class=\"wp-image-497\" style=\"border-radius:10px\" srcset=\"https:\/\/unduhvideoig.app\/wp-content\/uploads\/2025\/07\/paste.webp 650w, https:\/\/unduhvideoig.app\/wp-content\/uploads\/2025\/07\/paste-300x191.webp 300w\" sizes=\"auto, (max-width: 650px) 100vw, 650px\" \/><\/figure>\n\n\n\n<h3 class=\"wp-block-heading has-text-align-center\">F\u00fcgen Sie die URL ein<\/h3>\n\n\n\n<hr class=\"wp-block-separator has-alpha-channel-opacity is-style-wide\"\/>\n\n\n\n<p>Kehren Sie zu UnduhVideoIG zur\u00fcck und f\u00fcgen Sie die kopierte URL in das Eingabefeld oben ein. Klicken Sie auf die Schaltfl\u00e4che \u201eHerunterladen\u201c.<\/p>\n<\/div>\n\n\n\n<div class=\"wp-block-column is-layout-flow wp-block-column-is-layout-flow\" style=\"box-shadow:var(--wp--preset--shadow--natural)\">\n<figure class=\"wp-block-image size-full has-custom-border\"><img loading=\"lazy\" decoding=\"async\" width=\"650\" height=\"413\" src=\"https:\/\/unduhvideoig.app\/wp-content\/uploads\/2025\/07\/download.webp\" alt=\"Herunterladen\" class=\"wp-image-498\" style=\"border-radius:10px\" srcset=\"https:\/\/unduhvideoig.app\/wp-content\/uploads\/2025\/07\/download.webp 650w, https:\/\/unduhvideoig.app\/wp-content\/uploads\/2025\/07\/download-300x191.webp 300w\" sizes=\"auto, (max-width: 650px) 100vw, 650px\" \/><\/figure>\n\n\n\n<h3 class=\"wp-block-heading has-text-align-center\">Herunterladen<\/h3>\n\n\n\n<hr class=\"wp-block-separator has-alpha-channel-opacity is-style-wide\"\/>\n\n\n\n<p>Innerhalb weniger Sekunden werden Ihnen Download-Optionen in verschiedenen Qualit\u00e4ten angezeigt. W\u00e4hlen Sie die f\u00fcr Sie passende aus und speichern Sie die Datei auf Ihrem Ger\u00e4t.<\/p>\n<\/div>\n<\/div>\n\n\n\n<h2 class=\"wp-block-heading has-text-align-center\">Warum sollten Sie uns zum Herunterladen von Instagram w\u00e4hlen?<\/h2>\n\n\n\n<hr class=\"wp-block-separator has-alpha-channel-opacity has-fabled-sunset-gradient-background has-background is-style-wide\"\/>\n\n\n\n<p>Das Herunterladen von videos von Instagram ist mit nur zwei Klicks m\u00f6glich \u2013 schnell, einfach und ohne Qualit\u00e4tseinbu\u00dfen. Im Gegensatz zu beliebigen Apps oder minderwertigen Tools bieten wir ein schnelles, sicheres und hochaufl\u00f6sendes Download-Erlebnis f\u00fcr alle Instagram-Medientypen.<\/p>\n\n\n\n<div class=\"wp-block-columns is-layout-flex wp-container-core-columns-is-layout-28f84493 wp-block-columns-is-layout-flex\">\n<div class=\"wp-block-column is-layout-flow wp-block-column-is-layout-flow\">\n<p class=\"has-text-align-center has-large-font-size\">\u26a1<\/p>\n\n\n\n<h3 class=\"wp-block-heading has-text-align-center\">Schnelle und reibungslose Downloads<\/h3>\n\n\n\n<hr class=\"wp-block-separator has-alpha-channel-opacity is-style-wide\"\/>\n\n\n\n<p>Unser System ist auf Geschwindigkeit optimiert, sodass Sie Dateien sofort herunterladen k\u00f6nnen.<\/p>\n<\/div>\n\n\n\n<div class=\"wp-block-column is-layout-flow wp-block-column-is-layout-flow\">\n<p class=\"has-text-align-center has-large-font-size\">\ud83d\udcf1<\/p>\n\n\n\n<h3 class=\"wp-block-heading has-text-align-center\">Funktioniert auf allen Ger\u00e4ten<\/h3>\n\n\n\n<hr class=\"wp-block-separator has-alpha-channel-opacity is-style-wide\"\/>\n\n\n\n<p>Verwenden Sie es von jedem Browser aus \u2013 Android, iOS, Windows, Mac oder Linux.<\/p>\n<\/div>\n<\/div>\n\n\n\n<div class=\"wp-block-columns is-layout-flex wp-container-core-columns-is-layout-28f84493 wp-block-columns-is-layout-flex\">\n<div class=\"wp-block-column is-layout-flow wp-block-column-is-layout-flow\">\n<p class=\"has-text-align-center has-large-font-size\">\ud83c\udf9e\ufe0f<\/p>\n\n\n\n<h3 class=\"wp-block-heading has-text-align-center\">Hochwertige Ausgabe<\/h3>\n\n\n\n<hr class=\"wp-block-separator has-alpha-channel-opacity is-style-wide\"\/>\n\n\n\n<p>Laden Sie Instagram videos und Bilder in Originalaufl\u00f6sung herunter (HD 720p, 1080\u00d71350 px usw.)<\/p>\n<\/div>\n\n\n\n<div class=\"wp-block-column is-layout-flow wp-block-column-is-layout-flow\">\n<p class=\"has-text-align-center has-large-font-size\">\ud83d\udd12<\/p>\n\n\n\n<h3 class=\"wp-block-heading has-text-align-center\">Datenschutz an erster Stelle<\/h3>\n\n\n\n<hr class=\"wp-block-separator has-alpha-channel-opacity is-style-wide\"\/>\n\n\n\n<p>Keine Anmeldung oder pers\u00f6nliche Daten erforderlich. Alle Downloads sind verschl\u00fcsselt und sicher.<\/p>\n<\/div>\n<\/div>\n\n\n\n<h2 class=\"wp-block-heading has-text-align-center\">UnduhVideoIG-Funktionen<\/h2>\n\n\n\n<hr class=\"wp-block-separator has-alpha-channel-opacity has-fabled-sunset-gradient-background has-background is-style-wide\"\/>\n\n\n\n<p>Mit UnduhVideoIg k\u00f6nnen Sie alle Arten von Inhalten von Instagram herunterladen \u2013 einschlie\u00dflich videos, Reels, IGTV, Fotos und Karussell-Posts. Unsere App deckt ein breites Spektrum an IG video-Downloader-Diensten ab.<\/p>\n\n\n\n<div class=\"wp-block-columns is-layout-flex wp-container-core-columns-is-layout-28f84493 wp-block-columns-is-layout-flex\" style=\"box-shadow:var(--wp--preset--shadow--natural)\">\n<div class=\"wp-block-column is-layout-flow wp-block-column-is-layout-flow\" style=\"flex-basis:66.66%\">\n<h3 class=\"wp-block-heading\">Video-Downloader<\/h3>\n\n\n\n<p>UnduhVideoIg unterst\u00fctzt den Download von Instagram-Videos, egal ob es sich um einzelne Beitr\u00e4ge oder mehrere Videos aus einem Karussell handelt. Es wurde entwickelt, damit Sie Instagram-Videos ganz einfach direkt von Ihrem eigenen Profil oder Ihrer pers\u00f6nlichen Seite herunterladen k\u00f6nnen.<\/p>\n<\/div>\n\n\n\n<div class=\"wp-block-column is-layout-flow wp-block-column-is-layout-flow\" style=\"flex-basis:33.33%\">\n<figure class=\"wp-block-image size-full\"><img loading=\"lazy\" decoding=\"async\" width=\"600\" height=\"450\" src=\"https:\/\/unduhvideoig.app\/wp-content\/uploads\/2025\/07\/video_downloader.webp\" alt=\"Video-Downloader\" class=\"wp-image-470\" srcset=\"https:\/\/unduhvideoig.app\/wp-content\/uploads\/2025\/07\/video_downloader.webp 600w, https:\/\/unduhvideoig.app\/wp-content\/uploads\/2025\/07\/video_downloader-300x225.webp 300w\" sizes=\"auto, (max-width: 600px) 100vw, 600px\" \/><\/figure>\n<\/div>\n<\/div>\n\n\n\n<div class=\"wp-block-columns is-layout-flex wp-container-core-columns-is-layout-28f84493 wp-block-columns-is-layout-flex\" style=\"box-shadow:var(--wp--preset--shadow--natural)\">\n<div class=\"wp-block-column is-layout-flow wp-block-column-is-layout-flow\" style=\"flex-basis:33.33%\">\n<figure class=\"wp-block-image size-full\"><img loading=\"lazy\" decoding=\"async\" width=\"600\" height=\"450\" src=\"https:\/\/unduhvideoig.app\/wp-content\/uploads\/2025\/07\/photos_downloader.webp\" alt=\"Foto-Downloader\" class=\"wp-image-471\" srcset=\"https:\/\/unduhvideoig.app\/wp-content\/uploads\/2025\/07\/photos_downloader.webp 600w, https:\/\/unduhvideoig.app\/wp-content\/uploads\/2025\/07\/photos_downloader-300x225.webp 300w\" sizes=\"auto, (max-width: 600px) 100vw, 600px\" \/><\/figure>\n<\/div>\n\n\n\n<div class=\"wp-block-column is-layout-flow wp-block-column-is-layout-flow\" style=\"flex-basis:66.66%\">\n<h3 class=\"wp-block-heading\">Fotos-Downloader<\/h3>\n\n\n\n<p>Mit dem Instagram-Foto-Download von UnduhVideoIg.App k\u00f6nnen Sie ganz einfach Bilder aus Instagram-Posts speichern. Sie k\u00f6nnen sowohl einzelne Fotos als auch mehrere Bilder aus Karussell-Posts mit nur wenigen Klicks herunterladen.<\/p>\n<\/div>\n<\/div>\n\n\n\n<div class=\"wp-block-columns is-layout-flex wp-container-core-columns-is-layout-28f84493 wp-block-columns-is-layout-flex\" style=\"box-shadow:var(--wp--preset--shadow--natural)\">\n<div class=\"wp-block-column is-layout-flow wp-block-column-is-layout-flow\" style=\"flex-basis:66.66%\">\n<h3 class=\"wp-block-heading\">Reels Downloader<\/h3>\n\n\n\n<p>Reels ist das von TikTok inspirierte Kurzformat video von Instagram. Mit UnduhVideoIg k\u00f6nnen Sie Ihre bevorzugten Reels videos ganz einfach herunterladen und speichern, um sie jederzeit, auch offline, anzusehen.<\/p>\n<\/div>\n\n\n\n<div class=\"wp-block-column is-layout-flow wp-block-column-is-layout-flow\" style=\"flex-basis:33.33%\">\n<figure class=\"wp-block-image size-full\"><img loading=\"lazy\" decoding=\"async\" width=\"600\" height=\"450\" src=\"https:\/\/unduhvideoig.app\/wp-content\/uploads\/2025\/07\/reels_downloader.webp\" alt=\"Reels-Downloader\" class=\"wp-image-472\" srcset=\"https:\/\/unduhvideoig.app\/wp-content\/uploads\/2025\/07\/reels_downloader.webp 600w, https:\/\/unduhvideoig.app\/wp-content\/uploads\/2025\/07\/reels_downloader-300x225.webp 300w\" sizes=\"auto, (max-width: 600px) 100vw, 600px\" \/><\/figure>\n<\/div>\n<\/div>\n\n\n\n<div class=\"wp-block-columns is-layout-flex wp-container-core-columns-is-layout-28f84493 wp-block-columns-is-layout-flex\" style=\"box-shadow:var(--wp--preset--shadow--natural)\">\n<div class=\"wp-block-column is-layout-flow wp-block-column-is-layout-flow\" style=\"flex-basis:33.33%\">\n<figure class=\"wp-block-image size-full\"><img loading=\"lazy\" decoding=\"async\" width=\"600\" height=\"450\" src=\"https:\/\/unduhvideoig.app\/wp-content\/uploads\/2025\/07\/igtv_downloader.webp\" alt=\"Igtv-Downloader\" class=\"wp-image-474\" srcset=\"https:\/\/unduhvideoig.app\/wp-content\/uploads\/2025\/07\/igtv_downloader.webp 600w, https:\/\/unduhvideoig.app\/wp-content\/uploads\/2025\/07\/igtv_downloader-300x225.webp 300w\" sizes=\"auto, (max-width: 600px) 100vw, 600px\" \/><\/figure>\n<\/div>\n\n\n\n<div class=\"wp-block-column is-layout-flow wp-block-column-is-layout-flow\" style=\"flex-basis:66.66%\">\n<h3 class=\"wp-block-heading\">IGTV-Downloader<\/h3>\n\n\n\n<p>Laden Sie IGTV videos herunter \u2013 eine l\u00e4ngere Version von video in HD-Qualit\u00e4t \u2013 und schauen Sie sie jederzeit ohne Pufferung an. Wenn Sie keine Zeit haben, sie sofort anzusehen, k\u00f6nnen Sie IGTV videos auf Ihr Ger\u00e4t herunterladen und sp\u00e4ter ansehen.<\/p>\n<\/div>\n<\/div>\n\n\n\n<div class=\"wp-block-columns is-layout-flex wp-container-core-columns-is-layout-28f84493 wp-block-columns-is-layout-flex\" style=\"box-shadow:var(--wp--preset--shadow--natural)\">\n<div class=\"wp-block-column is-layout-flow wp-block-column-is-layout-flow\" style=\"flex-basis:66.66%\">\n<h3 class=\"wp-block-heading\">Karussell-\/Album-Downloader<\/h3>\n\n\n\n<p>Karussell-Posts \u2013 auch bekannt als Alben oder Galerien. Extrahieren und laden Sie alle Medien aus Karussell-Posts herunter \u2013 Fotos, videos oder gemischt. UnduhVideoIg macht es schnell und einfach.<\/p>\n<\/div>\n\n\n\n<div class=\"wp-block-column is-layout-flow wp-block-column-is-layout-flow\" style=\"flex-basis:33.33%\">\n<figure class=\"wp-block-image size-full\"><img loading=\"lazy\" decoding=\"async\" width=\"600\" height=\"450\" src=\"https:\/\/unduhvideoig.app\/wp-content\/uploads\/2025\/07\/carousel_downloader.webp\" alt=\"Karussell-Downloader\" class=\"wp-image-475\" srcset=\"https:\/\/unduhvideoig.app\/wp-content\/uploads\/2025\/07\/carousel_downloader.webp 600w, https:\/\/unduhvideoig.app\/wp-content\/uploads\/2025\/07\/carousel_downloader-300x225.webp 300w\" sizes=\"auto, (max-width: 600px) 100vw, 600px\" \/><\/figure>\n<\/div>\n<\/div>\n\n\n\n<div class=\"wp-block-columns is-layout-flex wp-container-core-columns-is-layout-28f84493 wp-block-columns-is-layout-flex\" style=\"box-shadow:var(--wp--preset--shadow--natural)\">\n<div class=\"wp-block-column is-layout-flow wp-block-column-is-layout-flow\" style=\"flex-basis:33.33%\">\n<figure class=\"wp-block-image size-full\"><img loading=\"lazy\" decoding=\"async\" width=\"600\" height=\"450\" src=\"https:\/\/unduhvideoig.app\/wp-content\/uploads\/2025\/07\/mobile_app.webp\" alt=\"Mobile App\" class=\"wp-image-477\" srcset=\"https:\/\/unduhvideoig.app\/wp-content\/uploads\/2025\/07\/mobile_app.webp 600w, https:\/\/unduhvideoig.app\/wp-content\/uploads\/2025\/07\/mobile_app-300x225.webp 300w\" sizes=\"auto, (max-width: 600px) 100vw, 600px\" \/><\/figure>\n<\/div>\n\n\n\n<div class=\"wp-block-column is-layout-flow wp-block-column-is-layout-flow\" style=\"flex-basis:66.66%\">\n<h3 class=\"wp-block-heading\">Download auf Mobilger\u00e4t oder Desktop \u2013 keine App erforderlich<\/h3>\n\n\n\n<p>Alles funktioniert direkt in deinem Browser \u2013 keine Downloads oder Erweiterungen erforderlich. Lade alle Fotos, videos, reelss und IGTVs mit nur einem Klick herunter \u2013 ohne Wasserzeichen in hoher Aufl\u00f6sung! Power-User sollten aber dranbleiben \u2013 wir arbeiten an einer Browser-Erweiterung f\u00fcr noch einfacheren Zugriff.<\/p>\n<\/div>\n<\/div>\n\n\n\n<h2 class=\"wp-block-heading has-text-align-center\">H\u00e4ufig gestellte Fragen (FAQ)<\/h2>\n\n\n\n<hr class=\"wp-block-separator has-alpha-channel-opacity has-fabled-sunset-gradient-background has-background is-style-wide\"\/>\n\n\n\n<p>Diese FAQ behandeln h\u00e4ufige Fragen und Bedenken zur Verwendung des UnduhVideoIg video-Downloaders. Sollten Sie die gesuchte Antwort nicht finden, k\u00f6nnen Sie uns gerne per E-Mail \u00fcber unsere Kontaktseite erreichen.<\/p>\n\n\n\n<h3 class=\"wp-block-heading\">Was ist Instagram Video Downloader?<\/h3>\n\n\n\n<p>Es ist ein kostenloses Online-Tool zum Herunterladen von Instagram-Videos, -Fotos, -IGTV und -Karussells \u2013 vollst\u00e4ndig und in HD. Der UnduhVideoIg Instagram-Downloader ist das beste Tool zum Herunterladen von Instagram.<\/p>\n\n\n\n<h3 class=\"wp-block-heading\">Ist die Nutzung kostenlos?<\/h3>\n\n\n\n<p>Ja, 100% kostenlos. Keine versteckten Geb\u00fchren, keine Anmeldung.<\/p>\n\n\n\n<h3 class=\"wp-block-heading\">Kann ich Fotos und videos von jedem Benutzer herunterladen?<\/h3>\n\n\n\n<p>Sie k\u00f6nnen nur von \u00f6ffentlichen Instagram-Konten herunterladen. Wir respektieren Datenschutz und Urheberrechte. Inhalte von privaten Instagram-Konten k\u00f6nnen nicht heruntergeladen werden.<\/p>\n\n\n\n<h3 class=\"wp-block-heading\">Welche Dateiformate werden bei UnduhVideoIg unterst\u00fctzt?<\/h3>\n\n\n\n<p>Durch das Herunterladen dieser Formate wird die Kompatibilit\u00e4t auf allen Ger\u00e4ten sichergestellt.<\/p>\n\n\n\n<ul class=\"wp-block-list\">\n<li>Bilder: <code>.jpg<\/code><\/li>\n\n\n\n<li>Videos: <code>.mp4<\/code><\/li>\n<\/ul>\n\n\n\n<h3 class=\"wp-block-heading\">Gibt es eine Begrenzung f\u00fcr die Anzahl der videos, die ich herunterladen kann?<\/h3>\n\n\n\n<p>Nein! Laden Sie jederzeit so viele herunter, wie Sie m\u00f6chten.<\/p>\n\n\n\n<h3 class=\"wp-block-heading\">Kann ich die heruntergeladenen videos gewerblich nutzen?<\/h3>\n\n\n\n<p>Nein. Downloads sind nur f\u00fcr den pers\u00f6nlichen Gebrauch bestimmt. Bitte respektieren Sie das Urheberrecht und die Eigentumsrechte an Inhalten.<\/p>\n\n\n\n<h3 class=\"wp-block-heading\">Auf welchen Ger\u00e4ten kann ich UnduhVideoIg.App verwenden?<\/h3>\n\n\n\n<p>UnduhVideoIG funktioniert reibungslos auf jedem Ger\u00e4t mit Webbrowser. Egal, ob Sie ein Mobiltelefon, Tablet, Laptop oder Desktop-PC verwenden, Sie k\u00f6nnen problemlos auf den Downloader zugreifen. Er ist vollst\u00e4ndig kompatibel mit Mac OS, Windows, iOS, Linux und allen g\u00e4ngigen Browsern wie Chrome, Firefox, Opera, Safari und Chromium \u2013 sowohl auf dem Desktop als auch auf dem Handy.<\/p>\n\n\n\n<h3 class=\"wp-block-heading\">Wie lade ich Instagram-Fotos und videos online herunter?<\/h3>\n\n\n\n<ol class=\"wp-block-list\">\n<li>Kopieren Sie die URL des Instagram-Fotos oder video, das Sie herunterladen m\u00f6chten<\/li>\n\n\n\n<li>Gehen Sie zu UnduhVideoIg.App, f\u00fcgen Sie den Link in das Eingabefeld ein und klicken Sie auf die Schaltfl\u00e4che \u201eHerunterladen\u201c<\/li>\n\n\n\n<li>In Sekundenschnelle werden Ihnen die verf\u00fcgbaren Formate angezeigt \u2013 w\u00e4hlen Sie einfach die gew\u00fcnschte Qualit\u00e4t aus und laden Sie es herunter!<\/li>\n<\/ol>\n\n\n\n<h3 class=\"wp-block-heading\">Ist der Download von Instagram Reels erlaubt?<\/h3>\n\n\n\n<p>Ja, Sie k\u00f6nnen Instagram Reels herunterladen \u2013 sofern sie aus \u00f6ffentlichen Beitr\u00e4gen stammen und ausschlie\u00dflich f\u00fcr private Zwecke verwendet werden. Mit unserem Tool k\u00f6nnen Sie Instagram Reels direkt auf Ihr Smartphone oder Ger\u00e4t herunterladen und offline ansehen. Beachten Sie jedoch, dass Instagram Reels-Videos nicht f\u00fcr kommerzielle Zwecke heruntergeladen oder ohne die Zustimmung des urspr\u00fcnglichen Erstellers erneut ver\u00f6ffentlicht werden d\u00fcrfen.<\/p>","protected":false},"excerpt":{"rendered":"<p>Instagram Downloader Download Instagram Videos, Photos, Reels, IGTV &#038; Carousel Download With the usage of our service, you\u2019re accepting our Terms of Usage. Welcome to UnduhVideoIg.App \u2014 your all-in-one tool to download Instagram videos, photos, reels, IGTV, and carousel posts in high quality. Whether you&#8217;re saving content for personal use or simply want to view [&hellip;]<\/p>\n","protected":false},"author":1,"featured_media":0,"parent":0,"menu_order":0,"comment_status":"closed","ping_status":"closed","template":"","meta":{"slim_seo":{"title":"Instagram Downloader \u2013 Laden Sie Instagram-Videos, Fotos, IGTV und Reels herunter","description":"Laden Sie IG videos kostenlos und ohne App herunter. Speichern Sie Ihre bevorzugten Instagram videos in HD-Qualit\u00e4t direkt online, schnell, einfach und ohne Wasserzeichen!"},"footnotes":""},"class_list":["post-6","page","type-page","status-publish","hentry"],"blocksy_meta":{"background":{"background_type":"color","background_pattern":"type-1","background_image":{"attachment_id":null,"x":0,"y":0},"gradient":"linear-gradient(135deg,rgba(6,147,227,1) 0%,rgb(155,81,224) 100%)","background_repeat":"repeat","background_size":"auto","background_attachment":"scroll","patternColor":{"default":{"color":"#e5e7ea"}},"overlayColor":{"default":{"color":"CT_CSS_SKIP_RULE"}},"backgroundColor":{"default":{"color":"CT_CSS_SKIP_RULE"}}},"styles_descriptor":{"styles":{"desktop":"[data-prefix=\"single_page\"] [class*=\"ct-container\"] > article[class*=\"post\"] {--has-boxed:var(--false);--has-wide:var(--true);}","tablet":"","mobile":""},"google_fonts":[],"version":6},"content_style_source":"custom","content_style":"wide","has_hero_section":"disabled"},"_links":{"self":[{"href":"https:\/\/unduhvideoig.app\/de\/wp-json\/wp\/v2\/pages\/6","targetHints":{"allow":["GET"]}}],"collection":[{"href":"https:\/\/unduhvideoig.app\/de\/wp-json\/wp\/v2\/pages"}],"about":[{"href":"https:\/\/unduhvideoig.app\/de\/wp-json\/wp\/v2\/types\/page"}],"author":[{"embeddable":true,"href":"https:\/\/unduhvideoig.app\/de\/wp-json\/wp\/v2\/users\/1"}],"replies":[{"embeddable":true,"href":"https:\/\/unduhvideoig.app\/de\/wp-json\/wp\/v2\/comments?post=6"}],"version-history":[{"count":87,"href":"https:\/\/unduhvideoig.app\/de\/wp-json\/wp\/v2\/pages\/6\/revisions"}],"predecessor-version":[{"id":650,"href":"https:\/\/unduhvideoig.app\/de\/wp-json\/wp\/v2\/pages\/6\/revisions\/650"}],"wp:attachment":[{"href":"https:\/\/unduhvideoig.app\/de\/wp-json\/wp\/v2\/media?parent=6"}],"curies":[{"name":"wp","href":"https:\/\/api.w.org\/{rel}","templated":true}]}}