{"id":393,"date":"2025-07-09T15:05:57","date_gmt":"2025-07-09T08:05:57","guid":{"rendered":"https:\/\/unduhvideoig.app\/?page_id=393"},"modified":"2025-08-26T17:12:23","modified_gmt":"2025-08-26T10:12:23","slug":"faq","status":"publish","type":"page","link":"https:\/\/unduhvideoig.app\/de\/faq\/","title":{"rendered":"FAQ \u2013 H\u00e4ufig gestellte Fragen"},"content":{"rendered":"<hr class=\"wp-block-separator has-alpha-channel-opacity has-fabled-sunset-gradient-background has-background is-style-wide\"\/>\n\n\n\n<p>Willkommen im FAQ-Bereich von UnduhVideoIG.App \u2013 Ihre Anlaufstelle f\u00fcr Antworten zum Herunterladen von Instagram-Fotos und videos, Reels, Stories, IGTV und Karussell-Posts. Nachfolgend finden Sie klare und detaillierte Antworten auf die h\u00e4ufigsten Fragen von Benutzern zur Verwendung unseres kostenlosen Instagram-Download-Tools.<\/p>\n\n\n\n<h3 class=\"wp-block-heading\">Was ist UnduhVideoIG.App und warum brauche ich es?<\/h3>\n\n\n\n<p>UnduhVideoIG.App ist ein kostenloses Online-Tool zum Herunterladen von Instagram-Inhalten \u2013 einschlie\u00dflich Fotos, videos, reels, Stories, IGTV und Karussell-Posts. Egal, ob Sie Erinnerungen speichern, Inhalte organisieren oder Ihre eigenen Posts sichern m\u00f6chten \u2013 unser Tool bietet Ihnen eine schnelle und zuverl\u00e4ssige M\u00f6glichkeit, videos und Bilder f\u00fcr die Offline-Nutzung herunterzuladen.<\/p>\n\n\n\n<h3 class=\"wp-block-heading\">Was sind die Hauptvorteile der Verwendung von UnduhVideoIG?<\/h3>\n\n\n\n<ul class=\"wp-block-list\">\n<li>Keine installation erforderlich \u2013 100% webbasiert, funktioniert in jedem Browser<\/li>\n\n\n\n<li>Laden Sie Fotos, reels, videos und Karussells von \u00f6ffentlichen Instagram-Konten herunter<\/li>\n\n\n\n<li>Schnell und leicht \u2013 f\u00fcgen Sie einfach den Link ein und klicken Sie auf \u201eHerunterladen\u201c.<\/li>\n\n\n\n<li>Bewahrt die Originalqualit\u00e4t \u2013 keine Komprimierung oder Wasserzeichen<\/li>\n\n\n\n<li>Unterst\u00fctzt alle Ger\u00e4te und Betriebssysteme<\/li>\n\n\n\n<li>Sicher und privat \u2013 wir verfolgen oder speichern keine Downloads<\/li>\n<\/ul>\n\n\n\n<h3 class=\"wp-block-heading\">Wo werden die heruntergeladenen Dateien gespeichert?<\/h3>\n\n\n\n<p>Heruntergeladene Dateien werden im Standard-Downloadordner Ihres Browsers gespeichert.<br>Sie k\u00f6nnen sie normalerweise folgenderma\u00dfen finden:<\/p>\n\n\n\n<ul class=\"wp-block-list\">\n<li>Dr\u00fccken Sie Strg + J (Windows) oder Befehl + J (Mac).<\/li>\n\n\n\n<li>\u00dcberpr\u00fcfen Sie den Downloadbereich Ihres Browsers<\/li>\n\n\n\n<li>Auf Mobilger\u00e4ten erscheinen Dateien normalerweise in den Downloads oder in der Galerie Ihres Telefons<\/li>\n<\/ul>\n\n\n\n<h3 class=\"wp-block-heading\">Welche Qualit\u00e4t haben die Inhalte, die ich herunterlade?<\/h3>\n\n\n\n<p>Alle mit UnduhVideoIG.App heruntergeladenen Medien behalten die gleiche Qualit\u00e4t wie der urspr\u00fcngliche Instagram-Upload. Egal, ob es sich um ein Foto oder ein video handelt, Sie erhalten es in der besten verf\u00fcgbaren Aufl\u00f6sung (z. B. JPG, MP4, AVI, MOV usw.).<\/p>\n\n\n\n<h3 class=\"wp-block-heading\">Kann ich private Instagram-Beitr\u00e4ge herunterladen?<\/h3>\n\n\n\n<p>Nein. Wir unterst\u00fctzen nur das Herunterladen \u00f6ffentlicher Instagram-Inhalte, um die Privatsph\u00e4re der Nutzer zu sch\u00fctzen. Private Beitr\u00e4ge k\u00f6nnen \u00fcber unser Tool weder abgerufen noch heruntergeladen werden.<\/p>\n\n\n\n<blockquote class=\"wp-block-quote is-layout-flow wp-block-quote-is-layout-flow\">\n<p>Wenn Sie Inhalte von jemand anderem herunterladen, verwenden Sie diese bitte nur f\u00fcr den pers\u00f6nlichen Gebrauch und geben Sie den urspr\u00fcnglichen Ersteller an, wenn Sie die Inhalte weitergeben m\u00f6chten.<\/p>\n<\/blockquote>\n\n\n\n<h3 class=\"wp-block-heading\">Welche Betriebssysteme und Browser werden unterst\u00fctzt?<\/h3>\n\n\n\n<p>Unser Downloader funktioniert auf allen modernen Ger\u00e4ten und Browsern, einschlie\u00dflich:<\/p>\n\n\n\n<ul class=\"wp-block-list\">\n<li>Betriebssysteme: iOS, Android, Windows, macOS, Linux<\/li>\n\n\n\n<li>Browser: Chrome, Safari, Firefox, Edge, Opera<\/li>\n<\/ul>\n\n\n\n<p>Sie ben\u00f6tigen lediglich einen Browser und eine Internetverbindung \u2013 keine App oder Erweiterung erforderlich.<\/p>\n\n\n\n<h3 class=\"wp-block-heading\">Kann ich mehrere videos gleichzeitig herunterladen?<\/h3>\n\n\n\n<p>Derzeit erm\u00f6glicht unser Tool das Herunterladen jeweils eines video.<br>Um Zeit zu sparen, empfehlen wir:<\/p>\n\n\n\n<ul class=\"wp-block-list\">\n<li>Eine Liste mit Instagram-Links in einem Dokument aufbewahren<\/li>\n\n\n\n<li>Einf\u00fcgen nacheinander zum manuellen Speichern im Stapel<\/li>\n<\/ul>\n\n\n\n<p>Auf diese Weise verpassen Sie keine Inhalte, die Sie herunterladen m\u00f6chten.<\/p>\n\n\n\n<h3 class=\"wp-block-heading\">Welche Ger\u00e4tetypen kann ich verwenden?<\/h3>\n\n\n\n<p>Sie k\u00f6nnen jedes Ger\u00e4t mit einem Webbrowser verwenden, darunter:<\/p>\n\n\n\n<ul class=\"wp-block-list\">\n<li>Desktop oder Laptop (Windows, Mac)<\/li>\n\n\n\n<li>Smartphones (iPhone, Android)<\/li>\n\n\n\n<li>Tablets (iPad, Android-Tablets)<\/li>\n<\/ul>\n\n\n\n<p>UnduhVideoIG ist vollst\u00e4ndig mobil-responsiv und erfordert keine Registrierung oder Anmeldung.<\/p>\n\n\n\n<h3 class=\"wp-block-heading\">Bleibt die Qualit\u00e4t des video gleich?<\/h3>\n\n\n\n<p>Ja! Jedes video, das Sie mit unserem Tool herunterladen, wird im selben Format und in derselben Aufl\u00f6sung gespeichert, in der es auf Instagram hochgeladen wurde. Wir ver\u00e4ndern oder komprimieren den Inhalt nicht. Ihre Downloads behalten ihre urspr\u00fcngliche Qualit\u00e4t \u2013 egal ob 720p, 1080p oder andere HD-Formate.<\/p>\n\n\n\n<h3 class=\"wp-block-heading\">Hinweis f\u00fcr Urheberrechtsinhaber<\/h3>\n\n\n\n<p>Wir hosten oder speichern keine Instagram-Inhalte auf unseren Servern. Alle Downloads werden direkt von \u00f6ffentlichen Instagram-Servern verarbeitet. Sollten Sie der Meinung sein, dass Ihre Inhalte unsachgem\u00e4\u00df verwendet oder heruntergeladen wurden, wenden Sie sich bitte direkt an Instagram unter instagram.com.<\/p>\n\n\n\n<h3 class=\"wp-block-heading\">Tipp f\u00fcr ein besseres Erlebnis<\/h3>\n\n\n\n<p>Setzen Sie ein Lesezeichen f\u00fcr UnduhVideoIG.App, um schnell darauf zugreifen zu k\u00f6nnen, wann immer Sie von Instagram herunterladen m\u00f6chten. Dies ist die bequemste M\u00f6glichkeit, IG-Inhalte ohne Unordnung, Anmeldungen oder Einschr\u00e4nkungen zu speichern.<\/p>","protected":false},"excerpt":{"rendered":"<p>Welcome to the FAQ section of UnduhVideoIG.App \u2014 your go-to place for answers about download Instagram photos and videos, Reels, Stories, IGTV, and carousel posts. Below you&#8217;ll find clear, detailed answers to the most common questions users ask about using our free Instagram downloader tool. What is UnduhVideoIG.App and why would I need it? UnduhVideoIG.App [&hellip;]<\/p>\n","protected":false},"author":1,"featured_media":0,"parent":0,"menu_order":0,"comment_status":"closed","ping_status":"closed","template":"","meta":{"slim_seo":{"title":"FAQ \u2013 H\u00e4ufig gestellte Fragen - UnduhVideoIg.App","description":"Finden Sie Antworten auf Ihre Fragen zu UnduhVideoIG. Erfahren Sie, wie Sie Instagram videos, Fotos, Reels, Stories und IGTV einfach, schnell und kostenlos herunterladen!"},"footnotes":""},"class_list":["post-393","page","type-page","status-publish","hentry"],"blocksy_meta":[],"_links":{"self":[{"href":"https:\/\/unduhvideoig.app\/de\/wp-json\/wp\/v2\/pages\/393","targetHints":{"allow":["GET"]}}],"collection":[{"href":"https:\/\/unduhvideoig.app\/de\/wp-json\/wp\/v2\/pages"}],"about":[{"href":"https:\/\/unduhvideoig.app\/de\/wp-json\/wp\/v2\/types\/page"}],"author":[{"embeddable":true,"href":"https:\/\/unduhvideoig.app\/de\/wp-json\/wp\/v2\/users\/1"}],"replies":[{"embeddable":true,"href":"https:\/\/unduhvideoig.app\/de\/wp-json\/wp\/v2\/comments?post=393"}],"version-history":[{"count":10,"href":"https:\/\/unduhvideoig.app\/de\/wp-json\/wp\/v2\/pages\/393\/revisions"}],"predecessor-version":[{"id":646,"href":"https:\/\/unduhvideoig.app\/de\/wp-json\/wp\/v2\/pages\/393\/revisions\/646"}],"wp:attachment":[{"href":"https:\/\/unduhvideoig.app\/de\/wp-json\/wp\/v2\/media?parent=393"}],"curies":[{"name":"wp","href":"https:\/\/api.w.org\/{rel}","templated":true}]}}